{"id":8532,"date":"2023-08-07T13:23:51","date_gmt":"2023-08-07T13:23:51","guid":{"rendered":"https:\/\/fipmed.co\/?post_type=product&#038;p=8532"},"modified":"2024-05-18T06:12:32","modified_gmt":"2024-05-18T06:12:32","slug":"50x-tiras-fipmed-comprimidos-40mg-x-10-dias-for-cats-weighing-4kg","status":"publish","type":"product","link":"https:\/\/fipmed.co\/es\/producto\/50x-tiras-fipmed-comprimidos-40mg-x-10-dias-for-cats-weighing-4kg\/","title":{"rendered":"USO VET: 50x tiras FipMed Comprimidos x 10 d\u00edas (para gatos de 4 kg)"},"content":{"rendered":"<p class=\"p1\"><span class=\"s1\">FipMed GS-441524 comprimidos es un tratamiento eficaz de la peritonitis infecciosa felina (PIF).<\/span><\/p>\n<p class=\"p1\"><span class=\"s1\">Cada comprimido de FipMed para gatos de 4 kg contiene 60 mg de GS-441524. Est\u00e1 formulado para gatos que no pesen m\u00e1s de 4 kg.<\/span><\/p>\n<p class=\"p1\"><span class=\"s1\">GS-441524 es metab\u00f3licamente estable. Sin embargo, la cantidad absorbida no se metabolizar\u00e1 completamente tras la digesti\u00f3n. La cantidad metabolizada estimada es suficiente tanto para la PIF h\u00fameda como para la seca. Por favor, duplica la dosis para la PIF Ocular y la PIF Neurol\u00f3gica. Toma dos comprimidos en lugar de uno.<\/span><\/p>\n<p class=\"p1\"><span class=\"s1\">Cada tira contiene 10 comprimidos orales (10 d\u00edas de tratamiento)<\/span><\/p>\n<p>Cantidad: 50x Tiras<\/p>\n","protected":false},"excerpt":{"rendered":"<p class=\"p1\"><span class=\"s1\">FipMed GS-441524 comprimidos es un tratamiento eficaz de la peritonitis infecciosa felina (PIF).<\/span><\/p>\n<p class=\"p1\"><span class=\"s1\">Cada comprimido de FipMed para gatos de 4 kg contiene 60 mg de GS-441524. Est\u00e1 formulado para gatos que no pesen m\u00e1s de 4 kg.<\/span><\/p>\n<p class=\"p1\"><span class=\"s1\">GS-441524 es metab\u00f3licamente estable. Sin embargo, la cantidad absorbida no se metabolizar\u00e1 completamente tras la digesti\u00f3n. La cantidad metabolizada estimada es suficiente tanto para la PIF h\u00fameda como para la seca. Por favor, duplica la dosis para la PIF Ocular y la PIF Neurol\u00f3gica. Toma dos comprimidos en lugar de uno.<\/span><\/p>\n<p class=\"p1\"><span class=\"s1\">Cada tira contiene 10 comprimidos orales (10 d\u00edas de tratamiento)<\/span><\/p>\n<p>Cantidad: 50x Tiras<\/p>\n","protected":false},"featured_media":20141,"template":"","meta":{"_glsr_average":0,"_glsr_ranking":0,"_glsr_reviews":0},"product_cat":[689],"product_tag":[],"_links":{"self":[{"href":"https:\/\/fipmed.co\/es\/wp-json\/wp\/v2\/product\/8532"}],"collection":[{"href":"https:\/\/fipmed.co\/es\/wp-json\/wp\/v2\/product"}],"about":[{"href":"https:\/\/fipmed.co\/es\/wp-json\/wp\/v2\/types\/product"}],"wp:featuredmedia":[{"embeddable":true,"href":"https:\/\/fipmed.co\/es\/wp-json\/wp\/v2\/media\/20141"}],"wp:attachment":[{"href":"https:\/\/fipmed.co\/es\/wp-json\/wp\/v2\/media?parent=8532"}],"wp:term":[{"taxonomy":"product_cat","embeddable":true,"href":"https:\/\/fipmed.co\/es\/wp-json\/wp\/v2\/product_cat?post=8532"},{"taxonomy":"product_tag","embeddable":true,"href":"https:\/\/fipmed.co\/es\/wp-json\/wp\/v2\/product_tag?post=8532"}],"curies":[{"name":"wp","href":"https:\/\/api.w.org\/{rel}","templated":true}]}}