{"id":8546,"date":"2023-08-07T13:29:19","date_gmt":"2023-08-07T13:29:19","guid":{"rendered":"https:\/\/fipmed.co\/?post_type=product&#038;p=8546"},"modified":"2024-05-21T10:53:43","modified_gmt":"2024-05-21T10:53:43","slug":"100x-fipmed-inyeccion-7ml-frasco-20mg-ml","status":"publish","type":"product","link":"https:\/\/fipmed.co\/es\/producto\/100x-fipmed-inyeccion-7ml-frasco-20mg-ml\/","title":{"rendered":"USO VET: 100x Fipmed Inyecci\u00f3n 7ml Frasco 20mg\/ml"},"content":{"rendered":"<p class=\"p1\"><span class=\"s1\">FipMed GS-441524 Inyecci\u00f3n es un tratamiento eficaz para la peritonitis infecciosa felina (PIF). <\/span><span class=\"s1\">Cada FipMed Inyecci\u00f3n Frasco 20mg\/ml contiene 7ml.<\/span><\/p>\n<p class=\"p1\"><span class=\"s1\"><strong>Concentraci\u00f3n:<span class=\"Apple-converted-space\"> <\/span><\/strong>20mg\/ml<\/span><\/p>\n<p class=\"p1\"><span class=\"s1\"><strong>Volumen:<\/strong><span class=\"Apple-converted-space\"> <\/span>7ml por vial<\/span><\/p>\n<p class=\"p1\"><span class=\"s1\"><strong>Cantidad:<\/strong><span class=\"Apple-converted-space\"><strong> <\/strong> 100<\/span> viales<\/span><\/p>\n<p>&nbsp;<\/p>\n<p class=\"p1\"><strong><span class=\"s1\">Dosis recomendada:<\/span><\/strong><\/p>\n<p class=\"p1\"><span class=\"s1\">FIP h\u00famedo 6mg\/kg de peso corporal del gato<\/span><\/p>\n<p class=\"p1\"><span class=\"s1\">FIP seco 6mg\/kg de peso corporal del gato<\/span><\/p>\n<p class=\"p1\"><span class=\"s1\">PIF ocular 8 mg\/kg de peso corporal del gato<\/span><\/p>\n<p class=\"p1\"><span class=\"s1\">Neurol\u00f3gico 10 mg\/kg de peso corporal del gato<\/span><\/p>\n<p>&nbsp;<\/p>\n<p class=\"p1\"><span class=\"s1\"><strong>M\u00e9todo de tratamiento:<\/strong> <\/span><\/p>\n<p class=\"p1\"><span class=\"s1\">1 inyecci\u00f3n al d\u00eda, 7 d\u00edas a la semana.<\/span><\/p>\n<p class=\"p1\"><span class=\"s1\">Duraci\u00f3n del tratamiento: m\u00ednimo 4 semanas (recomendado), despu\u00e9s pastillas o continuar con la inyecci\u00f3n hasta las 12 semanas.<\/span><\/p>\n","protected":false},"excerpt":{"rendered":"<p class=\"p1\"><span class=\"s1\">FipMed GS-441524 Inyecci\u00f3n es un tratamiento eficaz para la peritonitis infecciosa felina (PIF). <\/span><span class=\"s1\">Cada FipMed Inyecci\u00f3n Frasco 20mg\/ml contiene 7ml.<\/span><\/p>\n<p class=\"p1\"><span class=\"s1\"><strong>Concentraci\u00f3n:<span class=\"Apple-converted-space\"> <\/span><\/strong>20mg\/ml<\/span><\/p>\n<p class=\"p1\"><span class=\"s1\"><strong>Volumen:<\/strong><span class=\"Apple-converted-space\"> <\/span>7ml por vial<\/span><\/p>\n<p class=\"p1\"><span class=\"s1\"><strong>Cantidad:<\/strong><span class=\"Apple-converted-space\"><strong> <\/strong> 100<\/span> viales<\/span><\/p>\n<p>&nbsp;<\/p>\n<p class=\"p1\"><strong><span class=\"s1\">Dosis recomendada:<\/span><\/strong><\/p>\n<p class=\"p1\"><span class=\"s1\">FIP h\u00famedo 6mg\/kg de peso corporal del gato<\/span><\/p>\n<p class=\"p1\"><span class=\"s1\">FIP seco 6mg\/kg de peso corporal del gato<\/span><\/p>\n<p class=\"p1\"><span class=\"s1\">PIF ocular 8 mg\/kg de peso corporal del gato<\/span><\/p>\n<p class=\"p1\"><span class=\"s1\">Neurol\u00f3gico 10 mg\/kg de peso corporal del gato<\/span><\/p>\n<p>&nbsp;<\/p>\n<p class=\"p1\"><span class=\"s1\"><strong>M\u00e9todo de tratamiento:<\/strong> <\/span><\/p>\n<p class=\"p1\"><span class=\"s1\">1 inyecci\u00f3n al d\u00eda, 7 d\u00edas a la semana.<\/span><\/p>\n<p class=\"p1\"><span class=\"s1\">Duraci\u00f3n del tratamiento: m\u00ednimo 4 semanas (recomendado), despu\u00e9s pastillas o continuar con la inyecci\u00f3n hasta las 12 semanas.<\/span><\/p>\n","protected":false},"featured_media":22881,"template":"","meta":{"_glsr_average":0,"_glsr_ranking":0,"_glsr_reviews":0},"product_cat":[689],"product_tag":[],"_links":{"self":[{"href":"https:\/\/fipmed.co\/es\/wp-json\/wp\/v2\/product\/8546"}],"collection":[{"href":"https:\/\/fipmed.co\/es\/wp-json\/wp\/v2\/product"}],"about":[{"href":"https:\/\/fipmed.co\/es\/wp-json\/wp\/v2\/types\/product"}],"wp:featuredmedia":[{"embeddable":true,"href":"https:\/\/fipmed.co\/es\/wp-json\/wp\/v2\/media\/22881"}],"wp:attachment":[{"href":"https:\/\/fipmed.co\/es\/wp-json\/wp\/v2\/media?parent=8546"}],"wp:term":[{"taxonomy":"product_cat","embeddable":true,"href":"https:\/\/fipmed.co\/es\/wp-json\/wp\/v2\/product_cat?post=8546"},{"taxonomy":"product_tag","embeddable":true,"href":"https:\/\/fipmed.co\/es\/wp-json\/wp\/v2\/product_tag?post=8546"}],"curies":[{"name":"wp","href":"https:\/\/api.w.org\/{rel}","templated":true}]}}