{"id":21636,"date":"2022-11-25T15:16:30","date_gmt":"2022-11-25T15:16:30","guid":{"rendered":"https:\/\/fipmed.co\/fip-n-palautuskaytanto\/"},"modified":"2024-07-17T04:48:49","modified_gmt":"2024-07-17T04:48:49","slug":"fip-n-palautuskaytanto","status":"publish","type":"page","link":"https:\/\/fipmed.co\/fi\/fip-n-palautuskaytanto\/","title":{"rendered":"FIP:n palautusk\u00e4yt\u00e4nt\u00f6"},"content":{"rendered":"\t\t<div data-elementor-type=\"wp-page\" data-elementor-id=\"21636\" class=\"elementor elementor-21636 elementor-34\">\n\t\t\t\t\t\t<section class=\"elementor-section elementor-top-section elementor-element elementor-element-c3897a7 elementor-section-boxed elementor-section-height-default elementor-section-height-default\" data-id=\"c3897a7\" data-element_type=\"section\">\n\t\t\t\t\t\t<div class=\"elementor-container elementor-column-gap-default\">\n\t\t\t\t\t<div class=\"elementor-column elementor-col-100 elementor-top-column elementor-element elementor-element-32e3bf0\" data-id=\"32e3bf0\" data-element_type=\"column\">\n\t\t\t<div class=\"elementor-widget-wrap elementor-element-populated\">\n\t\t\t\t\t\t<div class=\"elementor-element elementor-element-c7b81b6 elementor-widget elementor-widget-text-editor\" data-id=\"c7b81b6\" data-element_type=\"widget\" data-widget_type=\"text-editor.default\">\n\t\t\t\t<div class=\"elementor-widget-container\">\n\t\t\t\t\t\t\t\t\t<p><span style=\"font-kerning: none;\">T\u00e4m\u00e4 on FIP-palautusk\u00e4yt\u00e4nt\u00f6mme. Olemme vakuuttuneita GS-441524-hoitomme tehokkuudesta. Jos GS-441524-hoitomme ei pysty pelastamaan kissaasi FIP:lt\u00e4, palautamme 50 % kaikista k\u00e4ytt\u00e4m\u00e4tt\u00f6mist\u00e4 injektiopulloista sek\u00e4 avaamattomista tablettiliuskoista. Emme voi myyd\u00e4 tuotteita eteenp\u00e4in, vaan ne lahjoitetaan kissojen turvakoteihin.  <\/span><\/p>\n<p><span style=\"font-kerning: none;\">Huomaa, ett\u00e4 t\u00e4m\u00e4 hyvitys koskee vain omistajia, joiden kissa on kuollut eik\u00e4 sit\u00e4 ole pelastettu, vaikka sit\u00e4 on hoidettu asianmukaisesti Fipmedin tuotteilla v\u00e4hint\u00e4\u00e4n 14 p\u00e4iv\u00e4n ajan.  <\/span><\/p>\n<p><span style=\"font-kerning: none;\">Ostetun tuotteen on oltava k\u00e4ytt\u00e4m\u00e4t\u00f6n ja samassa kunnossa kuin se on vastaanotettu. Sen on my\u00f6s oltava alkuper\u00e4isess\u00e4 pakkauksessaan.<\/span><\/p>\n<p><span style=\"font-kerning: none;\">T\u00e4m\u00e4 takuu koskee injektiopulloja tai pillereit\u00e4, jotka on ostettu 21 p\u00e4iv\u00e4n kuluessa reklamaation tekemisest\u00e4. Veloitamme 80 Yhdysvaltain dollarin suuruisen maksun, jolla katetaan toimituskulut, toimitustarvikkeet, ty\u00f6voimakustannukset ja maksutapahtumakulut, kuten maksuporttimaksut.<\/span><\/p>\n<p><span style=\"font-kerning: none;\">Avaamattomat pullot on s\u00e4ilytett\u00e4v\u00e4 3-8 \u00b0C:ssa tai kapselit huoneenl\u00e4mm\u00f6ss\u00e4 suoralta auringonvalolta suojattuna, kunnes ne palautetaan meille.<\/span><\/p>\n<p><span style=\"color: var( --e-global-color-text ); font-weight: var( --e-global-typography-text-font-weight );\">V\u00e4\u00e4rink\u00e4yt\u00f6sten est\u00e4miseksi tarvitsemme korvaushakemuksen k\u00e4sittely\u00e4 varten (v\u00e4hint\u00e4\u00e4n) seuraavat asiakirjat:<\/span><\/p>\n<ol>\n<li>Liit\u00e4 mukaan lemmikkisi FIP-diagnoosiraportti ja verikokeet FIP:n vahvistamiseksi.<\/li>\n<\/ol>\n<ol start=\"2\">\n<li>Lemmikki\u00e4si hoitaneen el\u00e4inl\u00e4\u00e4k\u00e4rin laatimat sairauskertomustiedot sek\u00e4 l\u00e4\u00e4k\u00e4rintodistus siit\u00e4, ett\u00e4 kissasi on kuollut FIP:hen.<\/li>\n<\/ol>\n<ol start=\"3\">\n<li>Saman el\u00e4inl\u00e4\u00e4k\u00e4rin p\u00e4iv\u00e4tty kuitti.<\/li>\n<\/ol>\n<ol start=\"4\">\n<li>T\u00e4ytetty palautuslomake (ladattavissa <a href=\"http:\/\/fipmed.co\/wp-content\/uploads\/2023\/11\/FIPMed_Returns-Form.pdf\">t\u00e4\u00e4lt\u00e4<\/a>)<\/li>\n<li>Pankkitiedot &#8211; maksu voidaan suorittaa vain sinulle tai hoitavalle el\u00e4inl\u00e4\u00e4k\u00e4rille.<\/li>\n<\/ol>\n<p>Edell\u00e4 mainittujen asiakirjojen toimittaminen hakemuksesi tueksi auttaa meit\u00e4 k\u00e4sittelem\u00e4\u00e4n ja my\u00f6nt\u00e4m\u00e4\u00e4n palautuksesi viipym\u00e4tt\u00e4. Saatamme ottaa yhteytt\u00e4 el\u00e4inl\u00e4\u00e4k\u00e4risi tai sinuun, jos tarvitsemme lis\u00e4tietoja korvausvaatimuksesi tueksi.<\/p>\n<p><span style=\"font-kerning: none;\">  Jos n\u00e4in ei tehd\u00e4, korvausvaatimusta ei makseta, ellei kyseess\u00e4 ole poikkeuksellinen tilanne.<\/span><\/p>\n<p><span style=\"font-kerning: none;\"><b>HUOM:<\/b><\/span><\/p>\n<p><span style=\"font-kerning: none;\">&#8211; T\u00e4m\u00e4 takuu ei koske mink\u00e4\u00e4n lahjoitusohjelman kautta tehtyj\u00e4 ostoksia.<\/span><\/p>\n<p><span style=\"color: var( --e-global-color-text ); font-weight: var( --e-global-typography-text-font-weight );\">&#8211; Asiakkaat ovat vastuussa palautusl\u00e4hetysten kustannuksista sek\u00e4 alkuper\u00e4isist\u00e4 l\u00e4hetyskuluista.<\/span><\/p>\n<p><span style=\"font-kerning: none;\">&#8211; Tarkistamme tuotteesi vastaanotettuamme sen ja ilmoitamme sinulle, ett\u00e4 olemme vastaanottaneet palautetun tuotteen. Kun olemme tarkistaneet tuotteen, ilmoitamme sinulle nopeasti palautuksen tilasta.<\/span><\/p>\n<p>&#8211; Odota enint\u00e4\u00e4n 14 arkip\u00e4iv\u00e4\u00e4 siit\u00e4, kun olemme vastaanottaneet tuotteet varastossamme, jotta tilisi palautetaan.<\/p>\n<p>&#8211; L\u00e4het\u00e4mme sinulle s\u00e4hk\u00f6postia, kun olemme saaneet palautusprosessin p\u00e4\u00e4t\u00f6kseen.<\/p>\n<p><span style=\"font-kerning: none;\">&#8211; Jos palautus hyv\u00e4ksyt\u00e4\u00e4n, aloitamme palautuksen luottokortillesi tai pankkitilillesi.  <\/span><\/p>\n<p><span style=\"font-kerning: none;\">&#8211; Kortin my\u00f6nt\u00e4j\u00e4n rajoituksista riippuen saat hyvityksen tietyn ajan kuluessa.<\/span><\/p>\n<p><span style=\"font-kerning: none;\">&#8211; Maksat toimituskulut, kun palautat tuotteen meille. Toimituskuluja ei palauteta.<\/span><\/p>\n<p>&#8211; Emme voi hyv\u00e4ksy\u00e4 tai taata, ett\u00e4 korvausvaatimuksesi maksetaan, ennen kuin saamme t\u00e4ysin t\u00e4ytetyn korvausvaatimuslomakkeen ja olemme arvioineet sen.<\/p>\n<p>&#8211; Tuotteita, jotka eiv\u00e4t t\u00e4yt\u00e4 palautusohjeitamme tai jotka palautetaan ilman palautuslomaketta, ei palauteta.<\/p>\n<p><span style=\"font-kerning: none;\">Ota meihin yhteytt\u00e4, jos sinulla on kysytt\u00e4v\u00e4\u00e4 siit\u00e4, miten voit palauttaa ostoksesi meille.<\/span><\/p>\n\t\t\t\t\t\t\t\t<\/div>\n\t\t\t\t<\/div>\n\t\t\t\t\t<\/div>\n\t\t<\/div>\n\t\t\t\t\t<\/div>\n\t\t<\/section>\n\t\t\t\t<\/div>\n\t\t","protected":false},"excerpt":{"rendered":"<p>T\u00e4m\u00e4 on FIP-palautusk\u00e4yt\u00e4nt\u00f6mme. Olemme vakuuttuneita GS-441524-hoitomme tehokkuudesta. Jos GS-441524-hoitomme ei pysty pelastamaan kissaasi FIP:lt\u00e4, palautamme 50 % kaikista k\u00e4ytt\u00e4m\u00e4tt\u00f6mist\u00e4 injektiopulloista sek\u00e4 avaamattomista tablettiliuskoista. Emme voi myyd\u00e4 tuotteita eteenp\u00e4in, vaan ne lahjoitetaan kissojen turvakoteihin. Huomaa, ett\u00e4 t\u00e4m\u00e4 hyvitys koskee vain omistajia, joiden kissa on kuollut eik\u00e4 sit\u00e4 ole pelastettu, vaikka sit\u00e4 on hoidettu asianmukaisesti Fipmedin tuotteilla [&hellip;]<\/p>\n","protected":false},"author":1,"featured_media":0,"parent":0,"menu_order":0,"comment_status":"closed","ping_status":"closed","template":"","meta":{"_glsr_average":0,"_glsr_ranking":0,"_glsr_reviews":0,"footnotes":""},"categories":[],"tags":[],"_links":{"self":[{"href":"https:\/\/fipmed.co\/fi\/wp-json\/wp\/v2\/pages\/21636"}],"collection":[{"href":"https:\/\/fipmed.co\/fi\/wp-json\/wp\/v2\/pages"}],"about":[{"href":"https:\/\/fipmed.co\/fi\/wp-json\/wp\/v2\/types\/page"}],"author":[{"embeddable":true,"href":"https:\/\/fipmed.co\/fi\/wp-json\/wp\/v2\/users\/1"}],"replies":[{"embeddable":true,"href":"https:\/\/fipmed.co\/fi\/wp-json\/wp\/v2\/comments?post=21636"}],"version-history":[{"count":2,"href":"https:\/\/fipmed.co\/fi\/wp-json\/wp\/v2\/pages\/21636\/revisions"}],"predecessor-version":[{"id":21638,"href":"https:\/\/fipmed.co\/fi\/wp-json\/wp\/v2\/pages\/21636\/revisions\/21638"}],"wp:attachment":[{"href":"https:\/\/fipmed.co\/fi\/wp-json\/wp\/v2\/media?parent=21636"}],"wp:term":[{"taxonomy":"category","embeddable":true,"href":"https:\/\/fipmed.co\/fi\/wp-json\/wp\/v2\/categories?post=21636"},{"taxonomy":"post_tag","embeddable":true,"href":"https:\/\/fipmed.co\/fi\/wp-json\/wp\/v2\/tags?post=21636"}],"curies":[{"name":"wp","href":"https:\/\/api.w.org\/{rel}","templated":true}]}}