{"id":21654,"date":"2023-11-20T03:02:35","date_gmt":"2023-11-20T03:02:35","guid":{"rendered":"https:\/\/fipmed.co\/fipmedin-peruutusehdot\/"},"modified":"2024-07-17T04:53:06","modified_gmt":"2024-07-17T04:53:06","slug":"fipmedin-peruutusehdot","status":"publish","type":"page","link":"https:\/\/fipmed.co\/fi\/fipmedin-peruutusehdot\/","title":{"rendered":"FIPMedin peruutusehdot"},"content":{"rendered":"\t\t<div data-elementor-type=\"wp-page\" data-elementor-id=\"21654\" class=\"elementor elementor-21654 elementor-14413\">\n\t\t\t\t\t\t<section class=\"elementor-section elementor-top-section elementor-element elementor-element-c3897a7 elementor-section-boxed elementor-section-height-default elementor-section-height-default\" data-id=\"c3897a7\" data-element_type=\"section\">\n\t\t\t\t\t\t<div class=\"elementor-container elementor-column-gap-default\">\n\t\t\t\t\t<div class=\"elementor-column elementor-col-100 elementor-top-column elementor-element elementor-element-32e3bf0\" data-id=\"32e3bf0\" data-element_type=\"column\">\n\t\t\t<div class=\"elementor-widget-wrap elementor-element-populated\">\n\t\t\t\t\t\t<div class=\"elementor-element elementor-element-c7b81b6 elementor-widget elementor-widget-text-editor\" data-id=\"c7b81b6\" data-element_type=\"widget\" data-widget_type=\"text-editor.default\">\n\t\t\t\t<div class=\"elementor-widget-container\">\n\t\t\t\t\t\t\t\t\t<p>Tiimimme tekee kaikkensa varmistaakseen, ett\u00e4 tilauksesi toimitetaan mahdollisimman nopeasti. T\u00e4m\u00e4 johtuu siit\u00e4, ett\u00e4 kaikki tuotteemme ovat aikarajoitteisia, ja pyrimme siihen, ett\u00e4 kaikki asiakkaamme saavat toimituksen mahdollisimman pian.<\/p>\n<p>Siksi kaikki tilauksen peruuttaminen tilauksen j\u00e4lkeen h\u00e4iritsee prosessia vakavasti.<\/p>\n<p>Ymm\u00e4rr\u00e4mme kuitenkin, ett\u00e4 olosuhteet saattavat vaatia sinua peruuttamaan tilauksesi pian sen tekemisen j\u00e4lkeen. Kattaaksemme peruutusten k\u00e4sittelyyn liittyv\u00e4t hallinnolliset kustannukset olemme ottaneet k\u00e4ytt\u00f6\u00f6n seuraavan peruutusmaksuk\u00e4yt\u00e4nn\u00f6n. Tutustu huolellisesti alla oleviin tietoihin:<\/p>\n<p><b>1. <\/b>Asiakkaat voivat pyyt\u00e4\u00e4 peruutusta enint\u00e4\u00e4n 3 tunnin kuluessa tilauksen tekemisest\u00e4. T\u00e4m\u00e4n ajanjakson j\u00e4lkeen vastaanotetut peruutuspyynn\u00f6t eiv\u00e4t ole oikeutettuja mink\u00e4\u00e4nlaiseen tilauksen peruutusprosessiin, vaan niihin sovelletaan sen sijaan palautusk\u00e4yt\u00e4nt\u00f6\u00e4mme.<\/p>\n<p><b>2. <\/b>Jos peruutus tehd\u00e4\u00e4n m\u00e4\u00e4ritellyn 3 tunnin aikaj\u00e4nteen sis\u00e4ll\u00e4, perit\u00e4\u00e4n 50 Yhdysvaltain dollarin peruutusmaksu, jolla katetaan peruutuksen k\u00e4sittelyyn liittyv\u00e4t k\u00e4sittely- ja hallintokulut. T\u00e4m\u00e4 maksu v\u00e4hennet\u00e4\u00e4n peruutuksen kokonaispalautuksesta.<\/p>\n<p>3. Toimitusmaksuja ja digitaalisia tuotteita ei palauteta, ja ne v\u00e4hennet\u00e4\u00e4n palautuksen m\u00e4\u00e4r\u00e4st\u00e4.<\/p>\n<p>4. Lis\u00e4ksi veloitamme 30 Yhdysvaltain dollaria maksuportaalimaksujen kattamiseksi, jotka on jo veloitettu meilt\u00e4.&nbsp;<\/p>\n<p><b>5. <\/b>Jos haluat aloittaa peruutuksen, ota yhteytt\u00e4 asiakastukitiimiimme mahdollisimman pian 3 tunnin kuluessa. Tavoitat asiakastukemme vastaamalla tilausvahvistuss\u00e4hk\u00f6postiin.<\/p>\n<p><strong>6.&nbsp;<\/strong> Kun peruutuspyynt\u00f6 on hyv\u00e4ksytty, palautus k\u00e4sitell\u00e4\u00e4n viipym\u00e4tt\u00e4 ja summa palautetaan alkuper\u00e4iseen maksutapaan. Odota enint\u00e4\u00e4n 14 arkip\u00e4iv\u00e4\u00e4, ennen kuin palautus n\u00e4kyy tilill\u00e4si.<\/p>\n<p>Tehdess\u00e4si tilauksen meille vahvistat, ett\u00e4 olet lukenut, ymm\u00e4rt\u00e4nyt ja hyv\u00e4ksynyt peruutusmaksuk\u00e4yt\u00e4nt\u00f6mme.<\/p>\n<p>Jos sinulla on kysytt\u00e4v\u00e4\u00e4 tai huolenaiheita peruutusmaksuk\u00e4yt\u00e4nn\u00f6st\u00e4mme, \u00e4l\u00e4 ep\u00e4r\u00f6i ottaa yhteytt\u00e4 asiakastukitiimiimme saadaksesi apua.<\/p>\n<p>Kiitos, ett\u00e4 valitsit Fipmed.co. Arvostamme ymm\u00e4rryst\u00e4nne ja yhteisty\u00f6t\u00e4nne. Kaikkea hyv\u00e4\u00e4 matkallasi FIP:n torjumiseksi.&nbsp;<\/p>\t\t\t\t\t\t\t\t<\/div>\n\t\t\t\t<\/div>\n\t\t\t\t\t<\/div>\n\t\t<\/div>\n\t\t\t\t\t<\/div>\n\t\t<\/section>\n\t\t\t\t<\/div>\n\t\t","protected":false},"excerpt":{"rendered":"<p>Tiimimme tekee kaikkensa varmistaakseen, ett\u00e4 tilauksesi toimitetaan mahdollisimman nopeasti. T\u00e4m\u00e4 johtuu siit\u00e4, ett\u00e4 kaikki tuotteemme ovat aikarajoitteisia, ja pyrimme siihen, ett\u00e4 kaikki asiakkaamme saavat toimituksen mahdollisimman pian. Siksi kaikki tilauksen peruuttaminen tilauksen j\u00e4lkeen h\u00e4iritsee prosessia vakavasti. Ymm\u00e4rr\u00e4mme kuitenkin, ett\u00e4 olosuhteet saattavat vaatia sinua peruuttamaan tilauksesi pian sen tekemisen j\u00e4lkeen. Kattaaksemme peruutusten k\u00e4sittelyyn liittyv\u00e4t hallinnolliset kustannukset [&hellip;]<\/p>\n","protected":false},"author":1,"featured_media":0,"parent":0,"menu_order":0,"comment_status":"closed","ping_status":"closed","template":"","meta":{"_glsr_average":0,"_glsr_ranking":0,"_glsr_reviews":0,"footnotes":""},"categories":[],"tags":[],"_links":{"self":[{"href":"https:\/\/fipmed.co\/fi\/wp-json\/wp\/v2\/pages\/21654"}],"collection":[{"href":"https:\/\/fipmed.co\/fi\/wp-json\/wp\/v2\/pages"}],"about":[{"href":"https:\/\/fipmed.co\/fi\/wp-json\/wp\/v2\/types\/page"}],"author":[{"embeddable":true,"href":"https:\/\/fipmed.co\/fi\/wp-json\/wp\/v2\/users\/1"}],"replies":[{"embeddable":true,"href":"https:\/\/fipmed.co\/fi\/wp-json\/wp\/v2\/comments?post=21654"}],"version-history":[{"count":2,"href":"https:\/\/fipmed.co\/fi\/wp-json\/wp\/v2\/pages\/21654\/revisions"}],"predecessor-version":[{"id":21656,"href":"https:\/\/fipmed.co\/fi\/wp-json\/wp\/v2\/pages\/21654\/revisions\/21656"}],"wp:attachment":[{"href":"https:\/\/fipmed.co\/fi\/wp-json\/wp\/v2\/media?parent=21654"}],"wp:term":[{"taxonomy":"category","embeddable":true,"href":"https:\/\/fipmed.co\/fi\/wp-json\/wp\/v2\/categories?post=21654"},{"taxonomy":"post_tag","embeddable":true,"href":"https:\/\/fipmed.co\/fi\/wp-json\/wp\/v2\/tags?post=21654"}],"curies":[{"name":"wp","href":"https:\/\/api.w.org\/{rel}","templated":true}]}}