{"id":21692,"date":"2022-12-02T07:30:30","date_gmt":"2022-12-02T07:30:30","guid":{"rendered":"https:\/\/fipmed.co\/fip-hoidot-injektiot-vs-pillerit\/"},"modified":"2024-07-17T05:11:21","modified_gmt":"2024-07-17T05:11:21","slug":"fip-hoidot-injektiot-vs-pillerit","status":"publish","type":"page","link":"https:\/\/fipmed.co\/fi\/fip-hoidot-injektiot-vs-pillerit\/","title":{"rendered":"FIP-hoidot: Tabletit tai pillerit: FIP-injektiot vs."},"content":{"rendered":"<p>Sinulla voi olla kaksi vaihtoehtoa, kun valitset GS-441524-virusl\u00e4\u00e4kityst\u00e4 FIP-hoitoihin: ihonalaiset injektiot tai suun kautta otettavat kapselit tai pillerit. Miten sitten valitset kissallesi sopivan? K\u00e4sittelemme t\u00e4ss\u00e4 postauksessa kunkin hoitomenetelm\u00e4n etuja ja haittoja sek\u00e4 sit\u00e4, milloin ja miten tehd\u00e4 paras p\u00e4\u00e4t\u00f6s kissasi FIP-hoidon suhteen.<\/p>\n<p>Tyypillisesti suun kautta otettavat l\u00e4\u00e4kkeet ovat tablettien muodossa. T\u00e4llainen GS otetaan suun kautta. <a href=\"\/?page_id=895\" target=\"_blank\" rel=\"noopener\">Kissojen<\/a> omistajat <a href=\"\/?page_id=895\" target=\"_blank\" rel=\"noopener\">voivat nyt valita<\/a> kissalleen <a href=\"\/?page_id=895\" target=\"_blank\" rel=\"noopener\">parhaan hoitomuodon<\/a> helposti, koska vaihtoehtoja on tarjolla enemm\u00e4n. T\u00e4ss\u00e4 postauksessa k\u00e4sitell\u00e4\u00e4n n\u00e4iden kahden GS-441524-valmisteen v\u00e4lisi\u00e4 eroja sek\u00e4 neuvoja siit\u00e4, miten valita paras valmiste kissasi FIP-hoitoon.<\/p>\n<h2><strong>Injektio FIP-hoidot<\/strong><\/h2>\n<p>Aloitetaan k\u00e4sittelem\u00e4ll\u00e4 GS-441524:n nestem\u00e4ist\u00e4 injektioversiota. T\u00e4m\u00e4 erityinen GS-taudin muoto on hoidettavissa. Eri nesteill\u00e4 GS-441524 on erilaiset ominaisuudet. Valmistustekniikka ja valmistajan k\u00e4ytt\u00e4m\u00e4 kemiallinen laatu vaikuttavat merkitt\u00e4v\u00e4sti laatuun. Ep\u00e4varmuutta lis\u00e4\u00e4 entisest\u00e4\u00e4n se, ett\u00e4 tuotemerkkien hinnat vaihtelevat huomattavasti.<\/p>\n<p>GS441524:n injektoitavaa muotoa on saatavana eri pitoisuuksina. Suosituimmat nyt saatavilla olevat pitoisuudet ovat 20 mg ja 30 mg. Paras tapa antaa GS-441524 on injektiohoito. GS441524-injektioiden ihonalaiset injektiot k\u00e4sittelev\u00e4t kissasi verenkiertoa v\u00e4litt\u00f6m\u00e4sti virusl\u00e4\u00e4kkeell\u00e4. L\u00e4\u00e4k\u00e4rit voivat antaa <a href=\"\/?page_id=885\" target=\"_blank\" rel=\"noopener\">kissasi<\/a> oireiden ja <a href=\"\/?page_id=885\" target=\"_blank\" rel=\"noopener\">ruumiinpainon<\/a> perusteella tietyn annoksen injektioita k\u00e4ytt\u00e4en.<\/p>\n<p>Injektiok\u00e4sitellyill\u00e4 kissoilla on usein selvi\u00e4 muutoksia jo yhden tai nelj\u00e4n p\u00e4iv\u00e4n kuluessa. Siksi injektiot ovat oikea ja ainoa tehokas hoitokeino <a href=\"\/?page_id=899\" target=\"_blank\" rel=\"noopener\">kissoille, joilla on vakavia FIP-oireita<\/a>. Jokainen FIP-hoito on aloitettava injektiolla. Jatka pistosten antamista, kunnes kissasi tila on vakiintunut, ja vasta kun se sy\u00f6 ja eritt\u00e4\u00e4 kunnolla, sinun tulisi harkita siirtymist\u00e4 suun kautta otettavaan l\u00e4\u00e4kitykseen.<\/p>\n<h2><strong>Suun kautta annettavat FIP-hoidot (tabletit tai pillerit)<\/strong><\/h2>\n<p>Neuloihin verrattuna suun kautta annettava hoito on nopeampi ja yksinkertaisempi tapa hoitaa FIP:t\u00e4. Kissojen omistajat voivat antaa suun kautta otettavan l\u00e4\u00e4kityksen kotona, jolloin v\u00e4ltyt\u00e4\u00e4n p\u00e4ivitt\u00e4isilt\u00e4 klinikkak\u00e4ynneilt\u00e4 ja injektioista aiheutuvilta kustannuksilta. Suun kautta otettavaan l\u00e4\u00e4kitykseen on saatavilla tabletteja ja kapseleita. Kapselin pehme\u00e4n rakenteen ja mauttomuuden ansiosta kissat voivat yleens\u00e4 niell\u00e4 kapselit helpommin kuin pillerit. Yleens\u00e4 suosittelemme suun kautta otettavien kapseleiden tai pillereiden k\u00e4ytt\u00f6\u00e4 hoidon my\u00f6hemmiss\u00e4 vaiheissa, kun kissa ei ole en\u00e4\u00e4 vaarassa, eli kun se sy\u00f6 ja k\u00e4y s\u00e4\u00e4nn\u00f6llisesti vessassa eik\u00e4 sill\u00e4 ole en\u00e4\u00e4 ajoittaista kuumetta.<\/p>\n<p>Keskustellaan nyt suun kautta annettavan hoidon haittatekij\u00f6ist\u00e4. Suurin ero suun kautta annettavien ja ruiskeena annettavien hoitojen v\u00e4lill\u00e4 on niiden vaikutusnopeus. Suun kautta otettavassa hoidossa k\u00e4ytett\u00e4v\u00e4n virusl\u00e4\u00e4kkeen, GS-441524:n, on l\u00e4p\u00e4ist\u00e4v\u00e4 koko ruoansulatuskanava ennen kuin se p\u00e4\u00e4see verenkiertoon.<\/p>\n<p>Annostuksen hallitsemattomuus on suun kautta otettavan hoidon toinen keskeinen haittapuoli. Emme voi ennustaa, kuinka paljon GS-441524 imeytyy kissasi ruoansulatuskanavaan, mink\u00e4 vuoksi. Kissasi saattaa ime\u00e4 vain osan suun kautta otettavien kapseleiden antiviraalil\u00e4\u00e4kkeist\u00e4, riippuen sen ruoansulatuskanavan tilasta ja yleisest\u00e4 terveydentilasta. GS:n imeytymisnopeuteen vaikuttaa vatsan, munuaisten ja maksan heikkeneminen, jota esiintyy kissoilla, joilla on kissan tarttuva vatsakalvotulehdus (FIP).<\/p>\n<p>Neuloihin verrattuna suun kautta otettavat pillerit ja tabletit ovat riskialttiimpi hoitomuoto. Vasta 30 p\u00e4iv\u00e4n injektiohoidon j\u00e4lkeen tai kun kissasi tila on vakiintunut, suosittelemme suun kautta annettavaa hoitoa.<\/p>\n<h2><strong>Kapseleita koskeva varotoimenpide<\/strong><\/h2>\n<p>FIP-l\u00e4\u00e4keteollisuudessa k\u00e4ytet\u00e4\u00e4n p\u00e4\u00e4asiassa tiettyj\u00e4 formaatteja. Esimerkiksi GS441524 on saatavilla p\u00e4\u00e4asiassa tabletteina ja EIDD2801 kapseleina. Varo siis myyji\u00e4, jotka myyv\u00e4t GS441524:\u00e4\u00e4 kapselimuodossa. My\u00f6s GS441524:n annostus suun kautta otettaville l\u00e4\u00e4kkeille on vakioitu 15 mg:aan kilogrammaa kohti ja kaksinkertaiseksi annokseksi silm\u00e4- ja neurologisten tyyppien osalta. \u00c4l\u00e4 ylit\u00e4 t\u00e4t\u00e4 annostusta, koska suurempi annos suun kautta otettavassa l\u00e4\u00e4kkeess\u00e4 heikent\u00e4\u00e4 imeytyvyytt\u00e4.<\/p>\n<h2><strong>Vertailu injektion ja suun kautta annettavan hoidon v\u00e4lill\u00e4  <\/strong><\/h2>\n<p>Seuraavassa taulukossa esitet\u00e4\u00e4n erot <a href=\"\/?page_id=887\" target=\"_blank\" rel=\"noopener\">injektioiden ja suun kautta otettavan FIP-hoidon<\/a> v\u00e4lill\u00e4.<\/p>\n<p><img data-opt-id=1214015753  fetchpriority=\"high\" decoding=\"async\" class=\"alignnone size-full wp-image-888\" src=\"https:\/\/ml9txs9ouv9q.i.optimole.com\/w:auto\/h:auto\/q:mauto\/f:best\/https:\/\/fipmed.co\/wp-content\/uploads\/2022\/12\/233.png\" alt=\"\" width=\"811\" height=\"719\" srcset=\"https:\/\/ml9txs9ouv9q.i.optimole.com\/w:811\/h:719\/q:mauto\/f:best\/https:\/\/fipmed.co\/wp-content\/uploads\/2022\/12\/233.png 811w, https:\/\/ml9txs9ouv9q.i.optimole.com\/w:300\/h:266\/q:mauto\/f:best\/https:\/\/fipmed.co\/wp-content\/uploads\/2022\/12\/233.png 300w, https:\/\/ml9txs9ouv9q.i.optimole.com\/w:768\/h:681\/q:mauto\/f:best\/https:\/\/fipmed.co\/wp-content\/uploads\/2022\/12\/233.png 768w, https:\/\/ml9txs9ouv9q.i.optimole.com\/w:600\/h:532\/q:mauto\/f:best\/https:\/\/fipmed.co\/wp-content\/uploads\/2022\/12\/233.png 600w\" sizes=\"(max-width: 640px) 100vw, 640px\" \/><\/p>\n<h2><strong>Mik\u00e4 menetelm\u00e4 minun pit\u00e4isi valita kissalleni?<\/strong><\/h2>\n<p>Suosituksemme mukaan FIP-hoito olisi aloitettava pistoksilla. Voit siirty\u00e4 suun kautta otettaviin tabletteihin heti, kun kissasi tila on vakiintunut, jos toistuvat injektiot aiheuttavat akuuttia kipua tai vakavia iho\u00e4rsytyksi\u00e4. 30 p\u00e4iv\u00e4n injektiohoidon j\u00e4lkeen siirtyminen suun kautta otettavaan l\u00e4\u00e4kitykseen on yleens\u00e4 turvallista. T\u00e4m\u00e4 on luotettavin tekniikka, jolla voidaan taata, ett\u00e4 GS-441524-valmistetta annetaan riitt\u00e4v\u00e4sti FIP-hoidon aikana, ja v\u00e4hent\u00e4\u00e4 uusintatartunnan riski\u00e4 tulevaisuudessa.<\/p>\n<h2><strong>Tekij\u00e4t, jotka vaikuttavat suun kautta annettavaan ja injektion antoon<\/strong><\/h2>\n<p>Kissoja, jotka parhaillaan oksentavat\/reagitoivat ja joilla on ripulia, pidet\u00e4\u00e4n yleens\u00e4 huonoina ehdokkaina suun kautta otettavaan GS-441524-valmisteeseen. T\u00e4m\u00e4n vuoksi vakavasta ruoansulatuskanavan sairaudesta k\u00e4rsiv\u00e4t kissat aloittavat usein injektion antamisen ainakin siihen asti, kunnes ongelmat ovat korjaantuneet. Useimmat ihmiset, erityisesti aiemmin, aloittivat injektoitavalla GS-441524:ll\u00e4. Injektiomuoto on edullisempi, ja annostusta voidaan valvoa tarkemmin. GS-441524:n imeytyminen ihon alle on my\u00f6s luotettavampaa kuin imeytyminen suun kautta, mik\u00e4 on usein kriittinen tekij\u00e4 sellaisten kissojen alkuhoidossa, jotka ovat alussa vakavasti sairaita ja ep\u00e4vakaita.<\/p>\n<p>Se, jatkaako kissa GS-441524:n pist\u00e4mist\u00e4, riippuu omistajan kyvyst\u00e4 antaa pistokset tehokkaasti, kissan halukkuudesta tottua pistoskipuun ja pistoskohdan haavaumien esiintymisest\u00e4. T\u00e4llaisissa tapauksissa suun kautta otettava l\u00e4\u00e4kitys on usein tervetullut helpotus sek\u00e4 omistajalle ett\u00e4 kissapotilaalle.<\/p>\n<h2><strong>Vertailu hoidon onnistumisesta injektoitavalla ja suun kautta otettavalla GS-441524:ll\u00e4.  <\/strong><\/h2>\n<p>Suun kautta otettavan GS-441524:n onnistumisprosentti muistuttaa nyt injektoitavien versioiden onnistumisprosenttia, kunhan <a href=\"\/?page_id=23\" target=\"_blank\" rel=\"noopener\">annokset lasketaan huolellisesti<\/a> ja annostelu suoritetaan tehokkaasti. On kuitenkin raportoitu, ett\u00e4 GS-441524:n suun kautta annettavan ja injektionesteisiin annettavan muodon v\u00e4lill\u00e4 on ollut eroja reaktioissa. Vain muutamilla kissoilla on esiintynyt relapseja sen j\u00e4lkeen, kun ne ovat siirtyneet injektioista suun kautta otettavaan GS-441524-valmisteeseen, tai ne eiv\u00e4t ole vastanneet siihen hyvin alkuhoitona. Vaihtoehtoisesti sairauksia, jotka eiv\u00e4t vastanneet hyvin injektioihin, on hoidettu siirt\u00e4m\u00e4ll\u00e4 kissat suun kautta otettavaan GS-441524-valmisteeseen vastaavalla annoksella.<\/p>\n<p>On haastavaa yhdist\u00e4\u00e4 n\u00e4m\u00e4 voimakkaat vaste-erot l\u00e4\u00e4kemuotoon, koska GS-441524 p\u00e4\u00e4see joko suun kautta tai ihon alle verenkiertoon ennen kudoksiin p\u00e4\u00e4sy\u00e4. On todenn\u00e4k\u00f6isemp\u00e4\u00e4, ett\u00e4 ennen t\u00e4t\u00e4 siirtymist\u00e4 k\u00e4ytetyt injektoitavat tai suun kautta annettavat GS-441524-merkit olivat huonompia. Monissa tapauksissa vaihtaminen toiseen suun kautta otettavaan tai pistett\u00e4v\u00e4\u00e4n tuotemerkkiin johti v\u00e4litt\u00f6m\u00e4\u00e4n reaktion paranemiseen.<\/p>\n<p>Koska virus on kehitt\u00e4nyt eriasteista l\u00e4\u00e4keresistenssi\u00e4, uskottiin, ett\u00e4 vain GS-441524:n injektoitavalla muodolla voitaisiin saavuttaa poikkeuksellisen korkeat veren ja aivo-selk\u00e4ydinnesteen pitoisuudet, joita tarvitaan neurologisen sairauden tehokkaaseen hoitoon. Kissat, joilla on neurologinen FIP, ovat kuitenkin reagoineet hyvin <a href=\"https:\/\/fipmed.co\/\" target=\"_blank\" rel=\"noopener\">Fipmediin<\/a>. Lis\u00e4ksi mukaan otettiin joitakin kissoja, jotka eiv\u00e4t vastanneet poikkeuksellisen suuriin <a href=\"\/?page_id=6163\" target=\"_blank\" rel=\"noopener\">GS- 441524-injektioannoksiin<\/a>. T\u00e4ysin oraalinen hoito parantaa yh\u00e4 useampia neurologisia FIP-el\u00e4imi\u00e4. T\u00e4m\u00e4 johtuu joko siit\u00e4, ett\u00e4 <a href=\"https:\/\/fipmed.co\/fip-treatment\/\" target=\"_blank\" rel=\"noopener\">FIP:n<\/a> suun kautta annettavasta <a href=\"https:\/\/fipmed.co\/fip-treatment\/\" target=\"_blank\" rel=\"noopener\">hoidosta<\/a> on saatu enemm\u00e4n kokemusta haastavissa tapauksissa, tai todenn\u00e4k\u00f6isemmin siit\u00e4, ett\u00e4 suun kautta annettavien valmisteiden laatu on parantunut.<\/p>\n<h2><strong>Miten annan GS-injektiot?<\/strong><\/h2>\n<p>Subkutaanisesti, joskus my\u00f6s &#8221;sub-cu&#8221;, tarkoittaa injektioiden antamista suoraan ihon alle. Pistokset on annettava p\u00e4ivitt\u00e4in v\u00e4hint\u00e4\u00e4n 12 viikon ajan l\u00e4hes samaan aikaan 24 tunnin v\u00e4lein. Kissan lihasta EI saa l\u00e4vist\u00e4\u00e4 neulalla. Kun GS-valmistetta pistet\u00e4\u00e4n, se kirvelee, mutta heti kun pistos on annettu, ep\u00e4mukavuus lakkaa. K\u00e4ytt\u00e4j\u00e4mme ovat tuottaneet useita hy\u00f6dyllisi\u00e4 filmej\u00e4, joissa n\u00e4ytet\u00e4\u00e4n, miten he pist\u00e4v\u00e4t, ja YouTubessa on paljon lis\u00e4\u00e4. On parempi, ett\u00e4 el\u00e4inl\u00e4\u00e4k\u00e4ri antaa yhden tai kaksi ensimm\u00e4ist\u00e4 pistosta ja n\u00e4ytt\u00e4\u00e4, miten ne annetaan. P\u00e4ivitt\u00e4inen k\u00e4ynti el\u00e4inl\u00e4\u00e4k\u00e4rill\u00e4 voi olla tarpeen kissoille, joita on vaikeampi pid\u00e4tt\u00e4\u00e4 pistoksia varten.<\/p>\n<h2>P\u00e4\u00e4telm\u00e4<\/h2>\n<p>N\u00e4in ollen kissanomistajien tulisi aina aloittaa kissojensa FIP-hoito pistosmenetelm\u00e4ll\u00e4 ja siirty\u00e4 pillereiden k\u00e4ytt\u00f6\u00f6n noin 30 p\u00e4iv\u00e4n kuluttua kissan tilasta riippuen. L\u00e4\u00e4kityksen ottamisella injektiona tai suun kautta on hyv\u00e4t ja huonot puolensa, ja el\u00e4inl\u00e4\u00e4k\u00e4reiden ja kissanomistajien teht\u00e4v\u00e4n\u00e4 on valita n\u00e4ist\u00e4 kahdesta parempi ratkaisu FIP:hen sairastuneille kissoille.<\/p>\n","protected":false},"excerpt":{"rendered":"<p>Sinulla voi olla kaksi vaihtoehtoa, kun valitset GS-441524-virusl\u00e4\u00e4kityst\u00e4 FIP-hoitoihin: ihonalaiset injektiot tai suun kautta otettavat kapselit tai pillerit. Miten sitten valitset kissallesi sopivan? K\u00e4sittelemme t\u00e4ss\u00e4 postauksessa kunkin hoitomenetelm\u00e4n etuja ja haittoja sek\u00e4 sit\u00e4, milloin ja miten tehd\u00e4 paras p\u00e4\u00e4t\u00f6s kissasi FIP-hoidon suhteen. Tyypillisesti suun kautta otettavat l\u00e4\u00e4kkeet ovat tablettien muodossa. T\u00e4llainen GS otetaan suun kautta. [&hellip;]<\/p>\n","protected":false},"author":11,"featured_media":21694,"parent":0,"menu_order":0,"comment_status":"closed","ping_status":"closed","template":"","meta":{"_glsr_average":0,"_glsr_ranking":0,"_glsr_reviews":0,"footnotes":""},"categories":[722],"tags":[736,737],"_links":{"self":[{"href":"https:\/\/fipmed.co\/fi\/wp-json\/wp\/v2\/pages\/21692"}],"collection":[{"href":"https:\/\/fipmed.co\/fi\/wp-json\/wp\/v2\/pages"}],"about":[{"href":"https:\/\/fipmed.co\/fi\/wp-json\/wp\/v2\/types\/page"}],"author":[{"embeddable":true,"href":"https:\/\/fipmed.co\/fi\/wp-json\/wp\/v2\/users\/11"}],"replies":[{"embeddable":true,"href":"https:\/\/fipmed.co\/fi\/wp-json\/wp\/v2\/comments?post=21692"}],"version-history":[{"count":1,"href":"https:\/\/fipmed.co\/fi\/wp-json\/wp\/v2\/pages\/21692\/revisions"}],"predecessor-version":[{"id":21695,"href":"https:\/\/fipmed.co\/fi\/wp-json\/wp\/v2\/pages\/21692\/revisions\/21695"}],"wp:featuredmedia":[{"embeddable":true,"href":"https:\/\/fipmed.co\/fi\/wp-json\/wp\/v2\/media\/21694"}],"wp:attachment":[{"href":"https:\/\/fipmed.co\/fi\/wp-json\/wp\/v2\/media?parent=21692"}],"wp:term":[{"taxonomy":"category","embeddable":true,"href":"https:\/\/fipmed.co\/fi\/wp-json\/wp\/v2\/categories?post=21692"},{"taxonomy":"post_tag","embeddable":true,"href":"https:\/\/fipmed.co\/fi\/wp-json\/wp\/v2\/tags?post=21692"}],"curies":[{"name":"wp","href":"https:\/\/api.w.org\/{rel}","templated":true}]}}