{"id":21744,"date":"2022-12-02T08:10:56","date_gmt":"2022-12-02T08:10:56","guid":{"rendered":"https:\/\/fipmed.co\/4-kissan-fip-tyyppia-marka-fip-kuiva-fip-silma-fip-ja-neurologinen-fip\/"},"modified":"2022-12-02T08:10:56","modified_gmt":"2022-12-02T08:10:56","slug":"4-kissan-fip-tyyppia-marka-fip-kuiva-fip-silma-fip-ja-neurologinen-fip","status":"publish","type":"page","link":"https:\/\/fipmed.co\/fi\/4-kissan-fip-tyyppia-marka-fip-kuiva-fip-silma-fip-ja-neurologinen-fip\/","title":{"rendered":"4 kissan FIP-tyyppi\u00e4: M\u00e4rk\u00e4 FIP, kuiva FIP, silm\u00e4-FIP ja neurologinen FIP."},"content":{"rendered":"<p>Kissan tarttuva vatsakalvotulehdus (FIP) on kissojen yleinen ja tappava sairaus. Sen lis\u00e4ksi se on my\u00f6s useampi kuin yksi muunnos ja voi vaikuttaa kissaan eri tavoin. T\u00e4ss\u00e4 artikkelissa puhumme erityyppisist\u00e4 FIP:st\u00e4, joita voi esiinty\u00e4.<\/p>\n<h2><strong>Kissan FIP-tyypit<\/strong><\/h2>\n<p>FIP voi ilmet\u00e4 kolmella eri tavalla: m\u00e4rk\u00e4, effussiivinen, eksudatiivinen muoto, kuiva, granulomatoottinen, parenkymaattinen, ei-ffussiivinen muoto ja sekamuoto. Ensimm\u00e4iselle tyypille on tyypillist\u00e4 fibriininen vatsakalvotulehdus, keuhkopussitulehdus tai syd\u00e4npussitulehdus, johon liittyy vatsan, rintakeh\u00e4n ja\/tai syd\u00e4npussin eritteit\u00e4. Keskushermostossa ja muissa elimiss\u00e4, silm\u00e4t mukaan lukien, esiintyy granulomatoottisia muutoksia toisessa vaihtoehdossa, jossa ei esiinny selvi\u00e4 effuusioita. Koska jokaisella FIP:t\u00e4 sairastavalla kissalla on eriasteisia nestevaurioita sek\u00e4 enemm\u00e4n tai v\u00e4hemm\u00e4n granulomatoottisia elinmuutoksia, on todettu, ett\u00e4 n\u00e4iden eri tyyppien erottelu ei ole hy\u00f6dyllist\u00e4 (ja hy\u00f6dytt\u00e4\u00e4 ainoastaan diagnoosimenetelm\u00e4\u00e4). Lomakkeet voivat my\u00f6s muuttua toisiinsa. N\u00e4in ollen FIP voi yksinkertaisesti olla enemm\u00e4n tai v\u00e4hemm\u00e4n tuottava tai eksudatiivinen tietyll\u00e4 kissalla tiettyn\u00e4 ajankohtana.<\/p>\n<h2><strong>Kuivan ja m\u00e4r\u00e4n FIP:n erot<\/strong><\/h2>\n<p><strong>Ei-vaikuttava &#8221;kuiva&#8221; FIP<\/strong><\/p>\n<p>Joillakin kissoilla &#8221;kuivassa&#8221; FIP:ss\u00e4 tai ei-ep\u00e4puhtaassa FIP:ss\u00e4 on vain v\u00e4h\u00e4n tai ei lainkaan nestekertym\u00e4\u00e4. Kuivassa muodossa silm\u00e4t, aivot, maksa, suolisto tai muut elimet ovat usein vakavasti tulehtuneita, mik\u00e4 voi aiheuttaa useita kliinisi\u00e4 oireita. Monilla kissoilla, joilla on ei-ep\u00e4puhuva FIP, silm\u00e4ongelmat ovat ainoa kliininen oire.<\/p>\n<p>Kun tauti tarttuu, suurin osa sairastuneista heikkenee nopeasti, mutta jotkut kissat voivat toimia normaalisti muutaman viikon ajan. Valitettavasti l\u00e4hes jokainen sairaus johtaa kuolemaan.<\/p>\n<p>Vain pieni osa kissojen koronavirukselle altistuneista kissoista, jopa niist\u00e4, jotka voivat <a href=\"\/?page_id=13322\" target=\"_blank\" rel=\"noopener\">aiheuttaa FIP:n<\/a>, pystyy puolustautumaan sit\u00e4 vastaan, mik\u00e4 johtaa kliiniseen sairauteen useimmilla tartunnan saaneilla kissoilla. Kuten jo mainittiin, sairastuneet menehtyv\u00e4t kuitenkin l\u00e4hes poikkeuksetta.<\/p>\n<p><strong>Effussiivinen &#8221;m\u00e4rk\u00e4&#8221; FIP<\/strong><\/p>\n<p>Nestekertym\u00e4 rintaan tai vatsaan, joka voi vaikeuttaa hengitt\u00e4mist\u00e4, on effusiivisen FIP:n t\u00e4rkein kliininen oire. Muita oireita ovat ruokahaluttomuus, kuume, laihtuminen, keltaisuus ja ripuli.<\/p>\n<h2><strong>M\u00c4R\u00c4N JA KUIVAN FIP:N DIAGNOOSI  <\/strong><\/h2>\n<p><strong>Eufusiivisen FIP:n diagnosointi<\/strong><\/p>\n<p>Tauti on nyky\u00e4\u00e4n helpompi diagnosoida kuin ennen. Effussiivinen FIP voidaan diagnosoida, jos viruksen RNA:ta l\u00f6ydet\u00e4\u00e4n n\u00e4ytteest\u00e4 effuusiosta (elimist\u00f6st\u00e4 valuvasta nesteest\u00e4) esimerkiksi k\u00e4ytt\u00e4m\u00e4ll\u00e4 k\u00e4\u00e4nteistranskriptiopolymeraasiketjureaktiota (RT-PCR). T\u00e4m\u00e4 edellytt\u00e4\u00e4 kuitenkin n\u00e4ytteen l\u00e4hett\u00e4mist\u00e4 ulkopuoliseen el\u00e4inl\u00e4\u00e4ketieteelliseen laboratorioon. Useilla el\u00e4insairaalassa saatavilla olevilla diagnostisilla menetelmill\u00e4 voidaan nopeasti sulkea pois ylenm\u00e4\u00e4r\u00e4inen FIP-diagnoosi, mukaan lukien:<\/p>\n<ol>\n<li>Tarkista eritteen kokonaisproteiinipitoisuus; jos se on alle 35 g\/l, FIP on eritt\u00e4in ep\u00e4todenn\u00e4k\u00f6inen.<\/li>\n<li>M\u00e4\u00e4rit\u00e4 albumiinin ja globuliinin suhde eritteess\u00e4; jos se on yli 0,8, FIP on poissuljettu; jos se on alle 0,4, FIP on mahdollisesti diagnosoitavissa oleva mutta ep\u00e4varma tila.<\/li>\n<li>Jos suurin osa soluista on lymfosyyttej\u00e4 (er\u00e4s valkosolutyyppi), FIP on poissuljettu diagnoosi.<\/li>\n<\/ol>\n<p><strong>Ei-efektiivisen FIP:n diagnosointi<\/strong><\/p>\n<p>Koska ei-emissiivisen FIP:n kliiniset merkit ovat yleens\u00e4 ep\u00e4selvempi\u00e4 ja vaihtelevampia kuin effusiivisen FIP:n, erotusdiagnoosien luettelo on huomattavasti pidempi. Kun seuraavat edellytykset t\u00e4yttyv\u00e4t, ei-ep\u00e4ilytt\u00e4v\u00e4\u00e4 FIP-diagnoosia olisi harkittava..:<\/p>\n<ol>\n<li>Taustaa: Kissa on nuori (alle 2-vuotias) ja puhdasrotuinen; l\u00e4hes 70 % FIP-tapauksista on kantakirjaan kuuluvia kissanpentuja.<\/li>\n<li>Aikaisemmat tapahtumat: kissa oli stressaantunut \u00e4skett\u00e4isen kastraation tai rokotuksen vuoksi.<\/li>\n<li>Menneisyys: Kissa on saattanut saada FCoV:n muun muassa siksi, ett\u00e4 se on tullut siitos- tai pelastuskatraasta tai ett\u00e4 se on \u00e4skett\u00e4in tutustunut puhdasrotuiseen kissanpentuun tai kissaan.<\/li>\n<li>Kliinisi\u00e4 indikaattoreita ovat silm\u00e4nsis\u00e4iset oireet, anoreksia, tavallista v\u00e4h\u00e4isempi sy\u00f6minen, painon nousun tai nousun ep\u00e4onnistuminen, anoreksia ja keltaisuus.<\/li>\n<li>Hypergammaglobulinemia; kohonnut bilirubiini ilman kohonneita maksaentsyymej\u00e4.<\/li>\n<li>Lymfopenia, johon liittyy ei-regeneratiivinen, tyypillisesti keskivaikea anemia.<\/li>\n<li>Serologia: FCoV:n suuren esiintyvyyden vuoksi jalostus- ja pelastuskatoksissa t\u00e4t\u00e4 parametria tulisi k\u00e4ytt\u00e4\u00e4 varoen. Kissalla on korkea vasta-ainetitteri FCoV:t\u00e4 vastaan.<\/li>\n<\/ol>\n<p>Jos kissa on seronegatiivinen, ei-effektiivinen FIP voidaan sulkea pois diagnoosina, jos vasta-ainetestin herkkyys on suuri. FCoV Immunocomb -testin (Biogal), Speed F-Corona -pikaisen immunokromatografisen (RIM) testin (Virbac) ja nopeimman kissan tarttuvan vatsakalvotulehduksen (MegaCor Diagnostic) RIM-testin todettiin olevan 100-prosenttisen herkki\u00e4 tutkimuksessa, jossa tutkittiin useita kaupallisesti saatavilla olevia FCoV-vasta-ainetestej\u00e4.<\/p>\n<p>Koska FIP:t\u00e4 on kahta eri tyyppi\u00e4, kissanomistajien tulisi olla paremmin perill\u00e4 t\u00e4st\u00e4 aiheesta, jotta he osaisivat hoitaa kissojaan paremmin pahimmassa tapauksessa. Jos he eiv\u00e4t perehdy kunnolla FIP:n eri tyyppeihin, he voivat k\u00e4\u00e4nty\u00e4 el\u00e4inl\u00e4\u00e4k\u00e4rin puoleen l\u00f6yt\u00e4\u00e4kseen oikean tavan hoitaa <a href=\"\/?page_id=883\" target=\"_blank\" rel=\"noopener\">kissansa FIP:<\/a>t\u00e4.<\/p>\n<h1><strong>Silm\u00e4n FIP<\/strong><\/h1>\n<p>T\u00e4m\u00e4 FIP-tyyppi voi aiheuttaa kissoille vakavia komplikaatioita, koska se tunkeutuu my\u00f6s veren ja silm\u00e4n v\u00e4lisen esteen l\u00e4pi.<\/p>\n<p>&nbsp;<\/p>\n<p><strong>Veren silm\u00e4este<\/strong><\/p>\n<p>Kissojen verisilm\u00e4este on t\u00e4rke\u00e4 suojaeste FIP:n levi\u00e4mist\u00e4 vastaan. T\u00e4m\u00e4 este koostuu silm\u00e4n etukammiota reunustavista soluista, jotka est\u00e4v\u00e4t taudinaiheuttajia p\u00e4\u00e4sem\u00e4st\u00e4 sis\u00e4\u00e4n ja aiheuttamasta tulehdusta t\u00e4ll\u00e4 herk\u00e4ll\u00e4 alueella.<\/p>\n<p>Vaikka t\u00e4m\u00e4 vaikeuttaa FCoV:n kaltaisen viruksen p\u00e4\u00e4sy\u00e4 silm\u00e4n rakenteisiin, vaurioita voi synty\u00e4 esteiden hajoamisen vuoksi kroonisen tulehduksen yhteydess\u00e4.<\/p>\n<p>Proteaasinest\u00e4jien, kuten GC376:n, on my\u00f6s osoitettu olevan tehottomia veren ja silm\u00e4n v\u00e4lisen esteen ylitt\u00e4misess\u00e4, mik\u00e4 tekee niist\u00e4 v\u00e4hemm\u00e4n k\u00e4ytt\u00f6kelpoisia sellaisten tapausten hoidossa, joissa FIP voi vaikuttaa silm\u00e4n rakenteisiin.<\/p>\n<p>Jotta virushiukkasia sis\u00e4lt\u00e4v\u00e4t makrofagit p\u00e4\u00e4sisiv\u00e4t silm\u00e4n rakenteisiin, niiden on ensin l\u00e4p\u00e4ist\u00e4v\u00e4 t\u00e4m\u00e4 kerros; taudin siirtyminen ei voi tapahtua, jos ne eiv\u00e4t l\u00e4p\u00e4ise jokaista seuraavaa kerrosta.<\/p>\n<p>&nbsp;<\/p>\n<p><strong>Kuinka kuiva FIP kehittyy silm\u00e4n FIP:ksi<\/strong><\/p>\n<p>Kuiva FIP on taudin tappavampi muoto, ja se voi mahdollisesti kehitty\u00e4 Silm\u00e4-FIP:ksi noin kolmasosalla t\u00e4t\u00e4 tyyppi\u00e4 sairastavista kissoista. Silm\u00e4n FIP:ss\u00e4 eli uveiitissa silm\u00e4vauriot kehittyv\u00e4t viruksen aiheuttaman veren ja silm\u00e4n v\u00e4lisen esteen heikkenemisen seurauksena. T\u00e4m\u00e4 johtaa glukoosipitoisuuden nousuun, mik\u00e4 aiheuttaa turvotusta ja tulehdusta silmiss\u00e4.<\/p>\n<p>&nbsp;<\/p>\n<h1><strong>Neurologinen FIP<\/strong><\/h1>\n<p>Kuiva FIP voi my\u00f6s kehitty\u00e4 FIP:n vaarallisimmaksi muodoksi, neurologiseksi FIP:ksi.<\/p>\n<p>&nbsp;<\/p>\n<p><strong>Veri-aivoeste<\/strong><\/p>\n<p>Veri-aivoeste (BBB) on t\u00e4rke\u00e4 suojakerros, jonka muodostavat erityiset solut, jotka reunustavat aivoissa ja niiden ymp\u00e4rill\u00e4 olevien pienten verisuonten sein\u00e4mi\u00e4. T\u00e4m\u00e4 eritt\u00e4in tiukka este on olennainen tekij\u00e4 keskushermoston suojaamisessa vahingoittumiselta est\u00e4m\u00e4ll\u00e4 verenkierrossa mahdollisesti kiert\u00e4vi\u00e4 myrkyllisi\u00e4 aineita, mukaan lukien systeemiset toksiinit.<\/p>\n<p>Siksi ei ole yll\u00e4tt\u00e4v\u00e4\u00e4, ett\u00e4 kun t\u00e4m\u00e4 este vaarantuu erilaisten sairauksien tai tartunnanaiheuttajien vuoksi, voi esiinty\u00e4 neurologisia h\u00e4iri\u00f6it\u00e4, kuten FIP:n seurauksena voi tapahtua.<\/p>\n<p>FIPV, joka aiheuttaa voimakkaan tulehdusreaktion eri kudosten, my\u00f6s aivojen, verisuonten ymp\u00e4rill\u00e4, on yleinen syy, joka aiheuttaa 45-50 prosenttia kaikista kissojen infektioiden aiheuttamista neurologisista sairauksista.<\/p>\n<p>Toisin sanoen t\u00e4m\u00e4n t\u00e4rke\u00e4n suojakilven menett\u00e4minen voi lis\u00e4t\u00e4 huomattavasti riski\u00e4 sairastua FIPV-infektiosta johtuviin neurologisiin komplikaatioihin, ja sill\u00e4 olisi vakavia vaikutuksia terapeuttisiin toimenpiteisiin.<\/p>\n<p>&nbsp;<\/p>\n<p><strong>Miten kuiva FIP kehittyy neurologiseksi FIP:ksi?<\/strong><\/p>\n<p>Kuiva FIP voi joissakin tapauksissa edet\u00e4 seuraavaan vaiheeseen eli neurologiseen FIP:hen. Verenkierrossa olevien valkosolujen ja monosyyttien tiheys ja lis\u00e4\u00e4ntyminen lis\u00e4\u00e4ntyv\u00e4t kuivan FIP:n edetess\u00e4. N\u00e4m\u00e4 solut p\u00e4\u00e4sev\u00e4t jatkuvasti aivo-selk\u00e4ydinnesteeseen, kunnes syntyy tulehdustila, joka johtaa neurologiseen vaurioon.<\/p>\n<p>Neurologinen FIP vaikuttaa ensisijaisesti kissan hermostoon, ja yleisimpi\u00e4 oireita ovat vapina, k\u00e4velyvaikeudet (ataksia), sekavuus ja aggressiivinen k\u00e4ytt\u00e4ytyminen.<\/p>\n","protected":false},"excerpt":{"rendered":"<p>Kissan tarttuva vatsakalvotulehdus (FIP) on kissojen yleinen ja tappava sairaus. Sen lis\u00e4ksi se on my\u00f6s useampi kuin yksi muunnos ja voi vaikuttaa kissaan eri tavoin. T\u00e4ss\u00e4 artikkelissa puhumme erityyppisist\u00e4 FIP:st\u00e4, joita voi esiinty\u00e4. Kissan FIP-tyypit FIP voi ilmet\u00e4 kolmella eri tavalla: m\u00e4rk\u00e4, effussiivinen, eksudatiivinen muoto, kuiva, granulomatoottinen, parenkymaattinen, ei-ffussiivinen muoto ja sekamuoto. Ensimm\u00e4iselle tyypille on [&hellip;]<\/p>\n","protected":false},"author":11,"featured_media":21745,"parent":0,"menu_order":0,"comment_status":"closed","ping_status":"closed","template":"","meta":{"_glsr_average":0,"_glsr_ranking":0,"_glsr_reviews":0,"footnotes":""},"categories":[722],"tags":[736,741],"_links":{"self":[{"href":"https:\/\/fipmed.co\/fi\/wp-json\/wp\/v2\/pages\/21744"}],"collection":[{"href":"https:\/\/fipmed.co\/fi\/wp-json\/wp\/v2\/pages"}],"about":[{"href":"https:\/\/fipmed.co\/fi\/wp-json\/wp\/v2\/types\/page"}],"author":[{"embeddable":true,"href":"https:\/\/fipmed.co\/fi\/wp-json\/wp\/v2\/users\/11"}],"replies":[{"embeddable":true,"href":"https:\/\/fipmed.co\/fi\/wp-json\/wp\/v2\/comments?post=21744"}],"version-history":[{"count":0,"href":"https:\/\/fipmed.co\/fi\/wp-json\/wp\/v2\/pages\/21744\/revisions"}],"wp:featuredmedia":[{"embeddable":true,"href":"https:\/\/fipmed.co\/fi\/wp-json\/wp\/v2\/media\/21745"}],"wp:attachment":[{"href":"https:\/\/fipmed.co\/fi\/wp-json\/wp\/v2\/media?parent=21744"}],"wp:term":[{"taxonomy":"category","embeddable":true,"href":"https:\/\/fipmed.co\/fi\/wp-json\/wp\/v2\/categories?post=21744"},{"taxonomy":"post_tag","embeddable":true,"href":"https:\/\/fipmed.co\/fi\/wp-json\/wp\/v2\/tags?post=21744"}],"curies":[{"name":"wp","href":"https:\/\/api.w.org\/{rel}","templated":true}]}}