{"id":21756,"date":"2024-03-25T06:01:34","date_gmt":"2024-03-25T06:01:34","guid":{"rendered":"https:\/\/fipmed.co\/8-sairaudet-jotka-muistuttavat-fip-ta-joita-voidaan-erehtya-pitamaan-vatsakalvotulehdusperitoniitti-fip-na\/"},"modified":"2024-03-25T06:01:34","modified_gmt":"2024-03-25T06:01:34","slug":"8-sairaudet-jotka-muistuttavat-fip-ta-joita-voidaan-erehtya-pitamaan-vatsakalvotulehdusperitoniitti-fip-na","status":"publish","type":"page","link":"https:\/\/fipmed.co\/fi\/8-sairaudet-jotka-muistuttavat-fip-ta-joita-voidaan-erehtya-pitamaan-vatsakalvotulehdusperitoniitti-fip-na\/","title":{"rendered":"8 FIP:n kaltaiset sairaudet, joita voidaan erehty\u00e4 pit\u00e4m\u00e4\u00e4n kissan tarttuvana vatsakalvotulehduksena (FIP)."},"content":{"rendered":"<p><strong>FIP:ll\u00e4 on hyvin samankaltaisia oireita kuin monilla sairauksilla<\/strong><\/p>\n<p>Kissan tarttuvan vatsakalvotulehduksen (FIP) diagnosointi voi olla hyvin haastavaa, sill\u00e4 monet sen oireista ovat yhteisi\u00e4 FIP:n kaltaisten sairauksien kanssa, joita voidaan erehty\u00e4 pit\u00e4m\u00e4\u00e4n kissan tarttuvana vatsakalvotulehduksena. T\u00e4llaisia oireita ovat laihtuminen, heikkous, letargia, kuume, anoreksia ja silm\u00e4vauriot.<\/p>\n<p>Koska n\u00e4m\u00e4 tilat ovat luonteeltaan niin samankaltaisia, on t\u00e4rke\u00e4\u00e4 k\u00e4\u00e4nty\u00e4 el\u00e4inl\u00e4\u00e4k\u00e4rin puoleen oikean diagnoosin saamiseksi. Lis\u00e4ksi kissojen koronavirusta (FCoV), joka on yhdistetty FIP:hen, esiintyy yleens\u00e4 terveiss\u00e4kin kissoissa.<\/p>\n<p>Toinen diagnoosin haaste on viruksen systeemiset vaikutukset. Se voi johtaa tulehdukseen koko kehossa ja vaikuttaa useisiin elimiin. Virus kohdistuu kissan immuunij\u00e4rjestelm\u00e4n eri osiin, kuten imukudokseen, verisuoniin ja useiden elinten solulinjoihin. T\u00e4m\u00e4 johtaa systeemiseen tulehdukseen, joka vaikuttaa moniin kehon alueisiin.<\/p>\n<p>T\u00e4m\u00e4 monielinvaurio voi aiheuttaa monia oireita, kuten suurentuneita imusolmukkeita tai vatsaonteloa, ruokahaluttomuutta, v\u00e4hentynytt\u00e4 aktiivisuutta tai kuumetta, mik\u00e4 tekee tarkasta diagnoosista eritt\u00e4in vaikeaa.<\/p>\n<p>V\u00e4\u00e4r\u00e4 diagnoosi voi johtaa virheelliseen hoitoon, joka aiheuttaa uusia terveydellisi\u00e4 komplikaatioita. Joissakin tapauksissa kissoilla ei v\u00e4ltt\u00e4m\u00e4tt\u00e4 ole kliinisi\u00e4 oireita ennen FIP:n edistyneempiin vaiheisiin siirtymist\u00e4, joten rutiininomainen l\u00e4\u00e4k\u00e4rintarkastus ei riit\u00e4 tunnistamiseen alkuvaiheessa.<\/p>\n<p>&nbsp;<\/p>\n<p><strong>FCoV-virusta esiintyy l\u00e4hes kaikissa kissoissa.<\/strong><\/p>\n<p>Kissan koronavirus (FCoV) on yleinen virus, jota esiintyy kissoilla kaikkialla maailmassa, vaikka sit\u00e4 voi esiinty\u00e4 eri tavoin ymp\u00e4rist\u00f6st\u00e4 riippuen. On arvioitu, ett\u00e4 jopa 80 prosenttia kissoista on altistunut FCoV:lle ja saattaa kantaa virusta ilman kliinisi\u00e4 oireita.<\/p>\n<p>Suurina m\u00e4\u00e4rin\u00e4 esiintyess\u00e4\u00e4n se voi kuitenkin aiheuttaa FIP:n kaltaisia infektioita. T\u00e4m\u00e4n vuoksi asiantuntijat ovat yht\u00e4 mielt\u00e4 siit\u00e4, ett\u00e4 t\u00e4m\u00e4n viruksen huolellinen seuranta ja seuranta on t\u00e4rke\u00e4\u00e4 kissanomistajille, joilla on useita kissoja &#8211; erityisesti kissojen pitopaikoissa tai turvakodeissa, joissa taudin levi\u00e4misaste voi nopeasti nousta korkeaksi.<\/p>\n<p>Lis\u00e4ksi on huomattava, ett\u00e4 my\u00f6s luonnonvaraiset kissat kantavat FCoV:t\u00e4, mik\u00e4 viittaa siihen, ett\u00e4 se on levinnyt maailmanlaajuisesti joko lajin v\u00e4lisest\u00e4 suorasta kosketuksesta tai ymp\u00e4rist\u00f6st\u00e4 ulosteiden tai tartunnan saaneiden p\u00f6lyhiukkasten v\u00e4lityksell\u00e4, joita samankaltaisilla alueilla asuvat linnut ja pikkunis\u00e4kk\u00e4\u00e4t ovat kuljettaneet mukanaan.<\/p>\n<p>&nbsp;<\/p>\n<p><strong>FIP:n liit\u00e4nn\u00e4issairaudet ovat my\u00f6s hyvin yleisi\u00e4.<\/strong><\/p>\n<p>FIP:n yleisi\u00e4 liit\u00e4nn\u00e4issairauksia ovat toksoplasmoosi, FELV, FIV, FPV, tulehduksellinen suolistosairaus, sy\u00f6p\u00e4, kissan hemotrofinen mykoplasmainfektio, lymfooma, syd\u00e4nongelmat ja maksatulehdus.<\/p>\n<p>Koska FIP:n liit\u00e4nn\u00e4issairauksia voi esiinty\u00e4 muiden tartuntatautien kanssa, t\u00e4m\u00e4 vaikeuttaa entisest\u00e4\u00e4n tarkan diagnoosin tekemist\u00e4.<\/p>\n<p>Seuraavassa on lueteltu sairauksia, joilla on samanlaiset oireet kuin FIP:ll\u00e4, ja joita usein luullaan virheellisesti FIP:ksi.<\/p>\n<h3><\/h3>\n<h3>Toksoplasmoosi<\/h3>\n<p>Toksoplasmoosin aiheuttaa Toxoplasma gondii -loinen, joka voi tarttua sek\u00e4 ihmisiin ett\u00e4 kissoihin. T\u00e4m\u00e4 virus on yht\u00e4 yleinen kuin FCoV kissoilla. T\u00e4m\u00e4 tauti voi aiheuttaa yleisi\u00e4 oireita, kuten kuumetta, ruokahaluttomuutta ja velttoutta, joita esiintyy my\u00f6s FIP:ss\u00e4. Kissoilla voi esiinty\u00e4 my\u00f6s FIP:n kaltaisia neurologisia oireita.<\/p>\n<p>Toksoplasmoosi diagnosoidaan usein virheellisesti FIP:ksi, koska oireet ovat samankaltaiset. Kissojen latentti toksoplasman reaktivoituminen voi vaikeuttaa diagnoosia entisest\u00e4\u00e4n.<\/p>\n<h3><\/h3>\n<h3>FELV<\/h3>\n<p>Kissan leukemiavirus on retrovirus, joka voi johtaa kissojen immunosuppressioon, kun taas FIP on immuuniv\u00e4litteinen sairaus, jonka aiheuttaa kissan koronaviruksen mutantti muoto. FeLV voi altistaa kissat monille muille sairauksille, kuten FIP:lle.<\/p>\n<p>Molempien tautien virukset levi\u00e4v\u00e4t tartunnan saaneiden kissojen syljess\u00e4, nen\u00e4neritteess\u00e4, virtsassa, ulosteessa ja maidossa. Virus voi siirty\u00e4 kissalta toiselle puremahaavasta, keskin\u00e4isen hoidon aikana sek\u00e4 pentulaatikoiden ja ruokinta-astioiden yhteisk\u00e4yt\u00f6n kautta.<\/p>\n<p>FeLV:t\u00e4 sairastavat kissat voivat el\u00e4\u00e4 normaalia el\u00e4m\u00e4\u00e4 pitk\u00e4\u00e4n. FeLV-diagnoosin saaneiden kissojen elossaoloajan mediaani on 2,5 vuotta, kun taas FIP etenee paljon nopeammin ilman hoitoa.<\/p>\n<h3><\/h3>\n<h3>FIV<\/h3>\n<p>FIV:n aiheuttaa kissan immuunikatovirus, joka vaikuttaa kissan immuunij\u00e4rjestelm\u00e4\u00e4n. Se muistuttaa monin tavoin ihmisen HIV:t\u00e4.<\/p>\n<p>FIV tekee niist\u00e4 alttiimpia muille infektioille, ja se tarttuu p\u00e4\u00e4asiassa puremien ja l\u00e4heisen kosketuksen kautta tartunnan saaneiden kissojen kanssa. Molemmat taudit vaikuttavat kissan elimist\u00f6\u00f6n systeemisesti. FIV heikent\u00e4\u00e4 kissojen immuunij\u00e4rjestelm\u00e4\u00e4, kun taas FIP hy\u00f6kk\u00e4\u00e4 elimist\u00f6\u00f6n tulehduksen kautta.<\/p>\n<p>Molemmat taudit ovat my\u00f6s tarttuvia. FIV ei ole parannettavissa, mutta FIP voidaan parantaa GS441524:ll\u00e4.<\/p>\n<h3><\/h3>\n<h3>FPV<\/h3>\n<p>FPV (Feline Panleukopenia Virus) ja FIP (Feline Infectious Peritonitis) ovat molemmat virustauteja, jotka voivat vaikuttaa kissoihin. N\u00e4in ollen my\u00f6s niiden kliiniset oireet voivat olla samankaltaisia.<\/p>\n<p>FPV-infektioon liittyvi\u00e4 oireita voivat olla kuume, letargia, oksentelu tai ripuli, kuten FIP:ss\u00e4. Kunkin viruksen tartuntatapa on kuitenkin erilainen.<\/p>\n<p>FPV voi tarttua vain kontaminoituneen ulosteen v\u00e4lityksell\u00e4, kun taas FIP:hen liittyv\u00e4t tartunnat n\u00e4ytt\u00e4v\u00e4t edellytt\u00e4v\u00e4n suoraa kontaktia kissojen v\u00e4lill\u00e4 tai ep\u00e4suoraa siirtymist\u00e4 kuivikkeiden tai ruoka-astioiden v\u00e4lityksell\u00e4.<\/p>\n<h3><\/h3>\n<h3>Tulehduksellinen suolistosairaus<\/h3>\n<p>Tulehduksellinen suolistosairaus (IBD) ja FIP ovat molemmat vakavia kissojen sairauksia, joilla voi olla samankaltaiset oireet mutta jotka eroavat toisistaan syyn, diagnoosin ja hoidon suhteen.<\/p>\n<p>IBD on krooninen sairaus, jossa ruoansulatuskanavan tulehdus johtuu immuuniv\u00e4litteisest\u00e4 prosessista. Se aiheuttaa imeytymish\u00e4iri\u00f6it\u00e4, oksentelua, ripulia ja laihtumista ohutsuolen limakalvon vaurioitumisen tai \u00e4rsytyksen vuoksi.<\/p>\n<p>Toisaalta FIP:n aiheuttaa tiettyjen kissojen koronaviruskantojen, kuten FeCV:n, aiheuttama infektio. FIP aiheuttaa my\u00f6s ruoansulatusvaivoja suoliston alueella, mik\u00e4 aiheuttaa samankaltaisia oireita kuin IBD.<\/p>\n<h3><\/h3>\n<h3>Sy\u00f6p\u00e4<\/h3>\n<p>Kissojen sy\u00f6p\u00e4 johtuu ep\u00e4normaalien solujen kontrolloimattomasta kasvusta, toisin kuin FIP, joka johtuu kissan coronaviruksen mutaatiosta. Sy\u00f6v\u00e4n oireet voivat vaihdella tyypeitt\u00e4in, ja ne voivat aiheuttaa n\u00e4kyvi\u00e4 kyhmyj\u00e4, vaurioita tai vuotoja, kun taas FIP vaikuttaa useisiin osiin koko kehon tulehduksen vuoksi ja aiheuttaa ruokahaluttomuutta, kuumetta, hengitysvaikeuksia ja joissakin tapauksissa nesteen kertymist\u00e4.<\/p>\n<h3><\/h3>\n<h3>Kissan hemotrofinen mykoplasmoosi<\/h3>\n<p>Kissan hemotrofinen mykoplasmoosi (FHM) ja FIP ovat kaksi sairautta, jotka vaikuttavat kissoihin samanlaisissa olosuhteissa. Molemmat voivat aiheuttaa elimist\u00f6ss\u00e4 tulehduksen, joka johtaa heikkouteen, laihtumiseen, kuumeeseen, keltaisuuteen, kuivumiseen ja yleiseen huonovointisuuteen.<\/p>\n<p>FIP:n aiheuttaa kuitenkin FCoV-nimell\u00e4 tunnetun kissojen koronaviruksen aiheuttama infektio, kun taas FHM johtuu mykoplasmaksi kutsutusta bakteerista, joka el\u00e4\u00e4 luonnostaan monien kissojen kurkussa.<\/p>\n<h3><\/h3>\n<h3>Lymfooma<\/h3>\n<p>Lymfooma ja FIP ovat kaksi kissoilla yleisesti esiintyv\u00e4\u00e4 sairautta, jotka voivat oireiltaan olla hyvin samankaltaisia, sill\u00e4 molemmat aiheuttavat useiden ruumiinosien tulehduksen.<\/p>\n<p>Lymfooma on pahanlaatuisen mutaation aiheuttama imunestej\u00e4rjestelm\u00e4n sy\u00f6p\u00e4tyyppi, kun taas FIP on immunologinen sairaus, joka liittyy Corona-virukseen ja johtaa vatsakalvon vuotamiseen.<\/p>\n<p>Hoidot vaihtelevat suuresti riippuen siit\u00e4, onko kyseess\u00e4 lymfooma vai FIP.<\/p>\n<h3><\/h3>\n<h3>Syd\u00e4nongelmat<\/h3>\n<p>Kissojen syd\u00e4nterveytt\u00e4 ei pid\u00e4 j\u00e4tt\u00e4\u00e4 huomiotta, sill\u00e4 n\u00e4m\u00e4 el\u00e4imet voivat k\u00e4rsi\u00e4 useista syd\u00e4n- ja verisuoniongelmista. Koska FIP aiheuttaa tyypillisesti systeemist\u00e4 tulehdusta elimist\u00f6ss\u00e4, se voi vaikuttaa syd\u00e4meen ep\u00e4suorasti kuten muut syd\u00e4nsairaudet, kuten hypertrofinen kardiomyopatia tai syd\u00e4men vajaatoiminta.<\/p>\n<p>On t\u00e4rke\u00e4\u00e4 huomata, ett\u00e4 vaikka molemmilla taudeilla on joitakin yhteisi\u00e4 oireita &#8211; kuten ruokahaluttomuus, laihtuminen ja kuume &#8211; niiden toiminta on niin erilaista, ett\u00e4 ne vaativat erilaisia diagnostisia testej\u00e4, jotta voidaan varmistaa kumman tahansa sairauden lopullinen diagnoosi.<\/p>\n<p>Mahdollisen syd\u00e4nongelman yhteydess\u00e4 voidaan tarvita my\u00f6s useita muita testej\u00e4, kuten r\u00f6ntgenkuvaus ja elektrokardiografia.<\/p>\n<h3><\/h3>\n<h3>Maksatulehdus<\/h3>\n<p>Maksatulehdus on elimist\u00f6n luonnollinen puolustusmekanismi tauteja ja viruksia vastaan, mik\u00e4 voi johtaa pidempiaikaisiin komplikaatioihin.<\/p>\n<p>On t\u00e4rke\u00e4\u00e4, ett\u00e4 kissanomistajat ovat tietoisia maksatulehduksesta ja FIP:st\u00e4, sill\u00e4 niill\u00e4 on usein samankaltaisia oireita, kuten huono ruokahalu, velttous, keltaisuus ja heikentynyt energiataso.<\/p>\n<p>FIP aiheuttaa my\u00f6s maksatulehduksen ja maksaongelmia. On liian helppoa ajatella, ett\u00e4 kyseess\u00e4 on vain maksaongelma, vaikka se ei sit\u00e4 ole.<\/p>\n<h3><\/h3>\n<h3>Bakteeriperitoniitti<\/h3>\n<p>Bakteeriperitoniitti on FIP:n tavoin vakava ja mahdollisesti hengenvaarallinen sairaus kissoilla. Se on bakteerien aiheuttama vatsan limakalvon tulehdus, jonka oireet voivat olla hyvin samankaltaisia kuin FIP:n riippuen siit\u00e4, kuinka pitk\u00e4lle tauti on edennyt.<\/p>\n<p>Bakteeriperitoniitin aiheuttavat yleisimmin suolistobakteerit, kuten E. coli tai salmonella, jotka p\u00e4\u00e4sev\u00e4t suolistoon tai verenkiertoon sy\u00f6v\u00e4n, maksasairauden, elimist\u00f6n suojakerrosten vaurioitumisen, kuten trauman (esim. auto-onnettomuuden), loisten, ruokavalioh\u00e4iri\u00f6iden, kuten ruoka-aineallergioiden tai -intoleranssin, ja muiden virustartuntojen (mukaan lukien kissan immuunikatovirus) vuoksi, jotka ovat saattaneet aiemmin heikent\u00e4\u00e4 kissojen immuunij\u00e4rjestelm\u00e4\u00e4.<\/p>\n<h3><\/h3>\n<h3>Bakteeriper\u00e4inen keuhkopussitulehdus<\/h3>\n<p>Bakteeriper\u00e4inen keuhkopussitulehdus on keuhkopussin infektio, joka on ohut kudoskerros, joka muodostaa pussin jokaisen keuhkon ymp\u00e4rille. Se voi aiheuttaa samanlaisia oireita kuin FIP. Molemmat taudit aiheuttavat hoitamattomina ysk\u00e4\u00e4, hengitysvaikeuksia tai jopa romahdusta.<\/p>\n<p>Kun FIP johtaa yleens\u00e4 useiden elinten tulehdukseen samanaikaisesti, bakteeriper\u00e4inen keuhkopussitulehdus kohdistuu erityisesti alempiin hengitysteihin ja voi olla hyvin paikallinen, vaikka se aggressiivisen luonteensa vuoksi vaatii pikaista hoitoa.<\/p>\n<p>T\u00e4m\u00e4n infektion diagnoosi edellytt\u00e4\u00e4 yleens\u00e4 nesten\u00e4ytteen ottamista joko keuhkojen ja ruumiinonteloiden kohtaamispaikasta tai leikkauksen yhteydess\u00e4 otettujen kudosn\u00e4ytteiden tutkimista.<\/p>\n<p>Bakteeriper\u00e4isen keuhkopussitulehduksen hoito koostuu usein suonensis\u00e4isesti annettavista antibiooteista, jos mahdollista, sek\u00e4 t\u00e4ydent\u00e4v\u00e4st\u00e4 happihoidosta ja muista tukihoidoista, jotka riippuvat potilaan vaikeusasteesta.<\/p>\n<h3><\/h3>\n<h3>Kryptokokkoosi<\/h3>\n<p>Kryptokokkoosi eli kryptokokkitauti on sieni-infektio, jonka aiheuttaa maaper\u00e4ss\u00e4 ja lintujen ulosteissa esiintyv\u00e4 Cryptococcus neoformans -sieni. Molempien tautien oireet ovat melko samankaltaisia, kuten laihtuminen, kuume, anoreksia ja velttous.<\/p>\n<p>Kryptokokkoosin yhteydess\u00e4 voi esiinty\u00e4 my\u00f6s neurologisia oireita, kuten p\u00e4\u00e4n kallistumista ja ataksiaa.<\/p>\n","protected":false},"excerpt":{"rendered":"<p>FIP:ll\u00e4 on hyvin samankaltaisia oireita kuin monilla sairauksilla Kissan tarttuvan vatsakalvotulehduksen (FIP) diagnosointi voi olla hyvin haastavaa, sill\u00e4 monet sen oireista ovat yhteisi\u00e4 FIP:n kaltaisten sairauksien kanssa, joita voidaan erehty\u00e4 pit\u00e4m\u00e4\u00e4n kissan tarttuvana vatsakalvotulehduksena. T\u00e4llaisia oireita ovat laihtuminen, heikkous, letargia, kuume, anoreksia ja silm\u00e4vauriot. Koska n\u00e4m\u00e4 tilat ovat luonteeltaan niin samankaltaisia, on t\u00e4rke\u00e4\u00e4 k\u00e4\u00e4nty\u00e4 el\u00e4inl\u00e4\u00e4k\u00e4rin [&hellip;]<\/p>\n","protected":false},"author":1,"featured_media":21757,"parent":0,"menu_order":0,"comment_status":"closed","ping_status":"closed","template":"","meta":{"_glsr_average":0,"_glsr_ranking":0,"_glsr_reviews":0,"footnotes":""},"categories":[747],"tags":[],"_links":{"self":[{"href":"https:\/\/fipmed.co\/fi\/wp-json\/wp\/v2\/pages\/21756"}],"collection":[{"href":"https:\/\/fipmed.co\/fi\/wp-json\/wp\/v2\/pages"}],"about":[{"href":"https:\/\/fipmed.co\/fi\/wp-json\/wp\/v2\/types\/page"}],"author":[{"embeddable":true,"href":"https:\/\/fipmed.co\/fi\/wp-json\/wp\/v2\/users\/1"}],"replies":[{"embeddable":true,"href":"https:\/\/fipmed.co\/fi\/wp-json\/wp\/v2\/comments?post=21756"}],"version-history":[{"count":0,"href":"https:\/\/fipmed.co\/fi\/wp-json\/wp\/v2\/pages\/21756\/revisions"}],"wp:featuredmedia":[{"embeddable":true,"href":"https:\/\/fipmed.co\/fi\/wp-json\/wp\/v2\/media\/21757"}],"wp:attachment":[{"href":"https:\/\/fipmed.co\/fi\/wp-json\/wp\/v2\/media?parent=21756"}],"wp:term":[{"taxonomy":"category","embeddable":true,"href":"https:\/\/fipmed.co\/fi\/wp-json\/wp\/v2\/categories?post=21756"},{"taxonomy":"post_tag","embeddable":true,"href":"https:\/\/fipmed.co\/fi\/wp-json\/wp\/v2\/tags?post=21756"}],"curies":[{"name":"wp","href":"https:\/\/api.w.org\/{rel}","templated":true}]}}