{"id":21801,"date":"2024-03-28T05:15:08","date_gmt":"2024-03-28T05:15:08","guid":{"rendered":"https:\/\/fipmed.co\/paras-oraalilaakitys-fip-fip-fip-tabletit-ja-kapselit\/"},"modified":"2024-03-28T05:15:08","modified_gmt":"2024-03-28T05:15:08","slug":"paras-oraalilaakitys-fip-fip-fip-tabletit-ja-kapselit","status":"publish","type":"page","link":"https:\/\/fipmed.co\/fi\/paras-oraalilaakitys-fip-fip-fip-tabletit-ja-kapselit\/","title":{"rendered":"Paras suun kautta otettava l\u00e4\u00e4ke FIP:hen &#8211; FIP-tabletit ja -kapselit"},"content":{"rendered":"<p>Vaikka injektioita pidet\u00e4\u00e4n yleisesti luotettavampina kuin GS-441524:n suun kautta annettavaa muotoa FIP:n hoidossa, monet kissanomistajat valitsevat suun kautta annettavan vaihtoehdon v\u00e4ltt\u00e4\u00e4kseen injektioista mahdollisesti aiheutuvan ep\u00e4mukavuuden. Jotkut kissat saattavat tuntea ep\u00e4mukavuutta tai vastenmielisyytt\u00e4 injektioita kohtaan pidemm\u00e4n hoitojakson j\u00e4lkeen, ja jotkut kissat saattavat vastustaa toimenpidett\u00e4 jyrk\u00e4sti. Lis\u00e4ksi on mahdollista, ett\u00e4 pistoskohtaan tulee haavaumia l\u00e4\u00e4kkeen happamuuden vuoksi. N\u00e4iss\u00e4 tilanteissa injektioita voidaan korvata suun kautta otettavilla kapseleilla tai FIP-tableteilla. Suun kautta annosteltaessa ei tarvitse huolehtia l\u00e4\u00e4keresistenssist\u00e4. GS-441524:n tehokkuus sek\u00e4 m\u00e4r\u00e4n ett\u00e4 kuivan FIP:n hoidossa on johdonmukainen riippumatta siit\u00e4, miss\u00e4 muodossa sit\u00e4 k\u00e4ytet\u00e4\u00e4n.<\/p>\n<p>GS-441524:n ensimm\u00e4isiss\u00e4 kentt\u00e4kokeissa FIP:n hoidossa sit\u00e4 ruiskutettiin ihon alle. Sek\u00e4 suonensis\u00e4iset ett\u00e4 ihonalaiset injektiot tuottivat korkeat veripitoisuudet, jotka pysyiv\u00e4t tasolla, joka pys\u00e4ytti viruksen yli 24 tunnin ajan. Tutkijat havaitsivat my\u00f6s, ett\u00e4 l\u00e4\u00e4kkeen antaminen suun kautta nosti veripitoisuuksia, mutta se tapahtui hieman my\u00f6hemmin ja vain noin 40 prosentilla huippupitoisuuksista, jotka havaittiin ihonalaisella ja laskimonsis\u00e4isell\u00e4 reitill\u00e4 (Pedersen NC, yksityinen tieto, 2018). Koirat, joilla on pidempi suolisto ja jotka ovat kehittyneet sy\u00f6m\u00e4\u00e4n sek\u00e4 lihaa ett\u00e4 kasveja, voivat kuitenkin saada jopa 85 prosenttia GS441524:st\u00e4 ravinnon kautta [1, 5]. suun imeytymist\u00e4 koskevissa tutkimuksissa on usein k\u00e4ytetty koiria ihmisten korvikkeina. T\u00e4m\u00e4 tarkoittaa, ett\u00e4 my\u00f6s ihmisten suuhun imeytyminen on todenn\u00e4k\u00f6isesti suurempaa kuin kissojen.<\/p>\n<p>Niinp\u00e4 ihonalainen tapa valittiin kissoilla teht\u00e4viin kentt\u00e4kokeisiin, koska sit\u00e4 oli helppo k\u00e4ytt\u00e4\u00e4 ja se tuotti korkeat veripitoisuudet.<\/p>\n<p>GS-441524:n kiinalaiset myyj\u00e4t kopioivat julkaistun kentt\u00e4kokeen laimennusaineen, l\u00e4\u00e4kepitoisuuden ja ihonalaisen antotavan. T\u00e4m\u00e4n j\u00e4lkeen he tutkivat l\u00e4\u00e4kett\u00e4 ja tarjoavat sit\u00e4 pillerimuodossa. Kiinalaiset tutkijat havaitsivat, ett\u00e4 he pystyiv\u00e4t saamaan GS-441524:n tehokkaat pitoisuudet veress\u00e4 vain lis\u00e4\u00e4m\u00e4ll\u00e4 suun kautta otettavien versioidensa sis\u00e4lt\u00e4m\u00e4\u00e4 l\u00e4\u00e4kett\u00e4.<\/p>\n<p>T\u00e4m\u00e4n j\u00e4lkeen muut yritykset toivat markkinoille omia versioita GS-441524:st\u00e4, jotka voitiin ottaa suun kautta. Kuluttajat voivat ostaa kapseleita ja tabletteja heti. Merkinn\u00f6iss\u00e4 mainitaan ainesosina useita suosittuja, turvallisia kemikaaleja ja l\u00e4\u00e4kekasveja, mutta GS-441524 ei ole yksi niist\u00e4. Tullimiehet eiv\u00e4t luultavasti katso t\u00e4t\u00e4 tarkkaan. GS-441524 on vaikuttava aine kaikissa suun kautta otettavissa tuotteissa riippumatta siit\u00e4, mit\u00e4 muuta niiss\u00e4 on. Sublinguaalisia tuotteita myyv\u00e4t yritykset eiv\u00e4t kerro, kuinka paljon GS-441524-valmistetta niiss\u00e4 on, mutta on selv\u00e4\u00e4, ett\u00e4 se on paljon enemm\u00e4n kuin mit\u00e4 tarvittaisiin, jos l\u00e4\u00e4ke annettaisiin ihon alle.<\/p>\n<p>N\u00e4ytt\u00e4\u00e4 silt\u00e4, ett\u00e4 yh\u00e4 useammat lemmikkiel\u00e4inten omistajat ja el\u00e4inl\u00e4\u00e4k\u00e4rit k\u00e4ytt\u00e4v\u00e4t suun kautta annettavaa GS-441524-valmistetta osana hoitoa tai kokonaan. Kahden viime vuoden aikana suun kautta annettavien GS-441524-tuotteiden laatu on parantunut, kun taas hinta on hitaasti laskenut. Koska injektiokohdan reaktiot ovat ongelma ja koska GS-441524:n suun kautta annettavat valmisteet toimivat paremmin, suun kautta annettavasta hoidosta on tullut suositumpaa. Yh\u00e4 useampia kissoja hoidetaan l\u00e4\u00e4kkeill\u00e4, joita ne ottavat suun kautta joko osan hoidosta tai koko hoidon ajan.<\/p>\n<h1>FIP-tabletit vs. kapselit: Tabletit: Koostumus ja annostus<\/h1>\n<p>Suun kautta otettavassa GS-441524-valmisteessa on paljon enemm\u00e4n GS-441524-valmistetta vaikuttavana aineena, jotta imeytymisvajaus voidaan korvata. Kaikki tunnetut suun kautta otettavat tuotteet ovat pillereit\u00e4. FIPMedin tabletit ovat kuitenkin pienempikokoisia, joten ne on helpompi nauttia. Jotkin suun kautta otettavat l\u00e4\u00e4kkeet ovat FIP-kapseleita, jotka on my\u00f6s t\u00e4ytetty nesteell\u00e4 tai jauheella, ja jos kissat purevat niit\u00e4, ne voivat menett\u00e4\u00e4 sis\u00e4ll\u00e4 olevan l\u00e4\u00e4kkeen. Kun kissat rikkovat pillerit, niiden tiedet\u00e4\u00e4n reagoivan huonosti.<\/p>\n<p>Ohjeet pillereiden tai tablettien ottamiseksi ovat samat kaikille suun kautta otettaville l\u00e4\u00e4kkeille. Yleens\u00e4 on parasta olla sy\u00f6m\u00e4tt\u00e4 tai juomatta mit\u00e4\u00e4n 30 minuuttiin ennen l\u00e4\u00e4kkeen antamista ja sen j\u00e4lkeen. Jotkut kissat saattavat ottaa niit\u00e4, jos annat niille pienen herkkupalan, ja monet kissat sy\u00f6v\u00e4t niit\u00e4, jos laitat ne lautaselle peitt\u00e4v\u00e4n herkkupalan kanssa (kuten Churu).<\/p>\n<p>Vaikka sek\u00e4 suun kautta otettavat kapselit ett\u00e4 pillerit ovat yht\u00e4 tehokkaita, kapselien antaminen on yleens\u00e4 vaikeampaa kuin tablettien. Kapselit ovat suurempia, joten kissojen on vaikea niell\u00e4 niit\u00e4 vaivattomasti. Jauhemuodossa olevien l\u00e4\u00e4kkeiden pakkaaminen tableteiksi vaatii enemm\u00e4n tuotantokapasiteettia, kun taas amat\u00f6\u00f6rien takaporttituotanto k\u00e4ytt\u00e4\u00e4 ihmisty\u00f6voimaa jauheen pakkaamiseen kapseleiksi.<\/p>\n<p>FIPMED-oraalipillerit ovat pienikokoisia verrattuna markkinoilla oleviin, mutta sis\u00e4lt\u00e4v\u00e4t silti suuren m\u00e4\u00e4r\u00e4n GS441524:\u00e4\u00e4, joka imeytyy hyvin. Niit\u00e4 myyd\u00e4\u00e4n 30 mg ja 40 mg pitoisuuksina, ei kuten markkinoilla olevia 5 mg:n pitoisuuksia, joita sinun on annettava useita tabletteja saman vaikutuksen aikaansaamiseksi. Ne ovat kompakteja ja niit\u00e4 voidaan helposti k\u00e4ytt\u00e4\u00e4 useimmissa tilanteissa.<\/p>\n<h1>FIP-tablettien kustannukset<\/h1>\n<p>Suun kautta otettavan GS-valmisteen hinta on laskenut paljon viimeisen vuoden aikana. Hinnoista puheen ollen, suun kautta otettava GS-441524 on 20-40 prosenttia kalliimpi kuin sen injektoitava vastine, mutta FIPMedin tabletit ovat markkinoiden edullisimpia, ja ne maksavat l\u00e4hes yht\u00e4 paljon kuin injektionesteet.<\/p>\n<h1>Mik\u00e4 tekee suusta ja laukauksesta erilaisen<\/h1>\n<p>Suun kautta annettava GS-441524 ei yleens\u00e4 ole hyv\u00e4 idea kissoille, jotka jo oksentelevat tai oksentavat ja joilla on ripuli. Ihmiset antavat usein kissoille, joilla on suuria ruoansulatusongelmia, injektioita, kunnes ongelmat h\u00e4vi\u00e4v\u00e4t. GS-441524:n ihonalainen anto on my\u00f6s luotettavampaa kuin suun kautta annostelu. T\u00e4m\u00e4 on usein hyvin t\u00e4rke\u00e4 tekij\u00e4 hyvin sairaiden ja ep\u00e4vakaiden kissojen alkuhoidossa. Kun p\u00e4\u00e4tet\u00e4\u00e4n, jatketaanko GS-441524-injektion antamista kissalle, se riippuu usein siit\u00e4, kuinka hyvin omistaja pystyy tekem\u00e4\u00e4n pistokset, kuinka valmis kissa on tottumaan kipuun ja kuinka usein pistoskohdan haavaumia esiintyy. T\u00e4ll\u00f6in suun kautta otettava l\u00e4\u00e4ke on usein mukava tauko sek\u00e4 omistajalle ett\u00e4 kissalle.<\/p>\n<h1>Kuinka tehokas on suun kautta otettava GS-441524 FIP-hoitona?<\/h1>\n<p>Kun suun kautta annettava FIP-hoito annetaan oikeaan aikaan ja oikealla annostuksella, se voi olla yht\u00e4 tehokasta kuin ihonalaiset injektiot kissan tarttuvan vatsakalvotulehduksen hoidossa. Toisaalta FIP:n hoidon asiantuntijat ovat yleisesti yht\u00e4 mielt\u00e4 siit\u00e4, ett\u00e4 suun kautta hoidetuilla kissoilla on suurempi mahdollisuus sairastua uudelleen kuin pistoksilla hoidetuilla kissoilla koko hoidon ajan. Suun kautta otettavat kapselit ja pillerit eiv\u00e4t v\u00e4ltt\u00e4m\u00e4tt\u00e4 tarjoa optimaalista hoitoa kissoille, joilla on FIP:n neurologisia muotoja tai joilla on usein oksentelua tai ripulia. T\u00e4ll\u00e4 hetkell\u00e4 ei ole raportoitu haittavaikutuksia, jotka liittyisiv\u00e4t injektio- tai suun kautta annettavaan FIP-hoitoon.<\/p>\n<p>Jotkut kissat eiv\u00e4t ole reagoineet hyvin GS-441524:n ottamiseen suun kautta ensimm\u00e4isen\u00e4 hoitona, tai niill\u00e4 on ollut relapseja, kun ne ovat siirtyneet pistoksista pillereihin. Muissa tapauksissa sama m\u00e4\u00e4r\u00e4 GS-441524-valmistetta suun kautta antamalla on voitu parantaa sairauksia, jotka eiv\u00e4t vastanneet hyvin pistoksiin. Suosittelemme GS-441524:n ruiskeena annettavaa muotoa, jolla voidaan saavuttaa neurofip-taudin hoidossa tarvittavat tarkat m\u00e4\u00e4r\u00e4t, erityisesti silloin, kun virus on tullut vastustuskykyiseksi eri l\u00e4\u00e4kkeille.<\/p>\n<p>&nbsp;<\/p>\n<p>Viitatut tutkimukset GS-441524:\u00e4\u00e4n ja GS-441524:\u00e4\u00e4n liittyvien nukleosidien GI-imeytymisest\u00e4.<\/p>\n<p>1. Thomas L. Remdesiviirin esiaste osoittaa terapeuttista potentiaalia COVID-19:n hoidossa.<br \/>\nhttps:\/\/www.news-medical.net\/news\/20210209\/A-precursor-to-remdesivir-showstherapeuticpotential-for-COVID-19.aspx.<\/p>\n<p>2. Painter GR, Bowen RA, Bluemling GR, et al. Ennaltaehk\u00e4isev\u00e4 ja terapeuttinen aktiivisuus, joka liittyy<br \/>\nlaajalti aktiivinen ribonukleosidianalogi hiirimallissa, jossa intranasaalinen venezuelalainen hevosel\u00e4in on aiheuttanut<br \/>\nenkefaliittivirusinfektio. Antiviral Res. 2019;171:104597.<br \/>\ndoi:10.1016\/j.antiviral.2019.104597<\/p>\n<p>Suun kautta annettuna EIDD-1931 imeytyy nopeasti, kuten plasman T-max-arvot osoittavat.<br \/>\naltistukset ovat suuria (C-ma-x-arvot vaihtelevat v\u00e4lill\u00e4 30-40\u03bcM).<br \/>\nja ovat annosriippuvaisia, mutta huomattavasti v\u00e4hemm\u00e4n kuin annosprosenttisia. Havainto<br \/>\nbiologisen hy\u00f6tyosuuden pieneneminen annoksen kasvaessa voi viitata kapasiteetin rajoittuneeseen imeytymiseen, joka on<br \/>\nilmi\u00f6, joka on raportoitu muiden nukleosidien osalta (de Miranda et al., 1981). EIDD-1931,<br \/>\nkuten useimmat endogeeniset nukleosidit ja ksenobioottiset nukleosidianalogit, on eritt\u00e4in polaarinen,<br \/>\nhydrofiilinen molekyyli (cLog P =-2,2), ja siksi se todenn\u00e4k\u00f6isesti vaatii toimivia kuljettajia, jotta<br \/>\nsolukalvojen l\u00e4pi. T\u00e4m\u00e4 riippuvuus selitt\u00e4isi kapasiteetin rajallisen hyv\u00e4ksik\u00e4yt\u00f6n, joka on havaittu<br \/>\nfarmakokineettiset tutkimukset CD-1-hiirill\u00e4. Aiemmat raportit osoittivat my\u00f6s, ett\u00e4 nukleosidien<br \/>\nimeytyminen hiiren suoliston epiteelisoluihin tapahtuu ensisijaisesti natriumista riippuvaisen<br \/>\nkonsentratiiviset nukleosidikuljettajat (Cass ym., 1999; Vijayalakshmi ja Belt, 1988).<\/p>\n<p>3. Cass, C.E., Young, J.D., Baldwin, S.A., Cabrita, M.A., Graham, K.A., Griffiths, M.,Jennings,<br \/>\nL.L., Mackey, J.R., Ng, A.M., Ritzel, M.W., Vickers, M.F., Yao, S.Y., 1999.Nucleoside<br \/>\nnis\u00e4k\u00e4ssolujen kuljettajat. Pharm. Biotechnol. 12313-12352<\/p>\n<p>4. de Miranda, P., Krasny, H.C., Page, D.A., Elion, G.B., 1981. Asikloviirin dispositio<br \/>\nv\u00e4linpit\u00e4m\u00e4tt\u00f6m\u00e4t lajit. J. Pharmacol. Exp. Ther. 219 (2), 309-315<\/p>\n<p>5. Vijayalakshmi, D., Belt, J.A., 1988. Natriumista riippuvainen nukleosidien kuljetus hiiress\u00e4<br \/>\nsuoliston epiteelisolut. Kaksi kuljetusj\u00e4rjestelm\u00e4\u00e4, joilla on erilaiset substraattispesifisyydet. Biol.<br \/>\nChem. 263 (36), 19419-19423.<\/p>\n<p>6. Yan VC, Khadka S, Arthur K, Ackroyd JJ, Georgiou DK, Muller FL. Suun kautta annettavan l\u00e4\u00e4kkeen farmakokinetiikka<br \/>\nAnnettu GS-441524 koirille. bioRxiv, doi: https:\/\/doi.org\/10.1101\/2021.02.04.429674<\/p>\n<p>7. https:\/\/ccah.vetmed.ucdavis.edu\/<\/p>\n","protected":false},"excerpt":{"rendered":"<p>Vaikka injektioita pidet\u00e4\u00e4n yleisesti luotettavampina kuin GS-441524:n suun kautta annettavaa muotoa FIP:n hoidossa, monet kissanomistajat valitsevat suun kautta annettavan vaihtoehdon v\u00e4ltt\u00e4\u00e4kseen injektioista mahdollisesti aiheutuvan ep\u00e4mukavuuden. Jotkut kissat saattavat tuntea ep\u00e4mukavuutta tai vastenmielisyytt\u00e4 injektioita kohtaan pidemm\u00e4n hoitojakson j\u00e4lkeen, ja jotkut kissat saattavat vastustaa toimenpidett\u00e4 jyrk\u00e4sti. Lis\u00e4ksi on mahdollista, ett\u00e4 pistoskohtaan tulee haavaumia l\u00e4\u00e4kkeen happamuuden vuoksi. N\u00e4iss\u00e4 [&hellip;]<\/p>\n","protected":false},"author":1,"featured_media":21802,"parent":0,"menu_order":0,"comment_status":"closed","ping_status":"closed","template":"","meta":{"_glsr_average":0,"_glsr_ranking":0,"_glsr_reviews":0,"footnotes":""},"categories":[722],"tags":[],"_links":{"self":[{"href":"https:\/\/fipmed.co\/fi\/wp-json\/wp\/v2\/pages\/21801"}],"collection":[{"href":"https:\/\/fipmed.co\/fi\/wp-json\/wp\/v2\/pages"}],"about":[{"href":"https:\/\/fipmed.co\/fi\/wp-json\/wp\/v2\/types\/page"}],"author":[{"embeddable":true,"href":"https:\/\/fipmed.co\/fi\/wp-json\/wp\/v2\/users\/1"}],"replies":[{"embeddable":true,"href":"https:\/\/fipmed.co\/fi\/wp-json\/wp\/v2\/comments?post=21801"}],"version-history":[{"count":0,"href":"https:\/\/fipmed.co\/fi\/wp-json\/wp\/v2\/pages\/21801\/revisions"}],"wp:featuredmedia":[{"embeddable":true,"href":"https:\/\/fipmed.co\/fi\/wp-json\/wp\/v2\/media\/21802"}],"wp:attachment":[{"href":"https:\/\/fipmed.co\/fi\/wp-json\/wp\/v2\/media?parent=21801"}],"wp:term":[{"taxonomy":"category","embeddable":true,"href":"https:\/\/fipmed.co\/fi\/wp-json\/wp\/v2\/categories?post=21801"},{"taxonomy":"post_tag","embeddable":true,"href":"https:\/\/fipmed.co\/fi\/wp-json\/wp\/v2\/tags?post=21801"}],"curies":[{"name":"wp","href":"https:\/\/api.w.org\/{rel}","templated":true}]}}