{"id":21876,"date":"2024-03-25T07:31:47","date_gmt":"2024-03-25T07:31:47","guid":{"rendered":"https:\/\/fipmed.co\/9-yleiset-fip-n-liitannaissairaudet\/"},"modified":"2024-03-25T07:31:47","modified_gmt":"2024-03-25T07:31:47","slug":"9-yleiset-fip-n-liitannaissairaudet","status":"publish","type":"page","link":"https:\/\/fipmed.co\/fi\/9-yleiset-fip-n-liitannaissairaudet\/","title":{"rendered":"9 Yleiset FIP:n liit\u00e4nn\u00e4issairaudet"},"content":{"rendered":"<h2>Miksi FIP esiintyy usein yhdess\u00e4 muiden sairauksien kanssa?<\/h2>\n<p>Kissat, joilla on muita sairauksia kuin FIP, ovat usein sattumalta positiivisia FCoV-vasta-aineiden tai viruksen suhteen. T\u00e4ss\u00e4 on 9 yleist\u00e4 FIP:n liit\u00e4nn\u00e4issairautta.<\/p>\n<p>FIP voi olla seurausta immuunij\u00e4rjestelm\u00e4n heikentymisest\u00e4 jo olemassa olevien sairauksien vuoksi, viruksen mutaatiosta tai alkuper\u00e4isest\u00e4 taudista, joka aiheuttaa uusia komplikaatioita.<\/p>\n<h3>Ennalta olemassa oleva tila<\/h3>\n<p>Jo olemassa oleva sairaus voi tehd\u00e4 kissoista alttiimpia FIP:lle, mik\u00e4 vaikuttaa niiden yleiseen terveyteen ja el\u00e4m\u00e4nlaatuun. T\u00e4m\u00e4 johtuu siit\u00e4, ett\u00e4 muut sairaudet tai heikentynyt immuunij\u00e4rjestelm\u00e4 voivat aiheuttaa FIP:n aiheuttavan viruksen mutaation.<\/p>\n<p>Esiintyvi\u00e4 sairauksia ei aina ole ilmeist\u00e4, mutta joitakin yleisi\u00e4 merkkej\u00e4 voivat olla kuume, laihtuminen, letargia, anoreksia ja nestehukka &#8211; kaikki n\u00e4m\u00e4 ovat bakteeri-infektioiden indikaattoreita.<\/p>\n<p>Jos se huomataan varhain, antibiootit tai lis\u00e4ravinto voivat auttaa lievent\u00e4m\u00e4\u00e4n kissan jo heikentyneen tilan aiheuttamia lis\u00e4vahinkoja. Lis\u00e4ksi on t\u00e4rke\u00e4\u00e4 pit\u00e4\u00e4 rokotukset ajan tasalla, sill\u00e4 ne voivat my\u00f6s suojata koiria mahdollisilta toissijaisilta kehityskuluilta, jotka johtuvat jo olemassa olevista sairauksista, kuten FIP:st\u00e4.<\/p>\n<h3>Viruksen mutaatio<\/h3>\n<p>Viruksen piikkiproteiinin, joka on kissojen koronaviruksen t\u00e4rkein osa, mutaatiot voivat aiheuttaa muutoksia viruksen levi\u00e4misess\u00e4 ja lis\u00e4\u00e4ntymisess\u00e4. Kun kyseisess\u00e4 proteiinissa on mutaatioita, se lis\u00e4\u00e4 FIP:n kyky\u00e4 tartuttaa kissoja ja lis\u00e4\u00e4 sen vakavuutta sairastuessaan.<\/p>\n<p>Lis\u00e4ksi n\u00e4m\u00e4 piikit voivat h\u00e4irit\u00e4 muita prosesseja, jotka liittyv\u00e4t tavallisimmin immuunij\u00e4rjestelm\u00e4n solujen toimintaan, mik\u00e4 johtaa ep\u00e4normaaleihin tuloksiin tavanomaisen sairauden kehityksess\u00e4.<\/p>\n<p>T\u00e4m\u00e4n seurauksena FIP:hen liittyv\u00e4t erilaiset liit\u00e4nn\u00e4issairaudet, kuten keuhkokuume, krooninen munuaissairaus (CKD), kissojen leukemiavirus (FeLV), sy\u00f6p\u00e4 tai autoimmuunisairaudet, voivat kehitty\u00e4 odotettua nopeammin, koska soluissa jo olevien virusmutaatioiden aiheuttamat immuunivasteet ovat heikentyneet.<\/p>\n<h3>Alkuper\u00e4inen sairaus aiheutti heikon immuunij\u00e4rjestelm\u00e4n<\/h3>\n<p>Kun kissalla on perussairaus, sen immuunij\u00e4rjestelm\u00e4 voi heikenty\u00e4. T\u00e4m\u00e4 heikentynyt vastustuskyky johtaa sitten suurempaan riskiin sairastua FIP:hen. Ymp\u00e4rist\u00f6stressi voi my\u00f6s heikent\u00e4\u00e4 immuunij\u00e4rjestelm\u00e4\u00e4 ja lis\u00e4t\u00e4 alttiutta FIPV-infektioille.<\/p>\n<p>Erityisesti kissat, joilla on FeLV-infektio (Feline Leukemia Virus), ovat muita terveit\u00e4 kissoja alttiimpia FIP-virukselle, koska niiden heikentynyt immuunij\u00e4rjestelm\u00e4 ei pysty torjumaan tehokkaasti uusia viruksia.<\/p>\n<p>Nuorilla kissoilla ja kissoilla, joiden immuunij\u00e4rjestelm\u00e4 on jo heikentynyt, voi olla vaikeuksia torjua FIPV:n kaltaisia katastrofaalisia virusinfektioita.<\/p>\n<p>&nbsp;<\/p>\n<h2>Keuhkokuume ja FIP<\/h2>\n<p>Keuhkokuume on yleinen kissojen FIP:hen liittyv\u00e4 liit\u00e4nn\u00e4issairaus. T\u00e4m\u00e4 tarkoittaa, ett\u00e4 jos kissallasi on FIP, sill\u00e4 on todenn\u00e4k\u00f6isesti my\u00f6s keuhkokuume osana infektiota. Keuhkokuume syntyy, kun tulehdus tukkii keuhkoihin johtavat hengitystiet, ja se voi vaikuttaa mink\u00e4 ik\u00e4iseen tai rotuiseen kissaan tahansa.<\/p>\n<p>FIP:t\u00e4 sairastaville kissoille voi kehitty\u00e4 keuhkokuume, koska FCoV:n virushiukkaset aiheuttavat tulehdusreaktion, joka voi johtaa hengitysvaikeuksiin ja ysk\u00e4\u00e4n, koska keuhkoihin ja keuhkopussin tai vatsakalvon onteloihin kertyy nestett\u00e4.<\/p>\n<p>Keuhkokuumeen oireet ilmaantuvat yleens\u00e4 kahden viikon kuluessa altistumisesta kissan koronavirukselle, kuten ruokahaluttomuus, velttous, kuume, nopea hengitys, syd\u00e4men sykkeen nousu, hengitysvaikeudet (ns. hengenahdistus), laihtuminen ja verisen liman yskiminen.<\/p>\n<h2><strong>CKD ja FIP<\/strong><\/h2>\n<p>Kissoilla, joilla on krooninen munuaissairaus (CKD), on suurentunut riski sairastua FIP:hen, mahdollisesti kuolemaan johtavaan virusinfektioon. Tutkimukset ovat osoittaneet, ett\u00e4 diagnosoimattomasta tai huonosti hoidetusta CKD:st\u00e4 k\u00e4rsiv\u00e4t kissat voivat sairastua todenn\u00e4k\u00f6isemmin FIP:hen, koska niiden immuunij\u00e4rjestelm\u00e4 on heikentynyt aikaisemman sairauden vuoksi.<\/p>\n<p>Itse asiassa CKD paljastuu usein, kun FIP ilmenee sairastuneella el\u00e4imell\u00e4 &#8211; mik\u00e4 osoittaa, ett\u00e4 CKD oli jo olemassa ennen FIP:n oireiden ilmaantumista. T\u00e4m\u00e4 viittaa n\u00e4iden kahden sairauden v\u00e4liseen suhteeseen ja siihen, miten ne voivat vaikuttaa toisiinsa kielteisesti.<\/p>\n<p>Onneksi CKS:n ja FIP:n varhainen diagnosointi voi parantaa kissojen tuloksia, sill\u00e4 molempien sairauksien nopea hoito voi hidastaa molempien sairauksien etenemist\u00e4 ja parantaa niihin liittyvi\u00e4 oireita, kuten munuaisten vajaatoimintaa tai kuumetta.<\/p>\n<h2>FELV ja FIP<\/h2>\n<p>Kissan leukemiavirusinfektio (FeLV-infektio) on yleinen samanaikainen sairaus FIP:n kanssa. Useimmilla FIP:n sairastavilla kissoilla on jokin jo olemassa oleva sairaus tai infektio, kuten FeLV, mik\u00e4 tekee niist\u00e4 alttiimpia viruksille ja muille tartunnanaiheuttajille.<\/p>\n<p>Viruksen mutaatio voi johtaa opportunistisiin infektioihin heikentyneess\u00e4 immuunij\u00e4rjestelm\u00e4ss\u00e4, mik\u00e4 johtaa taudin kehittymiseen. Kun FeLV-infektio esiintyy FIP:n yhteydess\u00e4, monilla tartunnan saaneilla kissoilla esiintyy syv\u00e4\u00e4 panleukopeniaa &#8211; valkosolujen v\u00e4henemist\u00e4, joka heikent\u00e4\u00e4 kissan immuniteettia.<\/p>\n<p>T\u00e4m\u00e4ntyyppinen anemia aiheuttaa verihiutaleiden m\u00e4\u00e4r\u00e4n jyrkk\u00e4\u00e4 laskua ja lis\u00e4\u00e4 laskimoiden ja valtimoiden haurautta, mik\u00e4 johtaa verenvuoto-ongelmiin koko kehossa. Muita FeLV:hen liittyvi\u00e4 sairauksia ovat pahanlaatuiset kasvaimet, immunosuppressio ja sairastuneiden kissojen lis\u00e4\u00e4ntynyt viruskuormitus, jotka kaikki ovat tekij\u00f6it\u00e4, jotka heikent\u00e4v\u00e4t merkitt\u00e4v\u00e4sti kissojen terveydentilaa FIP:n diagnosoinnin j\u00e4lkeen.<\/p>\n<h2>Sy\u00f6p\u00e4 ja FIP<\/h2>\n<p>Kissat, joille kehittyy sy\u00f6p\u00e4 eli kissojen neoplasia, voivat yht\u00e4 helposti sairastua muihin samanaikaisiin sairauksiin, kuten FIP:hen. Vaikka ei ole todisteita siit\u00e4, ett\u00e4 sy\u00f6v\u00e4n ja FIP:n v\u00e4lill\u00e4 olisi suora yhteys kissoilla, asiantuntijat tunnustavat, ett\u00e4 joidenkin sy\u00f6p\u00e4\u00e4 sairastavien kissojen alttius sairastua FIP:hen on lis\u00e4\u00e4ntynyt.<\/p>\n<p>Kumpaankin sairauteen sairastuneiden heikompi immuunij\u00e4rjestelm\u00e4 vaikuttaa todenn\u00e4k\u00f6isesti siihen, ett\u00e4 molemmat sairaudet esiintyv\u00e4t samanaikaisesti.<\/p>\n<p>Oireet voivat olla jonkin verran p\u00e4\u00e4llekk\u00e4isi\u00e4 riippuen erityisist\u00e4 sy\u00f6p\u00e4tyypeist\u00e4 ja FIP:n viruskannasta, kuten krooninen laihtuminen\/painonnousu, velttous, heikko yleinen terveydentila, toistuvat kuumejaksot tai hengitystieongelmat, joita esiintyy molemmissa tiloissa samanaikaisesti.<\/p>\n<p>Koska n\u00e4ill\u00e4 kahdella taudilla on joitakin yhteisi\u00e4 indikaattoreita, lopullinen diagnoosi edellytt\u00e4\u00e4 yleens\u00e4 t\u00e4ydellist\u00e4 veripaneelin seulontaa, jonka avulla el\u00e4inl\u00e4\u00e4k\u00e4rit voivat analysoida paremmin infektioiden luonnetta ja laajuutta.<\/p>\n<h2>Autoimmuunisairaudet ja FIP<\/h2>\n<p>Kissanomistajien on oltava tietoisia FIP:hen liittyvist\u00e4 mahdollisista riskitekij\u00f6ist\u00e4, joista yksi voi olla autoimmuunisairaus. Autoimmuunisairauksia esiintyy kissoilla, kun elimist\u00f6n vasta-aineet hy\u00f6kk\u00e4\u00e4v\u00e4t omia kudoksia ja elimi\u00e4 vastaan vieraiden aineiden, kuten bakteerien ja virusten, sijasta.<\/p>\n<p>T\u00e4m\u00e4 immuunij\u00e4rjestelm\u00e4n heikentynyt tila tekee siit\u00e4 alttiimman FIP:n kaltaisille infektioille. Lis\u00e4ksi autoimmuunisairauksista johtuvat ennakkotilat voivat luoda ymp\u00e4rist\u00f6n koronavirusten mutaatioille, jotka ovat alun perin vaarattomia, mutta voivat kehitty\u00e4 FIP:ksi ja aiheuttaa vahinkoa elint\u00e4rkeiden elinten soluille.<\/p>\n<p>Koska tauti tarttuu ilmateitse, jopa terveet kissat, joilla ei ole mit\u00e4\u00e4n ennakkotiloja, voivat silti olla vaarassa, jos ne ovat altistuneet tartunnan saaneelle kissalle, joka tassuttelee nen\u00e4\u00e4ns\u00e4 tai aivastelee niiden l\u00e4hell\u00e4.<\/p>\n<h2>Bakteeri-infektio ja FIP<\/h2>\n<p>Kissanomistajien tulisi olla tietoisia siit\u00e4, ett\u00e4 bakteeri-infektiot voivat vaikuttaa FIP:n kehittymiseen ja etenemiseen.<\/p>\n<p>Lis\u00e4ksi hoitamaton bakteeri-infektio voi heikent\u00e4\u00e4 kissan immuunij\u00e4rjestelm\u00e4\u00e4 entisest\u00e4\u00e4n, mik\u00e4 johtaa siihen, ett\u00e4 se sairastuu nopeammin FIP:hen, jos se on saanut tartunnan.<\/p>\n<h2>FHV ja FIP<\/h2>\n<p>Kun kissa on saanut tartunnan sek\u00e4 Feline Herpesviruksesta (FHV) ett\u00e4 FIP:st\u00e4, kyseess\u00e4 voi olla erityisen vakava tapaus. FHV heikent\u00e4\u00e4 elimist\u00f6n kyky\u00e4 torjua muita sairauksia, jolloin kissat ovat alttiimpia sairastumaan muihin infektioihin, kuten FIP:hen.<\/p>\n<p>Lis\u00e4ksi taudin oireet voivat edet\u00e4 nopeammin immuunij\u00e4rjestelm\u00e4n heikentyess\u00e4. T\u00e4m\u00e4 johtuu siit\u00e4, ett\u00e4 riippuen geenimutaation perusteella valitusta kannasta, jos kaksi tekij\u00e4\u00e4, kuten t\u00e4ss\u00e4 tapauksessa FHV ja FIP, ovat l\u00e4sn\u00e4 samanaikaisesti, ne edist\u00e4v\u00e4t samanaikaisesti tulehdusta ja aiheuttavat suoria lis\u00e4vahinkoja omien replikaatiokiertojensa kautta solujen sis\u00e4ll\u00e4.<\/p>\n<h2>FIV ja FIP<\/h2>\n<p>Sek\u00e4 FIV-virus (Feline Immunodeficiency Virus) ett\u00e4 FIP-virus voivat lis\u00e4t\u00e4 merkitt\u00e4v\u00e4sti kissojen terveysriskej\u00e4, koska on olemassa kaksinkertaisen tartunnan mahdollisuus.<\/p>\n<p>T\u00e4m\u00e4 lis\u00e4\u00e4 valitettavasti vakavien komplikaatioiden, kuten elinten vajaatoiminnan, laihtumisen ja jopa kuoleman riski\u00e4. T\u00e4st\u00e4 syyst\u00e4 kissanomistajien on t\u00e4rke\u00e4\u00e4 testauttaa lemmikkins\u00e4, jos he ep\u00e4ilev\u00e4t jompaakumpaa tautia.<\/p>\n<p>Suurin ongelma, joka aiheutuu siit\u00e4, ett\u00e4 kissoilla on sek\u00e4 FIV ett\u00e4 FPV, on se, ett\u00e4 se heikent\u00e4\u00e4 el\u00e4imen immuunij\u00e4rjestelm\u00e4\u00e4 huomattavasti, mik\u00e4 tekee niist\u00e4 alttiimpia bakteerien tai virusten aiheuttamille sairauksille tai infektioille.<\/p>\n<p>Kun kissoilla on kaksi sairautta samanaikaisesti, oireet voivat pahentua ja hoitovaihtoehdot vaikeutua. Joissakin tapauksissa kissalla voi aluksi esiinty\u00e4 merkkej\u00e4 vain jommastakummasta sairaudesta &#8211; mutta my\u00f6hemmin molemmat sairaudet kehittyv\u00e4t yhdess\u00e4, koska vastustuskyky heikkenee ajan my\u00f6t\u00e4 &#8211; joten varhaisten varoitusmerkkien, kuten kuumeen, v\u00e4symyksen ja lis\u00e4\u00e4ntyneen hengitystaajuuden, havaitseminen on t\u00e4rke\u00e4\u00e4.<\/p>\n<h2>FIP:n esiintyminen raskauden aikana<\/h2>\n<p>FIP tiineyden aikana on erityisen huolestuttavaa kissalle ja sen pennuille. FIP:t\u00e4 voi esiinty\u00e4 pienill\u00e4 m\u00e4\u00e4rill\u00e4 tiineit\u00e4 kissoja, mik\u00e4 johtaa vakavaan kuolleisuuteen sek\u00e4 emon ett\u00e4 syntym\u00e4tt\u00f6mien pentueiden keskuudessa.<\/p>\n<p>Sairaus etenee nopeasti, eik\u00e4 toipumismahdollisuuksia ole juuri lainkaan, sill\u00e4 viruksen tartuttamat kissat k\u00e4rsiv\u00e4t nesteen kertymisest\u00e4 ruumiinonteloihinsa, suoliston liikkumattomuudesta, munuaisten vajaatoiminnasta, maksavauriosta tai muista elintulehduksista.<\/p>\n<p>Viel\u00e4 pahempaa on se, ett\u00e4 vaikka siki\u00f6 olisi viel\u00e4 elossa raskauden loppuvaiheessa, kun sen \u00e4iti sairastuu FIP:hen, se voi silti menehty\u00e4 \u00e4idin heikentyneest\u00e4 tilasta johtuvaan ravinnon puutteeseen.<\/p>\n<p>Koska FIP-infektio tiineyden aikana voi olla kriittinen sek\u00e4 \u00e4idille ett\u00e4 vauvoille, omistajien on hakeuduttava nopeasti l\u00e4\u00e4k\u00e4riin, jos he havaitsevat tautiin liittyvi\u00e4 oireita kissan ollessa tiineen\u00e4.<\/p>\n","protected":false},"excerpt":{"rendered":"<p>Miksi FIP esiintyy usein yhdess\u00e4 muiden sairauksien kanssa? Kissat, joilla on muita sairauksia kuin FIP, ovat usein sattumalta positiivisia FCoV-vasta-aineiden tai viruksen suhteen. T\u00e4ss\u00e4 on 9 yleist\u00e4 FIP:n liit\u00e4nn\u00e4issairautta. FIP voi olla seurausta immuunij\u00e4rjestelm\u00e4n heikentymisest\u00e4 jo olemassa olevien sairauksien vuoksi, viruksen mutaatiosta tai alkuper\u00e4isest\u00e4 taudista, joka aiheuttaa uusia komplikaatioita. Ennalta olemassa oleva tila Jo olemassa [&hellip;]<\/p>\n","protected":false},"author":1,"featured_media":21877,"parent":0,"menu_order":0,"comment_status":"closed","ping_status":"closed","template":"","meta":{"_glsr_average":0,"_glsr_ranking":0,"_glsr_reviews":0,"footnotes":""},"categories":[747],"tags":[],"_links":{"self":[{"href":"https:\/\/fipmed.co\/fi\/wp-json\/wp\/v2\/pages\/21876"}],"collection":[{"href":"https:\/\/fipmed.co\/fi\/wp-json\/wp\/v2\/pages"}],"about":[{"href":"https:\/\/fipmed.co\/fi\/wp-json\/wp\/v2\/types\/page"}],"author":[{"embeddable":true,"href":"https:\/\/fipmed.co\/fi\/wp-json\/wp\/v2\/users\/1"}],"replies":[{"embeddable":true,"href":"https:\/\/fipmed.co\/fi\/wp-json\/wp\/v2\/comments?post=21876"}],"version-history":[{"count":0,"href":"https:\/\/fipmed.co\/fi\/wp-json\/wp\/v2\/pages\/21876\/revisions"}],"wp:featuredmedia":[{"embeddable":true,"href":"https:\/\/fipmed.co\/fi\/wp-json\/wp\/v2\/media\/21877"}],"wp:attachment":[{"href":"https:\/\/fipmed.co\/fi\/wp-json\/wp\/v2\/media?parent=21876"}],"wp:term":[{"taxonomy":"category","embeddable":true,"href":"https:\/\/fipmed.co\/fi\/wp-json\/wp\/v2\/categories?post=21876"},{"taxonomy":"post_tag","embeddable":true,"href":"https:\/\/fipmed.co\/fi\/wp-json\/wp\/v2\/tags?post=21876"}],"curies":[{"name":"wp","href":"https:\/\/api.w.org\/{rel}","templated":true}]}}