{"id":21888,"date":"2024-03-25T07:24:09","date_gmt":"2024-03-25T07:24:09","guid":{"rendered":"https:\/\/fipmed.co\/kaikki-fip-relapse-fip-ennaltaehkaisy-syyt-ja-hoito\/"},"modified":"2024-03-25T07:24:09","modified_gmt":"2024-03-25T07:24:09","slug":"kaikki-fip-relapse-fip-ennaltaehkaisy-syyt-ja-hoito","status":"publish","type":"page","link":"https:\/\/fipmed.co\/fi\/kaikki-fip-relapse-fip-ennaltaehkaisy-syyt-ja-hoito\/","title":{"rendered":"Kaikki FIP Relapse: FIP: Ennaltaehk\u00e4isy, syyt ja hoito"},"content":{"rendered":"<p>&nbsp;<\/p>\n<h2>Miksi FIP uusiutuu?<\/h2>\n<p>FIP:n aiheuttaa virus, joten tauti voi s\u00e4ily\u00e4 latenttina (passiivisena) tartunnan saaneen kissan elimist\u00f6ss\u00e4 jonkin aikaa alkuhoidon j\u00e4lkeen. FIP voi uusiutua jopa kuukausia tai viikkoja hoidon p\u00e4\u00e4ttymisen j\u00e4lkeen, jos virus aktivoituu uudelleen.<\/p>\n<p>Lis\u00e4ksi on todettu, ett\u00e4 uusiutuminen on yleisemp\u00e4\u00e4 kissoilla, joilla on neurologisia FIP-oireita, verrattuna muihin taudin muotoihin, mik\u00e4 tekee niist\u00e4 erityisen alttiita t\u00e4lle ongelmalle.<\/p>\n<p>Hyvin vakiintuneissa tapauksissa, joihin liittyy silmien, aivojen ja selk\u00e4rangan infektioita, v\u00e4hint\u00e4\u00e4n 12 viikon hoitojakso voi olla tarpeen FIP:n t\u00e4ydelliseen h\u00e4vi\u00e4miseen ja siit\u00e4 toipumiseen.<\/p>\n<h2>Miten est\u00e4\u00e4 FIP:n uusiutuminen GS441524-hoidon yhteydess\u00e4?<\/h2>\n<h3>\u00c4l\u00e4 k\u00e4yt\u00e4 immunosuppressantteja<\/h3>\n<p>Immunosuppressantit ovat l\u00e4\u00e4kkeit\u00e4, joita yleens\u00e4 m\u00e4\u00e4r\u00e4t\u00e4\u00e4n v\u00e4hent\u00e4m\u00e4\u00e4n tulehduksen aiheuttamia vaurioita hoidettaessa kissan tarttuvaa vatsakalvotulehdusta (FIP) alkuvaiheessa.<\/p>\n<p>Immunosuppressiiviset l\u00e4\u00e4kkeet voivat haitata elimist\u00f6n kyky\u00e4 toipua FIP:st\u00e4, sill\u00e4 ne heikent\u00e4v\u00e4t luonnollista puolustusj\u00e4rjestelm\u00e4\u00e4 v\u00e4hent\u00e4m\u00e4ll\u00e4 tulehdusta ja tukahduttamalla immuniteettia. T\u00e4m\u00e4 voi johtaa lis\u00e4\u00e4ntyneeseen uusiutumisriskiin tai uusiin komplikaatioihin, kuten infektioon.<\/p>\n<h3>Jatka hoitoa v\u00e4hint\u00e4\u00e4n 84 p\u00e4iv\u00e4n ajan<\/h3>\n<p>Suositus hoitaa kissoja, joilla on FIP:n uusiutuminenGS441524 , 84 p\u00e4iv\u00e4n ajan on saanut tukea tutkimuksista, jotka osoittavat, ett\u00e4 se lis\u00e4\u00e4 hoidon tehoa. 393 potilaasta 90 % onnistui hoidossa, kun GS441524-valmistetta annettiin 12 viikon ajan, ja 11,4 % jatkoi hoitoa yli 84 p\u00e4iv\u00e4n ajan ja sai viel\u00e4 parempia tuloksia.<\/p>\n<p>T\u00e4m\u00e4 vahvistaa entisest\u00e4\u00e4n sit\u00e4, ett\u00e4 on t\u00e4rke\u00e4\u00e4 k\u00e4ytt\u00e4\u00e4 koko suositeltu annos, jotta onnistumisprosentti voidaan optimoida.<\/p>\n<p>GS441524-valmisteen aliannostus lis\u00e4\u00e4 uusiutumisen ja l\u00e4\u00e4keresistenssin riski\u00e4, mik\u00e4 voi lopulta johtaa siihen, ett\u00e4 kissakaverisi hoito ep\u00e4onnistuu.<\/p>\n<h3>Riitt\u00e4v\u00e4n nesteytyksen ja ravitsemuksellisen tuen tarjoaminen.<\/h3>\n<p>On t\u00e4rke\u00e4\u00e4 huolehtia riitt\u00e4v\u00e4st\u00e4 nesteytyksest\u00e4 ja ravitsemuksellisesta tuesta FIP:n uusiutumisen hoidon aikana. Nestehoito on eritt\u00e4in t\u00e4rke\u00e4\u00e4 FIP:t\u00e4 sairastavien kissojen hoidossa, sill\u00e4 se auttaa yll\u00e4pit\u00e4m\u00e4\u00e4n normaalia elintoimintaa ja tukee immuunij\u00e4rjestelm\u00e4n vastetta virusta vastaan.<\/p>\n<p>Lis\u00e4ksi se voi auttaa v\u00e4hent\u00e4m\u00e4\u00e4n joitakin t\u00e4h\u00e4n tautiin liittyvi\u00e4 veren hyytymisongelmia. Oikeanlaisella ravitsemuksella on keskeinen rooli paranemisen ja toipumisen tukemisessa.<\/p>\n<p>Riitt\u00e4v\u00e4 proteiinin saanti on tarpeen, jotta infektion vaurioittamat lihakset saadaan rakennettua ja heikentyneen tilan tai l\u00e4\u00e4kkeiden sivuvaikutusten vuoksi menetetty energiataso palautettua, kun taas tietyt ravintolis\u00e4t voivat auttaa parantamaan kissan vastustuskyky\u00e4 viruksen torjunnassa.<\/p>\n<h2>Miten hoidetaan uusiutumista, jos se tapahtuu?<\/h2>\n<h3>Lis\u00e4\u00e4 GS441524-annosta<\/h3>\n<p>Jos kissojen FIP:n hoitojakson j\u00e4lkeen esiintyy uusiutumista, GS441524-annosta on nostettava 50 %. Suurempi annos voi tehostaa FIP:n relapsien hoitoa.<\/p>\n<p>Jos kissallesi on kehittynyt korkea resistenssi GS441524:lle, voit yhdist\u00e4\u00e4 hoidon GC376:n kanssa. Kun tauti kuitenkin uusiutuu, kissan mahdollisuudet selvit\u00e4 hengiss\u00e4 ovat yleens\u00e4 heikot.<\/p>\n","protected":false},"excerpt":{"rendered":"<p>&nbsp; Miksi FIP uusiutuu? FIP:n aiheuttaa virus, joten tauti voi s\u00e4ily\u00e4 latenttina (passiivisena) tartunnan saaneen kissan elimist\u00f6ss\u00e4 jonkin aikaa alkuhoidon j\u00e4lkeen. FIP voi uusiutua jopa kuukausia tai viikkoja hoidon p\u00e4\u00e4ttymisen j\u00e4lkeen, jos virus aktivoituu uudelleen. Lis\u00e4ksi on todettu, ett\u00e4 uusiutuminen on yleisemp\u00e4\u00e4 kissoilla, joilla on neurologisia FIP-oireita, verrattuna muihin taudin muotoihin, mik\u00e4 tekee niist\u00e4 erityisen [&hellip;]<\/p>\n","protected":false},"author":1,"featured_media":21889,"parent":0,"menu_order":0,"comment_status":"closed","ping_status":"closed","template":"","meta":{"_glsr_average":0,"_glsr_ranking":0,"_glsr_reviews":0,"footnotes":""},"categories":[747],"tags":[],"_links":{"self":[{"href":"https:\/\/fipmed.co\/fi\/wp-json\/wp\/v2\/pages\/21888"}],"collection":[{"href":"https:\/\/fipmed.co\/fi\/wp-json\/wp\/v2\/pages"}],"about":[{"href":"https:\/\/fipmed.co\/fi\/wp-json\/wp\/v2\/types\/page"}],"author":[{"embeddable":true,"href":"https:\/\/fipmed.co\/fi\/wp-json\/wp\/v2\/users\/1"}],"replies":[{"embeddable":true,"href":"https:\/\/fipmed.co\/fi\/wp-json\/wp\/v2\/comments?post=21888"}],"version-history":[{"count":0,"href":"https:\/\/fipmed.co\/fi\/wp-json\/wp\/v2\/pages\/21888\/revisions"}],"wp:featuredmedia":[{"embeddable":true,"href":"https:\/\/fipmed.co\/fi\/wp-json\/wp\/v2\/media\/21889"}],"wp:attachment":[{"href":"https:\/\/fipmed.co\/fi\/wp-json\/wp\/v2\/media?parent=21888"}],"wp:term":[{"taxonomy":"category","embeddable":true,"href":"https:\/\/fipmed.co\/fi\/wp-json\/wp\/v2\/categories?post=21888"},{"taxonomy":"post_tag","embeddable":true,"href":"https:\/\/fipmed.co\/fi\/wp-json\/wp\/v2\/tags?post=21888"}],"curies":[{"name":"wp","href":"https:\/\/api.w.org\/{rel}","templated":true}]}}