{"id":21896,"date":"2022-12-02T08:18:10","date_gmt":"2022-12-02T08:18:10","guid":{"rendered":"https:\/\/fipmed.co\/b12-vitamiinit-kissoille-joilla-on-fip-ovat-tarkeita-toipumiselle\/"},"modified":"2022-12-02T08:18:10","modified_gmt":"2022-12-02T08:18:10","slug":"b12-vitamiinit-kissoille-joilla-on-fip-ovat-tarkeita-toipumiselle","status":"publish","type":"page","link":"https:\/\/fipmed.co\/fi\/b12-vitamiinit-kissoille-joilla-on-fip-ovat-tarkeita-toipumiselle\/","title":{"rendered":"B12-vitamiinit FIP:t\u00e4 sairastaville kissoille ovat t\u00e4rkeit\u00e4 toipumisen kannalta."},"content":{"rendered":"<p>Kun huolehdit kissan tarttuvasta vatsakalvotulehduksesta (FIP) k\u00e4rsiv\u00e4st\u00e4 kissasta, sen terveyden asianmukainen hoito on eritt\u00e4in t\u00e4rke\u00e4\u00e4. T\u00e4m\u00e4 laajentaa kissoille tarkoitettuja vitamiineja, ja t\u00e4rke\u00e4 vitamiini, jota my\u00f6s kissoilla on, on B12-vitamiini. T\u00e4ss\u00e4 artikkelissa selit\u00e4mme B12-vitamiinin merkityst\u00e4 kissoille.<\/p>\n<h2><strong>Mik\u00e4 on B12?<\/strong><\/h2>\n<p>Kobalamiini on toinen termi B12-vitamiinille, joka on B12-vitamiinin vaikutuksen omaavien aineiden luokan yhteisnimi. N\u00e4m\u00e4 aineet erottuvat edukseen 4,5 prosentin kobolttipitoisuutensa vuoksi, mink\u00e4 vuoksi niit\u00e4 kutsutaan kobalamiiniksi (koboltti + vitamiini).<\/p>\n<h2><strong>Mist\u00e4 se tulee?<\/strong><\/h2>\n<p>El\u00e4inper\u00e4iset elintarvikkeet, kuten liha, kala, kananmunat ja maksa, ovat B12:n l\u00e4hteit\u00e4. <a href=\"\/?page_id=893\">FIP:t\u00e4 sairastava kissa tarvitsee<\/a> kuitenkin <a href=\"\/?page_id=893\">todenn\u00e4k\u00f6isesti lis\u00e4ravinteita<\/a>.<\/p>\n<h2><strong>Mit\u00e4 B12 tekee?<\/strong><\/h2>\n<p>B12:lla on useita teht\u00e4vi\u00e4, jotka kaikki ovat ratkaisevan t\u00e4rkeit\u00e4 vahvan immuunij\u00e4rjestelm\u00e4n kannalta:<\/p>\n<ul>\n<li>B12 edist\u00e4\u00e4 punasolujen tuotantoa (punasolujen kehittymist\u00e4 ja yll\u00e4pitoa). Anemian pys\u00e4ytt\u00e4miseksi B12-tason on oltava riitt\u00e4v\u00e4.<\/li>\n<li>B12 yll\u00e4pit\u00e4\u00e4 hermoston terveytt\u00e4 (hermosolut ja normaali myelinisaatio &#8211; rasvatupet, jotka peitt\u00e4v\u00e4t ja suojaavat hermop\u00e4\u00e4tteit\u00e4). Hermoston ja kognitiivisten prosessien kannalta se on ratkaisevan t\u00e4rke\u00e4\u00e4.<\/li>\n<li>B12 yll\u00e4pit\u00e4\u00e4 suoliston terveytt\u00e4, jotta varmistetaan riitt\u00e4v\u00e4 ruoansulatus ja imeytyminen sek\u00e4 rasvojen ja hiilihydraattien aineenvaihdunta. Suolisto tarvitsee B12:ta toimiakseen parhaalla mahdollisella tavalla, mutta se ei voi ime\u00e4 sit\u00e4 (ravinnosta), jos se on vahingoittunut tai sairas, joten se on hieman hankala tilanne.<\/li>\n<\/ul>\n<h2><strong>Mitk\u00e4 ovat B12:n puutteen merkit?<\/strong><\/h2>\n<p>B12-puutoksen kliinisi\u00e4 oireita ovat ripuli, vatsavaivat, pahoinvointi, oksentelu, ruokahaluttomuus, imeytymish\u00e4iri\u00f6, ummetus, kaasut, laihtuminen, uupumus ja letargia. Jotkin t\u00e4ss\u00e4 luetelluista oireista ovat melko yleisi\u00e4 FIP:n sivuvaikutuksia, ja ne tunnetaan hyvin. Kissasi terveytt\u00e4 voidaan parantaa, jos se saa riitt\u00e4v\u00e4sti B12-valmistetta.<\/p>\n<p>Lis\u00e4ksi kognitiiviset h\u00e4iri\u00f6t ja raajojen heikkous liittyv\u00e4t B12:n puutteeseen. Kun FIP vaikuttaa neurologiseen j\u00e4rjestelm\u00e4\u00e4n, esiintyy yleens\u00e4 samanlaisia oireita.<\/p>\n<ol>\n<li><strong>Kulutuksen kierre.<\/strong><\/li>\n<\/ol>\n<p>Ruoansulatuskanava on yksi monista kehon prosesseista, joihin tulehdussairaus FIP vaikuttaa. Haima, perna ja maksa k\u00e4rsiv\u00e4t usein. Maksan B12-varastot ehtyv\u00e4t nopeasti, jos immuunij\u00e4rjestelm\u00e4si on heikentynyt. B12-puutoksen paheneva kierre johtuu maksan B12-puutteesta, joka aiheuttaa my\u00f6s suolistosolujen kutistumista ja ravintoaineiden menetyst\u00e4 (mukaan lukien itse B12). T\u00e4m\u00e4 on dilemma, jota k\u00e4sittelimme aiemmin t\u00e4ss\u00e4 artikkelissa.<\/p>\n<ol start=\"2\">\n<li><strong>Anemian uhkaava riski.<\/strong><\/li>\n<\/ol>\n<p>Kissasi punasolujen tuotanto h\u00e4iriintyy, mik\u00e4 aiheuttaa anemiaa. B12:n puute est\u00e4\u00e4 ja v\u00e4hent\u00e4\u00e4 elimist\u00f6n kyky\u00e4 muodostaa verta ja lis\u00e4\u00e4 verisolujen apoptoosia. Toisin sanoen kissastasi tulee aneeminen, kun B12-taso laskee. Kissasi kyky vastustaa sairautta (tai mit\u00e4 tahansa muuta) heikkenee merkitt\u00e4v\u00e4sti, kun se on aneeminen.<\/p>\n<ol start=\"3\">\n<li><strong>FIP:n vastustuskyvyn heikkeneminen entisest\u00e4\u00e4n.<\/strong><\/li>\n<\/ol>\n<p>On eritt\u00e4in t\u00e4rke\u00e4\u00e4 korostaa, ett\u00e4 alhainen B12-vitamiinipitoisuus altistaa infektioille ja sairauksille ja on eritt\u00e4in haitallinen hermostolle, mik\u00e4 voi johtaa neurologisiin ongelmiin ja vakaviin ja ehk\u00e4 peruuttamattomiin hermovaurioihin. Todellisuudessa kobalamiinin puute on usein syyn\u00e4 metaboliseen enkefalopatiaan, joka on yksi monista enkefalopatian tyypeist\u00e4, jotka liittyv\u00e4t perussairauteen (kuten FIP), joka heikent\u00e4\u00e4 veri-aivoesteen prosesseja ja normaalia aivotoimintaa. Velttous, surullisuus, ataksia, ruokahaluttomuus ja satunnainen oksentelu ovat muutamia ep\u00e4m\u00e4\u00e4r\u00e4isi\u00e4 kliinisi\u00e4 merkkej\u00e4, jotka voivat vakavissa tilanteissa aiheuttaa kissoille neurologisia sairauksia ja sokeutta.<\/p>\n<p>Yleisesti tiedet\u00e4\u00e4n, ett\u00e4 FIP-kissoilla on usein anemiaa tai ett\u00e4 ne ovat l\u00e4hell\u00e4 anemiaa, ja joillakin kissoilla on taudin neurologisia oireita. Toinen osa 22:n takaiskua on se, ett\u00e4 kissasi voi FIP:n seurauksena heikent\u00e4\u00e4 B12:n varastointia, mik\u00e4 voi pahentaa sairauden oireita. Ellet pys\u00e4yt\u00e4 t\u00e4t\u00e4 sykli\u00e4 ja lis\u00e4\u00e4 kriittisi\u00e4 vitamiineja, et voi voittaa.<\/p>\n<h2><strong>Keinot, joilla kissa voi saada keinotekoisesti B12:ta<\/strong><\/h2>\n<p><strong>B12-injektiot.<\/strong><\/p>\n<p>Useimmissa maissa kobalamiini on helposti saatavilla ilman resepti\u00e4. Kissoille, joiden paino on enint\u00e4\u00e4n 5 kg, suositellaan 250 g kobalamiinia ihonalaisena injektiona. Suosittelemme viikoittaisia injektioita FIP-kissoille, kunnes anemia h\u00e4vi\u00e4\u00e4 ja RBC-arvot vakiintuvat. Lis\u00e4ksi B12:ta voidaan antaa ihonalaisen nestehoidon kautta. Kissa saattaa kokea t\u00e4m\u00e4n toimenpiteen miellytt\u00e4v\u00e4mm\u00e4ksi, koska B12-injektiot sattuvat!<\/p>\n<p><strong>B12 suun kautta otettavat lis\u00e4ravinteet.<\/strong><\/p>\n<p>Metyylikobalamiinia olisi k\u00e4ytett\u00e4v\u00e4, koska se parantaa merkitt\u00e4v\u00e4sti maksan suorituskyky\u00e4. Kissat voivat ottaa ihmisille tarkoitettuja B12-valmisteita. 500mcg (0,5mg) p\u00e4iv\u00e4ss\u00e4 olisi erinomainen aloitusannos, mutta voit kuitenkin antaa jopa kaksinkertaisen m\u00e4\u00e4r\u00e4n. Vaikka se saattaa vaikuttaa suurelta, vain pieni osa siit\u00e4 imeytyy. Harkitse kissoille suunnitellun monivitamiinivalmisteen k\u00e4ytt\u00f6\u00e4, joka sis\u00e4lt\u00e4\u00e4 my\u00f6s rautaa (anemiaa varten).<\/p>\n<p><strong>Ravitsemus.<\/strong><\/p>\n<p>\u00c4l\u00e4 aliarvioi luonnollisia B12:n l\u00e4hteit\u00e4; jos voit, anna kissallesi noin lusikallinen tuoretta lihaa, maksaa tai kalaa joka p\u00e4iv\u00e4. Kissasi saattaa jopa nauttia v\u00e4lipaloista, ja pieni m\u00e4\u00e4r\u00e4 riitt\u00e4\u00e4 pitk\u00e4lle.<\/p>\n<h2><strong>B12:n edut: vitamiinit kissoille<\/strong><\/h2>\n<p>B12 edist\u00e4\u00e4 punasolujen muodostumista (punasolujen kehittymist\u00e4 ja yll\u00e4pitoa).<\/p>\n<p>Anemian pys\u00e4ytt\u00e4miseksi B12-tasojen on oltava riitt\u00e4v\u00e4t.<\/p>\n<p>B12 yll\u00e4pit\u00e4\u00e4 neurologisen j\u00e4rjestelm\u00e4n terveytt\u00e4 (hermosolut ja normaali myelinisaatio &#8211; rasvatupet, jotka peitt\u00e4v\u00e4t ja suojaavat hermop\u00e4\u00e4tteit\u00e4).<\/p>\n<p>Hermoston ja kognitiivisten prosessien kannalta se on ratkaisevan t\u00e4rke\u00e4\u00e4.<\/p>\n<p>B12 edist\u00e4\u00e4 suoliston terveytt\u00e4 ja parantaa ruoan sulatusta ja imeytymist\u00e4 sek\u00e4 rasvojen ja hiilihydraattien aineenvaihduntaa.<\/p>\n<h2><strong>10 B12-puutoksen merkkej\u00e4<\/strong><\/h2>\n<ol>\n<li>Pahoinvointi<\/li>\n<li>Oksentelu<\/li>\n<li>Ruokahaluttomuus<\/li>\n<li>Ruoan imeytymiseen liittyv\u00e4t ongelmat<\/li>\n<li>Ummetus<\/li>\n<li>Kaasu<\/li>\n<li>Painonpudotus<\/li>\n<li>V\u00e4symys\/ velttous<\/li>\n<li>Vatsakipu<\/li>\n<li>Ripuli<\/li>\n<\/ol>\n<h2><strong>Vitamiinien annostus kissoille B12 FIP-hoidon aikana<\/strong><\/h2>\n<p>Joka viikko enint\u00e4\u00e4n 250-500 mikrogrammaa (mcg) t\u00e4ysikasvuisille kissoille, jotka eiv\u00e4t ole aneemisia.<\/p>\n<p>Kysy el\u00e4inl\u00e4\u00e4k\u00e4rilt\u00e4si, mik\u00e4 on oikea annostus kissanpennuille.<\/p>\n<p>Vaikeaa anemiaa sairastaville kissoille voi olla tarpeen antaa jopa 1000 mcg viikossa. GS-441524 yhdess\u00e4 B12-vitamiinin kanssa ei v\u00e4ltt\u00e4m\u00e4tt\u00e4 ole riitt\u00e4v\u00e4, jos kyseess\u00e4 on vaikea anemia. Voi olla v\u00e4ltt\u00e4m\u00e4t\u00f6nt\u00e4 antaa lis\u00e4\u00e4 viikoittaisia B12-injektioita. Keskustele el\u00e4inl\u00e4\u00e4k\u00e4risi kanssa.<\/p>\n<h2><strong>Annostuslaskelma k\u00e4ytett\u00e4ess\u00e4 GS-441524 + B12:ta<\/strong><\/h2>\n<p>GS-441524:n annostus on sama B12-vitamiinin kanssa tai ilman sit\u00e4.<\/p>\n<p><strong>Esimerkki: 3 kg painava kissa, jolla on diagnosoitu FIP:n <a href=\"\/?page_id=897\">WET-muoto<\/a>.  <\/strong><\/p>\n<p>FIP:n m\u00e4rk\u00e4annos on 6 mg\/kg. P\u00e4ivitt\u00e4inen 0,9 ml GS-441524:n injektio vastaa 3 kg x 6 mg\/kg 20 mg\/ml. B12-vitamiinin suositeltu vuorokausiannos on 45mcg (0,9ml x 50mcg\/ml). T\u00e4m\u00e4 kissa saa 315 mcg B12-vitamiinia viikoittain.<\/p>\n<h2><strong>Miksi FIP-kissat tarvitsevat B12-vitamiinia?  <\/strong><\/h2>\n<p><strong>Suuri anemian riski.<\/strong><\/p>\n<p>FIP-taudin aikana kissoille kehittyy usein anemia. B12:n puute nopeuttaa verisolujen hajoamista ja rajoittaa elimist\u00f6n luonnollista kyky\u00e4 luoda uutta verta. Kissoista, joiden B12-pitoisuus on alhainen, tulee aneemisia. Kissojen kyky vastustaa FIP-virusta ja muita infektioita heikkenee merkitt\u00e4v\u00e4sti, kun niist\u00e4 tulee aneemisia.<\/p>\n<p><strong>Heikentynyt immuunij\u00e4rjestelm\u00e4.<\/strong><\/p>\n<p>Riitt\u00e4m\u00e4t\u00f6n B12-pitoisuus lis\u00e4\u00e4 elimist\u00f6n alttiutta infektioille ja sairauksille ja on erityisen haitallinen kissojen hermostolle. T\u00e4m\u00e4 aiheuttaa neurologisten oireiden ilmenemisen nopeammin ja voi johtaa vakaviin tai korjaamattomiin hermovaurioihin. Ensisijainen sairaus (kuten FIP), joka h\u00e4iritsee aivojen normaalia toimintaa ja veri-aivoestej\u00e4rjestelm\u00e4\u00e4, on yleinen syy enkefalopatiaan, johon kuuluu my\u00f6s metabolinen enkefalopatia, yksi useista enkefalopatian tyypeist\u00e4. B12:n puute on t\u00e4m\u00e4n enkefalopatian p\u00e4\u00e4asiallinen syy. Velttous, surullisuus, ataksia, ruokahaluttomuus ja satunnainen oksentelu ovat muutamia ep\u00e4m\u00e4\u00e4r\u00e4isi\u00e4 kliinisi\u00e4 merkkej\u00e4, jotka voivat vakavissa tilanteissa aiheuttaa kissoille neurologisia sairauksia ja sokeutta.<\/p>\n<p>On hyvin dokumentoitu, ett\u00e4 FIPV-tartunnan saaneilla kissoilla on usein anemiaa tai anemian kaltaisia oireita. Monilla ihmisill\u00e4 on neurologisia oireita. T\u00e4m\u00e4 on esimerkki klassisesta negatiivisesta takaisinkytkenn\u00e4st\u00e4: FIP-infektio kehittyy nopeammin, kun B12-pitoisuus on riitt\u00e4m\u00e4t\u00f6n. FIP vaikeuttaa kissojen B12:n riitt\u00e4v\u00e4\u00e4 pit\u00e4mist\u00e4 elimist\u00f6ss\u00e4.<\/p>\n<p><strong>Ravinteiden nopea ehtyminen<\/strong><\/p>\n<p>Koska FIP on tulehduksellinen sairaus, se voi vaurioittaa maksaa, ruoansulatuskanavaa, haimaa ja pernaa, kun kissa sairastuu siihen. Maksa kuluttaa nopeasti varastoidun B12:n, kun immuunij\u00e4rjestelm\u00e4 on heikentynyt. Kun maksan B12-tasot ovat alhaiset, suolistosolut kutistuvat ja elimist\u00f6ll\u00e4 on vaikeuksia ravinnon imeytymisess\u00e4. T\u00e4m\u00e4 k\u00e4ynnist\u00e4\u00e4 silmukan, joka pahentaa B12-pulaa.<\/p>\n<h2><strong>USEIN KYSYTYT KYSYMYKSET<\/strong><\/h2>\n<p><strong>Miten B12 voi parantaa kissani yleist\u00e4 hyvinvointia?<\/strong><\/p>\n<p>Hematologisia, kemiallisia ja\/tai verikokeita voidaan k\u00e4ytt\u00e4\u00e4 kissasi terveydentilan edistymisen arvioimiseksi. Sinun pit\u00e4isi kuitenkin havaita muutoksia kissasi rutiinik\u00e4ytt\u00e4ytymisess\u00e4, kuten enemm\u00e4n elinvoimaa, v\u00e4hemm\u00e4n vaisuja taipumuksia ja parantunut n\u00e4lk\u00e4. On t\u00e4rke\u00e4\u00e4 pit\u00e4\u00e4 mieless\u00e4, ett\u00e4 kissat eiv\u00e4t ymm\u00e4rr\u00e4 sairauttaan tai sen syit\u00e4. He ovat tietoisia vain yleisest\u00e4 sairauden tunteesta. Heid\u00e4n hoito-ohjelmansa voi hy\u00f6ty\u00e4 B12:n k\u00e4yt\u00f6st\u00e4, jotta heid\u00e4n k\u00e4rsimyksens\u00e4 v\u00e4henisi ja heid\u00e4n el\u00e4m\u00e4nlaatunsa paranisi.<\/p>\n<p><strong>Voiko B12 auttaa parantamaan FIP:n?<\/strong><\/p>\n<p>Ei. Ei ole. B12 ei ole <a href=\"https:\/\/fipmed.co\/\">FIP-hoito<\/a>. Mutta se auttaa kissasi immuunij\u00e4rjestelm\u00e4\u00e4 suorittamaan elint\u00e4rkeit\u00e4 teht\u00e4vi\u00e4. Tarvitset kaiken mahdollisen avun, jos haluat antaa kissallesi mahdollisuuden taistella virusta vastaan. Jos et ryhdy kaikkiin varotoimenpiteisiin onnistumismahdollisuuksien lis\u00e4\u00e4miseksi, et voi odottaa saavuttavasi tavoitteitasi ensisijaisella hoidolla.<\/p>\n<p>Yhteenvetona voidaan todeta, ett\u00e4 FIP:n hallintaan kuuluu muutakin kuin vain ensisijaisen hoidon, kuten PI:n ja FOI:n, tarjoaminen. Kissan huoltajana sinun vastuullasi on yll\u00e4pit\u00e4\u00e4 ja parantaa kissan immuunij\u00e4rjestelm\u00e4\u00e4, jotta kissallasi olisi parhaat mahdollisuudet selvit\u00e4 hengiss\u00e4. Teht\u00e4v\u00e4 ei ole helppo, kun otetaan huomioon FIP:n koko ja vakavuus. Me omistajat voimme vain k\u00e4ytt\u00e4\u00e4 kaikkia k\u00e4ytett\u00e4viss\u00e4mme olevia aseita taistellaksemme niin kauan ja niin kovaa kuin voimme. T\u00e4ss\u00e4 konfliktissa jokainen etu on t\u00e4rke\u00e4, ja B12 on t\u00e4rke\u00e4 ase. Koskaan ei voi tiet\u00e4\u00e4, mik\u00e4 n\u00e4enn\u00e4isesti merkityksett\u00f6m\u00e4lt\u00e4 vaikuttava, mutta lopulta t\u00e4rke\u00e4 toimintatapa saattaa lopulta saada aikaan merkitt\u00e4v\u00e4n muutoksen. Anna kissallesi mahdollisuus onnistua.<\/p>\n<p><strong>Miksi kissanpentu voi tarvita B12-injektion?<\/strong><\/p>\n<p>Kissat saavat B12-vitamiinia luonnollisesti ravinnostaan. Valitettavasti monilla kissanpennuilla on vaikeuksia ime\u00e4 ravintoaineita oikein suolistossaan, ja niist\u00e4 voi tulla nopeasti B12-puutos. T\u00e4m\u00e4n vuoksi kissanpennut eiv\u00e4t v\u00e4ltt\u00e4m\u00e4tt\u00e4 hy\u00f6dy suun kautta annettavista lis\u00e4ravinteista, vaan ruiskeena annettava vitamiini on luotettavampi tapa taata t\u00e4m\u00e4.<\/p>\n<p>B12-vitamiini-injektiosta voi olla hy\u00f6ty\u00e4 kissanpennuille, joilla on alla luetellut sairaudet, osana niiden tukihoitoa:<\/p>\n<ul>\n<li>Vatsavaivat<\/li>\n<li>Malabsorptio<\/li>\n<li>Tyytym\u00e4tt\u00f6myys<\/li>\n<li>Ripuli<\/li>\n<li>Ummetus<\/li>\n<li>Veltto tila<\/li>\n<li>Painonpudotus<\/li>\n<li>Oksentelu<\/li>\n<li>Anemia<\/li>\n<li>FIP<\/li>\n<li>Panleukopenia<\/li>\n<\/ul>\n<p>Vaikka B12 ei voi yksin\u00e4\u00e4n ratkaista n\u00e4it\u00e4 ongelmia, se voi auttaa yll\u00e4pit\u00e4m\u00e4\u00e4n kissanpennun immunologista ja ruoansulatusj\u00e4rjestelm\u00e4\u00e4 hoidon ja toipumisen aikana.<\/p>\n<p><strong>Tarvittavat tarvikkeet<\/strong><\/p>\n<ul>\n<li>El\u00e4inl\u00e4\u00e4k\u00e4rin antama injektoitava B12-valmiste<\/li>\n<li>Sterilez 1cc ruisku<\/li>\n<li>25g neuloja<\/li>\n<li>Ter\u00e4vien esineiden annostelija<\/li>\n<\/ul>\n<p>Vaikka B12 ei suoraan auta kissaa parantumaan FIP-sairaudesta, se voi auttaa tukemalla kissan immuunij\u00e4rjestelm\u00e4\u00e4 ja voi ep\u00e4suorasti auttaa kissaa toipumaan sairaudesta. T\u00e4m\u00e4n vuoksi useampien kissanomistajien pit\u00e4isi tiet\u00e4\u00e4 t\u00e4st\u00e4 asiasta ja antaa kissoilleen usein B12-valmistetta niiden tilan parantamiseksi, olivatpa ne sitten terveit\u00e4 tai sairaita.<\/p>\n","protected":false},"excerpt":{"rendered":"<p>Kun huolehdit kissan tarttuvasta vatsakalvotulehduksesta (FIP) k\u00e4rsiv\u00e4st\u00e4 kissasta, sen terveyden asianmukainen hoito on eritt\u00e4in t\u00e4rke\u00e4\u00e4. T\u00e4m\u00e4 laajentaa kissoille tarkoitettuja vitamiineja, ja t\u00e4rke\u00e4 vitamiini, jota my\u00f6s kissoilla on, on B12-vitamiini. T\u00e4ss\u00e4 artikkelissa selit\u00e4mme B12-vitamiinin merkityst\u00e4 kissoille. Mik\u00e4 on B12? Kobalamiini on toinen termi B12-vitamiinille, joka on B12-vitamiinin vaikutuksen omaavien aineiden luokan yhteisnimi. N\u00e4m\u00e4 aineet erottuvat edukseen [&hellip;]<\/p>\n","protected":false},"author":11,"featured_media":21897,"parent":0,"menu_order":0,"comment_status":"closed","ping_status":"closed","template":"","meta":{"_glsr_average":0,"_glsr_ranking":0,"_glsr_reviews":0,"footnotes":""},"categories":[722],"tags":[766,736,767,765,764],"_links":{"self":[{"href":"https:\/\/fipmed.co\/fi\/wp-json\/wp\/v2\/pages\/21896"}],"collection":[{"href":"https:\/\/fipmed.co\/fi\/wp-json\/wp\/v2\/pages"}],"about":[{"href":"https:\/\/fipmed.co\/fi\/wp-json\/wp\/v2\/types\/page"}],"author":[{"embeddable":true,"href":"https:\/\/fipmed.co\/fi\/wp-json\/wp\/v2\/users\/11"}],"replies":[{"embeddable":true,"href":"https:\/\/fipmed.co\/fi\/wp-json\/wp\/v2\/comments?post=21896"}],"version-history":[{"count":0,"href":"https:\/\/fipmed.co\/fi\/wp-json\/wp\/v2\/pages\/21896\/revisions"}],"wp:featuredmedia":[{"embeddable":true,"href":"https:\/\/fipmed.co\/fi\/wp-json\/wp\/v2\/media\/21897"}],"wp:attachment":[{"href":"https:\/\/fipmed.co\/fi\/wp-json\/wp\/v2\/media?parent=21896"}],"wp:term":[{"taxonomy":"category","embeddable":true,"href":"https:\/\/fipmed.co\/fi\/wp-json\/wp\/v2\/categories?post=21896"},{"taxonomy":"post_tag","embeddable":true,"href":"https:\/\/fipmed.co\/fi\/wp-json\/wp\/v2\/tags?post=21896"}],"curies":[{"name":"wp","href":"https:\/\/api.w.org\/{rel}","templated":true}]}}