{"id":21906,"date":"2022-12-02T07:59:53","date_gmt":"2022-12-02T07:59:53","guid":{"rendered":"https:\/\/fipmed.co\/cat-fip-10-things-to-do-do-once-your-feline-is-diagnosed-as-a-fip-cat-kissa-fip-10-asiat-joita-pitaa-tehda-kun-kissasi-on-diagnosoitu-fip-kissaksi\/"},"modified":"2022-12-02T07:59:53","modified_gmt":"2022-12-02T07:59:53","slug":"cat-fip-10-things-to-do-do-once-your-feline-is-diagnosed-as-a-fip-cat-kissa-fip-10-asiat-joita-pitaa-tehda-kun-kissasi-on-diagnosoitu-fip-kissaksi","status":"publish","type":"page","link":"https:\/\/fipmed.co\/fi\/cat-fip-10-things-to-do-do-once-your-feline-is-diagnosed-as-a-fip-cat-kissa-fip-10-asiat-joita-pitaa-tehda-kun-kissasi-on-diagnosoitu-fip-kissaksi\/","title":{"rendered":"Kissan FIP: 10 asiaa, jotka on teht\u00e4v\u00e4 heti, kun kissallasi on diagnosoitu FIP-kissa."},"content":{"rendered":"<p>Se voi olla hermostuttavaa, jos olet juuri saanut tiet\u00e4\u00e4, ett\u00e4 kissallasi on FIP. Ymm\u00e4rr\u00e4mme sinua, mutta olemme t\u00e4\u00e4ll\u00e4 auttamassa. Jos kissallasi on diagnosoitu FIP, voit tehd\u00e4 seuraavat 10 asiaa.<\/p>\n<h2>1. Hakeudu kissan FIP-asiantuntijan el\u00e4inl\u00e4\u00e4k\u00e4rin neuvontaan.<\/h2>\n<p>FIP-diagnoosi voi olla kissanomistajille pelottava asia. Vaikka t\u00e4m\u00e4 sairaus on monimutkainen ja vakava, oikea-aikaiset toimenpiteet ja asiantunteva hoito voivat vaikuttaa merkitt\u00e4v\u00e4sti rakkaan lemmikkisi hyvinvointiin.<\/p>\n<p>El\u00e4inl\u00e4\u00e4k\u00e4ri voi kertoa, miten voit varmistaa, ett\u00e4 kissasi selviytymismahdollisuudet ovat mahdollisimman hyv\u00e4t. Vaikka hoito olisikin asianmukaista, voit tehd\u00e4 monia asioita kissasi selviytymismahdollisuuksien parantamiseksi.<\/p>\n<p>Jotkut kissat voivat hyvin l\u00e4hte\u00e4 kotiin kanssasi, kun taas vakavammat tapaukset saattavat tarvita sairaalahoitoa parempaa hoitoa varten.<\/p>\n<h2>2. Aloita hoito GS441524:ll\u00e4<\/h2>\n<p>Kissan tarttuvan vatsakalvotulehduksen (FIP) hoitaminen GS441524-valmisteella on ensimm\u00e4inen askel kissojen selviytymisess\u00e4. GS441524 on suun kautta otettava <a href=\"\/de?page_id=887\" target=\"_blank\" rel=\"noopener\">virusl\u00e4\u00e4kitys FIP:hen<\/a>, joka on osoittautunut eritt\u00e4in tehokkaaksi ja huomattavan turvalliseksi kissoille, jotka kamppailevat t\u00e4m\u00e4n vakavan sairauden kanssa.<\/p>\n<p>Kun <a href=\"\/de?page_id=6163\" target=\"_blank\" rel=\"noopener\">GS 441524<\/a> aloitetaan ajoissa ja l\u00e4\u00e4k\u00e4rin ohjeita noudattaen, se voi osoittautua hengenpelastavaksi; tutkimusten mukaan 90 prosentin onnistumisprosentti on 90 %.<\/p>\n<p>Mahdolliset haittavaikutukset ovat suhteellisen v\u00e4h\u00e4isi\u00e4, mutta niihin kuuluvat muutokset ruokahalussa, ruokavaliossa ja k\u00e4ytt\u00e4ytymisess\u00e4 sek\u00e4 tilap\u00e4iset ripuli- tai oksentelukohtaukset ensimm\u00e4isin\u00e4 antop\u00e4ivin\u00e4 &#8211; kaikki n\u00e4m\u00e4 ovat helposti hallittavissa el\u00e4inl\u00e4\u00e4k\u00e4rin tarkassa valvonnassa.<\/p>\n<p>Kortikosteroidien autoinjektionesteisiin perustuvan hoidon tulisi olla ensisijainen, kun pitk\u00e4aikainen suun kautta annettava hoito aloitetaan vakavissa tapauksissa, ja samalla optimaalisen oireenmukaisen tuen, kuten ravitsemuksellisen tuen ja huolellisen hygieniaprotokollan, yll\u00e4pit\u00e4minen koko ajan auttaa kissasi toipumista merkitt\u00e4v\u00e4sti.<\/p>\n<h2>3. Oireiden hallinta ja kissan FIP-kivun lievitt\u00e4minen<\/h2>\n<p>Kun kissalla on diagnosoitu FIP, on t\u00e4rke\u00e4\u00e4 ryhty\u00e4 v\u00e4litt\u00f6miin toimiin oireiden hoitamiseksi ja kivun lievitt\u00e4miseksi. FIP on monimutkainen sairaus, joka voi aiheuttaa kissoille ep\u00e4mukavuutta, joten oireiden hallinta on t\u00e4rke\u00e4\u00e4 kroonisen sairauden hoitamiseksi.<\/p>\n<p>Joskus tarvitaan kipul\u00e4\u00e4kkeit\u00e4, jos kissasi tuntuu olevan ep\u00e4mukava ja kivulias. My\u00f6s antibiootit voivat auttaa bakteeritulehdukseen, joka saattaa johtua FIP-taudista. Joissakin tapauksissa, kun <a href=\"\/de?page_id=903\" target=\"_blank\" rel=\"noopener\">kissalla on pitk\u00e4lle edennyt FIP<\/a>, steroideja saatetaan tarvita tulehduksen v\u00e4hent\u00e4miseksi alussa. Steroidit on kuitenkin lopetettava v\u00e4litt\u00f6m\u00e4sti, kun kissan tila on vakiintunut, sill\u00e4 ne vaikuttavat FIP:n virusl\u00e4\u00e4kehoitoon.<\/p>\n<h2>4. Hydratoi ihonalaisilla nesteill\u00e4<\/h2>\n<p>Kissan tarttuva vatsakalvotulehdus (FIP) on vakava ja usein kuolemaan johtava sairaus. Osana hoitosuunnitelmaa voidaan suositella ihonalaisen nesteen antamista FIP-kissan tilan hallitsemiseksi.<\/p>\n<p>T\u00e4m\u00e4 tarkoittaa nesteiden antamista ihon alle, jotta ne imeytyisiv\u00e4t hitaasti verenkiertoon ja kehoon ja varmistaisivat riitt\u00e4v\u00e4n nesteytyksen ja parantaisivat yleist\u00e4 terveydentilaa. Nestehoito kotona voi olla hy\u00f6dyllist\u00e4, sill\u00e4 se auttaa kissoja, joilla on sairauksia, jotka vaativat lis\u00e4nesteit\u00e4 &#8211; kuten kissan FIP &#8211; pysym\u00e4\u00e4n nesteytettyn\u00e4 ilman, ett\u00e4 heid\u00e4n tarvitsee k\u00e4yd\u00e4 usein el\u00e4inl\u00e4\u00e4k\u00e4riss\u00e4 suonensis\u00e4isi\u00e4 hoitoja varten.<\/p>\n<p>Ihonalaista nesteen antoa (SQF) olisi annettava jatkuvasti; on kuitenkin olemassa joitakin ohjeita siit\u00e4, kuinka usein niit\u00e4 tulisi antaa. Useimmat kissat tarvitsevat rutiininomaista SQF:\u00e4\u00e4 kerran viikossa tai jopa p\u00e4ivitt\u00e4in riippuen niiden yleisest\u00e4 terveydentilasta, nestehukan nykyisest\u00e4 tasosta ja muista el\u00e4inl\u00e4\u00e4k\u00e4rin tai el\u00e4inl\u00e4\u00e4k\u00e4rin terveydenhuoltoryhm\u00e4n m\u00e4\u00e4ritt\u00e4mist\u00e4 tekij\u00f6ist\u00e4.<\/p>\n<p>Jos haluat selvitt\u00e4\u00e4, ovatko SQF-k\u00e4ynnit tarpeellisia ja kuinka usein niit\u00e4 tulisi tehd\u00e4, keskustele asiasta suoraan el\u00e4inl\u00e4\u00e4k\u00e4risi kanssa, jotta saat asianmukaiset ohjeet ennen kotihoidon aloittamista kotona.<\/p>\n<p>Jos se tehd\u00e4\u00e4n oikein k\u00e4ytt\u00e4en steriilej\u00e4 neuloja ja v\u00e4lineit\u00e4 el\u00e4inl\u00e4\u00e4k\u00e4rin ohjeiden mukaisesti, SQF-l\u00e4\u00e4kkeiden antaminen kotona voi tarjota paljon kaivattua helpotusta ja v\u00e4ltt\u00e4\u00e4 samalla tarpeetonta stressi\u00e4 el\u00e4inl\u00e4\u00e4k\u00e4rin vastaanotolla teht\u00e4vien s\u00e4\u00e4nn\u00f6llisten tarkastusten aikana, jotka johtuvat satunnaisista sairauksista, kuten <a href=\"\/de?page_id=6094\" target=\"_blank\" rel=\"noopener\">FIP:st\u00e4 kissoilla<\/a> ja <a href=\"\/de?page_id=6094\" target=\"_blank\" rel=\"noopener\">kissanpennuilla<\/a>.<\/p>\n<p>&nbsp;<\/p>\n<h2>5. Ravitsemuksellinen tuki kissan FIP:lle<\/h2>\n<p><a href=\"\/de?page_id=893\" target=\"_blank\" rel=\"noopener\">Ravitsemuksellinen tuki<\/a> on olennainen osa kissojen FIP:n hoitoa. Ravintoaineilla on t\u00e4rke\u00e4 rooli niiden yleisen terveyden tukemisessa ja tautia aiheuttavan viruksen torjunnassa.<\/p>\n<p>Kissan FIP:n yhteydess\u00e4 on otettava huomioon erityiset ruokavaliotarpeet kissasi hyvinvoinnin kannalta. Itse asiassa jotkut kissat kehitt\u00e4v\u00e4t FIP:n huonon ravitsemuksen vuoksi, joka edist\u00e4\u00e4 immuunij\u00e4rjestelm\u00e4n heikkoutta.<\/p>\n<p>Immuunij\u00e4rjestelm\u00e4ll\u00e4 on t\u00e4rke\u00e4 rooli FIP:n aiheuttamien infektioiden hallinnassa ja torjunnassa, joten asianmukainen ravitsemus on avainasemassa optimaalisen terveyden edist\u00e4misess\u00e4 ja t\u00e4m\u00e4n monimutkaisen taudin uusiutumisen tai puhkeamisen minimoimisessa.<\/p>\n<p>Vaihda kissasi ruokavalio raakaliharuokintaan ja lis\u00e4\u00e4 nestett\u00e4 luuliemell\u00e4. Voit my\u00f6s t\u00e4ydent\u00e4\u00e4 n\u00e4it\u00e4 vitamiineja:<\/p>\n<p><strong>Omega-3-rasvahapot:<\/strong> Omega-3-rasvahapot, jotka ovat yleisi\u00e4 kala\u00f6ljylis\u00e4ravinteissa, voivat auttaa v\u00e4hent\u00e4m\u00e4\u00e4n tulehduksia ja parantamaan kissan yleist\u00e4 terveydentilaa. Ne voivat auttaa FIP:hen liittyviss\u00e4 ongelmissa, kuten nesteen kertymisess\u00e4 ja tulehduksessa.<\/p>\n<p><strong>Antioksidantit<\/strong>: kuten C- ja E-vitamiinit, voivat auttaa v\u00e4hent\u00e4m\u00e4\u00e4n hapetusstressi\u00e4 ja tukemaan immuunij\u00e4rjestelm\u00e4\u00e4. El\u00e4inl\u00e4\u00e4k\u00e4ri voi neuvoa sinulle parhaan annoksen kissallesi.<\/p>\n<p><strong>Probiootit:<\/strong> Probiootit voivat auttaa kissasi ruoansulatuskanavan terveytt\u00e4 ja immunologista j\u00e4rjestelm\u00e4\u00e4. Koska FIP voi vaikuttaa ruoansulatuskanavaan, probiootit voivat olla hy\u00f6dyllisi\u00e4.<\/p>\n<p><strong>Immuunij\u00e4rjestelm\u00e4n tukeminen:<\/strong> Harkitse yhteisty\u00f6ss\u00e4 el\u00e4inl\u00e4\u00e4k\u00e4rin kanssa immuunij\u00e4rjestelm\u00e4n lis\u00e4ravinteiden, kuten beetaglukaanien tai immunomodulaattoreiden, k\u00e4ytt\u00f6\u00e4.<\/p>\n<p><strong>B-vitamiinit:<\/strong> B-vitamiinit, erityisesti B-12, ovat hy\u00f6dyllisi\u00e4 yleisen terveyden ja hyvinvoinnin kannalta. B-vitamiinikompleksilis\u00e4\u00e4 voidaan suositella harvinaisissa tapauksissa.<\/p>\n<p><strong>V\u00c4LT\u00c4 L-Lysiini\u00e4:<\/strong> Lysiini on aminohappo, joka voi auttaa FIP:n aiheuttamiin yl\u00e4hengitystieoireisiin, mutta se ei v\u00e4ltt\u00e4m\u00e4tt\u00e4 suoranaisesti hoida sairautta. Se haittaa my\u00f6s <a href=\"\/de?page_id=895\" target=\"_blank\" rel=\"noopener\">FIP:n hoitoa<\/a>.<\/p>\n<p>&nbsp;<\/p>\n<h2>6. Luo viihtyis\u00e4 ja puhdas ymp\u00e4rist\u00f6<\/h2>\n<p>Viihtyis\u00e4n ja puhtaan ymp\u00e4rist\u00f6n luominen ja yll\u00e4pit\u00e4minen FIP:t\u00e4 sairastaville kissoille on t\u00e4rke\u00e4\u00e4 niiden yleisen terveyden kannalta. Puhdas elinymp\u00e4rist\u00f6 voi auttaa v\u00e4hent\u00e4m\u00e4\u00e4n tulehduksen aiheuttamia ep\u00e4mukavuusoireita ja v\u00e4hent\u00e4\u00e4 FIP:hen liittyv\u00e4n immunosuppression vakavuutta.<\/p>\n<p>Yksi tapa, jolla kissanomistajat voivat luoda t\u00e4llaisen ilmapiirin, on pit\u00e4\u00e4 pentulaatikot, vesi- ja ruokakupit vapaina roskista ja sotkusta, jotka saattavat aiheuttaa lis\u00e4rasitusta kissan heikentyneelle immuunij\u00e4rjestelm\u00e4lle.<\/p>\n<p>Lis\u00e4ksi on t\u00e4rke\u00e4\u00e4 est\u00e4\u00e4 ylikansoitus kodissasi, sill\u00e4 se voi lis\u00e4t\u00e4 kissojen infektioita. T\u00e4m\u00e4 voi lis\u00e4t\u00e4 entisest\u00e4\u00e4n riski\u00e4 sairastua FIP:hen tai pahentaa olemassa olevia sairauksia, kuten coronavirusinfektioon liittyvi\u00e4 ruoansulatuskanavan ongelmia.<\/p>\n<p>&nbsp;<\/p>\n<h2>7. Tiukkojen hygieniatoimenpiteiden toteuttaminen<\/h2>\n<p>Kun kissalla diagnosoidaan FIP, omistajien on toimittava nopeasti suojellakseen muita <a href=\"\/de?page_id=891\" target=\"_blank\" rel=\"noopener\">kissojaan ja est\u00e4\u00e4kseen<\/a> taudin levi\u00e4misen. On t\u00e4rke\u00e4\u00e4 toteuttaa tiukkoja hygieniatoimenpiteit\u00e4, kuten erist\u00e4\u00e4 <a href=\"\/de?page_id=899\" target=\"_blank\" rel=\"noopener\">tartunnan saanut kissa<\/a>, puhdistaa ja desinfioida ymp\u00e4rist\u00f6, minimoida kissojen v\u00e4linen kontakti ja pest\u00e4 k\u00e4det tartunnan saaneen el\u00e4imen k\u00e4sittelyn j\u00e4lkeen.<\/p>\n<p>N\u00e4iden protokollien t\u00e4yt\u00e4nt\u00f6\u00f6npanolla on kaksi tavoitetta: ensinn\u00e4kin se v\u00e4hent\u00e4\u00e4 riski\u00e4 est\u00e4m\u00e4ll\u00e4 FIP:n levi\u00e4misen edelleen kotitalouden sis\u00e4ll\u00e4 tai sen ulkopuolella. Toiseksi se auttaa luomaan miellytt\u00e4v\u00e4n ymp\u00e4rist\u00f6n kissoille ja v\u00e4hent\u00e4\u00e4 samalla fyysisten oireiden, kuten kuumeen tai ruoansulatusongelmien, aiheuttamaa ep\u00e4mukavuutta.<\/p>\n<p>Kaikki kotitalouksien pinnat olisi puhdistettava s\u00e4\u00e4nn\u00f6llisesti el\u00e4inl\u00e4\u00e4ketieteen ammattilaisten hyv\u00e4ksymill\u00e4 desinfiointiaineilla v\u00e4hint\u00e4\u00e4n 10 minuutin ajan p\u00e4ivitt\u00e4in, jotta voidaan v\u00e4hent\u00e4\u00e4 bakteerikontaminaatiota, joka aiheutuu kissojen yskiess\u00e4 tai aivastellessa syntyvist\u00e4 aerosolimaisista pisaroista.<\/p>\n<p>Lis\u00e4ksi hyv\u00e4 k\u00e4sihygienia &#8211; perusteellinen k\u00e4sienpesu heti tartunnan saaneen el\u00e4imen kanssa kosketuksiin joutumisen j\u00e4lkeen &#8211; v\u00e4hent\u00e4\u00e4 merkitt\u00e4v\u00e4sti tartuntariski\u00e4 ihmisest\u00e4 toiseen.<\/p>\n<p>Kissanomistajia kehotetaan k\u00e4ytt\u00e4m\u00e4\u00e4n tarvittaessa k\u00e4sineit\u00e4, mutta my\u00f6s s\u00e4\u00e4nn\u00f6llinen pesu auttaa rajoittamaan altistumista. Kun lemmikkiel\u00e4inten vanhemmat suhtautuvat vakavasti jokaiseen vaiheeseen diagnoosi- ja t\u00e4yt\u00e4nt\u00f6\u00f6npanovaiheessa, jota asiantuntijat suosittelevat, he tekev\u00e4t kaikkensa parantaakseen t\u00e4m\u00e4n sairauden kanssa el\u00e4vien lemmikkiel\u00e4inten el\u00e4m\u00e4nlaatua.<\/p>\n<p>&nbsp;<\/p>\n<h2>8. Kissan FIP-eristysk\u00e4yt\u00e4nt\u00f6jen noudattaminen usean kissan talouksissa.<\/h2>\n<p>Kun <a href=\"\/de?page_id=870\" target=\"_blank\" rel=\"noopener\">kissalla diagnosoidaan kissan tarttuva vatsakalvotulehdus<\/a> (FIP) usean kissan taloudessa, on t\u00e4rke\u00e4\u00e4 erist\u00e4\u00e4 sairastunut FIP-kissa muista kissoista, jotta estet\u00e4\u00e4n levi\u00e4minen ja suojellaan muita kissoja. Vaikka on vaikeaa est\u00e4\u00e4 lemmikki\u00e4si olemasta vuorovaikutuksessa muiden kissojen kanssa, voit toteuttaa toimenpiteit\u00e4, jotka v\u00e4hent\u00e4v\u00e4t tartuntariski\u00e4 merkitt\u00e4v\u00e4sti.<\/p>\n<p>FIP levi\u00e4\u00e4 p\u00e4\u00e4asiassa tartunnan saaneiden ulosteiden kosketuksen kautta yhteisiss\u00e4 p\u00f6ntt\u00f6astioissa tai pinnoilla. Kun kissat ovat l\u00e4hekk\u00e4in tai leikkiv\u00e4t kovaa, ne voivat mahdollisesti levitt\u00e4\u00e4 FIP:n kaltaisia tauteja, joten n\u00e4iden toimintojen v\u00e4hent\u00e4misen pit\u00e4isi olla ensisijainen prioriteetti omistajille, joiden kissoilla on diagnoosi.<\/p>\n<p>On my\u00f6s t\u00e4rke\u00e4\u00e4 olla tarkkana yhteisten kulhojen ja kuivikkeiden suhteen ja v\u00e4ltt\u00e4\u00e4 suoraa kontaktia useiden kissojen v\u00e4lill\u00e4 aina kun mahdollista. FIPV levi\u00e4\u00e4 ulosteiden v\u00e4lityksell\u00e4, joten mieluiten jokaiselle kissalle olisi oltava oma p\u00f6ntt\u00f6. Luo muutaman viikon v\u00e4lein hauskoja leluja, raapimalaudat ja piilopaikkoja erityisesti omalle kissallesi, jotta se ei tule mustasukkaiseksi muiden kissojen tavaroista.<\/p>\n<p>Lis\u00e4ksi, jos mahdollista, majoita jokainen el\u00e4in erikseen &#8211; niiden pit\u00e4minen kodin eri huoneissa v\u00e4hent\u00e4\u00e4 stressi\u00e4 ja pit\u00e4\u00e4 my\u00f6s taudit loitolla! Asianmukaisten eristysk\u00e4yt\u00e4nt\u00f6jen toteuttaminen auttaa v\u00e4hent\u00e4m\u00e4\u00e4n riski\u00e4, ett\u00e4 kissojen koronavirus tarttuu rokottamattomiin tai immuunipuutteisiin FIP-kissoihin.<\/p>\n<p>Siihen kuuluu my\u00f6s yhteisten ulkotilojen, ruokakupillien ja vaatteiden, jotka saattavat levitt\u00e4\u00e4 bakteereja syljen, turkin jne. v\u00e4lityksell\u00e4, katkaiseminen. Sinun tulisi my\u00f6s harkita, ett\u00e4 suosittelet kaikille samassa taloudessa asuville terveille kissoille rokotuksia FIV\/FeLV:n kaltaisia monimutkaisia virustauteja vastaan v\u00e4hint\u00e4\u00e4n kahdesti vuodessa.<\/p>\n<p>Jos havaitset merkkej\u00e4 tartuntataudista tai jos testitulokset ovat positiivisia FeLV:n suhteen, pid\u00e4 n\u00e4m\u00e4 el\u00e4imet poissa karanteenialueeltasi &#8211; n\u00e4m\u00e4 virukset voivat aiheuttaa vakavia sairauksia, mutta jatkuva altistuminen voi my\u00f6s tuoda eristettyyn ymp\u00e4rist\u00f6\u00f6n uusia infektioita, jotka voivat pahentaa lemmikkisi tilaa nopeammin ennen hoidon alkamista.<\/p>\n<p>&nbsp;<\/p>\n<h2>9. Seuraa kissan tilaa<\/h2>\n<p>On eritt\u00e4in t\u00e4rke\u00e4\u00e4 seurata tarkasti kissan tilaa ja hakeutua v\u00e4litt\u00f6m\u00e4sti el\u00e4inl\u00e4\u00e4k\u00e4rin hoitoon, jos FIP on diagnosoitu. Kissojen FIP:n oireet voivat vaihdella huomattavasti eri tapauksissa, ja kaikista kissasi k\u00e4ytt\u00e4ytymisess\u00e4 tai terveydentilassa tapahtuvista muutoksista on keskusteltava v\u00e4litt\u00f6m\u00e4sti kokeneiden ammattilaisten, kuten el\u00e4inl\u00e4\u00e4k\u00e4rin, kanssa.<\/p>\n<p>S\u00e4\u00e4nn\u00f6lliset el\u00e4inl\u00e4\u00e4k\u00e4rin tarkastukset ovat avainasemassa viruksen varhaisessa diagnosoinnissa ja hoidossa; t\u00e4m\u00e4 mahdollistaa tehokkaat hoitostrategiat, oireiden lievitt\u00e4misen ja lemmikkisi el\u00e4m\u00e4n pident\u00e4misen.<\/p>\n<p>Jos sinulla on sis\u00e4tiloissa useita kissoja, joissa kissat voivat olla kosketuksissa toisiinsa, on suositeltavaa, ett\u00e4 kissat eristet\u00e4\u00e4n, kunnes ammattimainen el\u00e4inl\u00e4\u00e4k\u00e4ri voi seurata tartunnan saaneen kissan taudin etenemist\u00e4.<\/p>\n<p>Varoitusmerkkej\u00e4 ovat esimerkiksi voimakas laihtuminen, \u00e4\u00e4rimm\u00e4inen v\u00e4symys\/haluttomuus, kuumeen nousu, sekavuus tai sekavuus, jotka kaikki vaativat kiireellist\u00e4 l\u00e4\u00e4k\u00e4rinhoitoa.<\/p>\n<h2>10. Rajoita altistumista muille kissoille<\/h2>\n<p>Lopuksi ulkoilmaan p\u00e4\u00e4sy\u00e4 tulisi my\u00f6s rajoittaa, sill\u00e4 villiel\u00e4imet voivat kantaa tauteja, jotka voivat edelleen altistaa FIP-positiivisen kissasi riskille &#8211; suojaamalla niit\u00e4 t\u00e4llaisilta tapauksilta v\u00e4ltt\u00e4m\u00e4ll\u00e4 ajeltuja alueita ulkona, jonne linnut ja el\u00e4imet voivat helposti vaeltaa, v\u00e4henn\u00e4t huomattavasti mahdollisuuksia saada jotain muuta ylim\u00e4\u00e4r\u00e4ist\u00e4 diagnoosin lis\u00e4ksi.<\/p>\n<p>Fyysisen vuorovaikutuksen v\u00e4hent\u00e4minen, joka on p\u00e4\u00e4syyllinen tartuntam\u00e4\u00e4r\u00e4n levi\u00e4miseen, auttaa varmistamaan mahdollisimman suuren varmuuden tarvittavien varotoimien toteuttamisessa, kun k\u00e4sitell\u00e4\u00e4n tarttuvan vatsakalvotulehduksen (FIP) hallintaa.<\/p>\n<p>Ottamalla siistit askeleet kohti turvallisuutta, kuten esimerkiksi kiinnitt\u00e4m\u00e4ll\u00e4 tarkkaa huomiota tarkkailijoiden henkil\u00f6kohtaisia hygieniatoimenpiteit\u00e4 samalla kun ollaan tietoisia altistamalla saastuneita ymp\u00e4rist\u00f6j\u00e4 tarjoavat t\u00e4rke\u00e4\u00e4 suojaa mahdollisilta koronaviruksen levi\u00e4miselt\u00e4, joka liittyy samankaltaisiin olosuhteisiin, erityisesti usean kissan kotitalouksien osalta, entist\u00e4 jyrkemmin &#8211; v\u00e4ltt\u00e4m\u00e4t\u00f6n k\u00e4yt\u00e4nt\u00f6, jota l\u00e4\u00e4ketieteellinen tutkimus tukee kerta toisensa j\u00e4lkeen ilman ep\u00e4onnistumisia, erityisesti t\u00e4m\u00e4n taudin kontekstissa, tehokkaasti.<\/p>\n","protected":false},"excerpt":{"rendered":"<p>Se voi olla hermostuttavaa, jos olet juuri saanut tiet\u00e4\u00e4, ett\u00e4 kissallasi on FIP. Ymm\u00e4rr\u00e4mme sinua, mutta olemme t\u00e4\u00e4ll\u00e4 auttamassa. Jos kissallasi on diagnosoitu FIP, voit tehd\u00e4 seuraavat 10 asiaa. 1. Hakeudu kissan FIP-asiantuntijan el\u00e4inl\u00e4\u00e4k\u00e4rin neuvontaan. FIP-diagnoosi voi olla kissanomistajille pelottava asia. Vaikka t\u00e4m\u00e4 sairaus on monimutkainen ja vakava, oikea-aikaiset toimenpiteet ja asiantunteva hoito voivat vaikuttaa [&hellip;]<\/p>\n","protected":false},"author":11,"featured_media":21907,"parent":0,"menu_order":0,"comment_status":"closed","ping_status":"closed","template":"","meta":{"_glsr_average":0,"_glsr_ranking":0,"_glsr_reviews":0,"footnotes":""},"categories":[722],"tags":[736,778],"_links":{"self":[{"href":"https:\/\/fipmed.co\/fi\/wp-json\/wp\/v2\/pages\/21906"}],"collection":[{"href":"https:\/\/fipmed.co\/fi\/wp-json\/wp\/v2\/pages"}],"about":[{"href":"https:\/\/fipmed.co\/fi\/wp-json\/wp\/v2\/types\/page"}],"author":[{"embeddable":true,"href":"https:\/\/fipmed.co\/fi\/wp-json\/wp\/v2\/users\/11"}],"replies":[{"embeddable":true,"href":"https:\/\/fipmed.co\/fi\/wp-json\/wp\/v2\/comments?post=21906"}],"version-history":[{"count":0,"href":"https:\/\/fipmed.co\/fi\/wp-json\/wp\/v2\/pages\/21906\/revisions"}],"wp:featuredmedia":[{"embeddable":true,"href":"https:\/\/fipmed.co\/fi\/wp-json\/wp\/v2\/media\/21907"}],"wp:attachment":[{"href":"https:\/\/fipmed.co\/fi\/wp-json\/wp\/v2\/media?parent=21906"}],"wp:term":[{"taxonomy":"category","embeddable":true,"href":"https:\/\/fipmed.co\/fi\/wp-json\/wp\/v2\/categories?post=21906"},{"taxonomy":"post_tag","embeddable":true,"href":"https:\/\/fipmed.co\/fi\/wp-json\/wp\/v2\/tags?post=21906"}],"curies":[{"name":"wp","href":"https:\/\/api.w.org\/{rel}","templated":true}]}}