{"id":21936,"date":"2022-12-02T08:05:01","date_gmt":"2022-12-02T08:05:01","guid":{"rendered":"https:\/\/fipmed.co\/kissan-fip-hoito-fip-n-laaketieteellinen-kehitys-pelastaa-kissoja\/"},"modified":"2022-12-02T08:05:01","modified_gmt":"2022-12-02T08:05:01","slug":"kissan-fip-hoito-fip-n-laaketieteellinen-kehitys-pelastaa-kissoja","status":"publish","type":"page","link":"https:\/\/fipmed.co\/fi\/kissan-fip-hoito-fip-n-laaketieteellinen-kehitys-pelastaa-kissoja\/","title":{"rendered":"Kissan FIP-hoito: FIP:n l\u00e4\u00e4ketieteellinen kehitys pelastaa kissoja."},"content":{"rendered":"<p>Kissoille on jo saatavilla todistettu FIP-hoito. Taloudellisen motivaation puutteen vuoksi <a href=\"\/?page_id=883\" target=\"_blank\" rel=\"noopener\">kissojen FIP:hen<\/a> ei kuitenkaan ole t\u00e4ll\u00e4 hetkell\u00e4 olemassa yht\u00e4\u00e4n virallisesti hyv\u00e4ksytty\u00e4 l\u00e4\u00e4kett\u00e4. Tukihoito, kuten tulehduskipul\u00e4\u00e4kkeet ja nesteen poisto rintakeh\u00e4st\u00e4 ja vatsasta, voi lievitt\u00e4\u00e4 ep\u00e4mukavuutta, mutta ei lis\u00e4t\u00e4 eloonj\u00e4\u00e4misastetta. Eutanasia on aiemmin ollut paras vaihtoehto taudin nopean ja korkean kuolleisuusasteen vuoksi, mutta nyky\u00e4\u00e4n hoitoa voidaan tarjota suurella onnistumisprosentilla.<\/p>\n<p>Juuri nyt tutkitaan muutamia tutkittavia l\u00e4\u00e4kkeit\u00e4, kuten GS441524, GC376, CL-Pro ja Remdesivir. N\u00e4it\u00e4 l\u00e4\u00e4kkeit\u00e4 ei t\u00e4ll\u00e4 hetkell\u00e4 ole laillisesti saatavilla kliiniseen k\u00e4ytt\u00f6\u00f6n kissoille.<\/p>\n<h2><\/h2>\n<p><strong>ANTIVIRAALIT (proteaasin est\u00e4j\u00e4t, polymeraasin est\u00e4j\u00e4t, nukleosidianalogit)<\/strong><\/p>\n<p>Ainoat <a href=\"https:\/\/fipmed.co\/\" target=\"_blank\" rel=\"noopener\">hoitomuodot, jotka antavat nyt toivoa FIP:t\u00e4 sairastaville kissoille<\/a>, ovat GS441524, joka on nukleosidianalogi, ja GC376, proteaasin est\u00e4j\u00e4.<\/p>\n<p>GS441524 on edelleen paras vaihtoehto FIP:n hoitoon, koska sen uusiutumisaste on GC376:een verrattuna alhaisempi. Se vaikuttaa my\u00f6s nopeammin kuin Remdesivir. Itse asiassa Remdesivir on GS441524:n esiaste, joten Remdesivirin muuntaminen GS441524:ksi vaatii ylim\u00e4\u00e4r\u00e4isen vaiheen, jotta se toimisi.<\/p>\n<p>&nbsp;<\/p>\n<p><strong>GS-441524<\/strong><\/p>\n<p>On esitetty n\u00e4ytt\u00f6\u00e4 siit\u00e4, ett\u00e4 t\u00e4m\u00e4 l\u00e4\u00e4kitys toimii hyvin lukuisissa tilanteissa. Sen saaminen on ollut vaikeaa. Remdesiviiri on, kuten aiemmin todettiin, protidi tai aihiol\u00e4\u00e4ke, jonka elimist\u00f6 muuttaa my\u00f6hemmin GS-441524:ksi. L\u00e4\u00e4kkeen antaminen protidi- tai aihiol\u00e4\u00e4kemuodossa auttaa saamaan sen immuunij\u00e4rjestelm\u00e4n soluihin, jotka sis\u00e4lt\u00e4v\u00e4t immunosuppressiivisia koronaviruksia. Joissakin l\u00e4\u00e4kkeen kissoille tehdyiss\u00e4 testeiss\u00e4 GS-441524:\u00e4\u00e4 annettiin alkuper\u00e4isess\u00e4 muodossaan, eik\u00e4 FIP:n parantumisprosenttia havaittu.<\/p>\n<p>&nbsp;<\/p>\n<p>GS441524 on t\u00e4ll\u00e4 hetkell\u00e4 edelleen paras hoitovaihtoehtomme. Koska t\u00e4m\u00e4 l\u00e4\u00e4kitys on kuitenkin kallis ja vaikeasti saatavilla, kissanomistajien olisi pyritt\u00e4v\u00e4 entist\u00e4 enemm\u00e4n est\u00e4m\u00e4\u00e4n kissansa sairastuminen tautiin.<\/p>\n<p>&nbsp;<\/p>\n<p><strong>GC376<\/strong><\/p>\n<p>GC376:ta voidaan pit\u00e4\u00e4 laajakirjoisena virusl\u00e4\u00e4kkeen\u00e4, joka est\u00e4\u00e4 useiden virusten, kuten koronavirusten, kuten FCoV:n, sikojen epidemiallisen ripulin viruksen (PEDV), SARS-CoV:n, MERS-CoV:n, SARS-CoV-2:n, fretin ja minkin koronaviruksen <sup>Mpro<\/sup>:ta. GC376 on toisen dipeptidipohjaisen proteaasinest\u00e4j\u00e4n GC373:n aihiol\u00e4\u00e4ke.<\/p>\n<p>Kissojen FIP:n hoitoon GC376:lla liittyi haittavaikutuksia, kuten ohimenev\u00e4\u00e4 kirvely\u00e4 injektiokohdissa, ihonalaista fibroosia, karvanl\u00e4ht\u00f6\u00e4 ja pysyvien hampaiden ep\u00e4normaalia puhkeamista nuorilla kissoilla<span class=\"anchor-text\">[4<\/span>]. Siksi tarvitaan lis\u00e4tutkimuksia, jotta voidaan arvioida GC376:n k\u00e4ytt\u00f6\u00f6n liittyvi\u00e4 mahdollisia haittavaikutuksia el\u00e4inmalleissa ennen sen k\u00e4ytt\u00f6\u00e4 kliinisiss\u00e4 tutkimuksissa.<\/p>\n<p>GC376 est\u00e4\u00e4 FCoV-viruksen replikaation eri mekanismilla. GC376:lla hoidettujen kissojen uusiutumisprosentti on kuitenkin huomattavasti korkeampi kuin GS441524:ll\u00e4. GC376:n k\u00e4ytt\u00f6 onnistuu silloin, kun kissat kehitt\u00e4v\u00e4t resistenssi\u00e4 GS441524:lle, erityisesti uusiutumistapauksissa. Silloin on suositeltavaa k\u00e4ytt\u00e4\u00e4 GC376:ta sen sijaan.<\/p>\n<p>On my\u00f6s tutkimuksia, jotka osoittavat, ett\u00e4 sek\u00e4 GS441524:n ett\u00e4 GC376:n yhdistelm\u00e4ll\u00e4 saadaan parempia tuloksia ja ett\u00e4 hoidon kesto on lyhyempi eli 6 viikkoa tavanomaisen 12 viikon sijaan.<\/p>\n<p>&nbsp;<\/p>\n<p class=\"p1\"><b>Kissan interferoni<\/b><\/p>\n<p>Interferonia elimist\u00f6 tuottaa luonnostaan vastauksena virusinfektioon. El\u00e4inl\u00e4\u00e4k\u00e4reill\u00e4 on k\u00e4ytett\u00e4viss\u00e4\u00e4n kahdenlaisia interferoneja: kissan interferoni omega (Virbagen Omega,\u00ae, jonka valmistaja on ranskalainen Virbac) ja ihmisen interferoni alfa, jota on saatavana muutamalla eri tuotemerkill\u00e4. On suositeltavaa k\u00e4ytt\u00e4\u00e4 kissan interferonia, koska interferonit ovat lajispesifisi\u00e4: ne toimivat parhaiten alkuper\u00e4islajissa.<\/p>\n<p>Interferon-omega on injektio, jota markkinoidaan FIP:t\u00e4 sairastaville kissoille. Pieni varhainen tutkimus osoitti lupaavia tuloksia, joten siit\u00e4 tuli lyhyen aikaa osa tavanomaista hoitoa. Se oli yksi varhaisimmista <a href=\"\/?page_id=887\" target=\"_blank\" rel=\"noopener\">FIP:n hoitomuodoista<\/a>, mutta onnistumisprosentti oli alhainen.<\/p>\n<p>Laajemmassa kaksoissokkoutetussa lumekontrolloidussa tutkimuksessa interferonista ei todettu olevan hy\u00f6ty\u00e4. Asian olisi pit\u00e4nyt olla sill\u00e4 selv\u00e4, mutta l\u00e4\u00e4ke on edelleen saatavilla, ja ihmiset tyrkytt\u00e4v\u00e4t edelleen aiempaa asiakirjaa viittaamatta my\u00f6hemp\u00e4\u00e4n.<\/p>\n<p>&nbsp;<\/p>\n<p><strong>KORTIKOSTEROIDIT (VAIN PALLIALITIVE)<\/strong><\/p>\n<p class=\"p1\"><span class=\"s1\">Alkuvaiheen sairauden aikana saatetaan tarvita tukil\u00e4\u00e4kityst\u00e4 (oireenmukaista l\u00e4\u00e4kityst\u00e4), jotta kissat pysyv\u00e4t hengiss\u00e4 niin kauan, ett\u00e4 virusl\u00e4\u00e4kkeet ehtiv\u00e4t vaikuttaa. Tulehduskipul\u00e4\u00e4kkeet kuuluvat usein l\u00e4\u00e4kkeisiin (kortikosteroidit, NSAIDit). On suositeltavaa v\u00e4ltt\u00e4\u00e4 n\u00e4iden l\u00e4\u00e4kkeiden liiallista k\u00e4ytt\u00f6\u00e4, paitsi lyhytaikaisesti ja vain, jos siihen on pakottava syy, erityisesti eritt\u00e4in huonokuntoisille kissoille ensimm\u00e4isten p\u00e4ivien aikana.<\/span><\/p>\n<p class=\"p1\"><span class=\"s1\">FIP:n hoidon ensisijainen tavoite on est\u00e4\u00e4 viruksen lis\u00e4\u00e4ntyminen makrofageissa, mik\u00e4 lopettaa v\u00e4litt\u00f6m\u00e4sti FIP:n oireita aiheuttavien erilaisten tulehduksellisten ja immunosuppressiivisten sytokiinien muodostumisen. Vaikka tietyt l\u00e4\u00e4kkeet, kuten kortikosteroidit (prednisoloni) ja tulehduskipul\u00e4\u00e4kkeet (meloksikaami), voivat v\u00e4hent\u00e4\u00e4 tulehdussytokiineja, GS-441524 est\u00e4\u00e4 n\u00e4m\u00e4 haitalliset sytokiinit kokonaan. 24-48 tunnin kuluessa FipMed parantaa merkitt\u00e4v\u00e4sti l\u00e4mp\u00f6tilaa, aktiivisuutta, n\u00e4l\u00e4ntunnetta ja muita oireita. T\u00e4m\u00e4 parannus on huomattavasti suurempi kuin mik\u00e4\u00e4n muu l\u00e4\u00e4ke voi tarjota. N\u00e4in ollen, ellei ole pakottavaa syyt\u00e4 jatkaa muiden l\u00e4\u00e4kkeiden k\u00e4ytt\u00f6\u00e4, niiden k\u00e4ytt\u00f6 on lopetettava heti, kun FIP-oireet paranevat havaittavasti ja johdonmukaisesti.<\/span><\/p>\n<p class=\"p1\"><span class=\"s1\">Sen lis\u00e4ksi, ett\u00e4 steroidit peitt\u00e4v\u00e4t FIP:hen liittyv\u00e4t oireet, ne voivat h\u00e4irit\u00e4 GS-441524:n jakautumista veri-aivoesteen l\u00e4pi. Useat tutkimukset ovat osoittaneet, ett\u00e4 steroidit voivat v\u00e4hent\u00e4\u00e4 veri-aivoesteen l\u00e4p\u00e4isevyytt\u00e4. Kissoilla heikentynyt l\u00e4p\u00e4isevyys voi v\u00e4hent\u00e4\u00e4 GS-441524:n tehokkuutta ja lis\u00e4t\u00e4 uusiutumisen todenn\u00e4k\u00f6isyytt\u00e4.<\/span><\/p>\n<p>&nbsp;<\/p>\n<p class=\"p1\"><span class=\"s1\"><b>GS 441524 Turvallisuus FIP-hoitona<\/b><\/span><\/p>\n<p class=\"p1\"><span class=\"s1\">GS-441524 on osoittautunut turvalliseksi ja tehokkaaksi hoitovaihtoehdoksi. L\u00e4\u00e4ke kehitettiin alun perin virusl\u00e4\u00e4kkeeksi ihmisille, mutta sittemmin se on otettu uudelleen k\u00e4ytt\u00f6\u00f6n kissoille.<span class=\"Apple-converted-space\"> <\/span><\/span><\/p>\n<p class=\"p1\"><span class=\"s1\">Useat tutkimukset ovat osoittaneet, ett\u00e4 l\u00e4\u00e4ke ei aiheuta merkitt\u00e4vi\u00e4 haittavaikutuksia tai toksisuutta, kun sit\u00e4 annetaan ohjeiden mukaisesti.<\/span><\/p>\n<p class=\"p1\"><span class=\"s1\">Joillakin kissoilla voi esiinty\u00e4 lievi\u00e4 haittavaikutuksia, kuten pahoinvointia tai letargiaa, hoidon aikana. N\u00e4m\u00e4 oireet h\u00e4vi\u00e4v\u00e4t yleens\u00e4 nopeasti, eiv\u00e4tk\u00e4 ne vaadi el\u00e4inl\u00e4\u00e4k\u00e4rin toimenpiteit\u00e4.<span class=\"Apple-converted-space\"> <\/span><\/span><\/p>\n<p>&nbsp;<\/p>\n","protected":false},"excerpt":{"rendered":"<p>Kissoille on jo saatavilla todistettu FIP-hoito. Taloudellisen motivaation puutteen vuoksi kissojen FIP:hen ei kuitenkaan ole t\u00e4ll\u00e4 hetkell\u00e4 olemassa yht\u00e4\u00e4n virallisesti hyv\u00e4ksytty\u00e4 l\u00e4\u00e4kett\u00e4. Tukihoito, kuten tulehduskipul\u00e4\u00e4kkeet ja nesteen poisto rintakeh\u00e4st\u00e4 ja vatsasta, voi lievitt\u00e4\u00e4 ep\u00e4mukavuutta, mutta ei lis\u00e4t\u00e4 eloonj\u00e4\u00e4misastetta. Eutanasia on aiemmin ollut paras vaihtoehto taudin nopean ja korkean kuolleisuusasteen vuoksi, mutta nyky\u00e4\u00e4n hoitoa voidaan tarjota [&hellip;]<\/p>\n","protected":false},"author":11,"featured_media":21942,"parent":0,"menu_order":0,"comment_status":"closed","ping_status":"closed","template":"","meta":{"_glsr_average":0,"_glsr_ranking":0,"_glsr_reviews":0,"footnotes":""},"categories":[722],"tags":[736,737],"_links":{"self":[{"href":"https:\/\/fipmed.co\/fi\/wp-json\/wp\/v2\/pages\/21936"}],"collection":[{"href":"https:\/\/fipmed.co\/fi\/wp-json\/wp\/v2\/pages"}],"about":[{"href":"https:\/\/fipmed.co\/fi\/wp-json\/wp\/v2\/types\/page"}],"author":[{"embeddable":true,"href":"https:\/\/fipmed.co\/fi\/wp-json\/wp\/v2\/users\/11"}],"replies":[{"embeddable":true,"href":"https:\/\/fipmed.co\/fi\/wp-json\/wp\/v2\/comments?post=21936"}],"version-history":[{"count":0,"href":"https:\/\/fipmed.co\/fi\/wp-json\/wp\/v2\/pages\/21936\/revisions"}],"wp:featuredmedia":[{"embeddable":true,"href":"https:\/\/fipmed.co\/fi\/wp-json\/wp\/v2\/media\/21942"}],"wp:attachment":[{"href":"https:\/\/fipmed.co\/fi\/wp-json\/wp\/v2\/media?parent=21936"}],"wp:term":[{"taxonomy":"category","embeddable":true,"href":"https:\/\/fipmed.co\/fi\/wp-json\/wp\/v2\/categories?post=21936"},{"taxonomy":"post_tag","embeddable":true,"href":"https:\/\/fipmed.co\/fi\/wp-json\/wp\/v2\/tags?post=21936"}],"curies":[{"name":"wp","href":"https:\/\/api.w.org\/{rel}","templated":true}]}}