{"id":21953,"date":"2024-03-25T07:19:57","date_gmt":"2024-03-25T07:19:57","guid":{"rendered":"https:\/\/fipmed.co\/fip-n-oireet-kissoilla-fip-tyyppien-perusteella\/"},"modified":"2024-03-25T07:19:57","modified_gmt":"2024-03-25T07:19:57","slug":"fip-n-oireet-kissoilla-fip-tyyppien-perusteella","status":"publish","type":"page","link":"https:\/\/fipmed.co\/fi\/fip-n-oireet-kissoilla-fip-tyyppien-perusteella\/","title":{"rendered":"FIP:n oireet kissoilla FIP-tyyppien perusteella"},"content":{"rendered":"<p>On viisasta, kun tarkastelemme kissojen FIP-oireita FIP-tyyppien perusteella.<br \/>\nNe ovat mukana tarkemman diagnoosin tekemiseksi.<br \/>\nFIP:n tyypin tunteminen voi auttaa sinua ennustamaan sen vakavuutta sek\u00e4 kaikkia mahdollisia FIP:n eri muotoja, jotta et j\u00e4tt\u00e4isi mit\u00e4\u00e4n oireita huomaamatta.    &nbsp;<\/p>\n<h1><strong>Kliiniset merkit ei-ep\u00e4puhtaasta kuivasta FIP:st\u00e4<\/strong><\/h1>\n<p>  T\u00e4m\u00e4n FIP:n tyypillisi\u00e4 oireita ovat velttous, kuume, ruokahaluttomuus, laihtuminen ja keltaisuus.  &nbsp;<\/p>\n<h2><strong>Velttous<\/strong><strong> <\/strong><\/h2>\n<p>  Letargia on yleisesti raportoitu yhdeksi kissan tarttuvaan vatsakalvotulehdukseen liittyvist\u00e4 kliinisist\u00e4 oireista.<br \/>\nSe voi esiinty\u00e4 kissoilla joko ei-eritt\u00e4v\u00e4n\u00e4, eritt\u00e4v\u00e4n\u00e4 tai silmiin kohdistuvana, ja se voi olla merkki siit\u00e4, ett\u00e4 kyseess\u00e4 on jotain vakavampaa.<br \/>\nMonilla kissoilla t\u00e4m\u00e4 apatiaoire ilmenee ennen muiden oireiden ilmaantumista, mik\u00e4 osoittaa, miksi on t\u00e4rke\u00e4\u00e4 tarkkailla letargiaa mahdollisimman pian ennen muiden pitk\u00e4lle edenneiden vaiheiden kehittymist\u00e4.<br \/>\nYksi useimmiten esiintyv\u00e4 oire olisi liiallinen v\u00e4symys tai velttous, johon voi liitty\u00e4 paikallaan pysymist\u00e4 pitki\u00e4 aikoja tai pitk\u00e4aikaista nukkumisk\u00e4ytt\u00e4ytymist\u00e4 tavanomaisten tapojen ulkopuolella.<br \/>\nT\u00e4m\u00e4 energian puute kissan toiminnassa voi lopulta johtaa painonpudotukseen, vaikka kissan ruokahalu on lis\u00e4\u00e4ntynyt sen heikentyneen tilan vuoksi &#8211; t\u00e4m\u00e4 rajoittaa entisest\u00e4\u00e4n kissan aktiivisuustasoa, mik\u00e4 johtaa ajan mittaan suurempaan v\u00e4symykseen.<br \/>\nToinen yleinen indikaattori FIP:st\u00e4 ovat k\u00e4ytt\u00e4ytymismuutokset, kuten ep\u00e4sosiaalinen muuttuminen v\u00e4lttelem\u00e4ll\u00e4 ihmisi\u00e4 kokonaan (vaikka ne olisivat aiemmin olleet yst\u00e4v\u00e4llisi\u00e4).       &nbsp;<\/p>\n<h2><strong>Kuume<\/strong><\/h2>\n<p>  Kuume on yleinen FIP:hen liittyv\u00e4 kliininen oire, mutta se ei ole spesifinen, ja sit\u00e4 voi esiinty\u00e4 eri sairauksista k\u00e4rsivill\u00e4 kissoilla.<br \/>\nOn t\u00e4rke\u00e4\u00e4 muistaa, ett\u00e4 kuume voi olla ainoa kliininen oire kissoilla, joilla on ei-ep\u00e4ilytt\u00e4v\u00e4 kuiva FIP, joten el\u00e4inl\u00e4\u00e4k\u00e4reiden on t\u00e4rke\u00e4\u00e4 ottaa se huomioon arvioidessaan kissoja t\u00e4m\u00e4n taudin varalta.<br \/>\nKun kissalle kehittyy FIP:n aiheuttama kuume, tauti etenee nopeasti ja johtaa l\u00e4hes aina kuolemaan.<br \/>\nFIP:n diagnosointi voi olla haastavaa my\u00f6s sen ep\u00e4m\u00e4\u00e4r\u00e4isten oireiden vuoksi, sill\u00e4 monilla muilla sairauksilla, kuten hengitystieinfektioilla ja tulehduksellisilla sairauksilla, on samanlaisia oireita.     &nbsp;<\/p>\n<h2><strong>Anoreksia<\/strong><\/h2>\n<p>  Anoreksia on yleisesti tunnustettu yhdeksi kissoilla havaittavista ep\u00e4spesifisist\u00e4 ja paikallistamattomista FIP:n oireista.<br \/>\nAnoreksia tarkoittaa ruokahaluttomuutta tai ruokahaluttomuutta, joka voi johtua kivun, sairauden tai vamman aiheuttamasta v\u00e4hentyneest\u00e4 ruokailuhalusta.<br \/>\nFIP:t\u00e4 sairastavat kissat k\u00e4rsiv\u00e4t huonosta ruokahalusta ja heille kehittyy anemia, joka johtuu siit\u00e4 johtuvasta ravintoaineiden puutteesta, joka vaikuttaa niiden yleisterveyteen ja haittaa niiden normaalia toimintaa.<br \/>\nFIP:n kaltaisesta hengenvaarallisesta viruksesta k\u00e4rsivill\u00e4 kissoilla anoreksiaan liittyy usein oireita, kuten velttoutta, velttoutta, laihtumista ja kuumetta.     &nbsp;<\/p>\n<h2><strong>Painonpudotus<\/strong><\/h2>\n<p>  Painonpudotus on yleinen FIP:n kliininen oire, erityisesti tapauksissa, joissa on kyse kuivasta FIP:st\u00e4.<br \/>\nPainonpudotukseen liittyv\u00e4t oireet voivat vaihdella taudin vakavuudesta riippuen.<br \/>\nVarhaisiin oireisiin voi kuulua v\u00e4hentynyt ruoan saanti ja normaalia hitaampi kasvu, kun taas pidemm\u00e4lle edenneiss\u00e4 vaiheissa ruumiinpaino voi pienenty\u00e4 merkitt\u00e4v\u00e4sti lyhyess\u00e4 ajassa, energiataso voi laskea ja lihakset voivat kuihtua.<br \/>\nSelitt\u00e4m\u00e4t\u00f6nt\u00e4 tai nopeaa painonpudotusta ei pid\u00e4 j\u00e4tt\u00e4\u00e4 huomiotta, kun kissoilla on FIP:hen viittaavia oireita.<br \/>\nJos kissasi vaikuttaa tavallista laihemmalta ilman selityst\u00e4 tai n\u00e4ytt\u00e4\u00e4 menett\u00e4v\u00e4n liikaa turkkia ilman havaittavaa syyt\u00e4, on t\u00e4rke\u00e4\u00e4, ett\u00e4 hakeudut v\u00e4litt\u00f6m\u00e4sti el\u00e4inl\u00e4\u00e4k\u00e4rin vastaanotolle.      &nbsp;<\/p>\n<h2><strong>Keltaisuus<\/strong><\/h2>\n<p>  Keltaisuus on FIP:t\u00e4 sairastavilla kissoilla havaittu merkki, joka esiintyy tyypillisesti muiden maksan vajaatoiminnan tai hepatomegalian (suurentunut maksa) merkkien, kuten velttouden ja laihtumisen, ohella.<br \/>\nFyysisess\u00e4 tutkimuksessa kissan iho voi olla kellert\u00e4v\u00e4n v\u00e4rinen, mik\u00e4 voi n\u00e4ky\u00e4 erityisesti kissan vatsassa ja silmiss\u00e4.<br \/>\nJoissakin tapauksissa keltaisuus voi peitt\u00e4\u00e4 koko kissan kehon.<br \/>\nKeltaisuus johtuu bilirubiinipitoisuuden noususta (pigmenttimolekyylit, joita hajonneet punasolut vapauttavat verenkiertoon), mik\u00e4 johtaa niiden kertymiseen.<br \/>\nSe osoittaa, ett\u00e4 jossakin sappiteiss\u00e4, joihin kuuluvat sappirakko sek\u00e4 maksan ja ohutsuolen v\u00e4liset, ruoansulatukseen tarvittavat rakenteet, on h\u00e4iri\u00f6.      &nbsp;<\/p>\n<h1><strong>M\u00e4rk\u00e4 FIP:n kliiniset oireet (Effusive Wet FIP)<\/strong><\/h1>\n<p>  Rintakeh\u00e4n, vatsan ja kivespussin turvotus ovat er\u00e4it\u00e4 m\u00e4rk\u00e4-FIP:hen liittyvi\u00e4 oireita.  &nbsp;<\/p>\n<h2><strong>Rintakeh\u00e4n turvotus<\/strong><\/h2>\n<p>  Rintakeh\u00e4n turvotus on kliininen oire, joka liittyy m\u00e4rk\u00e4\u00e4n FIP:hen, jossa nestett\u00e4 kertyy rintakeh\u00e4\u00e4n.<br \/>\nT\u00e4m\u00e4 voi johtaa hengitysvaikeuksiin ja vaikuttaa elinten normaaliin toimintaan, kuten syd\u00e4men sykkeeseen, l\u00e4mm\u00f6ns\u00e4\u00e4telyyn ja kaasujen vaihtoon.<br \/>\nN\u00e4in ollen t\u00e4m\u00e4 on yksi niist\u00e4 effuusiosta, joka on suositeltavaa tyhjent\u00e4\u00e4, jos mahdollista.<br \/>\nRintakeh\u00e4n turvotus osoittaa FIP:n pitk\u00e4lle edennytt\u00e4 vaihetta, ja se ilmenee yleens\u00e4 hengitystaajuuden nopeutumisena tai kurlaavina \u00e4\u00e4nin\u00e4 kissan hengitt\u00e4ess\u00e4.<br \/>\nJos rintakeh\u00e4n turvotus jatkuu pitk\u00e4\u00e4n, se voi johtaa sis\u00e4elimiin kohdistuvan paineen lis\u00e4\u00e4ntymiseen, mik\u00e4 aiheuttaa niiden aliravitsemusta v\u00e4hentyneen verenkierron ja hapensaannin vuoksi.<br \/>\nLis\u00e4ksi jatkuva rintakeh\u00e4n turvotus voi hoitamattomana aiheuttaa pysyvi\u00e4 vaurioita elint\u00e4rkeille elimille ja johtaa lopulta kuolemaan, jos sit\u00e4 ei hoideta pitk\u00e4\u00e4n aikaan.       &nbsp;<\/p>\n<h2><strong>Vatsan turvotus<\/strong><\/h2>\n<p>  Vatsan turvotus on my\u00f6s kliininen oire, joka liittyy Effusive FIP:hen.<br \/>\nT\u00e4lle FIP:n muodolle on ominaista nesteen muodostuminen vatsaan, jota kutsutaan my\u00f6s vatsanesteeksi.<br \/>\nT\u00e4m\u00e4 ylim\u00e4\u00e4r\u00e4inen, ep\u00e4normaali neste ymp\u00e4r\u00f6i ruoansulatuskanavaa ja sen elimi\u00e4.<br \/>\nR\u00f6ntgenkuvaus, ultra\u00e4\u00e4nitutkimus ja vatsaontelon\u00e4ytteenotto ovat diagnostisia menetelmi\u00e4, joita k\u00e4ytet\u00e4\u00e4n sen selvitt\u00e4miseksi, onko vatsaontelon effuusiota esiintynyt kissoilla, joilla ep\u00e4ill\u00e4\u00e4n FIP:t\u00e4.<br \/>\nLis\u00e4ksi nesteanalyysill\u00e4 voidaan saada eritt\u00e4in suuntaa-antavia tuloksia, joiden avulla voidaan diagnosoida FIP:n aiheuttama vatsanesteen poistuma tarkasti.<br \/>\nVatsan turvotus on kissalle v\u00e4hemm\u00e4n uhkaava, vaikka se voikin tehd\u00e4 siit\u00e4 ep\u00e4mukavan.<br \/>\nJos p\u00e4\u00e4t\u00e4t tyhjent\u00e4\u00e4 t\u00e4m\u00e4n nestevajauksen, p\u00e4\u00e4t\u00e4 tyhjent\u00e4\u00e4 enint\u00e4\u00e4n 30 % nesteest\u00e4.        &nbsp;<\/p>\n<h2><strong>Kivespussin turvotus<\/strong><\/h2>\n<p>  Lemmikinomistajat voivat tunnistaa uroskissojen kivespussin turvotuksen, kun kivespussin koko muuttuu selitt\u00e4m\u00e4tt\u00f6m\u00e4sti, etenkin jos se ilmenee nopeasti tai siihen liittyy muita oireita, kuten velttoutta ja kuumetta.<br \/>\nT\u00e4m\u00e4 FIP:n muoto vaikuttaa tavallisimmin nuoriin kissoihin, ja se puhkeaa nopeasti ja oireina on esimerkiksi vatsanesteen kertymist\u00e4, rintakeh\u00e4n suurentumista, painonlaskua, keltaisuutta ja jatkuvaa korkeaa kuumetta.<br \/>\nKivespussin turvotus on yksi t\u00e4rkeimmist\u00e4 kliinisist\u00e4 oireista, joita el\u00e4inl\u00e4\u00e4k\u00e4rit k\u00e4ytt\u00e4v\u00e4t tunnistamaan t\u00e4m\u00e4n sairauden varhaisessa vaiheessa, yleens\u00e4 ennen muiden oireiden ilmaantumista.    &nbsp;<\/p>\n<h1><strong>Silm\u00e4n FIP:n kliiniset oireet<\/strong><\/h1>\n<p>  Pid\u00e4 silm\u00e4ll\u00e4 FIP:n merkkej\u00e4, kuten iiriksen v\u00e4rimuutoksia, n\u00e4\u00f6n menetyst\u00e4, sarveiskalvon paksuuntumista ja hypopyonia.  &nbsp;<\/p>\n<h2><strong>Iiriksen v\u00e4rj\u00e4ytyminen<\/strong><\/h2>\n<p>  Iiriksen v\u00e4rj\u00e4ytyminen on kliininen merkki, joka voi viitata FIP:n silm\u00e4n muotoiseen oireiluun.<br \/>\nSe ilmenee tyypillisesti iiriksen v\u00e4rin muutoksena, silm\u00e4n ep\u00e4normaalina sameutena tai flokkuloituneena (valkoiset t\u00e4pl\u00e4t) pupillin sis\u00e4ll\u00e4, mik\u00e4 johtuu FIP-viruksen aiheuttamasta infektiosta johtuvasta tulehduksesta.<br \/>\nSarveiskalvon paksuuntuminen ja hypopyon voivat my\u00f6s liitty\u00e4 t\u00e4h\u00e4n merkkiin, joka yleens\u00e4 voi hoitamattomana johtaa lopulta pysyv\u00e4\u00e4n n\u00e4\u00f6n menetykseen.<br \/>\nT\u00e4m\u00e4n tilan varhainen havaitseminen ja diagnosointi on t\u00e4rke\u00e4\u00e4, jotta voidaan aloittaa nopea hoito kloramfenikolin ja tiamfenikolin kaltaisilla antiprotozoalaisilla aineilla, jotta voidaan v\u00e4hent\u00e4\u00e4 siihen liittyvi\u00e4 lis\u00e4riskej\u00e4.     &nbsp;<\/p>\n<h2><strong>N\u00e4\u00f6n menetys<\/strong><\/h2>\n<p>  N\u00e4\u00f6n menetys on yksi selvimmist\u00e4 merkeist\u00e4 siit\u00e4, ett\u00e4 kissallasi saattaa olla silm\u00e4per\u00e4inen FIP.<br \/>\nSe on pitk\u00e4lle edennyt oire, ja se voi osoittaa, ett\u00e4 lemmikkisi on jo sairastanut viruksen vakavamman muodon.<br \/>\nPyogranulomatoottinen anteriorinen uveiitti (tulehdus) on yksi t\u00e4llainen ilmenemismuoto, joka antaa sellaisia merkkej\u00e4 kuin Handlight Sign (kellert\u00e4v\u00e4 hajaantuminen, kun silm\u00e4t altistetaan tarkennetulle valons\u00e4teelle kuten taskulampun valolle).<br \/>\nT\u00e4m\u00e4 oireyhtym\u00e4 liittyy n\u00e4k\u00f6kyvyn huomattavaan heikkenemiseen sek\u00e4 riitt\u00e4m\u00e4tt\u00f6m\u00e4\u00e4n sis\u00e4\u00e4nvirtaukseen ja ulosvirtaukseen, kystisiin rakenteisiin ja iiriksen vaurioihin, jotka aiheuttavat tuhoa my\u00f6s silm\u00e4kuopan sis\u00e4ll\u00e4, jos se j\u00e4tet\u00e4\u00e4n hoitamatta ajan mittaan.     &nbsp;<\/p>\n<h2><strong>Sarveiskalvon paksuuntuminen<\/strong><\/h2>\n<p>  T\u00e4m\u00e4 tila ilmenee, kun silm\u00e4n ulompi osa, sarveiskalvo, muuttuu tulehduksen vuoksi normaalia paksummaksi.<br \/>\nKissoilla t\u00e4m\u00e4n voi aiheuttaa joko virus tai bakteeri, ja voi kest\u00e4\u00e4 viikkoja, ennen kuin sen vaikutukset n\u00e4kyv\u00e4t.<br \/>\nYleens\u00e4 t\u00e4m\u00e4n oireen tunnistaminen on helpompaa, jos samaan aikaan esiintyy muita oireita, kuten n\u00e4\u00f6n sumentumista tai kipua.<br \/>\nKissalla, jolla on sarveiskalvon paksuuntumista, voi olla vaikeuksia n\u00e4hd\u00e4 selv\u00e4sti ja se voi kokea jonkin verran ep\u00e4mukavuutta tai kipua heikentyneen n\u00e4\u00f6nlaadun vuoksi.     &nbsp;<\/p>\n<h2><strong>Hypopyon<\/strong><\/h2>\n<p>  Hypopyon on l\u00e4\u00e4ketieteellinen termi, jota k\u00e4ytet\u00e4\u00e4n kuvaamaan valkosolujen kertymist\u00e4 sarveiskalvon pohjaan, mik\u00e4 ilmenee usein, kun tulehdus tai infektio vaikuttaa silm\u00e4\u00e4n.<br \/>\nSe liittyy yleisimmin uveiittiin, joka on kissojen FIP:n seurauksena ilmenev\u00e4 tulehdus silm\u00e4n sis\u00e4ll\u00e4.<br \/>\nHypopyon johtuu siit\u00e4, ett\u00e4 leukosyytit (valkosolut) kulkeutuvat iiriksen l\u00e4pi ja ker\u00e4\u00e4ntyv\u00e4t silm\u00e4n sis\u00e4kammioon.<br \/>\nT\u00e4m\u00e4 johtaa sitten suoriin havaintoihin fyysisess\u00e4 tutkimuksessa, kuten n\u00e4kyv\u00e4\u00e4n sameuteen yhdess\u00e4 tai useammassa osassa silm\u00e4munaa tai pupillin muutoksiin el\u00e4inl\u00e4\u00e4k\u00e4reiden suorittamissa valoaltistuskokeissa.     &nbsp;<\/p>\n<h2><strong>Verkkokalvon irtauma<\/strong><\/h2>\n<p>  T\u00e4m\u00e4 on tila, joka syntyy, kun verkkokalvo irtoaa sen alla olevasta tukikudoksesta ja verenkierrosta.<br \/>\nSe voi johtua useista sairauksista, kuten korkeasta verenpaineesta, kilpirauhasen liikatoiminnasta tai munuaissairaudesta.<br \/>\nFIP:t\u00e4 sairastavilla kissoilla voi esiinty\u00e4 verkkokalvon verenvuodon ja irtoamisen lis\u00e4ksi granulomatoottisia muutoksia.<br \/>\nVerkkokalvon irtoamiseen liittyv\u00e4 johtava oire on n\u00e4\u00f6n menetys, joka voi ilmet\u00e4 \u00e4killisesti tai v\u00e4hitellen riippuen vaurion laajuudesta ja infektion vakavuudesta.<br \/>\nMuita oireita ovat silmien verhoutuminen tai samentuminen, n\u00e4k\u00f6kent\u00e4n h\u00e4iri\u00f6t tai v\u00e4\u00e4ristym\u00e4t ja vaikeudet sopeutua kirkkaaseen valoon, mukaan lukien y\u00f6sokeus.<br \/>\nJoillakin kissoilla voi my\u00f6s esiinty\u00e4 kelluvia kuvia, jotka johtuvat lasiaisnesteen vuotamisesta johonkin silm\u00e4n rakenteeseen ja jotka aiheuttavat v\u00e4\u00e4ristynytt\u00e4 kuvaa, koska ne h\u00e4iritsev\u00e4t normaalia n\u00e4k\u00f6linjan toimintaa.       &nbsp;<\/p>\n<h1><strong>Neurologisen FIP:n kliiniset oireet<\/strong><\/h1>\n<p>  Varo merkkej\u00e4, kuten ep\u00e4tasapainoa, p\u00e4\u00e4n kallistumista, kouristuksia ja k\u00e4ytt\u00e4ytymisen muutoksia.  &nbsp;<\/p>\n<h2><strong>Ep\u00e4tasapaino<\/strong><\/h2>\n<p>  Ep\u00e4tasapaino on yleinen FIP:n oire, ja se on usein ensimm\u00e4inen merkki siit\u00e4, ett\u00e4 jokin on vialla.<br \/>\nFIP:t\u00e4 sairastavilla kissoilla ep\u00e4tasapaino voi ilmet\u00e4 k\u00e4velyvaikeuksina tai koordinaatiokyvyn heikkenemisen\u00e4 &#8211; tilan vakavuudesta riippuen.<br \/>\nKun kissat siirtyv\u00e4t makuuasennosta seisomaan, jotkut kissat saattavat heilua edestakaisin, koska ne eiv\u00e4t pysty nopeasti palauttamaan tasapainoaan.<br \/>\nT\u00e4m\u00e4n oireen syy voi vaihdella sen mukaan, mink\u00e4 tyyppinen FIP on kissallasi.<br \/>\nSe voi johtua neurologisesta vauriosta tai nesteen kertymisest\u00e4 vatsa- tai rintaonteloon.<br \/>\nKissojen ep\u00e4tasapainoon ei pid\u00e4 suhtautua kevyesti, ja se on otettava puheeksi el\u00e4inl\u00e4\u00e4k\u00e4rin kanssa, sill\u00e4 varhainen diagnoosi parantaa ennustetta merkitt\u00e4v\u00e4sti t\u00e4m\u00e4n tilan hoidossa.<br \/>\nEl\u00e4inl\u00e4\u00e4k\u00e4ri aloittaa tekem\u00e4ll\u00e4 fyysisi\u00e4 tutkimuksia, kuten tarkastelemalla motorista toimintaa ja refleksej\u00e4, jotta he voivat arvioida, vaikuttaako kissan k\u00e4vely koordinoituneelta.        &nbsp;<\/p>\n<h2><strong>P\u00e4\u00e4n kallistus<\/strong><\/h2>\n<p>  P\u00e4\u00e4n kallistus on t\u00e4rke\u00e4 neurologisen FIP:n kliininen oire, koska se viittaa usein vestibulaarisyndroomaan.<br \/>\nVestibulaarinen oireyhtym\u00e4 ilmenee, kun tasapainosta vastaava aivojen osa ei toimi oikein, mik\u00e4 aiheuttaa ep\u00e4tasapainoa ja koordinaatiovaikeuksia.<br \/>\nKissoilla t\u00e4m\u00e4 ilmenee voimakkaana p\u00e4\u00e4n kallistumisena jommallekummalle puolelle.<br \/>\nT\u00e4h\u00e4n voi liitty\u00e4 silm\u00e4t, jotka eiv\u00e4t tunnu liikkuvan normaalisti yhdess\u00e4.<br \/>\nToinen silmist\u00e4 voi heitt\u00e4yty\u00e4 nopeasti edestakaisin toisen pysyess\u00e4 paikoillaan, samoin kuin painovoiman aiheuttamat py\u00f6rimisliikkeet, joiden vuoksi kissan on vaikea pysy\u00e4 pystyss\u00e4.      &nbsp;<\/p>\n<h2><strong>Kohtaukset<\/strong><\/h2>\n<p>  Kohtaukset voivat olla FIP:n kliininen merkki, kun neurologisia oireita esiintyy.<br \/>\nJoitakin varoittavia merkkej\u00e4 siit\u00e4, ett\u00e4 kissallasi saattaa olla FIP:n aiheuttama kohtaus, ovat muun muassa sopimaton ulostaminen, dementian kaltainen k\u00e4ytt\u00e4ytyminen, kuten kiertely tai aggressiivisuus, heikentynyt koordinaatio ja tasapaino sek\u00e4 oudot \u00e4\u00e4ntelyt tai tajunnan menetys.<br \/>\nAina kun kissasi saa kohtauksen, se on viet\u00e4v\u00e4 viipym\u00e4tt\u00e4 el\u00e4inl\u00e4\u00e4k\u00e4riin tarkempaa arviointia ja diagnoosia varten.    &nbsp;<\/p>\n<h2><strong>K\u00e4ytt\u00e4ytymisen muutos<\/strong><\/h2>\n<p>  K\u00e4ytt\u00e4ytymisen muutokset voivat olla varhainen merkki FIP:st\u00e4.<br \/>\nYksi yleinen oire, joka huolestuttaa omistajia, on \u00e4killiset muutokset kissan k\u00e4ytt\u00e4ytymismallissa.<br \/>\nKissat saattavat piiloutua tavallista useammin tai osoittaa aggressiivisuutta silloin, kun ne eiv\u00e4t normaalisti k\u00e4ytt\u00e4ytyisi.<\/p>\n","protected":false},"excerpt":{"rendered":"<p>On viisasta, kun tarkastelemme kissojen FIP-oireita FIP-tyyppien perusteella. Ne ovat mukana tarkemman diagnoosin tekemiseksi. FIP:n tyypin tunteminen voi auttaa sinua ennustamaan sen vakavuutta sek\u00e4 kaikkia mahdollisia FIP:n eri muotoja, jotta et j\u00e4tt\u00e4isi mit\u00e4\u00e4n oireita huomaamatta. &nbsp; Kliiniset merkit ei-ep\u00e4puhtaasta kuivasta FIP:st\u00e4 T\u00e4m\u00e4n FIP:n tyypillisi\u00e4 oireita ovat velttous, kuume, ruokahaluttomuus, laihtuminen ja keltaisuus. &nbsp; Velttous Letargia [&hellip;]<\/p>\n","protected":false},"author":1,"featured_media":21954,"parent":0,"menu_order":0,"comment_status":"closed","ping_status":"closed","template":"","meta":{"_glsr_average":0,"_glsr_ranking":0,"_glsr_reviews":0,"footnotes":""},"categories":[747],"tags":[],"_links":{"self":[{"href":"https:\/\/fipmed.co\/fi\/wp-json\/wp\/v2\/pages\/21953"}],"collection":[{"href":"https:\/\/fipmed.co\/fi\/wp-json\/wp\/v2\/pages"}],"about":[{"href":"https:\/\/fipmed.co\/fi\/wp-json\/wp\/v2\/types\/page"}],"author":[{"embeddable":true,"href":"https:\/\/fipmed.co\/fi\/wp-json\/wp\/v2\/users\/1"}],"replies":[{"embeddable":true,"href":"https:\/\/fipmed.co\/fi\/wp-json\/wp\/v2\/comments?post=21953"}],"version-history":[{"count":0,"href":"https:\/\/fipmed.co\/fi\/wp-json\/wp\/v2\/pages\/21953\/revisions"}],"wp:featuredmedia":[{"embeddable":true,"href":"https:\/\/fipmed.co\/fi\/wp-json\/wp\/v2\/media\/21954"}],"wp:attachment":[{"href":"https:\/\/fipmed.co\/fi\/wp-json\/wp\/v2\/media?parent=21953"}],"wp:term":[{"taxonomy":"category","embeddable":true,"href":"https:\/\/fipmed.co\/fi\/wp-json\/wp\/v2\/categories?post=21953"},{"taxonomy":"post_tag","embeddable":true,"href":"https:\/\/fipmed.co\/fi\/wp-json\/wp\/v2\/tags?post=21953"}],"curies":[{"name":"wp","href":"https:\/\/api.w.org\/{rel}","templated":true}]}}