{"id":22008,"date":"2024-03-25T05:50:49","date_gmt":"2024-03-25T05:50:49","guid":{"rendered":"https:\/\/fipmed.co\/kissojen-tarttuva-vatsakalvotulehdus-fip-riskitekijat\/"},"modified":"2024-03-25T05:50:49","modified_gmt":"2024-03-25T05:50:49","slug":"kissojen-tarttuva-vatsakalvotulehdus-fip-riskitekijat","status":"publish","type":"page","link":"https:\/\/fipmed.co\/fi\/kissojen-tarttuva-vatsakalvotulehdus-fip-riskitekijat\/","title":{"rendered":"Kissan tarttuva vatsakalvotulehdus: FIP:n riskitekij\u00e4t"},"content":{"rendered":"<p><strong>Mitk\u00e4 ovat joitakin FIP:n riskitekij\u00f6it\u00e4?<\/strong>  Jotkut kissat ovat alttiimpia sairastumaan FIP:hen kuin toiset, vaikka siit\u00e4 vastuussa olevaa koronavirusta esiintyy kaikkialla.<br \/>\nAlla on lueteltu joitakin riskitekij\u00f6it\u00e4, jotka lis\u00e4\u00e4v\u00e4t kissan riski\u00e4 sairastua FIP:hen. &nbsp;<strong>Ik\u00e4<\/strong> 50 % FIP:n sairastavista kissoista on alle 2-vuotiaita, joten ne ovat todenn\u00e4k\u00f6isesti saaneet tartunnan kissanpennuina, jolloin niiden immuunij\u00e4rjestelm\u00e4 oli liian nuori k\u00e4sittelem\u00e4\u00e4n FCoV-infektiota.<br \/>\nNuoremmilla kissoilla ja vanhemmilla kissoilla on usein ep\u00e4kyps\u00e4 tai heikentynyt immuunij\u00e4rjestelm\u00e4, mik\u00e4 voi lis\u00e4t\u00e4 niiden riski\u00e4 sairastua FIP:hen.<br \/>\nNuoret kissanpennut saattavat my\u00f6s altistua virukselle, kun ne ovat olleet pentutarhassa tai turvakodissa. &nbsp;<strong>Rotu FIP:n riskitekij\u00f6in\u00e4<\/strong> Tietyill\u00e4 roduilla, kuten puhdasrotuisilla kissoilla tai parituksista per\u00e4isin olevilla kissoilla, voi olla suurempi riski sairastua FIP:hen.<br \/>\nPersialaiset kissat ja sukulaisrodut n\u00e4ytt\u00e4v\u00e4t olevan alttiimpia.<br \/>\nOn n\u00e4ytt\u00f6\u00e4 siit\u00e4, ett\u00e4 persialaiskissat kantavat &#8221;altistavia alleeleja&#8221; t\u00e4lle sairaudelle, mik\u00e4 tekee niist\u00e4 alttiita, kun ne altistuvat FIP:t\u00e4 aiheuttavalle virukselle.<br \/>\nKissat, jotka ovat kotoisin pariskunnista tai puhdasrotuisista linjoista, voivat olla erityisen alttiita sairastumaan FIP:hen.<br \/>\nAbessinialaisilla, bengaleilla, birmaaneilla, himalajalaisilla, ragdoleilla ja rexeill\u00e4 on huomattavasti suurempi riski sairastua tautiin kuin muilla kissoilla.<br \/>\nMy\u00f6s muiden kissarotujen, kuten burman, eksoottisen lyhytkarvaisen, manxin, persian ja ven\u00e4j\u00e4nsinisen, on todettu olevan alttiimpia FIP:lle, mik\u00e4 johtuu genetiikasta ja niiden lis\u00e4\u00e4ntyneest\u00e4 altistumisesta jalostusohjelmissa.<br \/>\nUskotaan, ett\u00e4 tietyt persialaiskissoihin (ja niihin liittyviin rotuihin) liittyv\u00e4t geneettiset tekij\u00e4t tekev\u00e4t niist\u00e4 hieman muita kissalajeja heikommin kykenevi\u00e4 hallitsemaan FIP:t\u00e4 aiheuttavaa virusta &#8211; mik\u00e4 tekee niist\u00e4 alttiimpia tartunnalle, jos ne joutuvat kosketuksiin sen kanssa.           &nbsp;<\/p>\n<p><strong>Ahtaat elinolot<\/strong><strong> <\/strong>  Kissoilla, jotka el\u00e4v\u00e4t ahtaissa tai stressaavissa ymp\u00e4rist\u00f6iss\u00e4, kuten usean kissan talouksissa tai turvakodeissa, voi olla suurempi riski altistua kissojen koronavirukselle, mik\u00e4 voi lis\u00e4t\u00e4 FIP:n todenn\u00e4k\u00f6isyytt\u00e4.<br \/>\nJoitakin ahtaissa oloissa el\u00e4miseen liittyvi\u00e4 FIP-riskitekij\u00f6it\u00e4 ovat muun muassa l\u00e4heisyys toisten kissojen kanssa, yhteiset resurssit (kuten ruoka-astiat, kuivikelaatikot ja s\u00e4ngyt) sek\u00e4 stressin heikent\u00e4m\u00e4 immuunij\u00e4rjestelm\u00e4.<br \/>\nAltistuminen muille kissoille on t\u00e4rke\u00e4 tartuntatekij\u00e4, koska tartunnan saaneet kissat eritt\u00e4v\u00e4t virusta syljess\u00e4\u00e4n tai ulosteessaan.<br \/>\nKissojen v\u00e4linen l\u00e4heinen kontakti mahdollistaa viruksen levi\u00e4misen helpommin.<br \/>\nUsean kissan talouksissa ja turvakodeissa on t\u00e4rke\u00e4\u00e4 v\u00e4hent\u00e4\u00e4 tartuntamahdollisuuksia edist\u00e4m\u00e4ll\u00e4 hyvi\u00e4 hygieniak\u00e4yt\u00e4nt\u00f6j\u00e4, kuten desinfioimalla pinnat kotitalouspuhdistusaineella ja pesem\u00e4ll\u00e4 k\u00e4det s\u00e4\u00e4nn\u00f6llisesti eri kissojen silitt\u00e4misen v\u00e4lill\u00e4.<br \/>\nOn my\u00f6s t\u00e4rke\u00e4\u00e4 kannustaa kissojen terveellisi\u00e4 k\u00e4ytt\u00e4ytymismalleja, mukaan lukien riitt\u00e4v\u00e4n tilan tarjoaminen kissaa kohti, jotta ne eiv\u00e4t taistele reviirist\u00e4.<br \/>\nK\u00e4yt\u00e4 tarvittaessa tuholaistorjuntatoimenpiteit\u00e4, kuten kirpputorjuntak\u00e4sittelyj\u00e4, ja tarjoa rikastuttavia aktiviteetteja, kuten leluja\/ruokailuv\u00e4lineit\u00e4\/kiipeilytorneja jne.<br \/>\nVarmista, ett\u00e4 kissat saavat ruokaa tasapuolisesti ilman, ett\u00e4 ne &#8221;taistelevat&#8221; ruoasta, ja tarjoa mukavat lepopaikat. &nbsp;<strong>Perinn\u00f6llisyys<\/strong> Joillakin kissoilla voi olla geneettinen alttius, joka tekee niist\u00e4 alttiimpia sairastumaan FIP:hen.<br \/>\nT\u00e4m\u00e4 voi liitty\u00e4 niiden immuunij\u00e4rjestelm\u00e4\u00e4n tai kykyyn hallita kissojen koronavirusta.<br \/>\nKissan geneettinen perim\u00e4 voi tehd\u00e4 siit\u00e4 alttiimman infektiolle joko siten, ett\u00e4 se ei kykene tunnistamaan ja torjumaan tunkeutuvia viruspartikkeleita, tai siten, ett\u00e4 sen solukalvot eiv\u00e4t ole yht\u00e4 vastustuskykyisi\u00e4 virusta vastaan.<br \/>\nNe voivat my\u00f6s tehd\u00e4 kissan tietyt solut alttiiksi immuunivasteelle, joka laukaisee tulehduksen, joka johtaa kudosvaurioiden lis\u00e4\u00e4ntymiseen.<br \/>\nLis\u00e4ksi joiltakin kissoilta saattaa puuttua kyky hallita FIP:hen liittyv\u00e4n vaarallisen kissojen koronaviruskannan replikaatiota, mik\u00e4 lis\u00e4\u00e4 niiden alttiutta sairastua t\u00e4h\u00e4n tilaan. &nbsp;<strong>Stressi<\/strong> Stressi vaikuttaa kielteisesti kissojen immuunij\u00e4rjestelm\u00e4\u00e4n ja v\u00e4hent\u00e4\u00e4 niiden kyky\u00e4 torjua infektioita.<br \/>\nKissat voivat stressaantua, kun niiden ymp\u00e4rist\u00f6ss\u00e4 tai rutiineissa tapahtuu merkitt\u00e4vi\u00e4 muutoksia, kuten muutto tai uuden lemmikin esittely.<br \/>\nKun kissa altistuu stressitekij\u00f6ille, sen elimist\u00f6 vapauttaa hormoneja, jotka tukahduttavat tiettyjen immuunisolujen tuotantoa ja toimintaa.<br \/>\nT\u00e4m\u00e4 aiheuttaa sen, ett\u00e4 kissan yleinen immuunij\u00e4rjestelm\u00e4n suorituskyky heikkenee, jolloin se on alttiimpi FIP:lle mutta my\u00f6s muille sairauksille tai taudeille, kuten loisten ja bakteerien aiheuttamille sairauksille.<br \/>\nUseimmilla FIP:n sairastavilla kissoilla on ollut stressi\u00e4 joitakin viikkoja tai kuukausia ennen FIP:n kehittymist\u00e4.<br \/>\nLemmikkiel\u00e4imille tarjottava ymp\u00e4rist\u00f6\u00e4 rikastuttava toiminta ja mahdollisten stressil\u00e4hteiden minimointi voivat v\u00e4hent\u00e4\u00e4 niiden alttiutta sairastua t\u00e4h\u00e4n tautiin.                  &nbsp;<\/p>\n<p><strong>Immuunij\u00e4rjestelm\u00e4n tila<\/strong><strong> <\/strong>  Kissoilla, joiden immuunij\u00e4rjestelm\u00e4 on heikentynyt, kuten kissojen leukemiavirusta (FeLV) tai kissojen immuunikatovirusta (FIV) sairastavilla kissoilla, on suurempi riski sairastua FIP:hen.<br \/>\nFeLV ja FIV ovat kissoihin tarttuvia virusinfektioita, jotka molemmat hy\u00f6kk\u00e4\u00e4v\u00e4t kissan immuunij\u00e4rjestelm\u00e4\u00e4 vastaan.<br \/>\nT\u00e4m\u00e4n seurauksena kissoilla, joiden immuunij\u00e4rjestelm\u00e4 on heikentynyt jommankumman viruksen vuoksi, on usein vaikeuksia torjua muita tauteja tai sairauksia, my\u00f6s FIP:t\u00e4.<br \/>\nKissat, joilla on FeLV:n tai FIV:n kaltaisia perussairauksia, saattavat altistuttuaan koronavirusinfektiolle heikommin pysty\u00e4 reagoimaan tehokkaasti sit\u00e4 vastaan ja altistuvat todenn\u00e4k\u00f6isemmin taudin kehittymiselle.<br \/>\nLemmikkiel\u00e4inten vanhemmat voivat minimoida kissansa riskin sairastua FIP:hen parhaiten tuntemalla kissan terveyshistorian.<br \/>\nS\u00e4\u00e4nn\u00f6llisiin el\u00e4inl\u00e4\u00e4k\u00e4rik\u00e4ynteihin tulisi sis\u00e4lty\u00e4 lemmikkisi yleisen terveydentilan perusteellinen tarkastus, johon kuuluu my\u00f6s testej\u00e4 n\u00e4iden virusten varalta, jotta voit havaita mahdolliset merkit varhaisessa vaiheessa ja antaa kissallesi tarvittaessa asianmukaista hoitoa ja hoitoa.<\/p>\n","protected":false},"excerpt":{"rendered":"<p>Mitk\u00e4 ovat joitakin FIP:n riskitekij\u00f6it\u00e4? Jotkut kissat ovat alttiimpia sairastumaan FIP:hen kuin toiset, vaikka siit\u00e4 vastuussa olevaa koronavirusta esiintyy kaikkialla. Alla on lueteltu joitakin riskitekij\u00f6it\u00e4, jotka lis\u00e4\u00e4v\u00e4t kissan riski\u00e4 sairastua FIP:hen. &nbsp;Ik\u00e4 50 % FIP:n sairastavista kissoista on alle 2-vuotiaita, joten ne ovat todenn\u00e4k\u00f6isesti saaneet tartunnan kissanpennuina, jolloin niiden immuunij\u00e4rjestelm\u00e4 oli liian nuori k\u00e4sittelem\u00e4\u00e4n FCoV-infektiota. [&hellip;]<\/p>\n","protected":false},"author":1,"featured_media":22009,"parent":0,"menu_order":0,"comment_status":"closed","ping_status":"closed","template":"","meta":{"_glsr_average":0,"_glsr_ranking":0,"_glsr_reviews":0,"footnotes":""},"categories":[747],"tags":[],"_links":{"self":[{"href":"https:\/\/fipmed.co\/fi\/wp-json\/wp\/v2\/pages\/22008"}],"collection":[{"href":"https:\/\/fipmed.co\/fi\/wp-json\/wp\/v2\/pages"}],"about":[{"href":"https:\/\/fipmed.co\/fi\/wp-json\/wp\/v2\/types\/page"}],"author":[{"embeddable":true,"href":"https:\/\/fipmed.co\/fi\/wp-json\/wp\/v2\/users\/1"}],"replies":[{"embeddable":true,"href":"https:\/\/fipmed.co\/fi\/wp-json\/wp\/v2\/comments?post=22008"}],"version-history":[{"count":0,"href":"https:\/\/fipmed.co\/fi\/wp-json\/wp\/v2\/pages\/22008\/revisions"}],"wp:featuredmedia":[{"embeddable":true,"href":"https:\/\/fipmed.co\/fi\/wp-json\/wp\/v2\/media\/22009"}],"wp:attachment":[{"href":"https:\/\/fipmed.co\/fi\/wp-json\/wp\/v2\/media?parent=22008"}],"wp:term":[{"taxonomy":"category","embeddable":true,"href":"https:\/\/fipmed.co\/fi\/wp-json\/wp\/v2\/categories?post=22008"},{"taxonomy":"post_tag","embeddable":true,"href":"https:\/\/fipmed.co\/fi\/wp-json\/wp\/v2\/tags?post=22008"}],"curies":[{"name":"wp","href":"https:\/\/api.w.org\/{rel}","templated":true}]}}