{"id":22034,"date":"2022-12-02T07:39:47","date_gmt":"2022-12-02T07:39:47","guid":{"rendered":"https:\/\/fipmed.co\/fip-rokote-ja-muita-tapoja-ehkaista-kissojen-fip-n-sairastuminen\/"},"modified":"2022-12-02T07:39:47","modified_gmt":"2022-12-02T07:39:47","slug":"fip-rokote-ja-muita-tapoja-ehkaista-kissojen-fip-n-sairastuminen","status":"publish","type":"page","link":"https:\/\/fipmed.co\/fi\/fip-rokote-ja-muita-tapoja-ehkaista-kissojen-fip-n-sairastuminen\/","title":{"rendered":"FIP-rokote ja muita tapoja ehk\u00e4ist\u00e4 kissojen FIP:n sairastuminen"},"content":{"rendered":"<p>Kissan tarttuva vatsakalvotulehdus (FIP) on parantumaton ja usein kuolemaan johtava virus, jota sairastaa alle yksi prosentti kissoista.<br \/>\nTautiin ei ole t\u00e4ll\u00e4 hetkell\u00e4 tehokasta hoitoa, joten sen ehk\u00e4isy ennen oireiden ilmaantumista on avainasemassa.<br \/>\nT\u00e4ll\u00e4 hetkell\u00e4 ei tunneta FIP-rokotetta, joka toimisi johdonmukaisesti.<br \/>\nT\u00e4m\u00e4n vuoksi on eritt\u00e4in t\u00e4rke\u00e4\u00e4 est\u00e4\u00e4 kissoja sairastumasta tautiin, koska johdonmukaista l\u00e4\u00e4kityst\u00e4 ei ole.<br \/>\nKissanomistajien tulisi olla valppaita, sill\u00e4 he ovat vastuussa kissojensa terveydest\u00e4, varsinkin jos he omistavat useita kissoja samanaikaisesti.<br \/>\nYksi vaikeimmin ymm\u00e4rrett\u00e4vist\u00e4 sairauksista on FIP.<br \/>\nT\u00e4m\u00e4n taudin diagnoosista, hoidosta ja ennaltaehk\u00e4isyst\u00e4 keskustellaan jatkossakin.<br \/>\nOn kyseenalaista, ett\u00e4 voimme v\u00e4ltt\u00e4\u00e4 <a href=\"\/?page_id=6094\" target=\"_blank\" rel=\"noopener\">FIP:n<\/a>, koska siit\u00e4 ei viel\u00e4 tiedet\u00e4 paljon ja koska koronavirus tarttuu helposti moniin kissoihin maailmanlaajuisesti.<br \/>\nVaikka FIP-rokote on olemassa, ei ole todisteita siit\u00e4, ett\u00e4 se voisi ehk\u00e4ist\u00e4 tautia, joten sit\u00e4 ei t\u00e4ll\u00e4 hetkell\u00e4 suositella.          <\/p>\n<h1>FIP:n ja rokotusten tarpeen ymm\u00e4rt\u00e4minen<\/h1>\n<p>  FIP on vaarallinen virus, joka voi aiheuttaa kissoille vakavia sairauksia, ja sen levi\u00e4misen est\u00e4miseksi tarvitaan rokotuksia.  <\/p>\n<h2>Mik\u00e4 on FIP?<\/h2>\n<p>  FIP eli kissan tarttuva vatsakalvotulehdus on kissojen virusinfektio, jonka aiheuttavat tietyt kissan koronaviruskannat.<br \/>\nSe on eritt\u00e4in tarttuva sairaus kissojen keskuudessa ja levi\u00e4\u00e4 nopeasti suorassa kosketuksessa syljen, virtsan, ulosteiden ja <a href=\"\/?page_id=899\" target=\"_blank\" rel=\"noopener\">tartunnan saaneiden kissojen<\/a> kuivikkeiden kanssa.<br \/>\nKoska sit\u00e4 on usein vaikea diagnosoida sen monimutkaisuuden vuoksi, FIP voi vaikuttaa sek\u00e4 puhdasrotuisiin ett\u00e4 satunnaisrotuisiin kissoihin &#8211; erityisesti nuoriin kissanpentuihin &#8211; ilman varoitusta.<br \/>\nOireiden vakavuudesta riippuen <a href=\"\/?page_id=887\" target=\"_blank\" rel=\"noopener\">FIP:n hoitoon<\/a> voi kuulua tukihoitoa, kuten antibiootteja ja kipul\u00e4\u00e4kkeit\u00e4, sek\u00e4 tarvittaessa intensiivisempi\u00e4 toimenpiteit\u00e4, kuten suonensis\u00e4isesti tai suoraan vatsaan annettavia nesteit\u00e4.<br \/>\nVaikka FIP:hen ei ole viel\u00e4 taattua parannuskeinoa, rokottaminen tautia vastaan voi v\u00e4hent\u00e4\u00e4 taudille alttiiden kissojen riski\u00e4.      <\/p>\n<h2>Miksi on t\u00e4rke\u00e4\u00e4 rokottaa FIP:t\u00e4 vastaan?<\/h2>\n<p><a href=\"\/?page_id=13322\" target=\"_blank\" rel=\"noopener\">FIP on kissojen mahdollisesti tappava virustauti, jonka aiheuttaa<\/a> FCoV-koronavirus.<br \/>\nKun kissa sairastuu FIP:hen, se johtaa l\u00e4hes varmasti kuolemaan.<br \/>\nRokottaminen t\u00e4t\u00e4 virusta vastaan voi auttaa suojaamaan kissoja tartunnalta ja lopulta kuolemalta FIP:hen.<br \/>\nVaikka nykyisten rokotteiden teho on rajallinen, kissojen rokottaminen t\u00e4t\u00e4 tappavaa virusta vastaan voi v\u00e4hent\u00e4\u00e4 merkitt\u00e4v\u00e4sti kissojen sairastuvuutta, jos rokote annetaan asianmukaisesti ja se toimitetaan tehokkaasti ja seurantarokotukset tehd\u00e4\u00e4n vakiomenetelmien mukaisesti.<br \/>\nKissat olisi rokotettava s\u00e4\u00e4nn\u00f6llisesti ja niit\u00e4 olisi seurattava tiiviisti, jotta voidaan varmistaa, ett\u00e4 immunisointi otetaan huomioon arvioitaessa riskitekij\u00f6it\u00e4, jotka liittyv\u00e4t infektioihin tai altistumiseen erilaisten ymp\u00e4rist\u00f6olosuhteiden vuoksi, joita kissat saattavat kohdata jokap\u00e4iv\u00e4isess\u00e4 el\u00e4m\u00e4ss\u00e4\u00e4n, ja samalla v\u00e4hennet\u00e4\u00e4n virusl\u00e4\u00e4kkeiden annostelua, joka muuten olisi tarpeen, jos kissaa ei olisi rokotettu lainkaan.      <\/p>\n<h1>FIP-rokotteiden tyypit<\/h1>\n<p>  T\u00e4ll\u00e4 hetkell\u00e4 ainoa markkinoilla saatavilla oleva FIP-rokote on Vanguard\u00ae Feline FIP Intranasal.  <\/p>\n<h2>Vanguard\u00ae Feline FIP intranasaalisesti<\/h2>\n<p>  on adjuvantoimaton intranasaalinen rokote, joka on kehitetty suojaamaan v\u00e4hint\u00e4\u00e4n 16 viikon ik\u00e4isi\u00e4 kissoja kissojen tarttuvalta vatsakalvotulehdukselta (FIP).<br \/>\nFIP:n aiheuttaa kissan tarttuva vatsakalvotulehdusvirus (FIPV), ja se voi aiheuttaa vakavia komplikaatioita, my\u00f6s kuoleman.<br \/>\nT\u00e4m\u00e4 rokote annetaan intranasaalisesti, ja optimaalisen suojan saavuttamiseksi FIP:t\u00e4 vastaan annetaan kaksi annosta 3-4 viikon v\u00e4lein.<br \/>\nTutkimuksissa on havaittu, ett\u00e4 kissat, jotka oli rokotettu FIPV:n l\u00e4mp\u00f6tilaherk\u00e4ll\u00e4 muodolla, olivat mitattavissa m\u00e4\u00e4rin suojassa taudilta kuin ne kissat, joita ei rokotettu.<br \/>\nLis\u00e4ksi Vanguard\u00ae tarjoaa t\u00e4st\u00e4 rokotteesta my\u00f6s injektoitavaa muotoa, joka on tarkoitettu sek\u00e4 pentueiden ett\u00e4 aikuisten kissojen ennaltaehk\u00e4isyyn 16 viikon i\u00e4st\u00e4 alkaen.<br \/>\nRokottamalla kissasi FIP:t\u00e4 vastaan saat kissallesi t\u00e4rke\u00e4n suojan henke\u00e4 uhkaavaa virusta vastaan &#8211; se on kuitenkin vain yksi osa kissasi terveyden suojelua, joten kissan hyvinvoinnin turvaamiseksi on syyt\u00e4 toteuttaa my\u00f6s muita varotoimia, kuten stressitason v\u00e4hent\u00e4minen, asianmukainen ravitsemus ja ylim\u00e4\u00e4r\u00e4iset varotoimet, kun kissasi majoitetaan kissanhoitolaan tai turvakotiin, jossa se voi joutua kosketuksiin muiden tartuntatauteja kantavien el\u00e4inten kanssa.       <\/p>\n<h1>FIP-rokotuksen hy\u00f6dyt ja riskit<\/h1>\n<p>  Kissasi rokottaminen FIP:t\u00e4 vastaan voi olla tehokas tapa suojata sit\u00e4 t\u00e4lt\u00e4 vaaralliselta virukselta, mutta on t\u00e4rke\u00e4\u00e4 ymm\u00e4rt\u00e4\u00e4 sek\u00e4 rokotteen mahdolliset hy\u00f6dyt ett\u00e4 siihen liittyv\u00e4t riskit.  <\/p>\n<h2>FIP-rokotuksen hy\u00f6dyt<\/h2>\n<ul>\n<li>Suojaa kissojen koronavirusten aiheuttamilta taudeilta, kuten FIP- ja FCoV-tartunnoilta.<\/li>\n<li>V\u00e4hent\u00e4\u00e4 taudin tarttumisriski\u00e4 kissasta toiseen.<\/li>\n<li>FIP- ja FCoV-infektioista k\u00e4rsivien kissojen el\u00e4m\u00e4nlaadun parantaminen ennaltaehk\u00e4isyn avulla.<\/li>\n<li>Lis\u00e4\u00e4 pitk\u00e4ik\u00e4isyytt\u00e4, koska FIP-tapausten vakavuusaste on v\u00e4hentynyt tai ne voivat jopa parantua, kun ne rokotetaan.<\/li>\n<\/ul>\n<h2>FIP-rokotuksen riskit (vasta-aineesta riippuvainen tehostuminen)<\/h2>\n<p>  FIP-rokotuksiin voi liitty\u00e4 riskej\u00e4, jotka liittyv\u00e4t vasta-aineista riippuvaiseen tehostumiseen (ADE), prosessiin, jossa virus-vasta-ainekompleksit tehostavat infektiota.<br \/>\nFIPV:ll\u00e4 itsell\u00e4\u00e4n on osoitettu olevan ADE-vaikutus FIPV:n vasta-aineiden l\u00e4sn\u00e4 ollessa, ja t\u00e4m\u00e4 on her\u00e4tt\u00e4nyt huolta siihen liittyvien rokotteiden kehitt\u00e4misen aikana.   <\/p>\n<ol>\n<li>Kuolemaan johtaneet ep\u00e4normaalit viskerotrooppiset reaktiot.<\/li>\n<li>Jatkuvat infektiot, joita ei ole saatu tehokkaasti poistettua uudelleenrokotuksen j\u00e4lkeen.<\/li>\n<li>Rokotuksen j\u00e4lkeisen kuolleisuuden kasvu verrattuna rokotusta edelt\u00e4v\u00e4\u00e4n kuolleisuuteen.<\/li>\n<li>Muuttuneet taudinaiheuttajien jakaumat, kun verrataan rokottamattomia ja rokotettuja el\u00e4imi\u00e4.<\/li>\n<\/ol>\n<h1>Muita tapoja suojella kissaasi FIP:lt\u00e4<\/h1>\n<p>  Voit toteuttaa p\u00e4ivitt\u00e4in yksinkertaisia toimenpiteit\u00e4 kissasi turvallisuuden ja terveyden s\u00e4ilytt\u00e4miseksi, kuten stressin v\u00e4hent\u00e4minen, oikeanlainen ravitsemus ja ylim\u00e4\u00e4r\u00e4isten varotoimien noudattaminen, kun menet hoitoon.<br \/>\nAmerican Association of Feline Practitioners ei suosittele FIP-rokotetta, vaikka se on olemassa.<br \/>\nKun kissat ovat tarpeeksi vanhoja (16 viikon ik\u00e4isi\u00e4) rokotuksen saamiseksi, suurin osa kissoista on jo altistunut kissojen koronavirukselle, jolloin rokote ei ole en\u00e4\u00e4 niin tehokas.<br \/>\nAlla on joitakin esimerkkej\u00e4 ennaltaehk\u00e4isytaktiikoista, joilla voit pienent\u00e4\u00e4 riski\u00e4si altistua kissojen koronavirukselle, mutta muista, ett\u00e4 ne eiv\u00e4t est\u00e4 FIP:t\u00e4.     <\/p>\n<ul>\n<li>Pid\u00e4 vesi- ja ruoka-astiat kaukana pentulaatikosta.<\/li>\n<li>K\u00e4yt\u00e4 jokaiselle kissalle yksil\u00f6llisi\u00e4 kuivikelaatikoita ja lis\u00e4ksi yht\u00e4 ylim\u00e4\u00e4r\u00e4ist\u00e4.<\/li>\n<li>K\u00e4yt\u00e4 laimennettua valkaisuainetta asuintilojen sek\u00e4 ruoka- ja vesiastioiden puhdistamiseen (1 osa valkaisuainetta 32 osaan vett\u00e4).<\/li>\n<li>Voit v\u00e4hent\u00e4\u00e4 j\u00e4nnityst\u00e4 tarjoamalla ymp\u00e4rist\u00f6\u00e4 rikastuttavaa (kuten palapelileluja ja kissan istuimia).<\/li>\n<li>Pid\u00e4 enint\u00e4\u00e4n kolme kissaa kussakin huoneessa, jos sinulla on monta kissaa, jotta v\u00e4lt\u00e4t tilanahtauden.<\/li>\n<\/ul>\n<p>  FIP:t\u00e4 sairastavat kissat k\u00e4rsiv\u00e4t harvinaisesta, monimutkaisesta ja vakavasti tappavasta sairaudesta.<br \/>\nVie kissasi el\u00e4inl\u00e4\u00e4k\u00e4riin mahdollisimman pian, jos sill\u00e4 alkaa esiinty\u00e4 sairauden oireita.<br \/>\nKun kissanpennut poistetaan tartuntal\u00e4hteist\u00e4, niiden \u00e4idin tuottamat vasta-aineet suojaavat niit\u00e4 tartunnalta vieroitukseen asti, joka tapahtuu yleens\u00e4 noin 5-7 viikon i\u00e4ss\u00e4.<br \/>\nFCoV on hyvin tarttuva virus, joten t\u00e4llainen suoja edellytt\u00e4\u00e4 tiukkaa puhtautta.     <\/p>\n<h2>Stressin v\u00e4hent\u00e4minen<\/h2>\n<p>  Kissojen stressin v\u00e4hent\u00e4minen on yksi tehokkaimmista keinoista suojella niit\u00e4 tarttuvalta vatsakalvotulehdukselta (FIP).<br \/>\nStressi voi heikent\u00e4\u00e4 niiden immuunij\u00e4rjestelm\u00e4\u00e4 ja lis\u00e4t\u00e4 niiden riski\u00e4 sairastua FIP:n kaltaisiin sairauksiin.<br \/>\nEl\u00e4minen ahtaassa tai kaoottisessa ymp\u00e4rist\u00f6ss\u00e4, rutiinien \u00e4\u00e4rimm\u00e4inen muuttuminen, vieraiden ihmisten tai el\u00e4inten seurassa oleminen, fyysinen kipu ja ep\u00e4mukavuus ovat kaikki yleisi\u00e4 kissojen stressin l\u00e4hteit\u00e4.<br \/>\nKissat, jotka el\u00e4v\u00e4t usean kissan talouksissa tai turvakodeissa, ovat alttiimpia korkeammalle stressitasolle tilanahtauden vuoksi.<br \/>\nOmistajien on siksi t\u00e4rke\u00e4\u00e4 tarjota kissoille monipuolinen elinymp\u00e4rist\u00f6, jossa on runsaasti piilopaikkoja ja rauhaa ja hiljaisuutta erill\u00e4\u00e4n lapsista ja muista lemmikeist\u00e4.<br \/>\nLis\u00e4ksi kissan osallistuminen vuorovaikutteiseen leikkiin pallojen tai sauvalelujen kaltaisilla leluilla auttaa pit\u00e4m\u00e4\u00e4n kissan aktiivisena aiheuttamatta tarpeetonta rasitusta sen keholle tai mielelle.<br \/>\nFeromonidiffuusorien asentaminen ymp\u00e4ri taloa voi my\u00f6s auttaa luomaan rauhoittavan ilmapiirin, joka on erityisesti suunniteltu v\u00e4hent\u00e4m\u00e4\u00e4n kissojen ahdistusta muistuttamalla niit\u00e4 siit\u00e4, ett\u00e4 ne ovat turvassa kotona.        <\/p>\n<h2>Oikean ravinnon tarjoaminen<\/h2>\n<p>  Avain <a href=\"\/?page_id=885\" target=\"_blank\" rel=\"noopener\">kissasi terveyden<\/a> yll\u00e4pit\u00e4miseen ja FIP:n riskin pienent\u00e4miseen on tasapainoinen, ravinteikas ruokavalio.<br \/>\nKissan ravinnon tulisi sis\u00e4lt\u00e4\u00e4 v\u00e4ltt\u00e4m\u00e4tt\u00f6mi\u00e4 rasvahappoja, proteiineja, kuituja, vett\u00e4 ja vitamiineja sek\u00e4 muita mineraaleja ja hivenaineita.<br \/>\nOsa n\u00e4ist\u00e4 elint\u00e4rkeist\u00e4 ravintoaineista saadaan ravinnosta, kuten parsakaalin tai porkkanoiden kaltaisista vihanneksista, jotka sis\u00e4lt\u00e4v\u00e4t silmien terveytt\u00e4 edist\u00e4v\u00e4\u00e4 A-vitamiinia, tai linsseist\u00e4 ja kala\u00f6ljyst\u00e4, joka sis\u00e4lt\u00e4\u00e4 omega-3-rasvahappoja, jotka auttavat tukemaan immuunij\u00e4rjestelm\u00e4\u00e4, samalla kun v\u00e4ltet\u00e4\u00e4n lis\u00e4aineita sis\u00e4lt\u00e4vi\u00e4 prosessoituja kissanruokia.<br \/>\nLuonnonmukaisen ruoan sy\u00f6minen aina kun se on mahdollista auttaa tarjoamaan kaikki tarvittavat p\u00e4ivitt\u00e4iset ravintotarpeet ja v\u00e4ltt\u00e4m\u00e4\u00e4n myrkyllisi\u00e4 yhdisteit\u00e4, jotka voivat vaikuttaa kissojen yleiseen hyvinvointiin.<br \/>\nMy\u00f6s muita lis\u00e4ravinteita saatetaan tarvita, jos kissat eiv\u00e4t t\u00e4yt\u00e4 p\u00e4ivitt\u00e4isi\u00e4 ravitsemuksellisia tarpeitaan pelk\u00e4st\u00e4\u00e4n s\u00e4\u00e4nn\u00f6llisill\u00e4 aterioilla.<br \/>\nJos kissat ovat esimerkiksi alttiita alhaiselle energiatasolle, voidaan tarvita rautalis\u00e4\u00e4 v\u00e4symyksen torjumiseksi, jotta ne saavat enemm\u00e4n energiaa pysy\u00e4kseen aktiivisina koko p\u00e4iv\u00e4n ajan.       &nbsp;<\/p>\n<h2>Varotoimenpiteet lennolle nousua varten<\/h2>\n<p>  Riitt\u00e4v\u00e4 hygienia ja ylikansoituksen v\u00e4ltt\u00e4minen ovat keskeisi\u00e4 strategioita, joilla voidaan minimoida FIP:n levi\u00e4minen el\u00e4intenpitotilanteissa.<br \/>\nVarmista kissasi suojelemiseksi, ett\u00e4 t\u00e4ysihoitolaitos on puhdas ja hyvin huollettu.<br \/>\nPuhtaanapidon tulisi olla s\u00e4\u00e4nn\u00f6llinen osa siivousprotokollaa, mukaan lukien kaikkien pintojen s\u00e4\u00e4nn\u00f6llinen desinfiointi ja ty\u00f6ntekij\u00f6iden k\u00e4sienpesuprotokollien tiukka noudattaminen.<br \/>\nLis\u00e4ksi on t\u00e4rke\u00e4\u00e4 v\u00e4ltt\u00e4\u00e4 ylikansoitusta; kissat olisi majoitettava oleskelunsa aikana yksitt\u00e4in tai pieniss\u00e4 ryhmiss\u00e4, jotta v\u00e4hennet\u00e4\u00e4n viruksen siirtymisen mahdollisuutta el\u00e4imest\u00e4 toiseen.<br \/>\nKun harkitset el\u00e4inpalvelua, kysy, miten n\u00e4it\u00e4 varotoimia toteutetaan paikan p\u00e4\u00e4ll\u00e4 &#8211; se voi ratkaista, onko terve lemmikkisi turvassa vai alttiina eritt\u00e4in tarttuvalle taudille.      <\/p>\n<h2><strong>Lis\u00e4varotoimet usean kissan kotitaloudelle<\/strong><\/h2>\n<p>  Koska FIP-tautia sairastavat kissat ovat usein per\u00e4isin monikissaperheist\u00e4 (yli 5 kissaa), el\u00e4insuojista tai kasvatuspiireist\u00e4, stressi voi olla siihen vaikuttava tekij\u00e4.<br \/>\nErottele FIP-positiiviset kissat muista kissoista ja pese k\u00e4det usein, erityisesti lakaisun tai sairaan kissan p\u00f6ntt\u00f6laatikon siivoamisen j\u00e4lkeen.<br \/>\nEl\u00e4inl\u00e4\u00e4k\u00e4rit neuvovat omistajia odottamaan noin kuukausi FIP-positiivisen kissan kuoleman j\u00e4lkeen, ennen kuin he tuovat uuden kissan kotiin, jotta FCoV:lle altistumisen riski pienenee.<br \/>\nEl\u00e4inl\u00e4\u00e4k\u00e4rit suosittelevat odottamaan v\u00e4hint\u00e4\u00e4n kolme kuukautta FIP-positiivisen kissan kuoleman j\u00e4lkeen monikissataloudessa, jotta voidaan n\u00e4hd\u00e4, onko muilla kodin kissoilla FIP-oireita.<br \/>\nN\u00e4m\u00e4 kissat ovat altistuneet FCoV:lle, ja ne voivat kantaa virusta, mik\u00e4 tekee niist\u00e4 riskin kaikille uusille kissoille, jotka tulevat taloon.<br \/>\nFCoV voidaan poistaa puhdistamalla laimennetulla valkaisuaineella (1 osa valkaisuainetta 32 osaan vett\u00e4).<br \/>\nPid\u00e4 talossa aina 1 ylim\u00e4\u00e4r\u00e4inen kuivikelaatikko jokaista kissaa varten.<br \/>\nJos sinulla on esimerkiksi kolme kissaa, sinulla on oltava v\u00e4hint\u00e4\u00e4n nelj\u00e4 pentulaatikkoa.<br \/>\nOn osoitettu, ett\u00e4 kissan elinymp\u00e4rist\u00f6n parantaminen saattaa v\u00e4hent\u00e4\u00e4 stressi\u00e4.<br \/>\nT\u00e4h\u00e4n kuuluvat muun muassa catios, sis\u00e4kissojen puita ja istuimia, ikkunan istuimia, Feliwayn kaltaisen feromonin k\u00e4ytt\u00f6, vesil\u00e4hteet, kissalelut, ruokapalapelit ja paljon muuta.           <\/p>\n<h2><\/h2>\n<h2>P\u00e4\u00e4telm\u00e4<\/h2>\n<p>  Kaikki FIP-koronavirukselle altistuneet kissat eiv\u00e4t sairastu.<br \/>\nArvioiden mukaan 8-20 prosentilla kissoista, jotka altistuvat virukselle ja jotka el\u00e4v\u00e4t sellaisissa kissakoloniatyypeiss\u00e4, joissa t\u00e4t\u00e4 tautia tiedet\u00e4\u00e4n esiintyv\u00e4n, ilmenee FIP:n kliinisi\u00e4 oireita.<br \/>\nLoput kissat voivat kehitt\u00e4\u00e4 immuniteetin tautia vastaan tai eiv\u00e4t yksinkertaisesti reagoi siihen.<br \/>\nEi tiedet\u00e4, miksi vain pieni osa virukselle altistuneista kissoista sairastuu.<br \/>\nOn hyvin tiedossa, ett\u00e4 kissan elimist\u00f6n t\u00e4rkein puolustuskeino FIP:t\u00e4 vastaan on soluv\u00e4litteinen immuunivaste.<br \/>\nKissat, joilla on heikko soluv\u00e4litteinen immuniteetti, voivat olla alttiimpia sairastumaan.<br \/>\nHumoraalinen (vasta-aineita sis\u00e4lt\u00e4v\u00e4) puolustusmekanismi n\u00e4ytt\u00e4\u00e4 olevan osallisena joissakin kissojen kuolemantapauksissa, sill\u00e4 se itse asiassa voimistaa FIP-viruksen aiheuttamia haittoja.<br \/>\nAinoan saatavilla olevan rokotteen FIP:t\u00e4 vastaan on todettu olevan alle 100-prosenttisen tehokas, eik\u00e4 sit\u00e4 yleens\u00e4 suositella kissoille ennaltaehk\u00e4isev\u00e4ksi toimenpiteeksi.<br \/>\nN\u00e4in ollen FIP:n ehk\u00e4isyyn olisi kuuluttava stressin minimointi ja asianmukaiset hygieniak\u00e4yt\u00e4nn\u00f6t sek\u00e4 kotona ett\u00e4 kissojen kanssa majoittuessa tai matkustaessa.<br \/>\nVaikka l\u00e4\u00e4ketieteelliset l\u00e4pimurrot ovat luoneet uusia vaihtoehtoja, jotka antavat toivoa FIP:n torjumiseksi, vastuuntuntoisten lemmikkiel\u00e4inten omistajien olisi pysytt\u00e4v\u00e4 valppaina ja rajoitettava lemmikkins\u00e4 altistumista t\u00e4h\u00e4n virukseen liittyville riskeille.           &nbsp;<\/p>\n","protected":false},"excerpt":{"rendered":"<p>Kissan tarttuva vatsakalvotulehdus (FIP) on parantumaton ja usein kuolemaan johtava virus, jota sairastaa alle yksi prosentti kissoista. Tautiin ei ole t\u00e4ll\u00e4 hetkell\u00e4 tehokasta hoitoa, joten sen ehk\u00e4isy ennen oireiden ilmaantumista on avainasemassa. T\u00e4ll\u00e4 hetkell\u00e4 ei tunneta FIP-rokotetta, joka toimisi johdonmukaisesti. T\u00e4m\u00e4n vuoksi on eritt\u00e4in t\u00e4rke\u00e4\u00e4 est\u00e4\u00e4 kissoja sairastumasta tautiin, koska johdonmukaista l\u00e4\u00e4kityst\u00e4 ei ole. Kissanomistajien [&hellip;]<\/p>\n","protected":false},"author":11,"featured_media":22035,"parent":0,"menu_order":0,"comment_status":"closed","ping_status":"closed","template":"","meta":{"_glsr_average":0,"_glsr_ranking":0,"_glsr_reviews":0,"footnotes":""},"categories":[722],"tags":[736,778,801,800],"_links":{"self":[{"href":"https:\/\/fipmed.co\/fi\/wp-json\/wp\/v2\/pages\/22034"}],"collection":[{"href":"https:\/\/fipmed.co\/fi\/wp-json\/wp\/v2\/pages"}],"about":[{"href":"https:\/\/fipmed.co\/fi\/wp-json\/wp\/v2\/types\/page"}],"author":[{"embeddable":true,"href":"https:\/\/fipmed.co\/fi\/wp-json\/wp\/v2\/users\/11"}],"replies":[{"embeddable":true,"href":"https:\/\/fipmed.co\/fi\/wp-json\/wp\/v2\/comments?post=22034"}],"version-history":[{"count":0,"href":"https:\/\/fipmed.co\/fi\/wp-json\/wp\/v2\/pages\/22034\/revisions"}],"wp:featuredmedia":[{"embeddable":true,"href":"https:\/\/fipmed.co\/fi\/wp-json\/wp\/v2\/media\/22035"}],"wp:attachment":[{"href":"https:\/\/fipmed.co\/fi\/wp-json\/wp\/v2\/media?parent=22034"}],"wp:term":[{"taxonomy":"category","embeddable":true,"href":"https:\/\/fipmed.co\/fi\/wp-json\/wp\/v2\/categories?post=22034"},{"taxonomy":"post_tag","embeddable":true,"href":"https:\/\/fipmed.co\/fi\/wp-json\/wp\/v2\/tags?post=22034"}],"curies":[{"name":"wp","href":"https:\/\/api.w.org\/{rel}","templated":true}]}}