{"id":22045,"date":"2023-11-06T06:42:04","date_gmt":"2023-11-06T06:42:04","guid":{"rendered":"https:\/\/fipmed.co\/miten-kissat-saavat-kuonon-mika-aiheuttaa-kononon-kuonon\/"},"modified":"2023-11-06T06:42:04","modified_gmt":"2023-11-06T06:42:04","slug":"miten-kissat-saavat-kuonon-mika-aiheuttaa-kononon-kuonon","status":"publish","type":"page","link":"https:\/\/fipmed.co\/fi\/miten-kissat-saavat-kuonon-mika-aiheuttaa-kononon-kuonon\/","title":{"rendered":"Miten kissat saavat FIP:n: Mik\u00e4 aiheuttaa FIP:n kissoilla?"},"content":{"rendered":"<h2>Miten kissat saavat FIP:n?<\/h2>\n<p>  Kissojen koronavirus (FCoV) on kissojen <a href=\"\/?page_id=6094\" target=\"_blank\" rel=\"noopener\">FIP:n<\/a> yleisin aiheuttaja, vaikka muutkin tartuntatavat ovat mahdollisia.  <\/p>\n<h3>Kissan koronavirus (FCoV)<\/h3>\n<p>  Kissan coronavirus (FCoV) on kissojen yleinen virusinfektio, joka ei yleens\u00e4 aiheuta mit\u00e4\u00e4n oireita tai johon voi liitty\u00e4 vain liev\u00e4\u00e4 ripulia.<br \/>\nSe on eritt\u00e4in tarttuva, ja se voi levit\u00e4 suoran kosketuksen, ep\u00e4suoran kosketuksen tai ulosteen ja suun v\u00e4lityksell\u00e4 samassa taloudessa el\u00e4vien kissojen v\u00e4lill\u00e4.<br \/>\nFCoV on virus, jolla on kuori ja yksijuosteinen RNA-genomi.<br \/>\nMonet suositut desinfiointiaineet voivat nopeasti inaktivoida viruksen, koska se on melko heikko.<br \/>\nL\u00e4heisiss\u00e4 tiloissa tai usean kissan tiloissa el\u00e4v\u00e4t kissat ovat alttiimpia altistumiselle ja tartunnalle.<br \/>\nFCoV ei ole zoonoosivirus, mik\u00e4 tarkoittaa, ett\u00e4 se ei tartu yleisesti ihmisiin.<br \/>\nIhmisten tartunnoista on kuitenkin raportoitu muutamia tapauksia.<br \/>\nFCoV levi\u00e4\u00e4 tavallisimmin kosketuksessa sairaiden kissojen syljen, nen\u00e4n eritteiden, ulosteiden ja viruksen saastuttamien esineiden kanssa. <strong>FECV (Feline Enteric Coronavirus):<\/strong> Viruksen v\u00e4hemm\u00e4n virulentti versio on FECV.<br \/>\nSe vaikuttaa ensisijaisesti kissojen ruoansulatuskanaviin.<br \/>\nMonet tartunnan saaneet kissat ovat oireettomia, mik\u00e4 tarkoittaa, ett\u00e4 niill\u00e4 ei ole kliinisi\u00e4 merkkej\u00e4 taudista.<br \/>\nFECV voi aiheuttaa joillakin potilailla lievi\u00e4 ruoansulatuskanavan oireita, kuten ripulia, mutta se h\u00e4vi\u00e4\u00e4 yleens\u00e4 ilman hoitoa.<br \/>\nFECV-tartunnan saaneet kissat voivat eritt\u00e4\u00e4 virusta ulosteessaan, jolloin ne voivat tartuttaa muita kissoja. <strong>FIPV (kissan tarttuva vatsakalvotulehdusvirus):<\/strong> FIPV on vaarallisin ja vaarallisin viruskanta, joka voi aiheuttaa kissan tarttuvaa vatsakalvotulehdusta (FIP).<br \/>\nFIPV voi synty\u00e4 FECV-mutaatiosta samassa el\u00e4imess\u00e4.<br \/>\nFIPV:n siirtym\u00e4\u00e4 tunnetaan huonosti, ja siihen voivat vaikuttaa monet olosuhteet, kuten kissan immunologinen vaste.<br \/>\nFIPV-tartunnan saaneilla kissoilla voi olla kuumetta, letargiaa, laihtumista, vatsan turvotusta (kosteassa muodossa) ja elinten toimintah\u00e4iri\u00f6it\u00e4.                <\/p>\n<h2>Miten FIP tarttuu?<\/h2>\n<p>  FCoV voi levit\u00e4 kissojen v\u00e4lisen suoran kosketuksen, esineiden tai ymp\u00e4rist\u00f6n ep\u00e4suoran saastumisen, virusta sis\u00e4lt\u00e4vien ulosteiden nauttimisen ja tartunnan saaneen kissan hengityspisaroiden v\u00e4lityksell\u00e4.  <\/p>\n<h3>Suora yhteyshenkil\u00f6:<\/h3>\n<p>  Kissat voivat saada tartunnan kissojen koronaviruksesta (FCoV) ja sairastua FIP:hen l\u00e4heisess\u00e4 ja suorassa kosketuksessa <a href=\"\/?page_id=899\" target=\"_blank\" rel=\"noopener\">tartunnan saaneen kissan<\/a> kanssa.<br \/>\nVaikka virus voi selviyty\u00e4 erilaisissa ymp\u00e4rist\u00f6iss\u00e4, se ei tartu ilmateitse, vaan vaatii suoran kosketuksen siirty\u00e4kseen kissasta toiseen.<br \/>\nT\u00e4m\u00e4 tarkoittaa, ett\u00e4 kissojen on oltava kosketuksissa tartunnan saaneen el\u00e4imen tai saastuneen pinnan kanssa, jotta virus voi levit\u00e4.<br \/>\nKissojen <a href=\"\/?page_id=891\" target=\"_blank\" rel=\"noopener\">v\u00e4liseen FIP:n tarttumiseen<\/a> vaikuttavat olennaisesti parittelut, keskin\u00e4inen nuuhkiminen, pureminen, ruoka-astioiden jakaminen ja muu l\u00e4heinen kanssak\u00e4yminen, sill\u00e4 syljess\u00e4 ja muissa kehon nesteiss\u00e4 on oltava suuria m\u00e4\u00e4ri\u00e4 virusta, jotta tartunta voi tapahtua.<br \/>\nOn my\u00f6s t\u00e4rke\u00e4\u00e4 huomata, ett\u00e4 t\u00e4m\u00e4 tartuntatapa ei takaa tartuntaa; vaikka kissat olisivat altistuneet virukselle suoraan, jotkut kissat eiv\u00e4t v\u00e4ltt\u00e4m\u00e4tt\u00e4 saa oireita, koska niiden geneettinen perim\u00e4 tai immuunij\u00e4rjestelm\u00e4 on vastustuskykyinen virusta vastaan.      <\/p>\n<h3>Ep\u00e4suora yhteys:<\/h3>\n<p>  Virus voi tarttua my\u00f6s ep\u00e4suorasti saastuneiden esineiden ja ymp\u00e4rist\u00f6n v\u00e4lityksell\u00e4.<br \/>\nVirus voi s\u00e4ily\u00e4 ymp\u00e4rist\u00f6ss\u00e4 useita viikkoja oikeissa olosuhteissa.<br \/>\nT\u00e4m\u00e4 tarkoittaa, ett\u00e4 vaikka kissa ei olisikaan ollut suoraan kosketuksissa tartunnan saaneen kissan kanssa, se voi saada tartunnan, jos se joutuu kosketuksiin viruksen kanssa muista l\u00e4hteist\u00e4.<br \/>\nKissat voivat altistua FIP:lle esimerkiksi tartunnan saaneen kissan pehkun saastuttamien kuivikkeiden tai ruoka-astioiden kautta, toisten kissojen raapimalla ja puremalla toistensa turkkia tai leikkim\u00e4ll\u00e4 alueilla, joille toinen kissa on j\u00e4tt\u00e4nyt tai irrottanut virusta sis\u00e4lt\u00e4vi\u00e4 ulosteita.<br \/>\nT\u00e4st\u00e4 syyst\u00e4 on eritt\u00e4in t\u00e4rke\u00e4\u00e4, ett\u00e4 k\u00e4ym\u00e4l\u00e4tilat, kuten kuivikelaatikot, puhdistetaan s\u00e4\u00e4nn\u00f6llisesti l\u00e4mpim\u00e4ll\u00e4 vedell\u00e4 ja saippualla (muista vaihtaa k\u00e4sineet k\u00e4yt\u00f6n v\u00e4lill\u00e4) ja ett\u00e4 imukykyiset pinnat, kuten kuivikkeet ja ruokakupit, vaihdetaan usein, kun ne likaantuvat.<br \/>\nLis\u00e4ksi olisi tarjottava ravinteikasta ja antioksidantteja sis\u00e4lt\u00e4v\u00e4\u00e4 ruokavaliota, joka auttaa tukemaan kissojen yleist\u00e4 immuunij\u00e4rjestelm\u00e4\u00e4 ja maksimoimaan niiden puolustuskyvyn FIP:n kaltaisia infektioita vastaan.       <\/p>\n<h3>Ulosteen kautta suun kautta:<\/h3>\n<p>  Kissat voivat saada tartunnan nauttimalla viruksen, joka on erittynyt tartunnan saaneen kissan ulosteesta.<br \/>\nT\u00e4m\u00e4 voi tapahtua, kun kissa siistii itse\u00e4\u00e4n jouduttuaan kosketuksiin saastuneen ulosteen tai pehkun kanssa.<br \/>\nT\u00e4st\u00e4 syyst\u00e4 on noudatettava \u00e4\u00e4rimm\u00e4ist\u00e4 varovaisuutta usean kissan talouksissa, sill\u00e4 hyv\u00e4 hygienia on avainasemassa FIP-altistumisriskin v\u00e4hent\u00e4misess\u00e4.<br \/>\nKaikkien omistajien olisi harjoitettava s\u00e4\u00e4nn\u00f6llisesti asianmukaista hygieniaa kissataloudessaan: varmistettava ruokakuppien s\u00e4\u00e4nn\u00f6llinen puhdistus, v\u00e4ltett\u00e4v\u00e4 yhteisi\u00e4 s\u00e4nkyj\u00e4 ja peittoja talossa olevien kissojen kesken sek\u00e4 desinfioitava kerran viikossa kaikki pinnat, joihin kissat mahdollisesti p\u00e4\u00e4sev\u00e4t k\u00e4siksi, kuten p\u00f6yt\u00e4tasot, s\u00e4ngyt, jotka eiv\u00e4t viel\u00e4 ole vedenpit\u00e4vi\u00e4, eiv\u00e4t saa ulottua alueille, joihin j\u00e4tevedet valuvat jne.     <\/p>\n<h3>Hengitysteiden pisarat:<\/h3>\n<p>  FIP voi kuitenkin levit\u00e4 kissasta toiseen my\u00f6s hengitystiepisaroiden v\u00e4lityksell\u00e4, kun tartunnan saanut kissa aivastelee tai yskii.<br \/>\nVaikka kissojen enterokoronavirusten (FCoV) virulentimman muodon tarttuminen hengitysteitse on harvinaisempaa kuin muut tartuntatavat, kuten suora tai ep\u00e4suora kosketus, on silti mahdollista, ett\u00e4 <a href=\"\/?page_id=885\" target=\"_blank\" rel=\"noopener\">terve kissa<\/a> hengitt\u00e4\u00e4 virusta, jos se on tarpeeksi l\u00e4hell\u00e4 tartunnan saanutta el\u00e4int\u00e4, kun se vapauttaa tartuntahiukkasia.   &nbsp;<\/p>\n<h2>FIP Riskitekij\u00e4t:<\/h2>\n<p>  Alle kaksivuotiaat, yli kymmenvuotiaat, puhdasrotuiset tai paritetuista kissoista per\u00e4isin olevat kissat, jotka el\u00e4v\u00e4t ahtaissa tiloissa ja joilla on heikentynyt immuunij\u00e4rjestelm\u00e4, voivat olla suuremmassa vaarassa sairastua FIP:hen.  <\/p>\n<h3>Ik\u00e4: FIP:t\u00e4 esiintyy yleisimmin alle 2-vuotiailla ja yli 10-vuotiailla kissoilla.<br \/>\nKissanpennuilla ja vanhemmilla kissoilla n\u00e4ytt\u00e4\u00e4 olevan suurempi riski. <\/h3>\n<p>  Nuoremmilla ja vanhemmilla kissoilla on usein ep\u00e4kyps\u00e4 tai heikentynyt immuunij\u00e4rjestelm\u00e4, mik\u00e4 voi lis\u00e4t\u00e4 niiden riski\u00e4 sairastua FIP:hen.<br \/>\nN\u00e4m\u00e4 ik\u00e4ryhm\u00e4t altistuvat yleens\u00e4 my\u00f6s useammin kissojen koronavirukselle, koska ne saattavat asua sis\u00e4tiloissa muiden kissojen kanssa, seikkailla ulkona tai joutua kosketuksiin muiden kissojen kanssa el\u00e4insuojissa tai pentutehtaissa.   <\/p>\n<h3>Rotu: Tietyill\u00e4 roduilla, kuten puhdasrotuisilla kissoilla tai kissojen pentueista per\u00e4isin olevilla kissoilla, voi olla suurempi riski sairastua FIP:hen.<\/h3>\n<p>  Kissat, jotka ovat per\u00e4isin pariskunnista tai puhdasrotuisista linjoista, voivat olla erityisen alttiita sairastumaan FIP:hen.<br \/>\nAbessinialaisilla, bengaleilla, birmaaneilla, himalajalaisilla, ragdoleilla ja rexeill\u00e4 on huomattavasti suurempi riski sairastua tautiin kuin muilla kissoilla.<br \/>\nMy\u00f6s muiden kissarotujen, kuten burman, eksoottisen lyhytkarvaisen, manxin, persian ja ven\u00e4j\u00e4nsinisen, on todettu olevan alttiimpia FIP:lle, mik\u00e4 johtuu genetiikasta ja niiden lis\u00e4\u00e4ntyneest\u00e4 altistumisesta jalostusohjelmissa.<br \/>\nUskotaan, ett\u00e4 tietyt persialaiskissoihin (ja niihin liittyviin rotuihin) liittyv\u00e4t geneettiset tekij\u00e4t tekev\u00e4t niist\u00e4 hieman muita kissalajeja heikommin kykenevi\u00e4 hallitsemaan FIP:t\u00e4 aiheuttavaa virusta &#8211; mik\u00e4 tekee niist\u00e4 alttiimpia tartunnalle, jos ne joutuvat kosketuksiin sen kanssa.<br \/>\nOn n\u00e4ytt\u00f6\u00e4 siit\u00e4, ett\u00e4 persialaiskissat kantavat &#8221;altistavia alleeleja&#8221; t\u00e4lle sairaudelle, mik\u00e4 tekee niist\u00e4 alttiita, kun ne altistuvat FIP:t\u00e4 aiheuttavalle virukselle, mik\u00e4 tarkoittaa, ett\u00e4 n\u00e4iden rotujen omistajien on ryhdytt\u00e4v\u00e4 toimenpiteisiin, jotta ne voivat paremmin puolustautua FIP:n levi\u00e4miselt\u00e4 usean kissan kotitalouksien j\u00e4senten keskuudessa.      <\/p>\n<h3>Ahtaat elinolosuhteet:<\/h3>\n<p>  Kissoilla, jotka el\u00e4v\u00e4t ahtaissa tai stressaavissa tilanteissa, on suurempi riski joutua kosketuksiin kissojen koronaviruksen kanssa, mik\u00e4 voi johtaa infektioon ja my\u00f6hemmin FIP:n kehittymiseen.<br \/>\nJoitakin ahtaissa oloissa el\u00e4miseen liittyvi\u00e4 riskitekij\u00f6it\u00e4 ovat muun muassa l\u00e4heisyys toisten kissojen kanssa, yhteiset resurssit (kuten ruoka-astiat, kuivikelaatikot ja s\u00e4ngyt) sek\u00e4 stressin aiheuttama heikentynyt immuunij\u00e4rjestelm\u00e4.<br \/>\nErityisesti altistuminen muille kissoille on t\u00e4rke\u00e4 tartuntatekij\u00e4, koska tartunnan saaneet kissat eritt\u00e4v\u00e4t virusta syljess\u00e4\u00e4n tai ulosteessaan.<br \/>\nKissojen v\u00e4linen l\u00e4heinen kontakti mahdollistaa viruksen levi\u00e4misen helpommin.<br \/>\nUsean kissan talouksissa ja turvakodeissa on t\u00e4rke\u00e4\u00e4 v\u00e4hent\u00e4\u00e4 tartuntamahdollisuuksia edist\u00e4m\u00e4ll\u00e4 hyvi\u00e4 hygieniak\u00e4yt\u00e4nt\u00f6j\u00e4, kuten desinfioimalla pinnat kotitalouspuhdistusaineella ja pesem\u00e4ll\u00e4 k\u00e4det s\u00e4\u00e4nn\u00f6llisesti eri kissojen silitt\u00e4misen v\u00e4lill\u00e4.      <\/p>\n<h3>Genetiikka:<\/h3>\n<p>  Joillakin kissoilla voi olla geneettinen alttius, joka tekee niist\u00e4 alttiimpia sairastumaan FIP:hen.<br \/>\nT\u00e4m\u00e4 voi liitty\u00e4 niiden immuunij\u00e4rjestelm\u00e4\u00e4n tai kykyyn hallita kissojen koronavirusta.<br \/>\nKissan geneettinen perim\u00e4 voi tehd\u00e4 siit\u00e4 alttiimman infektiolle joko siten, ett\u00e4 se ei kykene tunnistamaan ja torjumaan tunkeutuvia viruspartikkeleita, tai siten, ett\u00e4 sen solukalvot eiv\u00e4t ole yht\u00e4 vastustuskykyisi\u00e4 virusta vastaan.<br \/>\nNe voivat my\u00f6s tehd\u00e4 kissan tietyt solut alttiiksi immuunivasteelle, joka laukaisee tulehduksen, joka johtaa kudosvaurioiden lis\u00e4\u00e4ntymiseen.<br \/>\nLis\u00e4ksi joiltakin kissoilta saattaa puuttua kyky hallita FIP:hen liittyv\u00e4n vaarallisen kissojen koronaviruskannan replikaatiota, mik\u00e4 lis\u00e4\u00e4 niiden alttiutta sairastua t\u00e4h\u00e4n tilaan.      <\/p>\n<h3>Stressi:<\/h3>\n<p>  Stressi vaikuttaa negatiivisesti kissojen immuunij\u00e4rjestelm\u00e4\u00e4n ja heikent\u00e4\u00e4 niiden kyky\u00e4 torjua infektioita.<br \/>\nKissat voivat stressaantua, kun niiden ymp\u00e4rist\u00f6ss\u00e4 tai rutiineissa tapahtuu merkitt\u00e4vi\u00e4 muutoksia, kuten muutto tai uuden lemmikin esittely.<br \/>\nKun kissa altistuu stressitekij\u00f6ille, sen elimist\u00f6 vapauttaa hormoneja, jotka tukahduttavat tiettyjen immuunisolujen tuotantoa ja toimintaa.<br \/>\nT\u00e4m\u00e4 aiheuttaa sen, ett\u00e4 kissan yleinen immuunij\u00e4rjestelm\u00e4n suorituskyky heikkenee, jolloin se on alttiimpi FIP:lle mutta my\u00f6s muille sairauksille tai taudeille, kuten loisten ja bakteerien aiheuttamille sairauksille.<br \/>\nOn t\u00e4rke\u00e4\u00e4, ett\u00e4 kissanomistajat ovat tietoisia siit\u00e4, miten stressi voi heikent\u00e4\u00e4 kissan vastustuskyky\u00e4, ja ryhtyv\u00e4t mahdollisuuksien mukaan toimiin sen vaikutusten lievent\u00e4miseksi.<br \/>\nJos esimerkiksi olet tuomassa uutta lemmikki\u00e4 tai perheenj\u00e4sent\u00e4 kotiymp\u00e4rist\u00f6\u00f6n, on parasta tehd\u00e4 se v\u00e4hitellen, jotta nykyiset lemmikkisi ehtiv\u00e4t sopeutua hitaasti ilman, ett\u00e4 heihin kohdistuu liikaa paineita.       <\/p>\n<h3>Immuunij\u00e4rjestelm\u00e4n tila:<\/h3>\n<p>  FeLV ja FIV ovat kissojen virusinfektioita, jotka molemmat hy\u00f6kk\u00e4\u00e4v\u00e4t kissan immuunij\u00e4rjestelm\u00e4\u00e4 vastaan.<br \/>\nT\u00e4m\u00e4n seurauksena kissoilla, joiden immuunij\u00e4rjestelm\u00e4 on heikentynyt jommankumman viruksen vuoksi, on usein vaikeuksia torjua muita tauteja tai sairauksia, kuten FIP:t\u00e4.<br \/>\nKissat, joilla on FeLV:n tai FIV:n kaltaisia perussairauksia, saattavat altistuttuaan koronavirustartunnalle heikommin pysty\u00e4 reagoimaan tehokkaasti koronavirusinfektiota vastaan ja altistua todenn\u00e4k\u00f6isemmin taudin kehittymiselle.<br \/>\nAliravitut kissat ovat my\u00f6s alttiita sairastumaan FIP:hen.     <\/p>\n<h2>Tapoja est\u00e4\u00e4 FIP<\/h2>\n<p>  Kissanomistajat voivat v\u00e4hent\u00e4\u00e4 <a href=\"\/?page_id=891\" target=\"_blank\" rel=\"noopener\">kissojensa<\/a> riski\u00e4 <a href=\"\/?page_id=891\" target=\"_blank\" rel=\"noopener\">sairastua FIP:hen varmistamalla s\u00e4\u00e4nn\u00f6lliset rokotukset<\/a>, edist\u00e4m\u00e4ll\u00e4 tervett\u00e4 immuunij\u00e4rjestelm\u00e4\u00e4 ja toteuttamalla asianmukaisia hygienia- ja sanitaatiotoimenpiteit\u00e4.  <\/p>\n<h3>Rokotus<\/h3>\n<p>  Rokottaminen on yksi t\u00e4rkeimmist\u00e4 keinoista v\u00e4hent\u00e4\u00e4 kissan riski\u00e4 sairastua FIP:hen.<br \/>\nSaatavilla on rokotteita, jotka auttavat suojautumaan kissan koronavirukselta (FCoV), joka voi aiheuttaa FIP:n kissoille.<br \/>\nN\u00e4m\u00e4 rokotteet eiv\u00e4t ehk\u00e4 est\u00e4 tartuntaa t\u00e4ysin tehokkaasti, mutta ne voivat v\u00e4hent\u00e4\u00e4 mahdollisuutta, ett\u00e4 altistunut kissa saa kliinisen taudin ja FIP:hen liittyvi\u00e4 vakavia oireita.<br \/>\nOn t\u00e4rke\u00e4\u00e4 huomata, ett\u00e4 joillakin kissoilla voi jo olla vasta-aineita aiemmasta altistumisesta, ja ne ovat todenn\u00e4k\u00f6isemmin vastustuskykyisi\u00e4 rokotukselle; kissat, jotka ovat seronegatiivisia FCoV:lle rokotushetkell\u00e4, n\u00e4ytt\u00e4v\u00e4t kuitenkin paljon ep\u00e4todenn\u00e4k\u00f6isemmin saavan merkitt\u00e4vi\u00e4 oireita tai osoittavan niit\u00e4, jos ne saavat tartunnan my\u00f6hemmin.     <\/p>\n<h3>Terveen immuunij\u00e4rjestelm\u00e4n edist\u00e4minen<\/h3>\n<p>  Kissan immuunij\u00e4rjestelm\u00e4n pit\u00e4minen terveen\u00e4 voi auttaa ehk\u00e4isem\u00e4\u00e4n FIP:t\u00e4.<br \/>\nOikeanlainen ravinto on t\u00e4rke\u00e4\u00e4 hyv\u00e4n terveyden ja vahvan immuunij\u00e4rjestelm\u00e4n edist\u00e4miseksi.<br \/>\nKissoja tulisi ruokkia korkealaatuisella, lajinmukaisella ruokavaliolla, jossa ei ole t\u00e4yteaineita eik\u00e4 sivutuotteita.<br \/>\nKuivamuonan m\u00e4\u00e4r\u00e4n rajoittaminen niiden ruokavaliossa voi my\u00f6s auttaa v\u00e4hent\u00e4m\u00e4\u00e4n hiilihydraattien aiheuttamaa tulehdusta sek\u00e4 muita huonoon ravitsemukseen liittyvi\u00e4 sairauksia, kuten lihavuutta, diabetesta ja virtsatietulehduksia.<br \/>\nS\u00e4\u00e4nn\u00f6lliset terveystarkastukset el\u00e4inl\u00e4\u00e4k\u00e4rin kanssa voivat varmistaa, ett\u00e4 lemmikkisi pysyy terveen\u00e4 ja ett\u00e4 mahdolliset terveysongelmat havaitaan varhaisessa vaiheessa.<br \/>\nS\u00e4\u00e4nn\u00f6lliset rokotukset kissojen yleisi\u00e4 sairauksia, kuten penikkatautia ja raivotautia vastaan, minimoivat my\u00f6s n\u00e4ihin sairauksiin liittyvien infektioiden riskin.<br \/>\nJos kissat el\u00e4v\u00e4t ymp\u00e4rist\u00f6ss\u00e4, joka on altis stressille tai tilanahtaudelle &#8211; esimerkiksi usean kissan talouksissa tai turvakodeissa ja pelastuslaitoksissa &#8211; voi olla hy\u00f6dyllist\u00e4 tarjota leluja ja raapimispylv\u00e4it\u00e4, jotka rikastuttavat toimintaa, sek\u00e4 riitt\u00e4v\u00e4sti tilaa kunkin el\u00e4imen v\u00e4lill\u00e4.        <\/p>\n<h3>Hygienia- ja sanitaatiotoimenpiteet<\/h3>\n<p>  Kissanomistajien on t\u00e4rke\u00e4\u00e4 kiinnitt\u00e4\u00e4 erityist\u00e4 huomiota hygienia- ja puhtaanapitotoimenpiteiden toteuttamiseen kissojensa ymp\u00e4rill\u00e4 FIP:n riskin v\u00e4hent\u00e4miseksi.<br \/>\nS\u00e4\u00e4nn\u00f6llinen pentulaatikoiden, ruoka- ja vesiastioiden, kuivikkeiden, pintojen, lelujen ja kuljetuslaitteiden puhdistaminen auttaa minimoimaan kontaktin viruksen kanssa.<br \/>\nK\u00e4sienpesu mahdollisesti saastuneiden esineiden k\u00e4sittelyn j\u00e4lkeen v\u00e4hent\u00e4\u00e4 my\u00f6s tartuntamahdollisuuksia.<br \/>\nUsean lemmikin talouksissa tai el\u00e4insuojissa voi olla hy\u00f6dyllist\u00e4 pit\u00e4\u00e4 erillisi\u00e4 alueita, joita k\u00e4ytt\u00e4v\u00e4t vain yksitt\u00e4iset kissat, jotta v\u00e4ltet\u00e4\u00e4n ristikontaminaatio.<br \/>\nKun hoidat sairasta kissaa, suosi kertak\u00e4ytt\u00f6k\u00e4sineit\u00e4 kaikissa vuorovaikutustilanteissa, kunnes hoito on saatu p\u00e4\u00e4t\u00f6kseen.<br \/>\nN\u00e4iden alueiden pit\u00e4minen puhtaina ulosteista ja muista roskista sek\u00e4 tuoreiden ruokavaihtoehtojen tarjoaminen voivat edelleen v\u00e4hent\u00e4\u00e4 tartunnan levi\u00e4mist\u00e4 lemmikist\u00e4 toiseen.       <\/p>\n<h2>P\u00e4\u00e4telm\u00e4<\/h2>\n<p>  Kissan tarttuva vatsakalvotulehdus (FIP) on vakava virustauti, jota ei tunneta kissoilla.<br \/>\nTyypillisesti sen aiheuttaa kissojen koronaviruksen mutatoitunut kanta, ja se on usein kuolemaan johtava, ja se voi vaikuttaa kaikenik\u00e4isiin ja -rotuisiin kissoihin.<br \/>\nRokottaminen on suositeltavaa, jotta kissasi riski sairastua t\u00e4h\u00e4n invalidisoivaan virukseen pienenee. Lis\u00e4ksi on suositeltavaa ryhty\u00e4 toimenpiteisiin terveen immuunij\u00e4rjestelm\u00e4n edist\u00e4miseksi ja asianmukaisen hygienian ja puhtaanapidon yll\u00e4pit\u00e4miseksi.<br \/>\nLoppujen lopuksi on t\u00e4rke\u00e4\u00e4 tiedostaa, ett\u00e4 vaikka FIP:t\u00e4 ei ehk\u00e4 koskaan saada kokonaan h\u00e4vitetty\u00e4, j\u00e4rkevien ennaltaehk\u00e4isevien toimenpiteiden noudattaminen voi auttaa suojelemaan kissaasi tartunnalta, mik\u00e4 s\u00e4\u00e4st\u00e4\u00e4 sen k\u00e4rsimyksilt\u00e4 ja mahdollisesti s\u00e4\u00e4st\u00e4\u00e4 sen hengen.<\/p>\n","protected":false},"excerpt":{"rendered":"<p>Miten kissat saavat FIP:n? Kissojen koronavirus (FCoV) on kissojen FIP:n yleisin aiheuttaja, vaikka muutkin tartuntatavat ovat mahdollisia. Kissan koronavirus (FCoV) Kissan coronavirus (FCoV) on kissojen yleinen virusinfektio, joka ei yleens\u00e4 aiheuta mit\u00e4\u00e4n oireita tai johon voi liitty\u00e4 vain liev\u00e4\u00e4 ripulia. Se on eritt\u00e4in tarttuva, ja se voi levit\u00e4 suoran kosketuksen, ep\u00e4suoran kosketuksen tai ulosteen ja [&hellip;]<\/p>\n","protected":false},"author":1,"featured_media":22046,"parent":0,"menu_order":0,"comment_status":"closed","ping_status":"closed","template":"","meta":{"_glsr_average":0,"_glsr_ranking":0,"_glsr_reviews":0,"footnotes":""},"categories":[722],"tags":[],"_links":{"self":[{"href":"https:\/\/fipmed.co\/fi\/wp-json\/wp\/v2\/pages\/22045"}],"collection":[{"href":"https:\/\/fipmed.co\/fi\/wp-json\/wp\/v2\/pages"}],"about":[{"href":"https:\/\/fipmed.co\/fi\/wp-json\/wp\/v2\/types\/page"}],"author":[{"embeddable":true,"href":"https:\/\/fipmed.co\/fi\/wp-json\/wp\/v2\/users\/1"}],"replies":[{"embeddable":true,"href":"https:\/\/fipmed.co\/fi\/wp-json\/wp\/v2\/comments?post=22045"}],"version-history":[{"count":0,"href":"https:\/\/fipmed.co\/fi\/wp-json\/wp\/v2\/pages\/22045\/revisions"}],"wp:featuredmedia":[{"embeddable":true,"href":"https:\/\/fipmed.co\/fi\/wp-json\/wp\/v2\/media\/22046"}],"wp:attachment":[{"href":"https:\/\/fipmed.co\/fi\/wp-json\/wp\/v2\/media?parent=22045"}],"wp:term":[{"taxonomy":"category","embeddable":true,"href":"https:\/\/fipmed.co\/fi\/wp-json\/wp\/v2\/categories?post=22045"},{"taxonomy":"post_tag","embeddable":true,"href":"https:\/\/fipmed.co\/fi\/wp-json\/wp\/v2\/tags?post=22045"}],"curies":[{"name":"wp","href":"https:\/\/api.w.org\/{rel}","templated":true}]}}