{"id":22055,"date":"2023-11-06T06:56:11","date_gmt":"2023-11-06T06:56:11","guid":{"rendered":"https:\/\/fipmed.co\/onko-fip-tarttuva-miten-fip-tarttuu\/"},"modified":"2023-11-06T06:56:11","modified_gmt":"2023-11-06T06:56:11","slug":"onko-fip-tarttuva-miten-fip-tarttuu","status":"publish","type":"page","link":"https:\/\/fipmed.co\/fi\/onko-fip-tarttuva-miten-fip-tarttuu\/","title":{"rendered":"Onko FIP tarttuva: Miten FIP tarttuu?"},"content":{"rendered":"<p>Onko FIP tarttuva?<br \/>\nVaikka FIP ei ole yht\u00e4 tarttuva kuin jotkin muut kissataudit, se on silti tarttuva virus, ja jokaisen kissanomistajan tulisi olla tietoinen mahdollisista riskeist\u00e4.   <\/p>\n<h3>Kissan tarttuvaa vatsakalvotulehdusta (FIP) pidet\u00e4\u00e4n yleens\u00e4 v\u00e4hemm\u00e4n tarttuvana kuin joitakin muita kissojen yleisi\u00e4 tartuntatauteja.<\/h3>\n<p>  Verrattuna muihin tartuntatauteihin, joille kissat voivat olla alttiita, FIP:n tartunnan todenn\u00e4k\u00f6isyys on pienempi.<br \/>\nKissan tarttuva vatsakalvotulehdus (FIP) johtuu kissan koronaviruksen (FCoV) aiheuttamasta infektiosta.<br \/>\nVaikka t\u00e4m\u00e4 virus on tarttuva ja voi levit\u00e4 kissasta toiseen, sit\u00e4 pidet\u00e4\u00e4n yleens\u00e4 v\u00e4hemm\u00e4n tarttuvana kuin yl\u00e4hengitystieinfektioihin tai erityisen tappavaan panleukopeniaan liittyvi\u00e4 tauteja.<br \/>\nOn my\u00f6s huomattava, ett\u00e4 FIP ei vaikuta kaikkiin kissoihin edes altistumisen j\u00e4lkeen; sellaiset tekij\u00e4t kuin ik\u00e4, rotu, perim\u00e4, stressitaso ja monet muut vaikuttavat siihen, kuinka todenn\u00e4k\u00f6isesti kissat ovat alttiita sairastumaan tautiin altistumisen j\u00e4lkeen.     <\/p>\n<h2>FIP-virustyypit<\/h2>\n<p>  Kissan tarttuvan vatsakalvotulehduksen (FIP) aiheuttaa kaksi erilaista virusta, kissan suolistoper\u00e4inen koronavirus (FECV) ja kissan koronavirus tyyppi 2 (FCoV).  <\/p>\n<h3>FECV<\/h3>\n<p>  Kissan koronavirus (FCoV) on eritt\u00e4in tarttuva virus, joka liittyy kissan tarttuvaan vatsakalvotulehdukseen (FIP).<br \/>\nSe voi eritty\u00e4 <a href=\"\/?page_id=899\" target=\"_blank\" rel=\"noopener\">tartunnan saaneiden kissojen<\/a> ulosteista, ja tartunta tapahtuu useimmiten suorassa kosketuksessa n\u00e4iden eritteiden tai niit\u00e4 sis\u00e4lt\u00e4vien pintojen kanssa.<br \/>\nT\u00e4m\u00e4n vuoksi se on kyps\u00e4 levi\u00e4m\u00e4\u00e4n fomiittiv\u00e4litteisesti eli mikrobien siirtyess\u00e4 pinnoilta ja sormista suuhun.<br \/>\nV\u00e4hent\u00e4\u00e4ksesi kissasi alttiutta saada FCoV-tartunta, noudata aina hyvi\u00e4 hygieniatottumuksia.<br \/>\nYrit\u00e4 my\u00f6s minimoida stressitaso aina kun mahdollista &#8211; pid\u00e4 tarvittaessa useita kissoja erillisiss\u00e4 huoneissa &#8211; sill\u00e4 tutkimuksissa on havaittu, ett\u00e4 kissat, jotka ovat stressaantuneita, saavat todenn\u00e4k\u00f6isemmin FIP:n kaltaisia tauteja immuunij\u00e4rjestelm\u00e4ns\u00e4 heikentyneen tilan vuoksi.      <\/p>\n<h3>FCoV<\/h3>\n<p>  Kissan coronavirus, josta k\u00e4ytet\u00e4\u00e4n yleisesti nimityst\u00e4 FCoV, on Coronaviridae-heimoon kuuluva tarttuva viruspatogeeni.<br \/>\nVaikka FCoV on suhteellisen yleinen syy kissojen lieviin ja itsest\u00e4\u00e4n ohimeneviin ruoansulatuskanavan sairauksiin, se voi levit\u00e4 tartunnan saaneista kissoista ajoittain useiden kuukausien tai jopa vuosien ajan.<br \/>\nViruksella on alhainen lajispesifisyys, mik\u00e4 tarkoittaa, ett\u00e4 my\u00f6s muut el\u00e4imet, kuten koirat tai luonnonvaraiset el\u00e4imet, voivat olla alttiita t\u00e4m\u00e4n viruksen aiheuttamalle tartunnalle.<br \/>\nFCoV levi\u00e4\u00e4 useimmiten kahden kissan suorassa kosketuksessa, jolloin oireeton kantaja v\u00e4litt\u00e4\u00e4 taudin tiet\u00e4m\u00e4tt\u00e4\u00e4n toiselle kissalle.<br \/>\nVirus voi tarttua my\u00f6s ep\u00e4suorasti saastuneiden esineiden, kuten ruoka- ja vesiastioiden tai lelujen, kautta, joita useat saman katon alla asuvat kissat jakavat kesken\u00e4\u00e4n.<br \/>\nOn jopa mahdollista, ett\u00e4 hengitystilan hiukkaset, kuten turkin hilse, ja hengitystiet, jotka sis\u00e4lt\u00e4v\u00e4t suuria m\u00e4\u00e4ri\u00e4 virushiukkasia, levitt\u00e4v\u00e4t tartunnanaiheuttajia, jos ymp\u00e4r\u00f6iv\u00e4t kissat hengitt\u00e4v\u00e4t niit\u00e4.       &nbsp;<\/p>\n<h2>Seuraavassa vertaillaan yleisesti FIP:n tarttuvuutta er\u00e4isiin muihin kissojen tartuntatauteihin:<\/h2>\n<p>  FIP:t\u00e4 pidet\u00e4\u00e4n yleens\u00e4 v\u00e4hemm\u00e4n tarttuvana kuin panleukopeniaa, yl\u00e4hengitystieinfektioita, FIV:t\u00e4 ja FeLV:t\u00e4.  <\/p>\n<h3>Kissan panleukopenia (kissan penikkatauti)<\/h3>\n<p>  Kissan panleukopenia, joka tunnetaan my\u00f6s nimell\u00e4 kissan penikkatauti, on kissojen tarttuva virusinfektio, jonka aiheuttaa kissan parvovirus.<br \/>\nSe vaikuttaa p\u00e4\u00e4asiassa kissanpentuihin ja rokottamattomiin kissoihin, mutta se voi tarttua kaikenik\u00e4isiin ja -rotuisiin kissael\u00e4imiin.<br \/>\nVirusta on kaikissa eritteiss\u00e4, erityisesti ulosteissa, mik\u00e4 tarkoittaa, ett\u00e4 se voi siirty\u00e4 kissasta toiseen suoran tai ep\u00e4suoran kosketuksen kautta hyvin helposti.<br \/>\nKliiniset oireet vaihtelevat viruskannasta ja sairastuneen kissan i\u00e4st\u00e4 riippuen; oireita voivat kuitenkin olla kuume tai matala kuume, velttous\/masennus, ruokahaluttomuus ja oksentelu, ja FPlV-infektioiden yleisin\u00e4 merkkein\u00e4 ovat verta sis\u00e4lt\u00e4v\u00e4 ripuli.<br \/>\nJoissakin tapauksissa se voi olla jopa tappava, jos sit\u00e4 ei diagnosoida ja hoideta v\u00e4litt\u00f6m\u00e4sti.<br \/>\nT\u00e4t\u00e4 tilaa ei pid\u00e4 sekoittaa kissojen tarttuvaan vatsakalvotulehdukseen (FIP), sill\u00e4 vaikka niill\u00e4 on samanlaiset oireet, ne ovat kaksi eri virusta, jotka vaikuttavat kissoihin eri tavoin.       <\/p>\n<h3>Ylempien hengitysteiden infektiot<\/h3>\n<p>  Yl\u00e4hengitystieinfektiot ovat kissojen yleisin tartuntatauti.<br \/>\nKuten muutkin sairaudet, my\u00f6s URI:t voivat johtua useista viruksista ja bakteereista, kuten calicivirus, herpesvirus, adenovirus, Bordetella bronchiseptica ja Chlamydophila felis.<br \/>\nOireita voivat olla aivastelu tai ysk\u00e4, nen\u00e4n tukkoisuus tai vuotaminen, silmien punoitus tai vuotaminen, ruokahaluttomuus, kuume, letargia, haavaumat suun ja kurkun alueella ja kuivuminen.<br \/>\nVaikka se on harvinaisempi kuin muut yl\u00e4hengitystieinfektiot, my\u00f6s kissan leukemiavirus (FeLV) liittyy joskus t\u00e4h\u00e4n infektioon, vaikka se ei itsess\u00e4\u00e4n aiheuta mit\u00e4\u00e4n oireita.<br \/>\nYleisin tapa, jolla kissat saavat yl\u00e4hengitystieinfektion, on kontakti toisen tartunnan saaneen kissan kanssa joko suoraan tai ep\u00e4suorasti &#8211; esimerkiksi kun kissat hoitavat toisiaan leikkiess\u00e4\u00e4n tai jakavat ruokakupit\/vuodevaatteet -, mutta tartuntaa voi kuitenkin tapahtua my\u00f6s ilmateitse saastuneista esineist\u00e4, kuten tuulen puhaltamista p\u00f6lyhiukkasista, jotka kantavat tartunnanaiheuttajaa.      <\/p>\n<h3>Kissan immuunikatovirus (FIV) ja kissan leukemiavirus (FeLV).<\/h3>\n<p>  N\u00e4m\u00e4 kaksi retrovirusta hy\u00f6kk\u00e4\u00e4v\u00e4t kissan immuunivasteeseen osallistuvien solujen kimppuun ja tekev\u00e4t kissoista alttiimpia muille infektioille.<br \/>\nFIV levi\u00e4\u00e4 yleisimmin syvien puremahaavojen kautta, kun taas FeLV tarttuu p\u00e4\u00e4asiassa emolta kissanpennulle tai syljen ja nen\u00e4n eritteiden v\u00e4lityksell\u00e4.<br \/>\nMolemmat virukset voivat aiheuttaa immuniteetin heikkenemist\u00e4, mik\u00e4 lis\u00e4\u00e4 riski\u00e4 pysyviin ja toistuviin opportunistisiin infektioihin, kuten S kinneria turicensis, Bartonella henselae, stomatiittivirus (FHV) ja kalsilliitti.<br \/>\nMolempien tiedet\u00e4\u00e4n aiheuttavan immuunipuutosoireyhtym\u00e4\u00e4 (samanlainen kuin HIV\/aids ihmisill\u00e4), joka heikent\u00e4\u00e4 kissojen luonnollista vastustuskyky\u00e4 sairauksia, kuten sy\u00f6p\u00e4\u00e4 ja bakteeritauteja vastaan.     &nbsp;<\/p>\n<h2>Miten FIP tarttuu?<\/h2>\n<p>  FIP levi\u00e4\u00e4 tyypillisesti suoran kosketuksen, ep\u00e4suoran kosketuksen, ulosteen ja suun v\u00e4lityksell\u00e4 sek\u00e4 hengitystiepisaroiden v\u00e4lityksell\u00e4.<br \/>\nLue lis\u00e4\u00e4, jotta ymm\u00e4rr\u00e4t paremmin, miten kissasi voi sairastua, ja voit ryhty\u00e4 varotoimiin!   <\/p>\n<h3>Suora yhteys<\/h3>\n<p>  Suora kosketus on yksinkertaisin ja yleisin tapa, jolla <a href=\"\/?page_id=870\" target=\"_blank\" rel=\"noopener\">kissat voivat saada FIP:n<\/a>.<br \/>\nSuorassa kosketuksessa, kuten keskin\u00e4isess\u00e4 hoidossa ja ruokakupin tai p\u00f6ntt\u00f6laatikon yhteisk\u00e4yt\u00f6ss\u00e4, tartunnan saanut kissa voi siirt\u00e4\u00e4 viruksen suoraan toiselle kissalle.<br \/>\nLis\u00e4ksi tartunta voi tapahtua my\u00f6s l\u00e4heisemm\u00e4ss\u00e4 fyysisess\u00e4 kanssak\u00e4ymisess\u00e4, kuten halailussa sellaisten omistajien kanssa, jotka ovat hiljattain olleet tekemisiss\u00e4 kissojen kanssa, joiden tiedet\u00e4\u00e4n kantavan FCoV:t\u00e4.<br \/>\nToinen t\u00e4rke\u00e4 tekij\u00e4 on aivastetut pisarat, jotka levitt\u00e4v\u00e4t FCoV:t\u00e4 kissasta toiseen.<br \/>\nVaikka t\u00e4m\u00e4 tartuntatapa on harvinaisempi kuin muut tartunnat, se on edelleen yksi tapa, jolla tartunta levi\u00e4\u00e4 el\u00e4inten v\u00e4lill\u00e4.<br \/>\nSiksi lemmikkiel\u00e4inten omistajien on t\u00e4rke\u00e4\u00e4 kouluttaa lemmikkins\u00e4 oikeisiin hygieniatottumuksiin ja olla aina hyvin tarkkaavainen, kun he halailevat kissanpentujensa kanssa.       <\/p>\n<h3>Ep\u00e4suora kontakti<\/h3>\n<p>  Ep\u00e4suoralla kosketuksella voi olla merkitt\u00e4v\u00e4 rooli tarttuvan vatsakalvotulehduksen (FIP) levi\u00e4misess\u00e4.<br \/>\nT\u00e4ll\u00e4 tarkoitetaan kosketusta saastuneisiin pintoihin tai esineisiin, joita tartunnan saanut kissa on koskettanut, eli niin sanottuihin fomiteihin.<br \/>\nFomitit, kuten vaatteet, lelut ja hoitov\u00e4lineet, voivat saastuttaa kissan turkin ja kantaa virusta lyhyen aikaa, ennen kuin se h\u00e4vi\u00e4\u00e4 n\u00e4ilt\u00e4 pinnoilta.<br \/>\nKoska kissat usein hoitavat itse\u00e4\u00e4n ja muita kissoja, ne ovat vaarassa saada tartunnan t\u00e4t\u00e4 kautta, vaikka niiden v\u00e4lill\u00e4 ei olisikaan ollut suoraa kosketusta.<br \/>\nVirus voi tarttua ep\u00e4suorasti kosketuksen kautta m\u00e4rkiin materiaaleihin, kuten vesiastioihin, mutta my\u00f6s kuivat materiaalit, kuten kuivikkeet, voivat toimia kantajina, jos sylki tai ulostepartikkeleita sis\u00e4lt\u00e4v\u00e4 uloste on joutunut kosketuksiin mink\u00e4 tahansa pinnan kanssa, johon toinen kissa on sitten koskenut.<br \/>\nUsean kissan talouksissa tai ahtaissa ymp\u00e4rist\u00f6iss\u00e4 viruksen ep\u00e4suoralle tartunnalle voi olla erityisen alttiita, koska niiss\u00e4 on paljon pintoja, joilla kontaminaatio voi tapahtua usein.       <\/p>\n<h3>Ulosteen kautta suun kautta<\/h3>\n<p>  Ulosteen ja suun v\u00e4lityksell\u00e4 tapahtuva tartuntareitti on yksi kissojen yleisimmist\u00e4 FIP:n levi\u00e4mistavoista.<br \/>\nKissan koronavirusta (FCoV) voi l\u00f6yty\u00e4 tartunnan saaneiden kissojen syljest\u00e4, mutta se levi\u00e4\u00e4 p\u00e4\u00e4asiassa tartunnan saaneen kissan saastuttaman ulosteen v\u00e4lityksell\u00e4.<br \/>\nT\u00e4m\u00e4 tartuntatapa tapahtuu, kun ei-tartunnan saanut kissa sy\u00f6 materiaalia, joka on joutunut kosketuksiin viruskompleksin kanssa pentuekontista tai muulta pinnalta, kuten ruokakupista ja kuivikkeista.<br \/>\nTarttuvan luonteensa vuoksi ahtaat elinolosuhteet lis\u00e4\u00e4v\u00e4t tartuntariski\u00e4, koska ulostekontaminaatio on suurta.<br \/>\nUsean kissan talouksissa omistajien tulisi erottaa kissat toisistaan ja tarjota niille yksil\u00f6llist\u00e4 hoitoa ja huomiota aina kun mahdollista.<br \/>\nT\u00e4m\u00e4 tarkoittaa sit\u00e4, ett\u00e4 jokaiselle kissalle on annettava oma kuivikelaatikko, johon on helppo p\u00e4\u00e4st\u00e4 puhdistamaan se k\u00e4yt\u00f6n j\u00e4lkeen.<br \/>\nOn my\u00f6s t\u00e4rke\u00e4\u00e4 muistaa paitsi s\u00e4\u00e4nn\u00f6llinen puhdistus my\u00f6s kaikkien kissojen k\u00e4ytt\u00e4mien pintojen desinfiointi usean kissan talouksissa viikoittain, jotta tartuntamahdollisuudet v\u00e4henev\u00e4t entisest\u00e4\u00e4n.        <\/p>\n<h3>Hengitysteiden pisarat<\/h3>\n<p>  FIP levi\u00e4\u00e4 harvoin aivastettujen tai yskittyjen hengityspisaroiden v\u00e4lityksell\u00e4.<br \/>\nVirus voi kulkeutua ilmassa ja saastuttaa kissan ymp\u00e4rist\u00f6n, mutta se vaatii l\u00e4heist\u00e4 kosketusta, jotta se voi tarttua el\u00e4imest\u00e4 toiseen.<br \/>\nAhtaissa oloissa, kuten turvakodeissa tai siirtokunnissa, el\u00e4vill\u00e4 kissoilla on suurempi riski saada <a href=\"\/?page_id=891\" target=\"_blank\" rel=\"noopener\">FIP t\u00e4ll\u00e4<\/a> tavoin, koska el\u00e4imet ovat l\u00e4hekk\u00e4in.<br \/>\nKun ihmiset k\u00e4sittelev\u00e4t tartunnan saaneita kissoja, heid\u00e4n on noudatettava hyv\u00e4\u00e4 henkil\u00f6kohtaista hygieniaa erityisesti aivastellessaan ja yskiess\u00e4\u00e4n muiden kissojen l\u00e4hell\u00e4, joiden vastustuskyky on heikompi ja jotka voivat olla alttiimpia FIP:n tartunnalle.<br \/>\nVaihtoehtoisesti k\u00e4ytt\u00e4m\u00e4ll\u00e4 tehokkaita desinfiointitekniikoita ja steriloimalla s\u00e4\u00e4nn\u00f6llisesti tartunnan saaneelle materiaalille alttiina olevat alueet, kuten kuivikkeet, astiat, j\u00e4temateriaalit jne., voidaan my\u00f6s v\u00e4hent\u00e4\u00e4 tartunnan levi\u00e4mist\u00e4.      <\/p>\n<h2>Tekij\u00e4t, jotka vaikuttavat siihen, kuinka altis kissa on FIP:lle.<\/h2>\n<p>  Ik\u00e4, rotu, elinolosuhteet, perim\u00e4, stressi ja immuunij\u00e4rjestelm\u00e4n tila voivat kaikki vaikuttaa <a href=\"\/?page_id=6094\" target=\"_blank\" rel=\"noopener\">kissojen FIP:<\/a>n riskiin.  <\/p>\n<h3>Ik\u00e4<\/h3>\n<p>  FIP:hen sairastuvat yleisimmin alle kaksivuotiaat kissat, ja noin 80 prosenttia kaikista tapauksista ilmenee t\u00e4m\u00e4n ik\u00e4isill\u00e4 kissoilla.<br \/>\n4-12 kuukauden ik\u00e4isill\u00e4 kissanpennuilla on suurin riski sairastua FIP:hen; l\u00e4hes puolet kaikista diagnoosin saaneista kissoista kuuluu t\u00e4h\u00e4n ik\u00e4ryhm\u00e4\u00e4n.<br \/>\nJopa nuoremmat kissanpennut voivat olla alttiita viruksen tarttumiselle, koska niiden immuunij\u00e4rjestelm\u00e4 on kehittym\u00e4t\u00f6n ja ne ovat alttiita ymp\u00e4rist\u00f6n stressitekij\u00f6ille.<br \/>\nLis\u00e4ksi tietyt rodut, kuten siamilaiset tai burmalaiset kissat, voivat olla alttiimpia FIP:lle geneettisen alttiuden vuoksi, vaikka se ei m\u00e4\u00e4r\u00e4ydy pelk\u00e4st\u00e4\u00e4n rodun perusteella.<br \/>\nGepardilla on my\u00f6s muita kissarotuja suurempi todenn\u00e4k\u00f6isyys sairastua kissan tarttuvaan vatsakalvotulehdukseen, koska sen soluv\u00e4litteisess\u00e4 immuniteetissa on puutteita, jotka tekev\u00e4t siit\u00e4 eritt\u00e4in alttiin.      <\/p>\n<h3>Rotu<\/h3>\n<p>  Puhdasrotuisten kissojen omistajien on oltava erityisen tietoisia niiden alttiudesta FIP:lle.<br \/>\nPuhdasrotuiset kissat sairastuvat FIP:hen todenn\u00e4k\u00f6isemmin kuin sekarotuiset kissat, koska niiden soluv\u00e4litteisess\u00e4 immuniteetissa on geneettisi\u00e4 puutteita, ja tietyt rodut, kuten gepardit, persialaiset, bengalit ja skotlanninpystykissat, ovat erityisen alttiita.<br \/>\nT\u00e4m\u00e4 suurempi riski johtuu osittain siit\u00e4, ett\u00e4 n\u00e4m\u00e4 rodut on kehitetty sis\u00e4siitosk\u00e4yt\u00e4nn\u00f6ill\u00e4, joissa geneettinen monimuotoisuus on ollut v\u00e4h\u00e4ist\u00e4, tai nopeutetuilla jalostussykleill\u00e4, mik\u00e4 lis\u00e4\u00e4 alttiutta sairastua vakavaan tautiin, koska geenien monistuminen lis\u00e4\u00e4ntyy, kun homotsygoottiset geeniparit esiintyv\u00e4t yhdess\u00e4 yksitt\u00e4isiss\u00e4 el\u00e4imiss\u00e4.<br \/>\nKoska puhdasrotuisiin kissoihin liittyy suurelta osin t\u00e4m\u00e4 lis\u00e4\u00e4ntynyt riski, on t\u00e4rke\u00e4\u00e4, ett\u00e4 n\u00e4iden kissojen omistajat &#8211; samoin kuin muiden rotujen kissoja hoitavat &#8211; ymm\u00e4rt\u00e4v\u00e4t lemmikkins\u00e4 alttiuden, jotta he voivat ryhty\u00e4 asianmukaisiin varotoimiin ja hoitaa kissan terveytt\u00e4 tehokkaammin.<br \/>\nRokottamalla kissasi yleisi\u00e4 tartuntatauteja, kuten kissan penikkatautia tai ylempien hengitystieinfektioita vastaan, v\u00e4henn\u00e4t tartunnan saamisen mahdollisuutta; r\u00e4\u00e4t\u00e4l\u00f6im\u00e4ll\u00e4 ruokavalion tarpeet vastustuskyvyn tasojen mukaan, fyysisiin ominaisuuksiin perustuvalla liikunnalla; rajoittamalla altistumista pit\u00e4m\u00e4ll\u00e4 v\u00e4kijoukkotilanteet hallinnassa jne.      <\/p>\n<h3>Ahtaat elinolot<\/h3>\n<p>  Ahtailla elinolosuhteilla voi olla valtava vaikutus kissoihin ja niiden terveyteen.<br \/>\nAhtaus aiheuttaa kissoille ylim\u00e4\u00e4r\u00e4ist\u00e4 stressi\u00e4, mik\u00e4 voi olla haitallista, koska se heikent\u00e4\u00e4 immuunij\u00e4rjestelm\u00e4\u00e4 ajan my\u00f6t\u00e4 ja lis\u00e4\u00e4 todenn\u00e4k\u00f6isyytt\u00e4 saada tai siirt\u00e4\u00e4 infektioita, kuten tarttuvaa vatsakalvotulehdusta (FIP).<br \/>\nStressi on erityisen vaarallista nuorille kissanpennuille, joiden immuniteetti ei v\u00e4ltt\u00e4m\u00e4tt\u00e4 ole viel\u00e4 kehittynyt optimaalisesti.<br \/>\nYlikuormituksen aiheuttamien psykologisten seurausten lis\u00e4ksi yksil\u00f6iden fyysinen l\u00e4heisyys voi helpottaa suoraa tartuntaa kissojen v\u00e4lill\u00e4 syljen v\u00e4lityksell\u00e4 nuolemalla tai yskim\u00e4ll\u00e4 saastuneita hengitystie-eritteit\u00e4.<br \/>\nLis\u00e4ksi ep\u00e4suora kosketus tartuntavaarallisen materiaalin kanssa, kuten tartunnan saaneen kissan ulosteet ruoka-astioihin tai raapimispuihin, joita ei-tartunnan saaneet kissat k\u00e4ytt\u00e4v\u00e4t my\u00f6hemmin, lis\u00e4\u00e4 FIP:n levi\u00e4misriski\u00e4 ahtaassa ymp\u00e4rist\u00f6ss\u00e4, kuten turvakodeissa ja kissakopissa.<br \/>\nSiksi on ensiarvoisen t\u00e4rke\u00e4\u00e4, ett\u00e4 lemmikkikissallesi tai -kissoillesi on riitt\u00e4v\u00e4sti tilaa, kun on kyse kissan yleisen hyvinvoinnin parantamisesta ja sen vastustuskyvyn lis\u00e4\u00e4misest\u00e4 yleisi\u00e4 sairauksia, kuten FIP-infektiota, vastaan.       <\/p>\n<h3>Genetiikka<\/h3>\n<p>  Geenit vaikuttavat kissan tarttuvaan vatsakalvotulehdukseen (FIP), ja niist\u00e4 voi tulla t\u00e4rkeit\u00e4 indikaattoreita sen levi\u00e4misen m\u00e4\u00e4ritt\u00e4misess\u00e4.<br \/>\nTutkimukset ovat osoittaneet, ett\u00e4 uroskissat sairastuvat useammin kuin naaraskissat, mik\u00e4 korostaa sukupuolen mahdollista vaikutusta FIP:n kehittymiseen ja infektioriskiin.<br \/>\nEsimerkiksi birmaanikissat on yhdistetty vahvasti tiettyihin FIP:hen liittyviin geneettisiin tekij\u00f6ihin.<br \/>\nSek\u00e4 puhdasrotuiset ett\u00e4 satunnaisrotuiset kissat voivat olla alttiita sairastumaan virukseen koronaviruksen tai toisen sairastuneen kissan aiheuttaman tartunnan kautta, mutta ne kissat, joilla on geenit, joita esiintyy toisinaan tietyiss\u00e4 roduissa, voivat siirt\u00e4\u00e4 suuremman riskin j\u00e4lkel\u00e4isilleen.<br \/>\nJalostuksen yhteydess\u00e4, jos toinen vanhemmista on saanut tartunnan sopivasta virustyypist\u00e4, kuten kissan suolistoper\u00e4isest\u00e4 koronaviruksesta (Feline Enteric Coronavirus, FeCV), kissanpennut voivat mahdollisesti saada s\u00e4ikeen, joka voi my\u00f6hemmin <a href=\"\/?page_id=13322\" target=\"_blank\" rel=\"noopener\">aiheuttaa niille FIP:n kehittymisen<\/a>, vaikka ne eiv\u00e4t olisikaan kosketuksissa muihin tartunnan saaneisiin el\u00e4imiin.<br \/>\nKoska t\u00e4m\u00e4 siirtyminen tapahtuu hedelm\u00f6ityshetkell\u00e4, perinn\u00f6llisen geenin aiheuttamien vahinkojen est\u00e4minen on valitettavasti hyvin ep\u00e4todenn\u00e4k\u00f6ist\u00e4, mink\u00e4 vuoksi omistajien on harkittava vaihtoehtoisia keinoja lemmikkins\u00e4 pit\u00e4miseksi turvassa t\u00e4m\u00e4ntyyppisi\u00e4 tauteja vastaan.       <\/p>\n<h3>Stressi<\/h3>\n<p>  Kissanomistajien on t\u00e4rke\u00e4\u00e4 olla tietoisia siit\u00e4, ett\u00e4 stressi voi vaikuttaa kissan tarttuvan vatsakalvotulehduksen (FIP) kehittymiseen.<br \/>\nKun kissat ovat stressaantuneita uudelleensijoituksen, \u00e4skett\u00e4isen leikkauksen tai samanaikaisten infektioiden vuoksi, niiden immuunivaste heikkenee ja ne ovat alttiimpia sairastumaan FIP:hen.<br \/>\nAhtaassa asuinymp\u00e4rist\u00f6ss\u00e4, jossa on useita kissoja l\u00e4hekk\u00e4in, stressitaso voi nousta nopeasti, mik\u00e4 heikent\u00e4\u00e4 immuniteettia entisest\u00e4\u00e4n ja lis\u00e4\u00e4 alttiutta FIP-infektiolle.<br \/>\nVastuullisina kissan vanhempina voi ryhty\u00e4 toimenpiteisiin, joilla voidaan v\u00e4hent\u00e4\u00e4 lemmikkisi riski\u00e4 sairastua FIP:hen: varmista, ett\u00e4 rauhallisilla perheenj\u00e4senill\u00e4 on riitt\u00e4v\u00e4sti tilaa toisistaan, jotta he eiv\u00e4t kilpaile resursseista; luo luotettava p\u00e4ivitt\u00e4inen rutiini &#8211; t\u00e4m\u00e4 auttaa pit\u00e4m\u00e4\u00e4n stressin loitolla; tarjoa runsaasti aktiviteetteja, kuten raapimispisteit\u00e4 ja leluja, jotka pit\u00e4v\u00e4t kissat aktiivisina paitsi fyysisesti my\u00f6s henkisesti; tarjoa s\u00e4\u00e4nn\u00f6llisi\u00e4 palkintoja, kuten herkkuja\/ruokaa, yksil\u00f6iden keskin\u00e4isen arvostuksen osoittamiseksi.<br \/>\nVarmista lopuksi, ett\u00e4 olet s\u00e4\u00e4nn\u00f6llisesti tekemisiss\u00e4 lemmikkisi kanssa &#8211; rakkauden ja huomion tarjoaminen edist\u00e4\u00e4 sidett\u00e4, joka v\u00e4hent\u00e4\u00e4 hyl\u00e4tyksi tulemisen tunnetta ja v\u00e4hent\u00e4\u00e4 stressioireiksi muuttuvia huolia.      <\/p>\n<h3>Immuunij\u00e4rjestelm\u00e4n tila<\/h3>\n<p>  Kissan immuniteetilla on t\u00e4rke\u00e4 rooli FIP:n kehittymisess\u00e4.<br \/>\nKissat, joiden immuunij\u00e4rjestelm\u00e4 on heikentynyt, sairastuvat todenn\u00e4k\u00f6isemmin t\u00e4h\u00e4n virukseen, kun taas kissoilla, joilla on vahva ja toimiva immuunij\u00e4rjestelm\u00e4, voi olla luonnollinen vastustuskyky.<br \/>\nIk\u00e4 on tekij\u00e4, joka vaikuttaa kissan vastustuskykyyn ja FIP:n riskiin sairastua, sill\u00e4 vanhemmilla kissoilla on yleens\u00e4 heikompi vastustuskyky kuin nuoremmilla kissoilla, mik\u00e4 lis\u00e4\u00e4 niiden alttiutta.<br \/>\nTietyill\u00e4 roduilla on my\u00f6s erilainen luontainen vahvuus FIP:n kaltaisia taudinaiheuttajia vastaan.<br \/>\nPuhdasrotuiset kissat ovat usein geneettisesti alttiita tietyille sairauksille, kuten FIP:lle; jotkut kotikissat voivat kuitenkin olla vastustuskykyisi\u00e4 my\u00f6s geneettisten tekij\u00f6iden vuoksi.<br \/>\nStressi voi my\u00f6s heikent\u00e4\u00e4 vastustuskyky\u00e4, jolloin kissan kehon on vaikeampi torjua infektioita, kuten kissan tarttuvaa vatsakalvotulehdusta. Pienilt\u00e4 tuntuvat ep\u00e4mukavuudet tai muutokset voivat j\u00e4rkytt\u00e4\u00e4 kotirutiineja ja aiheuttaa turkisel\u00e4imesi immuunipuolustusj\u00e4rjestelm\u00e4n h\u00e4iri\u00f6it\u00e4, jotka voivat j\u00e4tt\u00e4\u00e4 sen haavoittuvaksi.<br \/>\nJopa vankeudessa pidett\u00e4vien gepardien on todettu sairastuvan FIP:hen geneettisen puutteen vuoksi, joka est\u00e4\u00e4 niiden soluv\u00e4litteisen immuniteetin tiettyj\u00e4 osia, jolloin ne ovat eritt\u00e4in alttiita.        <\/p>\n<h2>P\u00e4\u00e4telm\u00e4<\/h2>\n<p>  Kissan tarttuvaa vatsakalvotulehdusta (FIP) ei yleens\u00e4 pidet\u00e4 eritt\u00e4in tarttuvana tautina, vaikka se voi levit\u00e4 ulosteen ja hengitysteiden v\u00e4lityksell\u00e4.<br \/>\nHyv\u00e4t hygieniak\u00e4yt\u00e4nn\u00f6t ovat t\u00e4rkeit\u00e4 FIP:n riskin v\u00e4hent\u00e4misess\u00e4, ja kissojen stressin v\u00e4hent\u00e4minen on my\u00f6s avainasemassa viruksen mutaation est\u00e4misess\u00e4.<br \/>\nVaikka FIP ei ole yht\u00e4 yleinen tai helposti levi\u00e4v\u00e4 kuin muut kissataudit, se on silti huomionarvoinen asia kaikille lemmikkiel\u00e4inten omistajille, jotka haluavat saada tietoa tartunnasta ja sen mahdollisista riskeist\u00e4.<\/p>\n","protected":false},"excerpt":{"rendered":"<p>Onko FIP tarttuva? Vaikka FIP ei ole yht\u00e4 tarttuva kuin jotkin muut kissataudit, se on silti tarttuva virus, ja jokaisen kissanomistajan tulisi olla tietoinen mahdollisista riskeist\u00e4. Kissan tarttuvaa vatsakalvotulehdusta (FIP) pidet\u00e4\u00e4n yleens\u00e4 v\u00e4hemm\u00e4n tarttuvana kuin joitakin muita kissojen yleisi\u00e4 tartuntatauteja. Verrattuna muihin tartuntatauteihin, joille kissat voivat olla alttiita, FIP:n tartunnan todenn\u00e4k\u00f6isyys on pienempi. Kissan tarttuva [&hellip;]<\/p>\n","protected":false},"author":1,"featured_media":22056,"parent":0,"menu_order":0,"comment_status":"closed","ping_status":"closed","template":"","meta":{"_glsr_average":0,"_glsr_ranking":0,"_glsr_reviews":0,"footnotes":""},"categories":[722],"tags":[],"_links":{"self":[{"href":"https:\/\/fipmed.co\/fi\/wp-json\/wp\/v2\/pages\/22055"}],"collection":[{"href":"https:\/\/fipmed.co\/fi\/wp-json\/wp\/v2\/pages"}],"about":[{"href":"https:\/\/fipmed.co\/fi\/wp-json\/wp\/v2\/types\/page"}],"author":[{"embeddable":true,"href":"https:\/\/fipmed.co\/fi\/wp-json\/wp\/v2\/users\/1"}],"replies":[{"embeddable":true,"href":"https:\/\/fipmed.co\/fi\/wp-json\/wp\/v2\/comments?post=22055"}],"version-history":[{"count":0,"href":"https:\/\/fipmed.co\/fi\/wp-json\/wp\/v2\/pages\/22055\/revisions"}],"wp:featuredmedia":[{"embeddable":true,"href":"https:\/\/fipmed.co\/fi\/wp-json\/wp\/v2\/media\/22056"}],"wp:attachment":[{"href":"https:\/\/fipmed.co\/fi\/wp-json\/wp\/v2\/media?parent=22055"}],"wp:term":[{"taxonomy":"category","embeddable":true,"href":"https:\/\/fipmed.co\/fi\/wp-json\/wp\/v2\/categories?post=22055"},{"taxonomy":"post_tag","embeddable":true,"href":"https:\/\/fipmed.co\/fi\/wp-json\/wp\/v2\/tags?post=22055"}],"curies":[{"name":"wp","href":"https:\/\/api.w.org\/{rel}","templated":true}]}}