{"id":22099,"date":"2022-12-02T07:50:40","date_gmt":"2022-12-02T07:50:40","guid":{"rendered":"https:\/\/fipmed.co\/ravintolisat-kissoille-joilla-on-fip\/"},"modified":"2022-12-02T07:50:40","modified_gmt":"2022-12-02T07:50:40","slug":"ravintolisat-kissoille-joilla-on-fip","status":"publish","type":"page","link":"https:\/\/fipmed.co\/fi\/ravintolisat-kissoille-joilla-on-fip\/","title":{"rendered":"Ravintolis\u00e4t FIP:t\u00e4 sairastaville kissoille"},"content":{"rendered":"<p>On suositeltavaa antaa kissallesi vitamiineja ja lis\u00e4ravinteita, jotta sen munuaiset ja maksa pysyv\u00e4t tervein\u00e4 ja vahvoina <a href=\"https:\/\/fipmed.co\/fip-treatment\/\" target=\"_blank\" rel=\"noopener\">FIP-hoidon<\/a> aikana.<br \/>\nTerveet sis\u00e4elimet lis\u00e4\u00e4v\u00e4t elimist\u00f6n kyky\u00e4 vastustaa infektioita ja toipua sairaudesta.<br \/>\nT\u00e4ll\u00e4 hetkell\u00e4 ei ole tiedossa haittavaikutuksia, kun kissoille tarkoitettuja vitamiineja ja ravintolisi\u00e4 annetaan GS-441524:n ohella FIP-hoitojen aikana.    <\/p>\n<h2><strong>Vitamiinit kissoille<\/strong><\/h2>\n<p><a href=\"\/?page_id=907\" target=\"_blank\" rel=\"noopener\">B12-vitamiini<\/a>: B12-vitamiinia voidaan antaa kissoille viikoittain ihonalaisina injektioina, jotka ovat eritt\u00e4in turvallisia antaa ja auttavat torjumaan anemiaa ja tukemaan immuunij\u00e4rjestelm\u00e4\u00e4.<br \/>\nPet Tinicin tai vastaavan tuotteen avulla voidaan antaa p\u00e4ivitt\u00e4ist\u00e4 vitamiinitukea.<br \/>\nB12:ta on yleens\u00e4 el\u00e4inper\u00e4isiss\u00e4 elintarvikkeissa, kuten lihassa, kalassa, munissa ja maksassa.<br \/>\n <a href=\"\/?page_id=14932\" target=\"_blank\" rel=\"noopener\">FIP:t\u00e4<\/a> sairastavan kissan varastot tyhjenev\u00e4t kuitenkin nopeasti, joten niit\u00e4 on t\u00e4ydennett\u00e4v\u00e4.<br \/>\nB12-vitamiini auttaa punasolujen tuotantoa ja yll\u00e4pitoa.      <\/p>\n<ul>\n<li>B12 yll\u00e4pit\u00e4\u00e4 neurologisen j\u00e4rjestelm\u00e4n terveytt\u00e4 (hermosolut ja normaali myelinisaatio &#8211; rasvatupet, jotka peitt\u00e4v\u00e4t ja suojaavat hermop\u00e4\u00e4tteit\u00e4).<br \/>\nHermostollisten ja kognitiivisten prosessien kannalta se on ratkaisevan t\u00e4rke\u00e4\u00e4. <\/li>\n<li>B12 yll\u00e4pit\u00e4\u00e4 suoliston terveytt\u00e4, jotta varmistetaan riitt\u00e4v\u00e4 ruoansulatus ja imeytyminen sek\u00e4 rasvojen ja hiilihydraattien aineenvaihdunta.<\/li>\n<\/ul>\n<h2><strong>Ravintolis\u00e4t FIP:t\u00e4 sairastaville kissoille<\/strong><\/h2>\n<p><strong>Gabapentiini<\/strong>: Liev\u00e4 kipul\u00e4\u00e4ke, joka voidaan ottaa suun kautta 60-90 minuuttia ennen injektioita.<br \/>\nOikein annosteltuna se lievitt\u00e4\u00e4 vain tilap\u00e4isesti injektion aiheuttamaa ep\u00e4mukavuutta, mutta ei saa kissaasi tuntemaan itse\u00e4\u00e4n uneliaaksi tai rauhoitetuksi. <strong>Lidokaiinivoide<\/strong>: T\u00e4t\u00e4 voidaan hieroa kissan iholle 30 minuuttia ennen GS441-injektion antamista kirvely\u00e4 lievitt\u00e4m\u00e4\u00e4n.<br \/>\nK\u00e4yt\u00e4 vain voidetta, jossa ei ole aloeta, sill\u00e4 kissat ovat eritt\u00e4in myrkyllisi\u00e4 aloelle.<br \/>\n<strong>Slippery Elm Bark<\/strong>: Slippery elm barkista valmistettu siirappi on t\u00e4ysin luonnollinen l\u00e4\u00e4ke pahoinvointiin, oksenteluun ja muihin vaivoihin.<br \/>\n<strong>Denamarin<\/strong>: Kissan maksan lis\u00e4ravinne Denamarin-tabletit lis\u00e4\u00e4v\u00e4t antioksidanttitasoja.<br \/>\n<strong>Silymariini (maitohorsma):<\/strong> K\u00e4yt\u00e4 t\u00e4t\u00e4 luonnollista lis\u00e4ravinetta, joka on tunnettu kyvyst\u00e4\u00e4n vahvistaa ja s\u00e4ilytt\u00e4\u00e4 maksa, parantamaan kissasi maksan terveytt\u00e4.       <u>Kun FIP:t\u00e4 hoidetaan GS411:ll\u00e4, on suositeltavaa antaa kissalle joko Denamarinia tai Silymarinia maksan maksimaalisen tukemisen varmistamiseksi.<\/u><\/p>\n<h2><strong>\u00c4l\u00e4 anna L-lysiini\u00e4 FIP-kissoille.<\/strong><\/h2>\n<p>  Vaikka L-lysiini\u00e4 k\u00e4ytet\u00e4\u00e4n usein kissan herpesviruksen hoitoon ja immuunij\u00e4rjestelm\u00e4n vahvistamiseen, uudet tutkimukset ovat osoittaneet, ettei sill\u00e4 ole selkeit\u00e4 etuja.<br \/>\nLis\u00e4ksi FCoV+ kissojen, kissojen, joilla on riski sairastua FIP:hen, ja kissojen, joilla on FIP, ei pit\u00e4isi k\u00e4ytt\u00e4\u00e4 L-lysiini\u00e4.   <\/p>\n<h2><strong>Moducare ja immuunij\u00e4rjestelm\u00e4<\/strong><\/h2>\n<p>  Immuniteetti on avainasemassa.<br \/>\nParas suoja kaikkia sairauksia vastaan on vahva immuunij\u00e4rjestelm\u00e4.<br \/>\nOn ratkaisevan t\u00e4rke\u00e4\u00e4 rakentaa ja yll\u00e4pit\u00e4\u00e4 vahva immuunij\u00e4rjestelm\u00e4.<br \/>\nTarvittaessa Moducare auttaa s\u00e4\u00e4t\u00e4m\u00e4\u00e4n immuunij\u00e4rjestelm\u00e4n vastetta.     <\/p>\n<h2><strong>FIP:t\u00e4 sairastavan kissan ravitsemus<\/strong><\/h2>\n<p>  Sy\u00f6t\u00e4 FIP-kissoille muutama sardiini, lohi, sardiini tai muu omega-3-pitoinen kala Lis\u00e4\u00e4 kissan ruokavalion tulehdusta ehk\u00e4isevien omega-3-rasvahappojen saantia.<br \/>\nAitoa kalaa on saatavana Applaws- ja Almo Nature -s\u00e4ilykkeiss\u00e4.<br \/>\nHuomioi kuitenkin mahdollinen hypervitaminoosi A (liiallinen luun laskeutuminen niveliin) ja tarkastele tilannetta uudelleen 6 viikon kuluttua, jos sy\u00f6t\u00e4t liikaa aitoa kalaa.<br \/>\nMuista antaa kissan huoltajalle ohjeet siit\u00e4, miten ruokaa vaihdetaan v\u00e4hitellen viikkojen aikana; muuten kissa ahmii uutta ruokaa muutaman p\u00e4iv\u00e4n ajan ennen kuin se kyll\u00e4styy siihen eik\u00e4 en\u00e4\u00e4 koskaan koske siihen!<br \/>\nAnnetaan uutta ruokaa yhdell\u00e4 aterialla, palataan kissan tavalliseen ruokavalioon useilla seuraavilla aterioilla, sitten tarjotaan viel\u00e4 kerran pieni m\u00e4\u00e4r\u00e4 uutta ruokaa, ja niin edelleen, lis\u00e4t\u00e4\u00e4n v\u00e4hitellen uusien ruokien antamistiheytt\u00e4, kunnes eri ruoan tarjoamisesta jokaisella aterialla tulee kissalle rutiinia.<br \/>\nUusien aterioiden tehokas k\u00e4ytt\u00f6\u00f6notto kest\u00e4\u00e4 v\u00e4hint\u00e4\u00e4n kuukauden.<br \/>\nRaakaruoka, kuten raakanaudanliha, on my\u00f6s t\u00e4ynn\u00e4 kissan tarvitsemia ravintoaineita.<br \/>\nTarjoa raakaa lihaa (naudanliha on parasta) joka aterialla.<br \/>\nSe sis\u00e4lt\u00e4\u00e4 paljon tulehdusta ehk\u00e4isevi\u00e4 ominaisuuksia ja vahvistaa kissasi immuunij\u00e4rjestelm\u00e4\u00e4.          <\/p>\n<h2><strong>FIP:t\u00e4 sairastavalle kissalle annettavat ylim\u00e4\u00e4r\u00e4iset vitamiinit<\/strong><\/h2>\n<p><strong>A-vitamiini (valinnainen) <\/strong> A-vitamiini on antioksidantti.<br \/>\nA-vitamiinin lis\u00e4\u00e4minen ei ole tarpeen kissoille, jotka saavat usein varsinaisia kala-aterioita.<br \/>\nKissat eiv\u00e4t pysty metaboloimaan beetakaroteenia, joten niille on annettava A-vitamiinia kalan tai kala\u00f6ljyn, kuten ruijanpallaksen maksa\u00f6ljyn, muodossa.<br \/>\nOn suositeltavaa, ett\u00e4 ruokavalioon sis\u00e4llytet\u00e4\u00e4n oikeaa kalaa eik\u00e4 pelkki\u00e4 lis\u00e4ravinteita.<br \/>\nHypervitaminoosi A johtaa kuitenkin liialliseen luun makaamiseen niveliss\u00e4, joten sen vuoksi sen johdonmukaista k\u00e4ytt\u00f6\u00e4 on v\u00e4ltett\u00e4v\u00e4 4-6 viikkoa pidemp\u00e4\u00e4n. <strong>B-vitamiinikompleksi (valinnainen) <\/strong> B-monivitamiini on hyv\u00e4 ruokahalua lis\u00e4\u00e4v\u00e4 aine, jota saa apteekeista tai luontaistuotekaupoista.<br \/>\nTiamiini, B1-vitamiini (valinnainen &#8211; jos ei anneta B-kompleksia) suun kautta (eli suun kautta tai ruoan mukana) annettuna. <strong>C-vitamiini (askorbiinihappo) (valinnainen) <\/strong> C-vitamiini on antioksidantti.<br \/>\nC-vitamiinia tulisi k\u00e4ytt\u00e4\u00e4 vain muutaman viikon ajan, koska se voi johtaa oksalaattikiteiden muodostumiseen virtsassa, jos sit\u00e4 k\u00e4ytet\u00e4\u00e4n pitemp\u00e4\u00e4n.<br \/>\nAnnos: 125 milligrammaa suun kautta tai ruoan kautta kahdesti p\u00e4iv\u00e4ss\u00e4.<br \/>\nKun kaikki t\u00e4m\u00e4 on otettu huomioon, kissanomistajien tulisi suhtautua avoimemmin ajatukseen antaa kissoilleen lis\u00e4ravinteita, jotka auttavat niit\u00e4 FIP-hoitoprosessin aikana, sill\u00e4 n\u00e4m\u00e4 erilaiset lis\u00e4ravinteet voivat auttaa kissojen terveytt\u00e4.<br \/>\nMuista kuitenkin muistaa, ett\u00e4 kaikki lis\u00e4ravinteet eiv\u00e4t ole t\u00e4ysin riskitt\u00f6mi\u00e4, sill\u00e4 niiden tulokset voivat vaihdella lis\u00e4ravinteen annostuksesta ja yksitt\u00e4isen kissan ruumiinrakenteesta riippuen.<\/p>\n","protected":false},"excerpt":{"rendered":"<p>On suositeltavaa antaa kissallesi vitamiineja ja lis\u00e4ravinteita, jotta sen munuaiset ja maksa pysyv\u00e4t tervein\u00e4 ja vahvoina FIP-hoidon aikana. Terveet sis\u00e4elimet lis\u00e4\u00e4v\u00e4t elimist\u00f6n kyky\u00e4 vastustaa infektioita ja toipua sairaudesta. T\u00e4ll\u00e4 hetkell\u00e4 ei ole tiedossa haittavaikutuksia, kun kissoille tarkoitettuja vitamiineja ja ravintolisi\u00e4 annetaan GS-441524:n ohella FIP-hoitojen aikana. Vitamiinit kissoille B12-vitamiini: B12-vitamiinia voidaan antaa kissoille viikoittain ihonalaisina injektioina, [&hellip;]<\/p>\n","protected":false},"author":11,"featured_media":22100,"parent":0,"menu_order":0,"comment_status":"closed","ping_status":"closed","template":"","meta":{"_glsr_average":0,"_glsr_ranking":0,"_glsr_reviews":0,"footnotes":""},"categories":[722],"tags":[736,819],"_links":{"self":[{"href":"https:\/\/fipmed.co\/fi\/wp-json\/wp\/v2\/pages\/22099"}],"collection":[{"href":"https:\/\/fipmed.co\/fi\/wp-json\/wp\/v2\/pages"}],"about":[{"href":"https:\/\/fipmed.co\/fi\/wp-json\/wp\/v2\/types\/page"}],"author":[{"embeddable":true,"href":"https:\/\/fipmed.co\/fi\/wp-json\/wp\/v2\/users\/11"}],"replies":[{"embeddable":true,"href":"https:\/\/fipmed.co\/fi\/wp-json\/wp\/v2\/comments?post=22099"}],"version-history":[{"count":0,"href":"https:\/\/fipmed.co\/fi\/wp-json\/wp\/v2\/pages\/22099\/revisions"}],"wp:featuredmedia":[{"embeddable":true,"href":"https:\/\/fipmed.co\/fi\/wp-json\/wp\/v2\/media\/22100"}],"wp:attachment":[{"href":"https:\/\/fipmed.co\/fi\/wp-json\/wp\/v2\/media?parent=22099"}],"wp:term":[{"taxonomy":"category","embeddable":true,"href":"https:\/\/fipmed.co\/fi\/wp-json\/wp\/v2\/categories?post=22099"},{"taxonomy":"post_tag","embeddable":true,"href":"https:\/\/fipmed.co\/fi\/wp-json\/wp\/v2\/tags?post=22099"}],"curies":[{"name":"wp","href":"https:\/\/api.w.org\/{rel}","templated":true}]}}