{"id":22169,"date":"2024-03-25T07:02:30","date_gmt":"2024-03-25T07:02:30","guid":{"rendered":"https:\/\/fipmed.co\/fip-vaiheet-ja-oireet-perustuen-fip-vaiheisiin\/"},"modified":"2024-03-25T07:02:30","modified_gmt":"2024-03-25T07:02:30","slug":"fip-vaiheet-ja-oireet-perustuen-fip-vaiheisiin","status":"publish","type":"page","link":"https:\/\/fipmed.co\/fi\/fip-vaiheet-ja-oireet-perustuen-fip-vaiheisiin\/","title":{"rendered":"FIP:n vaiheet ja FIP:n vaiheisiin perustuvat oireet"},"content":{"rendered":"<p>T\u00e4m\u00e4n viruksen aiheuttamassa tartunnassa on nelj\u00e4 erillist\u00e4 FIP:n vaihetta: alkuper\u00e4inen altistuminen ja it\u00e4misaika, primaarinen viremia, sekundaarinen viremia ja kliininen FIP.  &nbsp;<\/p>\n<h1><strong>FIP:n vaihe: Alkuper\u00e4inen altistuminen ja it\u00e4misaika<\/strong><\/h1>\n<p>  Kissan koronavirusta (FCoV) esiintyy monissa ymp\u00e4rist\u00f6iss\u00e4, joten kissat altistuvat sille hyvin todenn\u00e4k\u00f6isesti jossain vaiheessa el\u00e4m\u00e4\u00e4ns\u00e4.<br \/>\nT\u00e4m\u00e4 alkuper\u00e4inen infektio on yleens\u00e4 hyv\u00e4nlaatuinen, mutta valitettavasti on olemassa riski, ett\u00e4 virus muuntuu ja aiheuttaa joissakin kissoissa FIP:n.<br \/>\nT\u00e4m\u00e4n mutaation it\u00e4misaika voi vaihdella muutamasta viikosta useisiin vuosiin, mutta kissoilla on suurin riski sairastua kliiniseen FIP:hen ensimm\u00e4isten kuuden viikon aikana siit\u00e4, kun ne ovat saaneet virustartunnan.<br \/>\nKokeissa on todettu, ett\u00e4 jo kuusi viikkoa voi riitt\u00e4\u00e4 tartunnan saaneelle kissalle t\u00e4ysimittaisen sairauden kehittymiseen.<br \/>\nAlkuper\u00e4isen altistumisen ja it\u00e4misaikojen aikana on t\u00e4rke\u00e4\u00e4 huomata, ett\u00e4 tartunnan saaneet kissat eritt\u00e4v\u00e4t ep\u00e4tavallisen paljon virushiukkasia, mik\u00e4 voi johtaa nopeasti siihen, ett\u00e4 my\u00f6s muut kotiel\u00e4imet saavat tartunnan.      &nbsp;<\/p>\n<h1><strong>FIP:n vaihe: <\/strong>primaarinen viremia<\/h1>\n<p>  Primaarinen viremia on FIP-viruksen (Feline Infectious Peritonitis) tartunnan vaihe, jossa kissan immuunij\u00e4rjestelm\u00e4 alkaa reagoida vieraaseen hy\u00f6kk\u00e4\u00e4j\u00e4\u00e4n.<br \/>\nT\u00e4m\u00e4n vaiheen aikana niiden verest\u00e4 voidaan l\u00f6yt\u00e4\u00e4 suuria FCoV-pitoisuuksia.<br \/>\nT\u00e4m\u00e4 merkitsee taistelun alkamista kissan elimist\u00f6n ja viruksen v\u00e4lill\u00e4 ja my\u00f6s sit\u00e4, ett\u00e4 mutaatioiden esiintyminen on todenn\u00e4k\u00f6isemp\u00e4\u00e4 vastustuskyvyn v\u00e4henemisen vuoksi.<br \/>\nKissoilla, joilla on primaarinen viremia, immuunij\u00e4rjestelm\u00e4 reagoi kiihtyneesti ja yritt\u00e4\u00e4 kovasti suojella niit\u00e4 kaikilta haitoilta, joita patogeeni aiheuttaa sen elimist\u00f6\u00f6n tunkeutumisessa.<br \/>\nJotkut kissat pystyv\u00e4t voimakkaan immuunivasteen avulla p\u00e4\u00e4sem\u00e4\u00e4n eroon viruksesta.      &nbsp;<\/p>\n<h1><strong>FIP:n vaihe: <\/strong><strong>Toissijainen viremia<\/strong><\/h1>\n<p>  Sekundaarinen viremia tarkoittaa my\u00f6hemp\u00e4\u00e4 vaihetta, joka vaikuttaa kissoihin, jotka eiv\u00e4t kyenneet torjumaan virusta primaarivaiheessa.<br \/>\nT\u00e4ss\u00e4 vaiheessa virus on tunkeutunut luuytimeen ja muihin kudoksiin.<br \/>\nVirus voi t\u00e4ll\u00f6in pysy\u00e4 passiivisessa tilassa luuytimess\u00e4 jonkin aikaa.<br \/>\nSen lis\u00e4ksi FIPV:n pitoisuudet veress\u00e4 alkavat kasvaa ja saavuttavat lopulta pisteen, jossa kissat eiv\u00e4t en\u00e4\u00e4 pysty pit\u00e4m\u00e4\u00e4n sit\u00e4 kurissa.<br \/>\nValitettavasti t\u00e4h\u00e4n menness\u00e4 monet systeemiset tulehdusprosessit ovat jo k\u00e4ynnistyneet, kun FIPV on vallannut elint\u00e4rkeit\u00e4 elimi\u00e4 ja kudoksia.<br \/>\nKuten nimikin kertoo, sekundaarisen viremian aikana virus alkaa levit\u00e4 muihin elimiin, mik\u00e4 johtaa vakavampiin oireisiin, jotka voivat nopeasti muuttua hengenvaarallisiksi, jos niihin ei puututa nopeasti.<br \/>\nEnsisijaisen immuunivasteen vakavuus tai se, kuinka hyvin kissan elimist\u00f6 pystyy hallitsemaan infektiota, vaikuttaa merkitt\u00e4v\u00e4sti siihen, mill\u00e4 tasolla virus alkaa levit\u00e4 yhden elinj\u00e4rjestelm\u00e4n ulkopuolelle.<br \/>\nT\u00e4n\u00e4 ratkaisevana ajanjaksona kissoilla voi olla jatkuvaa kuumetta (yli 103\u00b0F), ruokahalun v\u00e4henemist\u00e4 ja yleist\u00e4 tilan heikkenemist\u00e4, koska niiden immuunij\u00e4rjestelm\u00e4 ei pysty hallitsemaan mutatoituneita viruksia, mutta se yritt\u00e4\u00e4 kovasti, joten kissojen on turvauduttava hoitosuunnitelmiin, joissa k\u00e4ytet\u00e4\u00e4n muun muassa virusl\u00e4\u00e4kkeit\u00e4.         &nbsp;<\/p>\n<h1><strong>FIP:n vaihe: <\/strong><strong>Kliininen FIP<\/strong><\/h1>\n<p>  FIP:n kliinisess\u00e4 vaiheessa kissat eiv\u00e4t en\u00e4\u00e4 kykene hillitsem\u00e4\u00e4n virusta.<br \/>\nT\u00e4m\u00e4 johtuu osittain siit\u00e4, ett\u00e4 er\u00e4\u00e4ss\u00e4 FCoV:n tyypiss\u00e4, jota kutsutaan FIPV:ksi, esiintyy proteiinimuutos.<br \/>\nFIPV aiheuttaa vaskuliittia, joka on tulehdus ja turvotus soluryhm\u00e4n tai elinten ymp\u00e4rill\u00e4.<br \/>\nT\u00e4ss\u00e4 vaiheessa voi my\u00f6s esiinty\u00e4 nesteen kertymist\u00e4 kehon onteloihin, mik\u00e4 johtaa nesteen kertymiseen ja ylipaineeseen elint\u00e4rkeiss\u00e4 elimiss\u00e4.<br \/>\nFIP:t\u00e4 sairastavilla kissoilla voi esiinty\u00e4 oireita, kuten laihtumista, kuumetta, kuivumista turvonnutta vatsaa tai p\u00e4\u00e4n aluetta ja hengitysvaikeuksia, jotka johtuvat rintakeh\u00e4n tukkeutumisesta.<br \/>\nElint\u00e4rkeiden elinten sis\u00e4isten infektioiden aiheuttama tuhoutuminen alkaa t\u00e4ss\u00e4 vaiheessa, mik\u00e4 voi johtaa elinten vajaatoimintaan.<br \/>\nT\u00e4m\u00e4 ilmenee yleens\u00e4 my\u00f6hemmin munuaissairautena tai aivokudoksen tulehduksen aiheuttamana neurologisena vauriona.        &nbsp;<\/p>\n<h1><strong>FIP:n vaihe: <\/strong><strong>Elinvaurio <\/strong> <\/h1>\n<p>  T\u00e4m\u00e4 on FIP:n viimeinen vaihe, jossa tulehdus on jo aiheuttanut vahinkoa elimille ja kissalla on muita my\u00f6hempi\u00e4 ongelmia.<br \/>\nJoitakin elimi\u00e4, joihin sairaudet yleens\u00e4 vaikuttavat, ovat mm: <strong>Vatsan elimet:<\/strong> FIP johtaa usein granuloomien (pienten tulehduskudoskyhmyjen) muodostumiseen vatsaelimiin, kuten maksaan, pernaan ja munuaisiin.<br \/>\nT\u00e4m\u00e4 voi johtaa n\u00e4iden elinten toimintah\u00e4iri\u00f6ihin ja vajaatoimintaan. <strong>Munuaiset:<\/strong> Munuaiset voivat sairastua granulomatoottisiin vaurioihin, mik\u00e4 johtaa munuaisten vajaatoimintaan. <strong>Keskushermosto (CNS):<\/strong> FIP voi aiheuttaa neurologisia oireita, kun se vaikuttaa keskushermostoon.<br \/>\nNeurologista FIP:t\u00e4 sairastavilla kissoilla voi esiinty\u00e4 k\u00e4ytt\u00e4ytymisen muutoksia, kouristuksia ja k\u00e4velyvaikeuksia. <strong>Silm\u00e4t<\/strong>: FIP:ss\u00e4 esiintyy usein silm\u00e4sairauksia, jotka johtavat tulehdukseen, sameuteen ja joskus sokeuteen.<br \/>\nT\u00e4m\u00e4 tunnetaan nimell\u00e4 okulaarinen tai kuiva FIP. <strong>Syd\u00e4n- ja verisuonij\u00e4rjestelm\u00e4:<\/strong> Joissakin tapauksissa FIP voi vaikuttaa syd\u00e4meen ja verisuoniin, mik\u00e4 johtaa syd\u00e4n- ja verisuoniongelmiin.<br \/>\nN\u00e4m\u00e4 kissan jatkuva heikkeneminen johtaa lopulta halvaantumiseen ja lopulta kuolemaan.       &nbsp;<\/p>\n<p>&nbsp;<\/p>\n<h1><strong>FIP:n vaiheisiin perustuvat oireet<\/strong><\/h1>\n<h2><strong>Merkki FIP:n varhaisvaiheissa<\/strong><strong> <\/strong><\/h2>\n<p>  Kissoilla voi esiinty\u00e4 varhaisessa vaiheessa ep\u00e4spesifisi\u00e4 oireita, kuten k\u00e4ytt\u00e4ytymisen muutoksia, laihtumista ja ruokahaluttomuutta sek\u00e4 vaihtelevaa kuumetta.  <strong> <\/strong><\/p>\n<p><strong>Ep\u00e4spesifiset oireet<\/strong> FIP:ll\u00e4 on monenlaisia ep\u00e4spesifisi\u00e4 oireita, jotka voidaan helposti sekoittaa muihin sairauksiin.<br \/>\nN\u00e4m\u00e4 alkuoireet ovat yleens\u00e4 ep\u00e4m\u00e4\u00e4r\u00e4isi\u00e4, ja niihin kuuluvat velttous, uneliaisuus, ruokahaluttomuus, laihtuminen ja vaihteleva kuume.<br \/>\nJoissakin tapauksissa kissoilla on n\u00e4iden fyysisten oireiden lis\u00e4ksi k\u00e4ytt\u00e4ytymismuutoksia.<br \/>\nOn t\u00e4rke\u00e4\u00e4 kiinnitt\u00e4\u00e4 huomiota pieniinkin muutoksiin kissasi terveydentilassa, kuten lis\u00e4\u00e4ntyneeseen tai v\u00e4hentyneeseen energiatasoon, sill\u00e4 t\u00e4m\u00e4 voi olla ensimm\u00e4inen merkki FIP:st\u00e4.<br \/>\nVaikka se on niin yleinen kissoilla, sen hienovarainen syy vaikeuttaa sen havaitsemista alkuvaiheessa, ellet seuraa tarkasti muita merkkej\u00e4, kuten anoreksiaa tai picaa (tila, jossa kissat sy\u00f6v\u00e4t asioita, joita niiden ei pit\u00e4isi), joita esiintyy usein FIP-infektion aikana.<br \/>\nVaihteleva kuume voi my\u00f6s merkit\u00e4, ett\u00e4 kissassasi on jotain vialla, joten varo suuria l\u00e4mp\u00f6tilan muutoksia, kun tarkastat kissasi s\u00e4\u00e4nn\u00f6llisesti p\u00e4iv\u00e4n mittaan, kuten yli 24 tuntia kest\u00e4v\u00e4\u00e4 kuumeilua el\u00e4inl\u00e4\u00e4k\u00e4rin antamista hoidoista huolimatta. &nbsp;<strong>Ripuli<\/strong> Kun kissan Coronavirus (FCoV) tarttuu kissaan ensimm\u00e4isen kerran, se tartuttaa ohutsuolen ja aiheuttaa joskus ripulia.<br \/>\nVirusta erittyy ulosteeseen jo kahden p\u00e4iv\u00e4n kuluttua tartunnasta ja sen j\u00e4lkeen muutamasta viikosta kuukausiin.<br \/>\nSuolistosta virus kulkeutuu verenkiertoon, mik\u00e4 johtaa FIP:hen joillakin ep\u00e4onnisilla kissoilla, mutta useimmat kissat saavat aikaan onnistuneen immuunivasteen ja p\u00e4\u00e4sev\u00e4t eroon viruksesta &#8211; ja el\u00e4v\u00e4t t\u00e4ysin terveen\u00e4 ja normaalisti.<br \/>\nFCoV:n ensitartunta miss\u00e4 tahansa i\u00e4ss\u00e4, ei vain kissanpennuilla, voi aiheuttaa ripulia, ja sen vakavuus voi vaihdella liev\u00e4st\u00e4 kroonisesta vakavaan ja hengenvaaralliseen.<br \/>\nVirus vahingoittaa aluksi ohutsuolen limakalvoa.<br \/>\nValitettavasti joillakin kissoilla FCoV voi vaurioittaa ohutsuolta varsin vakavasti, mik\u00e4 johtaa pysyv\u00e4\u00e4n oksentelu- tai ripulitaipumukseen ja niin sanottuun imeytymish\u00e4iri\u00f6oireyhtym\u00e4\u00e4n, jossa sairastunut kissa ei pysty hy\u00f6dynt\u00e4m\u00e4\u00e4n sy\u00f6mi\u00e4\u00e4n ravintoaineita eik\u00e4 siten lihoa riitt\u00e4v\u00e4sti eik\u00e4 menesty. &nbsp;<strong>K\u00e4ytt\u00e4ytymisen<\/strong> muutokset FIP-tartunnan saaneiden kissojen omistajat saattavat ensin havaita v\u00e4hemm\u00e4n ilmeisi\u00e4 oireita, kuten v\u00e4hentynytt\u00e4 aktiivisuutta, velttoutta ja ruokahaluttomuutta.<br \/>\nKissasi voi olla paljon v\u00e4hemm\u00e4n vuorovaikutteinen kuin aiemmin, ja se voi j\u00e4\u00e4d\u00e4 mieluummin yksin\u00e4isiin paikkoihin tai nukkua koko p\u00e4iv\u00e4n.<br \/>\nSe saattaa my\u00f6s alkaa v\u00e4ltt\u00e4\u00e4 kanssak\u00e4ymist\u00e4 muiden lemmikkien tai ihmisten kanssa.<br \/>\nPica on toinen virukseen liittyv\u00e4 k\u00e4ytt\u00e4ytymismuutos &#8211; kun lemmikkisi alkaa sy\u00f6d\u00e4 muita kuin ruoka-aineita, se voi olla merkki siit\u00e4, ett\u00e4 sill\u00e4 on FIP.<br \/>\nAnoreksian (t\u00e4ydellinen ruokahaluttomuus) lis\u00e4ksi saatat havaita, ett\u00e4 kissasi yritt\u00e4\u00e4 itse sy\u00f6tt\u00e4\u00e4 ruokaa tai ei ole kiinnostunut ruoasta lainkaan, kun sit\u00e4 tarjotaan &#8211; molemmat voivat olla merkkej\u00e4 siit\u00e4, ett\u00e4 jokin ei ole kunnossa. &nbsp;<strong>Painonlasku ja ruokahaluttomuus<\/strong> Painonlasku ja ruokahaluttomuus ovat kaksi varhaisinta FIP:n merkki\u00e4.<br \/>\nKun kissat saavat ensimm\u00e4isen kerran tartunnan, ne saattavat oireilla vasta viikkojen tai kuukausien kuluttua.<br \/>\nHidas laihtuminen ja ruokahaluttomuus voivat kuitenkin olla merkki siit\u00e4, ett\u00e4 jokin on vialla.<br \/>\nKissojen painonlasku on yleens\u00e4 hienovaraista, mutta sen ei pit\u00e4isi j\u00e4\u00e4d\u00e4 omistajilta huomaamatta &#8211; \u00e4killinen 15-20 prosentin painonlasku muutaman p\u00e4iv\u00e4n aikana voi olla merkki FIP:st\u00e4.<br \/>\nSamoin ruokahalun v\u00e4heneminen, vaikka kissalle tarjottaisiinkin suotuisaa ruokaa, voi olla merkki sairauden puhkeamisesta.                   T\u00e4m\u00e4ntyyppinen oirekokonaisuus voi viitata FIP:n aiheuttamaan elinten vajaatoimintaan tai muihin vakaviin sairauksiin, kuten krooniseen munuaissairauteen, joka hoitamattomana voi edet\u00e4 nopeasti ja muuttua kissoille hengenvaaralliseksi, jos sit\u00e4 ei havaita ajoissa.<br \/>\nMonet kissanomistajat ovat raportoineet havainneensa n\u00e4ihin oireisiin liittyvi\u00e4 dramaattisia muutoksia energiatasoissa ja aktiivisuudessa, mik\u00e4 korostaa entisest\u00e4\u00e4n niiden merkityst\u00e4 el\u00e4inl\u00e4\u00e4k\u00e4reiden ja lemmikkiel\u00e4inten omistajien tekemiss\u00e4 diagnoosi- ja hoitop\u00e4\u00e4t\u00f6ksiss\u00e4. &nbsp;<strong>Vaihteleva kuume<\/strong> Kissojen vaihteleva kuume m\u00e4\u00e4ritell\u00e4\u00e4n tyypillisesti korkeiden ja matalien l\u00e4mp\u00f6tilojen vuorotteluksi.<br \/>\nSe on yksi varhaisimmista FIP:hen liittyvist\u00e4 kliinisist\u00e4 oireista.<br \/>\nT\u00e4llainen kuume voi vaihdella p\u00e4ivitt\u00e4in ja vaihdella normaalin ruumiinl\u00e4mm\u00f6n ja vaarallisen korkean l\u00e4mp\u00f6tilan v\u00e4lill\u00e4.<br \/>\nKoska t\u00e4m\u00e4 voi tapahtua \u00e4killisesti, kissanomistajien on t\u00e4rke\u00e4\u00e4 seurata lemmikkins\u00e4 l\u00e4mp\u00f6tilaa s\u00e4\u00e4nn\u00f6llisesti, sill\u00e4 \u00e4killiset muutokset voivat olla merkki FIP:st\u00e4 tai muusta vakavasta terveysongelmasta.<br \/>\nVaihteleva kuume on helppo sekoittaa jatkuvaan korkeaan kuumeeseen, jota kissoilla voi olla sairaana, mutta n\u00e4m\u00e4 kaksi ovat hyvin erilaisia sairauksia, jotka vaativat erilaista hoitoa.       &nbsp;<\/p>\n<h2><strong>FIP:n pitk\u00e4lle edenneiss\u00e4 vaiheissa esiintyv\u00e4t merkit<\/strong><\/h2>\n<p>&nbsp;  Oireet voivat edet\u00e4 vakavampiin vaikutuksiin, kuten elinten vajaatoimintaan ja nesteen kertymiseen.<br \/>\nLue lis\u00e4\u00e4! <strong>Elinten vajaatoiminta<\/strong> Elinten vajaatoiminta on yksi vakavimmista FIP:hen liittyvist\u00e4 seurauksista.<br \/>\nSe voi vaikuttaa eri elimiin, kuten munuaisiin, maksaan ja moniin muihin.<br \/>\nKun se saavuttaa pisimm\u00e4lle edenneen vaiheen, seurauksena voi olla elinten toimintah\u00e4iri\u00f6 tai vajaatoiminta.<br \/>\nT\u00e4m\u00e4 elinvaurio voi aiheuttaa monenlaisia oireita, jotka vaihtelevat sen mukaan, mihin elimist\u00f6n osiin se vaikuttaa.<br \/>\nJos se j\u00e4tet\u00e4\u00e4n hoitamatta liian pitk\u00e4ksi aikaa, se lis\u00e4\u00e4 valtavasti rasitusta sairastuneen el\u00e4imen yleiseen fyysiseen terveyteen, kunnes se lopulta muuttuu katastrofaaliseksi sairaudeksi tai johtaa kuolemaan, jos sit\u00e4 ei havaita riitt\u00e4v\u00e4n ajoissa ja hoideta asianmukaisesti. &nbsp;<strong>Jatkuva korkea kuume<\/strong> Jatkuva kuume on yleinen kliininen oire, joka liittyy pitk\u00e4lle edenneeseen kissan tarttuvaan vatsakalvotulehdukseen (FIP).<br \/>\nT\u00e4m\u00e4 kuume voi nousta l\u00e4mp\u00f6tiloihin 102\u00b0F &#8211; 105\u00b0F ja kest\u00e4\u00e4 viikkoja tai kuukausia.<br \/>\nVarhainen diagnoosi on t\u00e4rke\u00e4\u00e4, sill\u00e4 se auttaa sulkemaan pois muut sairaudet ja aloittamaan hoidon.<br \/>\nKuume johtuu laajalle levinneest\u00e4 infektiosta johtuvasta tulehduksesta, johon voi liitty\u00e4 oireita, kuten velttoutta, vatsan turvotusta, ruokahaluttomuutta, laihtumista ja keltaisuutta.<br \/>\nJos kuume jatkuu antibioottihoidosta tai tulehduskipul\u00e4\u00e4kityksest\u00e4 huolimatta, se voi olla merkki FIP:st\u00e4.<br \/>\nKorkea kuume usein normalisoituu, kun asianmukainen hoito aloitetaan. &nbsp;<strong>Nesteen kertyminen<\/strong> Nesteen kertyminen on keskeinen merkki FIP:st\u00e4 kissoilla, ja sit\u00e4 voi esiinty\u00e4 eri puolilla kehoa.<br \/>\nRintakeh\u00e4ss\u00e4 nestett\u00e4 kertyy syd\u00e4men ja keuhkojen ymp\u00e4rille, mik\u00e4 johtaa liikkumisen rajoittumiseen ja hengitysvaikeuksiin.<br \/>\nLis\u00e4ksi imusolmukkeet voivat turpoaa, koska ne ovat tukossa, kun valkuaisainepitoisia nestesoluja, joita kutsutaan keuhkopussinesteiksi, muodostuu liikaa.<br \/>\nNestett\u00e4 voi kerty\u00e4 my\u00f6s muihin elimiin, kuten vatsaan tai kivespussiin, jolloin n\u00e4m\u00e4 alueet turpoavat ja ovat kivuliaita kissallesi.<br \/>\nLis\u00e4ksi kissasi silmiss\u00e4 voi n\u00e4ky\u00e4 merkkej\u00e4 t\u00e4m\u00e4n nesteen kertymisest\u00e4 niiden sis\u00e4lle, kuten v\u00e4rimuutoksia tai sameutta, sarveiskalvon paksuuntumista (sarveiskalvoturvotus), hypopyonia (valkoinen vaahto silm\u00e4n takaosassa) tai verkkokalvon irtoamista FIP-infektion aiheuttaman silm\u00e4nsis\u00e4isen paineen nousun vuoksi. &nbsp;<strong>Silm\u00e4ongelmat<\/strong> Silm\u00e4ongelmat ovat yleinen merkki FIP:st\u00e4.<br \/>\nFIP:t\u00e4 sairastavilla kissoilla voi esiinty\u00e4 silm\u00e4vaurioita, joille on ominaista pyogranulomatoottinen anteriorinen uveiitti.<br \/>\nOireita voivat olla silm\u00e4munan tulehdus, siristely, turvonneet kolmannet silm\u00e4luomet ja laajentuneet silm\u00e4t, jotka voivat heikent\u00e4\u00e4 n\u00e4k\u00f6kyky\u00e4 tai jopa johtaa sokeuteen, jos niit\u00e4 ei hoideta.<br \/>\nEl\u00e4imill\u00e4, joilla on t\u00e4m\u00e4ntyyppinen silm\u00e4sairaus, voi esiinty\u00e4 lis\u00e4\u00e4ntynytt\u00e4 kyynelnesteen tuotantoa sek\u00e4 verenvuotoa silm\u00e4st\u00e4 infektion aiheuttaman haavauman vuoksi.<br \/>\nLis\u00e4ksi FIP:hen liittyv\u00e4t neurologiset oireet voivat vaikuttaa hermostoon &#8211; mukaan lukien n\u00e4k\u00f6- ja silm\u00e4ongelmat, kuten supistuneet pupillit, jotka eiv\u00e4t reagoi asianmukaisesti valon muutoksiin.<br \/>\nLopuksi joissakin m\u00e4rk\u00e4muotoisen effusiivisen FIP:n tapauksissa on havaittu silm\u00e4npaineen nousua, johon liittyy sarveiskalvon paksuuntumista, mik\u00e4 johtaa ajan mittaan mahdolliseen n\u00e4\u00f6n menetykseen, jos sit\u00e4 ei hoideta asianmukaisesti tai riitt\u00e4v\u00e4n nopeasti.<\/p>\n","protected":false},"excerpt":{"rendered":"<p>T\u00e4m\u00e4n viruksen aiheuttamassa tartunnassa on nelj\u00e4 erillist\u00e4 FIP:n vaihetta: alkuper\u00e4inen altistuminen ja it\u00e4misaika, primaarinen viremia, sekundaarinen viremia ja kliininen FIP. &nbsp; FIP:n vaihe: Alkuper\u00e4inen altistuminen ja it\u00e4misaika Kissan koronavirusta (FCoV) esiintyy monissa ymp\u00e4rist\u00f6iss\u00e4, joten kissat altistuvat sille hyvin todenn\u00e4k\u00f6isesti jossain vaiheessa el\u00e4m\u00e4\u00e4ns\u00e4. T\u00e4m\u00e4 alkuper\u00e4inen infektio on yleens\u00e4 hyv\u00e4nlaatuinen, mutta valitettavasti on olemassa riski, ett\u00e4 virus [&hellip;]<\/p>\n","protected":false},"author":1,"featured_media":22170,"parent":0,"menu_order":0,"comment_status":"closed","ping_status":"closed","template":"","meta":{"_glsr_average":0,"_glsr_ranking":0,"_glsr_reviews":0,"footnotes":""},"categories":[747],"tags":[],"_links":{"self":[{"href":"https:\/\/fipmed.co\/fi\/wp-json\/wp\/v2\/pages\/22169"}],"collection":[{"href":"https:\/\/fipmed.co\/fi\/wp-json\/wp\/v2\/pages"}],"about":[{"href":"https:\/\/fipmed.co\/fi\/wp-json\/wp\/v2\/types\/page"}],"author":[{"embeddable":true,"href":"https:\/\/fipmed.co\/fi\/wp-json\/wp\/v2\/users\/1"}],"replies":[{"embeddable":true,"href":"https:\/\/fipmed.co\/fi\/wp-json\/wp\/v2\/comments?post=22169"}],"version-history":[{"count":0,"href":"https:\/\/fipmed.co\/fi\/wp-json\/wp\/v2\/pages\/22169\/revisions"}],"wp:featuredmedia":[{"embeddable":true,"href":"https:\/\/fipmed.co\/fi\/wp-json\/wp\/v2\/media\/22170"}],"wp:attachment":[{"href":"https:\/\/fipmed.co\/fi\/wp-json\/wp\/v2\/media?parent=22169"}],"wp:term":[{"taxonomy":"category","embeddable":true,"href":"https:\/\/fipmed.co\/fi\/wp-json\/wp\/v2\/categories?post=22169"},{"taxonomy":"post_tag","embeddable":true,"href":"https:\/\/fipmed.co\/fi\/wp-json\/wp\/v2\/tags?post=22169"}],"curies":[{"name":"wp","href":"https:\/\/api.w.org\/{rel}","templated":true}]}}