{"id":22195,"date":"2022-12-02T01:55:02","date_gmt":"2022-12-02T01:55:02","guid":{"rendered":"https:\/\/fipmed.co\/mita-tehda-kissan-vatsanesteen-aiheuttaman-maran-tai-huurteisen-suulakihuuhtelun-vuoksi\/"},"modified":"2022-12-02T01:55:02","modified_gmt":"2022-12-02T01:55:02","slug":"mita-tehda-kissan-vatsanesteen-aiheuttaman-maran-tai-huurteisen-suulakihuuhtelun-vuoksi","status":"publish","type":"page","link":"https:\/\/fipmed.co\/fi\/mita-tehda-kissan-vatsanesteen-aiheuttaman-maran-tai-huurteisen-suulakihuuhtelun-vuoksi\/","title":{"rendered":"Mit\u00e4 tehd\u00e4 kissan vatsanesteelle, jonka on aiheuttanut m\u00e4rk\u00e4 tai vuotava FIP?"},"content":{"rendered":"<h2>FIP:n ja vatsanesteen v\u00e4linen yhteys<\/h2>\n<p>  FIP aiheuttaa kissan vatsanesteen kertymist\u00e4 vatsaan, joten on t\u00e4rke\u00e4\u00e4 ymm\u00e4rt\u00e4\u00e4 sek\u00e4 oireet ett\u00e4 seuraukset.  <\/p>\n<h3>Miten nestett\u00e4 kertyy FIP:n kanssa<\/h3>\n<p>  Kissan tarttuva vatsakalvotulehdus (FIP) on vakava ja yleens\u00e4 kuolemaan johtava kissojen virus.<br \/>\nSe ilmenee, kun kissan suolistossa jo ennest\u00e4\u00e4n asuva koronavirus alkaa lis\u00e4\u00e4nty\u00e4 aggressiivisemmin ja levi\u00e4\u00e4 muihin kehon osiin.<br \/>\nKun n\u00e4in tapahtuu, se johtaa immuunij\u00e4rjestelm\u00e4n tulehdusreaktioon, joka johtaa nesteen kertymiseen eri elimiin, kuten vatsaan tai rintaan.<br \/>\nNesteen kertyminen johtuu verisuonten lis\u00e4\u00e4ntyneest\u00e4 l\u00e4p\u00e4isevyydest\u00e4 ja heikentyneest\u00e4 imunesteen poistumisesta.<br \/>\nT\u00e4m\u00e4 prosessi vaikuttaa my\u00f6s kudosvaurioihin, jotka johtavat kroonisesta tulehduksesta johtuvan fibroosin ja kollageenin muodostumisen aiheuttamiin soluvaurioihin.<br \/>\nFIP:n aiheuttama vatsan turvotus voi n\u00e4ky\u00e4 melko selv\u00e4sti vatsan alueen laajentumisena, joka tuntuu ajoittain pehme\u00e4lt\u00e4 mutta kiinte\u00e4lt\u00e4 viskoosin koostumuksensa vuoksi &#8211; kosketettaessa se on kuin kumisementti\u00e4; lis\u00e4ksi vatsassa voi n\u00e4ky\u00e4 pilkkuja, s\u00e4ikeit\u00e4 tai fibriinihyytymi\u00e4 riippuen siit\u00e4, kuinka kauan se on ollut olemassa.<br \/>\nSen lis\u00e4ksi, ett\u00e4 se eroaa ulkon\u00e4\u00f6lt\u00e4\u00e4n muista el\u00e4imist\u00e4 l\u00f6ytyvist\u00e4 nestetyypeist\u00e4, tutkijat ovat pystyneet tunnistamaan alfa-1-happoglykoproteiinin (AGP), jonka pitoisuus on usein koholla seerumin\u00e4ytteiss\u00e4, jotka on otettu sek\u00e4 ennen kuolemaa tehdyiss\u00e4 tutkimuksissa ett\u00e4 verenpurkaumissa, jotka ovat odotettua korkeammat verrattuna kissoihin, jotka eiv\u00e4t ole sairastuneet kissoihin normaaleissa olosuhteissa.        <\/p>\n<h3>FIP:n n\u00e4kyv\u00e4t merkit Effuusio<\/h3>\n<p>  FIP:t\u00e4 sairastavilla kissoilla voi olla suurentunut vatsa, ne voivat olla vastustuskykyisi\u00e4 l\u00e4mp\u00f6tilan mittaamiselle ja tuntua ep\u00e4mukavilta, kun niit\u00e4 kosketetaan kyljist\u00e4.<br \/>\nMy\u00f6s nesteytystilanne on arvioitava, sill\u00e4 FIP-eritteisiin liittyv\u00e4 vakava vatsan turvotus voi aiheuttaa nestehukkaa.<br \/>\nKun FIP:hen liittyv\u00e4 neste tunnustellaan fyysisen tutkimuksen aikana, se n\u00e4ytt\u00e4\u00e4 usein viskoosilta, sitke\u00e4lt\u00e4, tahmealta, vaahtomaiselta ja v\u00e4rilt\u00e4\u00e4n vaaleankeltaiselta.<br \/>\nJoissakin tapauksissa nesteess\u00e4 saattaa jopa n\u00e4ky\u00e4 pilkkuja tai s\u00e4ikeit\u00e4, jotka liittyv\u00e4t t\u00e4lle tautiprosessille ominaiseen fibriinikerrostumaan; tarkka diagnoosi laboratoriotestien, kuten sytologian ja serologian, avulla on kuitenkin teht\u00e4v\u00e4, jotta t\u00e4m\u00e4 sairaus voidaan vahvistaa asianmukaisesti ennen hoidon aloittamista.     <\/p>\n<h3>Rooli diagnosoinnissa ja hoidossa<\/h3>\n<p>  Kun <a href=\"\/de?page_id=870\" target=\"_blank\" rel=\"noopener\">kissoilla ep\u00e4ill\u00e4\u00e4n FIP:t\u00e4<\/a>, vatsanesteell\u00e4 on t\u00e4rke\u00e4 rooli diagnoosin tekemisess\u00e4.<br \/>\nYksi tapa auttaa positiivisen diagnoosin tekemisess\u00e4 on suorittaa sentesis-niminen toimenpide eli ker\u00e4t\u00e4 osa t\u00e4st\u00e4 nesteest\u00e4 ja analysoida se FIP:lle ominaisten infektioita aiheuttavien tekij\u00f6iden varalta.<br \/>\nT\u00e4m\u00e4 tekee diagnoosista tarkemman verrattuna siihen, ett\u00e4 luottaisi vain tietokonetomografian tai ultra\u00e4\u00e4nitutkimuksen kaltaisiin kuviin, joita yleens\u00e4 k\u00e4ytet\u00e4\u00e4n t\u00e4m\u00e4n tilan diagnosoinnissa.<br \/>\nNesteanalyysin avulla el\u00e4inl\u00e4\u00e4k\u00e4rit voivat havaita kissojen koronaviruksen (FCoV) antigeeniksi kutsutun vasta-aineen kertymisen, jolla on taipumus kerty\u00e4 askiteksen mukana tapauksissa, joissa FIP kehittyy.     <\/p>\n<h2>Milloin vatsanestett\u00e4 pit\u00e4isi poistaa FIP Catsin effuusiosta.<\/h2>\n<p>  Pit\u00e4isik\u00f6 t\u00e4m\u00e4 neste poistaa nyt, kun tied\u00e4t syyn?<br \/>\nRiippuu.<br \/>\nAlla on kaksi kuvitteellista tilannetta ja ehdotetut toimenpiteet kummassakin tapauksessa.    <strong>Skenaario I  <\/strong><\/p>\n<p><u>Vatsan laajentuminen n\u00e4kyy selv\u00e4sti.<br \/>\nKissasi kuitenkin sy\u00f6, juo ja hengitt\u00e4\u00e4 mukavasti. <\/u>  T\u00e4ss\u00e4 tapauksessa emme suosittele nesteen poistamista.<br \/>\nAloita GS-441524-hoito nopeasti, niin n\u00e4et vatsan turvotuksen pienenev\u00e4n.<br \/>\nFIP-virukset poistuvat elimist\u00f6st\u00e4 tasaisesti, kun vatsaneste imeytyy v\u00e4hitellen takaisin.<br \/>\nKoska t\u00e4ss\u00e4 tilanteessa on suurempi haittojen kuin hy\u00f6tyjen riski, emme suosittele vatsanesteen tyhjent\u00e4mist\u00e4.<br \/>\nMenetetty neste palaa nopeasti takaisin, usein proteiinin saannin ja nestehukan kustannuksella.<br \/>\nV\u00e4lt\u00e4 aiheuttamasta lis\u00e4\u00e4 haittaa kissasi jo ennest\u00e4\u00e4n herk\u00e4lle elimist\u00f6lle, jos se sy\u00f6 ja juo s\u00e4\u00e4nn\u00f6llisesti eik\u00e4 sill\u00e4 ole hengitysvaikeuksia. <strong>Skenaario II <\/strong><u>Laajentuma aiheuttaa hengitys- tai sy\u00f6misvaikeuksia. <\/u> T\u00e4ss\u00e4 tilanteessa osa nesteest\u00e4 on poistettava, mutta ei kaikkea.<br \/>\nHengitysvaikeudet johtavat syd\u00e4men rasitukseen, joka ilmenee kohonneena syd\u00e4men sykkeen\u00e4 ja hidastuneina syd\u00e4menly\u00f6ntein\u00e4.<br \/>\n\u00c4\u00e4rimm\u00e4isiss\u00e4 olosuhteissa t\u00e4m\u00e4 stressi voi aiheuttaa syd\u00e4men vajaatoiminnan.<br \/>\nVatsanesteen poistaminen johtaa nestehukkaan ja proteiinien v\u00e4henemiseen.<br \/>\nT\u00e4ss\u00e4 tapauksessa nesteen poiston edut ylitt\u00e4v\u00e4t haitat.<br \/>\nOn huomattava, ett\u00e4 liiallinen nesteenpoisto voi aiheuttaa vaarallisen sokin kissan elimist\u00f6lle ja johtaa kuolemaan.<br \/>\nYleens\u00e4 suosittelemme poistamaan enint\u00e4\u00e4n 30 % koko vatsanesteest\u00e4.<br \/>\nVerrattuna parhaassa i\u00e4ss\u00e4 olevien aikuisten kissojen hoitoon, ole varovaisempi, kun hoidat kissanpentuja ja vanhempia kissoja, joilla on m\u00e4rk\u00e4 FIP, poistamalla v\u00e4hemm\u00e4n nestett\u00e4.<br \/>\nMuista, ett\u00e4 ellei kissasi saa GS-441524-virusl\u00e4\u00e4kityst\u00e4, neste palaa takaisin. <strong>Huomautuksia poistoa varten:<\/strong> Vatsanesteen poisto kissoilta, joilla on diagnosoitu effussiivinen FIP, on tarkoitettu v\u00e4hent\u00e4m\u00e4\u00e4n vatsan turvotusta ja antamaan kissalle helpotusta.<br \/>\nTyypillisesti yhden tai kahden viikon hoidon j\u00e4lkeen voidaan n\u00e4hd\u00e4 vatsan turvotuksen v\u00e4henemist\u00e4 edellytt\u00e4en, ett\u00e4 neste on poistettu.<br \/>\nJos nestevajaus on riitt\u00e4v\u00e4n suuri, se olisi harkittava poistettavaksi kapenevilla tekniikoilla, kuten vatsaontelon\/torakontelon poistolla tai interkostaalidreenill\u00e4, mink\u00e4 j\u00e4lkeen rinta- tai vatsaonteloon voidaan ruiskuttaa deksametasonia.<br \/>\nT\u00e4m\u00e4 auttaa v\u00e4hent\u00e4m\u00e4\u00e4n FIP:hen liittyv\u00e4\u00e4 tulehdusta, mik\u00e4 parantaa kissan viihtyvyytt\u00e4 ja ennustetta.<br \/>\nVerenvuodon poistoon liittyv\u00e4t remissiokaudet ovat kuitenkin yleens\u00e4 tilap\u00e4isi\u00e4, ja kissat uusiutuvat yleens\u00e4 nopeasti, jos kattavaa hoitoa ei seurata sen j\u00e4lkeen, kun niiden oireet ovat v\u00e4hentyneet huomattavasti toimenpiteen j\u00e4lkeen.                   <\/p>\n<h2>Menetelm\u00e4t nesteen kertymisen v\u00e4hent\u00e4miseksi<\/h2>\n<p>  Kissan tarttuvan vatsakalvotulehduksen yhteydess\u00e4 teht\u00e4v\u00e4\u00e4n haimanesteen poistoon liittyy usein seuraavia toimenpiteit\u00e4: El\u00e4inl\u00e4\u00e4k\u00e4rin arviointi: El\u00e4inl\u00e4\u00e4k\u00e4rin tai h\u00e4nen valvonnassaan ty\u00f6skentelev\u00e4n henkil\u00f6n on aina suoritettava toimenpide.<br \/>\nEl\u00e4inl\u00e4\u00e4k\u00e4ri tutkii kissan fyysisesti, k\u00e4ytt\u00e4\u00e4 ultra\u00e4\u00e4nitutkimusta tai tekee muita diagnostisia toimenpiteit\u00e4 varmistaakseen, ett\u00e4 kissassa on askituksellista nestett\u00e4, ennen kuin hoitoa jatketaan.<br \/>\nToimenpidett\u00e4 edelt\u00e4v\u00e4 valmistelu: Leikkausta edelt\u00e4viin valmisteluihin kuuluu kissan rauhoittaminen tai nukuttaminen, jotta kissa viihtyisi paremmin ja sen ahdistuneisuus v\u00e4henisi.<br \/>\nVatsan alueen ajelu ja sterilointi on yleinen k\u00e4yt\u00e4nt\u00f6 infektioiden ehk\u00e4isemiseksi.<br \/>\nNeulan tai katetrin asettaminen: El\u00e4inl\u00e4\u00e4k\u00e4ri asettaa ohuen neulan tai katetrin vatsan sein\u00e4m\u00e4n l\u00e4pi vatsaonteloon.<br \/>\nYleinen k\u00e4yt\u00e4nt\u00f6 on k\u00e4ytt\u00e4\u00e4 ultra\u00e4\u00e4niohjausta, joka auttaa asettamisessa ja est\u00e4\u00e4 sis\u00e4elinten tahattomat vammat.<br \/>\nNesteen poisto: Mahalaukun neste valutetaan varovasti ja hitaasti vatsasta steriiliin astiaan.<br \/>\nKissan sairauden vakavuus ja askiteksen m\u00e4\u00e4r\u00e4 m\u00e4\u00e4r\u00e4\u00e4v\u00e4t, kuinka paljon nestett\u00e4 on poistettava.<br \/>\nVatsan turvotuksen ja kivun lievitt\u00e4miseksi hoitoa jatketaan usein, kunnes riitt\u00e4v\u00e4 m\u00e4\u00e4r\u00e4 nestett\u00e4 on poistettu.<br \/>\nSeuranta: Kissojen sykett\u00e4 ja hengitystaajuutta seurataan koko leikkaussalissa olon ajan.<br \/>\nToimenpiteen j\u00e4lkeinen hoito: Hoito tyhjennyksen j\u00e4lkeen El\u00e4inl\u00e4\u00e4k\u00e4ri tarkkailee kissaa tarkasti, kun se toipuu toimenpiteest\u00e4.<br \/>\nLeikkauksen j\u00e4lkeen jotkut kissat tarvitsevat kipul\u00e4\u00e4kityst\u00e4, nesteit\u00e4 ja antibiootteja infektioiden est\u00e4miseksi.<br \/>\nVatsan sitominen tai ompeleminen pistorei\u00e4n sulkemiseksi on mahdollista.              &nbsp;<\/p>\n<h2>Tukihoito, jotta kissa viihtyisi paremmin<\/h2>\n<p>  FIP-diagnoosin saaneiden kissojen tukihoito on t\u00e4rke\u00e4\u00e4, jotta kissan olo helpottuu ja sen el\u00e4m\u00e4nlaatu paranee.<br \/>\nLaajakirjoiset antibiootit ovat yleisesti suositeltuja <a href=\"\/de?page_id=895\" target=\"_blank\" rel=\"noopener\">hoitoja FIP-kissojen tukihoitoon<\/a>, sill\u00e4 ne voivat auttaa v\u00e4hent\u00e4m\u00e4\u00e4n tulehdusta ja hallitsemaan sekundaarisia infektioita.<br \/>\nIhonalainen nesteytys on my\u00f6s t\u00e4rke\u00e4\u00e4, jotta kissa pysyy nesteytettyn\u00e4 ja auttaa yll\u00e4pit\u00e4m\u00e4\u00e4n optimaalista kehon kuntoa.<br \/>\nKotikonsteja, kuten kurpitsasosetta tai probiootteja, voidaan k\u00e4ytt\u00e4\u00e4 lievitt\u00e4m\u00e4\u00e4n joitakin FIP-tapauksiin liittyvi\u00e4 <a href=\"\/de?page_id=899\" target=\"_blank\" rel=\"noopener\">oireita<\/a>, kuten ripulia.<br \/>\nOn my\u00f6s t\u00e4rke\u00e4\u00e4 tarjota tukihoitoa, vaikka diagnostisessa toimenpiteess\u00e4 ei l\u00f6ytyisik\u00e4\u00e4n effuusiota, mik\u00e4 on usein tilanne joissakin kissan tarttuvan vatsakalvotulehduksen effuusiotapauksissa.<br \/>\nT\u00e4h\u00e4n voi kuulua suonensis\u00e4isen nesteytyksen k\u00e4ytt\u00e4minen nesteytystasojen yll\u00e4pit\u00e4miseksi, kun suun kautta tapahtuva nesteytys ei onnistu, sek\u00e4 ruokahalua stimuloivat l\u00e4\u00e4kkeet tai ravintolis\u00e4t, joita el\u00e4inl\u00e4\u00e4k\u00e4rin ravitsemusterapeutti voi m\u00e4\u00e4r\u00e4t\u00e4 kissan yksil\u00f6llisten tarpeiden mukaan. Lis\u00e4ksi kokenut el\u00e4inl\u00e4\u00e4k\u00e4ri valvoo kissan vatsan turvotuksia, sill\u00e4 ne voivat viitata nesteen kertymiseen, joka johtuu FIP:n taustalla olevista FIP:hen liittyvist\u00e4 terveydentiloista.       &nbsp;<\/p>\n","protected":false},"excerpt":{"rendered":"<p>FIP:n ja vatsanesteen v\u00e4linen yhteys FIP aiheuttaa kissan vatsanesteen kertymist\u00e4 vatsaan, joten on t\u00e4rke\u00e4\u00e4 ymm\u00e4rt\u00e4\u00e4 sek\u00e4 oireet ett\u00e4 seuraukset. Miten nestett\u00e4 kertyy FIP:n kanssa Kissan tarttuva vatsakalvotulehdus (FIP) on vakava ja yleens\u00e4 kuolemaan johtava kissojen virus. Se ilmenee, kun kissan suolistossa jo ennest\u00e4\u00e4n asuva koronavirus alkaa lis\u00e4\u00e4nty\u00e4 aggressiivisemmin ja levi\u00e4\u00e4 muihin kehon osiin. Kun n\u00e4in [&hellip;]<\/p>\n","protected":false},"author":11,"featured_media":22196,"parent":0,"menu_order":0,"comment_status":"closed","ping_status":"closed","template":"","meta":{"_glsr_average":0,"_glsr_ranking":0,"_glsr_reviews":0,"footnotes":""},"categories":[722],"tags":[736,827],"_links":{"self":[{"href":"https:\/\/fipmed.co\/fi\/wp-json\/wp\/v2\/pages\/22195"}],"collection":[{"href":"https:\/\/fipmed.co\/fi\/wp-json\/wp\/v2\/pages"}],"about":[{"href":"https:\/\/fipmed.co\/fi\/wp-json\/wp\/v2\/types\/page"}],"author":[{"embeddable":true,"href":"https:\/\/fipmed.co\/fi\/wp-json\/wp\/v2\/users\/11"}],"replies":[{"embeddable":true,"href":"https:\/\/fipmed.co\/fi\/wp-json\/wp\/v2\/comments?post=22195"}],"version-history":[{"count":0,"href":"https:\/\/fipmed.co\/fi\/wp-json\/wp\/v2\/pages\/22195\/revisions"}],"wp:featuredmedia":[{"embeddable":true,"href":"https:\/\/fipmed.co\/fi\/wp-json\/wp\/v2\/media\/22196"}],"wp:attachment":[{"href":"https:\/\/fipmed.co\/fi\/wp-json\/wp\/v2\/media?parent=22195"}],"wp:term":[{"taxonomy":"category","embeddable":true,"href":"https:\/\/fipmed.co\/fi\/wp-json\/wp\/v2\/categories?post=22195"},{"taxonomy":"post_tag","embeddable":true,"href":"https:\/\/fipmed.co\/fi\/wp-json\/wp\/v2\/tags?post=22195"}],"curies":[{"name":"wp","href":"https:\/\/api.w.org\/{rel}","templated":true}]}}