{"id":23726,"date":"2023-05-08T07:39:24","date_gmt":"2023-05-08T07:39:24","guid":{"rendered":"https:\/\/fipmed.co\/ota-yhteytta\/"},"modified":"2024-11-06T06:58:46","modified_gmt":"2024-11-06T06:58:46","slug":"ota-yhteytta","status":"publish","type":"page","link":"https:\/\/fipmed.co\/fi\/ota-yhteytta\/","title":{"rendered":"Ota yhteytt\u00e4"},"content":{"rendered":"\t\t<div data-elementor-type=\"wp-page\" data-elementor-id=\"23726\" class=\"elementor elementor-23726 elementor-7274\">\n\t\t\t\t\t\t<section class=\"elementor-section elementor-top-section elementor-element elementor-element-a0c711f elementor-section-boxed elementor-section-height-default elementor-section-height-default\" data-id=\"a0c711f\" data-element_type=\"section\">\n\t\t\t\t\t\t<div class=\"elementor-container elementor-column-gap-default\">\n\t\t\t\t\t<div class=\"elementor-column elementor-col-100 elementor-top-column elementor-element elementor-element-935b070\" data-id=\"935b070\" data-element_type=\"column\">\n\t\t\t<div class=\"elementor-widget-wrap elementor-element-populated\">\n\t\t\t\t\t\t<div class=\"elementor-element elementor-element-213ae02 elementor-widget elementor-widget-text-editor\" data-id=\"213ae02\" data-element_type=\"widget\" data-widget_type=\"text-editor.default\">\n\t\t\t\t<div class=\"elementor-widget-container\">\n\t\t\t\t\t\t\t\t\t<p class=\"p1\">\n<p class=\"p1\"><span class=\"s1\">Olemme t\u00e4\u00e4ll\u00e4 auttamassa! Ota rohkeasti yhteytt\u00e4. Jos sinulla on kysytt\u00e4v\u00e4\u00e4, huolenaiheita tai palautetta, \u00e4l\u00e4 ep\u00e4r\u00f6i ottaa meihin yhteytt\u00e4. Asiakastukitiimimme on valmis auttamaan sinua kaikin tavoin.   <\/span><\/p>\n<p class=\"p1\"><strong><span class=\"s1\">Miten tavoitat meid\u00e4t<\/span><\/strong><\/p>\n<p class=\"p1\"><strong><span class=\"s1\">S\u00e4hk\u00f6posti:<\/span><\/strong><\/p>\n<p class=\"p1\"><span class=\"s1\">L\u00e4het\u00e4 meille s\u00e4hk\u00f6postia osoitteeseen support@fipmed.co. Pyrimme vastaamaan kaikkiin tiedusteluihin 2 tunnin kuluessa, my\u00f6s viikonloppuisin ja juhlapyhin\u00e4. Olipa sinulla sitten kysymys tuotteistamme, ongelma tilauksesi kanssa tai tarvitset apua palautusten kanssa, tiimimme on valmis vastaamaan sinulle nopeasti ja avuliaasti.  <\/span><\/p>\n<p class=\"p1\"><strong><span class=\"s1\">Live Chatbot:<\/span><\/strong><\/p>\n<p class=\"p1\"><span class=\"s1\">Reaaliaikaista apua varten tarjoamme k\u00e4tev\u00e4n live-chat-toiminnon verkkosivustollamme. Etsi chat-kuvake n\u00e4yt\u00f6n oikeasta alakulmasta ja napsauta sit\u00e4 aloittaaksesi keskustelun chatbotimme Clawdian kanssa. Tarvitsetpa sitten apua sivustollamme navigoimisessa, sinulla on kysytt\u00e4v\u00e4\u00e4 tarjonnastamme tai tarvitset tukea ostoprosessin aikana, h\u00e4n on valmis auttamaan sinua nopeasti. H\u00e4n vastaa mielell\u00e4\u00e4n kysymyksiisi, antaa tuotesuosituksia tai auttaa sinua kaikissa huolenaiheissasi.   <\/span><\/p>\n<p class=\"p1\"><strong><span class=\"s1\">Sosiaalinen media:<\/span><\/strong><\/p>\n<p class=\"p1\"><span class=\"s1\">Ole yhteydess\u00e4 meihin sosiaalisessa mediassa. Olemme aktiivisia Facebookissa. Seuraa meit\u00e4, jotta pysyt ajan tasalla uusimmista tuotelanseerauksista, eksklusiivisista kampanjoista ja muusta. Voit ottaa meihin yhteytt\u00e4 suorilla viesteill\u00e4 tai merkitsem\u00e4ll\u00e4 meid\u00e4t postauksiisi. Rakastamme kuulla asiakkaidemme mielipiteit\u00e4 ja keskustella yhteis\u00f6mme kanssa.    <\/span><\/p>\n<p class=\"p1\"><span class=\"s1\">Tyytyv\u00e4isyytesi on etusijalla, ja olemme sitoutuneet tarjoamaan poikkeuksellista asiakaspalvelua. Arvostamme palautettasi ja arvostamme sit\u00e4, ett\u00e4 otit yhteytt\u00e4 meihin. Pyrimme jatkuvasti parantamaan kokemustasi, ja palautteellasi on ratkaiseva merkitys t\u00e4ss\u00e4 prosessissa.  <\/span><\/p>\n<p class=\"p1\"><span class=\"s1\">Kiitos, ett\u00e4 valitsit FipMedin. Odotamme innolla, ett\u00e4 p\u00e4\u00e4semme auttamaan teit\u00e4! <\/span><\/p>\n\t\t\t\t\t\t\t\t<\/div>\n\t\t\t\t<\/div>\n\t\t\t\t\t<\/div>\n\t\t<\/div>\n\t\t\t\t\t<\/div>\n\t\t<\/section>\n\t\t\t\t<\/div>\n\t\t","protected":false},"excerpt":{"rendered":"<p>Olemme t\u00e4\u00e4ll\u00e4 auttamassa! Ota rohkeasti yhteytt\u00e4. Jos sinulla on kysytt\u00e4v\u00e4\u00e4, huolenaiheita tai palautetta, \u00e4l\u00e4 ep\u00e4r\u00f6i ottaa meihin yhteytt\u00e4. Asiakastukitiimimme on valmis auttamaan sinua kaikin tavoin. Miten tavoitat meid\u00e4t S\u00e4hk\u00f6posti: L\u00e4het\u00e4 meille s\u00e4hk\u00f6postia osoitteeseen support@fipmed.co. Pyrimme vastaamaan kaikkiin tiedusteluihin 2 tunnin kuluessa, my\u00f6s viikonloppuisin ja juhlapyhin\u00e4. Olipa sinulla sitten kysymys tuotteistamme, ongelma tilauksesi kanssa tai tarvitset [&hellip;]<\/p>\n","protected":false},"author":1,"featured_media":0,"parent":0,"menu_order":0,"comment_status":"closed","ping_status":"closed","template":"","meta":{"_glsr_average":0,"_glsr_ranking":0,"_glsr_reviews":0,"footnotes":""},"categories":[],"tags":[],"_links":{"self":[{"href":"https:\/\/fipmed.co\/fi\/wp-json\/wp\/v2\/pages\/23726"}],"collection":[{"href":"https:\/\/fipmed.co\/fi\/wp-json\/wp\/v2\/pages"}],"about":[{"href":"https:\/\/fipmed.co\/fi\/wp-json\/wp\/v2\/types\/page"}],"author":[{"embeddable":true,"href":"https:\/\/fipmed.co\/fi\/wp-json\/wp\/v2\/users\/1"}],"replies":[{"embeddable":true,"href":"https:\/\/fipmed.co\/fi\/wp-json\/wp\/v2\/comments?post=23726"}],"version-history":[{"count":1,"href":"https:\/\/fipmed.co\/fi\/wp-json\/wp\/v2\/pages\/23726\/revisions"}],"predecessor-version":[{"id":23727,"href":"https:\/\/fipmed.co\/fi\/wp-json\/wp\/v2\/pages\/23726\/revisions\/23727"}],"wp:attachment":[{"href":"https:\/\/fipmed.co\/fi\/wp-json\/wp\/v2\/media?parent=23726"}],"wp:term":[{"taxonomy":"category","embeddable":true,"href":"https:\/\/fipmed.co\/fi\/wp-json\/wp\/v2\/categories?post=23726"},{"taxonomy":"post_tag","embeddable":true,"href":"https:\/\/fipmed.co\/fi\/wp-json\/wp\/v2\/tags?post=23726"}],"curies":[{"name":"wp","href":"https:\/\/api.w.org\/{rel}","templated":true}]}}