{"id":23969,"date":"2023-09-18T08:36:12","date_gmt":"2023-09-18T08:36:12","guid":{"rendered":"https:\/\/fipmed.co\/product\/1x-fipmed-injektio-7ml-injektiopullo-20mg-ml\/"},"modified":"2023-09-18T08:36:12","modified_gmt":"2023-09-18T08:36:12","slug":"1x-fipmed-injektio-7ml-injektiopullo-20mg-ml","status":"publish","type":"product","link":"https:\/\/fipmed.co\/fi\/tuote\/1x-fipmed-injektio-7ml-injektiopullo-20mg-ml\/","title":{"rendered":"1x Fipmed-injektio 7ml injektiopullo 20mg\/ml"},"content":{"rendered":"<p class=\"p1\"><span class=\"s1\">FipMed GS-441524 Injection on tehokas hoito kissojen tarttuvaan vatsakalvotulehdukseen (FIP).  <\/span><span class=\"s1\">Jokainen FipMed-injektiopullo 20 mg\/ml sis\u00e4lt\u00e4\u00e4 7 ml.<\/span><\/p>\n<p class=\"p1\"><span class=\"s1\"><strong>Pitoisuus:<span class=\"Apple-converted-space\">  <\/span><\/strong>20mg\/ml<\/span><\/p>\n<p class=\"p1\"><span class=\"s1\"><strong>Tilavuus:<\/strong><span class=\"Apple-converted-space\">  <\/span>7ml per injektiopullo<\/span><\/p>\n<p class=\"p1\"><span class=\"s1\"><strong>M\u00e4\u00e4r\u00e4:<\/strong><span class=\"Apple-converted-space\"><strong> <\/strong> 1x<\/span> injektiopulloja<\/span><\/p>\n<p>&nbsp;<\/p>\n<p class=\"p1\"><strong><span class=\"s1\">Suositeltu annostus:<\/span><\/strong><\/p>\n<p class=\"p1\"><span class=\"s1\">M\u00e4rk\u00e4 FIP 6mg\/kg kissan ruumiinpainosta<\/span><\/p>\n<p class=\"p1\"><span class=\"s1\">Kuiva FIP 8mg\/kg kissan ruumiinpainoa kohden.<\/span><\/p>\n<p class=\"p1\"><span class=\"s1\">Silm\u00e4n FIP 10mg\/kg kissan ruumiinpainoa kohden.<\/span><\/p>\n<p class=\"p1\"><span class=\"s1\">Neurologinen 10mg\/kg kissan ruumiinpainoa kohden.<\/span><\/p>\n<p>&nbsp;<\/p>\n<p class=\"p1\"><span class=\"s1\"><strong>Hoitomenetelm\u00e4:<\/strong> <\/span><\/p>\n<p class=\"p1\"><span class=\"s1\">1 injektio p\u00e4iv\u00e4ss\u00e4, 7 p\u00e4iv\u00e4\u00e4 viikossa.<\/span><\/p>\n<p class=\"p1\"><span class=\"s1\">Hoidon kesto: v\u00e4hint\u00e4\u00e4n 4 viikkoa (suositeltava), jonka j\u00e4lkeen tabletteja tai jatketaan injektiota.<\/span><\/p>\n","protected":false},"excerpt":{"rendered":"<p class=\"p1\"><span class=\"s1\">FipMed GS-441524 Injection on tehokas hoito kissojen tarttuvaan vatsakalvotulehdukseen (FIP).  <\/span><span class=\"s1\">Jokainen FipMed-injektiopullo 20 mg\/ml sis\u00e4lt\u00e4\u00e4 7 ml.<\/span><\/p>\n<p class=\"p1\"><span class=\"s1\"><strong>Pitoisuus:<span class=\"Apple-converted-space\">  <\/span><\/strong>20mg\/ml<\/span><\/p>\n<p class=\"p1\"><span class=\"s1\"><strong>Tilavuus:<\/strong><span class=\"Apple-converted-space\">  <\/span>7ml per injektiopullo<\/span><\/p>\n<p class=\"p1\"><span class=\"s1\"><strong>M\u00e4\u00e4r\u00e4:<\/strong><span class=\"Apple-converted-space\"><strong> <\/strong> 1x<\/span> injektiopulloja<\/span><\/p>\n<p>&nbsp;<\/p>\n<p class=\"p1\"><strong><span class=\"s1\">Suositeltu annostus:<\/span><\/strong><\/p>\n<p class=\"p1\"><span class=\"s1\">M\u00e4rk\u00e4 FIP 6mg\/kg kissan ruumiinpainosta<\/span><\/p>\n<p class=\"p1\"><span class=\"s1\">Kuiva FIP 8mg\/kg kissan ruumiinpainoa kohden.<\/span><\/p>\n<p class=\"p1\"><span class=\"s1\">Silm\u00e4n FIP 10mg\/kg kissan ruumiinpainoa kohden.<\/span><\/p>\n<p class=\"p1\"><span class=\"s1\">Neurologinen 10mg\/kg kissan ruumiinpainoa kohden.<\/span><\/p>\n<p class=\"p1\"><span class=\"s1\"><strong>Hoitomenetelm\u00e4:<\/strong> <\/span><\/p>\n<p class=\"p1\"><span class=\"s1\">1 injektio p\u00e4iv\u00e4ss\u00e4, 7 p\u00e4iv\u00e4\u00e4 viikossa.<\/span><\/p>\n<p class=\"p1\"><span class=\"s1\">Hoidon kesto: v\u00e4hint\u00e4\u00e4n 4 viikkoa (suositeltava), jonka j\u00e4lkeen tabletteja tai jatketaan injektiota.<\/span><\/p>\n","protected":false},"featured_media":23970,"template":"","meta":{"_glsr_average":0,"_glsr_ranking":0,"_glsr_reviews":0},"product_cat":[1077],"product_tag":[],"_links":{"self":[{"href":"https:\/\/fipmed.co\/fi\/wp-json\/wp\/v2\/product\/23969"}],"collection":[{"href":"https:\/\/fipmed.co\/fi\/wp-json\/wp\/v2\/product"}],"about":[{"href":"https:\/\/fipmed.co\/fi\/wp-json\/wp\/v2\/types\/product"}],"wp:featuredmedia":[{"embeddable":true,"href":"https:\/\/fipmed.co\/fi\/wp-json\/wp\/v2\/media\/23970"}],"wp:attachment":[{"href":"https:\/\/fipmed.co\/fi\/wp-json\/wp\/v2\/media?parent=23969"}],"wp:term":[{"taxonomy":"product_cat","embeddable":true,"href":"https:\/\/fipmed.co\/fi\/wp-json\/wp\/v2\/product_cat?post=23969"},{"taxonomy":"product_tag","embeddable":true,"href":"https:\/\/fipmed.co\/fi\/wp-json\/wp\/v2\/product_tag?post=23969"}],"curies":[{"name":"wp","href":"https:\/\/api.w.org\/{rel}","templated":true}]}}