{"id":23989,"date":"2022-11-30T16:39:01","date_gmt":"2022-11-30T16:39:01","guid":{"rendered":"https:\/\/fipmed.co\/product\/3x-nauhat-fipmed-tabletteja-x-10-paivaa-4-kg-painaville-kissoille\/"},"modified":"2022-11-30T16:39:01","modified_gmt":"2022-11-30T16:39:01","slug":"3x-nauhat-fipmed-tabletteja-x-10-paivaa-4-kg-painaville-kissoille","status":"publish","type":"product","link":"https:\/\/fipmed.co\/fi\/tuote\/3x-nauhat-fipmed-tabletteja-x-10-paivaa-4-kg-painaville-kissoille\/","title":{"rendered":"3x nauhat FipMed-tabletteja x 10 p\u00e4iv\u00e4\u00e4 (4 kg painaville kissoille)."},"content":{"rendered":"<p class=\"p1\"><span class=\"s1\">FipMed GS-441524 -tabletit ovat tehokas hoito kissojen tarttuvaan vatsakalvotulehdukseen (FIP).<\/span><\/p>\n<p class=\"p1\"><span class=\"s1\">Jokainen FipMed-tabletti 4 kg:n painoiselle kissalle sis\u00e4lt\u00e4\u00e4 60 mg GS-441524. Se on suunniteltu kissoille, jotka painavat enint\u00e4\u00e4n 4 kg.<\/span><\/p>\n<p class=\"p1\"><span class=\"s1\">GS-441524 on metabolisesti stabiili.<br \/>\nImeytynyt m\u00e4\u00e4r\u00e4 ei kuitenkaan metaboloidu t\u00e4ysin ruoansulatuksen j\u00e4lkeen.<br \/>\nArvioitu metaboloitunut m\u00e4\u00e4r\u00e4 on riitt\u00e4v\u00e4 sek\u00e4 m\u00e4rk\u00e4- ett\u00e4 kuivaa FIP:t\u00e4 varten.<br \/>\nKaksinkertaista annos silm\u00e4-FIP:n ja neurologisen FIP:n osalta.<br \/>\nOta kaksi tablettia yhden tabletin sijasta.    <\/span><\/p>\n<p>&nbsp;<\/p>\n<p class=\"p1\"><span class=\"s1\">FIPMed-tabletit ja annostus perustuvat tohtori Niels Pedersenin suosituksiin:<\/span><\/p>\n<p><strong>M\u00e4rk\u00e4 \/ kuiva FIP Annostus tabletteja varten:<\/strong><\/p>\n<p>Tabletti Varsinainen GS441524 Sis\u00e4lt\u00f6: 15mg\/kg Sen j\u00e4lkeen, kun 60 % on h\u00e4vinnyt ruoansulatuksesta ja metaboliasta*: 6mg\/kg<\/p>\n<p><strong>Ocular \/ Neurological FIP Annostus tabletteja varten:<\/strong><\/p>\n<p>Tabletti Varsinainen GS441524 Sis\u00e4lt\u00f6: Sen j\u00e4lkeen, kun 60 % on h\u00e4vinnyt ruoansulatuksesta ja metaboliasta*: 12mg\/kg<\/p>\n<p>&nbsp;<\/p>\n<p>* Suun kautta annostelun havaittiin my\u00f6s tuottavan veripitoisuuksia, mutta hieman viiv\u00e4styneen\u00e4 ja vain noin 40 %:n huippupitoisuuksilla verrattuna ihonalaisiin ja suonensis\u00e4isiin reitteihin. GS-441424 imeytyy suolistosta noin 50 % tehokkaammin kuin ihonalainen tai laskimonsis\u00e4inen anto. Kun otetaan huomioon suun kautta otettavan GS-441524:n imeytymisrajoitukset, suun kautta otettavan annoksen odotetaan olevan noin kaksinkertainen injektioihin verrattuna. (Niels Pedersen NC, 2018).   <\/p>\n<p><a href=\"https:\/\/www.vetmed.ucdavis.edu\/sites\/g\/files\/dgvnsk4586\/files\/inline-files\/Use%20of%20oral%20GS-441524%20for%20FIP%20treatmemt_0.pdf\" rel=\"nofollow noopener\" target=\"_blank\">https:\/\/www.vetmed.ucdavis.edu\/sites\/g\/files\/dgvnsk4586\/files\/inline-files\/Use%20of%20oral%20GS-441524%20for%20FIP%20treatmemt_0.pdf<\/a><\/p>\n<p class=\"p1\"><span class=\"s1\">Jokainen liuska sis\u00e4lt\u00e4\u00e4 10 tablettia suun kautta (10 p\u00e4iv\u00e4n hoito).<\/span><\/p>\n","protected":false},"excerpt":{"rendered":"<p class=\"p1\"><span class=\"s1\">FipMed GS-441524 -tabletit ovat tehokas hoito kissojen tarttuvaan vatsakalvotulehdukseen (FIP).<\/span><\/p>\n<p class=\"p1\"><span class=\"s1\">Jokainen FipMed-tabletti 4 kg:n painoiselle kissalle sis\u00e4lt\u00e4\u00e4 60 mg GS-441524. Se on suunniteltu kissoille, jotka painavat enint\u00e4\u00e4n 4 kg.<\/span><\/p>\n<p class=\"p1\"><span class=\"s1\">GS-441524 on metabolisesti stabiili.<br \/>\nImeytynyt m\u00e4\u00e4r\u00e4 ei kuitenkaan metaboloidu t\u00e4ysin ruoansulatuksen j\u00e4lkeen.<br \/>\nArvioitu metaboloitunut m\u00e4\u00e4r\u00e4 on riitt\u00e4v\u00e4 sek\u00e4 m\u00e4rk\u00e4- ett\u00e4 kuivaa FIP:t\u00e4 varten.<br \/>\nKaksinkertaista annos silm\u00e4-FIP:n ja neurologisen FIP:n osalta.<br \/>\nOta kaksi tablettia yhden tabletin sijasta.    <\/span><\/p>\n<p class=\"p1\"><span class=\"s1\">Jokainen liuska sis\u00e4lt\u00e4\u00e4 10 tablettia suun kautta (10 p\u00e4iv\u00e4n hoito).<\/span><\/p>\n","protected":false},"featured_media":25118,"template":"","meta":{"_glsr_average":0,"_glsr_ranking":0,"_glsr_reviews":0},"product_cat":[995],"product_tag":[],"_links":{"self":[{"href":"https:\/\/fipmed.co\/fi\/wp-json\/wp\/v2\/product\/23989"}],"collection":[{"href":"https:\/\/fipmed.co\/fi\/wp-json\/wp\/v2\/product"}],"about":[{"href":"https:\/\/fipmed.co\/fi\/wp-json\/wp\/v2\/types\/product"}],"wp:featuredmedia":[{"embeddable":true,"href":"https:\/\/fipmed.co\/fi\/wp-json\/wp\/v2\/media\/25118"}],"wp:attachment":[{"href":"https:\/\/fipmed.co\/fi\/wp-json\/wp\/v2\/media?parent=23989"}],"wp:term":[{"taxonomy":"product_cat","embeddable":true,"href":"https:\/\/fipmed.co\/fi\/wp-json\/wp\/v2\/product_cat?post=23989"},{"taxonomy":"product_tag","embeddable":true,"href":"https:\/\/fipmed.co\/fi\/wp-json\/wp\/v2\/product_tag?post=23989"}],"curies":[{"name":"wp","href":"https:\/\/api.w.org\/{rel}","templated":true}]}}