{"id":24279,"date":"2023-11-27T06:45:29","date_gmt":"2023-11-27T06:45:29","guid":{"rendered":"https:\/\/fipmed.co\/product\/the-complete-roadmap-to-conquering-fip-diagnoosista-palauttamiseen-kirja\/"},"modified":"2025-01-21T07:59:46","modified_gmt":"2025-01-21T07:59:46","slug":"the-complete-roadmap-to-conquering-fip-diagnoosista-palauttamiseen-kirja","status":"publish","type":"product","link":"https:\/\/fipmed.co\/fi\/tuote\/the-complete-roadmap-to-conquering-fip-diagnoosista-palauttamiseen-kirja\/","title":{"rendered":"T\u00e4ydellinen tiekartta FIP:n voittamiseen: diagnoosista toipumiseen EBOOK"},"content":{"rendered":"<p><span class=\"s1\">154-sivuinen kattava opas FIP:st\u00e4 diagnoosista toipumiseen. Kaikki mit\u00e4 sinun tarvitsee tiet\u00e4\u00e4 FIP:st\u00e4 on t\u00e4ss\u00e4. <\/span><\/p>\n<p>&nbsp;<\/p>\n<p><strong>Sis\u00e4llysluettelo:<\/strong><\/p>\n<p>&nbsp;<\/p>\n<p><strong>MIK\u00c4 ON FIP?<\/strong><\/p>\n<p>Miten FIP kehittyy?<\/p>\n<p>&nbsp;<\/p>\n<p><strong>KISSOJEN KORONAVIRUKSET<\/strong><\/p>\n<p>FCov-virus<\/p>\n<p>FECV<\/p>\n<p>FIPV<\/p>\n<p>&nbsp;<\/p>\n<p><strong>MITEN VIRUKSET TARTTUVAT?<\/strong><\/p>\n<p>Suora yhteys<\/p>\n<p>Ep\u00e4suora kontakti<\/p>\n<p>Ulosteen kautta suun kautta<\/p>\n<p>Hengitysteiden pisarat<\/p>\n<p>Raskaana olevan naaraskissan tartunta<\/p>\n<p>&nbsp;<\/p>\n<p><strong>FIP<\/strong> <strong>RISKI<\/strong> <strong>TEKIJ\u00c4T<\/strong><\/p>\n<p>Ik\u00e4<\/p>\n<p>Rotu<\/p>\n<p>Ahtaat elinolot<\/p>\n<p>Genetiikka<\/p>\n<p>Stressi<\/p>\n<p>Immuunij\u00e4rjestelm\u00e4n tila<\/p>\n<p>&nbsp;<\/p>\n<p><strong>MIT\u00c4 TESTEJ\u00c4 KISSAN FIPIN TOTEAMISEKSI TEHD\u00c4\u00c4N?<\/strong><\/p>\n<p>Vasta-ainetutkimus Verikoe Verikoe Verikokeet, jotka viittaavat FIP:hen Rivalta Effuusiotutkimus R\u00f6ntgentutkimus Ultra\u00e4\u00e4ni Biopsia ja sytologia Ulostetutkimus Ulostetutkimus<\/p>\n<p>&nbsp;<\/p>\n<p><strong>13 SAIRAUTTA, JOITA VOIDAAN EREHTY\u00c4 PIT\u00c4M\u00c4\u00c4N FIP:N\u00c4<\/strong><\/p>\n<p>Toksoplasmoosi<\/p>\n<p>FELV<\/p>\n<p>FIV<\/p>\n<p>FPV<\/p>\n<p>Tulehduksellinen suolistosairaus<\/p>\n<p>Sy\u00f6p\u00e4<\/p>\n<p>Kissan hemotrofinen mykoplasmoosi<\/p>\n<p>Lymfooma<\/p>\n<p>Syd\u00e4nongelmat<\/p>\n<p>Tulehtunut maksa<\/p>\n<p>Bakteeriperitoniitti<\/p>\n<p>Bakteeriper\u00e4inen keuhkopussitulehdus<\/p>\n<p>Kryptokokkoosi<\/p>\n<p>&nbsp;<\/p>\n<p><strong>DIAGNOOSIN HAASTEET JA RAJOITUKSET<\/strong><\/p>\n<p>Ent\u00e4 jos et voi tehd\u00e4 diagnoosia? 10 tekij\u00e4\u00e4 ja parametria siit\u00e4, mit\u00e4 hoitaa<\/p>\n<p>&nbsp;<\/p>\n<p><strong>YLEISET LIIT\u00c4NN\u00c4ISSAIRAUDET<\/strong><\/p>\n<p>Miksi FIP esiintyy usein yhdess\u00e4 muiden sairauksien kanssa?<\/p>\n<p>Keuhkokuume CKD<\/p>\n<p>FELV<\/p>\n<p>Sy\u00f6p\u00e4<\/p>\n<p>Autoimmuunisairaudet ja FIP<\/p>\n<p>Bakteeri-infektio ja FIP<\/p>\n<p>FHV<\/p>\n<p>FIV<\/p>\n<p>FIP raskauden aikana<\/p>\n<p>&nbsp;<\/p>\n<p><strong>FIP-TYYPIT<\/strong><\/p>\n<p>Effussiivinen tai m\u00e4rk\u00e4 FIP Ei-effussiivinen tai kuiva FIP<\/p>\n<p>Silm\u00e4n FIP<\/p>\n<p>Neurologinen FIP<\/p>\n<p>&nbsp;<\/p>\n<p><strong>FIP:N VAIHEET<\/strong><\/p>\n<p>Alkuper\u00e4inen altistuminen ja inkubaatio Primaarinen viremiatartunta Sekundaarinen viremiatartunta Kliininen FIP Elinvaurio elinvaurio<\/p>\n<p>&nbsp;<\/p>\n<p><strong>OIREET FIP:N VAIHEIDEN MUKAAN<\/strong><\/p>\n<p>FIP:n varhaiset merkit<\/p>\n<p>Kehittyneen FIP:n oireet<\/p>\n<p>&nbsp;<\/p>\n<p><strong>OIREET FIP-TYYPPIEN MUKAAN<\/strong><\/p>\n<p>Kliiniset oireet ei-effussiivisesta kuivasta FIP:st\u00e4 Kliiniset oireet effussiivisesta m\u00e4r\u00e4st\u00e4 FIP:st\u00e4 Kliiniset oireet silmien FIP:st\u00e4 Kliiniset oireet neurologisesta FIP:st\u00e4.<\/p>\n<p>&nbsp;<\/p>\n<p><strong>10 T\u00c4RKE\u00c4\u00c4 ASIAA, JOTKA ON TEHT\u00c4V\u00c4, JOS KISSALLASI ON DIAGNOSOITU FIP.<\/strong><\/p>\n<p>Valmistaudu ja varustaudu n\u00e4ill\u00e4 asioilla Hakeudu el\u00e4inl\u00e4\u00e4k\u00e4rin neuvontaan Aloita hoito GS441524:ll\u00e4 Oireiden hallinta ja kivun lievitt\u00e4minen Nestehoito ja nesteiden hallinta Ravitsemuksellinen tuki &#8211; ruokavalio ja lis\u00e4ravinteet Luo miellytt\u00e4v\u00e4 ja puhdas ymp\u00e4rist\u00f6 Toteuta tiukat hygieniatoimenpiteet Ota k\u00e4ytt\u00f6\u00f6n eristysk\u00e4yt\u00e4nn\u00f6t usean kissan talouksissa Seuraa kissasi tilaa Rajoita altistumista muille kissoille.<\/p>\n<p>&nbsp;<\/p>\n<p><strong>FIPMED-HOITOPROTOKOLLA<\/strong><\/p>\n<p>Miten kissasi annos m\u00e4\u00e4ritet\u00e4\u00e4n S\u00e4\u00e4d\u00f6t huomioon ottaen Hoidon kesto Injektioiden ja tablettien v\u00e4linen ero GS-441524 FIP-injektiot FIP-tabletit Suun kautta GS-441524 Yhdistelm\u00e4hoito<\/p>\n<p>&nbsp;<\/p>\n<p><strong>MITEN GS441524:\u00c4\u00c4 ANNETAAN<\/strong><\/p>\n<p>Ihonalaiset injektiot GS441524 Injektiopullojen asianmukainen s\u00e4ilytys Ruiskut ja neulat Neulamittakaavio Ruiskun valmistelu Vaiheittainen opas injektioiden antamiseen Injektiohaavat Tablettien tai tablettien antaminen<\/p>\n<p>&nbsp;<\/p>\n<p><strong>HOIDON EDISTYMISEN SEURANTA<\/strong><\/p>\n<p>FIP-hoito ja tarkkailujakso Mit\u00e4 sinun pit\u00e4isi seurata? Mit\u00e4 jos kissasi ei parane Mahdolliset syyt<\/p>\n<p>&nbsp;<\/p>\n<p><strong>MIT\u00c4 V\u00c4LTT\u00c4\u00c4 HOIDON AIKANA<\/strong><\/p>\n<p>Immunosuppressantit tai kortikosteroidit Antibiootit L\u00e4\u00e4kkeet, jotka voivat vaikuttaa keskushermostoon Kipul\u00e4\u00e4kkeet Lysiini<\/p>\n<p>&nbsp;<\/p>\n<p><strong>HY\u00d6DYLLISI\u00c4 ASIOITA HOIDON AIKANA<\/strong><\/p>\n<p>Effuusion hallinta<\/p>\n<p>Tukihoito, jotta kissa viihtyisi paremmin<\/p>\n<p>Toissijaisten infektioiden torjunta<\/p>\n<p>&nbsp;<\/p>\n<p><strong>MUUT L\u00c4\u00c4KKEET TAI TOIMENPITEET FIP-HOIDON AIKANA<\/strong><\/p>\n<p>Kastraatiokuurit Kirppu- ja punkkihoidot Kastraatio ja kastrointi Rokotukset Kuumeen alentaminen<\/p>\n<p>&nbsp;<\/p>\n<p><strong>FIP RELAPSE<\/strong><\/p>\n<p>Miksi FIP uusiutuu? Miten est\u00e4\u00e4 FIP:n uusiutuminen? Miten hoidetaan uusiutumista, jos se tapahtuu?<\/p>\n","protected":false},"excerpt":{"rendered":"<p class=\"p1\"><span class=\"s1\">154-sivuinen kattava opas FIP:st\u00e4 diagnoosista toipumiseen. Kaikki mit\u00e4 sinun tarvitsee tiet\u00e4\u00e4 FIP:st\u00e4 on t\u00e4ss\u00e4. <\/span><\/p>\n","protected":false},"featured_media":28347,"template":"","meta":{"_glsr_average":0,"_glsr_ranking":0,"_glsr_reviews":0},"product_cat":[1087],"product_tag":[1089,1088],"_links":{"self":[{"href":"https:\/\/fipmed.co\/fi\/wp-json\/wp\/v2\/product\/24279"}],"collection":[{"href":"https:\/\/fipmed.co\/fi\/wp-json\/wp\/v2\/product"}],"about":[{"href":"https:\/\/fipmed.co\/fi\/wp-json\/wp\/v2\/types\/product"}],"wp:featuredmedia":[{"embeddable":true,"href":"https:\/\/fipmed.co\/fi\/wp-json\/wp\/v2\/media\/28347"}],"wp:attachment":[{"href":"https:\/\/fipmed.co\/fi\/wp-json\/wp\/v2\/media?parent=24279"}],"wp:term":[{"taxonomy":"product_cat","embeddable":true,"href":"https:\/\/fipmed.co\/fi\/wp-json\/wp\/v2\/product_cat?post=24279"},{"taxonomy":"product_tag","embeddable":true,"href":"https:\/\/fipmed.co\/fi\/wp-json\/wp\/v2\/product_tag?post=24279"}],"curies":[{"name":"wp","href":"https:\/\/api.w.org\/{rel}","templated":true}]}}