{"id":27554,"date":"2024-12-19T13:19:45","date_gmt":"2024-12-19T13:19:45","guid":{"rendered":"https:\/\/fipmed.co\/product\/1x-bottle-fipmed-eidd2801-30x-capsules-for-5kg-cats\/"},"modified":"2024-12-19T13:19:45","modified_gmt":"2024-12-19T13:19:45","slug":"1x-bottle-fipmed-eidd2801-30x-capsules-for-5kg-cats","status":"publish","type":"product","link":"https:\/\/fipmed.co\/fi\/tuote\/1x-bottle-fipmed-eidd2801-30x-capsules-for-5kg-cats\/","title":{"rendered":"FIPMed EIDD2801 30x Kapselit (5kg kissat) Korkea myrkyllisyys. Vain GS441525-resistentit kissat."},"content":{"rendered":"<p>Tarjoamme FIPMed EIDD2801 -kapseleita kissoille, joille on kehittynyt resistenssi GS441524:lle eik\u00e4 se en\u00e4\u00e4 tehoa. Siin\u00e4 tapauksessa EIDD2801 voi olla viimeinen keino. Molnupiraviirilla (EIDD-2801) on korkea toksisuus, joten se ei sovellu FIP:n hoidossa tarvittavaan pitk\u00e4aikaiseen k\u00e4ytt\u00f6\u00f6n. Pitk\u00e4aikainen k\u00e4ytt\u00f6 voi johtaa RNA-mutaatioihin, mik\u00e4 lis\u00e4\u00e4 sy\u00f6p\u00e4riski\u00e4. <\/p>\n<p>Molnupiraviiri soveltuu vain COVID-19:n kaltaisiin lyhytaikaisiin hoitoihin, joissa viiden p\u00e4iv\u00e4n kuuri ei ole tarpeeksi pitk\u00e4 aiheuttamaan haitallisia mutageenisia vaikutuksia.<\/p>\n<p><strong>Molnupiraviirilla tai EIDD2801:ll\u00e4 hoidetuilla FIP-kissoilla saattaa olla suurempi mahdollisuus sairastua sy\u00f6p\u00e4\u00e4n 3 vuoden kuluessa. FIP:n hoitoa EIDD2801:ll\u00e4 ei suositella varsinkaan nuorille kissoille. <\/strong><\/p>\n<p>Se on vaihtoehto vain, jos kissasi ei en\u00e4\u00e4 reagoi GS441524-l\u00e4\u00e4kkeeseen.<\/p>\n<p>Miksi FIP-hoidon on kestett\u00e4v\u00e4 84 p\u00e4iv\u00e4\u00e4? FIPV-virus s\u00e4ilyy kissan elimist\u00f6ss\u00e4 jopa 90 p\u00e4iv\u00e4\u00e4. Antiviraaliset l\u00e4\u00e4kkeet, kuten GS-441524, Molnupiraviiri ja GC376, est\u00e4v\u00e4t viruksen lis\u00e4\u00e4ntymist\u00e4 sen sijaan, ett\u00e4 ne tappaisivat viruksen suoraan, joten meid\u00e4n on odotettava, ett\u00e4 virus kuolee luonnollisesti. T\u00e4ll\u00e4 hetkell\u00e4 markkinoilla ei ole l\u00e4\u00e4kett\u00e4, joka tappaisi viruksen onnistuneesti ja lyhent\u00e4isi hoitoaikaa.   <\/p>\n<p>&#8211; Suunta: 1 kapseli p\u00e4iv\u00e4ss\u00e4 &#8211; Jokainen kapseli sis\u00e4lt\u00e4\u00e4 100 mg molnupiraviiria (EIDD2801) 5 kg:n painoisille kissoille &#8211; Jokainen pullo sis\u00e4lt\u00e4\u00e4 30 kapselia.<\/p>\n<p><strong>Miten tunnistaa GS441524-nimell\u00e4 myyt\u00e4v\u00e4 EIDD2801?<\/strong><\/p>\n<p><span style=\"font-size: 12pt;\">&#8211; Jos hinta on paljon alhaisempi kuin GS441524:n alan standardit.<\/span><\/p>\n<p><span style=\"font-size: 12pt;\">&#8211; Jos sit\u00e4 myyd\u00e4\u00e4n kapseleina. Yksik\u00e4\u00e4n valmistaja ei valmista GS-441524:\u00e4\u00e4 kapseleina. Mutta kaikki EIDD2801-hoito valmistetaan kapselimuodossa.  <\/span><\/p>\n<p><span style=\"font-size: 12pt;\">&#8211; Jos annostus tai hoidon kesto poikkeaa tohtori Niels Pedersenin suosituksesta.<\/span><\/p>\n","protected":false},"excerpt":{"rendered":"<p>Tarjoamme FIPMed EIDD2801 -kapseleita kissoille, joille on kehittynyt resistenssi GS441524:lle eik\u00e4 se en\u00e4\u00e4 tehoa. Siin\u00e4 tapauksessa EIDD2801 voi olla viimeinen keino. Molnupiraviirilla (EIDD-2801) on korkea toksisuus, joten se ei sovellu FIP:n hoidossa tarvittavaan pitk\u00e4aikaiseen k\u00e4ytt\u00f6\u00f6n. Pitk\u00e4aikainen k\u00e4ytt\u00f6 voi johtaa RNA-mutaatioihin, mik\u00e4 lis\u00e4\u00e4 sy\u00f6p\u00e4riski\u00e4. <\/p>\n<p>Molnupiraviiri soveltuu vain COVID-19:n kaltaisiin lyhytaikaisiin hoitoihin, joissa viiden p\u00e4iv\u00e4n kuuri ei ole tarpeeksi pitk\u00e4 aiheuttamaan haitallisia mutageenisia vaikutuksia.<\/p>\n<p>Molnupiraviirilla tai EIDD2801:ll\u00e4 hoidetuilla FIP-kissoilla saattaa olla suurempi mahdollisuus sairastua sy\u00f6p\u00e4\u00e4n 3 vuoden kuluessa. FIP:n hoitoa EIDD2801:ll\u00e4 ei suositella varsinkaan nuorille kissoille. <\/p>\n<p>Se on vaihtoehto vain, jos kissasi ei en\u00e4\u00e4 reagoi GS441524-l\u00e4\u00e4kkeeseen.<\/p>\n<p>Miksi FIP-hoidon on kestett\u00e4v\u00e4 84 p\u00e4iv\u00e4\u00e4? FIPV-virus s\u00e4ilyy kissan elimist\u00f6ss\u00e4 jopa 90 p\u00e4iv\u00e4\u00e4. Antiviraaliset l\u00e4\u00e4kkeet, kuten GS-441524, Molnupiraviiri ja GC376, est\u00e4v\u00e4t viruksen lis\u00e4\u00e4ntymist\u00e4 sen sijaan, ett\u00e4 ne tappaisivat viruksen suoraan, joten meid\u00e4n on odotettava, ett\u00e4 virus kuolee luonnollisesti. T\u00e4ll\u00e4 hetkell\u00e4 markkinoilla ei ole l\u00e4\u00e4kett\u00e4, joka tappaisi viruksen onnistuneesti ja lyhent\u00e4isi hoitoaikaa.   <\/p>\n<p>&#8211; Suunta: 1 kapseli p\u00e4iv\u00e4ss\u00e4 &#8211; Jokainen kapseli sis\u00e4lt\u00e4\u00e4 100 mg molnupiraviiria (EIDD2801) 5 kg:n painoisille kissoille &#8211; Jokainen pullo sis\u00e4lt\u00e4\u00e4 30 kapselia.<\/p>\n","protected":false},"featured_media":27072,"template":"","meta":{"_glsr_average":0,"_glsr_ranking":0,"_glsr_reviews":0},"product_cat":[1160],"product_tag":[],"_links":{"self":[{"href":"https:\/\/fipmed.co\/fi\/wp-json\/wp\/v2\/product\/27554"}],"collection":[{"href":"https:\/\/fipmed.co\/fi\/wp-json\/wp\/v2\/product"}],"about":[{"href":"https:\/\/fipmed.co\/fi\/wp-json\/wp\/v2\/types\/product"}],"wp:featuredmedia":[{"embeddable":true,"href":"https:\/\/fipmed.co\/fi\/wp-json\/wp\/v2\/media\/27072"}],"wp:attachment":[{"href":"https:\/\/fipmed.co\/fi\/wp-json\/wp\/v2\/media?parent=27554"}],"wp:term":[{"taxonomy":"product_cat","embeddable":true,"href":"https:\/\/fipmed.co\/fi\/wp-json\/wp\/v2\/product_cat?post=27554"},{"taxonomy":"product_tag","embeddable":true,"href":"https:\/\/fipmed.co\/fi\/wp-json\/wp\/v2\/product_tag?post=27554"}],"curies":[{"name":"wp","href":"https:\/\/api.w.org\/{rel}","templated":true}]}}