{"id":14423,"date":"2023-11-20T03:02:35","date_gmt":"2023-11-20T03:02:35","guid":{"rendered":"https:\/\/fipmed.co\/fip-return-policy-2\/"},"modified":"2024-04-25T07:08:28","modified_gmt":"2024-04-25T07:08:28","slug":"politique-dannulation-du-fipmed","status":"publish","type":"page","link":"https:\/\/fipmed.co\/fr\/politique-dannulation-du-fipmed\/","title":{"rendered":"Politique d&rsquo;annulation du FIPMed"},"content":{"rendered":"\t\t<div data-elementor-type=\"wp-page\" data-elementor-id=\"14423\" class=\"elementor elementor-14423 elementor-14413\">\n\t\t\t\t\t\t<section class=\"elementor-section elementor-top-section elementor-element elementor-element-c3897a7 elementor-section-boxed elementor-section-height-default elementor-section-height-default\" data-id=\"c3897a7\" data-element_type=\"section\">\n\t\t\t\t\t\t<div class=\"elementor-container elementor-column-gap-default\">\n\t\t\t\t\t<div class=\"elementor-column elementor-col-100 elementor-top-column elementor-element elementor-element-32e3bf0\" data-id=\"32e3bf0\" data-element_type=\"column\">\n\t\t\t<div class=\"elementor-widget-wrap elementor-element-populated\">\n\t\t\t\t\t\t<div class=\"elementor-element elementor-element-c7b81b6 elementor-widget elementor-widget-text-editor\" data-id=\"c7b81b6\" data-element_type=\"widget\" data-widget_type=\"text-editor.default\">\n\t\t\t\t<div class=\"elementor-widget-container\">\n\t\t\t\t\t\t\t\t\t<p>Notre \u00e9quipe fait le maximum pour que votre commande soit exp\u00e9di\u00e9e le plus rapidement possible. Cela est d\u00fb au fait que tous nos produits sont sensibles au temps et que nous nous effor\u00e7ons de livrer nos clients le plus rapidement possible.<\/p>\n<p>Par cons\u00e9quent, toute annulation apr\u00e8s la commande perturbe gravement notre processus.<\/p>\n<p>Toutefois, nous comprenons que des circonstances puissent vous obliger \u00e0 annuler votre commande peu de temps apr\u00e8s l&rsquo;avoir pass\u00e9e. Pour couvrir les co\u00fbts administratifs li\u00e9s au traitement des annulations, nous avons mis en place la politique de frais d&rsquo;annulation suivante. Veuillez lire attentivement les d\u00e9tails ci-dessous :<\/p>\n<p><b>1. <\/b>Les clients peuvent demander une annulation dans un d\u00e9lai maximum de 3 heures \u00e0 partir du moment o\u00f9 ils ont pass\u00e9 leur commande. Les demandes d&rsquo;annulation re\u00e7ues apr\u00e8s ce d\u00e9lai ne pourront pas faire l&rsquo;objet d&rsquo;une proc\u00e9dure d&rsquo;annulation de commande de quelque nature que ce soit, mais seront soumises \u00e0 notre politique de remboursement.<\/p>\n<p><b>2. <\/b>Pour les annulations effectu\u00e9es dans le d\u00e9lai de 3 heures sp\u00e9cifi\u00e9, des frais d&rsquo;annulation de 50 USD seront appliqu\u00e9s pour couvrir les co\u00fbts de traitement et les frais administratifs associ\u00e9s au traitement de l&rsquo;annulation. Ces frais seront d\u00e9duits du montant total du remboursement de l&rsquo;annulation.<\/p>\n<p>3. Les frais d&rsquo;exp\u00e9dition et les produits num\u00e9riques ne sont pas remboursables et seront d\u00e9duits du montant du remboursement.<\/p>\n<p>4. Un montant de 30 USD sera \u00e9galement d\u00e9duit pour couvrir les frais de la passerelle de paiement qui nous ont d\u00e9j\u00e0 \u00e9t\u00e9 factur\u00e9s.&nbsp;<\/p>\n<p><b>5. <\/b>Pour proc\u00e9der \u00e0 une annulation, veuillez contacter notre \u00e9quipe d&rsquo;assistance \u00e0 la client\u00e8le d\u00e8s que possible dans le d\u00e9lai de 3 heures. Vous pouvez contacter notre service client\u00e8le en r\u00e9pondant \u00e0 l&rsquo;e-mail de confirmation de votre commande.<\/p>\n<p><strong>6.&nbsp;<\/strong> D\u00e8s l&rsquo;approbation de la demande d&rsquo;annulation, le remboursement sera effectu\u00e9 rapidement et le montant rembours\u00e9 sur le mode de paiement initial. Veuillez compter jusqu&rsquo;\u00e0 14 jours ouvrables pour que le remboursement apparaisse sur votre compte.<\/p>\n<p>En passant une commande, vous reconnaissez avoir lu, compris et accept\u00e9 notre politique en mati\u00e8re de frais d&rsquo;annulation.<\/p>\n<p>Si vous avez des questions ou des inqui\u00e9tudes concernant notre politique de frais d&rsquo;annulation, n&rsquo;h\u00e9sitez pas \u00e0 contacter notre \u00e9quipe d&rsquo;assistance \u00e0 la client\u00e8le pour obtenir de l&rsquo;aide.<\/p>\n<p>Merci d&rsquo;avoir choisi Fipmed.co. Nous vous remercions de votre compr\u00e9hension et de votre coop\u00e9ration. Tous nos v\u0153ux de r\u00e9ussite dans votre lutte contre la PIF.&nbsp;<\/p>\t\t\t\t\t\t\t\t<\/div>\n\t\t\t\t<\/div>\n\t\t\t\t\t<\/div>\n\t\t<\/div>\n\t\t\t\t\t<\/div>\n\t\t<\/section>\n\t\t\t\t<\/div>\n\t\t","protected":false},"excerpt":{"rendered":"<p>Notre \u00e9quipe fait le maximum pour que votre commande soit exp\u00e9di\u00e9e le plus rapidement possible. Cela est d\u00fb au fait que tous nos produits sont sensibles au temps et que nous nous effor\u00e7ons de livrer nos clients le plus rapidement possible. Par cons\u00e9quent, toute annulation apr\u00e8s la commande perturbe gravement notre processus. Toutefois, nous comprenons [&hellip;]<\/p>\n","protected":false},"author":1,"featured_media":0,"parent":0,"menu_order":0,"comment_status":"closed","ping_status":"closed","template":"","meta":{"_glsr_average":0,"_glsr_ranking":0,"_glsr_reviews":0,"footnotes":""},"categories":[],"tags":[],"_links":{"self":[{"href":"https:\/\/fipmed.co\/fr\/wp-json\/wp\/v2\/pages\/14423"}],"collection":[{"href":"https:\/\/fipmed.co\/fr\/wp-json\/wp\/v2\/pages"}],"about":[{"href":"https:\/\/fipmed.co\/fr\/wp-json\/wp\/v2\/types\/page"}],"author":[{"embeddable":true,"href":"https:\/\/fipmed.co\/fr\/wp-json\/wp\/v2\/users\/1"}],"replies":[{"embeddable":true,"href":"https:\/\/fipmed.co\/fr\/wp-json\/wp\/v2\/comments?post=14423"}],"version-history":[{"count":0,"href":"https:\/\/fipmed.co\/fr\/wp-json\/wp\/v2\/pages\/14423\/revisions"}],"wp:attachment":[{"href":"https:\/\/fipmed.co\/fr\/wp-json\/wp\/v2\/media?parent=14423"}],"wp:term":[{"taxonomy":"category","embeddable":true,"href":"https:\/\/fipmed.co\/fr\/wp-json\/wp\/v2\/categories?post=14423"},{"taxonomy":"post_tag","embeddable":true,"href":"https:\/\/fipmed.co\/fr\/wp-json\/wp\/v2\/tags?post=14423"}],"curies":[{"name":"wp","href":"https:\/\/api.w.org\/{rel}","templated":true}]}}