{"id":15212,"date":"2022-12-02T08:18:10","date_gmt":"2022-12-02T08:18:10","guid":{"rendered":"https:\/\/fipmed.co\/les-vitamines-b12-pour-les-chats-atteints-de-pif-sont-importantes-pour-la-guerison\/"},"modified":"2024-02-17T07:58:06","modified_gmt":"2024-02-17T07:58:06","slug":"les-vitamines-b12-pour-les-chats-atteints-de-pif-sont-importantes-pour-la-guerison","status":"publish","type":"page","link":"https:\/\/fipmed.co\/fr\/les-vitamines-b12-pour-les-chats-atteints-de-pif-sont-importantes-pour-la-guerison\/","title":{"rendered":"Les vitamines B12 pour les chats atteints de PIF sont importantes pour la gu\u00e9rison"},"content":{"rendered":"<p>Lorsqu&rsquo;on s&rsquo;occupe <a href=\"\/?page_id=15224\" target=\"_blank\" rel=\"noopener\">d&rsquo;un chat<\/a> atteint de p\u00e9ritonite infectieuse f\u00e9line (PIF), il est tr\u00e8s important de veiller \u00e0 sa sant\u00e9. Cela nous am\u00e8ne aux vitamines pour chats, et une vitamine importante que les chats poss\u00e8dent \u00e9galement est la vitamine B12. Dans cet article, nous allons expliquer l&rsquo;importance de la vitamines B12 pour les chats.<\/p>\n<h2><strong>Qu&rsquo;est-ce que la B12 ?<\/strong><\/h2>\n<p>La cobalamine est un autre terme pour la vitamine B12, qui est le nom collectif d&rsquo;une classe de substances ayant une action sur la vitamine B12. Ces substances se distinguent par leur concentration en cobalt de 4,5 %, ce qui leur a valu le nom de \u00ab\u00a0cobalamine\u00a0\u00bb (cobalt + vitamine).<\/p>\n<h2><strong>D&rsquo;o\u00f9 vient-il ?<\/strong><\/h2>\n<p>Les aliments d&rsquo;origine animale, tels que la viande, le poisson, les \u0153ufs et le foie, sont des sources de B12. Cependant, un <a href=\"\/?p=893\">chat atteint de PIF a probablement besoin de suppl\u00e9ments<\/a>.<\/p>\n<h2><strong>Que fait la B12 ?<\/strong><\/h2>\n<p>La B12 a plusieurs fonctions, toutes cruciales pour un syst\u00e8me immunitaire fort :<\/p>\n<ul>\n<li>La B12 favorise la production de globules rouges (d\u00e9veloppement et entretien des globules rouges). Pour mettre fin \u00e0 l&rsquo;an\u00e9mie, les niveaux de B12 doivent \u00eatre ad\u00e9quats.<\/li>\n<li>La B12 pr\u00e9serve la sant\u00e9 du syst\u00e8me nerveux (cellules nerveuses et my\u00e9linisation normale &#8211; les gaines graisseuses qui recouvrent et prot\u00e8gent les terminaisons nerveuses). Elle est cruciale pour les processus nerveux et cognitifs.<\/li>\n<li>La B12 pr\u00e9serve la sant\u00e9 des intestins afin d&rsquo;assurer une digestion et une absorption ad\u00e9quates des aliments ainsi que le m\u00e9tabolisme des graisses et des glucides. Les intestins ont besoin de B12 pour fonctionner au mieux, mais ils ne peuvent pas l&rsquo;absorber (\u00e0 partir de la nourriture) s&rsquo;ils sont endommag\u00e9s ou malades, ce qui cr\u00e9e une sorte d&rsquo;impasse.<\/li>\n<\/ul>\n<h2><strong>Quels sont les signes d&rsquo;une carence en B12 ?<\/strong><\/h2>\n<p>Les sympt\u00f4mes cliniques d&rsquo;une carence en B12 sont les suivants : diarrh\u00e9e, g\u00eane abdominale, naus\u00e9es, vomissements, perte d&rsquo;app\u00e9tit, syndrome de malabsorption, constipation, gaz, perte de poids, \u00e9puisement et l\u00e9thargie. Certains des sympt\u00f4mes \u00e9num\u00e9r\u00e9s ici sont des effets secondaires assez courants de la PIF et sont tr\u00e8s bien connus. La sant\u00e9 de votre chat peut \u00eatre am\u00e9lior\u00e9e s&rsquo;il consomme suffisamment de B12.<\/p>\n<p>En outre, les troubles cognitifs et la faiblesse des membres sont li\u00e9s \u00e0 l&rsquo;insuffisance de B12. L\u00e0 encore, lorsque la PIF affecte le syst\u00e8me neurologique, des sympt\u00f4mes similaires sont g\u00e9n\u00e9ralement observ\u00e9s.<\/p>\n<ol>\n<li><strong>Le cycle de l&rsquo;\u00e9puisement.<\/strong><\/li>\n<\/ol>\n<p>Le tractus gastro-intestinal est l&rsquo;un des nombreux processus de l&rsquo;organisme qui est affect\u00e9 par la maladie inflammatoire qu&rsquo;est la PIF. Le pancr\u00e9as, la rate et le foie sont souvent touch\u00e9s. Les r\u00e9serves de B12 du foie seront rapidement \u00e9puis\u00e9es si votre syst\u00e8me immunitaire est compromis. Un cycle de d\u00e9t\u00e9rioration de la carence en B12 r\u00e9sulte d&rsquo;un manque de B12 dans le foie, qui provoque \u00e9galement un r\u00e9tr\u00e9cissement des cellules intestinales et une perte de nutriments (y compris la B12 elle-m\u00eame). C&rsquo;est le dilemme que nous avons \u00e9voqu\u00e9 pr\u00e9c\u00e9demment.<\/p>\n<ol start=\"2\">\n<li><strong>Le risque imminent d&rsquo;an\u00e9mie.<\/strong><\/li>\n<\/ol>\n<p>La production de globules rouges de votre chat est entrav\u00e9e, ce qui provoque une an\u00e9mie. Le manque de B12 inhibe et r\u00e9duit la capacit\u00e9 de l&rsquo;organisme \u00e0 produire du sang et augmente l&rsquo;apoptose des cellules sanguines. En d&rsquo;autres termes, votre chat devient an\u00e9mique lorsque les niveaux de B12 chutent. La capacit\u00e9 de votre chat \u00e0 r\u00e9sister \u00e0 la maladie (ou \u00e0 toute autre chose) diminue consid\u00e9rablement lorsqu&rsquo;il devient an\u00e9mique.<\/p>\n<ol start=\"3\">\n<li><strong>Affaiblissement suppl\u00e9mentaire de la r\u00e9sistance immunitaire contre la PIF.<\/strong><\/li>\n<\/ol>\n<p>Il est essentiel de souligner qu&rsquo;un faible taux de vitamine B12 rend les personnes plus sensibles aux infections et aux maladies et qu&rsquo;il est tr\u00e8s mauvais pour le syst\u00e8me nerveux, ce qui peut entra\u00eener des probl\u00e8mes neurologiques et des l\u00e9sions nerveuses graves, voire irr\u00e9versibles. En r\u00e9alit\u00e9, la carence en cobalamine est une cause fr\u00e9quente d&rsquo;enc\u00e9phalopathie m\u00e9tabolique, l&rsquo;un des nombreux types d&rsquo;enc\u00e9phalopathie li\u00e9s \u00e0 une maladie primaire (telle que la PIF) qui alt\u00e8re les processus de la barri\u00e8re h\u00e9mato-enc\u00e9phalique et le fonctionnement normal du cerveau. L\u00e9thargie, tristesse, ataxie, anorexie et vomissements occasionnels sont quelques-uns des signes cliniques vagues qui, dans des situations graves, peuvent provoquer des maladies neurologiques et la c\u00e9cit\u00e9 chez les chats.<\/p>\n<p>Il <a href=\"\/?page_id=15216\" target=\"_blank\" rel=\"noopener\">est commun\u00e9ment admis que les chats atteints de PIF<\/a> souffrent souvent d&rsquo;an\u00e9mie ou sont sur le point d&rsquo;en souffrir, et que certains pr\u00e9sentent des sympt\u00f4mes neurologiques de la maladie. Un autre \u00e9l\u00e9ment de l&rsquo;impasse est que votre chat peut \u00eatre moins capable de stocker des quantit\u00e9s suffisantes de B12 \u00e0 la suite de la PIF, ce qui pourrait aggraver les sympt\u00f4mes de la maladie. Si vous n&rsquo;arr\u00eatez pas ce cycle et n&rsquo;ajoutez pas les vitamines essentielles, vous ne pourrez pas gagner.<\/p>\n<h2><strong>Moyens pour le chat d&rsquo;obtenir artificiellement de la B12<\/strong><\/h2>\n<p><strong>Injections de B12.<\/strong><\/p>\n<p>Dans la plupart des pays, la cobalamine est facilement accessible sans ordonnance. Pour les chats pesant jusqu&rsquo;\u00e0 5 kg, une injection sous-cutan\u00e9e de 250 g de cobalamine est conseill\u00e9e. Nous conseillons des injections hebdomadaires pour les chats atteints de PIF jusqu&rsquo;\u00e0 ce que l&rsquo;an\u00e9mie disparaisse et que les valeurs des globules rouges se stabilisent. En outre, la B12 peut \u00eatre administr\u00e9e par voie sous-cutan\u00e9e. Votre chat peut trouver cette proc\u00e9dure plus confortable car les injections de B12 sont douloureuses !<\/p>\n<p><strong>Suppl\u00e9ments oraux de B12.<\/strong><\/p>\n<p>La m\u00e9thylcobalamine doit \u00eatre prise car elle am\u00e9liore consid\u00e9rablement les performances du foie. Les chats peuvent prendre des suppl\u00e9ments de B12 commercialis\u00e9s pour les humains. 500 mcg (0,5 mg) par jour est une excellente dose de d\u00e9part, mais vous pouvez doubler cette dose. Bien que cela puisse sembler \u00e9lev\u00e9, seule une petite partie est en fait absorb\u00e9e. Pensez \u00e0 prendre un compl\u00e9ment multivitamin\u00e9 con\u00e7u pour les chats et contenant \u00e9galement du fer (pour l&rsquo;an\u00e9mie).<\/p>\n<p><strong>La nutrition.<\/strong><\/p>\n<p>Ne sous-estimez pas les sources naturelles de B12 ; si vous le pouvez, donnez \u00e0 votre chat environ une cuiller\u00e9e de viande fra\u00eeche, de foie ou de poisson chaque jour. Les snacks peuvent m\u00eame \u00eatre appr\u00e9ci\u00e9s par votre chat, et un peu suffit.<\/p>\n<h2><strong>Avantages de la B12 : vitamines pour chats<\/strong><\/h2>\n<p>La B12 contribue \u00e0 la formation des globules rouges (d\u00e9veloppement et entretien des globules rouges).<\/p>\n<p>Pour mettre fin \u00e0 l&rsquo;an\u00e9mie, les niveaux de B12 doivent \u00eatre ad\u00e9quats.<\/p>\n<p>La B12 pr\u00e9serve la sant\u00e9 du syst\u00e8me neurologique (cellules nerveuses et my\u00e9linisation normale &#8211; les gaines graisseuses qui recouvrent et prot\u00e8gent les terminaisons nerveuses).<\/p>\n<p>Elle est cruciale pour les processus nerveux et cognitifs.<\/p>\n<p>La B12 favorise la sant\u00e9 de l&rsquo;intestin pour une meilleure digestion et absorption des aliments ainsi que le m\u00e9tabolisme des graisses et des glucides.<\/p>\n<h2><strong>10 signes de carence en B12<\/strong><\/h2>\n<ol>\n<li>Naus\u00e9es<\/li>\n<li>Vomissements<\/li>\n<li>Manque d&rsquo;app\u00e9tit<\/li>\n<li>Probl\u00e8mes d&rsquo;absorption des aliments<\/li>\n<li>Constipation<\/li>\n<li>Gaz<\/li>\n<li>Perte de poids<\/li>\n<li>Fatigue\/ l\u00e9thargie<\/li>\n<li>Douleurs d&rsquo;estomac<\/li>\n<li>Diarrh\u00e9e<\/li>\n<\/ol>\n<h2><strong>Dosage des vitamines pour chats B12 pendant le traitement de la PIF<\/strong><\/h2>\n<p>Chaque semaine, jusqu&rsquo;\u00e0 250-500 microgrammes (mcg) pour les chats adultes qui ne sont pas an\u00e9miques.<\/p>\n<p>Pour conna\u00eetre le bon dosage pour les chatons, veuillez consulter votre v\u00e9t\u00e9rinaire.<\/p>\n<p>Il peut \u00eatre n\u00e9cessaire d&rsquo;administrer aux chats souffrant d&rsquo;an\u00e9mie s\u00e9v\u00e8re jusqu&rsquo;\u00e0 1000 mcg par semaine. Le <a href=\"\/?page_id=6887\" target=\"_blank\" rel=\"noopener\">GS-441524<\/a> associ\u00e9 \u00e0 la vitamine B12 seule pourrait ne pas \u00eatre suffisant en cas d&rsquo;an\u00e9mie s\u00e9v\u00e8re. Il pourrait \u00eatre essentiel d&rsquo;administrer des injections hebdomadaires suppl\u00e9mentaires de B12. Parlez-en \u00e0 votre v\u00e9t\u00e9rinaire.<\/p>\n<h2><strong>Calcul de la posologie lors de l&rsquo;utilisation de GS-441524 + B12<\/strong><\/h2>\n<p>Avec ou sans vitamine B12, le dosage du GS-441524 est le m\u00eame.<\/p>\n<p><strong>Exemple : Un chat de 3 kg chez qui on a diagnostiqu\u00e9 la <a href=\"\/?p=897\">forme humide<\/a> de la PIF. <\/strong><\/p>\n<p>La dose pour la PIF sous sa forme humide est de 6 mg\/kg. L&rsquo;injection quotidienne de 0,9 ml de GS-441524 \u00e9quivaut \u00e0 3 kg x 6 mg\/kg 20 mg\/ml. La dose journali\u00e8re recommand\u00e9e de vitamine B12 est de 45 mcg (0,9 ml x 50 mcg\/ml). Ce chat recevra 315 mcg de vitamine B12 par semaine.<\/p>\n<h2><strong>Pourquoi les chats atteints de PIF ont-ils besoin de vitamine B12 ? <\/strong><\/h2>\n<p><strong>Risque \u00e9lev\u00e9 d&rsquo;an\u00e9mie.<\/strong><\/p>\n<p>Au cours de la PIF, les chats d\u00e9veloppent souvent une an\u00e9mie. Une carence en B12 acc\u00e9l\u00e8re la d\u00e9t\u00e9rioration des cellules sanguines et limite la capacit\u00e9 naturelle de l&rsquo;organisme \u00e0 cr\u00e9er du sang neuf. Les chats qui ont un faible taux de B12 deviennent an\u00e9miques. La capacit\u00e9 des chats \u00e0 r\u00e9sister au virus de la PIF et \u00e0 d&rsquo;autres infections est consid\u00e9rablement r\u00e9duite lorsqu&rsquo;ils deviennent an\u00e9miques.<\/p>\n<p><strong>Syst\u00e8me immunitaire affaibli.<\/strong><\/p>\n<p>Des niveaux inad\u00e9quats de B12 augmentent la vuln\u00e9rabilit\u00e9 de l&rsquo;organisme aux infections et aux maladies et sont particuli\u00e8rement pr\u00e9judiciables au syst\u00e8me nerveux des chats. Les sympt\u00f4mes neurologiques se manifestent alors plus rapidement et peuvent entra\u00eener des l\u00e9sions nerveuses graves ou irr\u00e9parables. Une maladie primaire (comme la PIF) qui interf\u00e8re avec le fonctionnement normal du cerveau et les syst\u00e8mes de barri\u00e8re h\u00e9mato-enc\u00e9phalique est une cause fr\u00e9quente d&rsquo;enc\u00e9phalopathie, qui comprend l&rsquo;enc\u00e9phalopathie m\u00e9tabolique, l&rsquo;un des nombreux types d&rsquo;enc\u00e9phalopathie. La carence en B12 est une cause majeure de cette enc\u00e9phalopathie. L\u00e9thargie, tristesse, ataxie, anorexie et vomissements occasionnels sont quelques-uns des signes cliniques vagues qui, dans des situations graves, peuvent provoquer des maladies neurologiques et la c\u00e9cit\u00e9 chez les chats.<\/p>\n<p>Il est bien \u00e9tabli que les chats infect\u00e9s par le FIPV pr\u00e9sentent fr\u00e9quemment une an\u00e9mie ou des sympt\u00f4mes similaires \u00e0 l&rsquo;an\u00e9mie. De nombreuses personnes pr\u00e9sentent des signes neurologiques. Il s&rsquo;agit d&rsquo;un exemple de boucle de r\u00e9troaction n\u00e9gative classique : L&rsquo;infection par la PIF se d\u00e9veloppe plus rapidement lorsque les niveaux de B12 sont inad\u00e9quats. La PIF emp\u00eache les chats de maintenir une quantit\u00e9 suffisante de B12 dans leur organisme.<\/p>\n<p><strong>\u00c9puisement rapide des nutriments<\/strong><\/p>\n<p>La PIF \u00e9tant une maladie inflammatoire, elle peut endommager le foie, le tractus gastro-intestinal, le pancr\u00e9as et la rate lorsqu&rsquo;elle est diagnostiqu\u00e9e chez un chat. Le foie \u00e9puise rapidement ses r\u00e9serves de B12 lorsque le syst\u00e8me immunitaire est affaibli. Lorsque les niveaux de B12 dans le foie sont bas, les cellules intestinales r\u00e9tr\u00e9cissent et le corps a du mal \u00e0 absorber les nutriments. Cela d\u00e9clenche une boucle qui aggrave la p\u00e9nurie de B12.<\/p>\n<h2><strong>QUESTIONS FR\u00c9QUEMMENT POS\u00c9ES<\/strong><\/h2>\n<p><strong>Comment la B12 peut-elle am\u00e9liorer le bien-\u00eatre g\u00e9n\u00e9ral de mon chat ?<\/strong><\/p>\n<p>Des tests h\u00e9matologiques, chimiques et\/ou sanguins peuvent \u00eatre utilis\u00e9s pour \u00e9valuer l&rsquo;\u00e9tat de sant\u00e9 de votre chat. Cependant, vous devriez observer des changements dans le comportement habituel de votre chat, comme une plus grande vigueur, moins de tendances l\u00e9thargiques et une plus grande faim. Il est essentiel de garder \u00e0 l&rsquo;esprit que les chats ne peuvent pas comprendre leur maladie ou les raisons de celle-ci. Tout ce dont ils sont conscients, c&rsquo;est d&rsquo;un sentiment g\u00e9n\u00e9ralis\u00e9 d&rsquo;\u00eatre malades. Leur traitement peut b\u00e9n\u00e9ficier de l&rsquo;utilisation de la B12 afin de r\u00e9duire leurs souffrances et d&rsquo;am\u00e9liorer leur qualit\u00e9 de vie.<\/p>\n<p><strong>La B12 peut-elle aider \u00e0 gu\u00e9rir la PIF ?<\/strong><\/p>\n<p>Non. Il n&rsquo;y en a pas. La B12 n&rsquo;est PAS un <a href=\"https:\/\/fipmed.co\/\">traitement contre la PIF<\/a>. Mais il aide le syst\u00e8me immunitaire de votre chat \u00e0 accomplir des t\u00e2ches vitales. Vous avez besoin de toute l&rsquo;aide possible pour donner \u00e0 votre chat une chance de combattre le virus. Si vous ne prenez pas toutes les pr\u00e9cautions n\u00e9cessaires pour augmenter vos chances de r\u00e9ussite, vous ne pouvez pas esp\u00e9rer atteindre vos objectifs avec le traitement primaire.<\/p>\n<p>En conclusion, la gestion des PIF ne se limite pas \u00e0 la fourniture d&rsquo;un traitement primaire, tel que PI, FOI, etc. En tant que gardien du chat, il est de votre responsabilit\u00e9 de maintenir et d&rsquo;am\u00e9liorer le syst\u00e8me immunitaire afin de donner \u00e0 votre chat les meilleures chances de survie. Ce n&rsquo;est pas une t\u00e2che facile compte tenu de la taille et de la gravit\u00e9 de la PIF. Tout ce que nous, les propri\u00e9taires, pouvons faire, c&rsquo;est utiliser toutes les armes \u00e0 notre disposition pour nous battre aussi longtemps et aussi fort que possible. Dans ce conflit, chaque avantage compte, et la B12 est une arme cruciale. On ne sait jamais quelle action apparemment insignifiante mais finalement importante pourrait finalement faire une diff\u00e9rence substantielle. Donnez \u00e0 votre chat une chance de r\u00e9ussir.<\/p>\n<p><strong>Pourquoi un chaton peut-il avoir besoin d&rsquo;une injection de B12 ?<\/strong><\/p>\n<p>La vitamine B12 est ing\u00e9r\u00e9e naturellement par les chats dans leur alimentation. Malheureusement, de nombreux chatons ont des difficult\u00e9s \u00e0 absorber correctement les nutriments dans l&rsquo;intestin et peuvent rapidement pr\u00e9senter une carence en B12. Pour cette raison, les chatons ne peuvent pas b\u00e9n\u00e9ficier de suppl\u00e9ments oraux ; \u00e0 la place, une vitamine injectable sera un moyen plus fiable de garantir cela.<\/p>\n<p>Une injection de vitamine B12 peut \u00eatre b\u00e9n\u00e9fique pour les chatons souffrant des affections \u00e9num\u00e9r\u00e9es ci-dessous, dans le cadre de leur r\u00e9gime de soins de soutien :<\/p>\n<ul>\n<li>G\u00eane abdominale<\/li>\n<li>Malabsorption<\/li>\n<li>Inapp\u00e9tence<\/li>\n<li>Diarrh\u00e9e<\/li>\n<li>Constipation<\/li>\n<li>\u00c9tat l\u00e9thargique<\/li>\n<li>Perte de poids<\/li>\n<li>Vomissements<\/li>\n<li>An\u00e9mie<\/li>\n<li>PIF<\/li>\n<li>Panleucop\u00e9nie<\/li>\n<\/ul>\n<p>Bien que la B12 ne puisse pas r\u00e9soudre ces probl\u00e8mes \u00e0 elle seule, elle peut aider \u00e0 maintenir les syst\u00e8mes immunologique et digestif du chaton pendant le traitement et la convalescence.<\/p>\n<p><strong>Fournitures n\u00e9cessaires<\/strong><\/p>\n<ul>\n<li>B12 injectable fournie par le v\u00e9t\u00e9rinaire<\/li>\n<li>Seringue Sterilez 1cc<\/li>\n<li>Aiguilles de 25 g<\/li>\n<li>Distributeur d&rsquo;objets tranchants<\/li>\n<\/ul>\n<p>M\u00eame si la B12 n&rsquo;aide pas directement un chat \u00e0 gu\u00e9rir de sa PIF, elle peut l&rsquo;aider en soutenant son syst\u00e8me immunitaire et peut indirectement l&rsquo;aider \u00e0 se remettre de son \u00e9tat maladif. Les propri\u00e9taires de chats devraient donc \u00eatre plus nombreux \u00e0 conna\u00eetre cette information et \u00e0 donner fr\u00e9quemment de la B12 \u00e0 leurs chats pour am\u00e9liorer leur \u00e9tat, qu&rsquo;ils soient en bonne sant\u00e9 ou malades.<\/p>\n","protected":false},"excerpt":{"rendered":"<p>Lorsqu&rsquo;on s&rsquo;occupe d&rsquo;un chat atteint de p\u00e9ritonite infectieuse f\u00e9line (PIF), il est tr\u00e8s important de veiller \u00e0 sa sant\u00e9. Cela nous am\u00e8ne aux vitamines pour chats, et une vitamine importante que les chats poss\u00e8dent \u00e9galement est la vitamine B12. Dans cet article, nous allons expliquer l&rsquo;importance de la vitamines B12 pour les chats. Qu&rsquo;est-ce que [&hellip;]<\/p>\n","protected":false},"author":11,"featured_media":2447,"parent":0,"menu_order":0,"comment_status":"closed","ping_status":"closed","template":"","meta":{"_glsr_average":0,"_glsr_ranking":0,"_glsr_reviews":0,"footnotes":""},"categories":[648],"tags":[443,543,541,542,540],"_links":{"self":[{"href":"https:\/\/fipmed.co\/fr\/wp-json\/wp\/v2\/pages\/15212"}],"collection":[{"href":"https:\/\/fipmed.co\/fr\/wp-json\/wp\/v2\/pages"}],"about":[{"href":"https:\/\/fipmed.co\/fr\/wp-json\/wp\/v2\/types\/page"}],"author":[{"embeddable":true,"href":"https:\/\/fipmed.co\/fr\/wp-json\/wp\/v2\/users\/11"}],"replies":[{"embeddable":true,"href":"https:\/\/fipmed.co\/fr\/wp-json\/wp\/v2\/comments?post=15212"}],"version-history":[{"count":0,"href":"https:\/\/fipmed.co\/fr\/wp-json\/wp\/v2\/pages\/15212\/revisions"}],"wp:featuredmedia":[{"embeddable":true,"href":"https:\/\/fipmed.co\/fr\/wp-json\/wp\/v2\/media\/2447"}],"wp:attachment":[{"href":"https:\/\/fipmed.co\/fr\/wp-json\/wp\/v2\/media?parent=15212"}],"wp:term":[{"taxonomy":"category","embeddable":true,"href":"https:\/\/fipmed.co\/fr\/wp-json\/wp\/v2\/categories?post=15212"},{"taxonomy":"post_tag","embeddable":true,"href":"https:\/\/fipmed.co\/fr\/wp-json\/wp\/v2\/tags?post=15212"}],"curies":[{"name":"wp","href":"https:\/\/api.w.org\/{rel}","templated":true}]}}