{"id":15214,"date":"2022-12-02T08:05:01","date_gmt":"2022-12-02T08:05:01","guid":{"rendered":"https:\/\/fipmed.co\/traitement-de-la-pif-chez-le-chat-les-progres-de-la-medecine-pour-la-pif-sauvent-des-chats\/"},"modified":"2024-04-23T09:33:07","modified_gmt":"2024-04-23T09:33:07","slug":"chat-sauve-de-la-pif-les-progres-de-la-medecine-pour-la-pif-sauvent-des-chats","status":"publish","type":"page","link":"https:\/\/fipmed.co\/fr\/chat-sauve-de-la-pif-les-progres-de-la-medecine-pour-la-pif-sauvent-des-chats\/","title":{"rendered":"Chat sauv\u00e9 de la PIF: Les progr\u00e8s de la m\u00e9decine pour la PIF sauvent des chats"},"content":{"rendered":"<p>Les progr\u00e8s de la m\u00e9decine ont permis de chat sauv\u00e9 de la PIF, mais le GS441524 reste la meilleure option.<\/p>\n<p>Un traitement \u00e9prouv\u00e9 contre la PIF est d\u00e9j\u00e0 disponible pour les chats. Cependant, en raison d&rsquo;un manque de motivation financi\u00e8re, il n&rsquo;existe actuellement aucun m\u00e9dicament r\u00e9pertori\u00e9 pour la PIF chez les chats qui ait \u00e9t\u00e9 officiellement approuv\u00e9. Un traitement de soutien peut soulager l&rsquo;inconfort mais n&rsquo;augmentera pas le taux de survie, comme les m\u00e9dicaments anti-inflammatoires et le drainage des fluides de la poitrine et de l&rsquo;abdomen. L&rsquo;euthanasie a \u00e9t\u00e9 la meilleure option dans le pass\u00e9, \u00e9tant donn\u00e9 le taux de mortalit\u00e9 rapide et \u00e9lev\u00e9 de la maladie, mais aujourd&rsquo;hui, un traitement peut \u00eatre fourni avec un taux de r\u00e9ussite \u00e9lev\u00e9.<\/p>\n<p>Quelques m\u00e9dicaments exp\u00e9rimentaux sont actuellement \u00e0 l&rsquo;\u00e9tude, notamment le GS441524, le GC376, le CL-Pro et le Remdesivir. Ces m\u00e9dicaments ne sont actuellement pas l\u00e9galement accessibles pour une utilisation clinique chez les chats.<\/p>\n<h2><\/h2>\n<p><strong>ANTIVIRAUX (inhibiteurs de prot\u00e9ase, inhibiteurs de polym\u00e9rase, analogues de nucl\u00e9oside)<\/strong><\/p>\n<p>Les seuls traitements qui donnent aujourd&rsquo;hui de l&rsquo;espoir aux chats atteints de PIF sont le GS441524, un analogue nucl\u00e9osidique, et le GC376, un inhibiteur de prot\u00e9ase.<\/p>\n<p>Le GS441524 reste la meilleure option pour traiter la PIF en raison de son taux de rechute inf\u00e9rieur \u00e0 celui du GC376. Il agit \u00e9galement plus rapidement que le Remdesivir. En fait, le Remdesivir est un pr\u00e9curseur du GS441524, de sorte qu&rsquo;il faut une \u00e9tape suppl\u00e9mentaire pour que le Remdesivir soit converti en GS441524 pour qu&rsquo;il fonctionne.<\/p>\n<p>&nbsp;<\/p>\n<p><strong>GS-441524<\/strong><\/p>\n<p>Il a \u00e9t\u00e9 prouv\u00e9 que ce m\u00e9dicament est efficace dans de nombreuses situations. Son obtention a \u00e9t\u00e9 difficile. Le remdesivir, comme indiqu\u00e9 pr\u00e9c\u00e9demment, est le protide ou prodrogue que l&rsquo;organisme transforme ensuite en GS-441524. L&rsquo;administration du m\u00e9dicament sous forme de protide ou de prom\u00e9dicament permet de l&rsquo;introduire dans les cellules du syst\u00e8me immunitaire qui contiennent des coronavirus immunosuppresseurs. Dans certains tests de m\u00e9dicaments sur les chats, le GS-441524 a \u00e9t\u00e9 administr\u00e9 dans sa formulation originale sans que l&rsquo;on puisse observer de taux de gu\u00e9rison de la PIF.<\/p>\n<p>&nbsp;<\/p>\n<p>Le GS441524 reste actuellement notre meilleure option de traitement. Toutefois, en raison du co\u00fbt \u00e9lev\u00e9 et du manque d&rsquo;acc\u00e8s \u00e0 ce m\u00e9dicament, les propri\u00e9taires de chats devraient davantage s&rsquo;efforcer d&#8217;emp\u00eacher leur chat d&rsquo;attraper la maladie.<\/p>\n<p>&nbsp;<\/p>\n<p><strong>GC376<\/strong><\/p>\n<p>Le GC376 peut \u00eatre consid\u00e9r\u00e9 comme un m\u00e9dicament antiviral \u00e0 large spectre qui inhibe la <sup>Mpro<\/sup> de plusieurs virus, y compris les coronavirus comme le FCoV, le virus de la diarrh\u00e9e \u00e9pid\u00e9mique porcine (PEDV), le SARS-CoV, le MERS-CoV, le SARS-CoV-2, le coronavirus du furet et du vison. Le GC376 est le prom\u00e9dicament du GC373, un autre inhibiteur de prot\u00e9ase \u00e0 base de dipeptides.<\/p>\n<p>Le traitement de la PIF chez les chats avec le GC376 a \u00e9t\u00e9 associ\u00e9 \u00e0 des effets secondaires tels que des picotements transitoires aux points d&rsquo;injection, une fibrose sous-cutan\u00e9e, une perte de poils et une \u00e9ruption anormale des dents permanentes chez les chats juv\u00e9niles<span class=\"anchor-text\">[4<\/span>]. Par cons\u00e9quent, d&rsquo;autres \u00e9tudes sont n\u00e9cessaires pour \u00e9valuer les effets secondaires possibles associ\u00e9s \u00e0 l&rsquo;utilisation du GC376 dans des mod\u00e8les animaux, avant son utilisation dans des essais cliniques.<\/p>\n<p>Le GC376 emp\u00eache la r\u00e9plication du virus FCoV par un m\u00e9canisme diff\u00e9rent. Cependant, le taux de rechute chez les chats trait\u00e9s avec le GC376 est significativement plus \u00e9lev\u00e9 que celui du GS441524. Le GC376 se distingue lorsque les chats d\u00e9veloppent une r\u00e9sistance au GS441524, en particulier dans les cas de rechute. Dans ce cas, il est conseill\u00e9 d&rsquo;utiliser le GC376.<\/p>\n<p>Des \u00e9tudes ont \u00e9galement montr\u00e9 que l&rsquo;association du GS441524 et du GC376 donnait de meilleurs r\u00e9sultats et permettait de raccourcir la dur\u00e9e du traitement \u00e0 6 semaines au lieu des 12 semaines habituelles.<\/p>\n<p>&nbsp;<\/p>\n<p class=\"p1\"><b>Interf\u00e9ron f\u00e9lin<\/b><\/p>\n<p>L&rsquo;interf\u00e9ron est produit naturellement par l&rsquo;organisme en r\u00e9ponse \u00e0 une infection virale. Les v\u00e9t\u00e9rinaires disposent de deux types d&rsquo;interf\u00e9rons : l&rsquo;interf\u00e9ron om\u00e9ga f\u00e9lin (Virbagen Omega\u00ae, fabriqu\u00e9 par Virbac en France) et l&rsquo;interf\u00e9ron alpha humain, qui est commercialis\u00e9 sous plusieurs noms de marque. Il est pr\u00e9f\u00e9rable d&rsquo;utiliser l&rsquo;interf\u00e9ron f\u00e9lin, car les interf\u00e9rons sont sp\u00e9cifiques \u00e0 l&rsquo;esp\u00e8ce : ils agissent mieux dans l&rsquo;esp\u00e8ce d&rsquo;origine.<\/p>\n<p>L&rsquo;interf\u00e9ron-omega est une injection commercialis\u00e9e pour les chats atteints de PIF. Une petite \u00e9tude pr\u00e9liminaire a montr\u00e9 des r\u00e9sultats prometteurs et, pendant une br\u00e8ve p\u00e9riode, ce traitement a \u00e9t\u00e9 int\u00e9gr\u00e9 au traitement standard. Il s&rsquo;agissait de l&rsquo;un des premiers traitements disponibles pour la PIF, mais le taux de r\u00e9ussite \u00e9tait faible.<\/p>\n<p>Une \u00e9tude plus large, en double aveugle et contr\u00f4l\u00e9e par placebo, n&rsquo;a pas trouv\u00e9 de b\u00e9n\u00e9fice \u00e0 l&rsquo;interf\u00e9ron. L&rsquo;affaire aurait d\u00fb s&rsquo;arr\u00eater l\u00e0, mais le m\u00e9dicament est toujours disponible et les gens continuent d&rsquo;invoquer le premier document sans se r\u00e9f\u00e9rer au second.<\/p>\n<p>&nbsp;<\/p>\n<p><strong>CORTICOST\u00c9RO\u00cfDES (UNIQUEMENT POUR LES PALLIATIFS)<\/strong><\/p>\n<p class=\"p1\"><span class=\"s1\">Au d\u00e9but de la maladie, des m\u00e9dicaments de soutien (symptomatiques) peuvent \u00eatre n\u00e9cessaires pour maintenir les chats en vie suffisamment longtemps pour que les antiviraux agissent. Les anti-inflammatoires font souvent partie des m\u00e9dicaments (corticost\u00e9ro\u00efdes, AINS). Il est pr\u00e9f\u00e9rable d&rsquo;\u00e9viter d&rsquo;utiliser ces m\u00e9dicaments de mani\u00e8re excessive, sauf sur une courte p\u00e9riode et uniquement s&rsquo;il existe des raisons imp\u00e9rieuses de le faire, en particulier chez les chats extr\u00eamement malades au cours des premiers jours.<\/span><\/p>\n<p class=\"p1\"><span class=\"s1\">L&rsquo;objectif premier du traitement de la PIF est d&#8217;emp\u00eacher la r\u00e9plication virale dans les macrophages, ce qui stoppe instantan\u00e9ment la production des diverses cytokines inflammatoires et immunosuppressives qui produisent les sympt\u00f4mes de la PIF. Alors que certains m\u00e9dicaments, tels que les corticost\u00e9ro\u00efdes (prednisolone) et les AINS (meloxicam), peuvent r\u00e9duire les cytokines inflammatoires, le GS-441524 bloque totalement ces cytokines nocives. Dans les 24 \u00e0 48 heures, FipMed induit des am\u00e9liorations significatives de la temp\u00e9rature, de l&rsquo;activit\u00e9, de la faim et d&rsquo;autres sympt\u00f4mes. Cette am\u00e9lioration sera nettement sup\u00e9rieure \u00e0 celle que peut apporter n&rsquo;importe quel autre m\u00e9dicament. Par cons\u00e9quent, \u00e0 moins qu&rsquo;il n&rsquo;y ait une raison imp\u00e9rieuse de continuer \u00e0 utiliser d&rsquo;autres m\u00e9dicaments, ceux-ci doivent \u00eatre arr\u00eat\u00e9s d\u00e8s qu&rsquo;il y a une am\u00e9lioration notable et constante des sympt\u00f4mes de la PIF.<\/span><\/p>\n<p class=\"p1\"><span class=\"s1\">En plus de masquer les sympt\u00f4mes li\u00e9s \u00e0 la PIF, les st\u00e9ro\u00efdes peuvent interf\u00e9rer avec la distribution du GS-441524 \u00e0 travers la barri\u00e8re h\u00e9mato-enc\u00e9phalique. Plusieurs \u00e9tudes ont d\u00e9montr\u00e9 que les st\u00e9ro\u00efdes peuvent r\u00e9duire la perm\u00e9abilit\u00e9 de la barri\u00e8re h\u00e9mato-enc\u00e9phalique. Chez les chats, la diminution de la perm\u00e9abilit\u00e9 peut r\u00e9duire l&rsquo;efficacit\u00e9 du GS-441524 et augmenter la probabilit\u00e9 de rechute.<\/span><\/p>\n<p>&nbsp;<\/p>\n<p class=\"p1\"><span class=\"s1\"><b>GS 441524 La s\u00e9curit\u00e9 comme traitement de la PIF<\/b><\/span><\/p>\n<p class=\"p1\"><span class=\"s1\">GS-441524 has been shown to be a safe and effective treatment option. The drug was originally developed as an antiviral treatment for humans but has since been repurposed for feline use. <\/span><\/p>\n<p class=\"p1\"><span class=\"s1\">Multiple studies have demonstrated that the drug does not cause significant adverse effects or toxicity when administered as directed.<\/span><\/p>\n<p class=\"p1\"><span class=\"s1\">Some cats may experience mild side effects such as nausea or lethargy during treatment. These symptoms typically resolve quickly and do not require intervention from a veterinarian. <\/span><\/p>\n<p>&nbsp;<\/p>\n","protected":false},"excerpt":{"rendered":"<p>Les progr\u00e8s de la m\u00e9decine ont permis de chat sauv\u00e9 de la PIF, mais le GS441524 reste la meilleure option. Un traitement \u00e9prouv\u00e9 contre la PIF est d\u00e9j\u00e0 disponible pour les chats. Cependant, en raison d&rsquo;un manque de motivation financi\u00e8re, il n&rsquo;existe actuellement aucun m\u00e9dicament r\u00e9pertori\u00e9 pour la PIF chez les chats qui ait \u00e9t\u00e9 [&hellip;]<\/p>\n","protected":false},"author":11,"featured_media":2390,"parent":0,"menu_order":0,"comment_status":"closed","ping_status":"closed","template":"","meta":{"_glsr_average":0,"_glsr_ranking":0,"_glsr_reviews":0,"footnotes":""},"categories":[648],"tags":[495,443],"_links":{"self":[{"href":"https:\/\/fipmed.co\/fr\/wp-json\/wp\/v2\/pages\/15214"}],"collection":[{"href":"https:\/\/fipmed.co\/fr\/wp-json\/wp\/v2\/pages"}],"about":[{"href":"https:\/\/fipmed.co\/fr\/wp-json\/wp\/v2\/types\/page"}],"author":[{"embeddable":true,"href":"https:\/\/fipmed.co\/fr\/wp-json\/wp\/v2\/users\/11"}],"replies":[{"embeddable":true,"href":"https:\/\/fipmed.co\/fr\/wp-json\/wp\/v2\/comments?post=15214"}],"version-history":[{"count":0,"href":"https:\/\/fipmed.co\/fr\/wp-json\/wp\/v2\/pages\/15214\/revisions"}],"wp:featuredmedia":[{"embeddable":true,"href":"https:\/\/fipmed.co\/fr\/wp-json\/wp\/v2\/media\/2390"}],"wp:attachment":[{"href":"https:\/\/fipmed.co\/fr\/wp-json\/wp\/v2\/media?parent=15214"}],"wp:term":[{"taxonomy":"category","embeddable":true,"href":"https:\/\/fipmed.co\/fr\/wp-json\/wp\/v2\/categories?post=15214"},{"taxonomy":"post_tag","embeddable":true,"href":"https:\/\/fipmed.co\/fr\/wp-json\/wp\/v2\/tags?post=15214"}],"curies":[{"name":"wp","href":"https:\/\/api.w.org\/{rel}","templated":true}]}}