{"id":15216,"date":"2022-12-02T07:59:53","date_gmt":"2022-12-02T07:59:53","guid":{"rendered":"https:\/\/fipmed.co\/pif-du-chat-10-choses-a-faire-une-fois-que-votre-felin-est-diagnostique-comme-un-chat-fip\/"},"modified":"2024-02-17T08:08:49","modified_gmt":"2024-02-17T08:08:49","slug":"pif-du-chat-10-choses-a-faire-une-fois-que-votre-felin-est-diagnostique-comme-un-chat-fip","status":"publish","type":"page","link":"https:\/\/fipmed.co\/fr\/pif-du-chat-10-choses-a-faire-une-fois-que-votre-felin-est-diagnostique-comme-un-chat-fip\/","title":{"rendered":"PIF du chat : 10 choses \u00e0 faire d\u00e8s que votre chat est diagnostiqu\u00e9 comme \u00e9tant atteint de PIF du chat"},"content":{"rendered":"<p>Cela peut \u00eatre d\u00e9concertant si vous venez d&rsquo;apprendre que <a href=\"\/?page_id=15210\" target=\"_blank\" rel=\"noopener\">votre chat est atteint<\/a> de PIF. Si c&rsquo;est votre cas, nous comprenons, mais nous sommes l\u00e0 pour vous aider. Si votre chat a \u00e9t\u00e9 diagnostiqu\u00e9 avec la PIF du chat, voici 10 choses que vous pouvez faire.<\/p>\n<h2>1. Demander l&rsquo;avis d&rsquo;un v\u00e9t\u00e9rinaire expert en PIF du chat<\/h2>\n<p>Pour les propri\u00e9taires de chats, le diagnostic de PIF peut \u00eatre une perspective effrayante. Bien que cette affection soit complexe et grave, une intervention opportune et des soins sp\u00e9cialis\u00e9s peuvent faire toute la diff\u00e9rence pour le bien-\u00eatre de votre animal de compagnie bien-aim\u00e9.<\/p>\n<p>Votre v\u00e9t\u00e9rinaire pourra vous indiquer comment garantir \u00e0 votre chat les meilleures chances de survie. M\u00eame avec un traitement appropri\u00e9, il y a beaucoup de choses que vous pouvez faire pour am\u00e9liorer les chances de survie de votre chat.<\/p>\n<p>Certains chats pourront rentrer chez eux sans probl\u00e8me, tandis que les cas les plus graves devront \u00eatre hospitalis\u00e9s pour b\u00e9n\u00e9ficier de meilleurs soins m\u00e9dicaux.<\/p>\n<h2>2. Commencer le traitement avec le GS441524<\/h2>\n<p>Le traitement de la p\u00e9ritonite infectieuse f\u00e9line (PIF) avec le GS441524 est la premi\u00e8re \u00e9tape pour aider les chats \u00e0 survivre. GS441524, est un traitement antiviral oral contre la PIF qui s&rsquo;est av\u00e9r\u00e9 tr\u00e8s efficace et remarquablement s\u00fbr pour les chats atteints de cette maladie grave.<\/p>\n<p>Lorsqu&rsquo;il est commenc\u00e9 rapidement et en suivant les instructions du m\u00e9decin, le <a href=\"\/?page_id=6887\" target=\"_blank\" rel=\"noopener\">GS 441524<\/a> peut s&rsquo;av\u00e9rer salvateur ; des \u00e9tudes r\u00e9v\u00e8lent un taux de r\u00e9ussite de 90 %.<\/p>\n<p>Les effets ind\u00e9sirables potentiels sont relativement faibles, mais comprennent des changements d&rsquo;app\u00e9tit, de pr\u00e9f\u00e9rences alimentaires et de comportement, ainsi que des \u00e9pisodes temporaires de diarrh\u00e9e ou de vomissement au cours des premiers jours d&rsquo;administration &#8211; tous facilement g\u00e9rables sous la surveillance \u00e9troite d&rsquo;un v\u00e9t\u00e9rinaire.<\/p>\n<p>Dans les cas les plus graves, un traitement prioritaire \u00e0 base de corticost\u00e9ro\u00efdes auto-injectables doit accompagner le d\u00e9but d&rsquo;une th\u00e9rapie orale \u00e0 long terme. Le maintien d&rsquo;un soutien symptomatique optimal, tel qu&rsquo;un apport nutritionnel et des protocoles d&rsquo;hygi\u00e8ne minutieux pendant toute la dur\u00e9e du traitement, facilitera consid\u00e9rablement le r\u00e9tablissement de votre chat.<\/p>\n<h2>3. G\u00e9rer les sympt\u00f4mes et soulager la douleur de la PIF chez le chat<\/h2>\n<p>Lorsqu&rsquo;un f\u00e9lin a \u00e9t\u00e9 diagnostiqu\u00e9 avec la PIF, il est important de prendre des mesures imm\u00e9diates pour g\u00e9rer ses sympt\u00f4mes et soulager sa douleur. La PIF est une maladie complexe qui peut <a href=\"\/?page_id=15226\" target=\"_blank\" rel=\"noopener\">causer de<\/a> l&rsquo;inconfort aux chats, c&rsquo;est pourquoi il est essentiel de g\u00e9rer les sympt\u00f4mes de cette maladie chronique.<\/p>\n<p>L&rsquo;utilisation d&rsquo;analg\u00e9siques est parfois n\u00e9cessaire si votre chat semble \u00eatre mal \u00e0 l&rsquo;aise et souffrir. Les antibiotiques peuvent \u00e9galement aider \u00e0 traiter certaines infections bact\u00e9riennes pouvant \u00eatre caus\u00e9es par la PIF. Dans certains cas, lorsque le <a href=\"\/?page_id=15234\" target=\"_blank\" rel=\"noopener\">chat est atteint d&rsquo;une PIF<\/a> avanc\u00e9e, des st\u00e9ro\u00efdes peuvent \u00eatre n\u00e9cessaires pour r\u00e9duire l&rsquo;inflammation au d\u00e9but. Cependant, les st\u00e9ro\u00efdes doivent \u00eatre arr\u00eat\u00e9s imm\u00e9diatement une fois le chat stabilis\u00e9, car ils interf\u00e8rent avec le traitement antiviral de la PIF.<\/p>\n<h2>4. Hydrater avec des fluides sous-cutan\u00e9s<\/h2>\n<p>La p\u00e9ritonite infectieuse f\u00e9line (PIF) est une maladie grave et souvent mortelle. Dans le cadre du plan de traitement, l&rsquo;administration de liquide sous-cutan\u00e9 peut \u00eatre recommand\u00e9e pour aider \u00e0 g\u00e9rer l&rsquo;\u00e9tat d&rsquo;un <a href=\"\/?page_id=3872\" target=\"_blank\" rel=\"noopener\">chat atteint de PIF<\/a>.<\/p>\n<p>Il s&rsquo;agit de fournir des liquides sous la peau pour une absorption lente dans la circulation sanguine et le corps afin de garantir des niveaux d&rsquo;hydratation ad\u00e9quats et d&rsquo;am\u00e9liorer l&rsquo;\u00e9tat de sant\u00e9 g\u00e9n\u00e9ral. La fluidoth\u00e9rapie \u00e0 domicile peut \u00eatre b\u00e9n\u00e9fique car elle aide les chats atteints d&rsquo;affections m\u00e9dicales n\u00e9cessitant un apport suppl\u00e9mentaire de liquides &#8211; comme le chat atteint <a href=\"https:\/\/fipmed.co\/fr\/\" target=\"_blank\" rel=\"noopener\">de la PIF<\/a> &#8211; \u00e0 rester hydrat\u00e9s sans avoir \u00e0 se rendre fr\u00e9quemment chez le v\u00e9t\u00e9rinaire pour des traitements par voie intraveineuse.<\/p>\n<p>Les administrations de fluides sous-cutan\u00e9s (SQF) doivent \u00eatre effectu\u00e9es de mani\u00e8re continue ; toutefois, il existe des lignes directrices concernant la fr\u00e9quence de ces administrations. La plupart des chats ont besoin d&rsquo;un SQF de routine entre une fois par semaine et une fois par jour, en fonction de leur \u00e9tat de sant\u00e9 g\u00e9n\u00e9ral, de leur niveau de d\u00e9shydratation actuel et d&rsquo;autres facteurs d\u00e9termin\u00e9s par votre v\u00e9t\u00e9rinaire ou l&rsquo;\u00e9quipe de soins v\u00e9t\u00e9rinaires.<\/p>\n<p>Pour d\u00e9terminer si les SQF sont n\u00e9cessaires et \u00e0 quelle fr\u00e9quence ils doivent avoir lieu, discutez-en directement avec votre v\u00e9t\u00e9rinaire pour obtenir des conseils appropri\u00e9s avant de commencer les s\u00e9ances de traitement \u00e0 domicile.<\/p>\n<p>Si elle est effectu\u00e9e correctement \u00e0 l&rsquo;aide d&rsquo;aiguilles et d&rsquo;\u00e9quipements st\u00e9riles, conform\u00e9ment aux instructions de votre v\u00e9t\u00e9rinaire, l&rsquo;administration de SQF \u00e0 domicile peut apporter un soulagement bienvenu tout en \u00e9vitant un stress inutile lors des contr\u00f4les r\u00e9guliers chez le v\u00e9t\u00e9rinaire en raison de maladies occasionnelles telles que la PIF chez les chats et les chatons.<\/p>\n<p>&nbsp;<\/p>\n<h2>5. Soutien nutritionnel pour la PIF chez le chat<\/h2>\n<p>Le soutien nutritionnel est un \u00e9l\u00e9ment essentiel de la prise en charge de la <a href=\"\/?page_id=6897\" target=\"_blank\" rel=\"noopener\">PIF chez le chat<\/a>. Les nutriments jouent un r\u00f4le essentiel en soutenant leur sant\u00e9 g\u00e9n\u00e9rale et en les aidant \u00e0 combattre le virus \u00e0 l&rsquo;origine de la maladie.<\/p>\n<p>En ce qui concerne la PIF du chat, des besoins alimentaires sp\u00e9cifiques doivent \u00eatre pris en compte pour le bien-\u00eatre de votre chat. En fait, certains chats ont d\u00e9velopp\u00e9 la PIF en raison d&rsquo;une mauvaise alimentation qui contribue \u00e0 affaiblir leur syst\u00e8me immunitaire.<\/p>\n<p>Le syst\u00e8me immunitaire joue un r\u00f4le important dans le contr\u00f4le et la lutte contre l&rsquo;infection caus\u00e9e par la PIF. Une alimentation appropri\u00e9e est donc essentielle pour promouvoir une sant\u00e9 optimale et minimiser la r\u00e9currence ou l&rsquo;apparition de cette maladie complexe.<\/p>\n<p>Changez l&rsquo;alimentation de votre chat pour un r\u00e9gime \u00e0 base de b\u0153uf cru et donnez-lui du bouillon d&rsquo;os pour qu&rsquo;il ait plus de liquide. Vous pouvez \u00e9galement prendre ces vitamines en suppl\u00e9ment :<\/p>\n<p><strong>Acides gras om\u00e9ga-3 :<\/strong> Les acides gras om\u00e9ga-3, que l&rsquo;on trouve couramment dans les compl\u00e9ments alimentaires \u00e0 base d&rsquo;huile de poisson, peuvent contribuer \u00e0 r\u00e9duire l&rsquo;inflammation et \u00e0 am\u00e9liorer l&rsquo;\u00e9tat de sant\u00e9 g\u00e9n\u00e9ral de votre chat. Ils peuvent aider \u00e0 r\u00e9soudre les probl\u00e8mes li\u00e9s \u00e0 la PIF, tels que l&rsquo;accumulation de liquide et l&rsquo;inflammation.<\/p>\n<p><strong>Antioxydants<\/strong>: les vitamines C et E, par exemple, peuvent contribuer \u00e0 r\u00e9duire le stress oxydatif et \u00e0 soutenir le syst\u00e8me immunitaire. Votre v\u00e9t\u00e9rinaire peut vous conseiller sur la meilleure dose pour votre chat.<\/p>\n<p><strong>Les probiotiques :<\/strong> Les probiotiques peuvent contribuer \u00e0 la sant\u00e9 gastro-intestinale et au syst\u00e8me immunitaire de votre chat. Comme la PIF peut avoir un impact sur le tube digestif, les probiotiques peuvent \u00eatre utiles.<\/p>\n<p><strong>Soutien du syst\u00e8me immunitaire :<\/strong> En collaboration avec votre v\u00e9t\u00e9rinaire, envisagez de prendre des suppl\u00e9ments pour le syst\u00e8me immunitaire, tels que des b\u00eata-glucanes ou des immunomodulateurs.<\/p>\n<p><strong>Les vitamines B :<\/strong> Les vitamines B, en particulier la B-12, sont b\u00e9n\u00e9fiques pour la sant\u00e9 et le bien-\u00eatre en g\u00e9n\u00e9ral. Un suppl\u00e9ment de vitamine B complexe peut \u00eatre conseill\u00e9 dans de rares cas.<\/p>\n<p><strong>\u00c9VITER la L-Lysine :<\/strong> La lysine est un acide amin\u00e9 qui peut aider \u00e0 soulager les sympt\u00f4mes des voies respiratoires sup\u00e9rieures caus\u00e9s par la PIF, mais elle ne peut pas traiter directement la maladie. Elle entrave \u00e9galement le traitement de la PIF.<\/p>\n<p>&nbsp;<\/p>\n<h2>6. Cr\u00e9er un environnement confortable et propre<\/h2>\n<p>La cr\u00e9ation et le maintien d&rsquo;un environnement confortable et propre pour les chats atteints de PIF sont essentiels \u00e0 leur sant\u00e9 g\u00e9n\u00e9rale. Un espace de vie propre peut contribuer \u00e0 r\u00e9duire les sympt\u00f4mes d&rsquo;inconfort caus\u00e9s par l&rsquo;inflammation et \u00e0 diminuer la gravit\u00e9 de l&rsquo;immunosuppression associ\u00e9e \u00e0 la PIF.<\/p>\n<p>Les propri\u00e9taires de chats peuvent cr\u00e9er ce type d&rsquo;atmosph\u00e8re en veillant \u00e0 ce que les bacs \u00e0 liti\u00e8re, les \u00e9cuelles d&rsquo;eau et les gamelles soient exempts de d\u00e9bris ou de salet\u00e9s susceptibles d&rsquo;aggraver le stress du syst\u00e8me immunitaire affaibli du chat.<\/p>\n<p>En outre, il est important d&rsquo;\u00e9viter la surpopulation dans votre maison, car cela peut contribuer \u00e0 l&rsquo;apparition d&rsquo;autres infections chez les chats. Cela pourrait augmenter le risque de d\u00e9velopper une <a href=\"\/?page_id=15226\" target=\"_blank\" rel=\"noopener\">PIF chez le chat<\/a> ou exacerber des conditions existantes telles que des probl\u00e8mes gastro-intestinaux li\u00e9s \u00e0 l&rsquo;infection par le coronavirus.<\/p>\n<p>&nbsp;<\/p>\n<h2>7. Mettre en \u0153uvre des mesures d&rsquo;hygi\u00e8ne strictes<\/h2>\n<p>Lorsqu&rsquo;un chat est diagnostiqu\u00e9 avec la PIF, les propri\u00e9taires doivent agir rapidement pour prot\u00e9ger leurs autres chats et emp\u00eacher la propagation de la maladie. Il est essentiel de mettre en place des mesures d&rsquo;hygi\u00e8ne strictes, notamment en isolant le <a href=\"\/?page_id=15218\" target=\"_blank\" rel=\"noopener\">chat infect\u00e9<\/a>, en nettoyant et en d\u00e9sinfectant l&rsquo;environnement, en minimisant les contacts entre chats et en se lavant les mains apr\u00e8s avoir manipul\u00e9 un animal infect\u00e9.<\/p>\n<p>L&rsquo;objectif de la mise en \u0153uvre de ces protocoles est double : premi\u00e8rement, il s&rsquo;agit de r\u00e9duire le risque en emp\u00eachant la transmission de la PIF \u00e0 l&rsquo;int\u00e9rieur ou \u00e0 l&rsquo;ext\u00e9rieur du foyer. Deuxi\u00e8mement, il contribue \u00e0 cr\u00e9er un environnement confortable pour les chats concern\u00e9s tout en r\u00e9duisant l&rsquo;inconfort qu&rsquo;ils peuvent ressentir en raison de sympt\u00f4mes physiques tels que la fi\u00e8vre ou les probl\u00e8mes digestifs.<\/p>\n<p>Toutes les surfaces des habitations doivent \u00eatre r\u00e9guli\u00e8rement nettoy\u00e9es \u00e0 l&rsquo;aide de d\u00e9sinfectants approuv\u00e9s par les professionnels de la m\u00e9decine v\u00e9t\u00e9rinaire pendant au moins 10 minutes par jour afin de r\u00e9duire la contamination bact\u00e9rienne caus\u00e9e par les gouttelettes a\u00e9rosolis\u00e9es produites lorsque les chats toussent ou \u00e9ternuent.<\/p>\n<p>En outre, une bonne hygi\u00e8ne des mains, c&rsquo;est-\u00e0-dire un lavage soigneux des mains imm\u00e9diatement apr\u00e8s un contact avec un animal infect\u00e9, r\u00e9duit consid\u00e9rablement le risque de transmission d&rsquo;une personne \u00e0 l&rsquo;autre.<\/p>\n<p>Il est conseill\u00e9 aux propri\u00e9taires de chats non seulement de porter des gants lorsque cela est n\u00e9cessaire, mais aussi de laver r\u00e9guli\u00e8rement leur animal pour limiter l&rsquo;exposition. En prenant au s\u00e9rieux chaque \u00e9tape du diagnostic et des phases de mise en \u0153uvre pr\u00e9conis\u00e9es par les experts, les parents d&rsquo;animaux de compagnie feront tout ce qui est en leur pouvoir pour am\u00e9liorer la qualit\u00e9 de vie des animaux vivant avec cette maladie.<\/p>\n<p>&nbsp;<\/p>\n<h2>8. Appliquer les protocoles d&rsquo;isolement des chats dans le cadre du PIF pour les foyers \u00e0 chats multiples<\/h2>\n<p>Lorsqu&rsquo;un chat est diagnostiqu\u00e9 avec une p\u00e9ritonite infectieuse f\u00e9line (PIF) dans un foyer comptant plusieurs chats, il est essentiel d&rsquo;isoler le chat atteint de la PIF des autres chats afin d&rsquo;\u00e9viter toute propagation et de prot\u00e9ger les autres chats. Bien qu&rsquo;il soit difficile d&#8217;emp\u00eacher compl\u00e8tement votre animal d&rsquo;interagir avec d&rsquo;autres f\u00e9lins, vous pouvez prendre certaines mesures qui r\u00e9duisent consid\u00e9rablement le risque d&rsquo;infection.<\/p>\n<p>La PIF se transmet principalement par contact avec des excr\u00e9ments infect\u00e9s dans des bacs \u00e0 liti\u00e8re partag\u00e9s ou sur des surfaces. Lorsque les chats se rapprochent ou jouent brutalement, ils peuvent potentiellement transmettre des maladies telles que la PIF, c&rsquo;est pourquoi la r\u00e9duction de ces activit\u00e9s doit \u00eatre une priorit\u00e9 absolue pour les propri\u00e9taires dont les chats ont \u00e9t\u00e9 diagnostiqu\u00e9s.<\/p>\n<p>Il est important de faire attention aux bols et aux liti\u00e8res partag\u00e9s et d&rsquo;\u00e9viter, dans la mesure du possible, les contacts directs entre plusieurs chats. Le FIPV se propage \u00e0 partir des mati\u00e8res f\u00e9cales. L&rsquo;id\u00e9al est donc d&rsquo;avoir des liti\u00e8res s\u00e9par\u00e9es pour chaque chat. Cr\u00e9ez des jouets amusants, des planches \u00e0 gratter et des cachettes sp\u00e9cialement pour votre chat toutes les deux semaines afin qu&rsquo;il ne soit pas jaloux de ce qui appartient \u00e0 d&rsquo;autres.<\/p>\n<p>De plus, si vous pouvez loger chaque animal s\u00e9par\u00e9ment, le fait de les garder dans des pi\u00e8ces diff\u00e9rentes de la maison permet non seulement de r\u00e9duire le stress, mais aussi d&rsquo;\u00e9loigner les maladies ! La mise en \u0153uvre de protocoles d&rsquo;isolement appropri\u00e9s permet de r\u00e9duire le risque de transmission du coronavirus f\u00e9lin aux chats non vaccin\u00e9s ou immunod\u00e9prim\u00e9s atteints de PIF.<\/p>\n<p>Il s&rsquo;agit \u00e9galement de supprimer les espaces ext\u00e9rieurs partag\u00e9s, les contacts avec les bols de nourriture et les v\u00eatements susceptibles de propager des germes par la salive, les poils, etc. Vous devriez \u00e9galement envisager de recommander que tous les <a href=\"\/?page_id=15224\" target=\"_blank\" rel=\"noopener\">chats en bonne sant\u00e9<\/a> vivant sous le m\u00eame toit soient vaccin\u00e9s au moins deux fois par an contre les maladies virales complexes FIV\/FeLV telles que la PIF.<\/p>\n<p>Si vous remarquez des signes de maladie infectieuse ou si les r\u00e9sultats des tests sont positifs pour le FeLV, tenez ces animaux \u00e0 l&rsquo;\u00e9cart de votre zone de quarantaine. Non seulement ces virus peuvent entra\u00eener des maladies graves, mais une exposition continue peut \u00e9galement introduire de nouvelles infections dans un environnement isol\u00e9, ce qui pourrait aggraver l&rsquo;\u00e9tat de votre animal plus rapidement avant le d\u00e9but du traitement.<\/p>\n<p>&nbsp;<\/p>\n<h2>9. Surveillez l&rsquo;\u00e9tat de sant\u00e9 de votre chat<\/h2>\n<p>Il est tr\u00e8s important de surveiller de pr\u00e8s l&rsquo;\u00e9tat de sant\u00e9 de votre chat et de consulter imm\u00e9diatement un v\u00e9t\u00e9rinaire si la PIF a \u00e9t\u00e9 diagnostiqu\u00e9e. Les sympt\u00f4mes de la PIF du chat peuvent varier consid\u00e9rablement d&rsquo;un cas \u00e0 l&rsquo;autre et tout changement dans le comportement ou la sant\u00e9 de votre chat doit \u00eatre imm\u00e9diatement discut\u00e9 avec des professionnels exp\u00e9riment\u00e9s tels qu&rsquo;un v\u00e9t\u00e9rinaire.<\/p>\n<p>Des examens v\u00e9t\u00e9rinaires r\u00e9guliers sont essentiels pour un diagnostic et un traitement pr\u00e9coces du virus, ce qui permet de mettre en place des strat\u00e9gies de gestion efficaces, de soulager les sympt\u00f4mes et de prolonger la vie de votre animal.<\/p>\n<p>Dans le cas d&rsquo;une maison o\u00f9 plusieurs chats sont susceptibles d&rsquo;entrer en contact les uns avec les autres, il est recommand\u00e9 d&rsquo;appliquer des protocoles d&rsquo;isolement jusqu&rsquo;\u00e0 ce que l&rsquo;\u00e9volution de la maladie du chat infect\u00e9 puisse \u00eatre contr\u00f4l\u00e9e par un v\u00e9t\u00e9rinaire professionnel.<\/p>\n<p>Les signes d&rsquo;alerte comprennent une perte de poids importante, une fatigue\/l\u00e9thargie extr\u00eame, des pics de fi\u00e8vre, une confusion ou une d\u00e9sorientation &#8211; autant de signes qui n\u00e9cessitent une intervention m\u00e9dicale urgente.<\/p>\n<h2>10. Limiter l&rsquo;exposition aux autres chats<\/h2>\n<p>Enfin, l&rsquo;acc\u00e8s \u00e0 l&rsquo;ext\u00e9rieur doit \u00e9galement \u00eatre limit\u00e9, car les animaux sauvages peuvent \u00eatre porteurs de maladies susceptibles d&rsquo;aggraver les risques encourus par votre chaton atteint de PIF. En \u00e9vitant les zones ras\u00e9es \u00e0 l&rsquo;ext\u00e9rieur, o\u00f9 les oiseaux et les bestioles peuvent facilement s&rsquo;aventurer, vous r\u00e9duisez consid\u00e9rablement les risques d&rsquo;attraper quelque chose d&rsquo;autre que le diagnostic existant.<\/p>\n<p>La r\u00e9duction des interactions physiques, principales responsables des taux de transmission, contribuera \u00e0 garantir un maximum de certitude dans la prise des pr\u00e9cautions n\u00e9cessaires \u00e0 la gestion de la p\u00e9ritonite infectieuse f\u00e9line (PIF).<\/p>\n<p>La prise de mesures de s\u00e9curit\u00e9, telles que l&rsquo;observation attentive des mesures d&rsquo;hygi\u00e8ne personnelle tout en \u00e9tant conscient de l&rsquo;exposition \u00e0 des environnements contamin\u00e9s, fournira une protection importante contre la propagation potentielle du corona virus associ\u00e9e \u00e0 des circonstances similaires, en particulier en ce qui concerne les foyers \u00e0 plusieurs chats, de mani\u00e8re plus radicale &#8211; une pratique indispensable purement soutenue par la recherche m\u00e9dicale, encore et toujours, en particulier dans le contexte de cette maladie sp\u00e9cifique.<\/p>\n","protected":false},"excerpt":{"rendered":"<p>Cela peut \u00eatre d\u00e9concertant si vous venez d&rsquo;apprendre que votre chat est atteint de PIF. Si c&rsquo;est votre cas, nous comprenons, mais nous sommes l\u00e0 pour vous aider. Si votre chat a \u00e9t\u00e9 diagnostiqu\u00e9 avec la PIF du chat, voici 10 choses que vous pouvez faire. 1. Demander l&rsquo;avis d&rsquo;un v\u00e9t\u00e9rinaire expert en PIF du [&hellip;]<\/p>\n","protected":false},"author":11,"featured_media":2333,"parent":0,"menu_order":0,"comment_status":"closed","ping_status":"closed","template":"","meta":{"_glsr_average":0,"_glsr_ranking":0,"_glsr_reviews":0,"footnotes":""},"categories":[648],"tags":[443,444],"_links":{"self":[{"href":"https:\/\/fipmed.co\/fr\/wp-json\/wp\/v2\/pages\/15216"}],"collection":[{"href":"https:\/\/fipmed.co\/fr\/wp-json\/wp\/v2\/pages"}],"about":[{"href":"https:\/\/fipmed.co\/fr\/wp-json\/wp\/v2\/types\/page"}],"author":[{"embeddable":true,"href":"https:\/\/fipmed.co\/fr\/wp-json\/wp\/v2\/users\/11"}],"replies":[{"embeddable":true,"href":"https:\/\/fipmed.co\/fr\/wp-json\/wp\/v2\/comments?post=15216"}],"version-history":[{"count":0,"href":"https:\/\/fipmed.co\/fr\/wp-json\/wp\/v2\/pages\/15216\/revisions"}],"wp:featuredmedia":[{"embeddable":true,"href":"https:\/\/fipmed.co\/fr\/wp-json\/wp\/v2\/media\/2333"}],"wp:attachment":[{"href":"https:\/\/fipmed.co\/fr\/wp-json\/wp\/v2\/media?parent=15216"}],"wp:term":[{"taxonomy":"category","embeddable":true,"href":"https:\/\/fipmed.co\/fr\/wp-json\/wp\/v2\/categories?post=15216"},{"taxonomy":"post_tag","embeddable":true,"href":"https:\/\/fipmed.co\/fr\/wp-json\/wp\/v2\/tags?post=15216"}],"curies":[{"name":"wp","href":"https:\/\/api.w.org\/{rel}","templated":true}]}}