{"id":15220,"date":"2022-12-02T07:30:30","date_gmt":"2022-12-02T07:30:30","guid":{"rendered":"https:\/\/fipmed.co\/traitements-de-la-pif-injections-contre-comprimes-ou-pilules-contre-la-pif\/"},"modified":"2024-04-23T08:54:55","modified_gmt":"2024-04-23T08:54:55","slug":"pif-chat-traitement-injections-contre-comprimes-ou-pilules-contre-la-pif","status":"publish","type":"page","link":"https:\/\/fipmed.co\/fr\/pif-chat-traitement-injections-contre-comprimes-ou-pilules-contre-la-pif\/","title":{"rendered":"PIF chat traitement: Injections contre comprim\u00e9s ou pilules contre la PIF"},"content":{"rendered":"<p>Deux options s&rsquo;offrent \u00e0 vous lorsque vous choisissez le m\u00e9dicament antiviral GS-441524 pour le PIF chat traitement: les injections sous-cutan\u00e9es ou les g\u00e9lules ou pilules orales. Comment choisir celui qui conviendra le mieux \u00e0 votre chat ? Nous aborderons les avantages et les inconv\u00e9nients de chaque m\u00e9thode de traitement dans cet article, ainsi que le moment et la mani\u00e8re de prendre la meilleure d\u00e9cision pour le traitement de votre chat contre la PIF.<\/p>\n<p>Les m\u00e9dicaments oraux se pr\u00e9sentent g\u00e9n\u00e9ralement sous la forme de pilules. Ce type de GS est pris par voie orale. Les propri\u00e9taires de chats peuvent d\u00e9sormais choisir facilement la meilleure forme de traitement pour leur animal, car les options disponibles sont plus nombreuses. Les diff\u00e9rences entre ces deux formulations de GS-441524 seront abord\u00e9es dans cet article, ainsi que des conseils sur la fa\u00e7on de choisir la meilleure pour le traitement de la PIF de votre chat.<\/p>\n<h2><strong>PIF chat traitement par injection<\/strong><\/h2>\n<p>Commen\u00e7ons par la version \u00e0 injection liquide du GS-441524. Cette forme particuli\u00e8re de GS peut \u00eatre trait\u00e9e. Les diff\u00e9rents fluides GS-441524 ont des propri\u00e9t\u00e9s diff\u00e9rentes. La technique de fabrication et la qualit\u00e9 chimique utilis\u00e9es par le producteur ont un impact significatif sur la qualit\u00e9. Le fait que les prix diff\u00e8rent consid\u00e9rablement d&rsquo;une marque \u00e0 l&rsquo;autre ne fait qu&rsquo;aggraver l&rsquo;incertitude.<\/p>\n<p>La forme injectable du GS441524 se pr\u00e9sente sous diff\u00e9rentes concentrations. Les concentrations les plus populaires actuellement disponibles sont 20 mg et 30 mg. La meilleure fa\u00e7on d&rsquo;administrer GS-441524 est de le faire par injection. Les injections sous-cutan\u00e9es du GS441524 traitent imm\u00e9diatement la circulation sanguine de votre chat avec un m\u00e9dicament antiviral. Les m\u00e9decins peuvent administrer une dose sp\u00e9cifique par injection en fonction des sympt\u00f4mes et du poids de votre chat.<\/p>\n<p>Les chats trait\u00e9s par injection pr\u00e9sentent souvent des changements \u00e9vidents en l&rsquo;espace d&rsquo;un \u00e0 quatre jours. Par cons\u00e9quent, pour les chats pr\u00e9sentant des sympt\u00f4mes graves de PIF, les injections sont le seul moyen de traitement efficace. Chaque traitement contre la PIF doit commencer par une injection. Continuez \u00e0 administrer des injections jusqu&rsquo;\u00e0 ce que l&rsquo;\u00e9tat de sant\u00e9 de votre chat se soit stabilis\u00e9 et ce n&rsquo;est que lorsqu&rsquo;il mangera et \u00e9liminera correctement qu&rsquo;il faudra envisager de passer \u00e0 un traitement par voie orale.<\/p>\n<h2><strong>Traitements oraux de la PIF (comprim\u00e9s, pilules ou g\u00e9lules)<\/strong><\/h2>\n<p>Compar\u00e9 aux aiguilles, le traitement oral est une technique plus rapide et plus simple pour traiter la PIF. Les propri\u00e9taires de chats peuvent administrer des m\u00e9dicaments par voie orale \u00e0 la maison, \u00e9vitant ainsi les visites quotidiennes \u00e0 la clinique et le co\u00fbt des injections. Des comprim\u00e9s et des g\u00e9lules sont disponibles pour les m\u00e9dicaments administr\u00e9s par voie orale. En raison de la texture lisse et de l&rsquo;absence de go\u00fbt de la g\u00e9lule, les chats peuvent g\u00e9n\u00e9ralement avaler les g\u00e9lules plus facilement que les pilules. En g\u00e9n\u00e9ral, nous conseillons d&rsquo;utiliser des g\u00e9lules ou des pilules orales dans les derni\u00e8res phases du traitement, lorsque votre chat n&rsquo;est plus en danger, c&rsquo;est-\u00e0-dire lorsqu&rsquo;il mange et fait ses besoins r\u00e9guli\u00e8rement et qu&rsquo;il n&rsquo;a plus de fi\u00e8vres intermittentes.<\/p>\n<p>Examinons maintenant les inconv\u00e9nients de la th\u00e9rapie orale. La principale diff\u00e9rence entre les traitements oraux et injectables est leur vitesse d&rsquo;action. Le m\u00e9dicament antiviral utilis\u00e9 dans la th\u00e9rapie orale, le GS-441524, doit passer par l&rsquo;ensemble du tube digestif avant de p\u00e9n\u00e9trer dans la circulation sanguine.<\/p>\n<p>L&rsquo;impossibilit\u00e9 de contr\u00f4ler le dosage est le deuxi\u00e8me inconv\u00e9nient majeur du traitement oral. Nous ne pouvons pas pr\u00e9dire la quantit\u00e9 de GS-441524 qui sera absorb\u00e9e par le tube digestif de votre chat, c&rsquo;est pourquoi&#8230; Il est possible que votre chat n&rsquo;absorbe qu&rsquo;un pourcentage du m\u00e9dicament antiviral fourni par les capsules orales, en fonction de l&rsquo;\u00e9tat de son syst\u00e8me digestif et de son \u00e9tat de sant\u00e9 g\u00e9n\u00e9ral. Le rythme d&rsquo;absorption du GS sera affect\u00e9 par l&rsquo;affaiblissement de l&rsquo;estomac, des reins et du foie qui se produit chez les chats atteints de p\u00e9ritonite infectieuse f\u00e9line (PIF).<\/p>\n<p>Par rapport aux aiguilles, les g\u00e9lules et les comprim\u00e9s oraux sont une forme de traitement plus risqu\u00e9e. Ce n&rsquo;est qu&rsquo;apr\u00e8s 30 jours de traitement par injection ou lorsque l&rsquo;\u00e9tat de sant\u00e9 de votre chat s&rsquo;est stabilis\u00e9 que nous vous proposons un traitement par voie orale.<\/p>\n<h2><strong>Comparaison entre les traitements par injection et par voie orale <\/strong><\/h2>\n<p>Voici un tableau qui montre les diff\u00e9rences entre les injections et la prise orale du traitement contre la PIF.<\/p>\n<p><img data-opt-id=1214015753  fetchpriority=\"high\" decoding=\"async\" class=\"alignnone size-full wp-image-888\" src=\"https:\/\/ml9txs9ouv9q.i.optimole.com\/w:auto\/h:auto\/q:mauto\/f:best\/https:\/\/fipmed.co\/wp-content\/uploads\/2022\/12\/233.png\" alt=\"\" width=\"811\" height=\"719\" srcset=\"https:\/\/ml9txs9ouv9q.i.optimole.com\/w:811\/h:719\/q:mauto\/f:best\/https:\/\/fipmed.co\/wp-content\/uploads\/2022\/12\/233.png 811w, https:\/\/ml9txs9ouv9q.i.optimole.com\/w:300\/h:266\/q:mauto\/f:best\/https:\/\/fipmed.co\/wp-content\/uploads\/2022\/12\/233.png 300w, https:\/\/ml9txs9ouv9q.i.optimole.com\/w:768\/h:681\/q:mauto\/f:best\/https:\/\/fipmed.co\/wp-content\/uploads\/2022\/12\/233.png 768w, https:\/\/ml9txs9ouv9q.i.optimole.com\/w:600\/h:532\/q:mauto\/f:best\/https:\/\/fipmed.co\/wp-content\/uploads\/2022\/12\/233.png 600w\" sizes=\"(max-width: 640px) 100vw, 640px\" \/><\/p>\n<h2><strong>Quelle m\u00e9thode dois-je choisir pour mon chat ?<\/strong><\/h2>\n<p>Il est recommand\u00e9 de commencer le traitement de la PIF par des injections, conform\u00e9ment \u00e0 notre recommandation. Vous pouvez passer aux g\u00e9lules orales d\u00e8s que l&rsquo;\u00e9tat de votre chat se stabilise si les injections r\u00e9currentes provoquent des douleurs aigu\u00ebs ou des irritations cutan\u00e9es s\u00e9v\u00e8res. Apr\u00e8s 30 jours de traitement injectable, le passage \u00e0 un m\u00e9dicament oral est g\u00e9n\u00e9ralement sans danger. C&rsquo;est la technique la plus fiable pour garantir que suffisamment de GS-441524 est administr\u00e9 pendant le traitement de la PIF et pour r\u00e9duire le risque de r\u00e9infection \u00e0 l&rsquo;avenir.<\/p>\n<h2><strong>Facteurs influen\u00e7ant l&rsquo;administration par voie orale ou par injection<\/strong><\/h2>\n<p>Les chats qui vomissent\/r\u00e9gurgitent et qui ont la diarrh\u00e9e sont g\u00e9n\u00e9ralement consid\u00e9r\u00e9s comme de mauvais candidats \u00e0 l&rsquo;administration orale de GS-441524. Par cons\u00e9quent, les chats souffrant d&rsquo;une maladie gastro-intestinale grave commencent souvent \u00e0 recevoir des injections, au moins jusqu&rsquo;\u00e0 ce que les probl\u00e8mes soient r\u00e9solus. La plupart des gens, en particulier dans le pass\u00e9, ont commenc\u00e9 par le GS-441524 injectable. La forme injectable est moins co\u00fbteuse et le dosage est contr\u00f4l\u00e9 avec plus de pr\u00e9cision. L&rsquo;absorption sous-cutan\u00e9e du GS-441524 est \u00e9galement plus fiable que l&rsquo;absorption orale, ce qui est souvent un facteur critique dans le traitement initial des chats gravement malades et instables au d\u00e9part.<\/p>\n<p>La poursuite de l&rsquo;injection du GS-441524 d\u00e9pend de la capacit\u00e9 du propri\u00e9taire \u00e0 administrer efficacement les injections, de la volont\u00e9 du chat de s&rsquo;habituer \u00e0 la douleur de l&rsquo;injection et de l&rsquo;apparition de l\u00e9sions au site d&rsquo;injection. Dans de tels cas, les m\u00e9dicaments oraux sont souvent un soulagement bienvenu pour le propri\u00e9taire et le patient f\u00e9lin.<\/p>\n<h2><strong>Comparaison de la r\u00e9ussite du traitement avec le GS-441524 injectable et le GS-441524 oral <\/strong><\/h2>\n<p>Le taux de r\u00e9ussite du GS-441524 par voie orale est d\u00e9sormais comparable \u00e0 celui des versions injectables, \u00e0 condition que les doses soient soigneusement calcul\u00e9es et que le dosage soit effectu\u00e9 efficacement. Cependant, des rapports font \u00e9tat de variations de r\u00e9actions entre les formes orale et injectable du GS-441524. Seuls quelques chats ont connu des rechutes apr\u00e8s \u00eatre pass\u00e9s des injections \u00e0 la prise orale de GS-441524 ou n&rsquo;ont pas bien r\u00e9pondu au traitement initial. Par ailleurs, les maladies qui ne r\u00e9pondaient pas bien aux injections ont \u00e9t\u00e9 trait\u00e9es en transf\u00e9rant les chats au GS-441524 par voie orale \u00e0 une dose \u00e9quivalente.<\/p>\n<p>Il est difficile d&rsquo;attribuer ces fortes disparit\u00e9s de r\u00e9ponse \u00e0 la forme du m\u00e9dicament, car le GS-441524, administr\u00e9 par voie orale ou sous-cutan\u00e9e, passe dans la circulation sanguine avant d&rsquo;atteindre les tissus. Il est plus probable que les marques de GS-441524 injectables ou orales utilis\u00e9es avant ce changement \u00e9taient de qualit\u00e9 inf\u00e9rieure. Dans de nombreux cas, le passage \u00e0 une autre marque de m\u00e9dicament oral ou injectable a entra\u00een\u00e9 une am\u00e9lioration imm\u00e9diate de la r\u00e9action.<\/p>\n<p>Le virus ayant d\u00e9velopp\u00e9 divers degr\u00e9s de r\u00e9sistance aux m\u00e9dicaments, on pensait que seule la forme injectable du GS-441524 pouvait atteindre les niveaux extraordinairement \u00e9lev\u00e9s de sang et de liquide c\u00e9phalorachidien n\u00e9cessaires pour traiter efficacement la maladie neurologique. Cependant, les chats atteints de PIF neurologique ont bien r\u00e9pondu \u00e0 Fipmed. En outre, certains chats qui ne r\u00e9pondaient pas \u00e0 un dosage exceptionnellement \u00e9lev\u00e9 de l&rsquo;injectable GS-441524 ont \u00e9galement \u00e9t\u00e9 inclus dans cette \u00e9tude. Un r\u00e9gime enti\u00e8rement oral permet de gu\u00e9rir un nombre croissant d&rsquo;animaux atteints de PIF neurologique. Cela s&rsquo;explique soit par une plus grande exp\u00e9rience de l&rsquo;utilisation d&rsquo;un traitement oral pour la PIF dans les cas difficiles, soit, plus probablement, par l&rsquo;am\u00e9lioration de la qualit\u00e9 de la formulation orale.<\/p>\n<h2><strong>Comment dois-je proc\u00e9der aux injections de GS ?<\/strong><\/h2>\n<p>La voie sous-cutan\u00e9e, parfois appel\u00e9e \u00ab\u00a0sous-cu\u00a0\u00bb, est un terme qui d\u00e9signe l&rsquo;administration d&rsquo;injections directement sous la peau. Chaque jour pendant au moins 12 semaines, les injections doivent \u00eatre administr\u00e9es presque toutes \u00e0 la m\u00eame heure toutes les 24 heures. Le muscle du chat ne doit PAS \u00eatre perc\u00e9 par l&rsquo;aiguille. Lorsque le GS est inject\u00e9, cela pique, mais d\u00e8s que l&rsquo;injection est termin\u00e9e, la g\u00eane s&rsquo;arr\u00eate. Nos utilisateurs ont produit un certain nombre de films utiles montrant comment ils s&rsquo;injectent, et il y en a beaucoup d&rsquo;autres sur YouTube. Il est pr\u00e9f\u00e9rable de demander \u00e0 votre v\u00e9t\u00e9rinaire d&rsquo;administrer la premi\u00e8re ou les deux premi\u00e8res piq\u00fbres et de vous montrer comment les administrer. Une visite quotidienne chez le v\u00e9t\u00e9rinaire peut \u00eatre n\u00e9cessaire pour les chats qui sont plus difficiles \u00e0 ma\u00eetriser pour les injections.<\/p>\n<h2>Conclusion<\/h2>\n<p>Par cons\u00e9quent, les propri\u00e9taires de chats devraient toujours commencer par utiliser la m\u00e9thode d&rsquo;injection pour le traitement de la PIF pour leurs chats et passer \u00e0 la prise de pilules apr\u00e8s environ 30 jours, en fonction de l&rsquo;\u00e9tat de sant\u00e9 de leurs chats. La prise de m\u00e9dicaments par injection ou par voie orale a ses avantages et ses inconv\u00e9nients et il appartient aux v\u00e9t\u00e9rinaires et aux propri\u00e9taires de chats de choisir la meilleure solution des deux pour les chats atteints de PIF.<\/p>\n","protected":false},"excerpt":{"rendered":"<p>Deux options s&rsquo;offrent \u00e0 vous lorsque vous choisissez le m\u00e9dicament antiviral GS-441524 pour le PIF chat traitement: les injections sous-cutan\u00e9es ou les g\u00e9lules ou pilules orales. Comment choisir celui qui conviendra le mieux \u00e0 votre chat ? Nous aborderons les avantages et les inconv\u00e9nients de chaque m\u00e9thode de traitement dans cet article, ainsi que le [&hellip;]<\/p>\n","protected":false},"author":11,"featured_media":2257,"parent":0,"menu_order":0,"comment_status":"closed","ping_status":"closed","template":"","meta":{"_glsr_average":0,"_glsr_ranking":0,"_glsr_reviews":0,"footnotes":""},"categories":[648],"tags":[495,443],"_links":{"self":[{"href":"https:\/\/fipmed.co\/fr\/wp-json\/wp\/v2\/pages\/15220"}],"collection":[{"href":"https:\/\/fipmed.co\/fr\/wp-json\/wp\/v2\/pages"}],"about":[{"href":"https:\/\/fipmed.co\/fr\/wp-json\/wp\/v2\/types\/page"}],"author":[{"embeddable":true,"href":"https:\/\/fipmed.co\/fr\/wp-json\/wp\/v2\/users\/11"}],"replies":[{"embeddable":true,"href":"https:\/\/fipmed.co\/fr\/wp-json\/wp\/v2\/comments?post=15220"}],"version-history":[{"count":0,"href":"https:\/\/fipmed.co\/fr\/wp-json\/wp\/v2\/pages\/15220\/revisions"}],"wp:featuredmedia":[{"embeddable":true,"href":"https:\/\/fipmed.co\/fr\/wp-json\/wp\/v2\/media\/2257"}],"wp:attachment":[{"href":"https:\/\/fipmed.co\/fr\/wp-json\/wp\/v2\/media?parent=15220"}],"wp:term":[{"taxonomy":"category","embeddable":true,"href":"https:\/\/fipmed.co\/fr\/wp-json\/wp\/v2\/categories?post=15220"},{"taxonomy":"post_tag","embeddable":true,"href":"https:\/\/fipmed.co\/fr\/wp-json\/wp\/v2\/tags?post=15220"}],"curies":[{"name":"wp","href":"https:\/\/api.w.org\/{rel}","templated":true}]}}