{"id":15222,"date":"2022-12-02T07:39:47","date_gmt":"2022-12-02T07:39:47","guid":{"rendered":"https:\/\/fipmed.co\/vaccin-contre-la-pif-et-autres-moyens-de-prevenir-la-pif-chez-les-chats\/"},"modified":"2024-04-23T10:03:13","modified_gmt":"2024-04-23T10:03:13","slug":"vaccin-pif-chat-et-autres-moyens-de-prevenir-la-pif-chez-les-chats","status":"publish","type":"page","link":"https:\/\/fipmed.co\/fr\/vaccin-pif-chat-et-autres-moyens-de-prevenir-la-pif-chez-les-chats\/","title":{"rendered":"Vaccin PIF chat et autres moyens de pr\u00e9venir la PIF chez les chats"},"content":{"rendered":"<p>La p\u00e9ritonite infectieuse f\u00e9line (PIF) est un virus incurable et souvent mortel qui touche moins d&rsquo;un pour cent des chats. Il n&rsquo;existe actuellement aucun vaccin PIF chat connu contre la PIF qui soit syst\u00e9matiquement efficace. C&rsquo;est pourquoi il est tr\u00e8s important d&#8217;emp\u00eacher les chats d&rsquo;attraper la maladie en raison de l&rsquo;absence de m\u00e9dicaments efficaces. Les propri\u00e9taires de chats doivent \u00eatre vigilants car ils sont responsables de la sant\u00e9 de leurs chats, surtout s&rsquo;ils en poss\u00e8dent plusieurs \u00e0 la fois.<\/p>\n<p>La PIF est l&rsquo;une des maladies les plus difficiles \u00e0 comprendre. Le diagnostic, la gestion et la pr\u00e9vention de cette maladie continueront \u00e0 faire l&rsquo;objet de d\u00e9bats.<\/p>\n<p>Il est peu probable que nous puissions \u00e9viter la PIF, car nous ignorons encore beaucoup de choses \u00e0 son sujet et parce que le coronavirus se transmet facilement \u00e0 de nombreux chats dans le monde. Bien qu&rsquo;il existe un vaccin contre la PIF, rien ne prouve qu&rsquo;il puisse pr\u00e9venir la maladie, c&rsquo;est pourquoi il n&rsquo;est pas conseill\u00e9 \u00e0 l&rsquo;heure actuelle.<\/p>\n<h1>Comprendre la PIF et la n\u00e9cessit\u00e9 des vaccinations<\/h1>\n<p>La PIF est un virus dangereux qui peut provoquer une maladie grave chez les chats et qui doit \u00eatre vaccin\u00e9 pour \u00e9viter sa propagation.<\/p>\n<h2>Qu&rsquo;est-ce que la PIF ?<\/h2>\n<p>La PIF, ou p\u00e9ritonite infectieuse f\u00e9line, est une infection virale affectant les chats et caus\u00e9e par certaines souches du coronavirus f\u00e9lin. Il s&rsquo;agit d&rsquo;une maladie extr\u00eamement contagieuse chez les chats, qui se propage rapidement par contact direct avec la salive, l&rsquo;urine, les excr\u00e9ments et la liti\u00e8re des chats infect\u00e9s.<\/p>\n<p>Souvent difficile \u00e0 diagnostiquer en raison de sa complexit\u00e9, la PIF peut affecter les chats de race pure ou de race al\u00e9atoire &#8211; en particulier les jeunes chatons &#8211; sans avertissement. En fonction de la gravit\u00e9 des sympt\u00f4mes, le traitement de la PIF peut comprendre des soins de soutien tels que des antibiotiques et des analg\u00e9siques, ainsi que des mesures plus intensives telles que l&rsquo;administration de fluides par voie intraveineuse ou directement dans l&rsquo;abdomen si n\u00e9cessaire.<\/p>\n<p>Bien qu&rsquo;il n&rsquo;existe pas encore de traitement garanti pour la PIF, la vaccination contre la maladie peut r\u00e9duire le risque chez les chats sensibles.<\/p>\n<h2>Pourquoi est-il important de se faire vacciner contre la PIF ?<\/h2>\n<p>La PIF est une maladie virale potentiellement mortelle chez les chats, caus\u00e9e par le coronavirus FCoV. Une fois que le chat a d\u00e9velopp\u00e9 la PIF, le taux de mortalit\u00e9 est presque certain. La vaccination contre ce virus peut contribuer \u00e0 prot\u00e9ger les chats contre l&rsquo;infection et la mort due \u00e0 la PIF.<\/p>\n<p>Malgr\u00e9 l&rsquo;efficacit\u00e9 limit\u00e9e des vaccins actuellement disponibles pour le traitement, la vaccination des chats contre ce virus mortel pourrait r\u00e9duire son incidence de mani\u00e8re significative si elle est effectu\u00e9e correctement, avec une administration efficace du vaccin et des vaccinations de suivi selon un protocole standard.<\/p>\n<p>Les chats doivent \u00eatre vaccin\u00e9s r\u00e9guli\u00e8rement et suivis de pr\u00e8s afin que l&rsquo;immunisation soit prise en compte lors de l&rsquo;\u00e9valuation des facteurs de risque associ\u00e9s aux infections ou \u00e0 l&rsquo;exposition due aux diff\u00e9rentes conditions environnementales qu&rsquo;ils peuvent rencontrer dans leur vie quotidienne, tout en r\u00e9duisant les injections d&rsquo;antiviraux qui auraient \u00e9t\u00e9 n\u00e9cessaires si le chat n&rsquo;avait pas \u00e9t\u00e9 vaccin\u00e9 du tout.<\/p>\n<h1>Types de vaccins contre la PIF<\/h1>\n<p>Actuellement, le seul vaccin contre la PIF disponible sur le march\u00e9 est Vanguard\u00ae Feline FIP Intranasal.<\/p>\n<h2>Vanguard\u00ae Feline FIP Intranasal<\/h2>\n<p>est un vaccin intranasal sans adjuvant d\u00e9velopp\u00e9 pour aider \u00e0 prot\u00e9ger les chats de 16 semaines ou plus contre la p\u00e9ritonite infectieuse f\u00e9line (PIF). La PIF est caus\u00e9e par le virus de la p\u00e9ritonite infectieuse f\u00e9line (FIPV) et peut entra\u00eener de graves complications, voire la mort.<\/p>\n<p>Ce vaccin est administr\u00e9 par voie intranasale en deux doses \u00e0 3-4 semaines d&rsquo;intervalle pour une protection optimale contre la PIF. Des \u00e9tudes ont montr\u00e9 que les chats vaccin\u00e9s avec la forme thermosensible du FIPV b\u00e9n\u00e9ficiaient d&rsquo;une protection mesurable contre la maladie par rapport \u00e0 ceux qui n&rsquo;\u00e9taient pas vaccin\u00e9s.<\/p>\n<p>En outre, Vanguard\u00ae propose \u00e9galement une forme injectable de ce vaccin pour la pr\u00e9vention des chatons et des chats adultes \u00e0 partir de 16 semaines. La vaccination de votre chat contre la PIF lui offre une protection essentielle contre un virus potentiellement mortel. Toutefois, ce n&rsquo;est qu&rsquo;un \u00e9l\u00e9ment de la protection de la sant\u00e9 de votre chat, et d&rsquo;autres pr\u00e9cautions doivent \u00eatre prises pour pr\u00e9server son bien-\u00eatre, comme la r\u00e9duction du niveau de stress, une alimentation appropri\u00e9e et des pr\u00e9cautions suppl\u00e9mentaires lorsqu&rsquo;il est en pension dans une chatterie ou un refuge o\u00f9 il peut entrer en contact avec d&rsquo;autres animaux porteurs de maladies contagieuses.<\/p>\n<h1>Avantages et risques de la vaccination contre la PIF<\/h1>\n<p>La vaccination de votre chat contre la PIF peut \u00eatre un moyen efficace de le prot\u00e9ger contre ce virus dangereux, mais il est important de comprendre les avantages et les risques potentiels associ\u00e9s au vaccin.<\/p>\n<h2>Avantages de la vaccination contre la PIF<\/h2>\n<ul>\n<li>Protection contre les maladies caus\u00e9es par les coronavirus f\u00e9lins, telles que les infections par le FIP et le FCoV.<\/li>\n<li>R\u00e9duction du risque de transmission de maladies d&rsquo;un chat \u00e0 l&rsquo;autre.<\/li>\n<li>Am\u00e9lioration de la qualit\u00e9 de vie des chats atteints de PIF et d&rsquo;infections \u00e0 FCoV gr\u00e2ce \u00e0 la pr\u00e9vention.<\/li>\n<li>Augmente la long\u00e9vit\u00e9 gr\u00e2ce \u00e0 la r\u00e9duction de la gravit\u00e9 ou m\u00eame \u00e0 la gu\u00e9rison potentielle des cas de PIF en cas de vaccination.<\/li>\n<\/ul>\n<h2>Risques li\u00e9s \u00e0 la vaccination contre la PIF (renforcement d\u00e9pendant des anticorps)<\/h2>\n<p>La vaccination contre la PIF peut comporter des risques li\u00e9s au renforcement d\u00e9pendant des anticorps (ADE), un processus par lequel les complexes anticorps-virus renforcent l&rsquo;infection. Il a \u00e9t\u00e9 d\u00e9montr\u00e9 que le FIPV lui-m\u00eame pr\u00e9sentait un effet ADE en pr\u00e9sence d&rsquo;anticorps anti-FIPV, ce qui a suscit\u00e9 des inqui\u00e9tudes lors de la mise au point de vaccins apparent\u00e9s.<\/p>\n<ol>\n<li>R\u00e9actions visc\u00e9rotropes anormales ayant entra\u00een\u00e9 la mort<\/li>\n<li>Infections persistantes qui n&rsquo;ont pas \u00e9t\u00e9 \u00e9limin\u00e9es efficacement lors de la revaccination<\/li>\n<li>Augmentation du taux de mortalit\u00e9 post-vaccinale par rapport au taux de mortalit\u00e9 pr\u00e9-vaccinale<\/li>\n<li>Modification de la r\u00e9partition des agents pathog\u00e8nes en comparant les animaux non infect\u00e9s et les animaux vaccin\u00e9s<\/li>\n<\/ol>\n<h1>Autres moyens de prot\u00e9ger votre chat contre la PIF<\/h1>\n<p>Il existe des mesures simples que vous pouvez prendre au quotidien pour garder votre chat en s\u00e9curit\u00e9 et en bonne sant\u00e9, notamment en r\u00e9duisant son niveau de stress, en maintenant une alimentation appropri\u00e9e et en prenant des pr\u00e9cautions suppl\u00e9mentaires lorsque vous \u00eates en pension.<\/p>\n<p>L&rsquo;American Association of Feline Practitioners ne conseille pas le vaccin contre la PIF, bien qu&rsquo;il existe. Lorsqu&rsquo;ils sont suffisamment \u00e2g\u00e9s (16 semaines) pour \u00eatre vaccin\u00e9s, la majorit\u00e9 des chats ont d\u00e9j\u00e0 \u00e9t\u00e9 expos\u00e9s au coronavirus f\u00e9lin, ce qui rend le vaccin moins efficace.<\/p>\n<p>Vous trouverez ci-dessous quelques exemples de tactiques de pr\u00e9vention visant \u00e0 r\u00e9duire le risque d&rsquo;exposition au coronavirus f\u00e9lin, mais gardez \u00e0 l&rsquo;esprit qu&rsquo;elles n&#8217;emp\u00eacheront pas la PIF.<\/p>\n<ul>\n<li>Gardez les bols d&rsquo;eau et de nourriture bien \u00e9loign\u00e9s du bac \u00e0 liti\u00e8re.<\/li>\n<li>Utilisez des bacs \u00e0 liti\u00e8re uniques pour chaque chat, ainsi qu&rsquo;un bac suppl\u00e9mentaire.<\/li>\n<li>Utilisez de l&rsquo;eau de Javel dilu\u00e9e pour nettoyer les espaces de vie et les bols de nourriture et d&rsquo;eau (1 volume d&rsquo;eau de Javel pour 32 volumes d&rsquo;eau).<\/li>\n<li>Pour r\u00e9duire la tension, offrez-lui un enrichissement de l&rsquo;environnement (par exemple, des jouets en forme de puzzle et des perchoirs pour chats).<\/li>\n<li>Si vous avez beaucoup de chats, ne gardez pas plus de trois chats par pi\u00e8ce afin d&rsquo;\u00e9viter la surpopulation.<\/li>\n<\/ul>\n<p>Les chats atteints de PIF souffrent d&rsquo;une maladie rare, compliqu\u00e9e et gravement mortelle. Emmenez votre chat chez le v\u00e9t\u00e9rinaire d\u00e8s que possible s&rsquo;il commence \u00e0 pr\u00e9senter des sympt\u00f4mes de la maladie.<\/p>\n<p>Lorsque les chatons sont \u00e9loign\u00e9s des sources d&rsquo;infection, les anticorps produits par la m\u00e8re les prot\u00e8gent contre l&rsquo;infection jusqu&rsquo;au sevrage, qui intervient g\u00e9n\u00e9ralement vers l&rsquo;\u00e2ge de 5 \u00e0 7 semaines. Le FCoV est un virus tr\u00e8s contagieux, c&rsquo;est pourquoi une telle protection exige une propret\u00e9 rigoureuse.<\/p>\n<h2>R\u00e9duire le stress<\/h2>\n<p>R\u00e9duire le stress chez les chats est l&rsquo;un des moyens les plus efficaces de les prot\u00e9ger contre la p\u00e9ritonite infectieuse f\u00e9line (PIF). Le stress peut affaiblir leur syst\u00e8me immunitaire et augmenter le risque de contracter des maladies comme la PIF.<\/p>\n<p>Vivre dans un environnement surpeupl\u00e9 ou chaotique, changer radicalement de routine, \u00eatre entour\u00e9 de personnes ou d&rsquo;animaux inconnus, souffrir de douleurs physiques et d&rsquo;inconfort sont autant de sources courantes de stress pour les f\u00e9lins.<\/p>\n<p>Les chats qui vivent dans des foyers \u00e0 plusieurs chats ou dans des refuges sont plus susceptibles de souffrir d&rsquo;un niveau de stress \u00e9lev\u00e9 en raison de la surpopulation. Il est donc important que les propri\u00e9taires lui offrent un environnement de vie enrichi avec de nombreuses cachettes et des moments de calme et de tranquillit\u00e9 loin des enfants et des autres animaux.<\/p>\n<p>En outre, faire participer votre chat \u00e0 des jeux interactifs en utilisant des jouets tels que des balles ou des baguettes permet de le maintenir actif sans causer de tensions inutiles \u00e0 son corps ou \u00e0 son esprit. L&rsquo;installation de diffuseurs de ph\u00e9romones dans la maison peut \u00e9galement contribuer \u00e0 cr\u00e9er une atmosph\u00e8re apaisante, sp\u00e9cialement con\u00e7ue pour r\u00e9duire l&rsquo;anxi\u00e9t\u00e9 des chats en leur rappelant qu&rsquo;ils sont en s\u00e9curit\u00e9 chez eux.<\/p>\n<h2>Fournir une alimentation ad\u00e9quate<\/h2>\n<p>La cl\u00e9 pour garder votre chat en bonne sant\u00e9 et r\u00e9duire le risque de PIF est de lui donner une alimentation \u00e9quilibr\u00e9e et riche en nutriments. L&rsquo;alimentation du chat doit comprendre des acides gras essentiels, des prot\u00e9ines, des fibres, de l&rsquo;eau et des vitamines, ainsi que d&rsquo;autres min\u00e9raux et micronutriments.<\/p>\n<p>Certains de ces nutriments vitaux peuvent \u00eatre obtenus par le biais d&rsquo;aliments tels que des l\u00e9gumes comme le brocoli ou les carottes qui contiennent de la vitamine A pour la sant\u00e9 des yeux ou des lentilles et de l&rsquo;huile de poisson qui contiennent des om\u00e9ga-3 qui aident \u00e0 soutenir le syst\u00e8me immunitaire tout en \u00e9vitant les aliments transform\u00e9s pour chats pleins d&rsquo;additifs.<\/p>\n<p>L&rsquo;alimentation biologique, dans la mesure du possible, permet de r\u00e9pondre \u00e0 tous les besoins alimentaires quotidiens et d&rsquo;\u00e9viter l&rsquo;ajout de compos\u00e9s toxiques susceptibles d&rsquo;affecter le bien-\u00eatre g\u00e9n\u00e9ral du f\u00e9lin.<\/p>\n<p>D&rsquo;autres compl\u00e9ments peuvent \u00e9galement \u00eatre n\u00e9cessaires si les chats ne parviennent pas \u00e0 couvrir leurs besoins nutritionnels quotidiens avec leurs seuls repas. Par exemple, si les chats ont tendance \u00e0 manquer d&rsquo;\u00e9nergie, un suppl\u00e9ment de fer peut \u00eatre n\u00e9cessaire pour lutter contre la fatigue et leur donner plus d&rsquo;\u00e9nergie pour rester actifs tout au long de la journ\u00e9e.<\/p>\n<p>&nbsp;<\/p>\n<h2>Pr\u00e9cautions pour l&#8217;embarquement<\/h2>\n<p>Une hygi\u00e8ne ad\u00e9quate et l&rsquo;absence de surpopulation sont des strat\u00e9gies cl\u00e9s pour minimiser la transmission de la PIF dans les internats. Pour prot\u00e9ger votre chat, assurez-vous que la pension est propre et bien entretenue.<\/p>\n<p>L&rsquo;assainissement doit faire partie int\u00e9grante du protocole de nettoyage, y compris la d\u00e9sinfection r\u00e9guli\u00e8re de toutes les surfaces et le respect strict des protocoles de lavage des mains pour les employ\u00e9s. En outre, il est important d&rsquo;\u00e9viter la surpopulation ; les chats doivent \u00eatre h\u00e9berg\u00e9s individuellement ou en petits groupes pendant leur s\u00e9jour afin de r\u00e9duire les risques de transmission du virus d&rsquo;un animal \u00e0 l&rsquo;autre.<\/p>\n<p>Lorsque vous envisagez d&rsquo;opter pour une pension, renseignez-vous sur la mani\u00e8re dont ces pr\u00e9cautions sont prises sur place &#8211; cela pourrait faire la diff\u00e9rence entre la s\u00e9curit\u00e9 de votre animal en bonne sant\u00e9 et son exposition \u00e0 une maladie hautement contagieuse.<\/p>\n<h2><strong>Pr\u00e9caution suppl\u00e9mentaire pour les foyers \u00e0 plusieurs chats<\/strong><\/h2>\n<p>Comme les chats atteints de PIF proviennent souvent de familles comptant plusieurs chats (plus de 5), de refuges pour animaux ou d&rsquo;\u00e9levages, le stress peut \u00eatre un facteur contributif.<\/p>\n<p>S\u00e9parez les chats atteints de la PIF des autres chats et lavez-vous fr\u00e9quemment les mains, surtout apr\u00e8s avoir balay\u00e9 ou nettoy\u00e9 la liti\u00e8re du chat malade. Les v\u00e9t\u00e9rinaires conseillent aux propri\u00e9taires d&rsquo;attendre environ un mois apr\u00e8s le d\u00e9c\u00e8s d&rsquo;un chat positif pour la PIF avant de ramener un nouveau chat \u00e0 la maison, afin de r\u00e9duire le risque d&rsquo;exposition au FCoV.<\/p>\n<p>Les v\u00e9t\u00e9rinaires conseillent d&rsquo;attendre au moins trois mois apr\u00e8s la mort d&rsquo;un chat atteint de PIF dans un foyer \u00e0 plusieurs chats pour voir si d&rsquo;autres chats du foyer pr\u00e9sentent des sympt\u00f4mes de PIF. Ces chats ont \u00e9t\u00e9 expos\u00e9s au FCoV et peuvent \u00eatre porteurs du virus, ce qui les rend dangereux pour les nouveaux chats qui entrent dans la maison.<\/p>\n<p>Le FCoV peut \u00eatre \u00e9limin\u00e9 en nettoyant avec de l&rsquo;eau de Javel dilu\u00e9e (1 part d&rsquo;eau de Javel pour 32 parts d&rsquo;eau). Gardez toujours un bac \u00e0 liti\u00e8re suppl\u00e9mentaire dans la maison pour chaque chat. Si vous avez trois chats, par exemple, vous devez disposer d&rsquo;au moins quatre bacs \u00e0 liti\u00e8re.<\/p>\n<p>Il a \u00e9t\u00e9 d\u00e9montr\u00e9 que l&rsquo;am\u00e9lioration de l&rsquo;habitat de votre chat peut r\u00e9duire le stress. Les catios, les arbres et les perchoirs pour chats d&rsquo;int\u00e9rieur, les perchoirs de fen\u00eatre, l&rsquo;utilisation d&rsquo;une ph\u00e9romone comme Feliway, les fontaines d&rsquo;eau, les jouets pour chats, les puzzles alimentaires et bien d&rsquo;autres choses encore en font partie.<\/p>\n<h2><\/h2>\n<h2>Conclusion<\/h2>\n<p>Tous les chats expos\u00e9s au coronavirus de la PIF ne contractent pas la maladie. Selon les estimations, 8 \u00e0 20 % des chats expos\u00e9s au virus et dans les colonies de chats o\u00f9 l&rsquo;existence de cette maladie est connue manifesteraient des sympt\u00f4mes cliniques de PIF. Les autres chats peuvent d\u00e9velopper une immunit\u00e9 \u00e0 la maladie ou ne pas y r\u00e9pondre. On ne sait pas pourquoi seul un faible pourcentage des chats expos\u00e9s au virus contractent la maladie.<\/p>\n<p>Il est bien connu que la principale d\u00e9fense de l&rsquo;organisme du chat contre la PIF est la r\u00e9ponse immunitaire \u00e0 m\u00e9diation cellulaire. Les chats dont l&rsquo;immunit\u00e9 \u00e0 m\u00e9diation cellulaire est faible peuvent \u00eatre plus sujets \u00e0 cette affection. Le m\u00e9canisme de d\u00e9fense humorale (anticorps) semble jouer un r\u00f4le dans certains d\u00e9c\u00e8s de f\u00e9lins en amplifiant les dommages caus\u00e9s par le virus de la PIF.<\/p>\n<p>Le seul vaccin disponible contre la PIF s&rsquo;est av\u00e9r\u00e9 efficace \u00e0 moins de 100 % et n&rsquo;est g\u00e9n\u00e9ralement pas recommand\u00e9 pour les chats \u00e0 titre pr\u00e9ventif. La pr\u00e9vention de la PIF doit donc passer par une r\u00e9duction du stress et des pratiques d&rsquo;hygi\u00e8ne ad\u00e9quates, tant \u00e0 la maison qu&rsquo;en pension ou en voyage avec des chats.<\/p>\n<p>Bien que les progr\u00e8s de la m\u00e9decine aient cr\u00e9\u00e9 de nouvelles options qui offrent un espoir dans la lutte contre la PIF, les propri\u00e9taires d&rsquo;animaux de compagnie responsables doivent rester vigilants et limiter l&rsquo;exposition de leur animal aux risques associ\u00e9s \u00e0 ce virus.<\/p>\n<p>&nbsp;<\/p>\n","protected":false},"excerpt":{"rendered":"<p>La p\u00e9ritonite infectieuse f\u00e9line (PIF) est un virus incurable et souvent mortel qui touche moins d&rsquo;un pour cent des chats. Il n&rsquo;existe actuellement aucun vaccin PIF chat connu contre la PIF qui soit syst\u00e9matiquement efficace. C&rsquo;est pourquoi il est tr\u00e8s important d&#8217;emp\u00eacher les chats d&rsquo;attraper la maladie en raison de l&rsquo;absence de m\u00e9dicaments efficaces. Les [&hellip;]<\/p>\n","protected":false},"author":11,"featured_media":2276,"parent":0,"menu_order":0,"comment_status":"closed","ping_status":"closed","template":"","meta":{"_glsr_average":0,"_glsr_ranking":0,"_glsr_reviews":0,"footnotes":""},"categories":[648],"tags":[443,444,513,514],"_links":{"self":[{"href":"https:\/\/fipmed.co\/fr\/wp-json\/wp\/v2\/pages\/15222"}],"collection":[{"href":"https:\/\/fipmed.co\/fr\/wp-json\/wp\/v2\/pages"}],"about":[{"href":"https:\/\/fipmed.co\/fr\/wp-json\/wp\/v2\/types\/page"}],"author":[{"embeddable":true,"href":"https:\/\/fipmed.co\/fr\/wp-json\/wp\/v2\/users\/11"}],"replies":[{"embeddable":true,"href":"https:\/\/fipmed.co\/fr\/wp-json\/wp\/v2\/comments?post=15222"}],"version-history":[{"count":0,"href":"https:\/\/fipmed.co\/fr\/wp-json\/wp\/v2\/pages\/15222\/revisions"}],"wp:featuredmedia":[{"embeddable":true,"href":"https:\/\/fipmed.co\/fr\/wp-json\/wp\/v2\/media\/2276"}],"wp:attachment":[{"href":"https:\/\/fipmed.co\/fr\/wp-json\/wp\/v2\/media?parent=15222"}],"wp:term":[{"taxonomy":"category","embeddable":true,"href":"https:\/\/fipmed.co\/fr\/wp-json\/wp\/v2\/categories?post=15222"},{"taxonomy":"post_tag","embeddable":true,"href":"https:\/\/fipmed.co\/fr\/wp-json\/wp\/v2\/tags?post=15222"}],"curies":[{"name":"wp","href":"https:\/\/api.w.org\/{rel}","templated":true}]}}