{"id":15226,"date":"2023-11-06T06:42:04","date_gmt":"2023-11-06T06:42:04","guid":{"rendered":"https:\/\/fipmed.co\/comment-les-chats-obtiennent-le-fip-qui-cause-le-fip-dans-les-chats\/"},"modified":"2024-04-25T05:25:55","modified_gmt":"2024-04-25T05:25:55","slug":"comment-les-chats-contractent-ils-la-pif-quilles-sont-les-causes-pif-chats","status":"publish","type":"page","link":"https:\/\/fipmed.co\/fr\/comment-les-chats-contractent-ils-la-pif-quilles-sont-les-causes-pif-chats\/","title":{"rendered":"Comment les chats contractent-ils la PIF : Quelles sont les causes PIF chats ?"},"content":{"rendered":"<h2>Comment les chats contractent-ils la PIF ? Quelles sont les causes PIF chats ?<\/h2>\n<p>Le coronavirus f\u00e9lin (FCoV) est la principale causes PIF chats, bien que d&rsquo;autres modes de transmission soient possibles.<\/p>\n<h3>Coronavirus f\u00e9lin (FCoV)<\/h3>\n<p>Le coronavirus f\u00e9lin (FCoV) est une infection virale courante chez les chats qui ne provoque g\u00e9n\u00e9ralement aucun sympt\u00f4me ou qui est seulement associ\u00e9e \u00e0 une l\u00e9g\u00e8re diarrh\u00e9e. Elle est tr\u00e8s contagieuse et peut se propager par contact direct, indirect ou par voie f\u00e9cale-orale entre les chats d&rsquo;un m\u00eame foyer.<\/p>\n<p>Le FCoV est un virus dot\u00e9 d&rsquo;une enveloppe et d&rsquo;un g\u00e9nome \u00e0 ARN simple brin. De nombreux d\u00e9sinfectants courants peuvent rapidement inactiver le virus, car il est assez faible. Les chats vivant dans des espaces restreints ou dans des situations o\u00f9 plusieurs chats sont pr\u00e9sents sont plus vuln\u00e9rables \u00e0 l&rsquo;exposition et \u00e0 la transmission.<\/p>\n<p>Le FCoV n&rsquo;est pas un virus zoonotique, ce qui signifie qu&rsquo;il n&rsquo;infecte pas couramment l&rsquo;homme. Cependant, quelques cas d&rsquo;infection humaine ont \u00e9t\u00e9 signal\u00e9s. Le FCoV se transmet le plus souvent par contact avec la salive, les s\u00e9cr\u00e9tions nasales et les excr\u00e9ments des chats malades, ainsi qu&rsquo;avec des objets contamin\u00e9s par le virus.<\/p>\n<p><strong>FECV (Coronavirus ent\u00e9rique f\u00e9lin) :<\/strong><\/p>\n<p>La version la moins virulente du virus est le FECV. Elle affecte principalement le tube digestif des chats. De nombreux chats infect\u00e9s sont asymptomatiques, ce qui signifie qu&rsquo;ils ne pr\u00e9sentent aucun signe clinique de la maladie. Le FECV peut provoquer des sympt\u00f4mes gastro-intestinaux mod\u00e9r\u00e9s tels que la diarrh\u00e9e chez certains patients, mais ils disparaissent normalement sans traitement. Les chats infect\u00e9s par le FECV peuvent excr\u00e9ter le virus dans leurs excr\u00e9ments, ce qui peut infecter d&rsquo;autres chats.<\/p>\n<p><strong>FIPV (virus de la p\u00e9ritonite infectieuse f\u00e9line) :<\/strong><\/p>\n<p>Le FIPV est la souche la plus dangereuse du virus qui peut causer la p\u00e9ritonite infectieuse f\u00e9line (PIF). Le FIPV peut r\u00e9sulter d&rsquo;une mutation du FECV chez le m\u00eame animal. La transition vers le FIPV est mal comprise et peut \u00eatre influenc\u00e9e par diverses circonstances, y compris la r\u00e9ponse immunologique du chat. Les chats infect\u00e9s par le FIPV peuvent pr\u00e9senter de la fi\u00e8vre, de la l\u00e9thargie, une perte de poids, une distension de l&rsquo;estomac (dans la forme humide) et un dysfonctionnement des organes.<\/p>\n<h2>Comment la PIF se transmet-elle ?<\/h2>\n<p>Le FCoV peut se propager par contact direct entre chats, par contamination indirecte d&rsquo;objets ou d&rsquo;environnements, par ingestion d&rsquo;excr\u00e9ments contenant le virus et par les gouttelettes respiratoires d&rsquo;un chat infect\u00e9.<\/p>\n<h3>Contact direct :<\/h3>\n<p>Les chats peuvent \u00eatre infect\u00e9s par le coronavirus f\u00e9lin (FCoV) et d\u00e9velopper par la suite la PIF par contact \u00e9troit et direct avec un chat infect\u00e9.<\/p>\n<p>Bien que le virus puisse survivre dans divers environnements, il n&rsquo;est pas transmissible par l&rsquo;air et n\u00e9cessite un contact direct pour \u00eatre transmis d&rsquo;un chat \u00e0 l&rsquo;autre. Cela signifie que les chats doivent entrer en contact avec un animal infect\u00e9 ou une surface contamin\u00e9e pour que le virus se propage.<\/p>\n<p>Le toilettage, le reniflage mutuel, les morsures, le partage des gamelles et d&rsquo;autres interactions \u00e9troites sont essentiels pour la transmission de la PIF entre chats, car de grandes quantit\u00e9s de virus doivent \u00eatre pr\u00e9sentes dans la salive et d&rsquo;autres fluides corporels pour que l&rsquo;infection se produise.<\/p>\n<p>Il est \u00e9galement important de noter que ce mode de transmission ne garantit pas l&rsquo;infection ; m\u00eame en cas d&rsquo;exposition directe, certains chats peuvent ne d\u00e9velopper aucun sympt\u00f4me en raison de leur constitution g\u00e9n\u00e9tique ou de l&rsquo;\u00e9tat de leur syst\u00e8me immunitaire qui leur conf\u00e8re une r\u00e9sistance.<\/p>\n<h3>Contact indirect :<\/h3>\n<p>Le virus peut \u00e9galement \u00eatre transmis indirectement par le biais d&rsquo;objets et d&rsquo;environnements contamin\u00e9s. Le virus peut survivre dans l&rsquo;environnement pendant plusieurs semaines si les conditions sont favorables.<\/p>\n<p>Cela signifie que m\u00eame si un chat n&rsquo;a pas \u00e9t\u00e9 en contact direct avec un f\u00e9lin infect\u00e9, il peut \u00eatre infect\u00e9 s&rsquo;il entre en contact avec le virus \u00e0 partir d&rsquo;autres sources. Par exemple, les chats peuvent \u00eatre expos\u00e9s \u00e0 la PIF par l&rsquo;interm\u00e9diaire de la liti\u00e8re ou de la nourriture contamin\u00e9e par la liti\u00e8re d&rsquo;un chat infect\u00e9, d&rsquo;autres chats qui se griffent et se mordent le pelage ou qui jouent dans des zones o\u00f9 un autre chat a d\u00e9pos\u00e9 ou excr\u00e9t\u00e9 des mati\u00e8res f\u00e9cales contenant le virus.<\/p>\n<p>C&rsquo;est pourquoi il est extr\u00eamement important de nettoyer r\u00e9guli\u00e8rement les lieux d&rsquo;aisance tels que les bacs \u00e0 liti\u00e8re \u00e0 l&rsquo;eau chaude et au savon (en n&rsquo;oubliant pas de changer de gants entre chaque utilisation) et de changer fr\u00e9quemment les surfaces absorbantes telles que les liti\u00e8res et les bols de nourriture lorsqu&rsquo;elles sont souill\u00e9es.<\/p>\n<p>En outre, une alimentation riche en nutriments et en antioxydants doit \u00eatre fournie pour aider \u00e0 soutenir le syst\u00e8me immunitaire g\u00e9n\u00e9ral des chats et maximiser leur d\u00e9fense contre les infections telles que la PIF.<\/p>\n<h3>Voie f\u00e9cale-orale :<\/h3>\n<p>Les chats peuvent \u00eatre infect\u00e9s en ing\u00e9rant le virus excr\u00e9t\u00e9 dans les excr\u00e9ments d&rsquo;un chat infect\u00e9. Cela peut se produire lorsqu&rsquo;un chat fait sa toilette apr\u00e8s avoir \u00e9t\u00e9 en contact avec des excr\u00e9ments ou une liti\u00e8re contamin\u00e9s.<\/p>\n<p>C&rsquo;est pourquoi il convient d&rsquo;\u00eatre extr\u00eamement prudent dans les foyers o\u00f9 vivent plusieurs chats, car une bonne hygi\u00e8ne est essentielle pour r\u00e9duire le risque d&rsquo;exposition \u00e0 la PIF. Tous les propri\u00e9taires doivent veiller \u00e0 l&rsquo;hygi\u00e8ne de leur foyer f\u00e9lin : nettoyer r\u00e9guli\u00e8rement les gamelles, \u00e9viter de partager les lits et les couvertures entre les chats de la maison et d\u00e9sinfecter une fois par semaine toutes les surfaces auxquelles ils pourraient avoir acc\u00e8s, telles que les tables, les lits qui ne sont pas encore \u00e9tanches, les endroits o\u00f9 les eaux us\u00e9es s&rsquo;\u00e9coulent, etc.<\/p>\n<h3>Gouttelettes respiratoires :<\/h3>\n<p>Cependant, la PIF peut \u00e9galement se transmettre d&rsquo;un chat \u00e0 l&rsquo;autre par le biais de gouttelettes respiratoires lorsqu&rsquo;un chat infect\u00e9 \u00e9ternue ou tousse. Bien que la transmission par voie respiratoire de la forme la plus virulente des coronavirus ent\u00e9riques f\u00e9lins (FCoV) soit moins fr\u00e9quente que d&rsquo;autres modes de transmission tels que le contact direct ou indirect, il est toujours possible pour un chat en bonne sant\u00e9 d&rsquo;inhaler le virus s&rsquo;il est suffisamment proche d&rsquo;un animal infect\u00e9 lorsqu&rsquo;il lib\u00e8re ces particules infectieuses.<\/p>\n<p>&nbsp;<\/p>\n<h2>FIP Facteurs de risque :<\/h2>\n<p>Les chats de moins de deux ans, de plus de dix ans, de race pure ou issus de chatteries, vivant dans des environnements surpeupl\u00e9s et ceux dont le syst\u00e8me immunitaire est affaibli sont plus susceptibles de d\u00e9velopper la PIF.<\/p>\n<h3>\u00c2ge : la PIF est plus fr\u00e9quemment observ\u00e9e chez les chats de moins de 2 ans et de plus de 10 ans. Les chatons et les chats \u00e2g\u00e9s semblent pr\u00e9senter un risque plus \u00e9lev\u00e9.<\/h3>\n<p>Les jeunes chats et les chats \u00e2g\u00e9s ont souvent un syst\u00e8me immunitaire immature ou affaibli qui les expose davantage au risque de d\u00e9velopper une PIF. Ces groupes d&rsquo;\u00e2ge ont \u00e9galement tendance \u00e0 \u00eatre expos\u00e9s plus fr\u00e9quemment au coronavirus f\u00e9lin, car ils peuvent vivre \u00e0 l&rsquo;int\u00e9rieur avec d&rsquo;autres chats, aller \u00e0 l&rsquo;ext\u00e9rieur pour des aventures ou entrer en contact avec d&rsquo;autres chats dans des refuges ou des chatteries.<\/p>\n<h3>Race : Certaines races, comme les chats de race ou ceux qui viennent de chatteries, peuvent pr\u00e9senter un risque plus \u00e9lev\u00e9 de PIF.<\/h3>\n<p>Les chats issus de chatteries ou de lign\u00e9es de race pure sont particuli\u00e8rement susceptibles de d\u00e9velopper la PIF. Les Abyssins, les Bengals, les Birmans, les Himalayens, les Ragdolls et les Rex pr\u00e9sentent un risque nettement plus \u00e9lev\u00e9 de contracter la maladie que les autres chats.<\/p>\n<p>D&rsquo;autres races de chats, notamment les birmans, les exotiques \u00e0 poil court, les manx, les persans et les bleus russes, sont \u00e9galement plus sensibles \u00e0 la PIF en raison de la g\u00e9n\u00e9tique et de leur exposition accrue dans les programmes d&rsquo;\u00e9levage.<\/p>\n<p>On pense que certains facteurs g\u00e9n\u00e9tiques associ\u00e9s aux chats persans (et aux races qui leur sont associ\u00e9es) les rendent l\u00e9g\u00e8rement moins aptes que les autres esp\u00e8ces f\u00e9lines \u00e0 contr\u00f4ler le virus responsable de la PIF, ce qui les rend plus vuln\u00e9rables \u00e0 l&rsquo;infection s&rsquo;ils entrent en contact avec lui.<\/p>\n<p>Il existe des preuves qui sugg\u00e8rent que les chats persans sont porteurs d'\u00a0\u00bball\u00e8les pr\u00e9disposants\u00a0\u00bb pour cette maladie, ce qui les rend vuln\u00e9rables lorsqu&rsquo;ils sont expos\u00e9s au virus responsable de la PIF. Les propri\u00e9taires de ces races orient\u00e9es doivent donc prendre des mesures pour mieux se d\u00e9fendre contre la propagation du virus parmi les membres des foyers \u00e0 chats multiples.<\/p>\n<h3>Conditions de vie surpeupl\u00e9es :<\/h3>\n<p>Les chats qui vivent dans un environnement surpeupl\u00e9 ou stressant ont un plus grand risque d&rsquo;entrer en contact avec le coronavirus f\u00e9lin, ce qui peut entra\u00eener une infection et le d\u00e9veloppement ult\u00e9rieur de la PIF.<\/p>\n<p>Parmi les facteurs de risque li\u00e9s \u00e0 la promiscuit\u00e9, citons la proximit\u00e9 avec d&rsquo;autres chats, le partage des ressources (comme les gamelles, les bacs \u00e0 liti\u00e8re et les lits) et l&rsquo;affaiblissement du syst\u00e8me immunitaire d\u00fb au stress.<\/p>\n<p>En particulier, l&rsquo;exposition \u00e0 d&rsquo;autres chats est un facteur important de transmission, car les chats infect\u00e9s excr\u00e8tent le virus dans leur salive ou leurs excr\u00e9ments. Les contacts \u00e9troits entre chats permettent au virus de se propager plus facilement.<\/p>\n<p>Dans les foyers o\u00f9 vivent plusieurs chats et dans les refuges, il est important de r\u00e9duire les risques de transmission en promouvant de bonnes pratiques d&rsquo;hygi\u00e8ne telles que la d\u00e9sinfection des surfaces avec un produit m\u00e9nager et le lavage r\u00e9gulier des mains entre les caresses aux diff\u00e9rents f\u00e9lins.<\/p>\n<h3>G\u00e9n\u00e9tique :<\/h3>\n<p>Certains chats peuvent avoir une pr\u00e9disposition g\u00e9n\u00e9tique qui les rend plus susceptibles de d\u00e9velopper la PIF. Cela peut \u00eatre li\u00e9 \u00e0 leur syst\u00e8me immunitaire ou \u00e0 leur capacit\u00e9 \u00e0 contr\u00f4ler le coronavirus f\u00e9lin.<\/p>\n<p>Le patrimoine g\u00e9n\u00e9tique d&rsquo;un chat peut le rendre plus vuln\u00e9rable \u00e0 l&rsquo;infection, soit en le rendant incapable de reconna\u00eetre et de combattre les particules virales envahissantes, soit en rendant ses membranes cellulaires moins r\u00e9sistantes au virus.<\/p>\n<p>Ils peuvent \u00e9galement rendre certaines cellules des chats sensibles \u00e0 une r\u00e9ponse immunitaire qui d\u00e9clenchera une inflammation entra\u00eenant d&rsquo;autres l\u00e9sions tissulaires. En outre, certains chats peuvent ne pas \u00eatre capables de contr\u00f4ler la r\u00e9plication de la dangereuse souche de coronavirus f\u00e9lin associ\u00e9e \u00e0 la PIF, augmentant ainsi leur susceptibilit\u00e9 \u00e0 d\u00e9velopper cette maladie.<\/p>\n<h3>Le stress :<\/h3>\n<p>Le stress affecte n\u00e9gativement le syst\u00e8me immunitaire des chats, r\u00e9duisant leur capacit\u00e9 \u00e0 lutter contre les infections. Les chats peuvent \u00eatre stress\u00e9s lorsqu&rsquo;ils subissent un changement important dans leur environnement ou leur routine, comme un d\u00e9m\u00e9nagement ou l&rsquo;arriv\u00e9e d&rsquo;un nouvel animal de compagnie.<\/p>\n<p>Lorsqu&rsquo;un chat est expos\u00e9 \u00e0 des facteurs de stress, son corps lib\u00e8re des hormones qui suppriment la production et la fonction de certaines cellules immunitaires. Les performances globales du syst\u00e8me immunitaire du chat diminuent, ce qui le rend plus vuln\u00e9rable non seulement \u00e0 la PIF, mais aussi \u00e0 d&rsquo;autres maladies, telles que celles caus\u00e9es par des parasites et des bact\u00e9ries.<\/p>\n<p>Il est important que les propri\u00e9taires de chats soient conscients de la fa\u00e7on dont le stress peut compromettre l&rsquo;immunit\u00e9 de leur animal et qu&rsquo;ils prennent des mesures pour en att\u00e9nuer les effets lorsque cela est possible. Par exemple, si vous introduisez un nouvel animal de compagnie ou un nouveau membre de la famille dans votre environnement domestique, il est pr\u00e9f\u00e9rable de le faire progressivement, afin de laisser \u00e0 vos animaux de compagnie le temps de s&rsquo;adapter sans se soumettre \u00e0 une trop grande pression.<\/p>\n<h3>\u00c9tat du syst\u00e8me immunitaire :<\/h3>\n<p>Le FeLV et le FIV sont des infections virales qui touchent les chats et qui s&rsquo;attaquent toutes deux \u00e0 leur syst\u00e8me immunitaire. Par cons\u00e9quent, les chats dont le syst\u00e8me immunitaire est affaibli par l&rsquo;un ou l&rsquo;autre de ces virus ont souvent des difficult\u00e9s \u00e0 lutter contre d&rsquo;autres maladies ou affections, y compris la PIF.<\/p>\n<p>Les chats atteints de maladies sous-jacentes telles que le FeLV ou le FIV peuvent \u00eatre moins capables d&rsquo;opposer une r\u00e9ponse efficace \u00e0 l&rsquo;infection par le coronavirus lorsqu&rsquo;ils y sont expos\u00e9s et sont plus susceptibles de succomber au d\u00e9veloppement de la maladie.<\/p>\n<p>Les chats mal nourris sont \u00e9galement susceptibles de d\u00e9velopper la PIF.<\/p>\n<h2>Moyens de pr\u00e9venir la PIF<\/h2>\n<p>Les propri\u00e9taires de chats peuvent contribuer \u00e0 r\u00e9duire le risque que leur animal contracte la PIF en le vaccinant r\u00e9guli\u00e8rement, en favorisant un syst\u00e8me immunitaire sain et en prenant des mesures d&rsquo;hygi\u00e8ne et de salubrit\u00e9 ad\u00e9quates.<\/p>\n<h3>Vaccination<\/h3>\n<p>La vaccination est l&rsquo;un des principaux moyens de r\u00e9duire le risque qu&rsquo;un chat d\u00e9veloppe la PIF. Il existe des vaccins qui aident \u00e0 prot\u00e9ger contre le coronavirus f\u00e9lin (FCoV), qui peut causer la PIF chez les chats.<\/p>\n<p>Ces vaccins ne sont pas totalement efficaces pour pr\u00e9venir l&rsquo;infection, mais ils peuvent r\u00e9duire les risques qu&rsquo;un chat expos\u00e9 d\u00e9veloppe une maladie clinique et pr\u00e9sente les sympt\u00f4mes graves associ\u00e9s \u00e0 la PIF.<\/p>\n<p>Il est important de noter que certains chats peuvent d\u00e9j\u00e0 avoir des anticorps \u00e0 la suite d&rsquo;une exposition ant\u00e9rieure et sont plus susceptibles de r\u00e9sister \u00e0 la vaccination ; cependant, les chats s\u00e9ron\u00e9gatifs pour le FCoV au moment de la vaccination semblent beaucoup moins susceptibles d&rsquo;\u00e9prouver ou de pr\u00e9senter des sympt\u00f4mes significatifs s&rsquo;ils sont infect\u00e9s par la suite.<\/p>\n<h3>Promouvoir un syst\u00e8me immunitaire sain<\/h3>\n<p>Garder le syst\u00e8me immunitaire du chat en bonne sant\u00e9 peut aider \u00e0 pr\u00e9venir la PIF. Une bonne alimentation est essentielle pour promouvoir une bonne sant\u00e9 et un syst\u00e8me immunitaire fort. Les chats doivent \u00eatre nourris avec des aliments de haute qualit\u00e9, adapt\u00e9s \u00e0 leur esp\u00e8ce et d\u00e9pourvus de substances de remplissage et de sous-produits.<\/p>\n<p>Limiter la quantit\u00e9 d&rsquo;aliments secs dans leur alimentation peut \u00e9galement contribuer \u00e0 r\u00e9duire l&rsquo;inflammation caus\u00e9e par les glucides alimentaires, ainsi que d&rsquo;autres maladies li\u00e9es \u00e0 une mauvaise alimentation telles que l&rsquo;ob\u00e9sit\u00e9, le diab\u00e8te et les infections des voies urinaires (IVU).<\/p>\n<p>Des examens physiques r\u00e9guliers avec votre v\u00e9t\u00e9rinaire permettent de s&rsquo;assurer que votre animal reste en bonne sant\u00e9 et que tout probl\u00e8me de sant\u00e9 est d\u00e9tect\u00e9 \u00e0 temps. Des vaccinations r\u00e9guli\u00e8res contre les maladies f\u00e9lines courantes telles que la maladie de Carr\u00e9 et la rage r\u00e9duiront \u00e9galement le risque d&rsquo;infection associ\u00e9 \u00e0 ces maladies.<\/p>\n<p>Si les chats vivent dans un environnement propice au stress ou \u00e0 la surpopulation, par exemple dans des foyers \u00e0 plusieurs chats ou dans des refuges et des centres de sauvetage, il peut \u00eatre utile de leur fournir des jouets et des griffoirs pour les enrichir, ainsi qu&rsquo;un espace suffisant entre chaque animal.<\/p>\n<h3>Mesures d&rsquo;hygi\u00e8ne et d&rsquo;assainissement<\/h3>\n<p>Il est important que les propri\u00e9taires de chats accordent une attention particuli\u00e8re \u00e0 la mise en \u0153uvre de mesures d&rsquo;hygi\u00e8ne et de salubrit\u00e9 autour de leurs chats afin de r\u00e9duire le risque de PIF. Le nettoyage r\u00e9gulier des bacs \u00e0 liti\u00e8re, des bols de nourriture et d&rsquo;eau, de la liti\u00e8re, des surfaces, des jouets et des cages d&rsquo;animaux permet de r\u00e9duire au minimum le contact avec le virus.<\/p>\n<p>Un bon lavage des mains apr\u00e8s avoir manipul\u00e9 des objets potentiellement contamin\u00e9s r\u00e9duit \u00e9galement le risque de transmission. Dans les foyers o\u00f9 vivent plusieurs animaux ou dans les refuges, il peut \u00eatre utile d&rsquo;avoir des zones distinctes utilis\u00e9es uniquement par chaque chat afin d&rsquo;\u00e9viter les contaminations crois\u00e9es.<\/p>\n<p>Lorsque vous vous occupez d&rsquo;un chat malade, pr\u00e9f\u00e9rez des gants jetables pour toutes les interactions jusqu&rsquo;\u00e0 la fin du traitement. En veillant \u00e0 ce que ces zones soient exemptes d&rsquo;excr\u00e9ments et d&rsquo;autres d\u00e9bris et en proposant des aliments frais, il est possible de r\u00e9duire la propagation de l&rsquo;infection d&rsquo;un animal \u00e0 l&rsquo;autre.<\/p>\n<h2>Conclusion<\/h2>\n<p>La p\u00e9ritonite infectieuse f\u00e9line (PIF) est une maladie virale grave dont on ne conna\u00eet pas le traitement chez les chats. G\u00e9n\u00e9ralement caus\u00e9e par une souche mut\u00e9e du coronavirus f\u00e9lin, la PIF est souvent fatale et peut affecter les chats de tout \u00e2ge et de toute race.<\/p>\n<p>Pour r\u00e9duire le risque que votre chat d\u00e9veloppe ce virus d\u00e9bilitant, il est recommand\u00e9 de le vacciner et de prendre des mesures pour promouvoir un syst\u00e8me immunitaire sain et maintenir une hygi\u00e8ne et une salubrit\u00e9 ad\u00e9quates.<\/p>\n<p>En fin de compte, il est important de savoir que m\u00eame si nous ne pourrons jamais \u00e9radiquer compl\u00e8tement la PIF, le respect de mesures pr\u00e9ventives saines peut contribuer \u00e0 prot\u00e9ger votre f\u00e9lin de l&rsquo;infection, ce qui lui \u00e9vitera de souffrir et lui \u00e9pargnera peut-\u00eatre la vie.<\/p>\n","protected":false},"excerpt":{"rendered":"<p>Comment les chats contractent-ils la PIF ? Quelles sont les causes PIF chats ? Le coronavirus f\u00e9lin (FCoV) est la principale causes PIF chats, bien que d&rsquo;autres modes de transmission soient possibles. Coronavirus f\u00e9lin (FCoV) Le coronavirus f\u00e9lin (FCoV) est une infection virale courante chez les chats qui ne provoque g\u00e9n\u00e9ralement aucun sympt\u00f4me ou qui [&hellip;]<\/p>\n","protected":false},"author":1,"featured_media":14056,"parent":0,"menu_order":0,"comment_status":"closed","ping_status":"closed","template":"","meta":{"_glsr_average":0,"_glsr_ranking":0,"_glsr_reviews":0,"footnotes":""},"categories":[648],"tags":[],"_links":{"self":[{"href":"https:\/\/fipmed.co\/fr\/wp-json\/wp\/v2\/pages\/15226"}],"collection":[{"href":"https:\/\/fipmed.co\/fr\/wp-json\/wp\/v2\/pages"}],"about":[{"href":"https:\/\/fipmed.co\/fr\/wp-json\/wp\/v2\/types\/page"}],"author":[{"embeddable":true,"href":"https:\/\/fipmed.co\/fr\/wp-json\/wp\/v2\/users\/1"}],"replies":[{"embeddable":true,"href":"https:\/\/fipmed.co\/fr\/wp-json\/wp\/v2\/comments?post=15226"}],"version-history":[{"count":0,"href":"https:\/\/fipmed.co\/fr\/wp-json\/wp\/v2\/pages\/15226\/revisions"}],"wp:featuredmedia":[{"embeddable":true,"href":"https:\/\/fipmed.co\/fr\/wp-json\/wp\/v2\/media\/14056"}],"wp:attachment":[{"href":"https:\/\/fipmed.co\/fr\/wp-json\/wp\/v2\/media?parent=15226"}],"wp:term":[{"taxonomy":"category","embeddable":true,"href":"https:\/\/fipmed.co\/fr\/wp-json\/wp\/v2\/categories?post=15226"},{"taxonomy":"post_tag","embeddable":true,"href":"https:\/\/fipmed.co\/fr\/wp-json\/wp\/v2\/tags?post=15226"}],"curies":[{"name":"wp","href":"https:\/\/api.w.org\/{rel}","templated":true}]}}