{"id":15228,"date":"2023-11-06T06:56:11","date_gmt":"2023-11-06T06:56:11","guid":{"rendered":"https:\/\/fipmed.co\/le-fip-est-il-contagieux-comment-le-fip-se-transmet-il\/"},"modified":"2024-04-23T08:57:48","modified_gmt":"2024-04-23T08:57:48","slug":"la-pif-est-elle-contagieuse-comment-la-pif-se-transmet-il","status":"publish","type":"page","link":"https:\/\/fipmed.co\/fr\/la-pif-est-elle-contagieuse-comment-la-pif-se-transmet-il\/","title":{"rendered":"La PIF est elle contagieuse? Comment la PIF se transmet-elle?"},"content":{"rendered":"<p>La PIF est elle contagieuse? Bien qu&rsquo;elle ne soit pas aussi contagieuse que d&rsquo;autres maladies f\u00e9lines, la PIF reste un virus infectieux et tout propri\u00e9taire de chat doit \u00eatre conscient des risques potentiels.<\/p>\n<h3>La p\u00e9ritonite infectieuse f\u00e9line (PIF) est g\u00e9n\u00e9ralement consid\u00e9r\u00e9e comme moins contagieuse que d&rsquo;autres maladies infectieuses f\u00e9lines courantes.<\/h3>\n<p>Par rapport \u00e0 d&rsquo;autres maladies infectieuses auxquelles les chats peuvent \u00eatre vuln\u00e9rables, la probabilit\u00e9 de transmission de la PIF est plus faible. La p\u00e9ritonite infectieuse f\u00e9line (PIF) est due \u00e0 une infection par le coronavirus f\u00e9lin (FCoV).<\/p>\n<p>Bien que ce virus soit contagieux et puisse se transmettre d&rsquo;un chat \u00e0 l&rsquo;autre, il est g\u00e9n\u00e9ralement consid\u00e9r\u00e9 comme moins contagieux que ceux li\u00e9s aux infections des voies respiratoires sup\u00e9rieures ou \u00e0 la panleucop\u00e9nie, particuli\u00e8rement mortelle.<\/p>\n<p>Il convient \u00e9galement de noter que la PIF n&rsquo;affecte pas tous les chats, m\u00eame lorsqu&rsquo;ils sont expos\u00e9s ; des facteurs tels que l&rsquo;\u00e2ge, la race, la g\u00e9n\u00e9tique, le niveau de stress et un certain nombre d&rsquo;autres facteurs influencent la probabilit\u00e9 qu&rsquo;ils d\u00e9veloppent la maladie apr\u00e8s avoir \u00e9t\u00e9 expos\u00e9s.<\/p>\n<h2>Types de virus de la PIF<\/h2>\n<p>La p\u00e9ritonite infectieuse f\u00e9line (PIF) est caus\u00e9e par deux virus distincts, le coronavirus ent\u00e9rique f\u00e9lin (FECV) et le coronavirus f\u00e9lin de type 2 (FCoV).<\/p>\n<h3>FECV<\/h3>\n<p>Le coronavirus f\u00e9lin (FCoV) est un virus hautement infectieux associ\u00e9 \u00e0 la p\u00e9ritonite infectieuse f\u00e9line (PIF). Il peut \u00eatre excr\u00e9t\u00e9 par les chats infect\u00e9s et la transmission se fait principalement par contact direct avec ces s\u00e9cr\u00e9tions ou les surfaces qui en contiennent.<\/p>\n<p>Il est donc propice \u00e0 la transmission par fomite, c&rsquo;est-\u00e0-dire le transfert de microbes entre les surfaces et les doigts vers la bouche. Pour r\u00e9duire la vuln\u00e9rabilit\u00e9 de votre chat aux infections par le FCoV, adoptez en permanence de bonnes habitudes d&rsquo;hygi\u00e8ne.<\/p>\n<p>Dans la mesure du possible, essayez \u00e9galement de r\u00e9duire le niveau de stress &#8211; gardez plusieurs chats dans des pi\u00e8ces s\u00e9par\u00e9es si n\u00e9cessaire &#8211; car des \u00e9tudes ont montr\u00e9 que les chats soumis \u00e0 un niveau de stress \u00e9lev\u00e9 sont plus susceptibles d&rsquo;attraper des maladies telles que la PIF en raison de l&rsquo;affaiblissement de leur syst\u00e8me immunitaire.<\/p>\n<h3>FCoV<\/h3>\n<p>Le coronavirus f\u00e9lin, commun\u00e9ment appel\u00e9 FCoV, est un agent pathog\u00e8ne viral infectieux appartenant \u00e0 la famille des Coronaviridae. Bien que le FCoV soit une cause relativement fr\u00e9quente de maladie gastro-intestinale l\u00e9g\u00e8re et spontan\u00e9ment r\u00e9solutive chez les chats, il peut \u00eatre excr\u00e9t\u00e9 de mani\u00e8re intermittente par les chats infect\u00e9s pendant plusieurs mois, voire plusieurs ann\u00e9es.<\/p>\n<p>Le virus a une faible sp\u00e9cificit\u00e9 d&rsquo;esp\u00e8ce, ce qui signifie que d&rsquo;autres animaux, tels que les chiens ou les animaux sauvages, peuvent \u00e9galement \u00eatre infect\u00e9s par ce virus.<\/p>\n<p>Le FCoV se transmet le plus souvent par contact direct entre deux chats, le porteur asymptomatique transmettant la maladie \u00e0 son insu \u00e0 un autre chat. Le virus peut \u00e9galement s&rsquo;introduire indirectement par le biais d&rsquo;objets contamin\u00e9s, tels que des plats de nourriture et d&rsquo;eau ou des jouets partag\u00e9s par plusieurs chats vivant sous le m\u00eame toit.<\/p>\n<p>Il est m\u00eame possible que les particules de l&rsquo;espace respiratoire, comme les squames de fourrure et les fluides respiratoires contenant de grandes quantit\u00e9s de particules virales, propagent des agents contagieux s&rsquo;ils sont inhal\u00e9s par les f\u00e9lins environnants.<\/p>\n<p>&nbsp;<\/p>\n<h2>Voici une comparaison g\u00e9n\u00e9rale de la contagiosit\u00e9 de la PIF par rapport \u00e0 d&rsquo;autres maladies infectieuses chez le chat :<\/h2>\n<p>La PIF est g\u00e9n\u00e9ralement consid\u00e9r\u00e9e comme moins contagieuse que la panleucop\u00e9nie, les infections des voies respiratoires sup\u00e9rieures, le FIV et le FeLV.<\/p>\n<h3>Panleucop\u00e9nie f\u00e9line (maladie de Carr\u00e9)<\/h3>\n<p>La panleucop\u00e9nie f\u00e9line, \u00e9galement connue sous le nom de maladie de Carr\u00e9, est une infection virale contagieuse chez les chats, caus\u00e9e par le parvovirus f\u00e9lin. Elle touche principalement les chatons et les chats non vaccin\u00e9s, mais peut infecter les f\u00e9lins de tous \u00e2ges et de toutes races.<\/p>\n<p>Le virus est pr\u00e9sent dans toutes les excr\u00e9tions, en particulier les f\u00e8ces, ce qui signifie qu&rsquo;il peut \u00eatre transmis tr\u00e8s facilement d&rsquo;un chat \u00e0 l&rsquo;autre par contact direct ou indirect.<\/p>\n<p>Les signes cliniques varient en fonction de la souche du virus et de l&rsquo;\u00e2ge du chat affect\u00e9 ; toutefois, les sympt\u00f4mes peuvent inclure : fi\u00e8vre ou temp\u00e9rature basse, l\u00e9thargie\/d\u00e9pression, perte d&rsquo;app\u00e9tit et vomissements, la diarrh\u00e9e contenant du sang \u00e9tant des indicateurs courants des infections par le FPlV.<\/p>\n<p>Dans certains cas, elle peut m\u00eame \u00eatre fatale si elle n&rsquo;est pas correctement diagnostiqu\u00e9e et trait\u00e9e imm\u00e9diatement. Il ne faut pas confondre cette maladie avec la p\u00e9ritonite infectieuse f\u00e9line (PIF), car bien qu&rsquo;elles pr\u00e9sentent des sympt\u00f4mes similaires, il s&rsquo;agit de deux virus diff\u00e9rents qui affectent les chats diff\u00e9remment.<\/p>\n<h3>Infections des voies respiratoires sup\u00e9rieures<\/h3>\n<p>Les infections des voies respiratoires sup\u00e9rieures (IVS) sont les maladies infectieuses les plus courantes chez les chats. Comme d&rsquo;autres maladies, les IRS peuvent \u00eatre caus\u00e9es par un certain nombre de virus et de bact\u00e9ries, notamment le calicivirus, l&rsquo;herp\u00e8svirus, l&rsquo;ad\u00e9novirus, Bordetella bronchiseptica et Chlamydophila felis.<\/p>\n<p>Les sympt\u00f4mes peuvent \u00eatre les suivants : \u00e9ternuements ou toux, congestion ou \u00e9coulement nasal, rougeur ou \u00e9coulement oculaire, manque d&rsquo;app\u00e9tit, fi\u00e8vre, l\u00e9thargie, ulc\u00e9ration de la bouche et de la gorge et d\u00e9shydratation.<\/p>\n<p>Bien que plus rare que les autres infections des voies respiratoires sup\u00e9rieures, le virus de la leuc\u00e9mie f\u00e9line (FeLV) est \u00e9galement parfois associ\u00e9 \u00e0 cette infection, bien qu&rsquo;il ne provoque aucun sympt\u00f4me.<\/p>\n<p>La mani\u00e8re la plus courante dont les chats contractent une infection des voies respiratoires sup\u00e9rieures est le contact avec un autre chat infect\u00e9, directement ou indirectement &#8211; par exemple en se toilettant l&rsquo;un l&rsquo;autre pendant qu&rsquo;ils jouent ou en partageant leurs bols de nourriture ou leur liti\u00e8re &#8211; mais la transmission par voie a\u00e9rienne \u00e0 partir d&rsquo;objets contamin\u00e9s tels que des particules de poussi\u00e8re emport\u00e9es par le vent et porteuses de l&rsquo;agent infectieux peut \u00e9galement se produire.<\/p>\n<h3>Virus de l&rsquo;immunod\u00e9ficience f\u00e9line (FIV) et virus de la leuc\u00e9mie f\u00e9line (FeLV)<\/h3>\n<p>Il s&rsquo;agit de deux r\u00e9trovirus qui attaquent les cellules du chat impliqu\u00e9es dans la r\u00e9ponse immunitaire, rendant les chats plus sensibles \u00e0 d&rsquo;autres infections. Le FIV se transmet le plus souvent par des morsures profondes, tandis que le FeLV se transmet principalement de la m\u00e8re au chaton ou par la salive et les s\u00e9cr\u00e9tions nasales.<\/p>\n<p>Ces deux virus peuvent entra\u00eener une diminution de l&rsquo;immunit\u00e9, ce qui augmente le risque d&rsquo;infections opportunistes persistantes et r\u00e9currentes, telles que le S kinneria turicensis, la Bartonella henselae, le virus de la stomatite (FHV) et lacal\u0438\u0441ilitis.<\/p>\n<p>Ils sont tous deux connus pour provoquer le syndrome d&rsquo;immunod\u00e9ficience (similaire au VIH\/sida chez l&rsquo;homme), qui diminue l&rsquo;immunit\u00e9 naturelle des chats contre des maladies telles que le cancer et les maladies bact\u00e9riennes.<\/p>\n<p>&nbsp;<\/p>\n<h2>Comment la PIF se transmet-elle ?<\/h2>\n<p>La PIF se transmet g\u00e9n\u00e9ralement par contact direct, contact indirect, voie f\u00e9cale-orale et gouttelettes respiratoires. En savoir plus pour mieux comprendre comment votre chat peut \u00eatre affect\u00e9 et prendre des pr\u00e9cautions !<\/p>\n<h3>Contact direct<\/h3>\n<p>Le contact direct est le moyen le plus simple et le plus courant pour les chats de contracter la PIF. Un chat infect\u00e9 peut transmettre son virus directement \u00e0 un autre par contact direct, par exemple en se toilettant mutuellement ou en partageant sa gamelle ou sa liti\u00e8re.<\/p>\n<p>En outre, le virus peut \u00e9galement \u00eatre transmis par des interactions physiques plus \u00e9troites, comme les c\u00e2lins avec des propri\u00e9taires qui ont r\u00e9cemment \u00e9t\u00e9 en contact avec des chats connus pour \u00eatre porteurs du FCoV.<\/p>\n<p>Un autre facteur important est la propagation du FCoV d&rsquo;un chat \u00e0 l&rsquo;autre par des gouttelettes \u00e9ternu\u00e9es. Bien que cette forme de transmission soit moins fr\u00e9quente que d&rsquo;autres infections, elle reste l&rsquo;un des modes de propagation de l&rsquo;infection entre les animaux.<\/p>\n<p>Il est donc essentiel que les propri\u00e9taires d&rsquo;animaux de compagnie apprennent \u00e0 ces derniers \u00e0 adopter de bonnes habitudes d&rsquo;hygi\u00e8ne et fassent toujours tr\u00e8s attention lorsqu&rsquo;ils se blottissent contre leurs chatons.<\/p>\n<h3>Contact indirect<\/h3>\n<p>Le contact indirect peut jouer un r\u00f4le important dans la transmission de la p\u00e9ritonite infectieuse f\u00e9line (PIF). Il s&rsquo;agit du contact avec des surfaces ou des objets contamin\u00e9s qui ont \u00e9t\u00e9 touch\u00e9s par un chat infect\u00e9, connus sous le nom de fomites.<\/p>\n<p>Les fomites tels que les v\u00eatements, les jouets et le mat\u00e9riel de toilettage peuvent contaminer la fourrure d&rsquo;un chat et porter le virus pendant une courte p\u00e9riode avant qu&rsquo;il ne disparaisse de ces surfaces. Comme les chats se toilettent souvent et toilettent d&rsquo;autres chats, ils risquent d&rsquo;\u00eatre infect\u00e9s par ce biais, m\u00eame s&rsquo;il n&rsquo;y a pas eu de contact direct entre eux.<\/p>\n<p>Non seulement le virus peut \u00eatre transmis indirectement par contact avec des mati\u00e8res humides telles que les bols d&rsquo;eau, mais les mati\u00e8res s\u00e8ches telles que les liti\u00e8res peuvent \u00e9galement servir de vecteur si de la salive ou des f\u00e8ces contenant des particules sont entr\u00e9es en contact avec une surface qui est ensuite touch\u00e9e par un autre chat.<\/p>\n<p>Les foyers \u00e0 plusieurs chats ou les environnements surpeupl\u00e9s peuvent \u00eatre particuli\u00e8rement propices \u00e0 la transmission indirecte du virus, car il existe de nombreuses surfaces susceptibles d&rsquo;\u00eatre contamin\u00e9es fr\u00e9quemment.<\/p>\n<h3>Voie f\u00e9cale-orale<\/h3>\n<p>La voie f\u00e9cale-orale est l&rsquo;un des modes de transmission les plus courants de la PIF chez les chats. Le coronavirus f\u00e9lin (FCoV) peut \u00eatre pr\u00e9sent dans la salive des chats infect\u00e9s, mais il se transmet principalement par contact avec des excr\u00e9ments contamin\u00e9s par un chat infect\u00e9.<\/p>\n<p>Ce type de transmission se produit lorsqu&rsquo;un chat non infect\u00e9 consomme du mat\u00e9riel qui est entr\u00e9 en contact avec le complexe viral \u00e0 partir d&rsquo;une liti\u00e8re ou d&rsquo;une autre surface, comme les bols de nourriture et la liti\u00e8re.<\/p>\n<p>En raison de sa nature transmissible, la promiscuit\u00e9 augmente le risque de transmission en raison des niveaux \u00e9lev\u00e9s de contamination f\u00e9cale. Dans les foyers o\u00f9 il y a plusieurs chats, les propri\u00e9taires doivent s\u00e9parer leurs chats et leur fournir des soins et une attention individualis\u00e9s chaque fois que cela est possible.<\/p>\n<p>Cela signifie qu&rsquo;il faut donner \u00e0 chaque chat son propre bac \u00e0 liti\u00e8re, facile d&rsquo;acc\u00e8s pour le nettoyer apr\u00e8s utilisation.<\/p>\n<p>Il est \u00e9galement important de ne pas se contenter d&rsquo;un nettoyage r\u00e9gulier, mais de d\u00e9sinfecter chaque semaine les surfaces utilis\u00e9es par tous les chats dans les foyers \u00e0 plusieurs chats, afin de r\u00e9duire le risque de transmission.<\/p>\n<h3>Gouttelettes respiratoires<\/h3>\n<p>La PIF se transmet rarement par les gouttelettes respiratoires \u00e9ternu\u00e9es ou touss\u00e9es. Le virus peut se propager dans l&rsquo;air et contaminer l&rsquo;environnement du chat, mais il n\u00e9cessite un contact \u00e9troit pour se transmettre d&rsquo;un animal \u00e0 l&rsquo;autre.<\/p>\n<p>Les chats vivant dans des conditions de promiscuit\u00e9, par exemple dans des refuges ou des colonies, sont plus expos\u00e9s au risque de contracter la PIF en raison de la proximit\u00e9 entre les animaux.<\/p>\n<p>Lorsque les humains manipulent des chats infectieux, ils doivent adopter une bonne hygi\u00e8ne personnelle, en particulier lorsqu&rsquo;ils \u00e9ternuent et toussent en pr\u00e9sence d&rsquo;autres chats dont le niveau d&rsquo;immunit\u00e9 est plus faible et qui peuvent \u00eatre plus susceptibles d&rsquo;attraper la PIF.<\/p>\n<p>Par ailleurs, l&rsquo;utilisation de techniques de d\u00e9sinfection efficaces et la st\u00e9rilisation r\u00e9guli\u00e8re des zones expos\u00e9es \u00e0 du mat\u00e9riel infect\u00e9, comme la literie, la vaisselle, les d\u00e9chets, etc.<\/p>\n<h2>Facteurs influen\u00e7ant la pr\u00e9disposition de votre chat \u00e0 la PIF<\/h2>\n<p>L&rsquo;\u00e2ge, la race, les conditions de vie, la g\u00e9n\u00e9tique, le stress et l&rsquo;\u00e9tat du syst\u00e8me immunitaire peuvent tous influencer le risque de PIF chez les chats.<\/p>\n<h3>L&rsquo;\u00e2ge<\/h3>\n<p>Les chats de moins de deux ans sont le plus souvent touch\u00e9s par la PIF, avec environ 80 % de tous les cas apparaissant chez les chats de cette tranche d&rsquo;\u00e2ge. Les chatons \u00e2g\u00e9s de 4 \u00e0 12 mois pr\u00e9sentent le risque le plus \u00e9lev\u00e9 de contracter la PIF ; pr\u00e8s de la moiti\u00e9 des chats diagnostiqu\u00e9s appartiennent \u00e0 ce groupe d&rsquo;\u00e2ge.<\/p>\n<p>M\u00eame les chatons les plus jeunes peuvent \u00eatre vuln\u00e9rables \u00e0 la transmission du virus en raison de leur syst\u00e8me immunitaire non d\u00e9velopp\u00e9 et de leur sensibilit\u00e9 aux facteurs de stress environnementaux.<\/p>\n<p>En outre, certaines races, comme les siamois ou les birmans, peuvent \u00eatre plus sujettes \u00e0 la PIF en raison d&rsquo;une disposition g\u00e9n\u00e9tique, m\u00eame si la PIF n&rsquo;est pas d\u00e9termin\u00e9e uniquement par la race elle-m\u00eame. Les gu\u00e9pards sont \u00e9galement plus susceptibles de d\u00e9velopper une p\u00e9ritonite infectieuse f\u00e9line que les autres races de chats en raison d&rsquo;une d\u00e9ficience de leur immunit\u00e9 cellulaire qui les rend tr\u00e8s vuln\u00e9rables.<\/p>\n<h3>Race<\/h3>\n<p>Les propri\u00e9taires de chats de race doivent \u00eatre particuli\u00e8rement conscients de leur vuln\u00e9rabilit\u00e9 \u00e0 la PIF. Les chats de race pure sont plus susceptibles que les chats de race mixte de d\u00e9velopper une PIF en raison d&rsquo;une d\u00e9ficience g\u00e9n\u00e9tique de leur immunit\u00e9 cellulaire, et certaines races telles que les gu\u00e9pards, les Persans, les Bengals et les Scottish Fold sont particuli\u00e8rement pr\u00e9dispos\u00e9es.<\/p>\n<p>Ce risque plus \u00e9lev\u00e9 peut \u00eatre attribu\u00e9 en partie \u00e0 la fa\u00e7on dont ces races particuli\u00e8res ont \u00e9t\u00e9 d\u00e9velopp\u00e9es par des pratiques de consanguinit\u00e9 avec une diversit\u00e9 g\u00e9n\u00e9tique limit\u00e9e ou des cycles de reproduction acc\u00e9l\u00e9r\u00e9s, ce qui entra\u00eene une vuln\u00e9rabilit\u00e9 accrue aux maladies graves en raison de l&rsquo;augmentation de la duplication des g\u00e8nes pr\u00e9sente lorsque des paires de g\u00e8nes homozygotes se retrouvent ensemble au sein d&rsquo;un m\u00eame animal.<\/p>\n<p>En raison de ce risque accru associ\u00e9 aux chats de race, il est important que les propri\u00e9taires de ces chats &#8211; ainsi que ceux qui s&rsquo;occupent de chats d&rsquo;autres races &#8211; comprennent la sensibilit\u00e9 de leur animal afin de pouvoir prendre les pr\u00e9cautions n\u00e9cessaires et g\u00e9rer leur sant\u00e9 de mani\u00e8re plus efficace.<\/p>\n<p>La vaccination de votre chat contre les maladies infectieuses courantes telles que la maladie de Carr\u00e9 ou les infections respiratoires sup\u00e9rieures r\u00e9duira les risques d&rsquo;infection ; l&rsquo;adaptation des besoins alimentaires en fonction des niveaux de r\u00e9silience, l&rsquo;exercice en fonction des caract\u00e9ristiques physiques ; la limitation de l&rsquo;exposition en contr\u00f4lant les situations de promiscuit\u00e9, etc.<\/p>\n<h3>Conditions de vie surpeupl\u00e9es<\/h3>\n<p>La promiscuit\u00e9 peut avoir un impact consid\u00e9rable sur les chats et leur sant\u00e9. La promiscuit\u00e9 est source de stress suppl\u00e9mentaire pour les chats, ce qui peut \u00eatre pr\u00e9judiciable car cela affaiblit le syst\u00e8me immunitaire au fil du temps et augmente la probabilit\u00e9 d&rsquo;attraper ou de transmettre des infections, notamment la p\u00e9ritonite infectieuse f\u00e9line (PIF).<\/p>\n<p>Le stress est particuli\u00e8rement dangereux pour les jeunes chatons qui n&rsquo;ont pas encore acquis une immunit\u00e9 optimale. Outre les cons\u00e9quences psychologiques li\u00e9es \u00e0 la surpopulation, la proximit\u00e9 physique entre les individus peut faciliter la transmission directe entre chats par la salive, le l\u00e9chage ou la toux de s\u00e9cr\u00e9tions respiratoires contamin\u00e9es.<\/p>\n<p>En outre, le contact indirect avec du mat\u00e9riel infectieux, comme les excr\u00e9ments d&rsquo;un chat infect\u00e9 sur des plats de nourriture ou des griffoirs qui sont ensuite utilis\u00e9s par des chats non infect\u00e9s, augmente le risque de propagation de la PIF dans un environnement surpeupl\u00e9 comme les refuges et les chatteries.<\/p>\n<p>C&rsquo;est pourquoi il est essentiel de disposer d&rsquo;un espace suffisant pour votre (vos) chat(s) afin d&rsquo;am\u00e9liorer son (leur) bien-\u00eatre g\u00e9n\u00e9ral et d&rsquo;accro\u00eetre sa (leur) r\u00e9sistance aux maladies courantes, y compris \u00e0 la PIF.<\/p>\n<h3>G\u00e9n\u00e9tique<\/h3>\n<p>La g\u00e9n\u00e9tique joue un r\u00f4le dans la p\u00e9ritonite infectieuse f\u00e9line (PIF) et peut devenir un indicateur important pour d\u00e9terminer sa propagation. Des \u00e9tudes ont montr\u00e9 que les chats m\u00e2les sont plus fr\u00e9quemment touch\u00e9s que les chats femelles, ce qui souligne l&rsquo;influence potentielle du sexe sur le d\u00e9veloppement de la PIF et le risque d&rsquo;infection.<\/p>\n<p>Les chats de Birmanie, par exemple, ont \u00e9t\u00e9 fortement associ\u00e9s \u00e0 certains facteurs g\u00e9n\u00e9tiques li\u00e9s \u00e0 la PIF. Les chats de race pure ou de race al\u00e9atoire peuvent \u00eatre susceptibles de contracter le virus par l&rsquo;interm\u00e9diaire du coronavirus ou par transmission d&rsquo;un autre chat atteint, mais ceux qui poss\u00e8dent des g\u00e8nes parfois pr\u00e9sents dans des races sp\u00e9cifiques peuvent transmettre leur risque plus \u00e9lev\u00e9 \u00e0 leur prog\u00e9niture.<\/p>\n<p>En ce qui concerne la reproduction, si l&rsquo;un des parents est infect\u00e9 par un type appropri\u00e9 de virus viral tel que le coronavirus ent\u00e9rique f\u00e9lin (FeCV), les chatons peuvent potentiellement recevoir un brin qui peut plus tard les amener \u00e0 d\u00e9velopper la PIF, m\u00eame sans contact avec d&rsquo;autres animaux infect\u00e9s.<\/p>\n<p>Malheureusement, comme ce transfert se produit au moment de la conception, il y a peu de chances d&rsquo;inhiber les dommages caus\u00e9s par un g\u00e8ne h\u00e9rit\u00e9, ce qui am\u00e8ne les propri\u00e9taires \u00e0 envisager d&rsquo;autres moyens de prot\u00e9ger leur animal contre ce type de maladies.<\/p>\n<h3>Le stress<\/h3>\n<p>En tant que propri\u00e9taires de chats, il est important de savoir que le stress peut contribuer au d\u00e9veloppement de la p\u00e9ritonite infectieuse f\u00e9line (PIF). Lorsque les chats sont stress\u00e9s en raison d&rsquo;une relocalisation, d&rsquo;une intervention chirurgicale r\u00e9cente ou d&rsquo;infections concomitantes, leur r\u00e9ponse immunitaire est compromise et ils sont plus susceptibles de contracter la PIF.<\/p>\n<p>Dans un environnement surpeupl\u00e9 o\u00f9 plusieurs chats se c\u00f4toient, les niveaux de stress peuvent augmenter rapidement, ce qui affaiblit encore plus l&rsquo;immunit\u00e9 et augmente la susceptibilit\u00e9 \u00e0 l&rsquo;infection par la PIF.<\/p>\n<p>En tant que parents responsables, vous pouvez prendre certaines mesures pour r\u00e9duire le risque que votre animal d\u00e9veloppe la PIF : veillez \u00e0 ce que les membres pacifiques de la famille disposent d&rsquo;un espace suffisant \u00e0 l&rsquo;\u00e9cart les uns des autres afin d&rsquo;\u00e9viter toute comp\u00e9tition pour les ressources ; cr\u00e9ez une routine quotidienne fiable &#8211; cela permet d&rsquo;\u00e9viter le stress ; proposez de nombreuses activit\u00e9s enrichissantes telles que des griffoirs et des jouets &#8211; cela permet aux chats de rester actifs non seulement physiquement, mais aussi mentalement ; offrez r\u00e9guli\u00e8rement des r\u00e9compenses telles que des friandises ou des croquettes afin de montrer l&rsquo;estime que vous portez \u00e0 votre animal.<\/p>\n<p>Enfin, veillez \u00e0 vous occuper r\u00e9guli\u00e8rement de votre animal de compagnie : lui donner de l&rsquo;amour et de l&rsquo;attention favorise le lien, ce qui r\u00e9duit le sentiment d&rsquo;abandon et, par cons\u00e9quent, les inqui\u00e9tudes qui se manifestent sous forme de sympt\u00f4mes de stress.<\/p>\n<h3>\u00c9tat du syst\u00e8me immunitaire<\/h3>\n<p>L&rsquo;immunit\u00e9 du chat joue un r\u00f4le important dans le d\u00e9veloppement de la PIF. Les chats dont le syst\u00e8me immunitaire est affaibli sont plus susceptibles de contracter ce virus, tandis que ceux dont le syst\u00e8me immunitaire est fort et fonctionnel peuvent pr\u00e9senter une r\u00e9sistance naturelle.<\/p>\n<p>L&rsquo;\u00e2ge est un facteur qui affecte l&rsquo;immunit\u00e9 d&rsquo;un chat et le risque de d\u00e9velopper la PIF. En effet, les chats \u00e2g\u00e9s ont g\u00e9n\u00e9ralement une immunit\u00e9 plus faible que les jeunes f\u00e9lins, ce qui augmente leur sensibilit\u00e9.<\/p>\n<p>Certaines races sont \u00e9galement plus ou moins r\u00e9sistantes aux agents pathog\u00e8nes tels que la PIF. Les chats de race sont souvent g\u00e9n\u00e9tiquement pr\u00e9dispos\u00e9s \u00e0 certaines maladies, dont la PIF, mais certains chats domestiques peuvent \u00e9galement \u00eatre r\u00e9sistants pour des raisons g\u00e9n\u00e9tiques.<\/p>\n<p>Le stress peut \u00e9galement diminuer l&rsquo;immunit\u00e9 et rendre plus difficile la lutte contre les infections telles que la p\u00e9ritonite infectieuse f\u00e9line. Des d\u00e9sagr\u00e9ments ou des changements qui peuvent sembler mineurs peuvent perturber consid\u00e9rablement les habitudes de la maison et d\u00e9clencher des crises dans le syst\u00e8me de d\u00e9fense immunitaire de votre chaton, ce qui peut le rendre vuln\u00e9rable.<\/p>\n<p>M\u00eame les gu\u00e9pards gard\u00e9s en captivit\u00e9 sont sujets \u00e0 la PIF en raison d&rsquo;une d\u00e9ficience g\u00e9n\u00e9tique inhibant des composants sp\u00e9cifiques de leur immunit\u00e9 cellulaire, ce qui les rend tr\u00e8s sensibles.<\/p>\n<h2>Conclusion<\/h2>\n<p>La p\u00e9ritonite infectieuse f\u00e9line (PIF) n&rsquo;est g\u00e9n\u00e9ralement pas consid\u00e9r\u00e9e comme une maladie tr\u00e8s contagieuse, bien qu&rsquo;elle puisse se propager par contact avec les excr\u00e9ments et par transmission respiratoire. De bonnes pratiques d&rsquo;hygi\u00e8ne sont importantes pour r\u00e9duire le risque de PIF, tandis que la r\u00e9duction du stress chez les chats est \u00e9galement essentielle pour emp\u00eacher la mutation du virus.<\/p>\n<p>Bien que la PIF ne soit pas aussi fr\u00e9quente ou facile \u00e0 propager que d&rsquo;autres maladies f\u00e9lines, elle m\u00e9rite d&rsquo;\u00eatre prise en consid\u00e9ration par tous les propri\u00e9taires d&rsquo;animaux de compagnie qui souhaitent comprendre l&rsquo;infection et ses risques potentiels.<\/p>\n","protected":false},"excerpt":{"rendered":"<p>La PIF est elle contagieuse? Bien qu&rsquo;elle ne soit pas aussi contagieuse que d&rsquo;autres maladies f\u00e9lines, la PIF reste un virus infectieux et tout propri\u00e9taire de chat doit \u00eatre conscient des risques potentiels. La p\u00e9ritonite infectieuse f\u00e9line (PIF) est g\u00e9n\u00e9ralement consid\u00e9r\u00e9e comme moins contagieuse que d&rsquo;autres maladies infectieuses f\u00e9lines courantes. Par rapport \u00e0 d&rsquo;autres maladies [&hellip;]<\/p>\n","protected":false},"author":1,"featured_media":14044,"parent":0,"menu_order":0,"comment_status":"closed","ping_status":"closed","template":"","meta":{"_glsr_average":0,"_glsr_ranking":0,"_glsr_reviews":0,"footnotes":""},"categories":[648],"tags":[],"_links":{"self":[{"href":"https:\/\/fipmed.co\/fr\/wp-json\/wp\/v2\/pages\/15228"}],"collection":[{"href":"https:\/\/fipmed.co\/fr\/wp-json\/wp\/v2\/pages"}],"about":[{"href":"https:\/\/fipmed.co\/fr\/wp-json\/wp\/v2\/types\/page"}],"author":[{"embeddable":true,"href":"https:\/\/fipmed.co\/fr\/wp-json\/wp\/v2\/users\/1"}],"replies":[{"embeddable":true,"href":"https:\/\/fipmed.co\/fr\/wp-json\/wp\/v2\/comments?post=15228"}],"version-history":[{"count":0,"href":"https:\/\/fipmed.co\/fr\/wp-json\/wp\/v2\/pages\/15228\/revisions"}],"wp:featuredmedia":[{"embeddable":true,"href":"https:\/\/fipmed.co\/fr\/wp-json\/wp\/v2\/media\/14044"}],"wp:attachment":[{"href":"https:\/\/fipmed.co\/fr\/wp-json\/wp\/v2\/media?parent=15228"}],"wp:term":[{"taxonomy":"category","embeddable":true,"href":"https:\/\/fipmed.co\/fr\/wp-json\/wp\/v2\/categories?post=15228"},{"taxonomy":"post_tag","embeddable":true,"href":"https:\/\/fipmed.co\/fr\/wp-json\/wp\/v2\/tags?post=15228"}],"curies":[{"name":"wp","href":"https:\/\/api.w.org\/{rel}","templated":true}]}}