{"id":15230,"date":"2022-12-02T07:50:40","date_gmt":"2022-12-02T07:50:40","guid":{"rendered":"https:\/\/fipmed.co\/supplements-nutritionnels-pour-les-chats-atteints-de-pif\/"},"modified":"2024-01-09T04:05:59","modified_gmt":"2024-01-09T04:05:59","slug":"supplements-nutritionnels-pour-les-chats-atteints-de-pif","status":"publish","type":"page","link":"https:\/\/fipmed.co\/fr\/supplements-nutritionnels-pour-les-chats-atteints-de-pif\/","title":{"rendered":"Suppl\u00e9ments nutritionnels pour les chats atteints de PIF"},"content":{"rendered":"<p>Il est recommand\u00e9 de donner \u00e0 votre chat des vitamines et des suppl\u00e9ments pour que ses reins et son foie restent sains et forts pendant le traitement de la PIF. Des organes internes en bonne sant\u00e9 augmentent la capacit\u00e9 du corps \u00e0 r\u00e9sister aux infections et \u00e0 se remettre d&rsquo;une maladie. Il n&rsquo;y a actuellement aucun effet secondaire connu lorsque des vitamines et des suppl\u00e9ments sont administr\u00e9s en m\u00eame temps que le GS-441524 pendant le traitement de la PIF.<\/p>\n<h2><strong>Vitamines<\/strong><\/h2>\n<p>Vitamine B12 : extr\u00eamement s\u00fbres, les injections sous-cutan\u00e9es de B12 peuvent \u00eatre administr\u00e9es chaque semaine aux chats pour les aider \u00e0 lutter contre l&rsquo;an\u00e9mie et \u00e0 soutenir leur syst\u00e8me immunitaire.<\/p>\n<p>Avec Pet Tinic ou un produit comparable, il est possible d&rsquo;apporter une aide vitaminique quotidienne.<\/p>\n<p>La B12 se trouve g\u00e9n\u00e9ralement dans les aliments d&rsquo;origine animale, tels que la viande, le poisson, les \u0153ufs et le foie.<\/p>\n<p>Cependant, un chat atteint de PIF \u00e9puisera rapidement ses r\u00e9serves, ce qui n\u00e9cessitera un r\u00e9approvisionnement.<\/p>\n<p>La vitamine B12 contribue \u00e0 la production et \u00e0 l&rsquo;entretien des globules rouges.<\/p>\n<ul>\n<li>La B12 pr\u00e9serve la sant\u00e9 du syst\u00e8me neurologique (cellules nerveuses et my\u00e9linisation normale &#8211; les gaines graisseuses qui recouvrent et prot\u00e8gent les terminaisons nerveuses). Elle est cruciale pour les processus nerveux et cognitifs.<\/li>\n<li>La B12 pr\u00e9serve la sant\u00e9 des intestins afin d&rsquo;assurer une digestion et une absorption ad\u00e9quates des aliments ainsi que le m\u00e9tabolisme des graisses et des glucides.<\/li>\n<\/ul>\n<h2><strong>pour la PIF<\/strong><\/h2>\n<p><strong>Gabapentine<\/strong>: Un analg\u00e9sique l\u00e9ger qui peut \u00eatre pris par voie orale 60 \u00e0 90 minutes avant les injections. Lorsqu&rsquo;il est administr\u00e9 correctement, ce m\u00e9dicament ne fait qu&rsquo;att\u00e9nuer temporairement l&rsquo;inconfort de l&rsquo;injection, sans pour autant endormir votre chat ou le placer sous s\u00e9datifs.<\/p>\n<p><strong>Cr\u00e8me \u00e0 la lidoca\u00efne<\/strong>: Cette cr\u00e8me peut \u00eatre appliqu\u00e9e sur la peau du chat 30 minutes avant l&rsquo;injection du GS441 afin d&rsquo;att\u00e9nuer la piq\u00fbre. Utilisez uniquement la lotion sans alo\u00e8s, car les chats sont extr\u00eamement toxiques pour l&rsquo;alo\u00e8s.<\/p>\n<p><strong>\u00c9corce d&rsquo;orme rouge<\/strong>: Le sirop d&rsquo;\u00e9corce d&rsquo;orme rouge est un rem\u00e8de enti\u00e8rement naturel contre les naus\u00e9es, les vomissements et d&rsquo;autres affections.<\/p>\n<p><strong>Denamarin<\/strong>: Le suppl\u00e9ment de foie de chat Denamarin Comprim\u00e9s renforce les niveaux d&rsquo;antioxydants.<\/p>\n<p><strong>Silymarine (chardon-marie) :<\/strong> Utilisez ce compl\u00e9ment naturel, bien connu pour sa capacit\u00e9 \u00e0 renforcer et \u00e0 pr\u00e9server le foie, pour am\u00e9liorer la sant\u00e9 h\u00e9patique de votre chat.<\/p>\n<p><u>Il est recommand\u00e9, lorsque vous traitez la PIF avec GS411, de donner \u00e0 votre chat de la d\u00e9namarine ou de la silymarine afin de soutenir au mieux son foie.<\/u><\/p>\n<h2><strong>Ne pas donner de L-lysine aux chats atteints de PIF<\/strong><\/h2>\n<p>Bien que la L-lysine soit fr\u00e9quemment utilis\u00e9e contre l&rsquo;herp\u00e8svirus f\u00e9lin et pour renforcer le syst\u00e8me immunitaire, de nouvelles recherches ont montr\u00e9 qu&rsquo;elle ne pr\u00e9sentait pas d&rsquo;avantages \u00e9vidents. En outre, les chats FCoV+, les chats susceptibles de d\u00e9velopper une PIF et les chats atteints de PIF ne doivent pas prendre de L-lysine.<\/p>\n<h2><strong>Moducare et le syst\u00e8me immunitaire<\/strong><\/h2>\n<p>L&rsquo;immunit\u00e9 est essentielle. Le meilleur moyen de se prot\u00e9ger contre une maladie est d&rsquo;avoir un syst\u00e8me immunitaire fort. Il est essentiel de construire et de maintenir un syst\u00e8me immunitaire fort. Si n\u00e9cessaire, Moducare aide \u00e0 ajuster la r\u00e9ponse du syst\u00e8me immunitaire.<\/p>\n<h2><strong>Alimentation du chat atteint de PIF<\/strong><\/h2>\n<p>Donner aux chats atteints de la PIF quelques pilchards, saumons, sardines ou autres poissons riches en om\u00e9ga-3 Augmenter l&rsquo;apport en acides gras om\u00e9ga 3 anti-inflammatoires de l&rsquo;alimentation du chat. Du vrai poisson est disponible dans les plats en conserve d&rsquo;Applaws et d&rsquo;Almo Nature. Attention toutefois au risque d&rsquo;hypervitaminose A (formation excessive d&rsquo;os au niveau des articulations) et r\u00e9examinez la situation au bout de 6 semaines si vous donnez trop de poisson v\u00e9ritable.<\/p>\n<p>N&rsquo;oubliez pas de donner au gardien du chat des instructions sur la mani\u00e8re de changer progressivement de nourriture sur une p\u00e9riode de plusieurs semaines ; sinon, le chat engloutira la nouvelle nourriture pendant quelques jours avant de s&rsquo;en d\u00e9go\u00fbter et de ne plus jamais y toucher ! Donner un nouvel aliment pour un repas, revenir \u00e0 l&rsquo;alimentation habituelle du chat pour les repas suivants, puis proposer \u00e0 nouveau une petite quantit\u00e9 du nouvel aliment, et ainsi de suite, en augmentant progressivement la fr\u00e9quence des nouveaux aliments, jusqu&rsquo;\u00e0 ce que le fait de servir un aliment diff\u00e9rent \u00e0 chaque repas devienne une routine pour le chat. Il faudra au moins un mois pour introduire efficacement de nouveaux repas.<\/p>\n<p>L&rsquo;alimentation crue, comme le b\u0153uf cru, est \u00e9galement riche en nutriments dont le chat a besoin. Donnez-lui de la viande crue (le b\u0153uf est le meilleur) \u00e0 chaque repas. Il contient de nombreuses propri\u00e9t\u00e9s anti-inflammatoires et renforce le syst\u00e8me immunitaire de votre chat.<\/p>\n<h2><strong>VITAMINES suppl\u00e9mentaires pouvant \u00eatre administr\u00e9es au chat atteint de PIF<\/strong><\/h2>\n<p><strong>Vitamine A (facultatif)  <\/strong><\/p>\n<p>La vitamine A est un antioxydant. Une suppl\u00e9mentation en vitamine A n&rsquo;est pas n\u00e9cessaire pour les chats recevant fr\u00e9quemment des repas \u00e0 base de poisson. Le b\u00eata-carot\u00e8ne ne peut pas \u00eatre m\u00e9tabolis\u00e9 par les chats, il faut donc leur donner de la vitamine A sous forme de poisson ou d&rsquo;huile de poisson, comme l&rsquo;huile de foie de fl\u00e9tan. Il est pr\u00e9f\u00e9rable d&rsquo;inclure du vrai poisson dans le r\u00e9gime alimentaire plut\u00f4t que de se contenter de suppl\u00e9ments. Cependant, l&rsquo;hypervitaminose A entra\u00eene un affaissement excessif des os au niveau des articulations, c&rsquo;est pourquoi il faut \u00e9viter de l&rsquo;utiliser de mani\u00e8re syst\u00e9matique pendant plus de 4 \u00e0 6 semaines.<\/p>\n<p><strong>Complexe de vitamines B (facultatif)  <\/strong><\/p>\n<p>La multivitamine B est un bon stimulant de l&rsquo;app\u00e9tit, disponible en pharmacie ou dans les magasins de produits di\u00e9t\u00e9tiques. Thiamine, vitamine B1 (facultatif &#8211; si on ne donne pas de complexe B) administr\u00e9e par voie orale (c&rsquo;est-\u00e0-dire par la bouche ou dans la nourriture).<\/p>\n<p><strong>Vitamine C (acide ascorbique) (facultatif)  <\/strong><\/p>\n<p>La vitamine C est un antioxydant. La vitamine C ne doit \u00eatre utilis\u00e9e que pendant quelques semaines, car elle peut entra\u00eener la formation de cristaux d&rsquo;oxalate dans l&rsquo;urine si elle est prise pendant une p\u00e9riode prolong\u00e9e. Dose : 125 milligrammes administr\u00e9s par voie orale ou par l&rsquo;interm\u00e9diaire de la nourriture deux fois par jour.<\/p>\n<p>Dans ce contexte, les propri\u00e9taires de chats devraient \u00eatre plus ouverts \u00e0 l&rsquo;id\u00e9e de donner des suppl\u00e9ments \u00e0 leurs chats pour les aider dans le processus de traitement de la PIF, car ces diff\u00e9rents suppl\u00e9ments peuvent \u00eatre b\u00e9n\u00e9fiques pour la sant\u00e9 de leurs chats. Cependant, il faut garder \u00e0 l&rsquo;esprit que tous les compl\u00e9ments ne sont pas sans risque car ils peuvent avoir des r\u00e9sultats diff\u00e9rents en fonction du dosage du compl\u00e9ment et du physique du chat.<\/p>\n","protected":false},"excerpt":{"rendered":"<p>Il est recommand\u00e9 de donner \u00e0 votre chat des vitamines et des suppl\u00e9ments pour que ses reins et son foie restent sains et forts pendant le traitement de la PIF. Des organes internes en bonne sant\u00e9 augmentent la capacit\u00e9 du corps \u00e0 r\u00e9sister aux infections et \u00e0 se remettre d&rsquo;une maladie. Il n&rsquo;y a actuellement [&hellip;]<\/p>\n","protected":false},"author":11,"featured_media":2295,"parent":0,"menu_order":0,"comment_status":"closed","ping_status":"closed","template":"","meta":{"_glsr_average":0,"_glsr_ranking":0,"_glsr_reviews":0,"footnotes":""},"categories":[648],"tags":[470,443],"_links":{"self":[{"href":"https:\/\/fipmed.co\/fr\/wp-json\/wp\/v2\/pages\/15230"}],"collection":[{"href":"https:\/\/fipmed.co\/fr\/wp-json\/wp\/v2\/pages"}],"about":[{"href":"https:\/\/fipmed.co\/fr\/wp-json\/wp\/v2\/types\/page"}],"author":[{"embeddable":true,"href":"https:\/\/fipmed.co\/fr\/wp-json\/wp\/v2\/users\/11"}],"replies":[{"embeddable":true,"href":"https:\/\/fipmed.co\/fr\/wp-json\/wp\/v2\/comments?post=15230"}],"version-history":[{"count":0,"href":"https:\/\/fipmed.co\/fr\/wp-json\/wp\/v2\/pages\/15230\/revisions"}],"wp:featuredmedia":[{"embeddable":true,"href":"https:\/\/fipmed.co\/fr\/wp-json\/wp\/v2\/media\/2295"}],"wp:attachment":[{"href":"https:\/\/fipmed.co\/fr\/wp-json\/wp\/v2\/media?parent=15230"}],"wp:term":[{"taxonomy":"category","embeddable":true,"href":"https:\/\/fipmed.co\/fr\/wp-json\/wp\/v2\/categories?post=15230"},{"taxonomy":"post_tag","embeddable":true,"href":"https:\/\/fipmed.co\/fr\/wp-json\/wp\/v2\/tags?post=15230"}],"curies":[{"name":"wp","href":"https:\/\/api.w.org\/{rel}","templated":true}]}}