{"id":15232,"date":"2022-12-02T08:10:56","date_gmt":"2022-12-02T08:10:56","guid":{"rendered":"https:\/\/fipmed.co\/types-de-pif-du-chat\/"},"modified":"2024-11-06T08:24:32","modified_gmt":"2024-11-06T08:24:32","slug":"types-de-pif-du-chat","status":"publish","type":"page","link":"https:\/\/fipmed.co\/fr\/types-de-pif-du-chat\/","title":{"rendered":"4 types de PIF du chat : PIF humide, PIF s\u00e8che, PIF oculaire et PIF neurologique"},"content":{"rendered":"<p>La p\u00e9ritonite infectieuse f\u00e9line (PIF) est une maladie courante et mortelle pour les chats. En outre, il existe plus d&rsquo;une variante et peut affecter un chat de diff\u00e9rentes mani\u00e8res. Dans cet article, nous parlerons des diff\u00e9rents types de PIF qui peuvent se manifester.<\/p>\n<h2><strong>Types de PIF chez le chat<\/strong><\/h2>\n<p>La PIF peut se manifester de trois mani\u00e8res diff\u00e9rentes : une forme humide, effusive et exsudative ; une forme s\u00e8che, granulomateuse, parenchymateuse et non effusive ; et une forme mixte. Une p\u00e9ritonite fibrineuse, une pleurite ou une p\u00e9ricardite avec des \u00e9panchements dans l&rsquo;abdomen, le thorax et\/ou le p\u00e9ricarde, respectivement, sont des caract\u00e9ristiques du premier type. Le SNC et d&rsquo;autres organes, y compris les yeux, pr\u00e9sentent des alt\u00e9rations granulomateuses dans la deuxi\u00e8me variante, qui ne pr\u00e9sente pas d&rsquo;\u00e9panchements \u00e9vidents. Comme chaque chat atteint de PIF pr\u00e9sente un \u00e9panchement \u00e0 des degr\u00e9s divers ainsi que des alt\u00e9rations organiques plus ou moins granulomateuses, il a \u00e9t\u00e9 \u00e9tabli qu&rsquo;il n&rsquo;est pas utile de diff\u00e9rencier ces types (et que cela n&rsquo;est b\u00e9n\u00e9fique que pour la m\u00e9thode de diagnostic). Les formes peuvent \u00e9galement se transformer l&rsquo;une en l&rsquo;autre. Ainsi, la PIF peut simplement \u00eatre plus ou moins productive ou exsudative chez un chat particulier \u00e0 un moment pr\u00e9cis.<\/p>\n<h2><strong>Diff\u00e9rences entre la PIF s\u00e8che et la PIF humide<\/strong><\/h2>\n<p><strong>FIP \u00ab\u00a0sec\u00a0\u00bb non effusif<\/strong><\/p>\n<p>Chez certains f\u00e9lins, il n&rsquo;y a pas ou peu d&rsquo;accumulation de liquide dans le cas d&rsquo;une PIF \u00ab\u00a0s\u00e8che\u00a0\u00bb ou non effusive. Dans la forme s\u00e8che, les yeux, le cerveau, le foie, l&rsquo;intestin ou d&rsquo;autres organes du corps sont souvent gravement enflamm\u00e9s, ce qui peut entra\u00eener un certain nombre de sympt\u00f4mes cliniques. Pour de nombreux chats atteints de PIF non effusive, les probl\u00e8mes oculaires sont le seul sympt\u00f4me clinique.<\/p>\n<p>Lorsqu&rsquo;une maladie s&rsquo;installe, la majorit\u00e9 des personnes touch\u00e9es se d\u00e9t\u00e9riorent rapidement, mais certains chats peuvent fonctionner normalement pendant quelques semaines. Malheureusement, presque tous les cas de cette maladie entra\u00eenent la mort.<\/p>\n<p>Seule une petite partie des chats expos\u00e9s au coronavirus f\u00e9lin, m\u00eame ceux qui ont le potentiel de <a href=\"\/?page_id=13322\" target=\"_blank\" rel=\"noopener\">provoquer la PIF<\/a>, sont capables de se d\u00e9fendre contre lui, ce qui entra\u00eene une maladie clinique chez la plupart des chats infect\u00e9s. Toutefois, comme nous l&rsquo;avons d\u00e9j\u00e0 mentionn\u00e9, les personnes qui tombent malades d\u00e9c\u00e8dent presque invariablement.<\/p>\n<p><strong>FIP \u00ab\u00a0humide\u00a0\u00bb effusif<\/strong><\/p>\n<p>L&rsquo;accumulation de liquide dans la poitrine ou le ventre, qui peut rendre la respiration difficile, est le sympt\u00f4me clinique caract\u00e9ristique de la PIF effusive. Le manque d&rsquo;app\u00e9tit, la fi\u00e8vre, la perte de poids, la jaunisse et la diarrh\u00e9e sont d&rsquo;autres sympt\u00f4mes.<\/p>\n<h2><strong>DIAGNOSTIC DU FIP HUMIDE ET DU FIP SEC  <\/strong><\/h2>\n<p><strong>Diagnostic de la PIF effusive<\/strong><\/p>\n<p>Le type effusif de la maladie est aujourd&rsquo;hui plus facile \u00e0 diagnostiquer qu&rsquo;il ne l&rsquo;\u00e9tait auparavant. La PIF effusive peut \u00eatre diagnostiqu\u00e9e si l&rsquo;on trouve de l&rsquo;ARN viral dans un \u00e9chantillon de l&rsquo;\u00e9panchement (liquide \u00e9vacu\u00e9 du corps), par exemple en utilisant une r\u00e9action en cha\u00eene de la transcription inverse de la polym\u00e9rase (RT-PCR). Cependant, cela n\u00e9cessite l&rsquo;envoi d&rsquo;un \u00e9chantillon \u00e0 un laboratoire v\u00e9t\u00e9rinaire ext\u00e9rieur. Plusieurs diagnostics disponibles \u00e0 l&rsquo;h\u00f4pital v\u00e9t\u00e9rinaire permettent d&rsquo;\u00e9carter rapidement un diagnostic de PIF exub\u00e9rant, notamment<\/p>\n<ol>\n<li>V\u00e9rifiez la teneur en prot\u00e9ines totales de l&rsquo;\u00e9panchement ; si elle est inf\u00e9rieure \u00e0 35 g\/l, la PIF est tr\u00e8s improbable.<\/li>\n<li>D\u00e9terminer le rapport albumine\/globuline dans l&rsquo;\u00e9panchement ; s&rsquo;il est sup\u00e9rieur \u00e0 0,8, la PIF est exclue ; s&rsquo;il est inf\u00e9rieur \u00e0 0,4, la PIF est une affection potentiellement diagnostiquable mais incertaine.<\/li>\n<li>Inspecter les cellules de l&rsquo;\u00e9panchement ; si la majorit\u00e9 d&rsquo;entre elles sont des lymphocytes (un type de globules blancs), le diagnostic de PIF est exclu.<\/li>\n<\/ol>\n<p><strong>Diagnostic de la PIF non effusive<\/strong><\/p>\n<p>Les indications cliniques de la PIF non effusive \u00e9tant g\u00e9n\u00e9ralement plus ambigu\u00ebs et variables que celles de la PIF effusive, la liste des diagnostics diff\u00e9rentiels est beaucoup plus longue. Lorsque les conditions suivantes sont r\u00e9unies, le diagnostic de PIF non effusif doit \u00eatre pris en consid\u00e9ration :<\/p>\n<ol>\n<li>Contexte : Le chat est jeune (moins de 2 ans) et de race pure ; les chatons de race repr\u00e9sentent pr\u00e8s de 70 % des cas de PIF.<\/li>\n<li>\u00c9v\u00e9nements ant\u00e9rieurs : le chat \u00e9tait stress\u00e9 en raison d&rsquo;une st\u00e9rilisation ou d&rsquo;une vaccination r\u00e9cente.<\/li>\n<li>Le pass\u00e9 : Le chat peut avoir eu une chance d&rsquo;attraper le FCoV en raison de facteurs tels que le fait de provenir d&rsquo;un \u00e9levage ou d&rsquo;une chatterie de sauvetage ou d&rsquo;avoir \u00e9t\u00e9 r\u00e9cemment pr\u00e9sent\u00e9 \u00e0 un chaton ou \u00e0 un chat de race.<\/li>\n<li>Les indicateurs cliniques comprennent les signes intra-oculaires, l&rsquo;anorexie, le fait de manger moins que d&rsquo;habitude, l&rsquo;absence de prise de poids, l&rsquo;absence de prise de poids, l&rsquo;anorexie et la jaunisse.<\/li>\n<li>Hypergammaglobulin\u00e9mie ; bilirubine \u00e9lev\u00e9e sans enzymes h\u00e9patiques \u00e9lev\u00e9es.<\/li>\n<li>Lymphop\u00e9nie avec an\u00e9mie non r\u00e9g\u00e9n\u00e9rative, typiquement mod\u00e9r\u00e9e.<\/li>\n<li>S\u00e9rologie : En raison de l&rsquo;incidence \u00e9lev\u00e9e du FCoV dans les \u00e9levages et les chatteries de sauvetage, ce param\u00e8tre doit \u00eatre utilis\u00e9 avec prudence. Le chat pr\u00e9sente un titre \u00e9lev\u00e9 d&rsquo;anticorps contre le FCoV. <\/li>\n<\/ol>\n<p>Si le chat est s\u00e9ron\u00e9gatif, le diagnostic de PIF non effusive peut \u00eatre exclu si le test d&rsquo;anticorps est tr\u00e8s sensible. Le FCoV Immunocomb (Biogal), le test immunochromatographique rapide (RIM) Speed F-Corona (Virbac) et le test RIM le plus rapide pour la p\u00e9ritonite infectieuse f\u00e9line (MegaCor Diagnostic) se sont tous r\u00e9v\u00e9l\u00e9s sensibles \u00e0 100 % dans une \u00e9tude qui a examin\u00e9 plusieurs tests internes de d\u00e9tection des anticorps du FCoV disponibles dans le commerce.<\/p>\n<p>Avec deux types principaux de PIF, les propri\u00e9taires de chats devraient \u00eatre mieux inform\u00e9s sur ce sujet, afin de savoir comment traiter au mieux leurs chats dans le pire des cas. S&rsquo;ils ne s&rsquo;informent pas correctement sur les diff\u00e9rents types de PIF, ils peuvent consulter leur v\u00e9t\u00e9rinaire pour trouver un moyen appropri\u00e9 de traiter la <a href=\"\/?page_id=883\" target=\"_blank\" rel=\"noopener\">PIF de leur chat<\/a>.<\/p>\n<h1><strong>PIF oculaire<\/strong><\/h1>\n<p>Ce type de PIF peut entra\u00eener de graves complications chez les chats, car il p\u00e9n\u00e8tre \u00e9galement \u00e0 travers la barri\u00e8re h\u00e9mato-oculaire.<\/p>\n<p>&nbsp;<\/p>\n<p><strong>Barri\u00e8re oculaire au sang<\/strong><\/p>\n<p>La barri\u00e8re oculaire sanguine des chats est une barri\u00e8re protectrice importante contre la propagation de la PIF. Cette barri\u00e8re est compos\u00e9e de cellules qui tapissent la chambre ant\u00e9rieure de l&rsquo;\u0153il et qui emp\u00eachent les agents pathog\u00e8nes de p\u00e9n\u00e9trer dans cette zone sensible et d&rsquo;y provoquer une inflammation. Bien qu&rsquo;il soit difficile pour un virus tel que le FCoV d&rsquo;acc\u00e9der aux structures oculaires, des l\u00e9sions peuvent se produire en raison de l&rsquo;effondrement des barri\u00e8res en cas d&rsquo;inflammation chronique. Les inhibiteurs de prot\u00e9ase comme le GC376 se sont \u00e9galement r\u00e9v\u00e9l\u00e9s inefficaces pour franchir la barri\u00e8re h\u00e9mato-oculaire, ce qui les rend moins utiles dans le traitement des cas o\u00f9 les structures oculaires peuvent \u00eatre affect\u00e9es par la PIF. Pour que les macrophages charg\u00e9s de particules virales puissent p\u00e9n\u00e9trer dans les structures oculaires, ils doivent d&rsquo;abord franchir cette couche ; sans passage r\u00e9ussi \u00e0 travers chaque couche successive, la transmission de la maladie ne peut avoir lieu. <\/p>\n<p>&nbsp;<\/p>\n<p><strong>Comment la PIF s\u00e8che se transforme-t-elle en PIF oculaire ?<\/strong><\/p>\n<p>La PIF s\u00e8che est la forme la plus mortelle de la maladie et peut potentiellement \u00e9voluer en PIF oculaire chez environ un tiers des chats souffrant de ce type de maladie. Dans le cas de la PIF oculaire, ou uv\u00e9ite, les l\u00e9sions oculaires se d\u00e9veloppent \u00e0 la suite de l&rsquo;affaiblissement de la barri\u00e8re h\u00e9mato-oculaire d\u00fb au virus. Il en r\u00e9sulte une augmentation du taux de glucose qui provoque un gonflement et une inflammation des yeux.  <\/p>\n<p>&nbsp;<\/p>\n<h1><strong>FIP neurologique<\/strong><\/h1>\n<p>La PIF s\u00e8che peut \u00e9galement \u00e9voluer vers la forme la plus dangereuse de la PIF, la PIF neurologique.<\/p>\n<p>&nbsp;<\/p>\n<p><strong>La barri\u00e8re h\u00e9mato-enc\u00e9phalique<\/strong><\/p>\n<p>La barri\u00e8re h\u00e9mato-enc\u00e9phalique (BHE) est une couche protectrice importante form\u00e9e par des cellules sp\u00e9ciales qui tapissent les parois des minuscules vaisseaux \u00e0 l&rsquo;int\u00e9rieur et autour du cerveau. Cette barri\u00e8re extr\u00eamement \u00e9tanche joue un r\u00f4le essentiel dans la protection du syst\u00e8me nerveux central en bloquant les substances potentiellement toxiques circulant dans le sang, y compris les toxines syst\u00e9miques. Il n&rsquo;est donc pas surprenant que lorsque cette barri\u00e8re est compromise en raison de diverses affections ou d&rsquo;agents infectieux, des perturbations neurologiques peuvent \u00eatre observ\u00e9es, comme ce qui peut se produire \u00e0 la suite d&rsquo;une PIF. Le FIPV, qui provoque une r\u00e9action inflammatoire intense autour des vaisseaux de diff\u00e9rents tissus, y compris le cerveau, est une cause courante responsable de 45 \u00e0 50 % de tous les cas de maladies neurologiques d&rsquo;origine infectieuse chez les chats. En d&rsquo;autres termes, la perte de ce bouclier important peut augmenter consid\u00e9rablement le risque de d\u00e9velopper des complications neurologiques dues \u00e0 l&rsquo;infection par le FIPV et aurait de s\u00e9rieuses implications sur les interventions th\u00e9rapeutiques. <\/p>\n<p>&nbsp;<\/p>\n<p><strong>Comment la PIF s\u00e8che se transforme-t-elle en PIF neurologique ?<\/strong><\/p>\n<p>La PIF s\u00e8che peut \u00e9voluer vers le stade suivant de la PIF neurologique dans certains cas. La densit\u00e9 et la prolif\u00e9ration des globules blancs circulants et des monocytes augmentent au fur et \u00e0 mesure que la PIF s\u00e8che progresse. Ces cellules p\u00e9n\u00e8trent de mani\u00e8re persistante dans le liquide c\u00e9phalo-rachidien jusqu&rsquo;\u00e0 ce qu&rsquo;un \u00e9tat inflammatoire soit g\u00e9n\u00e9r\u00e9, entra\u00eenant des l\u00e9sions neurologiques. La PIF neurologique affecte principalement le syst\u00e8me nerveux du chat, les sympt\u00f4mes les plus courants \u00e9tant des tremblements, des difficult\u00e9s \u00e0 marcher (ataxie), une confusion mentale et un comportement agressif.<\/p>\n","protected":false},"excerpt":{"rendered":"<p>La p\u00e9ritonite infectieuse f\u00e9line (PIF) est une maladie courante et mortelle pour les chats. En outre, il existe plus d&rsquo;une variante et peut affecter un chat de diff\u00e9rentes mani\u00e8res. Dans cet article, nous parlerons des diff\u00e9rents types de PIF qui peuvent se manifester. Types de PIF chez le chat La PIF peut se manifester de [&hellip;]<\/p>\n","protected":false},"author":11,"featured_media":2409,"parent":0,"menu_order":0,"comment_status":"closed","ping_status":"closed","template":"","meta":{"_glsr_average":0,"_glsr_ranking":0,"_glsr_reviews":0,"footnotes":""},"categories":[648],"tags":[443,589],"_links":{"self":[{"href":"https:\/\/fipmed.co\/fr\/wp-json\/wp\/v2\/pages\/15232"}],"collection":[{"href":"https:\/\/fipmed.co\/fr\/wp-json\/wp\/v2\/pages"}],"about":[{"href":"https:\/\/fipmed.co\/fr\/wp-json\/wp\/v2\/types\/page"}],"author":[{"embeddable":true,"href":"https:\/\/fipmed.co\/fr\/wp-json\/wp\/v2\/users\/11"}],"replies":[{"embeddable":true,"href":"https:\/\/fipmed.co\/fr\/wp-json\/wp\/v2\/comments?post=15232"}],"version-history":[{"count":2,"href":"https:\/\/fipmed.co\/fr\/wp-json\/wp\/v2\/pages\/15232\/revisions"}],"predecessor-version":[{"id":23788,"href":"https:\/\/fipmed.co\/fr\/wp-json\/wp\/v2\/pages\/15232\/revisions\/23788"}],"wp:featuredmedia":[{"embeddable":true,"href":"https:\/\/fipmed.co\/fr\/wp-json\/wp\/v2\/media\/2409"}],"wp:attachment":[{"href":"https:\/\/fipmed.co\/fr\/wp-json\/wp\/v2\/media?parent=15232"}],"wp:term":[{"taxonomy":"category","embeddable":true,"href":"https:\/\/fipmed.co\/fr\/wp-json\/wp\/v2\/categories?post=15232"},{"taxonomy":"post_tag","embeddable":true,"href":"https:\/\/fipmed.co\/fr\/wp-json\/wp\/v2\/tags?post=15232"}],"curies":[{"name":"wp","href":"https:\/\/api.w.org\/{rel}","templated":true}]}}