{"id":17086,"date":"2024-03-25T06:01:34","date_gmt":"2024-03-25T06:01:34","guid":{"rendered":"https:\/\/fipmed.co\/8-maladies-similaires-a-la-pif-qui-pourraient-etre-prises-pour-la-felinite-infectieuse-peritonite-pif\/"},"modified":"2024-04-22T06:56:12","modified_gmt":"2024-04-22T06:56:12","slug":"8-maladies-similaires-a-la-pif-qui-pourraient-etre-prises-pour-la-felinite-infectieuse-peritonite-pif","status":"publish","type":"page","link":"https:\/\/fipmed.co\/fr\/8-maladies-similaires-a-la-pif-qui-pourraient-etre-prises-pour-la-felinite-infectieuse-peritonite-pif\/","title":{"rendered":"8 maladies similaires \u00e0 la PIF qui peuvent \u00eatre confondues avec la p\u00e9ritonite infectieuse f\u00e9line (PIF)"},"content":{"rendered":"<p><strong>La PIF pr\u00e9sente des sympt\u00f4mes tr\u00e8s similaires \u00e0 ceux de nombreuses maladies<\/strong><\/p>\n<p>Le diagnostic de la p\u00e9ritonite infectieuse f\u00e9line (PIF) peut s&rsquo;av\u00e9rer tr\u00e8s difficile, car nombre de ses sympt\u00f4mes sont partag\u00e9s avec des maladies similaires \u00e0 la PIF qui pourraient \u00eatre confondues avec la p\u00e9ritonite infectieuse f\u00e9line. Il s&rsquo;agit d&rsquo;une perte de poids, d&rsquo;une faiblesse, d&rsquo;une l\u00e9thargie, d&rsquo;une fi\u00e8vre, d&rsquo;une anorexie et de l\u00e9sions oculaires.<\/p>\n<p>Ces affections \u00e9tant de nature tr\u00e8s similaire, il est important de consulter un v\u00e9t\u00e9rinaire pour obtenir le bon diagnostic. En outre, le coronavirus f\u00e9lin (FCoV), qui a \u00e9t\u00e9 associ\u00e9 \u00e0 la PIF, est g\u00e9n\u00e9ralement pr\u00e9sent chez les chats, m\u00eame ceux qui sont en bonne sant\u00e9.<\/p>\n<p>Les effets syst\u00e9miques du virus constituent un autre d\u00e9fi pour le diagnostic. Elle peut entra\u00eener une inflammation dans l&rsquo;ensemble du corps et affecter plusieurs organes. Le virus cible diff\u00e9rentes parties du syst\u00e8me immunitaire du chat, notamment les tissus lymphatiques, les vaisseaux sanguins et les cellules de plusieurs organes. Il en r\u00e9sulte une inflammation syst\u00e9mique qui affecte de nombreuses parties du corps.<\/p>\n<p>Cette atteinte de plusieurs organes peut entra\u00eener de nombreux signes et sympt\u00f4mes, notamment une hypertrophie des ganglions lymphatiques ou de l&rsquo;abdomen, une perte d&rsquo;app\u00e9tit, une r\u00e9duction du niveau d&rsquo;activit\u00e9 ou de la fi\u00e8vre, ce qui rend un diagnostic pr\u00e9cis extr\u00eamement difficile.<\/p>\n<p>Un diagnostic erron\u00e9 peut conduire \u00e0 un mauvais traitement entra\u00eenant d&rsquo;autres complications. Dans certains cas, les chats peuvent m\u00eame ne pr\u00e9senter aucun signe clinique avant d&rsquo;entrer dans les stades plus avanc\u00e9s de la PIF, de sorte qu&rsquo;un examen physique de routine ne suffira pas \u00e0 l&rsquo;identifier au cours des stades initiaux.<\/p>\n<p>&nbsp;<\/p>\n<p><strong>Le virus FCoV est pr\u00e9sent chez presque tous les chats.<\/strong><\/p>\n<p>Le coronavirus f\u00e9lin (FCoV) est un virus courant chez les chats du monde entier, bien qu&rsquo;il puisse se manifester \u00e0 des rythmes diff\u00e9rents en fonction de l&rsquo;environnement. On estime que jusqu&rsquo;\u00e0 80 % des chats ont \u00e9t\u00e9 expos\u00e9s au FCoV et peuvent \u00eatre porteurs du virus sans pr\u00e9senter de signes ou de sympt\u00f4mes cliniques.<\/p>\n<p>Cependant, lorsqu&rsquo;il est pr\u00e9sent en grand nombre, il peut provoquer des infections telles que la PIF. C&rsquo;est pourquoi les experts s&rsquo;accordent \u00e0 dire qu&rsquo;une surveillance et un suivi attentifs de ce virus sont importants pour les propri\u00e9taires de chats multiples, en particulier ceux qui vivent dans des chatteries ou des refuges o\u00f9 le taux de transmission de la maladie peut rapidement devenir \u00e9lev\u00e9.<\/p>\n<p>Il convient \u00e9galement de noter que les chats sauvages sont \u00e9galement porteurs du FCoV, ce qui laisse penser qu&rsquo;il s&rsquo;est r\u00e9pandu dans le monde entier, soit par contact direct entre les esp\u00e8ces, soit par contagion environnementale \u00e0 partir d&rsquo;excr\u00e9ments ou de particules de poussi\u00e8re infect\u00e9s suivis par les oiseaux et les petits mammif\u00e8res qui ont habit\u00e9 des territoires similaires.<\/p>\n<p>&nbsp;<\/p>\n<p><strong>Les comorbidit\u00e9s avec la PIF sont \u00e9galement tr\u00e8s fr\u00e9quentes.<\/strong><\/p>\n<p>Les comorbidit\u00e9s courantes de la PIF sont la toxoplasmose, le FELV, le FIV, le FPV, les maladies inflammatoires de l&rsquo;intestin, le cancer, l&rsquo;infection par le mycoplasme h\u00e9motrope f\u00e9lin, le lymphome, les probl\u00e8mes cardiaques et l&rsquo;inflammation du foie.<\/p>\n<p>Les comorbidit\u00e9s de la PIF pouvant survenir avec d&rsquo;autres maladies infectieuses, cela complique encore les choses lorsqu&rsquo;il s&rsquo;agit d&rsquo;isoler une conclusion diagnostique pr\u00e9cise.<\/p>\n<p>Voici les maladies qui pr\u00e9sentent des sympt\u00f4mes similaires \u00e0 ceux de la PIF et qui sont souvent confondues avec la PIF.<\/p>\n<h3><\/h3>\n<h3>Toxoplasmose<\/h3>\n<p>La toxoplasmose est caus\u00e9e par le parasite Toxoplasma gondii, qui peut infecter les humains et les chats. Ce virus est tout aussi courant que le FCoV chez les chats. Cette maladie peut provoquer des sympt\u00f4mes g\u00e9n\u00e9raux tels que fi\u00e8vre, perte d&rsquo;app\u00e9tit et l\u00e9thargie, qui apparaissent \u00e9galement dans la PIF. Les chats peuvent \u00e9galement pr\u00e9senter des manifestations neurologiques similaires \u00e0 la PIF.<\/p>\n<p>La toxoplasmose est souvent diagnostiqu\u00e9e \u00e0 tort comme une PIF en raison de la similitude des sympt\u00f4mes. La r\u00e9activation latente de la toxoplasmose chez les chats peut encore compliquer le diagnostic.<\/p>\n<h3><\/h3>\n<h3>FELV<\/h3>\n<p>Le virus de la leuc\u00e9mie f\u00e9line est un r\u00e9trovirus qui peut entra\u00eener une immunosuppression chez les chats, tandis que la PIF est une maladie \u00e0 m\u00e9diation immunitaire caus\u00e9e par une forme mutante du coronavirus f\u00e9lin. Le FeLV peut pr\u00e9disposer les chats \u00e0 de nombreuses autres maladies, dont la PIF.<\/p>\n<p>Pour les deux maladies, les virus sont excr\u00e9t\u00e9s dans la salive, les s\u00e9cr\u00e9tions nasales, l&rsquo;urine, les f\u00e8ces et le lait des chats infect\u00e9s. La transmission du virus d&rsquo;un chat \u00e0 l&rsquo;autre peut se faire par morsure, lors d&rsquo;un toilettage mutuel et par l&rsquo;utilisation commune des bacs \u00e0 liti\u00e8re et des plats d&rsquo;alimentation.<\/p>\n<p>Les chats atteints du FeLV peuvent vivre normalement pendant de longues p\u00e9riodes. La dur\u00e9e m\u00e9diane de survie des chats apr\u00e8s le diagnostic du FeLV est de 2,5 ans, alors que la PIF progresse beaucoup plus rapidement en l&rsquo;absence de traitement.<\/p>\n<h3><\/h3>\n<h3>FIV<\/h3>\n<p>Le SIV est caus\u00e9 par le virus de l&rsquo;immunod\u00e9ficience f\u00e9line, qui affecte le syst\u00e8me immunitaire du chat. Il est semblable au VIH humain \u00e0 bien des \u00e9gards.<\/p>\n<p>Le FIV les rend plus sensibles \u00e0 d&rsquo;autres infections et se transmet principalement par les morsures et les contacts \u00e9troits avec des chats infect\u00e9s. Ces deux maladies affectent le chat de mani\u00e8re syst\u00e9mique. Le FIV compromet le syst\u00e8me immunitaire des chats, tandis que le FIP attaque le corps par le biais de l&rsquo;inflammation.<\/p>\n<p>Ces deux maladies sont \u00e9galement contagieuses. Alors que le FIV n&rsquo;est pas gu\u00e9rissable, le FIP peut \u00eatre gu\u00e9ri avec le GS441524.<\/p>\n<h3><\/h3>\n<h3>FPV<\/h3>\n<p>Le virus de la panleucop\u00e9nie f\u00e9line (FPV) et la p\u00e9ritonite infectieuse f\u00e9line (PIF) sont deux maladies virales qui peuvent affecter les chats. C&rsquo;est pourquoi leurs pr\u00e9sentations cliniques peuvent \u00eatre similaires.<\/p>\n<p>Les sympt\u00f4mes associ\u00e9s \u00e0 une infection par le virus du papillome humain peuvent inclure de la fi\u00e8vre, de la l\u00e9thargie, des vomissements ou de la diarrh\u00e9e, comme c&rsquo;est le cas pour la PIF. Cependant, le mode de transmission diff\u00e8re d&rsquo;un virus \u00e0 l&rsquo;autre.<\/p>\n<p>Le VFP ne peut \u00eatre transmis que par contact avec des f\u00e8ces contamin\u00e9es, alors que les infections li\u00e9es \u00e0 la PIF semblent n\u00e9cessiter un contact direct entre chats ou un transfert indirect par l&rsquo;interm\u00e9diaire de la liti\u00e8re ou des plats de nourriture.<\/p>\n<h3><\/h3>\n<h3>Maladies inflammatoires de l&rsquo;intestin<\/h3>\n<p>Les maladies inflammatoires de l&rsquo;intestin (MII) et la PIF sont deux affections f\u00e9lines graves qui peuvent pr\u00e9senter des sympt\u00f4mes similaires, mais qui diff\u00e8rent en termes de cause, de diagnostic et de traitement.<\/p>\n<p>Les MICI sont une maladie chronique caract\u00e9ris\u00e9e par une inflammation du tube digestif caus\u00e9e par un processus \u00e0 m\u00e9diation immunitaire. Elle provoque une malabsorption, des vomissements, des diarrh\u00e9es et une perte de poids en raison d&rsquo;une l\u00e9sion ou d&rsquo;une irritation de la paroi de l&rsquo;intestin gr\u00eale.<\/p>\n<p>D&rsquo;autre part, la PIF est caus\u00e9e par une infection par certaines souches de coronavirus f\u00e9lin comme le FeCV. La PIF provoque \u00e9galement des troubles digestifs au niveau de la zone intestinale, d&rsquo;o\u00f9 des sympt\u00f4mes similaires \u00e0 ceux des MICI.<\/p>\n<h3><\/h3>\n<h3>Cancer<\/h3>\n<p>Le cancer chez les chats est caus\u00e9 par la croissance incontr\u00f4l\u00e9e de cellules anormales, contrairement \u00e0 la PIF qui est caus\u00e9e par une mutation du coronavirus f\u00e9lin. Les sympt\u00f4mes du cancer peuvent varier d&rsquo;un type \u00e0 l&rsquo;autre et peuvent provoquer des masses, des l\u00e9sions ou des \u00e9coulements visibles, tandis que la PIF affecte plusieurs parties en raison d&rsquo;une inflammation dans tout le corps, provoquant anorexie, fi\u00e8vre, probl\u00e8mes respiratoires et accumulation de liquide dans certains cas.<\/p>\n<h3><\/h3>\n<h3>Mycoplasmose h\u00e9motrophe f\u00e9line<\/h3>\n<p>La mycoplasmose h\u00e9motrophe f\u00e9line (MHF) et la PIF sont deux maladies qui affectent les chats dans des conditions similaires. Les deux peuvent provoquer une inflammation dans l&rsquo;organisme, entra\u00eenant faiblesse, perte de poids, fi\u00e8vre, jaunisse, d\u00e9shydratation et malaise g\u00e9n\u00e9ral.<\/p>\n<p>Cependant, la PIF est caus\u00e9e par une infection par un coronavirus f\u00e9lin connu sous le nom de FCoV, tandis que la MHF r\u00e9sulte d&rsquo;une bact\u00e9rie infectieuse connue sous le nom de mycoplasme, qui r\u00e9side naturellement dans la gorge de nombreux chats.<\/p>\n<h3><\/h3>\n<h3>Lymphome<\/h3>\n<p>Le lymphome et la PIF sont deux maladies courantes chez les chats, dont les sympt\u00f4mes peuvent \u00eatre tr\u00e8s similaires, les deux provoquant une inflammation de plusieurs parties du corps.<\/p>\n<p>Le lymphome est un type de cancer du syst\u00e8me lymphatique caus\u00e9 par une mutation maligne, tandis que la PIF est une maladie immunologique associ\u00e9e au virus Corona, qui entra\u00eene une fuite de la membrane p\u00e9riton\u00e9ale.<\/p>\n<p>Les traitements varient consid\u00e9rablement selon qu&rsquo;il s&rsquo;agit d&rsquo;un lymphome ou d&rsquo;une PIF.<\/p>\n<h3><\/h3>\n<h3>Probl\u00e8mes cardiaques<\/h3>\n<p>La sant\u00e9 cardiaque des chats ne doit pas \u00eatre n\u00e9glig\u00e9e, car ces animaux peuvent souffrir de plusieurs probl\u00e8mes cardiovasculaires. Comme la PIF provoque g\u00e9n\u00e9ralement une inflammation syst\u00e9mique dans l&rsquo;organisme, elle peut affecter le c\u0153ur indirectement, comme le font d&rsquo;autres affections cardiaques, telles que la cardiomyopathie hypertrophique ou l&rsquo;insuffisance cardiaque congestive.<\/p>\n<p>Il est important de reconna\u00eetre que, bien que ces deux maladies pr\u00e9sentent des sympt\u00f4mes communs &#8211; notamment la perte d&rsquo;app\u00e9tit, l&rsquo;amaigrissement et la fi\u00e8vre -, leurs m\u00e9canismes sont suffisamment diff\u00e9rents pour n\u00e9cessiter des tests de diagnostic diff\u00e9rents afin de garantir un diagnostic d\u00e9finitif de l&rsquo;une ou l&rsquo;autre affection.<\/p>\n<p>Un certain nombre d&rsquo;examens compl\u00e9mentaires peuvent \u00e9galement s&rsquo;av\u00e9rer n\u00e9cessaires en cas de probl\u00e8me cardiaque potentiel, notamment des radiographies et des \u00e9lectrocardiogrammes.<\/p>\n<h3><\/h3>\n<h3>Inflammation du foie<\/h3>\n<p>L&rsquo;inflammation du foie est un m\u00e9canisme de d\u00e9fense naturel de l&rsquo;organisme contre les maladies et les virus, qui peut entra\u00eener des complications \u00e0 plus long terme.<\/p>\n<p>Il est important que les propri\u00e9taires de chats sachent distinguer l&rsquo;inflammation du foie de la PIF, car ces deux maladies pr\u00e9sentent souvent des sympt\u00f4mes similaires, notamment un manque d&rsquo;app\u00e9tit, une l\u00e9thargie, une jaunisse et une baisse d&rsquo;\u00e9nergie.<\/p>\n<p>La PIF entra\u00eene \u00e9galement une inflammation du foie et des probl\u00e8mes h\u00e9patiques. Il est trop facile de penser qu&rsquo;il s&rsquo;agit d&rsquo;un simple probl\u00e8me de foie alors que ce n&rsquo;est pas le cas.<\/p>\n<h3><\/h3>\n<h3>P\u00e9ritonite bact\u00e9rienne<\/h3>\n<p>Comme la PIF, la p\u00e9ritonite bact\u00e9rienne est une affection grave et potentiellement mortelle chez les chats. Il s&rsquo;agit d&rsquo;une inflammation de la paroi de l&rsquo;abdomen caus\u00e9e par des bact\u00e9ries, dont les sympt\u00f4mes peuvent \u00eatre tr\u00e8s similaires \u00e0 ceux de la PIF en fonction du degr\u00e9 d&rsquo;avancement de la maladie.<\/p>\n<p>La p\u00e9ritonite bact\u00e9rienne est le plus souvent caus\u00e9e par des bact\u00e9ries intestinales telles que E. coli ou les salmonelles qui p\u00e9n\u00e8trent dans les intestins ou dans la circulation sanguine \u00e0 la suite d&rsquo;un cancer, d&rsquo;une maladie du foie, de l\u00e9sions des couches protectrices de l&rsquo;organisme telles que celles caus\u00e9es par un traumatisme (par exemple, un accident de voiture), de parasites, de probl\u00e8mes alimentaires tels que des allergies ou des intol\u00e9rances alimentaires et d&rsquo;autres infections par des virus (y compris le virus de l&rsquo;immunod\u00e9ficience f\u00e9line) qui peuvent avoir affaibli le syst\u00e8me immunitaire des chats.<\/p>\n<h3><\/h3>\n<h3>Pleurite bact\u00e9rienne<\/h3>\n<p>La pleurite bact\u00e9rienne est une infection de la pl\u00e8vre, qui est une fine couche de tissu formant un sac autour de chaque poumon. Elle peut produire des sympt\u00f4mes similaires \u00e0 ceux de la PIF. Ces deux maladies entra\u00eenent une toux, des difficult\u00e9s respiratoires, voire un collapsus lorsqu&rsquo;elles ne sont pas trait\u00e9es.<\/p>\n<p>Cependant, alors que la PIF entra\u00eene g\u00e9n\u00e9ralement l&rsquo;inflammation de plusieurs organes simultan\u00e9ment, la pleurite bact\u00e9rienne cible sp\u00e9cifiquement les voies respiratoires inf\u00e9rieures et peut \u00eatre tr\u00e8s localis\u00e9e dans l&rsquo;ensemble, bien qu&rsquo;elle n\u00e9cessite un traitement rapide en raison de sa nature agressive.<\/p>\n<p>Le diagnostic de cette infection implique g\u00e9n\u00e9ralement le pr\u00e9l\u00e8vement d&rsquo;un \u00e9chantillon de liquide \u00e0 la jonction des poumons et des cavit\u00e9s corporelles ou l&rsquo;examen d&rsquo;\u00e9chantillons de tissus pr\u00e9lev\u00e9s au cours d&rsquo;une intervention chirurgicale.<\/p>\n<p>Le traitement de la pleurite bact\u00e9rienne consiste souvent en l&rsquo;administration d&rsquo;antibiotiques par voie intraveineuse si possible, ainsi qu&rsquo;en une oxyg\u00e9noth\u00e9rapie compl\u00e9mentaire et d&rsquo;autres traitements de soutien en fonction de la gravit\u00e9 de la maladie.<\/p>\n<h3><\/h3>\n<h3>Cryptococcose<\/h3>\n<p>La cryptococcose, ou maladie cryptococcique, est une infection fongique caus\u00e9e par l&rsquo;esp\u00e8ce de champignon Cryptococcus neoformans que l&rsquo;on peut trouver dans le sol et les excr\u00e9ments d&rsquo;oiseaux. Les sympt\u00f4mes de ces deux maladies sont assez similaires : perte de poids, fi\u00e8vre, anorexie et l\u00e9thargie.<\/p>\n<p>Des signes de probl\u00e8mes neurologiques tels que l&rsquo;inclinaison de la t\u00eate et l&rsquo;ataxie peuvent \u00e9galement appara\u00eetre en cas de cryptococcose.<\/p>\n","protected":false},"excerpt":{"rendered":"<p>La PIF pr\u00e9sente des sympt\u00f4mes tr\u00e8s similaires \u00e0 ceux de nombreuses maladies Le diagnostic de la p\u00e9ritonite infectieuse f\u00e9line (PIF) peut s&rsquo;av\u00e9rer tr\u00e8s difficile, car nombre de ses sympt\u00f4mes sont partag\u00e9s avec des maladies similaires \u00e0 la PIF qui pourraient \u00eatre confondues avec la p\u00e9ritonite infectieuse f\u00e9line. Il s&rsquo;agit d&rsquo;une perte de poids, d&rsquo;une faiblesse, [&hellip;]<\/p>\n","protected":false},"author":1,"featured_media":16806,"parent":0,"menu_order":0,"comment_status":"closed","ping_status":"closed","template":"","meta":{"_glsr_average":0,"_glsr_ranking":0,"_glsr_reviews":0,"footnotes":""},"categories":[676],"tags":[],"_links":{"self":[{"href":"https:\/\/fipmed.co\/fr\/wp-json\/wp\/v2\/pages\/17086"}],"collection":[{"href":"https:\/\/fipmed.co\/fr\/wp-json\/wp\/v2\/pages"}],"about":[{"href":"https:\/\/fipmed.co\/fr\/wp-json\/wp\/v2\/types\/page"}],"author":[{"embeddable":true,"href":"https:\/\/fipmed.co\/fr\/wp-json\/wp\/v2\/users\/1"}],"replies":[{"embeddable":true,"href":"https:\/\/fipmed.co\/fr\/wp-json\/wp\/v2\/comments?post=17086"}],"version-history":[{"count":0,"href":"https:\/\/fipmed.co\/fr\/wp-json\/wp\/v2\/pages\/17086\/revisions"}],"wp:featuredmedia":[{"embeddable":true,"href":"https:\/\/fipmed.co\/fr\/wp-json\/wp\/v2\/media\/16806"}],"wp:attachment":[{"href":"https:\/\/fipmed.co\/fr\/wp-json\/wp\/v2\/media?parent=17086"}],"wp:term":[{"taxonomy":"category","embeddable":true,"href":"https:\/\/fipmed.co\/fr\/wp-json\/wp\/v2\/categories?post=17086"},{"taxonomy":"post_tag","embeddable":true,"href":"https:\/\/fipmed.co\/fr\/wp-json\/wp\/v2\/tags?post=17086"}],"curies":[{"name":"wp","href":"https:\/\/api.w.org\/{rel}","templated":true}]}}