{"id":17109,"date":"2024-03-25T07:19:57","date_gmt":"2024-03-25T07:19:57","guid":{"rendered":"https:\/\/fipmed.co\/fip-in-cats-symptomes-bases-sur-les-types-de-fip\/"},"modified":"2024-04-22T07:17:40","modified_gmt":"2024-04-22T07:17:40","slug":"la-pif-chat-symptomes-bases-sur-les-types-de-pif","status":"publish","type":"page","link":"https:\/\/fipmed.co\/fr\/la-pif-chat-symptomes-bases-sur-les-types-de-pif\/","title":{"rendered":"La PIF chat Sympt\u00f4mes bas\u00e9s sur les types de PIF"},"content":{"rendered":"<p>Il est judicieux d&rsquo;examiner de la PIF chat sympt\u00f4mes en fonction des types de PIF. Ils sont inclus pour un diagnostic plus pr\u00e9cis. Conna\u00eetre le type de PIF peut vous aider \u00e0 pr\u00e9voir la gravit\u00e9 ainsi que les diff\u00e9rentes formes de PIF qui peuvent survenir, afin que vous ne manquiez aucun sympt\u00f4me.<\/p>\n<p>&nbsp;<\/p>\n<h1><strong>Signes cliniques de la PIF s\u00e8che non effusive<\/strong><\/h1>\n<p>Les sympt\u00f4mes typiques de cette forme de PIF sont la l\u00e9thargie, la fi\u00e8vre, l&rsquo;anorexie, la perte de poids et la jaunisse.<\/p>\n<p>&nbsp;<\/p>\n<h2><strong>L\u00e9thargie<\/strong><\/h2>\n<p>La l\u00e9thargie est souvent signal\u00e9e comme l&rsquo;un des signes cliniques associ\u00e9s \u00e0 la p\u00e9ritonite infectieuse f\u00e9line. Elle peut appara\u00eetre chez les chats de mani\u00e8re non effusive, effusive ou oculaire et peut \u00eatre le signe d&rsquo;une situation plus grave.<\/p>\n<p>De nombreux chats pr\u00e9sentent ce sympt\u00f4me d&rsquo;apathie avant que d&rsquo;autres sympt\u00f4mes n&rsquo;apparaissent, ce qui explique pourquoi il est important d&rsquo;observer la l\u00e9thargie d\u00e8s que possible avant que d&rsquo;autres stades avanc\u00e9s ne se d\u00e9veloppent.<\/p>\n<p>Un sympt\u00f4me qui appara\u00eet dans la plupart des cas est la fatigue excessive ou l&rsquo;apathie, qui peut impliquer de rester immobile pendant de longues p\u00e9riodes ou un comportement de sommeil prolong\u00e9 en dehors des habitudes habituelles.<\/p>\n<p>Ce manque d&rsquo;\u00e9nergie dans les activit\u00e9s du chat peut \u00e9ventuellement conduire \u00e0 une perte de poids malgr\u00e9 un app\u00e9tit accru en raison de son \u00e9tat de faiblesse, ce qui limitera encore plus son niveau d&rsquo;activit\u00e9 et entra\u00eenera une plus grande fatigue au fil du temps.<\/p>\n<p>Un autre indicateur courant de la PIF serait des changements de comportement tels que le fait de devenir antisocial en \u00e9vitant compl\u00e8tement les gens (m\u00eame s&rsquo;ils ont \u00e9t\u00e9 amicaux auparavant).<\/p>\n<p>&nbsp;<\/p>\n<h2><strong>Fi\u00e8vre<\/strong><\/h2>\n<p>La fi\u00e8vre est un signe clinique courant associ\u00e9 \u00e0 la PIF, mais elle n&rsquo;est pas sp\u00e9cifique et peut \u00eatre pr\u00e9sente chez des chats souffrant de diverses maladies. Il est important de rappeler que la fi\u00e8vre peut \u00eatre le seul signe clinique pr\u00e9sent\u00e9 par les chats atteints de PIF s\u00e8che non effusive, ce qui en fait un sympt\u00f4me important \u00e0 prendre en compte par les v\u00e9t\u00e9rinaires lorsqu&rsquo;ils \u00e9valuent les chats pour cette maladie.<\/p>\n<p>Une fois que le chat a d\u00e9velopp\u00e9 une fi\u00e8vre caus\u00e9e par la PIF, la maladie \u00e9volue rapidement et est presque toujours fatale. Le diagnostic de la PIF peut \u00e9galement s&rsquo;av\u00e9rer difficile en raison de ses sympt\u00f4mes vagues, car de nombreuses autres maladies ont des manifestations similaires, notamment les infections respiratoires et les troubles inflammatoires.<\/p>\n<p>&nbsp;<\/p>\n<h2><strong>Anorexie<\/strong><\/h2>\n<p>L&rsquo;anorexie est g\u00e9n\u00e9ralement reconnue comme l&rsquo;un des signes non sp\u00e9cifiques et non localis\u00e9s de la PIF observ\u00e9s chez les chats. L&rsquo;anorexie est un manque ou une perte d&rsquo;app\u00e9tit qui peut r\u00e9sulter d&rsquo;une diminution de l&rsquo;envie de manger en raison d&rsquo;une douleur, d&rsquo;une maladie ou d&rsquo;une blessure.<\/p>\n<p>Les chats atteints de PIF souffrent d&rsquo;un manque d&rsquo;app\u00e9tit et d\u00e9veloppent une an\u00e9mie en raison des carences en nutriments qui en r\u00e9sultent et qui affectent leur sant\u00e9 g\u00e9n\u00e9rale et entravent leur fonctionnement normal. Les sympt\u00f4mes tels que l&rsquo;apathie, la l\u00e9thargie, la perte de poids et la fi\u00e8vre sont souvent accompagn\u00e9s d&rsquo;anorexie chez les chats atteints d&rsquo;un virus potentiellement mortel tel que le FIP.<\/p>\n<p>&nbsp;<\/p>\n<h2><strong>Perte de poids<\/strong><\/h2>\n<p>La perte de poids est un signe clinique courant de la PIF, en particulier dans les cas de PIF s\u00e8che. Les sympt\u00f4mes associ\u00e9s \u00e0 la perte de poids peuvent varier en fonction de la gravit\u00e9 de la maladie. Les premiers signes peuvent se traduire par une diminution de la prise alimentaire et un taux de croissance inf\u00e9rieur \u00e0 la normale, tandis que les stades plus avanc\u00e9s peuvent se traduire par une diminution significative de la masse corporelle en peu de temps, ainsi que par une baisse des niveaux d&rsquo;\u00e9nergie et une fonte musculaire.<\/p>\n<p>La pr\u00e9sence d&rsquo;une perte de poids inexpliqu\u00e9e ou rapide ne doit pas \u00eatre ignor\u00e9e lorsqu&rsquo;il s&rsquo;agit de chats pr\u00e9sentant des signes compatibles avec la PIF. Si votre chat semble plus maigre que d&rsquo;habitude sans explication ou semble perdre une quantit\u00e9 excessive de poils sans raison discernable, il est important que vous consultiez imm\u00e9diatement un v\u00e9t\u00e9rinaire professionnel.<\/p>\n<p>&nbsp;<\/p>\n<h2><strong>Jaunisse<\/strong><\/h2>\n<p>L&rsquo;ict\u00e8re est un signe observ\u00e9 chez les chats atteints de PIF, g\u00e9n\u00e9ralement associ\u00e9 \u00e0 d&rsquo;autres signes d&rsquo;insuffisance h\u00e9patique ou d&rsquo;h\u00e9patom\u00e9galie (hypertrophie du foie) tels que la l\u00e9thargie et l&rsquo;amaigrissement. \u00c0 l&rsquo;examen physique, la peau du chat peut avoir une couleur jaun\u00e2tre, particuli\u00e8rement visible sur le ventre et les yeux.<\/p>\n<p>Dans certains cas, la jaunisse peut recouvrir tout le corps du chat. La jaunisse r\u00e9sulte d&rsquo;une augmentation du taux de bilirubine (mol\u00e9cules pigment\u00e9es lib\u00e9r\u00e9es dans la circulation par les globules rouges qui se sont d\u00e9compos\u00e9s), qui s&rsquo;accumule par la suite.<\/p>\n<p>Elle indique une perturbation quelque part dans l&rsquo;arbre biliaire qui comprend la v\u00e9sicule biliaire et les structures connect\u00e9es entre le foie et les intestins gr\u00eales n\u00e9cessaires \u00e0 la digestion.<\/p>\n<p>&nbsp;<\/p>\n<h1><strong>Signes cliniques de la PIF humide effusive<\/strong><\/h1>\n<p>Les gonflements thoraciques, abdominaux et scrotaux sont quelques-uns des signes associ\u00e9s \u00e0 la PIF humide effusive.<\/p>\n<p>&nbsp;<\/p>\n<h2><strong>Gonflement thoracique<\/strong><\/h2>\n<p>Le gonflement thoracique est un signe clinique associ\u00e9 \u00e0 la PIF humide effusive, qui se traduit par une accumulation de liquide dans la poitrine. Cela peut entra\u00eener des difficult\u00e9s respiratoires et affecter le fonctionnement normal des organes tels que le rythme cardiaque, la r\u00e9gulation de la temp\u00e9rature et les \u00e9changes gazeux.<\/p>\n<p>Il s&rsquo;agit donc d&rsquo;un des \u00e9panchements qu&rsquo;il est conseill\u00e9 de drainer, si possible.<\/p>\n<p>Le gonflement thoracique indique des stades avanc\u00e9s de la PIF et se manifeste g\u00e9n\u00e9ralement par une augmentation de la fr\u00e9quence respiratoire ou des gargouillis lorsque le chat respire. Si le gonflement thoracique est pr\u00e9sent pendant de longues p\u00e9riodes, il peut entra\u00eener une pression accrue sur les organes internes, provoquant leur malnutrition en raison d&rsquo;une diminution de la circulation sanguine et de l&rsquo;apport d&rsquo;oxyg\u00e8ne.<\/p>\n<p>En outre, en l&rsquo;absence de traitement, un gonflement thoracique persistant peut provoquer des l\u00e9sions permanentes des organes vitaux et, en fin de compte, entra\u00eener la mort s&rsquo;il n&rsquo;est pas trait\u00e9 pendant une p\u00e9riode prolong\u00e9e.<\/p>\n<p>&nbsp;<\/p>\n<h2><strong>Gonflement abdominal<\/strong><\/h2>\n<p>Le gonflement abdominal est \u00e9galement un signe clinique associ\u00e9 \u00e0 la PIF effusive. Cette forme de PIF se caract\u00e9rise par l&rsquo;apparition de liquide dans l&rsquo;abdomen, \u00e9galement connu sous le nom d&rsquo;\u00e9panchement abdominal.<\/p>\n<p>Le syst\u00e8me gastro-intestinal et ses organes sont entour\u00e9s de ce liquide suppl\u00e9mentaire et anormal. La radiographie, l&rsquo;\u00e9chographie et l&rsquo;abdominocent\u00e8se sont des proc\u00e9dures diagnostiques utilis\u00e9es pour d\u00e9terminer si un \u00e9panchement abdominal s&rsquo;est produit chez les chats suspects de PIF.<\/p>\n<p>En outre, l&rsquo;analyse des fluides peut fournir des r\u00e9sultats tr\u00e8s indicatifs pour diagnostiquer avec pr\u00e9cision l&rsquo;\u00e9panchement abdominal caus\u00e9 par la PIF.<\/p>\n<p>Le gonflement de l&rsquo;abdomen est moins mena\u00e7ant pour le chat, mais il peut l&rsquo;incommoder. Si vous d\u00e9cidez de drainer cet \u00e9panchement, ne drainez pas plus de 30 % du liquide.<\/p>\n<p>&nbsp;<\/p>\n<h2><strong>Gonflement du scrotum<\/strong><\/h2>\n<p>Le gonflement du scrotum chez les chats m\u00e2les peut \u00eatre identifi\u00e9 par les propri\u00e9taires d&rsquo;animaux en cas de changement inexpliqu\u00e9 de la taille du scrotum, en particulier s&rsquo;il survient rapidement ou s&rsquo;accompagne d&rsquo;autres signes tels que la l\u00e9thargie et la fi\u00e8vre.<\/p>\n<p>Cette forme de PIF affecte le plus souvent les jeunes chats et se manifeste rapidement par des sympt\u00f4mes tels que l&rsquo;accumulation de liquide dans l&rsquo;abdomen, l&rsquo;hypertrophie thoracique, la perte de poids, la jaunisse et une forte fi\u00e8vre persistante.<\/p>\n<p>Le gonflement du scrotum est l&rsquo;un des principaux sympt\u00f4mes cliniques utilis\u00e9s par les v\u00e9t\u00e9rinaires pour identifier cette affection \u00e0 un stade pr\u00e9coce, g\u00e9n\u00e9ralement avant l&rsquo;apparition d&rsquo;autres signes.<\/p>\n<p>&nbsp;<\/p>\n<h1><strong>Signes cliniques de la PIF oculaire<\/strong><\/h1>\n<p>Surveillez les signes de la PIF, tels que la d\u00e9coloration de l&rsquo;iris, la perte de vision, l&rsquo;\u00e9paississement de la corn\u00e9e et l&rsquo;hypopion.<\/p>\n<p>&nbsp;<\/p>\n<h2><strong>D\u00e9coloration de l&rsquo;iris<\/strong><\/h2>\n<p>La d\u00e9coloration de l&rsquo;iris est un signe clinique qui peut \u00eatre consid\u00e9r\u00e9 comme r\u00e9v\u00e9lateur de la forme oculaire de la PIF. Elle se manifeste g\u00e9n\u00e9ralement par un changement de couleur de l&rsquo;iris, un trouble anormal de l&rsquo;\u0153il ou un aspect floconneux (taches blanches) \u00e0 l&rsquo;int\u00e9rieur de la zone de la pupille, en raison d&rsquo;une inflammation due \u00e0 une infection caus\u00e9e par le virus de la PIF.<\/p>\n<p>L&rsquo;\u00e9paississement de la corn\u00e9e et l&rsquo;hypopion peuvent \u00e9galement accompagner ce signe qui, s&rsquo;il n&rsquo;est pas trait\u00e9, peut conduire \u00e0 une perte de vision permanente. Il est important de d\u00e9tecter et de diagnostiquer rapidement cette maladie afin de commencer un traitement rapide avec des agents antiprotozoaires comme le chloramph\u00e9nicol et le thiamph\u00e9nicol pour r\u00e9duire les risques associ\u00e9s \u00e0 cette maladie.<\/p>\n<p>&nbsp;<\/p>\n<h2><strong>Perte de vision<\/strong><\/h2>\n<p>La perte de vision est l&rsquo;un des signes les plus \u00e9vidents que votre chat est atteint de PIF oculaire. Il s&rsquo;agit d&rsquo;un sympt\u00f4me avanc\u00e9 qui peut indiquer qu&rsquo;une forme plus grave du virus est d\u00e9j\u00e0 active chez votre animal.<\/p>\n<p>L&rsquo;uv\u00e9ite ant\u00e9rieure pyogranulomateuse (inflammation) est l&rsquo;une de ces manifestations qui se manifeste par des signes tels que le signe de la lampe de poche (dispersion jaun\u00e2tre lorsque les yeux sont expos\u00e9s \u00e0 un faisceau lumineux focalis\u00e9 comme une lampe torche).<\/p>\n<p>Ce syndrome est li\u00e9 \u00e0 une r\u00e9duction significative de la vue ainsi qu&rsquo;\u00e0 une insuffisance des structures kystiques et des l\u00e9sions de l&rsquo;iris qui, si elles ne sont pas trait\u00e9es \u00e0 long terme, provoquent \u00e9galement la destruction de la cavit\u00e9 orbitale.<\/p>\n<p>&nbsp;<\/p>\n<h2><strong>\u00c9paississement de la corn\u00e9e<\/strong><\/h2>\n<p>Cette affection survient lorsque la partie ext\u00e9rieure de l&rsquo;\u0153il, appel\u00e9e corn\u00e9e, devient plus \u00e9paisse que la normale en raison d&rsquo;une inflammation.<\/p>\n<p>Chez les chats, cette maladie peut \u00eatre caus\u00e9e par un virus ou une bact\u00e9rie et ses effets peuvent prendre des semaines avant d&rsquo;\u00eatre perceptibles. En g\u00e9n\u00e9ral, ce sympt\u00f4me est plus facile \u00e0 identifier si d&rsquo;autres signes, tels qu&rsquo;une vision trouble ou une douleur, sont pr\u00e9sents en m\u00eame temps.<\/p>\n<p>Un chat souffrant d&rsquo;un \u00e9paississement de la corn\u00e9e peut \u00e9prouver des difficult\u00e9s \u00e0 voir clairement et \u00e9ventuellement ressentir une g\u00eane ou une douleur en raison de la diminution de la qualit\u00e9 de sa vision.<\/p>\n<p>&nbsp;<\/p>\n<h2><strong>Hypopyon<\/strong><\/h2>\n<p>L&rsquo;hypopion est un terme m\u00e9dical utilis\u00e9 pour d\u00e9crire une accumulation de globules blancs \u00e0 la base de la corn\u00e9e, qui appara\u00eet souvent en cas d&rsquo;inflammation ou d&rsquo;infection de l&rsquo;\u0153il. Elle est le plus souvent associ\u00e9e \u00e0 l&rsquo;uv\u00e9ite, une inflammation \u00e0 l&rsquo;int\u00e9rieur de l&rsquo;\u0153il qui survient \u00e0 la suite d&rsquo;une PIF chez le chat.<\/p>\n<p>L&rsquo;hypopion est caus\u00e9 par des leucocytes (globules blancs) qui p\u00e9n\u00e8trent par l&rsquo;iris et s&rsquo;accumulent dans la chambre int\u00e9rieure de l&rsquo;\u0153il. Cela conduit ensuite \u00e0 des observations directes lors de l&rsquo;examen physique, comme la pr\u00e9sence d&rsquo;un voile visible dans une ou plusieurs parties du globe oculaire ou des changements pupillaires lors des tests d&rsquo;exposition \u00e0 la lumi\u00e8re effectu\u00e9s par les v\u00e9t\u00e9rinaires.<\/p>\n<p>&nbsp;<\/p>\n<h2><strong>D\u00e9collement de la r\u00e9tine<\/strong><\/h2>\n<p>Il s&rsquo;agit d&rsquo;une affection qui survient lorsque la r\u00e9tine se d\u00e9tache du tissu de soutien et de l&rsquo;apport sanguin sous-jacents. Elle peut \u00eatre caus\u00e9e par un certain nombre de conditions m\u00e9dicales, telles que l&rsquo;hypertension art\u00e9rielle, une glande thyro\u00efde hyperactive ou une maladie r\u00e9nale.<\/p>\n<p>Chez les chats atteints de PIF, des changements granulomateux peuvent se produire en plus de l&rsquo;h\u00e9morragie et du d\u00e9collement de la r\u00e9tine.<\/p>\n<p>Le principal sympt\u00f4me associ\u00e9 au d\u00e9collement de la r\u00e9tine est la perte de vision, qui peut survenir soudainement ou progressivement en fonction de l&rsquo;\u00e9tendue des dommages et de la gravit\u00e9 de l&rsquo;infection.<\/p>\n<p>D&rsquo;autres signes sont le voile ou l&rsquo;obscurcissement des yeux, la perturbation ou la distorsion du champ de vision existant et la difficult\u00e9 \u00e0 s&rsquo;adapter \u00e0 des environnements lumineux, y compris la c\u00e9cit\u00e9 nocturne.<\/p>\n<p>Certains chats peuvent \u00e9galement pr\u00e9senter des flotteurs r\u00e9sultant de fuites de liquide vitreux dans n&rsquo;importe quelle partie de la structure de l&rsquo;\u0153il, ce qui entra\u00eene une distorsion des images due \u00e0 l&rsquo;interf\u00e9rence avec les performances normales de la ligne de vision.<\/p>\n<p>&nbsp;<\/p>\n<h1><strong>Signes cliniques de la PIF neurologique<\/strong><\/h1>\n<p>Soyez attentif aux signes tels que le d\u00e9s\u00e9quilibre, l&rsquo;inclinaison de la t\u00eate, les crises d&rsquo;\u00e9pilepsie et les changements de comportement.<\/p>\n<p>&nbsp;<\/p>\n<h2><strong>D\u00e9s\u00e9quilibre<\/strong><\/h2>\n<p>Le d\u00e9s\u00e9quilibre est un sympt\u00f4me courant de la PIF et constitue souvent la premi\u00e8re indication que quelque chose ne va pas. Chez les chats atteints de PIF, le d\u00e9s\u00e9quilibre peut se manifester par une difficult\u00e9 \u00e0 marcher ou une perte de coordination, selon la gravit\u00e9 de l&rsquo;affection.<\/p>\n<p>Lorsqu&rsquo;ils passent de la position couch\u00e9e \u00e0 la position debout, certains chats peuvent osciller d&rsquo;avant en arri\u00e8re parce qu&rsquo;ils sont incapables de retrouver rapidement leur \u00e9quilibre. La cause de ce sympt\u00f4me peut varier en fonction du type de PIF dont souffre votre chat. Elle peut \u00eatre due \u00e0 des l\u00e9sions neurologiques ou \u00e0 une accumulation de liquide dans l&rsquo;abdomen ou la cavit\u00e9 thoracique.<\/p>\n<p>Le d\u00e9s\u00e9quilibre chez les chats ne doit pas \u00eatre pris \u00e0 la l\u00e9g\u00e8re et doit \u00eatre abord\u00e9 avec votre v\u00e9t\u00e9rinaire, car un diagnostic pr\u00e9coce am\u00e9liore consid\u00e9rablement le pronostic lorsqu&rsquo;il s&rsquo;agit de traiter cette affection. Votre v\u00e9t\u00e9rinaire commencera par effectuer des examens physiques tels que l&rsquo;examen de la fonction motrice et des r\u00e9flexes afin d&rsquo;\u00e9valuer si la d\u00e9marche du chat semble coordonn\u00e9e.<\/p>\n<p>&nbsp;<\/p>\n<h2><strong>Inclinaison de la t\u00eate<\/strong><\/h2>\n<p>L&rsquo;inclinaison de la t\u00eate est un signe clinique important de la PIF neurologique, car elle est souvent r\u00e9v\u00e9latrice d&rsquo;un syndrome vestibulaire. Le syndrome vestibulaire survient lorsque la partie du cerveau responsable de l&rsquo;\u00e9quilibre ne fonctionne pas correctement, ce qui entra\u00eene un d\u00e9s\u00e9quilibre et des difficult\u00e9s de coordination.<\/p>\n<p>Chez les chats, cela se manifeste par une inclinaison prononc\u00e9e de la t\u00eate d&rsquo;un c\u00f4t\u00e9 ou de l&rsquo;autre. Cela peut s&rsquo;accompagner d&rsquo;yeux qui ne semblent pas bouger ensemble normalement. L&rsquo;un d&rsquo;eux peut s&rsquo;\u00e9lancer rapidement d&rsquo;avant en arri\u00e8re tandis que l&rsquo;autre reste immobile, ainsi que des mouvements de roulis dus \u00e0 la gravit\u00e9 qui emp\u00eachent le chat de rester en position verticale.<\/p>\n<p>&nbsp;<\/p>\n<h2><strong>Crises d&rsquo;\u00e9pilepsie<\/strong><\/h2>\n<p>Les crises d&rsquo;\u00e9pilepsie peuvent \u00eatre un signe clinique de la PIF en cas d&rsquo;atteinte neurologique. Parmi les signes r\u00e9v\u00e9lateurs d&rsquo;une crise d&rsquo;\u00e9pilepsie due \u00e0 la PIF, citons l&rsquo;\u00e9limination inappropri\u00e9e, des comportements proches de la d\u00e9mence tels que l&rsquo;encerclement ou l&rsquo;agressivit\u00e9, une diminution de la coordination et de l&rsquo;\u00e9quilibre, des vocalisations \u00e9tranges ou une perte de conscience.<\/p>\n<p>Chaque fois que votre chat est victime d&rsquo;une crise d&rsquo;\u00e9pilepsie, vous devez l&#8217;emmener rapidement chez le v\u00e9t\u00e9rinaire pour qu&rsquo;il proc\u00e8de \u00e0 une \u00e9valuation et \u00e0 un diagnostic plus approfondis.<\/p>\n<p>&nbsp;<\/p>\n<h2><strong>Changement de comportement<\/strong><\/h2>\n<p>Les changements de comportement peuvent \u00eatre un indicateur pr\u00e9coce de la PIF. Un sympt\u00f4me courant qui inqui\u00e8te les propri\u00e9taires est le changement soudain du comportement de leur chat. Les chats peuvent se cacher plus souvent que d&rsquo;habitude ou se montrer agressifs alors qu&rsquo;ils ne le feraient pas en temps normal.<\/p>\n","protected":false},"excerpt":{"rendered":"<p>Il est judicieux d&rsquo;examiner de la PIF chat sympt\u00f4mes en fonction des types de PIF. Ils sont inclus pour un diagnostic plus pr\u00e9cis. Conna\u00eetre le type de PIF peut vous aider \u00e0 pr\u00e9voir la gravit\u00e9 ainsi que les diff\u00e9rentes formes de PIF qui peuvent survenir, afin que vous ne manquiez aucun sympt\u00f4me. &nbsp; Signes cliniques [&hellip;]<\/p>\n","protected":false},"author":1,"featured_media":16846,"parent":0,"menu_order":0,"comment_status":"closed","ping_status":"closed","template":"","meta":{"_glsr_average":0,"_glsr_ranking":0,"_glsr_reviews":0,"footnotes":""},"categories":[676],"tags":[],"_links":{"self":[{"href":"https:\/\/fipmed.co\/fr\/wp-json\/wp\/v2\/pages\/17109"}],"collection":[{"href":"https:\/\/fipmed.co\/fr\/wp-json\/wp\/v2\/pages"}],"about":[{"href":"https:\/\/fipmed.co\/fr\/wp-json\/wp\/v2\/types\/page"}],"author":[{"embeddable":true,"href":"https:\/\/fipmed.co\/fr\/wp-json\/wp\/v2\/users\/1"}],"replies":[{"embeddable":true,"href":"https:\/\/fipmed.co\/fr\/wp-json\/wp\/v2\/comments?post=17109"}],"version-history":[{"count":0,"href":"https:\/\/fipmed.co\/fr\/wp-json\/wp\/v2\/pages\/17109\/revisions"}],"wp:featuredmedia":[{"embeddable":true,"href":"https:\/\/fipmed.co\/fr\/wp-json\/wp\/v2\/media\/16846"}],"wp:attachment":[{"href":"https:\/\/fipmed.co\/fr\/wp-json\/wp\/v2\/media?parent=17109"}],"wp:term":[{"taxonomy":"category","embeddable":true,"href":"https:\/\/fipmed.co\/fr\/wp-json\/wp\/v2\/categories?post=17109"},{"taxonomy":"post_tag","embeddable":true,"href":"https:\/\/fipmed.co\/fr\/wp-json\/wp\/v2\/tags?post=17109"}],"curies":[{"name":"wp","href":"https:\/\/api.w.org\/{rel}","templated":true}]}}