{"id":17120,"date":"2024-03-25T07:02:30","date_gmt":"2024-03-25T07:02:30","guid":{"rendered":"https:\/\/fipmed.co\/stades-de-la-fip-et-symptomes-bases-sur-les-stades-de-la-fip\/"},"modified":"2024-04-23T08:18:15","modified_gmt":"2024-04-23T08:18:15","slug":"symptomes-pif-chat-bases-sur-les-stades-de-la-pif","status":"publish","type":"page","link":"https:\/\/fipmed.co\/fr\/symptomes-pif-chat-bases-sur-les-stades-de-la-pif\/","title":{"rendered":"Sympt\u00f4mes PIF chat bas\u00e9s sur les stades de la PIF"},"content":{"rendered":"<p>L&rsquo;infection par ce virus implique quatre stades distincts de la PIF &#8211; l&rsquo;exposition initiale et l&rsquo;incubation, la vir\u00e9mie primaire, la vir\u00e9mie secondaire et la PIF clinique. Voici les sympt\u00f4mes PIF chat en fonction des stades de la PIF:<\/p>\n<p>&nbsp;<\/p>\n<h1><strong>\u00c9tape de la PIF : Exposition initiale et incubation<\/strong><\/h1>\n<p>Le coronavirus f\u00e9lin (FCoV) est pr\u00e9sent dans de nombreux environnements, de sorte que les chats sont tr\u00e8s susceptibles d&rsquo;y \u00eatre expos\u00e9s \u00e0 un moment ou \u00e0 un autre de leur vie.<br \/>\nCette infection initiale est g\u00e9n\u00e9ralement b\u00e9nigne, mais il existe malheureusement un risque que le virus mute et provoque la PIF chez certains chats.<br \/>\nLa p\u00e9riode d&rsquo;incubation de cette mutation peut aller de quelques semaines \u00e0 plusieurs ann\u00e9es, mais les chats sont les plus expos\u00e9s au risque de d\u00e9velopper une PIF clinique dans les six semaines qui suivent leur infection initiale par le virus.<br \/>\nDes exp\u00e9riences ont conclu que six semaines seulement peuvent suffire pour qu&rsquo;un chat infect\u00e9 d\u00e9veloppe une maladie \u00e0 part enti\u00e8re.<br \/>\nPendant les p\u00e9riodes d&rsquo;exposition initiale et d&rsquo;incubation, il est important de noter que les chats infect\u00e9s excr\u00e8tent un volume inhabituellement \u00e9lev\u00e9 de particules virales, ce qui peut rapidement entra\u00eener l&rsquo;infection des autres animaux de la maison.<\/p>\n<p>&nbsp;<\/p>\n<h1><strong>Stade de la PIF : <\/strong>vir\u00e9mie primaire<\/h1>\n<p>La vir\u00e9mie primaire est le stade de l&rsquo;infection par le virus de la p\u00e9ritonite infectieuse f\u00e9line (PIF) au cours duquel le syst\u00e8me immunitaire des chats commence \u00e0 r\u00e9pondre \u00e0 l&rsquo;envahisseur \u00e9tranger.<br \/>\nAu cours de cette phase, des niveaux \u00e9lev\u00e9s de FCoV peuvent \u00eatre trouv\u00e9s dans leur sang.<br \/>\nCela marque le d\u00e9but d&rsquo;une bataille entre le corps du chat et le virus, ainsi que le moment o\u00f9 les mutations deviennent plus probables en raison de la diminution de la r\u00e9sistance.<br \/>\nLes chats atteints de vir\u00e9mie primaire pr\u00e9sentent une r\u00e9ponse accrue de leur syst\u00e8me immunitaire qui s&rsquo;efforce de les prot\u00e9ger contre tout dommage caus\u00e9 par l&rsquo;agent pathog\u00e8ne qui p\u00e9n\u00e8tre dans leur organisme.<br \/>\nCertains chats pourront d\u00e9barrasser leur corps du virus gr\u00e2ce \u00e0 une forte r\u00e9ponse immunitaire.<\/p>\n<p>&nbsp;<\/p>\n<h1><strong>Stade de la PIF : <\/strong><strong>Vir\u00e9mie secondaire<\/strong><\/h1>\n<p>La vir\u00e9mie secondaire est une phase ult\u00e9rieure qui affecte les chats qui n&rsquo;ont pas pu combattre le virus au cours de la phase primaire.<br \/>\n\u00c0 ce stade, la moelle osseuse et d&rsquo;autres tissus ont \u00e9t\u00e9 envahis par le virus.<br \/>\nLe virus peut alors rester \u00e0 l&rsquo;\u00e9tat passif dans la moelle osseuse pendant un certain temps.<br \/>\nMais en plus de cela, les niveaux de FIPV dans le sang commencent \u00e0 augmenter et finissent par atteindre un point o\u00f9 les chats ne sont plus en mesure de le contr\u00f4ler.<br \/>\nMalheureusement, \u00e0 ce moment-l\u00e0, de nombreux processus inflammatoires syst\u00e9miques se sont d\u00e9j\u00e0 mis en place, car le FIPV s&rsquo;est empar\u00e9 d&rsquo;organes et de tissus vitaux.<br \/>\nComme son nom l&rsquo;indique, lors de la vir\u00e9mie secondaire, le virus commence \u00e0 se propager dans d&rsquo;autres organes, entra\u00eenant des signes plus graves qui peuvent rapidement devenir mortels s&rsquo;ils ne sont pas trait\u00e9s rapidement.<br \/>\nLa s\u00e9v\u00e9rit\u00e9 de la r\u00e9ponse immunitaire primaire ou la capacit\u00e9 de l&rsquo;organisme du chat \u00e0 contr\u00f4ler l&rsquo;infection joue un r\u00f4le important dans la d\u00e9termination du niveau auquel le virus commencera \u00e0 se propager au-del\u00e0 d&rsquo;un seul syst\u00e8me organique.<br \/>\nAu cours de cette p\u00e9riode cruciale, les chats peuvent pr\u00e9senter une fi\u00e8vre persistante (plus de 40\u00b0C), une diminution de l&rsquo;app\u00e9tit et une aggravation g\u00e9n\u00e9rale de leur \u00e9tat en raison de l&rsquo;affaiblissement de leur syst\u00e8me immunitaire, qui fait des efforts consid\u00e9rables pour contr\u00f4ler les virus mut\u00e9s, mais n&rsquo;y parvient pas, de sorte qu&rsquo;ils doivent recourir \u00e0 des plans de traitement \u00e0 base d&rsquo;antiviraux et d&rsquo;autres m\u00e9dicaments.<\/p>\n<p>&nbsp;<\/p>\n<h1><strong>Stade de la PIF : <\/strong><strong>PIF clinique<\/strong><\/h1>\n<p>Au stade clinique de la PIF, les chats ne peuvent plus contenir le virus.<br \/>\nCela est d\u00fb en partie \u00e0 une alt\u00e9ration de l&rsquo;une des prot\u00e9ines pr\u00e9sentes dans certains types de FCoV, appel\u00e9e FIPV.<br \/>\nLe FIPV provoque une vascularite, c&rsquo;est-\u00e0-dire une inflammation et un gonflement autour d&rsquo;un groupe de cellules ou d&rsquo;organes.<br \/>\nUne accumulation de liquide dans les cavit\u00e9s corporelles, entra\u00eenant une accumulation de liquide et une pression excessive sur les organes vitaux, peut \u00e9galement se produire \u00e0 ce stade.<br \/>\nLes chats atteints de PIF peuvent pr\u00e9senter des sympt\u00f4mes tels qu&rsquo;une perte de poids, de la fi\u00e8vre, une d\u00e9shydratation, un abdomen ou une t\u00eate enfl\u00e9s et des difficult\u00e9s respiratoires dues \u00e0 une congestion thoracique.<br \/>\nLa destruction des infections \u00e0 l&rsquo;int\u00e9rieur des organes vitaux commence \u00e0 ce stade, ce qui peut entra\u00eener une d\u00e9faillance des organes du syst\u00e8me.<br \/>\nCelle-ci se manifeste g\u00e9n\u00e9ralement plus tard sous la forme d&rsquo;une maladie r\u00e9nale ou de l\u00e9sions neurologiques caus\u00e9es par l&rsquo;inflammation du tissu c\u00e9r\u00e9bral.<\/p>\n<p>&nbsp;<\/p>\n<h1><strong>Stade de la PIF : <\/strong><strong>Dommages aux organes <\/strong><\/h1>\n<p>Il s&rsquo;agit du dernier stade de la PIF, lorsque l&rsquo;inflammation cause d\u00e9j\u00e0 des dommages aux organes et que le chat pr\u00e9sente d&rsquo;autres probl\u00e8mes ult\u00e9rieurs.<br \/>\nLes organes g\u00e9n\u00e9ralement touch\u00e9s sont les suivants<br \/>\n<strong>Les organes abdominaux :<\/strong> La PIF entra\u00eene souvent la formation de granulomes (petits nodules de tissu inflammatoire) dans les organes abdominaux, tels que le foie, la rate et les reins.<br \/>\nCela peut entra\u00eener un dysfonctionnement et une d\u00e9faillance de ces organes.<br \/>\n<strong>Les reins :<\/strong> Les reins peuvent \u00eatre affect\u00e9s par des l\u00e9sions granulomateuses, entra\u00eenant une insuffisance r\u00e9nale.<br \/>\n<strong>Syst\u00e8me nerveux central (SNC) :<\/strong> La PIF peut provoquer des sympt\u00f4mes neurologiques lorsqu&rsquo;elle affecte le SNC.<br \/>\nLes chats atteints de PIF neurologique peuvent pr\u00e9senter des changements de comportement, des crises d&rsquo;\u00e9pilepsie et des difficult\u00e9s \u00e0 marcher.<br \/>\n<strong>Yeux<\/strong>: l&rsquo;atteinte oculaire est fr\u00e9quente dans la PIF, entra\u00eenant une inflammation, une opacit\u00e9 et parfois la c\u00e9cit\u00e9.<br \/>\nOn parle alors de PIF oculaire ou s\u00e8che.<br \/>\n<strong>Syst\u00e8me cardiovasculaire :<\/strong> Dans certains cas, la PIF peut affecter le c\u0153ur et les vaisseaux sanguins, entra\u00eenant des probl\u00e8mes cardiovasculaires.<br \/>\nCette d\u00e9t\u00e9rioration continue chez le chat peut conduire \u00e0 la paralysie et finalement \u00e0 la mort.<\/p>\n<p>&nbsp;<\/p>\n<p>&nbsp;<\/p>\n<h1><strong>Sympt\u00f4mes bas\u00e9s sur les stades de la PIF<\/strong><\/h1>\n<h2><strong>Signes aux premiers stades de la PIF<\/strong><\/h2>\n<p>Les chats peuvent pr\u00e9senter des sympt\u00f4mes pr\u00e9coces non sp\u00e9cifiques, tels que des changements de comportement, une perte de poids et d&rsquo;app\u00e9tit, ainsi qu&rsquo;une fi\u00e8vre fluctuante.<\/p>\n<p>&nbsp;<\/p>\n<p><strong>Sympt\u00f4mes non sp\u00e9cifiques<\/strong><\/p>\n<p>La PIF pr\u00e9sente un large \u00e9ventail de sympt\u00f4mes non sp\u00e9cifiques qui peuvent facilement \u00eatre confondus avec d&rsquo;autres maladies.<br \/>\nCes premiers signes sont g\u00e9n\u00e9ralement vagues et comprennent l&rsquo;apathie, la l\u00e9thargie, la diminution de l&rsquo;app\u00e9tit, la perte de poids et une fi\u00e8vre fluctuante.<br \/>\nDans certains cas, les chats pr\u00e9sentent des changements de comportement qui accompagnent ces sympt\u00f4mes physiques.<br \/>\nIl est essentiel de pr\u00eater attention aux moindres changements dans l&rsquo;\u00e9tat de sant\u00e9 de votre chat, tels qu&rsquo;une augmentation ou une diminution de son niveau d&rsquo;\u00e9nergie, car il peut s&rsquo;agir du premier signe de la PIF.<br \/>\nBien qu&rsquo;elle soit tr\u00e8s r\u00e9pandue chez les chats, la cause subtile de la maladie la rend difficile \u00e0 d\u00e9tecter aux premiers stades, \u00e0 moins que vous ne soyez attentif \u00e0 d&rsquo;autres signes comme l&rsquo;anorexie ou le pica (un \u00e9tat dans lequel le chat mange des choses qu&rsquo;il ne devrait pas manger), qui sont fr\u00e9quemment observ\u00e9s au cours de l&rsquo;infection par la PIF.<br \/>\nDes fi\u00e8vres fluctuantes peuvent \u00e9galement signifier que votre chat a un probl\u00e8me. Soyez donc attentif \u00e0 tout changement de temp\u00e9rature important lorsque vous le surveillez p\u00e9riodiquement tout au long de la journ\u00e9e, comme une fi\u00e8vre document\u00e9e qui dure plus de 24 heures malgr\u00e9 les traitements administr\u00e9s par un v\u00e9t\u00e9rinaire.<\/p>\n<p>&nbsp;<\/p>\n<p><strong>Diarrh\u00e9e<\/strong><\/p>\n<p>Lorsque le coronavirus f\u00e9lin (FCoV) p\u00e9n\u00e8tre pour la premi\u00e8re fois dans un chat, il infecte l&rsquo;intestin gr\u00eale, provoquant parfois des diarrh\u00e9es.<br \/>\nLe virus est excr\u00e9t\u00e9 dans les f\u00e8ces d\u00e8s le deuxi\u00e8me jour suivant l&rsquo;infection, puis pendant quelques semaines, voire quelques mois.<br \/>\nDe l&rsquo;intestin, le virus passe dans la circulation sanguine, entra\u00eenant la PIF chez certains chats malchanceux, mais la plupart des chats mettent en place une r\u00e9ponse immunitaire efficace et se d\u00e9barrassent du virus, menant ensuite une vie normale et en parfaite sant\u00e9.<br \/>\nL&rsquo;infection initiale par le FCoV \u00e0 tout \u00e2ge, et pas seulement chez les chatons, peut provoquer des diarrh\u00e9es dont la gravit\u00e9 peut aller de l\u00e9g\u00e8re \u00e0 chronique, en passant par grave et potentiellement mortelle.<br \/>\nLe virus endommage d&rsquo;abord la paroi de l&rsquo;intestin gr\u00eale.<br \/>\nMalheureusement, chez certains chats, le FCoV peut endommager tr\u00e8s gravement l&rsquo;intestin gr\u00eale, entra\u00eenant une tendance permanente aux vomissements ou \u00e0 la diarrh\u00e9e et ce que l&rsquo;on appelle le \u00ab\u00a0syndrome de malabsorption\u00a0\u00bb, o\u00f9 le chat affect\u00e9 est incapable de b\u00e9n\u00e9ficier des nutriments qu&rsquo;il a mang\u00e9s, et ne parvient donc pas \u00e0 prendre du poids de mani\u00e8re ad\u00e9quate et \u00e0 s&rsquo;\u00e9panouir.<\/p>\n<p>&nbsp;<\/p>\n<p><strong>Changements de comportement<\/strong><\/p>\n<p>Chez les chats infect\u00e9s par la PIF, les propri\u00e9taires peuvent d&rsquo;abord remarquer des sympt\u00f4mes moins \u00e9vidents, tels qu&rsquo;une baisse d&rsquo;activit\u00e9, de l&rsquo;apathie et un manque d&rsquo;app\u00e9tit.<br \/>\nVotre chat peut devenir beaucoup moins interactif qu&rsquo;il ne l&rsquo;\u00e9tait auparavant, pr\u00e9f\u00e9rant rester dans des endroits solitaires ou dormir toute la journ\u00e9e.<br \/>\nIl peut \u00e9galement commencer \u00e0 \u00e9viter les interactions avec les autres animaux ou les humains.<br \/>\nLe pica est un autre changement de comportement associ\u00e9 au virus &#8211; lorsque votre animal commence \u00e0 manger des aliments non alimentaires, cela peut \u00eatre le signe qu&rsquo;il est atteint de PIF.<br \/>\nOutre l&rsquo;anorexie (perte totale d&rsquo;app\u00e9tit), vous pouvez observer que votre chat s&rsquo;efforce de s&rsquo;alimenter lui-m\u00eame ou qu&rsquo;il se d\u00e9sint\u00e9resse totalement de la nourriture lorsqu&rsquo;on la lui propose &#8211; ces deux signes peuvent indiquer que quelque chose ne va pas.<\/p>\n<p>&nbsp;<\/p>\n<p><strong>Perte de poids et perte d&rsquo;app\u00e9tit<\/strong><\/p>\n<p>L&rsquo;amaigrissement et la perte d&rsquo;app\u00e9tit sont deux des premiers signes de la PIF.<br \/>\nLorsque les chats sont infect\u00e9s pour la premi\u00e8re fois, ils peuvent ne pr\u00e9senter aucun sympt\u00f4me jusqu&rsquo;\u00e0 des semaines ou des mois plus tard.<br \/>\nCependant, une perte de poids lente et une diminution de l&rsquo;app\u00e9tit peuvent indiquer que quelque chose ne va pas.<br \/>\nLa perte de poids chez les chats est g\u00e9n\u00e9ralement subtile mais ne doit pas passer inaper\u00e7ue aux yeux des propri\u00e9taires &#8211; une diminution soudaine de 15 \u00e0 20 % du poids en quelques jours seulement peut signifier la pr\u00e9sence d&rsquo;un PIF.<br \/>\nDe m\u00eame, une diminution de l&rsquo;app\u00e9tit, m\u00eame lorsqu&rsquo;on lui pr\u00e9sente une nourriture favorable, peut indiquer un d\u00e9but de maladie.<br \/>\nCe type de sympt\u00f4me complexe peut indiquer une d\u00e9faillance d&rsquo;organe caus\u00e9e par le PIF ou d&rsquo;autres affections graves telles qu&rsquo;une maladie r\u00e9nale chronique qui, si elle n&rsquo;est pas trait\u00e9e, peut \u00e9voluer rapidement et mettre en danger la vie du chat si elle n&rsquo;est pas d\u00e9tect\u00e9e \u00e0 un stade pr\u00e9coce.<br \/>\nDe nombreux propri\u00e9taires de chats ont rapport\u00e9 avoir observ\u00e9 des changements spectaculaires dans les niveaux d&rsquo;\u00e9nergie et d&rsquo;activit\u00e9 associ\u00e9s \u00e0 ces sympt\u00f4mes, ce qui souligne encore leur importance dans les d\u00e9cisions de diagnostic et de traitement prises par les v\u00e9t\u00e9rinaires et les propri\u00e9taires d&rsquo;animaux de compagnie.<\/p>\n<p>&nbsp;<\/p>\n<p><strong>Fi\u00e8vre fluctuante<\/strong><\/p>\n<p>La fi\u00e8vre fluctuante chez les chats est typiquement d\u00e9finie comme une alternance d&rsquo;\u00e9pisodes de temp\u00e9ratures \u00e9lev\u00e9es et basses.<br \/>\nC&rsquo;est l&rsquo;un des premiers signes cliniques associ\u00e9s \u00e0 la PIF.<br \/>\nCe type de fi\u00e8vre peut varier quotidiennement, oscillant entre une temp\u00e9rature corporelle normale et des temp\u00e9ratures dangereusement \u00e9lev\u00e9es.<br \/>\nComme cela peut se produire soudainement, il est important que les propri\u00e9taires de chats surveillent r\u00e9guli\u00e8rement la temp\u00e9rature de leur animal, car tout changement soudain peut \u00eatre le signe d&rsquo;une PIF ou d&rsquo;un autre probl\u00e8me de sant\u00e9 grave.<br \/>\nIl est facile de confondre une fi\u00e8vre fluctuante avec les fortes fi\u00e8vres persistantes que les chats peuvent avoir lorsqu&rsquo;ils sont malades, mais il s&rsquo;agit de deux maladies tr\u00e8s diff\u00e9rentes qui n\u00e9cessitent des formes de traitement distinctes.<\/p>\n<p>&nbsp;<\/p>\n<h2><strong>Signes aux stades avanc\u00e9s de la PIF<\/strong><\/h2>\n<p>&nbsp;<\/p>\n<p>Les sympt\u00f4mes peuvent \u00e9voluer vers des effets plus graves, tels que la d\u00e9faillance d&rsquo;un organe ou l&rsquo;accumulation de liquide.<br \/>\nPoursuivez votre lecture pour en savoir plus !<\/p>\n<p><strong>D\u00e9faillance des organes<\/strong><\/p>\n<p>La d\u00e9faillance d&rsquo;un organe est l&rsquo;une des cons\u00e9quences les plus graves de la PIF.<br \/>\nElle peut toucher diff\u00e9rents organes, tels que les reins, le foie et bien d&rsquo;autres.<br \/>\nLorsque la maladie atteint son stade le plus avanc\u00e9, elle peut entra\u00eener un dysfonctionnement ou une d\u00e9faillance de l&rsquo;organe.<br \/>\nCette atteinte des organes peut provoquer une grande vari\u00e9t\u00e9 de sympt\u00f4mes qui varient en fonction des endroits sp\u00e9cifiques touch\u00e9s dans le corps.<br \/>\nSi elle n&rsquo;est pas trait\u00e9e pendant trop longtemps, elle met \u00e0 rude \u00e9preuve la sant\u00e9 physique g\u00e9n\u00e9rale de l&rsquo;animal affect\u00e9, jusqu&rsquo;\u00e0 ce qu&rsquo;elle se transforme en une maladie catastrophique ou en un d\u00e9c\u00e8s si elle n&rsquo;est pas d\u00e9tect\u00e9e suffisamment t\u00f4t et trait\u00e9e en cons\u00e9quence.<\/p>\n<p>&nbsp;<\/p>\n<p><strong>Forte fi\u00e8vre persistante<\/strong><\/p>\n<p>La fi\u00e8vre incessante est un signe clinique courant associ\u00e9 aux stades avanc\u00e9s de la p\u00e9ritonite infectieuse f\u00e9line (PIF).<br \/>\nCette fi\u00e8vre peut atteindre des temp\u00e9ratures comprises entre 102 \u00b0F et 105 \u00b0F et durer des semaines ou des mois.<br \/>\nIl est important d&rsquo;\u00e9tablir un diagnostic pr\u00e9coce, car il permet d&rsquo;\u00e9carter d&rsquo;autres maladies et d&rsquo;entamer un traitement.<br \/>\nLa fi\u00e8vre est caus\u00e9e par l&rsquo;inflammation r\u00e9sultant d&rsquo;une infection g\u00e9n\u00e9ralis\u00e9e, qui peut s&rsquo;accompagner de signes tels que l\u00e9thargie, gonflement abdominal, perte d&rsquo;app\u00e9tit, amaigrissement et jaunisse.<br \/>\nSi la fi\u00e8vre persiste malgr\u00e9 une antibioth\u00e9rapie ou un traitement anti-inflammatoire, elle peut \u00eatre le signe d&rsquo;une PIF.<br \/>\nLa temp\u00e9rature \u00e9lev\u00e9e se normalise souvent lorsqu&rsquo;un traitement ad\u00e9quat est mis en place.<\/p>\n<p>&nbsp;<\/p>\n<p><strong>Accumulation de liquide<\/strong><\/p>\n<p>L&rsquo;accumulation de liquide est un signe cl\u00e9 de la PIF chez les chats et peut se produire dans diff\u00e9rentes parties du corps.<br \/>\nDans la poitrine, le liquide s&rsquo;accumule autour du c\u0153ur et des poumons, ce qui entra\u00eene une restriction des mouvements et des difficult\u00e9s respiratoires.<br \/>\nEn outre, les ganglions lymphatiques peuvent \u00eatre gonfl\u00e9s en raison d&rsquo;un blocage caus\u00e9 par une formation excessive de cellules liquides riches en prot\u00e9ines, appel\u00e9es \u00e9panchements pleuraux.<br \/>\nLe liquide peut \u00e9galement s&rsquo;accumuler dans d&rsquo;autres organes tels que l&rsquo;abdomen ou le scrotum, provoquant un gonflement de ces zones et une douleur pour votre chat.<br \/>\nEn outre, les yeux de votre chat peuvent pr\u00e9senter des signes de cette accumulation \u00e0 l&rsquo;int\u00e9rieur, notamment des changements de coloration ou une opacit\u00e9, un \u00e9paississement de la corn\u00e9e (\u0153d\u00e8me corn\u00e9en), un hypopion (une mousse blanche \u00e0 l&rsquo;arri\u00e8re de l&rsquo;\u0153il) ou un d\u00e9collement de la r\u00e9tine d\u00fb \u00e0 l&rsquo;augmentation de la pression intraoculaire caus\u00e9e par l&rsquo;infection par le FIP.<\/p>\n<p>&nbsp;<\/p>\n<p><strong>Probl\u00e8mes oculaires<\/strong><\/p>\n<p>Les probl\u00e8mes oculaires sont un indicateur courant du PIF.<br \/>\nDes l\u00e9sions oculaires caract\u00e9ris\u00e9es par une uv\u00e9ite ant\u00e9rieure pyogranulomateuse peuvent appara\u00eetre chez les chats atteints de PIF.<br \/>\nLes sympt\u00f4mes peuvent inclure une inflammation du globe oculaire, un strabisme, un gonflement des troisi\u00e8mes paupi\u00e8res et une hypertrophie des yeux qui peut nuire \u00e0 la vision ou m\u00eame conduire \u00e0 la c\u00e9cit\u00e9 si elle n&rsquo;est pas trait\u00e9e.<br \/>\nLes animaux pr\u00e9sentant ce type de manifestation oculaire peuvent manifester une production accrue de larmes ainsi que des saignements de l&rsquo;\u0153il dus \u00e0 l&rsquo;ulc\u00e9ration caus\u00e9e par l&rsquo;infection.<br \/>\nEn outre, les sympt\u00f4mes neurologiques li\u00e9s \u00e0 la PIF peuvent affecter le syst\u00e8me nerveux, y compris la vision et les probl\u00e8mes oculaires tels que des pupilles contract\u00e9es qui ne r\u00e9agissent pas de mani\u00e8re appropri\u00e9e aux changements de lumi\u00e8re.<br \/>\nEnfin, une \u00e9l\u00e9vation de la pression intraoculaire accompagn\u00e9e d&rsquo;un \u00e9paississement de la corn\u00e9e a \u00e9t\u00e9 observ\u00e9e dans certains cas de PIF effusive de forme humide, ce qui entra\u00eene une perte potentielle de la vision au fil du temps si elle n&rsquo;est pas trait\u00e9e correctement ou assez rapidement.<\/p>\n","protected":false},"excerpt":{"rendered":"<p>L&rsquo;infection par ce virus implique quatre stades distincts de la PIF &#8211; l&rsquo;exposition initiale et l&rsquo;incubation, la vir\u00e9mie primaire, la vir\u00e9mie secondaire et la PIF clinique. Voici les sympt\u00f4mes PIF chat en fonction des stades de la PIF: &nbsp; \u00c9tape de la PIF : Exposition initiale et incubation Le coronavirus f\u00e9lin (FCoV) est pr\u00e9sent dans [&hellip;]<\/p>\n","protected":false},"author":1,"featured_media":16831,"parent":0,"menu_order":0,"comment_status":"closed","ping_status":"closed","template":"","meta":{"_glsr_average":0,"_glsr_ranking":0,"_glsr_reviews":0,"footnotes":""},"categories":[676],"tags":[],"_links":{"self":[{"href":"https:\/\/fipmed.co\/fr\/wp-json\/wp\/v2\/pages\/17120"}],"collection":[{"href":"https:\/\/fipmed.co\/fr\/wp-json\/wp\/v2\/pages"}],"about":[{"href":"https:\/\/fipmed.co\/fr\/wp-json\/wp\/v2\/types\/page"}],"author":[{"embeddable":true,"href":"https:\/\/fipmed.co\/fr\/wp-json\/wp\/v2\/users\/1"}],"replies":[{"embeddable":true,"href":"https:\/\/fipmed.co\/fr\/wp-json\/wp\/v2\/comments?post=17120"}],"version-history":[{"count":0,"href":"https:\/\/fipmed.co\/fr\/wp-json\/wp\/v2\/pages\/17120\/revisions"}],"wp:featuredmedia":[{"embeddable":true,"href":"https:\/\/fipmed.co\/fr\/wp-json\/wp\/v2\/media\/16831"}],"wp:attachment":[{"href":"https:\/\/fipmed.co\/fr\/wp-json\/wp\/v2\/media?parent=17120"}],"wp:term":[{"taxonomy":"category","embeddable":true,"href":"https:\/\/fipmed.co\/fr\/wp-json\/wp\/v2\/categories?post=17120"},{"taxonomy":"post_tag","embeddable":true,"href":"https:\/\/fipmed.co\/fr\/wp-json\/wp\/v2\/tags?post=17120"}],"curies":[{"name":"wp","href":"https:\/\/api.w.org\/{rel}","templated":true}]}}