{"id":17152,"date":"2024-03-25T07:24:09","date_gmt":"2024-03-25T07:24:09","guid":{"rendered":"https:\/\/fipmed.co\/tout-savoir-sur-la-prevention-des-rechutes-de-la-fibrose-kystique-causes-et-traitement\/"},"modified":"2024-04-25T05:11:29","modified_gmt":"2024-04-25T05:11:29","slug":"tout-sur-la-pif-recidive-prevention-causes-et-traitement","status":"publish","type":"page","link":"https:\/\/fipmed.co\/fr\/tout-sur-la-pif-recidive-prevention-causes-et-traitement\/","title":{"rendered":"Tout sur la PIF R\u00e9cidive: Prevention, Causes et Traitement"},"content":{"rendered":"<h2>Pourquoi une PIF r\u00e9cidive se produit-elle ?<\/h2>\n<p>La PIF est caus\u00e9e par un virus, de sorte que la maladie peut rester latente (inactive) dans le syst\u00e8me d&rsquo;un chat infect\u00e9 pendant un certain temps apr\u00e8s le traitement initial. Une PIF r\u00e9cidive peut se produire m\u00eame des mois ou des semaines apr\u00e8s la fin du traitement si le virus se r\u00e9active.<\/p>\n<p>En outre, il a \u00e9t\u00e9 constat\u00e9 que les rechutes sont plus fr\u00e9quentes chez les chats pr\u00e9sentant des sympt\u00f4mes neurologiques de la PIF que chez ceux pr\u00e9sentant d&rsquo;autres formes de la maladie, ce qui les rend particuli\u00e8rement vuln\u00e9rables \u00e0 ce probl\u00e8me.<\/p>\n<p>Dans les cas bien \u00e9tablis d&rsquo;infections des yeux, du cerveau et de la colonne vert\u00e9brale, un traitement d&rsquo;au moins 12 semaines peut \u00eatre n\u00e9cessaire pour une r\u00e9solution compl\u00e8te et une gu\u00e9rison de la PIF.<\/p>\n<h2>Comment pr\u00e9venir une rechute de la PIF lors d&rsquo;un traitement par le GS441524 ?<\/h2>\n<h3>N&rsquo;utilisez pas d&rsquo;immunosuppresseurs<\/h3>\n<p>Les immunosuppresseurs sont des m\u00e9dicaments normalement prescrits pour r\u00e9duire les dommages caus\u00e9s par l&rsquo;inflammation lors du traitement de la p\u00e9ritonite infectieuse f\u00e9line (PIF) au cours de la p\u00e9riode initiale.<\/p>\n<p>Les immunosuppresseurs peuvent entraver la capacit\u00e9 de l&rsquo;organisme \u00e0 se remettre de la PIF, car ils affaiblissent les syst\u00e8mes de d\u00e9fense naturels en diminuant l&rsquo;inflammation et en supprimant l&rsquo;immunit\u00e9. Cela peut entra\u00eener un risque accru de rechute ou d&rsquo;autres complications telles qu&rsquo;une infection.<\/p>\n<h3>Poursuivre le traitement pendant au moins 84 jours<\/h3>\n<p>La recommandation de traiter les chats atteints de PIF r\u00e9cidivante GS441524 pendant 84 jours est \u00e9tay\u00e9e par la recherche, qui montre que cela augmente l&rsquo;efficacit\u00e9 du traitement. Sur 393 patients, 90% ont obtenu de bons r\u00e9sultats en administrant le GS441524 pendant 12 semaines et 11,4% ont prolong\u00e9 leur traitement au-del\u00e0 de 84 jours pour obtenir des r\u00e9sultats encore meilleurs.<\/p>\n<p>Cela renforce encore l&rsquo;importance de respecter la dose compl\u00e8te recommand\u00e9e afin d&rsquo;optimiser les taux de r\u00e9ussite.<\/p>\n<p>Le sous-dosage du GS441524 augmente le risque de rechute et de r\u00e9sistance au m\u00e9dicament, ce qui peut entra\u00eener l&rsquo;\u00e9chec du traitement pour votre compagnon f\u00e9lin.<\/p>\n<h3>Fournir une hydratation et un soutien nutritionnel suffisants<\/h3>\n<p>Il est essentiel de fournir une hydratation et un soutien nutritionnel ad\u00e9quats pendant le traitement de la PIF r\u00e9cidive. L&rsquo;hydratation est extr\u00eamement importante dans le traitement des chats atteints de PIF, car elle aide \u00e0 maintenir le fonctionnement normal des organes et soutient la r\u00e9ponse du syst\u00e8me immunitaire contre le virus.<\/p>\n<p>En outre, il peut contribuer \u00e0 r\u00e9duire certains des probl\u00e8mes de coagulation sanguine associ\u00e9s \u00e0 cette maladie. Par ailleurs, une alimentation ad\u00e9quate joue un r\u00f4le essentiel dans le soutien \u00e0 la gu\u00e9rison et au r\u00e9tablissement.<\/p>\n<p>Un apport ad\u00e9quat en prot\u00e9ines est n\u00e9cessaire pour renforcer les muscles touch\u00e9s par l&rsquo;infection et restaurer les niveaux d&rsquo;\u00e9nergie perdus en raison d&rsquo;un \u00e9tat d&rsquo;affaiblissement ou des effets secondaires des m\u00e9dicaments, tandis que certains compl\u00e9ments alimentaires peuvent aider \u00e0 renforcer l&rsquo;immunit\u00e9 du chat pour contrer le virus.<\/p>\n<h2>Comment traiter une rechute si elle se produit ?<\/h2>\n<h3>Augmenter la dose de GS441524<\/h3>\n<p>Si une r\u00e9cidive survient apr\u00e8s le traitement de la PIF chez le chat, il est n\u00e9cessaire d&rsquo;augmenter la dose de GS441524 de 50 %. Une dose plus \u00e9lev\u00e9e peut am\u00e9liorer l&rsquo;efficacit\u00e9 du traitement des PIF r\u00e9cidive.<\/p>\n<p>Si votre chat a d\u00e9velopp\u00e9 une forte r\u00e9sistance au GS441524, vous pouvez combiner le traitement avec le GC376. Cependant, en cas de rechute, les chances de survie du chat sont g\u00e9n\u00e9ralement faibles.<\/p>\n","protected":false},"excerpt":{"rendered":"<p>Pourquoi une PIF r\u00e9cidive se produit-elle ? La PIF est caus\u00e9e par un virus, de sorte que la maladie peut rester latente (inactive) dans le syst\u00e8me d&rsquo;un chat infect\u00e9 pendant un certain temps apr\u00e8s le traitement initial. Une PIF r\u00e9cidive peut se produire m\u00eame des mois ou des semaines apr\u00e8s la fin du traitement si [&hellip;]<\/p>\n","protected":false},"author":1,"featured_media":16861,"parent":0,"menu_order":0,"comment_status":"closed","ping_status":"closed","template":"","meta":{"_glsr_average":0,"_glsr_ranking":0,"_glsr_reviews":0,"footnotes":""},"categories":[676],"tags":[],"_links":{"self":[{"href":"https:\/\/fipmed.co\/fr\/wp-json\/wp\/v2\/pages\/17152"}],"collection":[{"href":"https:\/\/fipmed.co\/fr\/wp-json\/wp\/v2\/pages"}],"about":[{"href":"https:\/\/fipmed.co\/fr\/wp-json\/wp\/v2\/types\/page"}],"author":[{"embeddable":true,"href":"https:\/\/fipmed.co\/fr\/wp-json\/wp\/v2\/users\/1"}],"replies":[{"embeddable":true,"href":"https:\/\/fipmed.co\/fr\/wp-json\/wp\/v2\/comments?post=17152"}],"version-history":[{"count":0,"href":"https:\/\/fipmed.co\/fr\/wp-json\/wp\/v2\/pages\/17152\/revisions"}],"wp:featuredmedia":[{"embeddable":true,"href":"https:\/\/fipmed.co\/fr\/wp-json\/wp\/v2\/media\/16861"}],"wp:attachment":[{"href":"https:\/\/fipmed.co\/fr\/wp-json\/wp\/v2\/media?parent=17152"}],"wp:term":[{"taxonomy":"category","embeddable":true,"href":"https:\/\/fipmed.co\/fr\/wp-json\/wp\/v2\/categories?post=17152"},{"taxonomy":"post_tag","embeddable":true,"href":"https:\/\/fipmed.co\/fr\/wp-json\/wp\/v2\/tags?post=17152"}],"curies":[{"name":"wp","href":"https:\/\/api.w.org\/{rel}","templated":true}]}}