{"id":17163,"date":"2024-03-25T05:50:49","date_gmt":"2024-03-25T05:50:49","guid":{"rendered":"https:\/\/fipmed.co\/peritonite-infectieuse-feline-facteurs-de-risque-de-la-pif\/"},"modified":"2024-04-25T06:38:55","modified_gmt":"2024-04-25T06:38:55","slug":"pif-chat-transmission-facteurs-de-risque-de-la-pif","status":"publish","type":"page","link":"https:\/\/fipmed.co\/fr\/pif-chat-transmission-facteurs-de-risque-de-la-pif\/","title":{"rendered":"PIF chat transmission: Facteurs de risque de la PIF"},"content":{"rendered":"<p><strong>Que se passe-t-il pendant PIF chat transmission?<\/strong><\/p>\n<p>Certains chats sont plus enclins \u00e0 contracter la PIF que d&rsquo;autres, bien que le coronavirus responsable de cette maladie soit pr\u00e9sent partout. Vous trouverez ci-dessous quelques-uns des facteurs de risque qui augmentent le risque qu&rsquo;un chat soit atteint de la PIF.<\/p>\n<p>&nbsp;<\/p>\n<p><strong>L&rsquo;\u00e2ge<\/strong><\/p>\n<p>50 % des chats qui d\u00e9veloppent une PIF ont moins de 2 ans, et ont donc probablement \u00e9t\u00e9 infect\u00e9s lorsqu&rsquo;ils \u00e9taient chatons, alors que leur syst\u00e8me immunitaire \u00e9tait trop jeune pour faire face \u00e0 l&rsquo;infection par le FCoV.<\/p>\n<p>Les jeunes chats et les chats \u00e2g\u00e9s ont souvent un syst\u00e8me immunitaire immature ou affaibli qui les expose davantage au risque de d\u00e9velopper une PIF. Les jeunes chatons peuvent \u00e9galement \u00eatre expos\u00e9s au virus lorsqu&rsquo;ils se trouvent dans des chatteries ou des refuges.<\/p>\n<p>&nbsp;<\/p>\n<p><strong>Race comme PIF Facteurs de risque<\/strong><\/p>\n<p>Certaines races, comme les chats de race ou les chats de chatterie, peuvent pr\u00e9senter un risque plus \u00e9lev\u00e9 de PIF. Les chats persans et les races apparent\u00e9es semblent \u00eatre plus sensibles. Certaines donn\u00e9es sugg\u00e8rent que les chats persans sont porteurs d'\u00a0\u00bball\u00e8les pr\u00e9disposants\u00a0\u00bb pour cette maladie, ce qui les rend vuln\u00e9rables lorsqu&rsquo;ils sont expos\u00e9s au virus responsable de la PIF.<\/p>\n<p>Les chats issus de chatteries ou de lign\u00e9es de race pure sont particuli\u00e8rement susceptibles de d\u00e9velopper la PIF. Les Abyssins, les Bengals, les Birmans, les Himalayens, les Ragdolls et les Rex pr\u00e9sentent un risque nettement plus \u00e9lev\u00e9 de contracter la maladie que les autres chats.<\/p>\n<p>D&rsquo;autres races de chats, notamment les birmans, les exotiques \u00e0 poil court, les manx, les persans et les bleus russes, sont \u00e9galement plus sensibles \u00e0 la PIF en raison de la g\u00e9n\u00e9tique et de leur exposition accrue dans les programmes d&rsquo;\u00e9levage.<\/p>\n<p>On pense que certains facteurs g\u00e9n\u00e9tiques associ\u00e9s aux chats persans (et aux races qui leur sont associ\u00e9es) les rendent l\u00e9g\u00e8rement moins aptes que les autres esp\u00e8ces f\u00e9lines \u00e0 contr\u00f4ler le virus responsable de la PIF, ce qui les rend plus vuln\u00e9rables \u00e0 l&rsquo;infection s&rsquo;ils entrent en contact avec lui.<\/p>\n<p>&nbsp;<\/p>\n<p><strong>Conditions de vie surpeupl\u00e9es<\/strong><\/p>\n<p>Les chats qui vivent dans des environnements surpeupl\u00e9s ou stressants, tels que les foyers \u00e0 chats multiples ou les refuges, peuvent pr\u00e9senter un risque plus \u00e9lev\u00e9 d&rsquo;exposition au coronavirus f\u00e9lin, ce qui peut augmenter la probabilit\u00e9 de d\u00e9velopper la PIF.<\/p>\n<p>Parmi les facteurs de risque de la PIF li\u00e9s \u00e0 la promiscuit\u00e9, citons la proximit\u00e9 avec d&rsquo;autres chats, le partage des ressources (comme les gamelles, les bacs \u00e0 liti\u00e8re et les lits) et l&rsquo;affaiblissement du syst\u00e8me immunitaire d\u00fb au stress.<\/p>\n<p>L&rsquo;exposition \u00e0 d&rsquo;autres chats est un facteur important de transmission, car les chats infect\u00e9s excr\u00e8tent le virus dans leur salive ou leurs excr\u00e9ments. Les contacts \u00e9troits entre chats permettent au virus de se propager plus facilement.<\/p>\n<p>Dans les foyers o\u00f9 vivent plusieurs chats et dans les refuges, il est important de r\u00e9duire les risques de transmission en promouvant de bonnes pratiques d&rsquo;hygi\u00e8ne telles que la d\u00e9sinfection des surfaces avec un produit m\u00e9nager et le lavage r\u00e9gulier des mains entre les caresses aux diff\u00e9rents f\u00e9lins.<\/p>\n<p>Il est \u00e9galement important d&rsquo;encourager les chats \u00e0 adopter des comportements sains, notamment en leur laissant suffisamment d&rsquo;espace pour qu&rsquo;ils ne se battent pas pour leur territoire. Utilisez des mesures de lutte contre les parasites, comme des traitements antipuces si n\u00e9cessaire, et proposez des activit\u00e9s d&rsquo;enrichissement comme des jouets, des mangeoires, des tours d&rsquo;escalade, etc.<\/p>\n<p>Veillez \u00e0 ce que les chats soient nourris de mani\u00e8re \u00e9gale, sans qu&rsquo;ils aient besoin de se \u00ab\u00a0battre\u00a0\u00bb pour la nourriture, et offrez-leur des aires de repos confortables.<\/p>\n<p>&nbsp;<\/p>\n<p><strong>G\u00e9n\u00e9tique<\/strong><\/p>\n<p>Certains chats peuvent avoir une pr\u00e9disposition g\u00e9n\u00e9tique qui les rend plus susceptibles de d\u00e9velopper la PIF. Cela peut \u00eatre li\u00e9 \u00e0 leur syst\u00e8me immunitaire ou \u00e0 leur capacit\u00e9 \u00e0 contr\u00f4ler le coronavirus f\u00e9lin.<\/p>\n<p>Le patrimoine g\u00e9n\u00e9tique d&rsquo;un chat peut le rendre plus vuln\u00e9rable \u00e0 l&rsquo;infection, soit en le rendant incapable de reconna\u00eetre et de combattre les particules virales envahissantes, soit en rendant ses membranes cellulaires moins r\u00e9sistantes au virus.<\/p>\n<p>Ils peuvent \u00e9galement rendre certaines cellules des chats sensibles \u00e0 une r\u00e9ponse immunitaire qui d\u00e9clenchera une inflammation entra\u00eenant d&rsquo;autres l\u00e9sions tissulaires. En outre, certains chats peuvent ne pas \u00eatre capables de contr\u00f4ler la r\u00e9plication de la dangereuse souche de coronavirus f\u00e9lin associ\u00e9e \u00e0 la PIF, augmentant ainsi leur susceptibilit\u00e9 \u00e0 d\u00e9velopper cette maladie.<\/p>\n<p>&nbsp;<\/p>\n<p><strong>Le stress<\/strong><\/p>\n<p>Le stress affecte n\u00e9gativement le syst\u00e8me immunitaire des chats, r\u00e9duisant leur capacit\u00e9 \u00e0 lutter contre les infections. Les chats peuvent \u00eatre stress\u00e9s lorsqu&rsquo;ils subissent un changement important dans leur environnement ou leur routine, comme un d\u00e9m\u00e9nagement ou l&rsquo;arriv\u00e9e d&rsquo;un nouvel animal de compagnie.<\/p>\n<p>Lorsqu&rsquo;un chat est expos\u00e9 \u00e0 des facteurs de stress, son corps lib\u00e8re des hormones qui suppriment la production et la fonction de certaines cellules immunitaires. Les performances globales du syst\u00e8me immunitaire du chat diminuent, ce qui le rend plus vuln\u00e9rable non seulement \u00e0 la PIF, mais aussi \u00e0 d&rsquo;autres maladies, telles que celles caus\u00e9es par des parasites et des bact\u00e9ries.<\/p>\n<p>La plupart des chats qui d\u00e9veloppent une PIF ont \u00e9t\u00e9 stress\u00e9s quelques semaines ou quelques mois avant l&rsquo;apparition de la PIF.<\/p>\n<p>Ainsi, en proposant \u00e0 vos animaux des activit\u00e9s d&rsquo;enrichissement de l&rsquo;environnement et en minimisant les sources potentielles de stress, vous pouvez contribuer \u00e0 r\u00e9duire leur vuln\u00e9rabilit\u00e9 \u00e0 cette maladie.<\/p>\n<p>&nbsp;<\/p>\n<p><strong>\u00c9tat du syst\u00e8me immunitaire<\/strong><\/p>\n<p>Les chats dont le syst\u00e8me immunitaire est affaibli, comme ceux qui sont atteints du virus de la leuc\u00e9mie f\u00e9line (FeLV) ou du virus de l&rsquo;immunod\u00e9ficience f\u00e9line (FIV), pr\u00e9sentent un risque plus \u00e9lev\u00e9 de d\u00e9velopper une PIF.<\/p>\n<p>Le FeLV et le FIV sont des infections virales qui touchent les chats et qui s&rsquo;attaquent toutes deux \u00e0 leur syst\u00e8me immunitaire. Par cons\u00e9quent, les chats dont le syst\u00e8me immunitaire est affaibli par l&rsquo;un ou l&rsquo;autre de ces virus ont souvent des difficult\u00e9s \u00e0 lutter contre d&rsquo;autres maladies ou affections, y compris la PIF.<\/p>\n<p>Les chats atteints de maladies sous-jacentes telles que le FeLV ou le FIV peuvent \u00eatre moins capables d&rsquo;opposer une r\u00e9ponse efficace \u00e0 l&rsquo;infection par le coronavirus lorsqu&rsquo;ils y sont expos\u00e9s et sont plus susceptibles de succomber au d\u00e9veloppement de la maladie.<\/p>\n<p>La meilleure fa\u00e7on pour les parents d&rsquo;animaux de compagnie de minimiser le risque de d\u00e9veloppement de la PIF chez leur chat est de conna\u00eetre ses ant\u00e9c\u00e9dents m\u00e9dicaux. Les visites r\u00e9guli\u00e8res chez le v\u00e9t\u00e9rinaire devraient comprendre des examens complets de la sant\u00e9 g\u00e9n\u00e9rale de votre animal, y compris des tests de d\u00e9pistage de ces virus, afin que vous puissiez d\u00e9tecter les signes pr\u00e9coces et fournir \u00e0 votre chat les soins et les traitements appropri\u00e9s si n\u00e9cessaire.<\/p>\n","protected":false},"excerpt":{"rendered":"<p>Que se passe-t-il pendant PIF chat transmission? Certains chats sont plus enclins \u00e0 contracter la PIF que d&rsquo;autres, bien que le coronavirus responsable de cette maladie soit pr\u00e9sent partout. Vous trouverez ci-dessous quelques-uns des facteurs de risque qui augmentent le risque qu&rsquo;un chat soit atteint de la PIF. &nbsp; L&rsquo;\u00e2ge 50 % des chats qui [&hellip;]<\/p>\n","protected":false},"author":1,"featured_media":16818,"parent":0,"menu_order":0,"comment_status":"closed","ping_status":"closed","template":"","meta":{"_glsr_average":0,"_glsr_ranking":0,"_glsr_reviews":0,"footnotes":""},"categories":[676],"tags":[],"_links":{"self":[{"href":"https:\/\/fipmed.co\/fr\/wp-json\/wp\/v2\/pages\/17163"}],"collection":[{"href":"https:\/\/fipmed.co\/fr\/wp-json\/wp\/v2\/pages"}],"about":[{"href":"https:\/\/fipmed.co\/fr\/wp-json\/wp\/v2\/types\/page"}],"author":[{"embeddable":true,"href":"https:\/\/fipmed.co\/fr\/wp-json\/wp\/v2\/users\/1"}],"replies":[{"embeddable":true,"href":"https:\/\/fipmed.co\/fr\/wp-json\/wp\/v2\/comments?post=17163"}],"version-history":[{"count":0,"href":"https:\/\/fipmed.co\/fr\/wp-json\/wp\/v2\/pages\/17163\/revisions"}],"wp:featuredmedia":[{"embeddable":true,"href":"https:\/\/fipmed.co\/fr\/wp-json\/wp\/v2\/media\/16818"}],"wp:attachment":[{"href":"https:\/\/fipmed.co\/fr\/wp-json\/wp\/v2\/media?parent=17163"}],"wp:term":[{"taxonomy":"category","embeddable":true,"href":"https:\/\/fipmed.co\/fr\/wp-json\/wp\/v2\/categories?post=17163"},{"taxonomy":"post_tag","embeddable":true,"href":"https:\/\/fipmed.co\/fr\/wp-json\/wp\/v2\/tags?post=17163"}],"curies":[{"name":"wp","href":"https:\/\/api.w.org\/{rel}","templated":true}]}}