{"id":22128,"date":"2022-11-25T09:19:05","date_gmt":"2022-11-25T09:19:05","guid":{"rendered":"https:\/\/fipmed.co\/politique-de-confidentialite\/"},"modified":"2024-07-24T09:30:31","modified_gmt":"2024-07-24T09:30:31","slug":"politique-de-confidentialite","status":"publish","type":"page","link":"https:\/\/fipmed.co\/fr\/politique-de-confidentialite\/","title":{"rendered":"Politique de confidentialit\u00e9"},"content":{"rendered":"\t\t<div data-elementor-type=\"wp-page\" data-elementor-id=\"22128\" class=\"elementor elementor-22128 elementor-3\">\n\t\t\t\t\t\t<section class=\"elementor-section elementor-top-section elementor-element elementor-element-8b2513f elementor-section-boxed elementor-section-height-default elementor-section-height-default\" data-id=\"8b2513f\" data-element_type=\"section\">\n\t\t\t\t\t\t<div class=\"elementor-container elementor-column-gap-default\">\n\t\t\t\t\t<div class=\"elementor-column elementor-col-100 elementor-top-column elementor-element elementor-element-cb4fbe6\" data-id=\"cb4fbe6\" data-element_type=\"column\">\n\t\t\t<div class=\"elementor-widget-wrap elementor-element-populated\">\n\t\t\t\t\t\t<div class=\"elementor-element elementor-element-4603e09 elementor-widget elementor-widget-text-editor\" data-id=\"4603e09\" data-element_type=\"widget\" data-widget_type=\"text-editor.default\">\n\t\t\t\t<div class=\"elementor-widget-container\">\n\t\t\t\t\t\t\t\t\t<p class=\"p1\"><span class=\"s1\">La confidentialit\u00e9 des donn\u00e9es est d&rsquo;une grande importance pour FipMed.co et nous voulons \u00eatre ouverts et transparents dans la mani\u00e8re dont nous traitons vos donn\u00e9es personnelles.<br \/>\nNous nous engageons \u00e0 prot\u00e9ger la vie priv\u00e9e et la s\u00e9curit\u00e9 de nos clients et des visiteurs de notre site. <span class=\"Apple-converted-space\">  <\/span>Nous disposons donc d&rsquo;une politique d\u00e9finissant la finalit\u00e9 de la collecte de vos donn\u00e9es personnelles, ainsi que la mani\u00e8re dont elles seront trait\u00e9es et prot\u00e9g\u00e9es.<span class=\"Apple-converted-space\">  <\/span>Vous aurez \u00e9galement la possibilit\u00e9 de contr\u00f4ler le processus de collecte des donn\u00e9es et de g\u00e9rer le niveau de communication que vous souhaitez avoir avec nous.<\/span><\/p>\n<p class=\"p1\">\n<p class=\"p1\"><span class=\"s1\">&#8211; Vos donn\u00e9es ne seront utilis\u00e9es que pour am\u00e9liorer notre service et votre exp\u00e9rience avec nous.<\/span><\/p>\n<p class=\"p1\"><span class=\"s1\">&#8211; La protection de vos donn\u00e9es contre tout acc\u00e8s non autoris\u00e9 est notre priorit\u00e9 absolue, ce qui inclut la pr\u00e9vention de l&rsquo;acc\u00e8s non autoris\u00e9, de la modification ou du partage des donn\u00e9es.<\/span><\/p>\n<p class=\"p1\"><span class=\"s1\">&#8211; Nous nous engageons \u00e0 communiquer toutes les informations n\u00e9cessaires de la mani\u00e8re la plus claire et la plus concise possible.<\/span><\/p>\n<p class=\"p1\"><span class=\"s1\">&#8211; Vous avez la possibilit\u00e9 de d\u00e9cider ce que vous voulez entendre et comment vous voulez l&rsquo;entendre.<\/span><\/p>\n<p class=\"p1\"><span class=\"s1\">&#8211; Toutes les donn\u00e9es personnelles, si elles ne sont pas essentielles pour nos analyses, doivent \u00eatre supprim\u00e9es afin d&rsquo;\u00e9viter que des informations exc\u00e9dentaires ne soient stock\u00e9es dans notre syst\u00e8me.<\/span><\/p>\n<\/p>\n<h3 class=\"p1\"><span class=\"s1\">Base juridique du traitement<\/span><\/h3>\n<p class=\"p1\"><span class=\"s1\">Nous traiterons vos donn\u00e9es personnelles pour les raisons suivantes :<\/span><\/p>\n<p class=\"p1\"><span class=\"s1\">&#8211; l&rsquo;ex\u00e9cution des contrats auxquels vous \u00eates partie<\/span><\/p>\n<p class=\"p1\"><span class=\"s1\">&#8211; Respecter nos obligations l\u00e9gales<\/span><\/p>\n<p class=\"p1\"><span class=\"s1\">&#8211; Marketing et autres int\u00e9r\u00eats l\u00e9gitimes poursuivis<\/span><\/p>\n<p class=\"p2\">\n<h3 class=\"p1\"><span class=\"s1\">Int\u00e9r\u00eats l\u00e9gitimes<\/span><\/h3>\n<p class=\"p1\"><span class=\"s1\">Il s&rsquo;agit notamment des \u00e9l\u00e9ments suivants :  <\/span><\/p>\n<p class=\"p1\"><span class=\"s1\">&#8211; Collecte d&rsquo;informations personnelles afin de vous offrir la meilleure exp\u00e9rience client possible<\/span><\/p>\n<p class=\"p1\"><span class=\"s1\">&#8211; Exigences op\u00e9rationnelles n\u00e9cessaires aux processus internes<\/span><\/p>\n<p class=\"p1\"><span class=\"s1\">&#8211; R\u00e9pondre \u00e0 vos demandes concernant nos services et produits<\/span><\/p>\n<p class=\"p1\"><span class=\"s1\">&#8211; Pr\u00e9vention de la fraude<\/span><\/p>\n<p class=\"p1\"><span class=\"s1\">&#8211; Exclusivement pour nos propres activit\u00e9s internes de marketing, de recherche et de d\u00e9veloppement de produits<\/span><\/p>\n<p class=\"p2\">\n<h3 class=\"p1\"><span class=\"s1\">  Comment nous recueillons des informations sur vous  <\/span><\/h3>\n<p class=\"p1\"><span class=\"s1\">&#8211; Par des achats en ligne (lorsque vous passez une commande)  <\/span><\/p>\n<p class=\"p1\"><span class=\"s1\">&#8211; via le marketing direct (lorsque vous vous inscrivez \u00e0 nos lettres d&rsquo;information)<\/span><\/p>\n<p class=\"p1\"><span class=\"s1\">&#8211; Lorsque vous vous inscrivez pour un compte FipMed.co<\/span><\/p>\n<p class=\"p1\"><span class=\"s1\">&#8211; Par l&rsquo;interm\u00e9diaire de notre service d&rsquo;assistance \u00e0 la client\u00e8le<\/span><\/p>\n<p class=\"p1\"><span class=\"s1\">&#8211; Vos informations peuvent \u00e9galement \u00eatre collect\u00e9es automatiquement lors de vos visites sur notre site web, y compris des informations sur vos appareils et votre navigation.<br \/>\nCes informations sont collect\u00e9es par l&rsquo;utilisation de cookies et de technologies similaires.   <\/span><\/p>\n<p class=\"p2\">\n<h3 class=\"p1\"><span class=\"s1\">Pourquoi nous utilisons vos informations personnelles :<\/span><\/h3>\n<p class=\"p1\"><span class=\"s1\">&#8211; Traitement et livraison de vos achats<\/span><\/p>\n<p class=\"p1\"><span class=\"s1\">&#8211; Accepter des paiements et effectuer des remboursements<\/span><\/p>\n<p class=\"p1\"><span class=\"s1\">&#8211; vous envoyer des messages de service par SMS, par courrier \u00e9lectronique ou d&rsquo;une autre mani\u00e8re<\/span><\/p>\n<p class=\"p1\"><span class=\"s1\">&#8211; Fournir des services et une assistance \u00e0 la client\u00e8le, g\u00e9rer les retours et les r\u00e9clamations au titre de la garantie<\/span><\/p>\n<p class=\"p1\"><span class=\"s1\">&#8211; Toutes les formes de d\u00e9tection et de pr\u00e9vention de la fraude<\/span><\/p>\n<p class=\"p1\"><span class=\"s1\">&#8211; S\u00e9curit\u00e9 et protection de notre site web<\/span><\/p>\n<p class=\"p1\"><span class=\"s1\">&#8211; Vous montrer nos publicit\u00e9s pendant que vous naviguez sur le web<\/span><\/p>\n<p class=\"p1\"><span class=\"s1\">&#8211; vous fournir des informations sur nos produits et services, nos promotions, nos r\u00e9ductions et nos actualit\u00e9s en fonction de vos pr\u00e9f\u00e9rences et de vos souhaits<\/span><\/p>\n<p class=\"p1\"><span class=\"s1\">&#8211; Am\u00e9liorer notre site web<\/span><\/p>\n<p class=\"p2\">\n<h3 class=\"p1\"><span class=\"s1\">Quels sont les types de donn\u00e9es que nous collectons ?<\/span><\/h3>\n<p class=\"p1\"><span class=\"s1\">&#8211; Identit\u00e9 et coordonn\u00e9es (adresse \u00e9lectronique, pr\u00e9nom, nom, adresse, t\u00e9l\u00e9phone)<\/span><\/p>\n<p class=\"p1\"><span class=\"s1\">&#8211; Informations financi\u00e8res et de transaction (donn\u00e9es de carte de cr\u00e9dit, d\u00e9tails sur les paiements fournis par des processeurs de paiement tiers)<\/span><\/p>\n<p class=\"p1\"><span class=\"s1\">&#8211; Informations sur le profil (pr\u00e9nom, nom, adresse \u00e9lectronique, mot de passe et, en tant qu&rsquo;informations suppl\u00e9mentaires non obligatoires, sexe, fuseau horaire, date de naissance)<\/span><\/p>\n<p class=\"p1\"><span class=\"s1\">&#8211; Informations techniques (adresse IP, vos donn\u00e9es de connexion, informations sur le navigateur, fuseau horaire, langue, types et versions de plug-in de navigateur, syst\u00e8me d&rsquo;exploitation et autres technologies sur les appareils que vous utilisez pour acc\u00e9der au site web ou \u00e0 l&rsquo;application mobile de FipMed.co).<\/span><\/p>\n<p class=\"p1\"><span class=\"s1\">&#8211; Informations de marketing et de communication (adresse \u00e9lectronique, pr\u00e9nom, nom, sexe, fuseau horaire, r\u00e9gion, pays, date d&rsquo;achat, adresse IP, date de commande, produit achet\u00e9, source d&rsquo;abonnement, langue, identifiant de commande, identifiant d&rsquo;utilisateur, date d&rsquo;abonnement, date de la derni\u00e8re modification).<\/span><\/p>\n<p class=\"p2\">\n<h3 class=\"p1\"><span class=\"s1\">Dur\u00e9e de conservation de vos donn\u00e9es personnelles<\/span><\/h3>\n<p class=\"p1\"><span class=\"s1\">Nous conserverons vos informations aussi longtemps que vous poss\u00e9dez votre compte, ou aussi longtemps que n\u00e9cessaire pour pouvoir vous fournir des services, y compris une garantie de produit pouvant aller jusqu&rsquo;\u00e0 10 ans, ou (dans le cas de tout contact que vous pourriez avoir avec notre \u00e9quipe d&rsquo;assistance \u00e0 la client\u00e8le) aussi longtemps que n\u00e9cessaire pour fournir des rapports li\u00e9s \u00e0 l&rsquo;assistance et une analyse des tendances uniquement.<\/span><\/p>\n<p class=\"p1\"><span class=\"s1\">Nous pouvons conserver certaines de vos informations, si la loi l&rsquo;exige, m\u00eame apr\u00e8s que votre compte a \u00e9t\u00e9 ferm\u00e9 et que nous n&rsquo;avons plus besoin de vous fournir de services.<\/span><\/p>\n<p class=\"p1\"><span class=\"s1\">Les donn\u00e9es utilis\u00e9es pour le marketing direct seront conserv\u00e9es jusqu&rsquo;\u00e0 ce que l&rsquo;utilisateur se d\u00e9sabonne ou devienne inactif pendant plus d&rsquo;un an.<\/span><\/p>\n<p class=\"p2\">\n<p class=\"p1\"><span class=\"s1\">Nous ne vendons et ne vendrons aucune de vos donn\u00e9es personnelles \u00e0 des tiers &#8211; y compris votre nom, votre adresse, votre adresse \u00e9lectronique ou les informations relatives \u00e0 votre carte de cr\u00e9dit.<span class=\"Apple-converted-space\">  <\/span>Nous voulons gagner et conserver votre confiance, et nous pensons que c&rsquo;est absolument essentiel pour y parvenir.<\/span><\/p>\n<p class=\"p1\"><span class=\"s1\">Toutefois, nous partageons vos donn\u00e9es avec les cat\u00e9gories d&rsquo;entreprises suivantes, car cela est essentiel pour pouvoir vous fournir nos services, comme indiqu\u00e9 dans la pr\u00e9sente d\u00e9claration :<\/span><\/p>\n<p class=\"p1\"><span class=\"s1\">&#8211; Soci\u00e9t\u00e9s affili\u00e9es et sous-traitants sur la base de l&rsquo;ex\u00e9cution du contrat d&rsquo;achat ou pour ex\u00e9cuter des processus et proc\u00e9dures internes.<\/span><\/p>\n<p class=\"p1\"><span class=\"s1\">&#8211; les soci\u00e9t\u00e9s \u00e9mettrices de cartes de cr\u00e9dit, les fournisseurs de services de paiement pour traiter les paiements et les banques, sur la base de votre commande, pour ex\u00e9cuter un contrat d&rsquo;achat<\/span><\/p>\n<p class=\"p1\"><span class=\"s1\">&#8211; Transporteurs pour livrer votre commande ou vos services  <\/span><\/p>\n<p class=\"p1\"><span class=\"s1\">&#8211; Autres prestataires de services et tiers impliqu\u00e9s dans le traitement des donn\u00e9es<\/span><\/p>\n<p class=\"p1\"><span class=\"s1\">&#8211; des tiers, tels que des organismes charg\u00e9s de l&rsquo;application de la loi, d&rsquo;autres organismes gouvernementaux et des parties apparent\u00e9es, si la loi nous y oblige<\/span><\/p>\n<\/p>\n<p class=\"p1\"><span class=\"s1\">Nous pouvons fournir \u00e0 des tiers des informations et des analyses agr\u00e9g\u00e9es mais anonymes sur nos clients et, avant de le faire, nous nous assurerons qu&rsquo;elles ne vous identifient pas.<\/span><\/p>\n<p class=\"p2\">\n<p class=\"p2\">\n<h3 class=\"p1\"><span class=\"s1\">Quels sont vos droits ?<\/span><\/h3>\n<p class=\"p1\"><span class=\"s1\">&#8211; Le droit d&rsquo;acc\u00e9der aux informations personnelles que nous d\u00e9tenons \u00e0 votre sujet.<span class=\"Apple-converted-space\">  <\/span>Vous avez le droit de demander \u00e0 tout moment des informations sur les donn\u00e9es personnelles que nous d\u00e9tenons \u00e0 votre sujet.<br \/>\nLorsque vous nous contactez, nous vous transmettons vos donn\u00e9es personnelles par courrier \u00e9lectronique. <\/span><\/p>\n<p class=\"p1\"><span class=\"s1\">&#8211; Le droit \u00e0 la portabilit\u00e9.<span class=\"Apple-converted-space\">  <\/span>Vous avez le droit d&rsquo;obtenir une copie de vos donn\u00e9es dans un format structur\u00e9, couramment utilis\u00e9 et lisible par machine, qui vous est transf\u00e9r\u00e9 ou qui est transf\u00e9r\u00e9 \u00e0 une autre partie.<span class=\"Apple-converted-space\">  <\/span>Il s&rsquo;agit uniquement des donn\u00e9es personnelles que vous nous avez communiqu\u00e9es.<span class=\"Apple-converted-space\">  <\/span>Vous avez \u00e9galement le droit de nous demander de transf\u00e9rer ou de porter des \u00e9l\u00e9ments de vos donn\u00e9es \u00e0 vous ou \u00e0 un autre fournisseur de services.<\/span><\/p>\n<p class=\"p1\"><span class=\"s1\">&#8211; Le droit de rectification.<span class=\"Apple-converted-space\">  <\/span>Vous avez le droit de demander la rectification de vos donn\u00e9es personnelles si elles sont incorrectes, y compris le droit de faire compl\u00e9ter les donn\u00e9es personnelles incompl\u00e8tes.<\/span><\/p>\n<p class=\"p1\"><span class=\"s1\">&#8211; Le droit \u00e0 l&rsquo;effacement.<span class=\"Apple-converted-space\">  <\/span>Vous avez le droit de nous demander \u00e0 tout moment de supprimer, de cesser de traiter ou de collecter des donn\u00e9es \u00e0 caract\u00e8re personnel.<\/span><\/p>\n<p class=\"p1\"><span class=\"s1\">&#8211; Le droit de s&rsquo;opposer au traitement des donn\u00e9es \u00e0 caract\u00e8re personnel fond\u00e9 sur l&rsquo;int\u00e9r\u00eat l\u00e9gitime.<span class=\"Apple-converted-space\">  <\/span>\u00c0 votre demande, FipMed.co ne poursuivra pas le traitement de vos donn\u00e9es personnelles, sauf si nous d\u00e9montrons un motif l\u00e9gitime de le faire, qui l&#8217;emporte sur vos int\u00e9r\u00eats et vos droits, ou en raison d&rsquo;obligations l\u00e9gales ou de r\u00e9clamations.<\/span><\/p>\n<p class=\"p1\"><span class=\"s1\">&#8211; Le droit de s&rsquo;opposer au marketing direct.<span class=\"Apple-converted-space\">  <\/span>Vous avez le droit de vous opposer au marketing direct, y compris \u00e0 l&rsquo;analyse de profilage effectu\u00e9e \u00e0 des fins de marketing direct.<\/span><\/p>\n<p class=\"p1\"><span class=\"s1\">D&rsquo;une mani\u00e8re g\u00e9n\u00e9rale, en tant que client ou visiteur de notre site, vous avez droit \u00e0 des informations compl\u00e8tes concernant la collecte et le traitement de vos donn\u00e9es personnelles.<span class=\"Apple-converted-space\">  <\/span>Si vous souhaitez exercer vos droits, si vous avez besoin d&rsquo;aide, si vous avez une plainte \u00e0 formuler ou si vous avez des questions \u00e0 poser, n&rsquo;h\u00e9sitez pas \u00e0 nous contacter.<\/span><\/p>\n<p class=\"p2\">\n<h3 class=\"p1\"><span class=\"s1\">\u00c0 propos des cookies<\/span><\/h3>\n<p class=\"p1\"><span class=\"s1\">Les cookies sont de petits fichiers texte envoy\u00e9s par un site web et stock\u00e9s dans le navigateur web d&rsquo;un utilisateur pendant qu&rsquo;il navigue sur un site web.<span class=\"Apple-converted-space\">  <\/span>Lorsque l&rsquo;utilisateur navigue ult\u00e9rieurement sur le m\u00eame site web, les donn\u00e9es stock\u00e9es dans le cookie peuvent \u00eatre r\u00e9cup\u00e9r\u00e9es par le site web pour l&rsquo;informer de l&rsquo;activit\u00e9 ant\u00e9rieure de l&rsquo;utilisateur, ce qui permet de distinguer l&rsquo;utilisateur des autres personnes qui utilisent le site.<\/span><\/p>\n<p class=\"p2\">\n<p class=\"p1\"><span class=\"s1\">Nous utilisons des cookies pour vous aider \u00e0 naviguer efficacement sur notre site web et pour ex\u00e9cuter certaines fonctions, notamment l&rsquo;analyse du trafic sur le site.<br \/>\nLes cookies peuvent \u00e9galement vous reconna\u00eetre lors de votre prochaine connexion et vous offrir un contenu adapt\u00e9 \u00e0 vos pr\u00e9f\u00e9rences et \u00e0 vos int\u00e9r\u00eats. <\/span><\/p>\n<p class=\"p1\"><span class=\"s1\">Nous pouvons stocker des cookies sur votre appareil s&rsquo;ils sont strictement n\u00e9cessaires au fonctionnement de ce site.<br \/>\nPour tous les autres types de cookies, nous avons besoin de votre autorisation.<br \/>\nCe site utilise diff\u00e9rents types de cookies.<br \/>\nCertains cookies sont plac\u00e9s par des services tiers qui apparaissent sur nos pages.<br \/>\nVous pouvez \u00e0 tout moment modifier ou retirer votre consentement \u00e0 partir du *Cookie Manager sur notre site web.    <\/span><\/p>\n<p class=\"p2\">\n<p class=\"p1\"><span class=\"s1\">Types de cookies que nous utilisons :<\/span><\/p>\n<p class=\"p1\"><span class=\"s1\">&#8211; Les cookies n\u00e9cessaires contribuent \u00e0 rendre un site web utilisable en permettant des fonctions de base telles que la navigation sur les pages et l&rsquo;acc\u00e8s aux zones s\u00e9curis\u00e9es du site web.<br \/>\nLe site web ne peut pas fonctionner correctement sans ces cookies. <\/span><\/p>\n<p class=\"p1\"><span class=\"s1\">&#8211; Les cookies de pr\u00e9f\u00e9rence permettent \u00e0 un site web de m\u00e9moriser des informations qui modifient le comportement ou l&rsquo;apparence du site, comme votre langue pr\u00e9f\u00e9r\u00e9e ou la r\u00e9gion dans laquelle vous vous trouvez.<\/span><\/p>\n<p class=\"p1\"><span class=\"s1\">&#8211; Les cookies statistiques aident les propri\u00e9taires de sites web \u00e0 comprendre comment les visiteurs interagissent avec les sites web en collectant et en rapportant des informations de mani\u00e8re anonyme.<\/span><\/p>\n<p class=\"p1\"><span class=\"s1\">&#8211; Les cookies marketing sont utilis\u00e9s pour suivre les visiteurs sur les sites web.<br \/>\nL&rsquo;objectif est d&rsquo;afficher des publicit\u00e9s pertinentes et attrayantes pour l&rsquo;utilisateur individuel et donc plus int\u00e9ressantes pour les \u00e9diteurs et les annonceurs tiers. <\/span><\/p>\n\t\t\t\t\t\t\t\t<\/div>\n\t\t\t\t<\/div>\n\t\t\t\t\t<\/div>\n\t\t<\/div>\n\t\t\t\t\t<\/div>\n\t\t<\/section>\n\t\t\t\t<\/div>\n\t\t","protected":false},"excerpt":{"rendered":"<p>La confidentialit\u00e9 des donn\u00e9es est d&rsquo;une grande importance pour FipMed.co et nous voulons \u00eatre ouverts et transparents dans la mani\u00e8re dont nous traitons vos donn\u00e9es personnelles. Nous nous engageons \u00e0 prot\u00e9ger la vie priv\u00e9e et la s\u00e9curit\u00e9 de nos clients et des visiteurs de notre site. Nous disposons donc d&rsquo;une politique d\u00e9finissant la finalit\u00e9 de [&hellip;]<\/p>\n","protected":false},"author":1,"featured_media":0,"parent":0,"menu_order":0,"comment_status":"closed","ping_status":"open","template":"","meta":{"_glsr_average":0,"_glsr_ranking":0,"_glsr_reviews":0,"footnotes":""},"categories":[],"tags":[],"_links":{"self":[{"href":"https:\/\/fipmed.co\/fr\/wp-json\/wp\/v2\/pages\/22128"}],"collection":[{"href":"https:\/\/fipmed.co\/fr\/wp-json\/wp\/v2\/pages"}],"about":[{"href":"https:\/\/fipmed.co\/fr\/wp-json\/wp\/v2\/types\/page"}],"author":[{"embeddable":true,"href":"https:\/\/fipmed.co\/fr\/wp-json\/wp\/v2\/users\/1"}],"replies":[{"embeddable":true,"href":"https:\/\/fipmed.co\/fr\/wp-json\/wp\/v2\/comments?post=22128"}],"version-history":[{"count":1,"href":"https:\/\/fipmed.co\/fr\/wp-json\/wp\/v2\/pages\/22128\/revisions"}],"predecessor-version":[{"id":22131,"href":"https:\/\/fipmed.co\/fr\/wp-json\/wp\/v2\/pages\/22128\/revisions\/22131"}],"wp:attachment":[{"href":"https:\/\/fipmed.co\/fr\/wp-json\/wp\/v2\/media?parent=22128"}],"wp:term":[{"taxonomy":"category","embeddable":true,"href":"https:\/\/fipmed.co\/fr\/wp-json\/wp\/v2\/categories?post=22128"},{"taxonomy":"post_tag","embeddable":true,"href":"https:\/\/fipmed.co\/fr\/wp-json\/wp\/v2\/tags?post=22128"}],"curies":[{"name":"wp","href":"https:\/\/api.w.org\/{rel}","templated":true}]}}