{"id":23007,"date":"2024-05-13T08:24:56","date_gmt":"2024-05-13T08:24:56","guid":{"rendered":"https:\/\/fipmed.co\/inscription-au-programme-de-partenariat-a-but-non-lucratif-de-la-fipmed\/"},"modified":"2024-05-13T08:24:56","modified_gmt":"2024-05-13T08:24:56","slug":"inscription-au-programme-de-partenariat-a-but-non-lucratif-de-la-fipmed","status":"publish","type":"page","link":"https:\/\/fipmed.co\/fr\/inscription-au-programme-de-partenariat-a-but-non-lucratif-de-la-fipmed\/","title":{"rendered":"Inscription au programme de partenariat \u00e0 but non lucratif de la FIPMed"},"content":{"rendered":"<p>Bienvenue dans le programme de partenariat \u00e0 but non lucratif de FIPMed.<br \/>\nNous nous r\u00e9jouissons de collaborer avec vous pour sauver les chatons atteints de PIF.<br \/>\nRejoignez notre programme de partenariat \u00e0 but non lucratif et gagnez une commission de 20 % \u00e0 vie en partageant votre coupon unique avec les propri\u00e9taires de chats et les donateurs de votre communaut\u00e9.<br \/>\nCes parents de chats b\u00e9n\u00e9ficieront \u00e9galement d&rsquo;une remise de 10 $ sur tous les produits de traitement de la PIF achet\u00e9s sur notre site Web.<br \/>\nNous vous remercions de votre lecture et esp\u00e9rons vous compter parmi nos partenaires.<br \/>\nApr\u00e8s vous \u00eatre enregistr\u00e9, vous pouvez partager votre code imm\u00e9diatement.<br \/>\nN&rsquo;h\u00e9sitez pas \u00e0 les partager de la mani\u00e8re et \u00e0 l&rsquo;endroit qui vous conviennent le mieux.<br \/>\nVous pouvez \u00e9galement vous connecter \u00e0 votre tableau de bord partenaire en allant sur https:\/\/fipmed.co\/my-account\/         [couponaffiliates-register template=\u00a0\u00bb10FORGOOD\u00a0\u00bb]<\/p>\n","protected":false},"excerpt":{"rendered":"<p>Bienvenue dans le programme de partenariat \u00e0 but non lucratif de FIPMed. Nous nous r\u00e9jouissons de collaborer avec vous pour sauver les chatons atteints de PIF. Rejoignez notre programme de partenariat \u00e0 but non lucratif et gagnez une commission de 20 % \u00e0 vie en partageant votre coupon unique avec les propri\u00e9taires de chats et [&hellip;]<\/p>\n","protected":false},"author":1,"featured_media":0,"parent":0,"menu_order":0,"comment_status":"closed","ping_status":"closed","template":"","meta":{"_glsr_average":0,"_glsr_ranking":0,"_glsr_reviews":0,"footnotes":""},"categories":[],"tags":[],"_links":{"self":[{"href":"https:\/\/fipmed.co\/fr\/wp-json\/wp\/v2\/pages\/23007"}],"collection":[{"href":"https:\/\/fipmed.co\/fr\/wp-json\/wp\/v2\/pages"}],"about":[{"href":"https:\/\/fipmed.co\/fr\/wp-json\/wp\/v2\/types\/page"}],"author":[{"embeddable":true,"href":"https:\/\/fipmed.co\/fr\/wp-json\/wp\/v2\/users\/1"}],"replies":[{"embeddable":true,"href":"https:\/\/fipmed.co\/fr\/wp-json\/wp\/v2\/comments?post=23007"}],"version-history":[{"count":0,"href":"https:\/\/fipmed.co\/fr\/wp-json\/wp\/v2\/pages\/23007\/revisions"}],"wp:attachment":[{"href":"https:\/\/fipmed.co\/fr\/wp-json\/wp\/v2\/media?parent=23007"}],"wp:term":[{"taxonomy":"category","embeddable":true,"href":"https:\/\/fipmed.co\/fr\/wp-json\/wp\/v2\/categories?post=23007"},{"taxonomy":"post_tag","embeddable":true,"href":"https:\/\/fipmed.co\/fr\/wp-json\/wp\/v2\/tags?post=23007"}],"curies":[{"name":"wp","href":"https:\/\/api.w.org\/{rel}","templated":true}]}}