{"id":3909,"date":"2022-11-25T15:15:32","date_gmt":"2022-11-25T15:15:32","guid":{"rendered":"https:\/\/fipmed.co\/fip-information\/"},"modified":"2024-04-25T06:31:03","modified_gmt":"2024-04-25T06:31:03","slug":"informations-sur-le-pif","status":"publish","type":"page","link":"https:\/\/fipmed.co\/fr\/informations-sur-le-pif\/","title":{"rendered":"Informations sur le PIF"},"content":{"rendered":"\t\t<div data-elementor-type=\"wp-page\" data-elementor-id=\"3909\" class=\"elementor elementor-3909 elementor-27\">\n\t\t\t\t\t\t<section class=\"elementor-section elementor-top-section elementor-element elementor-element-c6e8339 elementor-section-boxed elementor-section-height-default elementor-section-height-default\" data-id=\"c6e8339\" data-element_type=\"section\" data-settings=\"{&quot;background_background&quot;:&quot;classic&quot;}\">\n\t\t\t\t\t\t<div class=\"elementor-container elementor-column-gap-default\">\n\t\t\t\t\t<div class=\"elementor-column elementor-col-100 elementor-top-column elementor-element elementor-element-20903e9\" data-id=\"20903e9\" data-element_type=\"column\">\n\t\t\t<div class=\"elementor-widget-wrap elementor-element-populated\">\n\t\t\t\t\t\t<div class=\"elementor-element elementor-element-61718f0 elementor-widget elementor-widget-heading\" data-id=\"61718f0\" data-element_type=\"widget\" data-widget_type=\"heading.default\">\n\t\t\t\t<div class=\"elementor-widget-container\">\n\t\t\t\t\t<h2 class=\"elementor-heading-title elementor-size-default\">La connaissance, c'est le pouvoir.\nLisez pour en informations sur le PIF.\n<\/h2>\t\t\t\t<\/div>\n\t\t\t\t<\/div>\n\t\t\t\t<div class=\"elementor-element elementor-element-05a63aa elementor-widget elementor-widget-text-editor\" data-id=\"05a63aa\" data-element_type=\"widget\" data-widget_type=\"text-editor.default\">\n\t\t\t\t<div class=\"elementor-widget-container\">\n\t\t\t\t\t\t\t\t\t<p>Nous esp\u00e9rons que les articles que nous avons r\u00e9dig\u00e9s vous seront utiles. Ils contiennent des informations sur le PIF qu&rsquo;il est bon de conna\u00eetre.<\/p>\t\t\t\t\t\t\t\t<\/div>\n\t\t\t\t<\/div>\n\t\t\t\t<div class=\"elementor-element elementor-element-4d9c521 elementor-widget elementor-widget-shortcode\" data-id=\"4d9c521\" data-element_type=\"widget\" data-widget_type=\"shortcode.default\">\n\t\t\t\t<div class=\"elementor-widget-container\">\n\t\t\t\t\t\t\t<div class=\"elementor-shortcode\"><div class=\"pages-grid-container\"><div class=\"pages-grid\"><div class=\"pages-grid-post\"><div class=\"pages-grid-thumb\"><img data-opt-id=594676602  fetchpriority=\"high\" decoding=\"async\" width=\"340\" height=\"240\" src=\"https:\/\/ml9txs9ouv9q.i.optimole.com\/w:340\/h:240\/q:mauto\/rt:fill\/g:ce\/f:best\/https:\/\/fipmed.co\/wp-content\/uploads\/2024\/03\/fip-treatment-monitoring.jpg\" class=\"attachment-post-thumbnail size-post-thumbnail wp-post-image\" alt=\"fip treatment monitoring\" \/><\/div><h2><a href=\"https:\/\/fipmed.co\/fr\/surveillance-du-traitement-du-pif-que-dois-je-mattendre-a-voir-et-que-dois-je-surveiller-pendant-le-traitement-du-pif\/\">Surveillance du traitement du PIF : Que dois-je m&rsquo;attendre \u00e0 voir et que dois-je surveiller pendant le traitement du PIF ?<\/a><\/h2><p>Que dois-je surveiller lorsque je re\u00e7ois un traitement contre la PIF ? Il est essentiel d&rsquo;\u00e9v...<\/p><\/div><div class=\"pages-grid-post\"><div class=\"pages-grid-thumb\"><img data-opt-id=1794834948  data-opt-src=\"https:\/\/ml9txs9ouv9q.i.optimole.com\/w:340\/h:240\/q:mauto\/rt:fill\/g:ce\/f:best\/https:\/\/fipmed.co\/wp-content\/uploads\/2024\/03\/fip-tablets.jpg\"  decoding=\"async\" width=\"340\" height=\"240\" src=\"data:image/svg+xml,%3Csvg%20viewBox%3D%220%200%20340%20240%22%20width%3D%22340%22%20height%3D%22240%22%20xmlns%3D%22http%3A%2F%2Fwww.w3.org%2F2000%2Fsvg%22%3E%3Crect%20width%3D%22340%22%20height%3D%22240%22%20fill%3D%22transparent%22%2F%3E%3C%2Fsvg%3E\" class=\"attachment-post-thumbnail size-post-thumbnail wp-post-image\" alt=\"fip tablets\" \/><noscript><img data-opt-id=1794834948  decoding=\"async\" width=\"340\" height=\"240\" src=\"https:\/\/ml9txs9ouv9q.i.optimole.com\/w:340\/h:240\/q:mauto\/rt:fill\/g:ce\/f:best\/https:\/\/fipmed.co\/wp-content\/uploads\/2024\/03\/fip-tablets.jpg\" class=\"attachment-post-thumbnail size-post-thumbnail wp-post-image\" alt=\"fip tablets\" \/></noscript><\/div><h2><a href=\"https:\/\/fipmed.co\/fr\/traitement-pif-chat-gs-comprimes-pour-la-pif\/\">Traitement PIF chat GS Comprim\u00e9s pour la PIF<\/a><\/h2><p>Traitement PIF chat GS Comprim\u00e9s pour la PIF Bien que les injections soient g\u00e9n\u00e9ralement consid\u00e9...<\/p><\/div><div class=\"pages-grid-post\"><div class=\"pages-grid-thumb\"><img data-opt-id=1676285181  data-opt-src=\"https:\/\/ml9txs9ouv9q.i.optimole.com\/w:340\/h:240\/q:mauto\/rt:fill\/g:ce\/f:best\/https:\/\/fipmed.co\/wp-content\/uploads\/2023\/11\/is-fip-contagious.jpg\"  decoding=\"async\" width=\"340\" height=\"240\" src=\"data:image/svg+xml,%3Csvg%20viewBox%3D%220%200%20340%20240%22%20width%3D%22340%22%20height%3D%22240%22%20xmlns%3D%22http%3A%2F%2Fwww.w3.org%2F2000%2Fsvg%22%3E%3Crect%20width%3D%22340%22%20height%3D%22240%22%20fill%3D%22transparent%22%2F%3E%3C%2Fsvg%3E\" class=\"attachment-post-thumbnail size-post-thumbnail wp-post-image\" alt=\"\" \/><noscript><img data-opt-id=1676285181  decoding=\"async\" width=\"340\" height=\"240\" src=\"https:\/\/ml9txs9ouv9q.i.optimole.com\/w:340\/h:240\/q:mauto\/rt:fill\/g:ce\/f:best\/https:\/\/fipmed.co\/wp-content\/uploads\/2023\/11\/is-fip-contagious.jpg\" class=\"attachment-post-thumbnail size-post-thumbnail wp-post-image\" alt=\"\" \/></noscript><\/div><h2><a href=\"https:\/\/fipmed.co\/fr\/la-pif-est-elle-contagieuse-comment-la-pif-se-transmet-il\/\">La PIF est elle contagieuse? Comment la PIF se transmet-elle?<\/a><\/h2><p>La PIF est elle contagieuse? Bien qu&rsquo;elle ne soit pas aussi contagieuse que d&rsquo;autres mal...<\/p><\/div><\/div><div class=\"pages-grid\"><div class=\"pages-grid-post\"><div class=\"pages-grid-thumb\"><img data-opt-id=16614490  data-opt-src=\"https:\/\/ml9txs9ouv9q.i.optimole.com\/w:340\/h:240\/q:mauto\/rt:fill\/g:ce\/f:best\/https:\/\/fipmed.co\/wp-content\/uploads\/2023\/11\/how-do-cats-get-fip.jpg\"  loading=\"lazy\" decoding=\"async\" width=\"340\" height=\"240\" src=\"data:image/svg+xml,%3Csvg%20viewBox%3D%220%200%20340%20240%22%20width%3D%22340%22%20height%3D%22240%22%20xmlns%3D%22http%3A%2F%2Fwww.w3.org%2F2000%2Fsvg%22%3E%3Crect%20width%3D%22340%22%20height%3D%22240%22%20fill%3D%22transparent%22%2F%3E%3C%2Fsvg%3E\" class=\"attachment-post-thumbnail size-post-thumbnail wp-post-image\" alt=\"\" \/><noscript><img data-opt-id=16614490  loading=\"lazy\" decoding=\"async\" width=\"340\" height=\"240\" src=\"https:\/\/ml9txs9ouv9q.i.optimole.com\/w:340\/h:240\/q:mauto\/rt:fill\/g:ce\/f:best\/https:\/\/fipmed.co\/wp-content\/uploads\/2023\/11\/how-do-cats-get-fip.jpg\" class=\"attachment-post-thumbnail size-post-thumbnail wp-post-image\" alt=\"\" \/></noscript><\/div><h2><a href=\"https:\/\/fipmed.co\/fr\/comment-les-chats-contractent-ils-la-pif-quilles-sont-les-causes-pif-chats\/\">Comment les chats contractent-ils la PIF : Quelles sont les causes PIF chats ?<\/a><\/h2><p>Comment les chats contractent-ils la PIF ? Quelles sont les causes PIF chats ? Le coronavirus f\u00e9lin...<\/p><\/div><div class=\"pages-grid-post\"><div class=\"pages-grid-thumb\"><img data-opt-id=271799625  data-opt-src=\"https:\/\/ml9txs9ouv9q.i.optimole.com\/w:auto\/h:auto\/q:mauto\/f:best\/https:\/\/fipmed.co\/wp-content\/uploads\/thumbnail-default.jpg\"  decoding=\"async\" alt=\"\" src=\"data:image/svg+xml,%3Csvg%20viewBox%3D%220%200%20100%%20100%%22%20width%3D%22100%%22%20height%3D%22100%%22%20xmlns%3D%22http%3A%2F%2Fwww.w3.org%2F2000%2Fsvg%22%3E%3Crect%20width%3D%22100%%22%20height%3D%22100%%22%20fill%3D%22transparent%22%2F%3E%3C%2Fsvg%3E\" \/><noscript><img data-opt-id=271799625  decoding=\"async\" alt=\"\" src=\"https:\/\/ml9txs9ouv9q.i.optimole.com\/w:auto\/h:auto\/q:mauto\/f:best\/https:\/\/fipmed.co\/wp-content\/uploads\/thumbnail-default.jpg\" \/></noscript><\/div><h2><a href=\"https:\/\/fipmed.co\/fr\/gs-441524\/\">GS 441524<\/a><\/h2><p>Qu&rsquo;est-ce que GS 441524 ? Le GS 441524 est un analogue nucl\u00e9osidique r\u00e9volutionnaire qui a c...<\/p><\/div><div class=\"pages-grid-post\"><div class=\"pages-grid-thumb\"><img data-opt-id=271799625  data-opt-src=\"https:\/\/ml9txs9ouv9q.i.optimole.com\/w:auto\/h:auto\/q:mauto\/f:best\/https:\/\/fipmed.co\/wp-content\/uploads\/thumbnail-default.jpg\"  decoding=\"async\" alt=\"\" src=\"data:image/svg+xml,%3Csvg%20viewBox%3D%220%200%20100%%20100%%22%20width%3D%22100%%22%20height%3D%22100%%22%20xmlns%3D%22http%3A%2F%2Fwww.w3.org%2F2000%2Fsvg%22%3E%3Crect%20width%3D%22100%%22%20height%3D%22100%%22%20fill%3D%22transparent%22%2F%3E%3C%2Fsvg%3E\" \/><noscript><img data-opt-id=271799625  decoding=\"async\" alt=\"\" src=\"https:\/\/ml9txs9ouv9q.i.optimole.com\/w:auto\/h:auto\/q:mauto\/f:best\/https:\/\/fipmed.co\/wp-content\/uploads\/thumbnail-default.jpg\" \/></noscript><\/div><h2><a href=\"https:\/\/fipmed.co\/fr\/la-pif-chez-le-chat-tout-ce-que-vous-devez-savoir-sur-cette-maladie-qui-peut-etre-traitee\/\">La PIF chez le chat : Tout ce que vous devez savoir sur cette maladie qui peut \u00eatre trait\u00e9e<\/a><\/h2><p>Qu&rsquo;est-ce que la PIF chez le chat ? FIP, or Feline Infectious Peritonitis, is a severe and oft...<\/p><\/div><\/div><div class=\"pages-grid\"><div class=\"pages-grid-post\"><div class=\"pages-grid-thumb\"><img data-opt-id=1309440420  data-opt-src=\"https:\/\/ml9txs9ouv9q.i.optimole.com\/w:340\/h:240\/q:mauto\/rt:fill\/g:ce\/f:best\/https:\/\/fipmed.co\/wp-content\/uploads\/2022\/12\/18.jpg\"  loading=\"lazy\" decoding=\"async\" width=\"340\" height=\"240\" src=\"data:image/svg+xml,%3Csvg%20viewBox%3D%220%200%20340%20240%22%20width%3D%22340%22%20height%3D%22240%22%20xmlns%3D%22http%3A%2F%2Fwww.w3.org%2F2000%2Fsvg%22%3E%3Crect%20width%3D%22340%22%20height%3D%22240%22%20fill%3D%22transparent%22%2F%3E%3C%2Fsvg%3E\" class=\"attachment-post-thumbnail size-post-thumbnail wp-post-image\" alt=\"vitamins for cats\" \/><noscript><img data-opt-id=1309440420  loading=\"lazy\" decoding=\"async\" width=\"340\" height=\"240\" src=\"https:\/\/ml9txs9ouv9q.i.optimole.com\/w:340\/h:240\/q:mauto\/rt:fill\/g:ce\/f:best\/https:\/\/fipmed.co\/wp-content\/uploads\/2022\/12\/18.jpg\" class=\"attachment-post-thumbnail size-post-thumbnail wp-post-image\" alt=\"vitamins for cats\" \/></noscript><\/div><h2><a href=\"https:\/\/fipmed.co\/fr\/les-vitamines-b12-pour-les-chats-atteints-de-pif-sont-importantes-pour-la-guerison\/\">Les vitamines B12 pour les chats atteints de PIF sont importantes pour la gu\u00e9rison<\/a><\/h2><p>Lorsqu&rsquo;on s&rsquo;occupe d&rsquo;un chat atteint de p\u00e9ritonite infectieuse f\u00e9line (PIF), il ...<\/p><\/div><div class=\"pages-grid-post\"><div class=\"pages-grid-thumb\"><img data-opt-id=1145295304  data-opt-src=\"https:\/\/ml9txs9ouv9q.i.optimole.com\/w:340\/h:240\/q:mauto\/rt:fill\/g:ce\/f:best\/https:\/\/fipmed.co\/wp-content\/uploads\/2022\/12\/16.jpg\"  loading=\"lazy\" decoding=\"async\" width=\"340\" height=\"240\" src=\"data:image/svg+xml,%3Csvg%20viewBox%3D%220%200%20340%20240%22%20width%3D%22340%22%20height%3D%22240%22%20xmlns%3D%22http%3A%2F%2Fwww.w3.org%2F2000%2Fsvg%22%3E%3Crect%20width%3D%22340%22%20height%3D%22240%22%20fill%3D%22transparent%22%2F%3E%3C%2Fsvg%3E\" class=\"attachment-post-thumbnail size-post-thumbnail wp-post-image\" alt=\"\" \/><noscript><img data-opt-id=1145295304  loading=\"lazy\" decoding=\"async\" width=\"340\" height=\"240\" src=\"https:\/\/ml9txs9ouv9q.i.optimole.com\/w:340\/h:240\/q:mauto\/rt:fill\/g:ce\/f:best\/https:\/\/fipmed.co\/wp-content\/uploads\/2022\/12\/16.jpg\" class=\"attachment-post-thumbnail size-post-thumbnail wp-post-image\" alt=\"\" \/></noscript><\/div><h2><a href=\"https:\/\/fipmed.co\/fr\/types-de-pif-du-chat\/\">4 types de PIF du chat : PIF humide, PIF s\u00e8che, PIF oculaire et PIF neurologique<\/a><\/h2><p>La p\u00e9ritonite infectieuse f\u00e9line (PIF) est une maladie courante et mortelle pour les chats. En out...<\/p><\/div><div class=\"pages-grid-post\"><div class=\"pages-grid-thumb\"><img data-opt-id=839967258  data-opt-src=\"https:\/\/ml9txs9ouv9q.i.optimole.com\/w:340\/h:240\/q:mauto\/rt:fill\/g:ce\/f:best\/https:\/\/fipmed.co\/wp-content\/uploads\/2022\/12\/15.jpg\"  loading=\"lazy\" decoding=\"async\" width=\"340\" height=\"240\" src=\"data:image/svg+xml,%3Csvg%20viewBox%3D%220%200%20340%20240%22%20width%3D%22340%22%20height%3D%22240%22%20xmlns%3D%22http%3A%2F%2Fwww.w3.org%2F2000%2Fsvg%22%3E%3Crect%20width%3D%22340%22%20height%3D%22240%22%20fill%3D%22transparent%22%2F%3E%3C%2Fsvg%3E\" class=\"attachment-post-thumbnail size-post-thumbnail wp-post-image\" alt=\"\" \/><noscript><img data-opt-id=839967258  loading=\"lazy\" decoding=\"async\" width=\"340\" height=\"240\" src=\"https:\/\/ml9txs9ouv9q.i.optimole.com\/w:340\/h:240\/q:mauto\/rt:fill\/g:ce\/f:best\/https:\/\/fipmed.co\/wp-content\/uploads\/2022\/12\/15.jpg\" class=\"attachment-post-thumbnail size-post-thumbnail wp-post-image\" alt=\"\" \/></noscript><\/div><h2><a href=\"https:\/\/fipmed.co\/fr\/chat-sauve-de-la-pif-les-progres-de-la-medecine-pour-la-pif-sauvent-des-chats\/\">Chat sauv\u00e9 de la PIF: Les progr\u00e8s de la m\u00e9decine pour la PIF sauvent des chats<\/a><\/h2><p>Les progr\u00e8s de la m\u00e9decine ont permis de chat sauv\u00e9 de la PIF, mais le GS441524 reste la meilleur...<\/p><\/div><\/div><div class=\"pages-grid\"><div class=\"pages-grid-post\"><div class=\"pages-grid-thumb\"><img data-opt-id=988384800  data-opt-src=\"https:\/\/ml9txs9ouv9q.i.optimole.com\/w:340\/h:240\/q:mauto\/rt:fill\/g:ce\/f:best\/https:\/\/fipmed.co\/wp-content\/uploads\/2022\/12\/13.jpg\"  loading=\"lazy\" decoding=\"async\" width=\"340\" height=\"240\" src=\"data:image/svg+xml,%3Csvg%20viewBox%3D%220%200%20340%20240%22%20width%3D%22340%22%20height%3D%22240%22%20xmlns%3D%22http%3A%2F%2Fwww.w3.org%2F2000%2Fsvg%22%3E%3Crect%20width%3D%22340%22%20height%3D%22240%22%20fill%3D%22transparent%22%2F%3E%3C%2Fsvg%3E\" class=\"attachment-post-thumbnail size-post-thumbnail wp-post-image\" alt=\"cat fip\" \/><noscript><img data-opt-id=988384800  loading=\"lazy\" decoding=\"async\" width=\"340\" height=\"240\" src=\"https:\/\/ml9txs9ouv9q.i.optimole.com\/w:340\/h:240\/q:mauto\/rt:fill\/g:ce\/f:best\/https:\/\/fipmed.co\/wp-content\/uploads\/2022\/12\/13.jpg\" class=\"attachment-post-thumbnail size-post-thumbnail wp-post-image\" alt=\"cat fip\" \/></noscript><\/div><h2><a href=\"https:\/\/fipmed.co\/fr\/pif-du-chat-10-choses-a-faire-une-fois-que-votre-felin-est-diagnostique-comme-un-chat-fip\/\">PIF du chat : 10 choses \u00e0 faire d\u00e8s que votre chat est diagnostiqu\u00e9 comme \u00e9tant atteint de PIF du chat<\/a><\/h2><p>Cela peut \u00eatre d\u00e9concertant si vous venez d&rsquo;apprendre que votre chat est atteint de PIF. Si ...<\/p><\/div><div class=\"pages-grid-post\"><div class=\"pages-grid-thumb\"><img data-opt-id=1545105702  data-opt-src=\"https:\/\/ml9txs9ouv9q.i.optimole.com\/w:340\/h:240\/q:mauto\/rt:fill\/g:ce\/f:best\/https:\/\/fipmed.co\/wp-content\/uploads\/2022\/12\/12.jpg\"  loading=\"lazy\" decoding=\"async\" width=\"340\" height=\"240\" src=\"data:image/svg+xml,%3Csvg%20viewBox%3D%220%200%20340%20240%22%20width%3D%22340%22%20height%3D%22240%22%20xmlns%3D%22http%3A%2F%2Fwww.w3.org%2F2000%2Fsvg%22%3E%3Crect%20width%3D%22340%22%20height%3D%22240%22%20fill%3D%22transparent%22%2F%3E%3C%2Fsvg%3E\" class=\"attachment-post-thumbnail size-post-thumbnail wp-post-image\" alt=\"sintomi della fip\" \/><noscript><img data-opt-id=1545105702  loading=\"lazy\" decoding=\"async\" width=\"340\" height=\"240\" src=\"https:\/\/ml9txs9ouv9q.i.optimole.com\/w:340\/h:240\/q:mauto\/rt:fill\/g:ce\/f:best\/https:\/\/fipmed.co\/wp-content\/uploads\/2022\/12\/12.jpg\" class=\"attachment-post-thumbnail size-post-thumbnail wp-post-image\" alt=\"sintomi della fip\" \/></noscript><\/div><h2><a href=\"https:\/\/fipmed.co\/fr\/pif-chat-symptomes-signes-des-chats-infectes\/\">PIF chat sympt\u00f4mes: Signes des chats infect\u00e9s<\/a><\/h2><p>PIF Chat Sympt\u00f4mes Le coronavirus f\u00e9lin (FCoV) peut provoquer la p\u00e9ritonite infectieuse f\u00e9line (...<\/p><\/div><div class=\"pages-grid-post\"><div class=\"pages-grid-thumb\"><img data-opt-id=1416345956  data-opt-src=\"https:\/\/ml9txs9ouv9q.i.optimole.com\/w:340\/h:240\/q:mauto\/rt:fill\/g:ce\/f:best\/https:\/\/fipmed.co\/wp-content\/uploads\/2022\/12\/11.jpg\"  loading=\"lazy\" decoding=\"async\" width=\"340\" height=\"240\" src=\"data:image/svg+xml,%3Csvg%20viewBox%3D%220%200%20340%20240%22%20width%3D%22340%22%20height%3D%22240%22%20xmlns%3D%22http%3A%2F%2Fwww.w3.org%2F2000%2Fsvg%22%3E%3Crect%20width%3D%22340%22%20height%3D%22240%22%20fill%3D%22transparent%22%2F%3E%3C%2Fsvg%3E\" class=\"attachment-post-thumbnail size-post-thumbnail wp-post-image\" alt=\"\" \/><noscript><img data-opt-id=1416345956  loading=\"lazy\" decoding=\"async\" width=\"340\" height=\"240\" src=\"https:\/\/ml9txs9ouv9q.i.optimole.com\/w:340\/h:240\/q:mauto\/rt:fill\/g:ce\/f:best\/https:\/\/fipmed.co\/wp-content\/uploads\/2022\/12\/11.jpg\" class=\"attachment-post-thumbnail size-post-thumbnail wp-post-image\" alt=\"\" \/></noscript><\/div><h2><a href=\"https:\/\/fipmed.co\/fr\/supplements-nutritionnels-pour-les-chats-atteints-de-pif\/\">Suppl\u00e9ments nutritionnels pour les chats atteints de PIF<\/a><\/h2><p>Il est recommand\u00e9 de donner \u00e0 votre chat des vitamines et des suppl\u00e9ments pour que ses reins et s...<\/p><\/div><\/div><div class=\"pages-grid\"><div class=\"pages-grid-post\"><div class=\"pages-grid-thumb\"><img data-opt-id=1030769726  data-opt-src=\"https:\/\/ml9txs9ouv9q.i.optimole.com\/w:340\/h:240\/q:mauto\/rt:fill\/g:ce\/f:best\/https:\/\/fipmed.co\/wp-content\/uploads\/2022\/12\/10.jpg\"  loading=\"lazy\" decoding=\"async\" width=\"340\" height=\"240\" src=\"data:image/svg+xml,%3Csvg%20viewBox%3D%220%200%20340%20240%22%20width%3D%22340%22%20height%3D%22240%22%20xmlns%3D%22http%3A%2F%2Fwww.w3.org%2F2000%2Fsvg%22%3E%3Crect%20width%3D%22340%22%20height%3D%22240%22%20fill%3D%22transparent%22%2F%3E%3C%2Fsvg%3E\" class=\"attachment-post-thumbnail size-post-thumbnail wp-post-image\" alt=\"FIP Vaccine\" \/><noscript><img data-opt-id=1030769726  loading=\"lazy\" decoding=\"async\" width=\"340\" height=\"240\" src=\"https:\/\/ml9txs9ouv9q.i.optimole.com\/w:340\/h:240\/q:mauto\/rt:fill\/g:ce\/f:best\/https:\/\/fipmed.co\/wp-content\/uploads\/2022\/12\/10.jpg\" class=\"attachment-post-thumbnail size-post-thumbnail wp-post-image\" alt=\"FIP Vaccine\" \/></noscript><\/div><h2><a href=\"https:\/\/fipmed.co\/fr\/vaccin-pif-chat-et-autres-moyens-de-prevenir-la-pif-chez-les-chats\/\">Vaccin PIF chat et autres moyens de pr\u00e9venir la PIF chez les chats<\/a><\/h2><p>La p\u00e9ritonite infectieuse f\u00e9line (PIF) est un virus incurable et souvent mortel qui touche moins d...<\/p><\/div><div class=\"pages-grid-post\"><div class=\"pages-grid-thumb\"><img data-opt-id=27672458  data-opt-src=\"https:\/\/ml9txs9ouv9q.i.optimole.com\/w:340\/h:240\/q:mauto\/rt:fill\/g:ce\/f:best\/https:\/\/fipmed.co\/wp-content\/uploads\/2022\/12\/9.jpg\"  loading=\"lazy\" decoding=\"async\" width=\"340\" height=\"240\" src=\"data:image/svg+xml,%3Csvg%20viewBox%3D%220%200%20340%20240%22%20width%3D%22340%22%20height%3D%22240%22%20xmlns%3D%22http%3A%2F%2Fwww.w3.org%2F2000%2Fsvg%22%3E%3Crect%20width%3D%22340%22%20height%3D%22240%22%20fill%3D%22transparent%22%2F%3E%3C%2Fsvg%3E\" class=\"attachment-post-thumbnail size-post-thumbnail wp-post-image\" alt=\"fip treatments\" \/><noscript><img data-opt-id=27672458  loading=\"lazy\" decoding=\"async\" width=\"340\" height=\"240\" src=\"https:\/\/ml9txs9ouv9q.i.optimole.com\/w:340\/h:240\/q:mauto\/rt:fill\/g:ce\/f:best\/https:\/\/fipmed.co\/wp-content\/uploads\/2022\/12\/9.jpg\" class=\"attachment-post-thumbnail size-post-thumbnail wp-post-image\" alt=\"fip treatments\" \/></noscript><\/div><h2><a href=\"https:\/\/fipmed.co\/fr\/pif-chat-traitement-injections-contre-comprimes-ou-pilules-contre-la-pif\/\">PIF chat traitement: Injections contre comprim\u00e9s ou pilules contre la PIF<\/a><\/h2><p>Deux options s&rsquo;offrent \u00e0 vous lorsque vous choisissez le m\u00e9dicament antiviral GS-441524 pour...<\/p><\/div><div class=\"pages-grid-post\"><div class=\"pages-grid-thumb\"><img data-opt-id=1829205392  data-opt-src=\"https:\/\/ml9txs9ouv9q.i.optimole.com\/w:340\/h:240\/q:mauto\/rt:fill\/g:ce\/f:best\/https:\/\/fipmed.co\/wp-content\/uploads\/2022\/12\/8.jpg\"  loading=\"lazy\" decoding=\"async\" width=\"340\" height=\"240\" src=\"data:image/svg+xml,%3Csvg%20viewBox%3D%220%200%20340%20240%22%20width%3D%22340%22%20height%3D%22240%22%20xmlns%3D%22http%3A%2F%2Fwww.w3.org%2F2000%2Fsvg%22%3E%3Crect%20width%3D%22340%22%20height%3D%22240%22%20fill%3D%22transparent%22%2F%3E%3C%2Fsvg%3E\" class=\"attachment-post-thumbnail size-post-thumbnail wp-post-image\" alt=\"healthy cat weight\" \/><noscript><img data-opt-id=1829205392  loading=\"lazy\" decoding=\"async\" width=\"340\" height=\"240\" src=\"https:\/\/ml9txs9ouv9q.i.optimole.com\/w:340\/h:240\/q:mauto\/rt:fill\/g:ce\/f:best\/https:\/\/fipmed.co\/wp-content\/uploads\/2022\/12\/8.jpg\" class=\"attachment-post-thumbnail size-post-thumbnail wp-post-image\" alt=\"healthy cat weight\" \/></noscript><\/div><h2><a href=\"https:\/\/fipmed.co\/fr\/poids-du-chat-en-bonne-sante-et-autres-signes-d-un-chat-en-bonne-ou-mauvaise-sante\/\">Poids du chat en bonne sant\u00e9 et autres signes d&rsquo;un chat en bonne ou mauvaise sant\u00e9<\/a><\/h2><p>En plus de conna\u00eetre le poids du chat, d&rsquo;autres signes indiquant si votre chat est en mauvais...<\/p><\/div><\/div><div class=\"pages-grid\"><div class=\"pages-grid-post\"><div class=\"pages-grid-thumb\"><img data-opt-id=1224736368  data-opt-src=\"https:\/\/ml9txs9ouv9q.i.optimole.com\/w:340\/h:240\/q:mauto\/rt:fill\/g:ce\/f:best\/https:\/\/fipmed.co\/wp-content\/uploads\/2022\/12\/7.jpg\"  loading=\"lazy\" decoding=\"async\" width=\"340\" height=\"240\" src=\"data:image/svg+xml,%3Csvg%20viewBox%3D%220%200%20340%20240%22%20width%3D%22340%22%20height%3D%22240%22%20xmlns%3D%22http%3A%2F%2Fwww.w3.org%2F2000%2Fsvg%22%3E%3Crect%20width%3D%22340%22%20height%3D%22240%22%20fill%3D%22transparent%22%2F%3E%3C%2Fsvg%3E\" class=\"attachment-post-thumbnail size-post-thumbnail wp-post-image\" alt=\"la\" \/><noscript><img data-opt-id=1224736368  loading=\"lazy\" decoding=\"async\" width=\"340\" height=\"240\" src=\"https:\/\/ml9txs9ouv9q.i.optimole.com\/w:340\/h:240\/q:mauto\/rt:fill\/g:ce\/f:best\/https:\/\/fipmed.co\/wp-content\/uploads\/2022\/12\/7.jpg\" class=\"attachment-post-thumbnail size-post-thumbnail wp-post-image\" alt=\"la\" \/></noscript><\/div><h2><a href=\"https:\/\/fipmed.co\/fr\/que-se-passe-t-il-pendant-les-phases-finales-de-la-pif-chat\/\">Que se passe-t-il pendant les phases finales de la PIF chat?<\/a><\/h2><p>Le diagnostic de p\u00e9ritonite infectieuse f\u00e9line (PIF) chez les chats est souvent d\u00e9chirant pour le...<\/p><\/div><div class=\"pages-grid-post\"><div class=\"pages-grid-thumb\"><img data-opt-id=887609815  data-opt-src=\"https:\/\/ml9txs9ouv9q.i.optimole.com\/w:340\/h:240\/q:mauto\/rt:fill\/g:ce\/f:best\/https:\/\/fipmed.co\/wp-content\/uploads\/2022\/12\/1.jpg\"  loading=\"lazy\" decoding=\"async\" width=\"340\" height=\"240\" src=\"data:image/svg+xml,%3Csvg%20viewBox%3D%220%200%20340%20240%22%20width%3D%22340%22%20height%3D%22240%22%20xmlns%3D%22http%3A%2F%2Fwww.w3.org%2F2000%2Fsvg%22%3E%3Crect%20width%3D%22340%22%20height%3D%22240%22%20fill%3D%22transparent%22%2F%3E%3C%2Fsvg%3E\" class=\"attachment-post-thumbnail size-post-thumbnail wp-post-image\" alt=\"\" \/><noscript><img data-opt-id=887609815  loading=\"lazy\" decoding=\"async\" width=\"340\" height=\"240\" src=\"https:\/\/ml9txs9ouv9q.i.optimole.com\/w:340\/h:240\/q:mauto\/rt:fill\/g:ce\/f:best\/https:\/\/fipmed.co\/wp-content\/uploads\/2022\/12\/1.jpg\" class=\"attachment-post-thumbnail size-post-thumbnail wp-post-image\" alt=\"\" \/></noscript><\/div><h2><a href=\"https:\/\/fipmed.co\/fr\/liste-de-tous-les-test-pif-chat-pour-diagnostiquer-si-votre-chat-a-une-peritonite-infectieuse-feline\/\">Une liste compl\u00e8te de tous les test PIF chat pour diagnostiquer si votre chat est atteint de p\u00e9ritonite infectieuse f\u00e9line.<\/a><\/h2><p>Qu&rsquo;est-ce que le test PIF chat? Le test PIF chat est le processus de diagnostic de la p\u00e9riton...<\/p><\/div><div class=\"pages-grid-post\"><div class=\"pages-grid-thumb\"><img data-opt-id=1291403922  data-opt-src=\"https:\/\/ml9txs9ouv9q.i.optimole.com\/w:340\/h:240\/q:mauto\/rt:fill\/g:ce\/f:best\/https:\/\/fipmed.co\/wp-content\/uploads\/2022\/12\/2.jpg\"  loading=\"lazy\" decoding=\"async\" width=\"340\" height=\"240\" src=\"data:image/svg+xml,%3Csvg%20viewBox%3D%220%200%20340%20240%22%20width%3D%22340%22%20height%3D%22240%22%20xmlns%3D%22http%3A%2F%2Fwww.w3.org%2F2000%2Fsvg%22%3E%3Crect%20width%3D%22340%22%20height%3D%22240%22%20fill%3D%22transparent%22%2F%3E%3C%2Fsvg%3E\" class=\"attachment-post-thumbnail size-post-thumbnail wp-post-image\" alt=\"\" \/><noscript><img data-opt-id=1291403922  loading=\"lazy\" decoding=\"async\" width=\"340\" height=\"240\" src=\"https:\/\/ml9txs9ouv9q.i.optimole.com\/w:340\/h:240\/q:mauto\/rt:fill\/g:ce\/f:best\/https:\/\/fipmed.co\/wp-content\/uploads\/2022\/12\/2.jpg\" class=\"attachment-post-thumbnail size-post-thumbnail wp-post-image\" alt=\"\" \/></noscript><\/div><h2><a href=\"https:\/\/fipmed.co\/fr\/que-faire-en-cas-de-liquide-abdominal-de-chat-cause-par-une-pif-humide-chat-ou-effusive-pif\/\">Que faire en cas de liquide abdominal de chat caus\u00e9 par une PIF humide chat ou effusive PIF?<\/a><\/h2><p>Le lien entre la et le liquide abdominal de PIF humide chat La PIF provoque une accumulation de liqu...<\/p><\/div><\/div><div class=\"pages-grid\"><\/div><\/div><\/div>\n\t\t\t\t\t\t<\/div>\n\t\t\t\t<\/div>\n\t\t\t\t\t<\/div>\n\t\t<\/div>\n\t\t\t\t\t<\/div>\n\t\t<\/section>\n\t\t\t\t<\/div>\n\t\t","protected":false},"excerpt":{"rendered":"<p>La connaissance, c&rsquo;est le pouvoir. Lisez pour en informations sur le PIF. Nous esp\u00e9rons que les articles que nous avons r\u00e9dig\u00e9s vous seront utiles. Ils contiennent des informations sur le PIF qu&rsquo;il est bon de conna\u00eetre.<\/p>\n","protected":false},"author":1,"featured_media":0,"parent":0,"menu_order":0,"comment_status":"closed","ping_status":"closed","template":"elementor_header_footer","meta":{"_glsr_average":0,"_glsr_ranking":0,"_glsr_reviews":0,"footnotes":""},"categories":[],"tags":[],"_links":{"self":[{"href":"https:\/\/fipmed.co\/fr\/wp-json\/wp\/v2\/pages\/3909"}],"collection":[{"href":"https:\/\/fipmed.co\/fr\/wp-json\/wp\/v2\/pages"}],"about":[{"href":"https:\/\/fipmed.co\/fr\/wp-json\/wp\/v2\/types\/page"}],"author":[{"embeddable":true,"href":"https:\/\/fipmed.co\/fr\/wp-json\/wp\/v2\/users\/1"}],"replies":[{"embeddable":true,"href":"https:\/\/fipmed.co\/fr\/wp-json\/wp\/v2\/comments?post=3909"}],"version-history":[{"count":0,"href":"https:\/\/fipmed.co\/fr\/wp-json\/wp\/v2\/pages\/3909\/revisions"}],"wp:attachment":[{"href":"https:\/\/fipmed.co\/fr\/wp-json\/wp\/v2\/media?parent=3909"}],"wp:term":[{"taxonomy":"category","embeddable":true,"href":"https:\/\/fipmed.co\/fr\/wp-json\/wp\/v2\/categories?post=3909"},{"taxonomy":"post_tag","embeddable":true,"href":"https:\/\/fipmed.co\/fr\/wp-json\/wp\/v2\/tags?post=3909"}],"curies":[{"name":"wp","href":"https:\/\/api.w.org\/{rel}","templated":true}]}}