{"id":3983,"date":"2022-11-25T15:16:05","date_gmt":"2022-11-25T15:16:05","guid":{"rendered":"https:\/\/fipmed.co\/fip-relapse-policy\/"},"modified":"2023-05-13T03:40:16","modified_gmt":"2023-05-13T03:40:16","slug":"pif-rechute-politique-de-rechute-du-pif","status":"publish","type":"page","link":"https:\/\/fipmed.co\/fr\/pif-rechute-politique-de-rechute-du-pif\/","title":{"rendered":"PIF Rechute: Politique de rechute du PIF"},"content":{"rendered":"\t\t<div data-elementor-type=\"wp-page\" data-elementor-id=\"3983\" class=\"elementor elementor-3983 elementor-32\">\n\t\t\t\t\t\t<section class=\"elementor-section elementor-top-section elementor-element elementor-element-672f648 elementor-section-boxed elementor-section-height-default elementor-section-height-default\" data-id=\"672f648\" data-element_type=\"section\">\n\t\t\t\t\t\t<div class=\"elementor-container elementor-column-gap-default\">\n\t\t\t\t\t<div class=\"elementor-column elementor-col-100 elementor-top-column elementor-element elementor-element-6547255\" data-id=\"6547255\" data-element_type=\"column\">\n\t\t\t<div class=\"elementor-widget-wrap elementor-element-populated\">\n\t\t\t\t\t\t<div class=\"elementor-element elementor-element-e63edf4 elementor-widget elementor-widget-text-editor\" data-id=\"e63edf4\" data-element_type=\"widget\" data-widget_type=\"text-editor.default\">\n\t\t\t\t<div class=\"elementor-widget-container\">\n\t\t\t\t\t\t\t\t\t<p class=\"p1\"><span class=\"s1\">PIF Rechute<\/span><\/p><p class=\"p1\"><span class=\"s1\">Une rechute de la PIF survient chez environ 3 % des chats qui ont suivi le programme de traitement de la PIF de FipMed. \u00c0 ce titre, le programme de remboursement des rechutes de FipMed peut couvrir vos pr\u00e9occupations en cas de rechute.<\/span><\/p><p class=\"p1\"><span style=\"color: #000080;\"><strong><span class=\"s1\">Pour les chats qui ont termin\u00e9 84 jours de traitement en utilisant uniquement les injections ou les capsules orales FipMed FIP, il y a une r\u00e9duction de 50 % sur le traitement des rechutes si une rechute de la PIF se produit.<\/span><\/strong><\/span><\/p><p class=\"p1\"><span class=\"s1\">Les conditions requises pour b\u00e9n\u00e9ficier de ce programme sont les suivantes<\/span><\/p><p class=\"p1\"><span class=\"s1\">1. La rechute survient dans les 12 mois suivant la fin du traitement initial complet.<\/span><\/p><p class=\"p1\"><span class=\"s1\">2. Date de d\u00e9but et de fin du traitement de votre chat<\/span><\/p><p class=\"p1\"><span class=\"s1\">3. R\u00e9sultats d\u00e9finitifs des analyses de sang \u00e0 la fin du programme de traitement FipMed<\/span><\/p><p class=\"p1\"><span class=\"s1\">4. La quantit\u00e9 de flacons de traitement et de pilules achet\u00e9s pour le traitement initial \u00e9tait suffisante pour 84 jours.<\/span><\/p><p class=\"p1\"><span class=\"s1\" style=\"color: #000080;\"><b>Pour les chats qui n&rsquo;ont pas suivi 84 jours de traitement, mais qui ont utilis\u00e9 exclusivement des m\u00e9dicaments FipMed, il y a une r\u00e9duction de 50 % sur le traitement des rechutes si une rechute de la PIF se produit.<\/b><\/span><\/p><p class=\"p1\"><span class=\"s1\">De nombreux chats se remettent compl\u00e8tement des infections du PIF en 84 jours. Nous appr\u00e9cions votre d\u00e9cision et celle de votre v\u00e9t\u00e9rinaire d&rsquo;interrompre le programme de traitement de mani\u00e8re pr\u00e9coce dans ces circonstances. Nous accordons une remise de 50 % sur la th\u00e9rapie de rechute pour les chats qui rechutent dans les 6 mois suivant la fin du programme de traitement et qui n&rsquo;ont utilis\u00e9 que des produits FipMed.<\/span><\/p><p class=\"p1\"><span class=\"s1\">Les conditions requises pour b\u00e9n\u00e9ficier de ce programme sont les suivantes<\/span><\/p><p class=\"p1\"><span class=\"s1\">1. La rechute du PIF survient dans les 6 mois suivant la fin du traitement initial complet.<\/span><\/p><p class=\"p1\"><span class=\"s1\">2. Date de d\u00e9but et de fin du traitement de votre chat<\/span><\/p><p class=\"p1\"><span class=\"s1\">3. R\u00e9sultats finaux des tests sanguins \u00e0 la fin du programme de traitement FipMed.<\/span><\/p><p class=\"p1\"><span class=\"s1\">4. Pas de chirurgie invasive comme la st\u00e9rilisation ou la vaccination dans les 84 jours suivant le traitement FipMed. <\/span><\/p><p class=\"p1\"><span class=\"s1\">5. La quantit\u00e9 de flacons de traitement et de pilules achet\u00e9s pour le traitement initial \u00e9tait suffisante pour 45 jours.<\/span><\/p><p class=\"p1\"><span class=\"s1\">REMARQUE : Nous n&rsquo;accordons pas de concessions pour les chats qui ont termin\u00e9 notre programme de traitement sans avoir subi au pr\u00e9alable un test sanguin approfondi pour v\u00e9rifier si les param\u00e8tres critiques sont revenus \u00e0 la normale.<\/span><\/p>\t\t\t\t\t\t\t\t<\/div>\n\t\t\t\t<\/div>\n\t\t\t\t\t<\/div>\n\t\t<\/div>\n\t\t\t\t\t<\/div>\n\t\t<\/section>\n\t\t\t\t<\/div>\n\t\t","protected":false},"excerpt":{"rendered":"<p>PIF Rechute Une rechute de la PIF survient chez environ 3 % des chats qui ont suivi le programme de traitement de la PIF de FipMed. \u00c0 ce titre, le programme de remboursement des rechutes de FipMed peut couvrir vos pr\u00e9occupations en cas de rechute. Pour les chats qui ont termin\u00e9 84 jours de traitement [&hellip;]<\/p>\n","protected":false},"author":1,"featured_media":0,"parent":0,"menu_order":0,"comment_status":"closed","ping_status":"closed","template":"","meta":{"_glsr_average":0,"_glsr_ranking":0,"_glsr_reviews":0,"footnotes":""},"categories":[],"tags":[],"_links":{"self":[{"href":"https:\/\/fipmed.co\/fr\/wp-json\/wp\/v2\/pages\/3983"}],"collection":[{"href":"https:\/\/fipmed.co\/fr\/wp-json\/wp\/v2\/pages"}],"about":[{"href":"https:\/\/fipmed.co\/fr\/wp-json\/wp\/v2\/types\/page"}],"author":[{"embeddable":true,"href":"https:\/\/fipmed.co\/fr\/wp-json\/wp\/v2\/users\/1"}],"replies":[{"embeddable":true,"href":"https:\/\/fipmed.co\/fr\/wp-json\/wp\/v2\/comments?post=3983"}],"version-history":[{"count":0,"href":"https:\/\/fipmed.co\/fr\/wp-json\/wp\/v2\/pages\/3983\/revisions"}],"wp:attachment":[{"href":"https:\/\/fipmed.co\/fr\/wp-json\/wp\/v2\/media?parent=3983"}],"wp:term":[{"taxonomy":"category","embeddable":true,"href":"https:\/\/fipmed.co\/fr\/wp-json\/wp\/v2\/categories?post=3983"},{"taxonomy":"post_tag","embeddable":true,"href":"https:\/\/fipmed.co\/fr\/wp-json\/wp\/v2\/tags?post=3983"}],"curies":[{"name":"wp","href":"https:\/\/api.w.org\/{rel}","templated":true}]}}