{"id":7470,"date":"2023-05-08T07:39:24","date_gmt":"2023-05-08T07:39:24","guid":{"rendered":"https:\/\/fipmed.co\/nous-contacter\/"},"modified":"2024-02-17T07:01:35","modified_gmt":"2024-02-17T07:01:35","slug":"nous-contacter","status":"publish","type":"page","link":"https:\/\/fipmed.co\/fr\/nous-contacter\/","title":{"rendered":"Nous contacter"},"content":{"rendered":"\t\t<div data-elementor-type=\"wp-page\" data-elementor-id=\"7470\" class=\"elementor elementor-7470 elementor-7274\">\n\t\t\t\t\t\t<section class=\"elementor-section elementor-top-section elementor-element elementor-element-a0c711f elementor-section-boxed elementor-section-height-default elementor-section-height-default\" data-id=\"a0c711f\" data-element_type=\"section\">\n\t\t\t\t\t\t<div class=\"elementor-container elementor-column-gap-default\">\n\t\t\t\t\t<div class=\"elementor-column elementor-col-100 elementor-top-column elementor-element elementor-element-935b070\" data-id=\"935b070\" data-element_type=\"column\">\n\t\t\t<div class=\"elementor-widget-wrap elementor-element-populated\">\n\t\t\t\t\t\t<div class=\"elementor-element elementor-element-213ae02 elementor-widget elementor-widget-text-editor\" data-id=\"213ae02\" data-element_type=\"widget\" data-widget_type=\"text-editor.default\">\n\t\t\t\t<div class=\"elementor-widget-container\">\n\t\t\t\t\t\t\t\t\t<p class=\"p1\">\n<p class=\"p1\"><span class=\"s1\">Nous sommes l\u00e0 pour vous aider ! N&rsquo;h\u00e9sitez pas \u00e0 nous contacter. Si vous avez des questions, des pr\u00e9occupations ou des commentaires, n&rsquo;h\u00e9sitez pas \u00e0 nous contacter. Notre \u00e9quipe d&rsquo;assistance \u00e0 la client\u00e8le est pr\u00eate \u00e0 vous aider de toutes les mani\u00e8res possibles.<\/span><\/p>\n<p class=\"p1\"><strong><span class=\"s1\">Comment nous joindre<\/span><\/strong><\/p>\n<p class=\"p1\"><strong><span class=\"s1\">Courriel :<\/span><\/strong><\/p>\n<p class=\"p1\"><span class=\"s1\">N&rsquo;h\u00e9sitez pas \u00e0 nous envoyer un courriel \u00e0 support@fipmed.co. Nous nous effor\u00e7ons de r\u00e9pondre \u00e0 toutes les demandes dans un d\u00e9lai de deux heures, y compris les week-ends et les jours f\u00e9ri\u00e9s. Que vous ayez une question sur nos produits, un probl\u00e8me avec votre commande ou que vous ayez besoin d&rsquo;aide pour les retours, notre \u00e9quipe est l\u00e0 pour vous fournir une r\u00e9ponse rapide et utile.<\/span><\/p>\n<p class=\"p1\"><strong><span class=\"s1\">Chatbot en direct :<\/span><\/strong><\/p>\n<p class=\"p1\"><span class=\"s1\">Pour une assistance en temps r\u00e9el, nous proposons une fonction pratique de chat en direct sur notre site web. Recherchez l&rsquo;ic\u00f4ne de chat dans le coin inf\u00e9rieur droit de votre \u00e9cran et cliquez pour entamer une conversation avec notre chatbot, Clawdia. Que vous ayez besoin d&rsquo;aide pour naviguer sur notre site, que vous ayez des questions sur nos offres ou que vous ayez besoin d&rsquo;aide pendant le processus d&rsquo;achat, elle est l\u00e0 pour vous aider rapidement. Elle se fera un plaisir de r\u00e9pondre \u00e0 vos questions, de vous recommander des produits ou de vous aider \u00e0 r\u00e9soudre vos probl\u00e8mes.<\/span><\/p>\n<p class=\"p1\"><strong><span class=\"s1\">M\u00e9dias sociaux :<\/span><\/strong><\/p>\n<p class=\"p1\"><span class=\"s1\">Connectez-vous avec nous sur les m\u00e9dias sociaux. Nous sommes actifs sur Facebook. Suivez-nous pour rester inform\u00e9 des derniers lancements de produits, des promotions exclusives, et plus encore. N&rsquo;h\u00e9sitez pas \u00e0 nous contacter par le biais de messages directs ou en nous associant \u00e0 vos publications. Nous aimons recevoir des nouvelles de nos clients et nous engager aupr\u00e8s de notre communaut\u00e9.<\/span><\/p>\n<p class=\"p1\"><span class=\"s1\">Votre satisfaction est notre priorit\u00e9 absolue et nous nous engageons \u00e0 vous fournir un service client\u00e8le exceptionnel. Nous appr\u00e9cions votre retour d&rsquo;information et le temps que vous avez pris pour nous contacter. Nous nous effor\u00e7ons d&rsquo;am\u00e9liorer continuellement votre exp\u00e9rience, et votre contribution joue un r\u00f4le crucial dans ce processus.<\/span><\/p>\n<p class=\"p1\"><span class=\"s1\">Nous vous remercions d&rsquo;avoir choisi FipMed. Nous nous r\u00e9jouissons de pouvoir vous aider !<\/span><\/p>\n\t\t\t\t\t\t\t\t<\/div>\n\t\t\t\t<\/div>\n\t\t\t\t\t<\/div>\n\t\t<\/div>\n\t\t\t\t\t<\/div>\n\t\t<\/section>\n\t\t\t\t<\/div>\n\t\t","protected":false},"excerpt":{"rendered":"<p>Nous sommes l\u00e0 pour vous aider ! N&rsquo;h\u00e9sitez pas \u00e0 nous contacter. Si vous avez des questions, des pr\u00e9occupations ou des commentaires, n&rsquo;h\u00e9sitez pas \u00e0 nous contacter. Notre \u00e9quipe d&rsquo;assistance \u00e0 la client\u00e8le est pr\u00eate \u00e0 vous aider de toutes les mani\u00e8res possibles. Comment nous joindre Courriel : N&rsquo;h\u00e9sitez pas \u00e0 nous envoyer un courriel [&hellip;]<\/p>\n","protected":false},"author":1,"featured_media":0,"parent":0,"menu_order":0,"comment_status":"closed","ping_status":"closed","template":"","meta":{"_glsr_average":0,"_glsr_ranking":0,"_glsr_reviews":0,"footnotes":""},"categories":[],"tags":[],"_links":{"self":[{"href":"https:\/\/fipmed.co\/fr\/wp-json\/wp\/v2\/pages\/7470"}],"collection":[{"href":"https:\/\/fipmed.co\/fr\/wp-json\/wp\/v2\/pages"}],"about":[{"href":"https:\/\/fipmed.co\/fr\/wp-json\/wp\/v2\/types\/page"}],"author":[{"embeddable":true,"href":"https:\/\/fipmed.co\/fr\/wp-json\/wp\/v2\/users\/1"}],"replies":[{"embeddable":true,"href":"https:\/\/fipmed.co\/fr\/wp-json\/wp\/v2\/comments?post=7470"}],"version-history":[{"count":0,"href":"https:\/\/fipmed.co\/fr\/wp-json\/wp\/v2\/pages\/7470\/revisions"}],"wp:attachment":[{"href":"https:\/\/fipmed.co\/fr\/wp-json\/wp\/v2\/media?parent=7470"}],"wp:term":[{"taxonomy":"category","embeddable":true,"href":"https:\/\/fipmed.co\/fr\/wp-json\/wp\/v2\/categories?post=7470"},{"taxonomy":"post_tag","embeddable":true,"href":"https:\/\/fipmed.co\/fr\/wp-json\/wp\/v2\/tags?post=7470"}],"curies":[{"name":"wp","href":"https:\/\/api.w.org\/{rel}","templated":true}]}}