{"id":15726,"date":"2023-11-27T06:45:29","date_gmt":"2023-11-27T06:45:29","guid":{"rendered":"https:\/\/fipmed.co\/?post_type=product&#038;p=15726"},"modified":"2024-11-22T11:34:56","modified_gmt":"2024-11-22T11:34:56","slug":"la-feuille-de-route-complete-pour-vaincre-la-fip-du-diagnostic-au-recouvrement-livre","status":"publish","type":"product","link":"https:\/\/fipmed.co\/fr\/produit\/la-feuille-de-route-complete-pour-vaincre-la-fip-du-diagnostic-au-recouvrement-livre\/","title":{"rendered":"La feuille de route compl\u00e8te pour vaincre la PIF : du diagnostic \u00e0 la gu\u00e9rison EBOOK"},"content":{"rendered":"<p><span class=\"s1\">Un guide complet de 154 pages sur la PIF, du diagnostic \u00e0 la gu\u00e9rison. Tout ce que vous devez savoir sur la PIF se trouve ici. <\/span><\/p>\n<p>&nbsp;<\/p>\n<p><strong>Table des mati\u00e8res :<\/strong><\/p>\n<p>&nbsp;<\/p>\n<p><strong>QU&rsquo;EST-CE QUE LE PFI ?<\/strong><\/p>\n<p>Comment la PIF se d\u00e9veloppe-t-elle ?<\/p>\n<p>&nbsp;<\/p>\n<p><strong>LES CORONAVIRUS F\u00c9LINS<\/strong><\/p>\n<p>Le virus FCov<\/p>\n<p>FECV<\/p>\n<p>FIPV<\/p>\n<p>&nbsp;<\/p>\n<p><strong>COMMENT LES VIRUS SE TRANSMETTENT-ILS ?<\/strong><\/p>\n<p>Contact direct<\/p>\n<p>Contact indirect<\/p>\n<p>Voie f\u00e9cale-orale<\/p>\n<p>Gouttelettes respiratoires<\/p>\n<p>Infection d&rsquo;une chatte enceinte<\/p>\n<p>&nbsp;<\/p>\n<p><strong>FIP<\/strong> <strong>RISQUE<\/strong> <strong>FACTEURS DE RISQUE<\/strong><\/p>\n<p>L&rsquo;\u00e2ge<\/p>\n<p>Race<\/p>\n<p>Conditions de vie surpeupl\u00e9es<\/p>\n<p>G\u00e9n\u00e9tique<\/p>\n<p>Le stress<\/p>\n<p>\u00c9tat du syst\u00e8me immunitaire<\/p>\n<p>&nbsp;<\/p>\n<p><strong>QUELS SONT LES TESTS DE D\u00c9PISTAGE DU FIP F\u00c9LIN ?<\/strong><\/p>\n<p>Test d&rsquo;anticorps Test sanguin Tests sanguins indiquant la PIF Test d&rsquo;\u00e9panchement Rivalta Radiographie \u00c9chographie Biopsie et cytologie Test de selles<\/p>\n<p>&nbsp;<\/p>\n<p><strong>13 MALADIES QUI PEUVENT \u00caTRE CONFONDUES AVEC LA FIP<\/strong><\/p>\n<p>Toxoplasmose<\/p>\n<p>FELV<\/p>\n<p>FIV<\/p>\n<p>FPV<\/p>\n<p>Maladies inflammatoires de l&rsquo;intestin<\/p>\n<p>Cancer<\/p>\n<p>Mycoplasmose h\u00e9motrophe f\u00e9line<\/p>\n<p>Lymphome<\/p>\n<p>Probl\u00e8mes cardiaques<\/p>\n<p>Foie enflamm\u00e9<\/p>\n<p>P\u00e9ritonite bact\u00e9rienne<\/p>\n<p>Pleurite bact\u00e9rienne<\/p>\n<p>Cryptococcose<\/p>\n<p>&nbsp;<\/p>\n<p><strong>D\u00c9FIS ET LIMITES DU DIAGNOSTIC<\/strong><\/p>\n<p>Que faire si vous ne pouvez pas poser de diagnostic ?<\/p>\n<p>10 facteurs et param\u00e8tres pour savoir ce qu&rsquo;il faut traiter<\/p>\n<p>&nbsp;<\/p>\n<p><strong>COMORBIDIT\u00c9S COURANTES<\/strong><\/p>\n<p>Pourquoi la PIF s&rsquo;accompagne-t-elle souvent d&rsquo;autres maladies ?<\/p>\n<p>Pneumonie CKD<\/p>\n<p>FELV<\/p>\n<p>Cancer<\/p>\n<p>Maladies auto-immunes et PIF<\/p>\n<p>Infection bact\u00e9rienne et PIF<\/p>\n<p>FHV<\/p>\n<p>FIV<\/p>\n<p>La PIF pendant la grossesse<\/p>\n<p>&nbsp;<\/p>\n<p><strong>TYPES DE PIAF<\/strong><\/p>\n<p>PIF effusive ou humide PIF non effusive ou s\u00e8che<\/p>\n<p>PIF oculaire<\/p>\n<p>FIP neurologique<\/p>\n<p>&nbsp;<\/p>\n<p><strong>STADES DE LA PFI<\/strong><\/p>\n<p>Exposition initiale et incubation Vir\u00e9mie primaire Vir\u00e9mie secondaire PIF clinique L\u00e9sions organiques<\/p>\n<p>&nbsp;<\/p>\n<p><strong>SYMPT\u00d4MES EN FONCTION DES STADES DE LA FIP<\/strong><\/p>\n<p>Signes pr\u00e9coces de la PIF<\/p>\n<p>Sympt\u00f4mes de la PIF avanc\u00e9e<\/p>\n<p>&nbsp;<\/p>\n<p><strong>SYMPT\u00d4MES EN FONCTION DES TYPES DE FIP<\/strong><\/p>\n<p>Signes cliniques de la PIF s\u00e8che non effusive Signes cliniques de la PIF humide effusive Signes cliniques de la PIF oculaire Signes cliniques de la PIF neurologique<\/p>\n<p>&nbsp;<\/p>\n<p><strong>10 CHOSES IMPORTANTES \u00c0 FAIRE SI VOTRE CHAT EST DIAGNOSTIQU\u00c9 AVEC LE FIP<\/strong><\/p>\n<p>Se pr\u00e9parer et s&rsquo;\u00e9quiper de ces \u00e9l\u00e9ments Demander l&rsquo;avis d&rsquo;un v\u00e9t\u00e9rinaire expert Commencer le traitement avec GS441524 G\u00e9rer les sympt\u00f4mes et soulager la douleur Hydratation et gestion des fluides Soutien nutritionnel &#8211; r\u00e9gime et suppl\u00e9ments Cr\u00e9er un environnement confortable et propre Mettre en \u0153uvre des mesures d&rsquo;hygi\u00e8ne strictes Appliquer des protocoles d&rsquo;isolement pour les foyers \u00e0 plusieurs chats Surveiller l&rsquo;\u00e9tat de votre chat Limiter l&rsquo;exposition \u00e0 d&rsquo;autres chats<\/p>\n<p>&nbsp;<\/p>\n<p><strong>PROTOCOLE DE TRAITEMENT DU FIPMED<\/strong><\/p>\n<p>Comment d\u00e9terminer la posologie pour votre chat Prise en compte des ajustements Dur\u00e9e du traitement Diff\u00e9rence entre les injections et les comprim\u00e9s GS-441524 FIP Injections FIP Comprim\u00e9s GS-441524 Oral Traitement combin\u00e9<\/p>\n<p>&nbsp;<\/p>\n<p><strong>COMMENT ADMINISTRER LE GS441524<\/strong><\/p>\n<p>Injections sous-cutan\u00e9es GS441524 Conservation correcte des flacons d&rsquo;injection Seringues et aiguilles Tableau des calibres d&rsquo;aiguilles Pr\u00e9paration de la seringue Guide \u00e9tape par \u00e9tape pour l&rsquo;administration des injections Plaies dues aux injections Comment administrer des comprim\u00e9s ou des pilules<\/p>\n<p>&nbsp;<\/p>\n<p><strong>LE SUIVI DE L&rsquo;\u00c9VOLUTION DU TRAITEMENT<\/strong><\/p>\n<p>Traitement de la PIF et p\u00e9riode d&rsquo;observation Que devez-vous surveiller ? Que faire si votre chat ne va pas mieux Causes possibles<\/p>\n<p>&nbsp;<\/p>\n<p><strong>CE QU&rsquo;IL FAUT \u00c9VITER PENDANT LE TRAITEMENT<\/strong><\/p>\n<p>Immunosuppresseurs Antibiotiques M\u00e9dicaments pouvant avoir un impact sur le SNC Antidouleurs Lysine<\/p>\n<p>&nbsp;<\/p>\n<p><strong>CE QUI EST UTILE PENDANT LE TRAITEMENT<\/strong><\/p>\n<p>Gestion des \u00e9panchements<\/p>\n<p>Soins de soutien pour rendre le chat plus confortable<\/p>\n<p>Lutte contre les infections secondaires<\/p>\n<p>&nbsp;<\/p>\n<p><strong>AUTRES M\u00c9DICAMENTS OU PROC\u00c9DURES PENDANT LE TRAITEMENT PAR FIP<\/strong><\/p>\n<p>Vermifuges Traitements contre les puces et les tiques St\u00e9rilisation Vaccins R\u00e9duction de la fi\u00e8vre<\/p>\n<p>&nbsp;<\/p>\n<p><strong>FIP RELAPSE<\/strong><\/p>\n<p>Pourquoi une rechute du PIF se produit-elle ? Comment pr\u00e9venir une rechute du PIF ? Comment traiter une rechute si elle se produit ?<\/p>\n","protected":false},"excerpt":{"rendered":"<p class=\"p1\"><span class=\"s1\">Un guide complet de 154 pages sur la PIF, du diagnostic \u00e0 la gu\u00e9rison. Tout ce que vous devez savoir sur la PIF se trouve ici. <\/span><\/p>\n","protected":false},"featured_media":19798,"template":"","meta":{"_glsr_average":0,"_glsr_ranking":0,"_glsr_reviews":0},"product_cat":[645],"product_tag":[646,647],"_links":{"self":[{"href":"https:\/\/fipmed.co\/fr\/wp-json\/wp\/v2\/product\/15726"}],"collection":[{"href":"https:\/\/fipmed.co\/fr\/wp-json\/wp\/v2\/product"}],"about":[{"href":"https:\/\/fipmed.co\/fr\/wp-json\/wp\/v2\/types\/product"}],"wp:featuredmedia":[{"embeddable":true,"href":"https:\/\/fipmed.co\/fr\/wp-json\/wp\/v2\/media\/19798"}],"wp:attachment":[{"href":"https:\/\/fipmed.co\/fr\/wp-json\/wp\/v2\/media?parent=15726"}],"wp:term":[{"taxonomy":"product_cat","embeddable":true,"href":"https:\/\/fipmed.co\/fr\/wp-json\/wp\/v2\/product_cat?post=15726"},{"taxonomy":"product_tag","embeddable":true,"href":"https:\/\/fipmed.co\/fr\/wp-json\/wp\/v2\/product_tag?post=15726"}],"curies":[{"name":"wp","href":"https:\/\/api.w.org\/{rel}","templated":true}]}}