{"id":20666,"date":"2024-06-05T06:24:17","date_gmt":"2024-06-05T06:24:17","guid":{"rendered":"https:\/\/fipmed.co\/product\/3x-strips-fipmed-comprimes-x-10-jours-pour-5kg-chats\/"},"modified":"2024-11-06T10:58:50","modified_gmt":"2024-11-06T10:58:50","slug":"3x-strips-fipmed-comprimes-x-10-jours-pour-5kg-chats","status":"publish","type":"product","link":"https:\/\/fipmed.co\/fr\/produit\/3x-strips-fipmed-comprimes-x-10-jours-pour-5kg-chats\/","title":{"rendered":"3x Strips FipMed Tablets x 10 jours (pour les chats de 5kg)"},"content":{"rendered":"<p class=\"p1\"><span class=\"s1\">FipMed GS-441524 comprim\u00e9s est un traitement efficace de la p\u00e9ritonite infectieuse f\u00e9line (PIF).<\/span><\/p>\n<p class=\"p1\"><span class=\"s1\">Chaque comprim\u00e9 FipMed pour chat de 5 kg contient 75 mg de GS-441524.<br \/>\nIl est formul\u00e9 pour les chats ne pesant pas plus de 5 kg. <\/span><\/p>\n<p class=\"p1\"><span class=\"s1\">GS-441524 est m\u00e9taboliquement stable. Cependant, la quantit\u00e9 absorb\u00e9e ne sera pas enti\u00e8rement m\u00e9tabolis\u00e9e apr\u00e8s la digestion. La quantit\u00e9 m\u00e9tabolis\u00e9e estim\u00e9e est suffisante pour la PIF humide et la PIF s\u00e8che. Veuillez doubler la dose pour la PIF oculaire et la PIF neurologique. Prenez deux comprim\u00e9s au lieu d&rsquo;un.    <\/span><\/p>\n<p>&nbsp;<\/p>\n<p class=\"p1\"><span class=\"s1\">Les comprim\u00e9s et la posologie de FIPMed sont formul\u00e9s sur la base des recommandations du Dr Niels Pedersen. <\/span><\/p>\n<p>&nbsp;<\/p>\n<p><strong>Dosage de la PIF humide \/ s\u00e8che pour les comprim\u00e9s :<\/strong><\/p>\n<p>Comprim\u00e9 Contenu r\u00e9el GS441524 : 15mg\/kg Apr\u00e8s 60% de perte due \u00e0 la digestion et \u00e0 la m\u00e9tabolisation* : 6mg\/kg<\/p>\n<p><strong>Ocular \/ Neurological FIP Dosage for Tablets:<\/strong><\/p>\n<p>Comprim\u00e9 Contenu r\u00e9el GS441524 : 30mg\/kg Apr\u00e8s 60% de perte due \u00e0 la digestion et \u00e0 la m\u00e9tabolisation* : 12mg\/kg<\/p>\n<p>&nbsp;<\/p>\n<p>* On a \u00e9galement constat\u00e9 que l&rsquo;administration orale permettait d&rsquo;obtenir des concentrations sanguines, mais avec un certain retard et seulement \u00e0 environ 40 % des concentrations maximales obtenues par les voies sous-cutan\u00e9e et intraveineuse. Le GS-441424 est absorb\u00e9 par l&rsquo;intestin avec une efficacit\u00e9 d&rsquo;environ 50 % par rapport \u00e0 l&rsquo;administration sous-cutan\u00e9e ou intraveineuse. Compte tenu des limites d&rsquo;absorption du GS-441524 administr\u00e9 par voie orale, on peut s&rsquo;attendre \u00e0 ce que la dose orale soit environ deux fois sup\u00e9rieure \u00e0 la dose inject\u00e9e. (Niels Pedersen NC, 2018).   <\/p>\n<p><a href=\"https:\/\/www.vetmed.ucdavis.edu\/sites\/g\/files\/dgvnsk4586\/files\/inline-files\/Use%20of%20oral%20GS-441524%20for%20FIP%20treatmemt_0.pdf\" rel=\"nofollow noopener\" target=\"_blank\">https:\/\/www.vetmed.ucdavis.edu\/sites\/g\/files\/dgvnsk4586\/files\/inline-files\/Use%20of%20oral%20GS-441524%20for%20FIP%20treatmemt_0.pdf<\/a><\/p>\n<p>&nbsp;<\/p>\n<p class=\"p1\"><span class=\"s1\">Chaque bande contient 10 comprim\u00e9s oraux (10 jours de traitement).<\/span><\/p>\n","protected":false},"excerpt":{"rendered":"<p class=\"p1\"><span class=\"s1\">FipMed GS-441524 comprim\u00e9s est un traitement efficace de la p\u00e9ritonite infectieuse f\u00e9line (PIF).<\/span><\/p>\n<p class=\"p1\"><span class=\"s1\">Chaque comprim\u00e9 FipMed pour chat de 5 kg contient 75 mg de GS-441524.<br \/>\nIl est formul\u00e9 pour les chats ne pesant pas plus de 5 kg. <\/span><\/p>\n<p class=\"p1\"><span class=\"s1\">GS-441524 est m\u00e9taboliquement stable. Cependant, la quantit\u00e9 absorb\u00e9e ne sera pas enti\u00e8rement m\u00e9tabolis\u00e9e apr\u00e8s la digestion. La quantit\u00e9 m\u00e9tabolis\u00e9e estim\u00e9e est suffisante pour la PIF humide et la PIF s\u00e8che. Veuillez doubler la dose pour la PIF oculaire et la PIF neurologique. Prenez deux comprim\u00e9s au lieu d&rsquo;un.    <\/span><\/p>\n","protected":false},"featured_media":25165,"template":"","meta":{"_glsr_average":0,"_glsr_ranking":0,"_glsr_reviews":0},"product_cat":[383],"product_tag":[],"_links":{"self":[{"href":"https:\/\/fipmed.co\/fr\/wp-json\/wp\/v2\/product\/20666"}],"collection":[{"href":"https:\/\/fipmed.co\/fr\/wp-json\/wp\/v2\/product"}],"about":[{"href":"https:\/\/fipmed.co\/fr\/wp-json\/wp\/v2\/types\/product"}],"wp:featuredmedia":[{"embeddable":true,"href":"https:\/\/fipmed.co\/fr\/wp-json\/wp\/v2\/media\/25165"}],"wp:attachment":[{"href":"https:\/\/fipmed.co\/fr\/wp-json\/wp\/v2\/media?parent=20666"}],"wp:term":[{"taxonomy":"product_cat","embeddable":true,"href":"https:\/\/fipmed.co\/fr\/wp-json\/wp\/v2\/product_cat?post=20666"},{"taxonomy":"product_tag","embeddable":true,"href":"https:\/\/fipmed.co\/fr\/wp-json\/wp\/v2\/product_tag?post=20666"}],"curies":[{"name":"wp","href":"https:\/\/api.w.org\/{rel}","templated":true}]}}