{"id":27415,"date":"2024-12-19T13:19:45","date_gmt":"2024-12-19T13:19:45","guid":{"rendered":"https:\/\/fipmed.co\/product\/1x-bottle-fipmed-eidd2801-30x-capsules-for-5kg-cats\/"},"modified":"2024-12-20T09:05:35","modified_gmt":"2024-12-20T09:05:35","slug":"1x-bottle-fipmed-eidd2801-30x-capsules-for-5kg-cats","status":"publish","type":"product","link":"https:\/\/fipmed.co\/fr\/produit\/1x-bottle-fipmed-eidd2801-30x-capsules-for-5kg-cats\/","title":{"rendered":"FIPMed EIDD2801 30x Capsules (5kg chats) Haute toxicit\u00e9. Uniquement pour les chats r\u00e9sistants au GS441525."},"content":{"rendered":"<p>Nous proposons les g\u00e9lules FIPMed EIDD2801 aux chats qui ont d\u00e9velopp\u00e9 une r\u00e9sistance au GS441524 et qui ne sont plus efficaces. Dans ce cas, l&rsquo;EIDD2801 peut \u00eatre un dernier recours. Le molnupiravir (EIDD-2801) pr\u00e9sente une toxicit\u00e9 \u00e9lev\u00e9e, ce qui le rend inadapt\u00e9 \u00e0 l&rsquo;utilisation \u00e0 long terme requise dans le traitement du FIP. Une utilisation prolong\u00e9e peut entra\u00eener des mutations de l&rsquo;ARN, augmentant ainsi le risque de cancer. <\/p>\n<p>Le molnupiravir n&rsquo;est appropri\u00e9 que pour les traitements \u00e0 court terme comme le COVID-19, o\u00f9 un traitement de 5 jours n&rsquo;est pas assez long pour provoquer des effets mutag\u00e8nes nocifs.<\/p>\n<p><strong>Les chats atteints de PIF et trait\u00e9s au Molnupiravir ou \u00e0 l&rsquo;EIDD2801 pourraient avoir un risque accru de d\u00e9velopper un cancer dans les 3 ans \u00e0 venir. Il n&rsquo;est pas recommand\u00e9 de traiter la PIF avec l&rsquo;EIDD2801, en particulier pour les jeunes chats. <\/strong><\/p>\n<p>Il s&rsquo;agit uniquement d&rsquo;une alternative si votre chat ne r\u00e9pond plus au GS441524.<\/p>\n<p>Pourquoi le traitement de la PIF doit-il durer 84 jours ? Le virus du FIPV reste dans le corps du chat jusqu&rsquo;\u00e0 90 jours. Les antiviraux tels que le GS-441524, le Molnupiravir et le GC376 inhibent la r\u00e9plication du virus plut\u00f4t que de le tuer directement, de sorte que nous devons attendre que le virus meure naturellement. Il n&rsquo;existe actuellement aucun m\u00e9dicament sur le march\u00e9 capable de tuer le virus avec succ\u00e8s et de raccourcir la dur\u00e9e du traitement. &#8211; Mode d&#8217;emploi : 1 g\u00e9lule par jour &#8211; Chaque g\u00e9lule contient 100 mg de Molnupiravir (EIDD2801) pour des chats de 5 kg &#8211; Chaque flacon contient 30 g\u00e9lules.   <\/p>\n<p><strong>Comment rep\u00e9rer EIDD2801 vendu comme GS441524 ?<\/strong><\/p>\n<p><span style=\"font-size: 12pt;\">&#8211; Si le prix est nettement inf\u00e9rieur aux normes industrielles pour GS441524<\/span><\/p>\n<p><span style=\"font-size: 12pt;\">&#8211; S&rsquo;il est vendu sous forme de g\u00e9lules. Aucun fabricant ne produit le GS-441524 sous forme de g\u00e9lules. Mais tous les traitements EIDD2801 sont fabriqu\u00e9s sous forme de g\u00e9lules.  <\/span><\/p>\n<p><span style=\"font-size: 12pt;\">&#8211; Si la posologie ou la dur\u00e9e du traitement diff\u00e8re de la recommandation du Dr Niels Pedersen<\/span><\/p>\n","protected":false},"excerpt":{"rendered":"<p>Nous proposons les g\u00e9lules FIPMed EIDD2801 aux chats qui ont d\u00e9velopp\u00e9 une r\u00e9sistance au GS441524 et qui ne sont plus efficaces. Dans ce cas, l&rsquo;EIDD2801 peut \u00eatre un dernier recours. Le molnupiravir (EIDD-2801) pr\u00e9sente une toxicit\u00e9 \u00e9lev\u00e9e, ce qui le rend inadapt\u00e9 \u00e0 l&rsquo;utilisation \u00e0 long terme requise dans le traitement du FIP. Une utilisation prolong\u00e9e peut entra\u00eener des mutations de l&rsquo;ARN, augmentant ainsi le risque de cancer. <\/p>\n<p>Le molnupiravir n&rsquo;est appropri\u00e9 que pour les traitements \u00e0 court terme comme le COVID-19, o\u00f9 un traitement de 5 jours n&rsquo;est pas assez long pour provoquer des effets mutag\u00e8nes nocifs.<\/p>\n<p>Les chats atteints de PIF et trait\u00e9s au Molnupiravir ou \u00e0 l&rsquo;EIDD2801 pourraient avoir un risque accru de d\u00e9velopper un cancer dans les 3 ans \u00e0 venir. Il n&rsquo;est pas recommand\u00e9 de traiter la PIF avec l&rsquo;EIDD2801, en particulier pour les jeunes chats. <\/p>\n<p>Il s&rsquo;agit uniquement d&rsquo;une alternative si votre chat ne r\u00e9pond plus au GS441524.<\/p>\n<p>Pourquoi le traitement de la PIF doit-il durer 84 jours ? Le virus du FIPV reste dans le corps du chat jusqu&rsquo;\u00e0 90 jours. Les antiviraux tels que le GS-441524, le Molnupiravir et le GC376 inhibent la r\u00e9plication du virus plut\u00f4t que de le tuer directement, de sorte que nous devons attendre que le virus meure naturellement. Il n&rsquo;existe actuellement aucun m\u00e9dicament sur le march\u00e9 capable de tuer le virus avec succ\u00e8s et de raccourcir la dur\u00e9e du traitement. &#8211; Mode d&#8217;emploi : 1 g\u00e9lule par jour &#8211; Chaque g\u00e9lule contient 100 mg de Molnupiravir (EIDD2801) pour des chats de 5 kg &#8211; Chaque flacon contient 30 g\u00e9lules.   <\/p>\n","protected":false},"featured_media":27073,"template":"","meta":{"_glsr_average":0,"_glsr_ranking":0,"_glsr_reviews":0},"product_cat":[1141],"product_tag":[],"_links":{"self":[{"href":"https:\/\/fipmed.co\/fr\/wp-json\/wp\/v2\/product\/27415"}],"collection":[{"href":"https:\/\/fipmed.co\/fr\/wp-json\/wp\/v2\/product"}],"about":[{"href":"https:\/\/fipmed.co\/fr\/wp-json\/wp\/v2\/types\/product"}],"wp:featuredmedia":[{"embeddable":true,"href":"https:\/\/fipmed.co\/fr\/wp-json\/wp\/v2\/media\/27073"}],"wp:attachment":[{"href":"https:\/\/fipmed.co\/fr\/wp-json\/wp\/v2\/media?parent=27415"}],"wp:term":[{"taxonomy":"product_cat","embeddable":true,"href":"https:\/\/fipmed.co\/fr\/wp-json\/wp\/v2\/product_cat?post=27415"},{"taxonomy":"product_tag","embeddable":true,"href":"https:\/\/fipmed.co\/fr\/wp-json\/wp\/v2\/product_tag?post=27415"}],"curies":[{"name":"wp","href":"https:\/\/api.w.org\/{rel}","templated":true}]}}