{"id":5669,"date":"2022-11-30T16:39:01","date_gmt":"2022-11-30T16:39:01","guid":{"rendered":"https:\/\/fipmed.co\/product\/fipmed-tablets-40mg-10s\/"},"modified":"2025-05-12T09:27:24","modified_gmt":"2025-05-12T09:27:24","slug":"3x-bandes-fipmed-comprimes-40mg-10s","status":"publish","type":"product","link":"https:\/\/fipmed.co\/fr\/produit\/3x-bandes-fipmed-comprimes-40mg-10s\/","title":{"rendered":"3x bandes FipMed Comprim\u00e9s x 10 jours (pour les chats de 4kg)"},"content":{"rendered":"<p class=\"p1\"><span class=\"s1\">FipMed GS-441524 comprim\u00e9s est un traitement efficace de la p\u00e9ritonite infectieuse f\u00e9line (PIF).<\/span><\/p>\n<p class=\"p1\"><span class=\"s1\">Chaque comprim\u00e9 FipMed pour chat de 4 kg contient 60 mg de GS-441524. Il est formul\u00e9 pour les chats ne pesant pas plus de 4 kg.<\/span><\/p>\n<p class=\"p1\"><span class=\"s1\">GS-441524 est m\u00e9taboliquement stable. Cependant, la quantit\u00e9 absorb\u00e9e ne sera pas enti\u00e8rement m\u00e9tabolis\u00e9e apr\u00e8s la digestion. La quantit\u00e9 m\u00e9tabolis\u00e9e estim\u00e9e est suffisante pour les PIF humides et secs. Veuillez doubler la dose pour la PIF oculaire et la PIF neurologique. Prenez deux comprim\u00e9s au lieu d&rsquo;un.<\/span><\/p>\n<p>&nbsp;<\/p>\n<p class=\"p1\"><span class=\"s1\">Les comprim\u00e9s et la posologie de FIPMed sont formul\u00e9s sur la base des recommandations du Dr Niels Pedersen :<\/span><\/p>\n<p><strong>Wet \/ Dry FIP Dosage for Tablets:<\/strong><\/p>\n<p>Tablet Actual GS441524 Content: 15mg\/kg<\/p>\n<p>After 60% loss from digestion and metabolization*: 6mg\/kg<\/p>\n<p><strong>Ocular \/ Neurological FIP Dosage for Tablets:<\/strong><\/p>\n<p>Tablet Actual GS441524 Content: 30mg\/kg<\/p>\n<p>Apr\u00e8s 60 % de perte due \u00e0 la digestion et \u00e0 la m\u00e9tabolisation* : 12mg\/kg<\/p>\n<p>&nbsp;<\/p>\n<p>* On a \u00e9galement constat\u00e9 que l&rsquo;administration orale permettait d&rsquo;obtenir des concentrations sanguines, mais avec un certain retard et seulement \u00e0 environ 40 % des concentrations maximales obtenues par les voies sous-cutan\u00e9e et intraveineuse. Le GS-441424 est absorb\u00e9 par l&rsquo;intestin avec une efficacit\u00e9 d&rsquo;environ 50 % en cas d&rsquo;administration sous-cutan\u00e9e ou intraveineuse. Compte tenu des limites d&rsquo;absorption du GS-441524 par voie orale, on peut s&rsquo;attendre \u00e0 ce que la dose orale soit environ deux fois plus \u00e9lev\u00e9e que la dose injectable. (Niels Pedersen NC, 2018).<\/p>\n<p><a href=\"https:\/\/www.vetmed.ucdavis.edu\/sites\/g\/files\/dgvnsk4586\/files\/inline-files\/Use%20of%20oral%20GS-441524%20for%20FIP%20treatmemt_0.pdf\" rel=\"nofollow noopener\" target=\"_blank\">https:\/\/www.vetmed.ucdavis.edu\/sites\/g\/files\/dgvnsk4586\/files\/inline-files\/Use%20of%20oral%20GS-441524%20for%20FIP%20treatmemt_0.pdf<\/a><\/p>\n<p class=\"p1\"><span class=\"s1\">Chaque bande contient 10 comprim\u00e9s oraux (10 jours de traitement).<\/span><\/p>\n","protected":false},"excerpt":{"rendered":"<p class=\"p1\"><span class=\"s1\">FipMed GS-441524 comprim\u00e9s est un traitement efficace de la p\u00e9ritonite infectieuse f\u00e9line (PIF).<\/span><\/p>\n<p class=\"p1\"><span class=\"s1\">Chaque comprim\u00e9 FipMed pour chat de 4 kg contient 60 mg de GS-441524. Il est formul\u00e9 pour les chats ne pesant pas plus de 4 kg.<\/span><\/p>\n<p class=\"p1\"><span class=\"s1\">GS-441524 est m\u00e9taboliquement stable. Cependant, la quantit\u00e9 absorb\u00e9e ne sera pas enti\u00e8rement m\u00e9tabolis\u00e9e apr\u00e8s la digestion. La quantit\u00e9 m\u00e9tabolis\u00e9e estim\u00e9e est suffisante pour les PIF humides et secs. Veuillez doubler la dose pour la PIF oculaire et la PIF neurologique. Prenez deux comprim\u00e9s au lieu d&rsquo;un.<\/span><\/p>\n<p class=\"p1\"><span class=\"s1\">Chaque bande contient 10 comprim\u00e9s oraux (10 jours de traitement).<\/span><\/p>\n","protected":false},"featured_media":25119,"template":"","meta":{"_glsr_average":5,"_glsr_ranking":4.8125,"_glsr_reviews":70},"product_cat":[383],"product_tag":[],"_links":{"self":[{"href":"https:\/\/fipmed.co\/fr\/wp-json\/wp\/v2\/product\/5669"}],"collection":[{"href":"https:\/\/fipmed.co\/fr\/wp-json\/wp\/v2\/product"}],"about":[{"href":"https:\/\/fipmed.co\/fr\/wp-json\/wp\/v2\/types\/product"}],"wp:featuredmedia":[{"embeddable":true,"href":"https:\/\/fipmed.co\/fr\/wp-json\/wp\/v2\/media\/25119"}],"wp:attachment":[{"href":"https:\/\/fipmed.co\/fr\/wp-json\/wp\/v2\/media?parent=5669"}],"wp:term":[{"taxonomy":"product_cat","embeddable":true,"href":"https:\/\/fipmed.co\/fr\/wp-json\/wp\/v2\/product_cat?post=5669"},{"taxonomy":"product_tag","embeddable":true,"href":"https:\/\/fipmed.co\/fr\/wp-json\/wp\/v2\/product_tag?post=5669"}],"curies":[{"name":"wp","href":"https:\/\/api.w.org\/{rel}","templated":true}]}}